{"id":37,"date":"2020-08-20T11:06:57","date_gmt":"2020-08-20T08:06:57","guid":{"rendered":"https:\/\/blogit.gradia.fi\/mestaripolku\/?page_id=37"},"modified":"2022-11-18T11:44:51","modified_gmt":"2022-11-18T09:44:51","slug":"yhteystiedot","status":"publish","type":"page","link":"https:\/\/blogit.gradia.fi\/mestaripolku\/yhteystiedot\/","title":{"rendered":"Yhteystiedot"},"content":{"rendered":"\n<p>T\u00e4st\u00e4 n\u00e4et Mestaripolkua rakentamassa -hankkeen toimijoiden yhteystiedot. Ota yhteytt\u00e4!<\/p>\n\n\n\n<p><strong><a href=\"https:\/\/www.gradia.fi\/\" target=\"_blank\" rel=\"noreferrer noopener\">Jyv\u00e4skyl\u00e4n koulutuskuntayhtym\u00e4 Gradia<\/a><\/strong><br>Birgit H\u00e4rk\u00f6nen <br>projektip\u00e4\u00e4llikk\u00f6<br>040 341 5043<br>birgit.harkonen (at) gradia.fi<\/p>\n\n\n\n<p><strong><a href=\"https:\/\/www.turunakk.fi\/\" target=\"_blank\" rel=\"noreferrer noopener\">Turun Aikuiskoulutuskeskus<\/a><\/strong><br>Aija Huhtam\u00e4ki<br>projektip\u00e4\u00e4llikk\u00f6<br>040 517 8006<br>aija.huhtamaki (at) turunakk.fi<\/p>\n\n\n\n<p><strong><a href=\"http:\/\/www.ksmestarikilta.fi\/etusivu\" target=\"_blank\" rel=\"noreferrer noopener\">Keski-Suomen Mestarikilta<\/a><\/strong><br>Harri R\u00e4ty<br>Oltermanni<br>0500 548 882 <br>harriyjraty2 (at) luukku.com<\/p>\n\n\n\n<p><strong><a href=\"https:\/\/www.facebook.com\/Turun-Mestari-ja-Kis%C3%A4llikilta-397940600665825\/\" target=\"_blank\" rel=\"noreferrer noopener\">Turun Mestari- ja kis\u00e4llikilta<\/a><\/strong><br>Matti V\u00e4is\u00e4nen<br>Oltermanni<br>045 162 0122<br>matti.vaisanen75 (at) gmail.com<\/p>\n\n\n\n<p><strong><a href=\"https:\/\/www.yrittajat.fi\/mestarikiltaneuvosto\/a\/mestarikiltaneuvosto-528979\" target=\"_blank\" rel=\"noreferrer noopener\">Mestarikiltaneuvosto<\/a><\/strong><br>Pirjo Savolainen<br>Ylioltermanni<br>pirjo.savolainen (at) kolumbus.fi<\/p>\n","protected":false},"excerpt":{"rendered":"<p>T\u00e4st\u00e4 n\u00e4et Mestaripolkua rakentamassa -hankkeen toimijoiden yhteystiedot. Ota yhteytt\u00e4! Jyv\u00e4skyl\u00e4n koulutuskuntayhtym\u00e4 GradiaBirgit H\u00e4rk\u00f6nen projektip\u00e4\u00e4llikk\u00f6040 341 5043birgit.harkonen (at) gradia.fi Turun AikuiskoulutuskeskusAija Huhtam\u00e4kiprojektip\u00e4\u00e4llikk\u00f6040 517 8006aija.huhtamaki (at) turunakk.fi Keski-Suomen MestarikiltaHarri R\u00e4tyOltermanni0500 548 882 harriyjraty2 (at) luukku.com Turun Mestari- ja kis\u00e4llikiltaMatti V\u00e4is\u00e4nenOltermanni045 162 0122matti.vaisanen75 (at) gmail.com MestarikiltaneuvostoPirjo SavolainenYlioltermannipirjo.savolainen (at) kolumbus.fi<\/p>\n","protected":false},"author":152,"featured_media":0,"parent":0,"menu_order":7,"comment_status":"closed","ping_status":"closed","template":"","meta":{"_uag_custom_page_level_css":"","footnotes":""},"class_list":["post-37","page","type-page","status-publish","hentry"],"yoast_head":"<!-- This site is optimized with the Yoast SEO plugin v27.4 - https:\/\/yoast.com\/product\/yoast-seo-wordpress\/ -->\n<title>Yhteystiedot - Mestaripolkua rakentamassa<\/title>\n<meta name=\"description\" content=\"Mestaripolkua rakentamassa -hankkeen toimijoiden yhteystiedot. Ota yhteytt\u00e4!\" \/>\n<meta name=\"robots\" content=\"index, follow, max-snippet:-1, max-image-preview:large, max-video-preview:-1\" \/>\n<link rel=\"canonical\" href=\"https:\/\/blogit.gradia.fi\/mestaripolku\/yhteystiedot\/\" \/>\n<meta property=\"og:locale\" content=\"fi_FI\" \/>\n<meta property=\"og:type\" content=\"article\" \/>\n<meta property=\"og:title\" content=\"Yhteystiedot - Mestaripolkua rakentamassa\" \/>\n<meta property=\"og:description\" content=\"Mestaripolkua rakentamassa -hankkeen toimijoiden yhteystiedot. Ota yhteytt\u00e4!\" \/>\n<meta property=\"og:url\" content=\"https:\/\/blogit.gradia.fi\/mestaripolku\/yhteystiedot\/\" \/>\n<meta property=\"og:site_name\" content=\"Mestaripolkua rakentamassa\" \/>\n<meta property=\"article:modified_time\" content=\"2022-11-18T09:44:51+00:00\" \/>\n<meta name=\"twitter:card\" content=\"summary_large_image\" \/>\n<meta name=\"twitter:label1\" content=\"Arvioitu lukuaika\" \/>\n\t<meta name=\"twitter:data1\" content=\"1 minuutti\" \/>\n<script type=\"application\/ld+json\" class=\"yoast-schema-graph\">{\"@context\":\"https:\\\/\\\/schema.org\",\"@graph\":[{\"@type\":\"WebPage\",\"@id\":\"https:\\\/\\\/blogit.gradia.fi\\\/mestaripolku\\\/yhteystiedot\\\/\",\"url\":\"https:\\\/\\\/blogit.gradia.fi\\\/mestaripolku\\\/yhteystiedot\\\/\",\"name\":\"Yhteystiedot - Mestaripolkua rakentamassa\",\"isPartOf\":{\"@id\":\"https:\\\/\\\/blogit.gradia.fi\\\/mestaripolku\\\/#website\"},\"datePublished\":\"2020-08-20T08:06:57+00:00\",\"dateModified\":\"2022-11-18T09:44:51+00:00\",\"description\":\"Mestaripolkua rakentamassa -hankkeen toimijoiden yhteystiedot. Ota yhteytt\u00e4!\",\"breadcrumb\":{\"@id\":\"https:\\\/\\\/blogit.gradia.fi\\\/mestaripolku\\\/yhteystiedot\\\/#breadcrumb\"},\"inLanguage\":\"fi\",\"potentialAction\":[{\"@type\":\"ReadAction\",\"target\":[\"https:\\\/\\\/blogit.gradia.fi\\\/mestaripolku\\\/yhteystiedot\\\/\"]}]},{\"@type\":\"BreadcrumbList\",\"@id\":\"https:\\\/\\\/blogit.gradia.fi\\\/mestaripolku\\\/yhteystiedot\\\/#breadcrumb\",\"itemListElement\":[{\"@type\":\"ListItem\",\"position\":1,\"name\":\"Home\",\"item\":\"https:\\\/\\\/blogit.gradia.fi\\\/mestaripolku\\\/\"},{\"@type\":\"ListItem\",\"position\":2,\"name\":\"Yhteystiedot\"}]},{\"@type\":\"WebSite\",\"@id\":\"https:\\\/\\\/blogit.gradia.fi\\\/mestaripolku\\\/#website\",\"url\":\"https:\\\/\\\/blogit.gradia.fi\\\/mestaripolku\\\/\",\"name\":\"Mestaripolkua rakentamassa\",\"description\":\"\",\"potentialAction\":[{\"@type\":\"SearchAction\",\"target\":{\"@type\":\"EntryPoint\",\"urlTemplate\":\"https:\\\/\\\/blogit.gradia.fi\\\/mestaripolku\\\/?s={search_term_string}\"},\"query-input\":{\"@type\":\"PropertyValueSpecification\",\"valueRequired\":true,\"valueName\":\"search_term_string\"}}],\"inLanguage\":\"fi\"}]}<\/script>\n<!-- \/ Yoast SEO plugin. -->","yoast_head_json":{"title":"Yhteystiedot - Mestaripolkua rakentamassa","description":"Mestaripolkua rakentamassa -hankkeen toimijoiden yhteystiedot. Ota yhteytt\u00e4!","robots":{"index":"index","follow":"follow","max-snippet":"max-snippet:-1","max-image-preview":"max-image-preview:large","max-video-preview":"max-video-preview:-1"},"canonical":"https:\/\/blogit.gradia.fi\/mestaripolku\/yhteystiedot\/","og_locale":"fi_FI","og_type":"article","og_title":"Yhteystiedot - Mestaripolkua rakentamassa","og_description":"Mestaripolkua rakentamassa -hankkeen toimijoiden yhteystiedot. Ota yhteytt\u00e4!","og_url":"https:\/\/blogit.gradia.fi\/mestaripolku\/yhteystiedot\/","og_site_name":"Mestaripolkua rakentamassa","article_modified_time":"2022-11-18T09:44:51+00:00","twitter_card":"summary_large_image","twitter_misc":{"Arvioitu lukuaika":"1 minuutti"},"schema":{"@context":"https:\/\/schema.org","@graph":[{"@type":"WebPage","@id":"https:\/\/blogit.gradia.fi\/mestaripolku\/yhteystiedot\/","url":"https:\/\/blogit.gradia.fi\/mestaripolku\/yhteystiedot\/","name":"Yhteystiedot - Mestaripolkua rakentamassa","isPartOf":{"@id":"https:\/\/blogit.gradia.fi\/mestaripolku\/#website"},"datePublished":"2020-08-20T08:06:57+00:00","dateModified":"2022-11-18T09:44:51+00:00","description":"Mestaripolkua rakentamassa -hankkeen toimijoiden yhteystiedot. Ota yhteytt\u00e4!","breadcrumb":{"@id":"https:\/\/blogit.gradia.fi\/mestaripolku\/yhteystiedot\/#breadcrumb"},"inLanguage":"fi","potentialAction":[{"@type":"ReadAction","target":["https:\/\/blogit.gradia.fi\/mestaripolku\/yhteystiedot\/"]}]},{"@type":"BreadcrumbList","@id":"https:\/\/blogit.gradia.fi\/mestaripolku\/yhteystiedot\/#breadcrumb","itemListElement":[{"@type":"ListItem","position":1,"name":"Home","item":"https:\/\/blogit.gradia.fi\/mestaripolku\/"},{"@type":"ListItem","position":2,"name":"Yhteystiedot"}]},{"@type":"WebSite","@id":"https:\/\/blogit.gradia.fi\/mestaripolku\/#website","url":"https:\/\/blogit.gradia.fi\/mestaripolku\/","name":"Mestaripolkua rakentamassa","description":"","potentialAction":[{"@type":"SearchAction","target":{"@type":"EntryPoint","urlTemplate":"https:\/\/blogit.gradia.fi\/mestaripolku\/?s={search_term_string}"},"query-input":{"@type":"PropertyValueSpecification","valueRequired":true,"valueName":"search_term_string"}}],"inLanguage":"fi"}]}},"uagb_featured_image_src":{"full":false,"thumbnail":false,"medium":false,"medium_large":false,"large":false,"1536x1536":false,"2048x2048":false,"post-thumbnail":false},"uagb_author_info":{"display_name":"Anna Saari","author_link":"https:\/\/blogit.gradia.fi\/mestaripolku\/author\/palviann\/"},"uagb_comment_info":0,"uagb_excerpt":"T\u00e4st\u00e4 n\u00e4et Mestaripolkua rakentamassa -hankkeen toimijoiden yhteystiedot. Ota yhteytt\u00e4! Jyv\u00e4skyl\u00e4n koulutuskuntayhtym\u00e4 GradiaBirgit H\u00e4rk\u00f6nen projektip\u00e4\u00e4llikk\u00f6040 341 5043birgit.harkonen (at) gradia.fi Turun AikuiskoulutuskeskusAija Huhtam\u00e4kiprojektip\u00e4\u00e4llikk\u00f6040 517 8006aija.huhtamaki (at) turunakk.fi Keski-Suomen MestarikiltaHarri R\u00e4tyOltermanni0500 548 882 harriyjraty2 (at) luukku.com Turun Mestari- ja kis\u00e4llikiltaMatti V\u00e4is\u00e4nenOltermanni045 162 0122matti.vaisanen75 (at) gmail.com MestarikiltaneuvostoPirjo SavolainenYlioltermannipirjo.savolainen (at) kolumbus.fi","_links":{"self":[{"href":"https:\/\/blogit.gradia.fi\/mestaripolku\/wp-json\/wp\/v2\/pages\/37","targetHints":{"allow":["GET"]}}],"collection":[{"href":"https:\/\/blogit.gradia.fi\/mestaripolku\/wp-json\/wp\/v2\/pages"}],"about":[{"href":"https:\/\/blogit.gradia.fi\/mestaripolku\/wp-json\/wp\/v2\/types\/page"}],"author":[{"embeddable":true,"href":"https:\/\/blogit.gradia.fi\/mestaripolku\/wp-json\/wp\/v2\/users\/152"}],"replies":[{"embeddable":true,"href":"https:\/\/blogit.gradia.fi\/mestaripolku\/wp-json\/wp\/v2\/comments?post=37"}],"version-history":[{"count":6,"href":"https:\/\/blogit.gradia.fi\/mestaripolku\/wp-json\/wp\/v2\/pages\/37\/revisions"}],"predecessor-version":[{"id":546,"href":"https:\/\/blogit.gradia.fi\/mestaripolku\/wp-json\/wp\/v2\/pages\/37\/revisions\/546"}],"wp:attachment":[{"href":"https:\/\/blogit.gradia.fi\/mestaripolku\/wp-json\/wp\/v2\/media?parent=37"}],"curies":[{"name":"wp","href":"https:\/\/api.w.org\/{rel}","templated":true}]}}