{"id":35,"date":"2020-08-20T11:05:39","date_gmt":"2020-08-20T08:05:39","guid":{"rendered":"https:\/\/blogit.gradia.fi\/mestaripolku\/?page_id=35"},"modified":"2021-02-05T12:02:36","modified_gmt":"2021-02-05T10:02:36","slug":"opettajalle","status":"publish","type":"page","link":"https:\/\/blogit.gradia.fi\/mestaripolku\/opettajalle\/","title":{"rendered":"Opettajalle"},"content":{"rendered":"\n<p>Sin\u00e4 opettajana olet opas opiskelijalle ammatilliseen kehittymiseen. Perustutkintoa suorittavien opiskelijoiden tulisi tiet\u00e4\u00e4 ammatti- ja erikoisammattitutkinnoista viimeist\u00e4\u00e4n opintojensa loppuvaiheessa osana HOKS-keskustelua ja jatko-opintosuunnitelmia.<\/p>\n\n\n\n<h2 class=\"wp-block-heading\"><strong>Mestaripolku perustutkinnosta ammatti- ja erikoisammattitutkintoon<\/strong><\/h2>\n\n\n\n<p><strong><a href=\"https:\/\/blogit.gradia.fi\/mestaripolku\/\">Mestaripolun <\/a><\/strong>tavoitteena on lis\u00e4t\u00e4 ammatillisesta perustutkinnosta valmistuvien kiinnostusta hakeutua ammattitutkinto-opintoihin sek\u00e4 edist\u00e4\u00e4 siirtymist\u00e4 ty\u00f6el\u00e4m\u00e4st\u00e4 ammatti- tai erikoisammattitutkintokoulutukseen. Mestaripolulla opiskelijoita tukevat <a href=\"https:\/\/blogit.gradia.fi\/mestaripolku\/mestarikilloille\/\">Mestarikiltojen <\/a>ammattilaiset luoden monipuolisen osaajaverkoston yhdess\u00e4 oppilaitoksen kanssa.<\/p>\n\n\n\n<h2 class=\"wp-block-heading\">Ammattitutkinto<\/h2>\n\n\n\n<p><strong><em>Ammattitutkinto <\/em><\/strong>on viralliseen koulutusj\u00e4rjestelm\u00e4\u00e4n kuuluva ammatillinen tutkinto. Se sopii parhaiten osaajalle, jolla on jo oman alansa ty\u00f6kokemusta, osaamista ja halua kehitt\u00e4\u00e4 omaa osaamistaan.<\/p>\n\n\n\n<p>Ammattitutkinnon tarkoituksena on tarjota jo ty\u00f6el\u00e4m\u00e4ss\u00e4 toimiville mahdollisuus syvent\u00e4\u00e4 osaamistaan ja suorittaa oman alan tutkinto hy\u00f6dynt\u00e4en jo hankittua osaamista. <\/p>\n\n\n\n<p>Ammattitutkinnon suorittaneella on kokonaisn\u00e4kemys omasta alastaan sek\u00e4 omasta roolistaan vaativissa ty\u00f6teht\u00e4viss\u00e4.<\/p>\n\n\n\n<h2 class=\"wp-block-heading\">Erikoisammattitutkinto<\/h2>\n\n\n\n<p><strong><em>Erikoisammattitutkinto <\/em><\/strong>sopii pidemp\u00e4\u00e4n ty\u00f6el\u00e4m\u00e4ss\u00e4 toimineille oman alansa ammattilaisille ja edellytt\u00e4\u00e4 pidemp\u00e4\u00e4 ty\u00f6kokemusta alalta. Erikoisammattitutkinnosta valmistutaan alan vaativimpiin ty\u00f6teht\u00e4viin sek\u00e4 usein vastuullisiin esimies- tai asiantuntijateht\u00e4viin.<\/p>\n\n\n\n<p>Ammattitutkinnot ja erikoisammattitutkinnot muodostuvat pakollisista ja valinnaista ammatillista tutkinnon osista. <\/p>\n\n\n\n<p>Ammatti- ja erikoisammattitutkinto-opiskelijat voivat lis\u00e4ksi suorittaa yhteisi\u00e4 tutkinnon osia erillisin\u00e4 tutkinnon osina. Osaaminen osoitetaan n\u00e4ytt\u00e4m\u00e4ll\u00e4 se p\u00e4\u00e4s\u00e4\u00e4nt\u00f6isesti k\u00e4yt\u00e4nn\u00f6n ty\u00f6tilanteissa.<\/p>\n\n\n\n<h2 class=\"wp-block-heading\"><strong>Jatkuva haku<\/strong><\/h2>\n\n\n\n<p>Jatkuva haku tarkoittaa nimens\u00e4 mukaisesti jatkuvaa hakua toisen asteen ammatillisiin koulutuksiin. Jatkuvassa haussa voi hakea kuka tahansa, joka haluaa hankkia ammatillisen tutkinnon tai kehitt\u00e4\u00e4 ammatillista osaamistaan.<\/p>\n\n\n\n<p><strong>L\u00f6yd\u00e4t Gradian jatkuvan haun alkavat <a href=\"https:\/\/www.gradia.fi\/jatkuva-haku\" target=\"_blank\" rel=\"noreferrer noopener\">ammatti- ja erikoisammattitutkinnot<\/a> t\u00e4st\u00e4.<\/strong><\/p>\n\n\n\n<p><strong>L\u00f6yd\u00e4t Turun Aikuiskoulutuskeskuksen jatkuvan haun alkavat <a href=\"https:\/\/www.turunakk.fi\/koulutukset\/?takk_education_search=ammattitutkinto&amp;takk_education_type=\" target=\"_blank\" rel=\"noreferrer noopener\">ammatti- ja erikoisammattitutkinnot<\/a> t\u00e4st\u00e4.<\/strong><\/p>\n\n\n\n<h2 class=\"wp-block-heading\"><strong>Kaipaatko lis\u00e4\u00e4 tietoa?<\/strong><\/h2>\n\n\n\n<ul class=\"wp-block-list\"><li>Tietoa ammatillisesta opiskelusta:<ul><li><a href=\"https:\/\/www.gradia.fi\/oppimaan\" target=\"_blank\" rel=\"noreferrer noopener\">www.gradia.fi\/oppimaan<\/a><\/li><\/ul><ul><li><a href=\"https:\/\/www.turunakk.fi\/opiskelijalle\/haen-opiskelijaksi\" target=\"_blank\" rel=\"noreferrer noopener\">www.turunakk.fi\/opiskelijalle\/haen-opiskelijaksi<\/a><\/li><\/ul><\/li><li>Mik\u00e4 on ammatillinen tutkinto? <a href=\"https:\/\/www.tekoihin.fi\/wp-content\/uploads\/2017\/12\/web_ammatillinen_tutkinto_opas.pdf\" target=\"_blank\" rel=\"noreferrer noopener\">T\u00e4ss\u00e4 oppaassa<\/a> on kerrottu lyhyesti ja selke\u00e4ll\u00e4 kielell\u00e4, mit\u00e4 ammatillinen tutkinto tarkoittaa<\/li><li><a href=\"https:\/\/minedu.fi\/documents\/1410845\/15514014\/Suomen+koulutusjarjestelma\/8aa97891-0e44-b10d-7228-cf1c04c301d0\/Suomen+koulutusjarjestelma.pdf\" target=\"_blank\" rel=\"noreferrer noopener\">Suomalainen koulutusj\u00e4rjestelm\u00e4<\/a><\/li><li>Aikuisopiskelijan etuudet: <ul><li><a href=\"https:\/\/www.tyollisyysrahasto.fi\/aikuisopiskelijan-etuudet\/\"><\/a><a href=\"https:\/\/www.tyollisyysrahasto.fi\/aikuisopiskelijan-etuudet\/\" target=\"_blank\" rel=\"noreferrer noopener\">Aikuisopiskelijan etuudet<\/a> <\/li><li><a href=\"https:\/\/www.te-palvelut.fi\/te\/fi\/tyonhakijalle\/ammatinvalinta_koulutus\/omaehtoinen_opiskelu\/index.html\" target=\"_blank\" rel=\"noreferrer noopener\">Omaehtoinen opiskelu ty\u00f6tt\u00f6myysetuudella tuettun<\/a><a href=\"https:\/\/eur02.safelinks.protection.outlook.com\/?url=https%3A%2F%2Fwww.te-palvelut.fi%2Fte%2Ffi%2Ftyonhakijalle%2Fammatinvalinta_koulutus%2Fomaehtoinen_opiskelu%2Findex.html&amp;data=04%7C01%7Channele.haapoja%40turunakk.fi%7Caece5e74b5b84c91194b08d892c65d3c%7Cac80607343ba4c7da75185eb1945123a%7C1%7C1%7C637420728850732192%7CUnknown%7CTWFpbGZsb3d8eyJWIjoiMC4wLjAwMDAiLCJQIjoiV2luMzIiLCJBTiI6Ik1haWwiLCJXVCI6Mn0%3D%7C1000&amp;sdata=TkQIw0EZIy1R0DOglL08Md22K1rPC2Lu9gFszPUDnvQ%3D&amp;reserved=0\">a<\/a> <\/li><\/ul><ul><li><a href=\"https:\/\/eur02.safelinks.protection.outlook.com\/?url=https%3A%2F%2Fwww.kela.fi%2Fopintotuki&amp;data=04%7C01%7Channele.haapoja%40turunakk.fi%7Caece5e74b5b84c91194b08d892c65d3c%7Cac80607343ba4c7da75185eb1945123a%7C1%7C1%7C637420728850742186%7CUnknown%7CTWFpbGZsb3d8eyJWIjoiMC4wLjAwMDAiLCJQIjoiV2luMzIiLCJBTiI6Ik1haWwiLCJXVCI6Mn0%3D%7C1000&amp;sdata=2MjukP8r6X%2FBEjVdISH7F9uSjgo2f%2FzFWFasslOF8rc%3D&amp;reserved=0\" target=\"_blank\" rel=\"noreferrer noopener\">Opintotuki<\/a><\/li><li><a href=\"https:\/\/www.turunakk.fi\/hopso\/\" target=\"_blank\" rel=\"noreferrer noopener\">Helppo oppisopimus, Turun Aikuiskoulutuskeskus<\/a><\/li><\/ul><\/li><li><a href=\"http:\/\/www.ksmestarikilta.fi\" target=\"_blank\" rel=\"noreferrer noopener\">Keski-Suomen Mestarikilta<\/a> <\/li><li><a href=\"https:\/\/www.facebook.com\/Turun-Mestari-ja-Kis%C3%A4llikilta-397940600665825\" target=\"_blank\" rel=\"noreferrer noopener\">Turun Mestari- ja Kis\u00e4llikilta<\/a><\/li><li><a href=\"http:\/\/www.yrittajat.fi\/mestarikiltaneuvosto\/mestarituotteet\" target=\"_blank\" rel=\"noreferrer noopener\">Kis\u00e4lli- ja Mestarikirjat<\/a><\/li><\/ul>\n","protected":false},"excerpt":{"rendered":"<p>Sin\u00e4 opettajana olet opas opiskelijalle ammatilliseen kehittymiseen. Perustutkintoa suorittavien opiskelijoiden tulisi tiet\u00e4\u00e4 ammatti- ja erikoisammattitutkinnoista viimeist\u00e4\u00e4n opintojensa loppuvaiheessa osana HOKS-keskustelua ja jatko-opintosuunnitelmia. Mestaripolku perustutkinnosta ammatti- ja erikoisammattitutkintoon Mestaripolun tavoitteena on lis\u00e4t\u00e4 ammatillisesta perustutkinnosta valmistuvien kiinnostusta hakeutua ammattitutkinto-opintoihin sek\u00e4 edist\u00e4\u00e4 siirtymist\u00e4 ty\u00f6el\u00e4m\u00e4st\u00e4 ammatti- tai erikoisammattitutkintokoulutukseen. Mestaripolulla opiskelijoita tukevat Mestarikiltojen ammattilaiset luoden monipuolisen osaajaverkoston yhdess\u00e4 oppilaitoksen kanssa. &hellip; <a href=\"https:\/\/blogit.gradia.fi\/mestaripolku\/opettajalle\/\" class=\"more-link\">Jatka lukemista <span class=\"screen-reader-text\">Opettajalle<\/span> <span class=\"meta-nav\">&rarr;<\/span><\/a><\/p>\n","protected":false},"author":152,"featured_media":0,"parent":0,"menu_order":5,"comment_status":"closed","ping_status":"closed","template":"","meta":{"_uag_custom_page_level_css":"","footnotes":""},"class_list":["post-35","page","type-page","status-publish","hentry"],"yoast_head":"<!-- This site is optimized with the Yoast SEO plugin v27.4 - https:\/\/yoast.com\/product\/yoast-seo-wordpress\/ -->\n<title>Opettajalle - Mestaripolkua rakentamassa<\/title>\n<meta name=\"robots\" content=\"index, follow, max-snippet:-1, max-image-preview:large, max-video-preview:-1\" \/>\n<link rel=\"canonical\" href=\"https:\/\/blogit.gradia.fi\/mestaripolku\/opettajalle\/\" \/>\n<meta property=\"og:locale\" content=\"fi_FI\" \/>\n<meta property=\"og:type\" content=\"article\" \/>\n<meta property=\"og:title\" content=\"Opettajalle - Mestaripolkua rakentamassa\" \/>\n<meta property=\"og:description\" content=\"Sin\u00e4 opettajana olet opas opiskelijalle ammatilliseen kehittymiseen. Perustutkintoa suorittavien opiskelijoiden tulisi tiet\u00e4\u00e4 ammatti- ja erikoisammattitutkinnoista viimeist\u00e4\u00e4n opintojensa loppuvaiheessa osana HOKS-keskustelua ja jatko-opintosuunnitelmia. Mestaripolku perustutkinnosta ammatti- ja erikoisammattitutkintoon Mestaripolun tavoitteena on lis\u00e4t\u00e4 ammatillisesta perustutkinnosta valmistuvien kiinnostusta hakeutua ammattitutkinto-opintoihin sek\u00e4 edist\u00e4\u00e4 siirtymist\u00e4 ty\u00f6el\u00e4m\u00e4st\u00e4 ammatti- tai erikoisammattitutkintokoulutukseen. Mestaripolulla opiskelijoita tukevat Mestarikiltojen ammattilaiset luoden monipuolisen osaajaverkoston yhdess\u00e4 oppilaitoksen kanssa. &hellip; Jatka lukemista Opettajalle &rarr;\" \/>\n<meta property=\"og:url\" content=\"https:\/\/blogit.gradia.fi\/mestaripolku\/opettajalle\/\" \/>\n<meta property=\"og:site_name\" content=\"Mestaripolkua rakentamassa\" \/>\n<meta property=\"article:modified_time\" content=\"2021-02-05T10:02:36+00:00\" \/>\n<meta name=\"twitter:card\" content=\"summary_large_image\" \/>\n<meta name=\"twitter:label1\" content=\"Arvioitu lukuaika\" \/>\n\t<meta name=\"twitter:data1\" content=\"2 minuuttia\" \/>\n<script type=\"application\/ld+json\" class=\"yoast-schema-graph\">{\"@context\":\"https:\\\/\\\/schema.org\",\"@graph\":[{\"@type\":\"WebPage\",\"@id\":\"https:\\\/\\\/blogit.gradia.fi\\\/mestaripolku\\\/opettajalle\\\/\",\"url\":\"https:\\\/\\\/blogit.gradia.fi\\\/mestaripolku\\\/opettajalle\\\/\",\"name\":\"Opettajalle - Mestaripolkua rakentamassa\",\"isPartOf\":{\"@id\":\"https:\\\/\\\/blogit.gradia.fi\\\/mestaripolku\\\/#website\"},\"datePublished\":\"2020-08-20T08:05:39+00:00\",\"dateModified\":\"2021-02-05T10:02:36+00:00\",\"breadcrumb\":{\"@id\":\"https:\\\/\\\/blogit.gradia.fi\\\/mestaripolku\\\/opettajalle\\\/#breadcrumb\"},\"inLanguage\":\"fi\",\"potentialAction\":[{\"@type\":\"ReadAction\",\"target\":[\"https:\\\/\\\/blogit.gradia.fi\\\/mestaripolku\\\/opettajalle\\\/\"]}]},{\"@type\":\"BreadcrumbList\",\"@id\":\"https:\\\/\\\/blogit.gradia.fi\\\/mestaripolku\\\/opettajalle\\\/#breadcrumb\",\"itemListElement\":[{\"@type\":\"ListItem\",\"position\":1,\"name\":\"Home\",\"item\":\"https:\\\/\\\/blogit.gradia.fi\\\/mestaripolku\\\/\"},{\"@type\":\"ListItem\",\"position\":2,\"name\":\"Opettajalle\"}]},{\"@type\":\"WebSite\",\"@id\":\"https:\\\/\\\/blogit.gradia.fi\\\/mestaripolku\\\/#website\",\"url\":\"https:\\\/\\\/blogit.gradia.fi\\\/mestaripolku\\\/\",\"name\":\"Mestaripolkua rakentamassa\",\"description\":\"\",\"potentialAction\":[{\"@type\":\"SearchAction\",\"target\":{\"@type\":\"EntryPoint\",\"urlTemplate\":\"https:\\\/\\\/blogit.gradia.fi\\\/mestaripolku\\\/?s={search_term_string}\"},\"query-input\":{\"@type\":\"PropertyValueSpecification\",\"valueRequired\":true,\"valueName\":\"search_term_string\"}}],\"inLanguage\":\"fi\"}]}<\/script>\n<!-- \/ Yoast SEO plugin. -->","yoast_head_json":{"title":"Opettajalle - Mestaripolkua rakentamassa","robots":{"index":"index","follow":"follow","max-snippet":"max-snippet:-1","max-image-preview":"max-image-preview:large","max-video-preview":"max-video-preview:-1"},"canonical":"https:\/\/blogit.gradia.fi\/mestaripolku\/opettajalle\/","og_locale":"fi_FI","og_type":"article","og_title":"Opettajalle - Mestaripolkua rakentamassa","og_description":"Sin\u00e4 opettajana olet opas opiskelijalle ammatilliseen kehittymiseen. Perustutkintoa suorittavien opiskelijoiden tulisi tiet\u00e4\u00e4 ammatti- ja erikoisammattitutkinnoista viimeist\u00e4\u00e4n opintojensa loppuvaiheessa osana HOKS-keskustelua ja jatko-opintosuunnitelmia. Mestaripolku perustutkinnosta ammatti- ja erikoisammattitutkintoon Mestaripolun tavoitteena on lis\u00e4t\u00e4 ammatillisesta perustutkinnosta valmistuvien kiinnostusta hakeutua ammattitutkinto-opintoihin sek\u00e4 edist\u00e4\u00e4 siirtymist\u00e4 ty\u00f6el\u00e4m\u00e4st\u00e4 ammatti- tai erikoisammattitutkintokoulutukseen. Mestaripolulla opiskelijoita tukevat Mestarikiltojen ammattilaiset luoden monipuolisen osaajaverkoston yhdess\u00e4 oppilaitoksen kanssa. &hellip; Jatka lukemista Opettajalle &rarr;","og_url":"https:\/\/blogit.gradia.fi\/mestaripolku\/opettajalle\/","og_site_name":"Mestaripolkua rakentamassa","article_modified_time":"2021-02-05T10:02:36+00:00","twitter_card":"summary_large_image","twitter_misc":{"Arvioitu lukuaika":"2 minuuttia"},"schema":{"@context":"https:\/\/schema.org","@graph":[{"@type":"WebPage","@id":"https:\/\/blogit.gradia.fi\/mestaripolku\/opettajalle\/","url":"https:\/\/blogit.gradia.fi\/mestaripolku\/opettajalle\/","name":"Opettajalle - Mestaripolkua rakentamassa","isPartOf":{"@id":"https:\/\/blogit.gradia.fi\/mestaripolku\/#website"},"datePublished":"2020-08-20T08:05:39+00:00","dateModified":"2021-02-05T10:02:36+00:00","breadcrumb":{"@id":"https:\/\/blogit.gradia.fi\/mestaripolku\/opettajalle\/#breadcrumb"},"inLanguage":"fi","potentialAction":[{"@type":"ReadAction","target":["https:\/\/blogit.gradia.fi\/mestaripolku\/opettajalle\/"]}]},{"@type":"BreadcrumbList","@id":"https:\/\/blogit.gradia.fi\/mestaripolku\/opettajalle\/#breadcrumb","itemListElement":[{"@type":"ListItem","position":1,"name":"Home","item":"https:\/\/blogit.gradia.fi\/mestaripolku\/"},{"@type":"ListItem","position":2,"name":"Opettajalle"}]},{"@type":"WebSite","@id":"https:\/\/blogit.gradia.fi\/mestaripolku\/#website","url":"https:\/\/blogit.gradia.fi\/mestaripolku\/","name":"Mestaripolkua rakentamassa","description":"","potentialAction":[{"@type":"SearchAction","target":{"@type":"EntryPoint","urlTemplate":"https:\/\/blogit.gradia.fi\/mestaripolku\/?s={search_term_string}"},"query-input":{"@type":"PropertyValueSpecification","valueRequired":true,"valueName":"search_term_string"}}],"inLanguage":"fi"}]}},"uagb_featured_image_src":{"full":false,"thumbnail":false,"medium":false,"medium_large":false,"large":false,"1536x1536":false,"2048x2048":false,"post-thumbnail":false},"uagb_author_info":{"display_name":"Anna Saari","author_link":"https:\/\/blogit.gradia.fi\/mestaripolku\/author\/palviann\/"},"uagb_comment_info":0,"uagb_excerpt":"Sin\u00e4 opettajana olet opas opiskelijalle ammatilliseen kehittymiseen. Perustutkintoa suorittavien opiskelijoiden tulisi tiet\u00e4\u00e4 ammatti- ja erikoisammattitutkinnoista viimeist\u00e4\u00e4n opintojensa loppuvaiheessa osana HOKS-keskustelua ja jatko-opintosuunnitelmia. Mestaripolku perustutkinnosta ammatti- ja erikoisammattitutkintoon Mestaripolun tavoitteena on lis\u00e4t\u00e4 ammatillisesta perustutkinnosta valmistuvien kiinnostusta hakeutua ammattitutkinto-opintoihin sek\u00e4 edist\u00e4\u00e4 siirtymist\u00e4 ty\u00f6el\u00e4m\u00e4st\u00e4 ammatti- tai erikoisammattitutkintokoulutukseen. Mestaripolulla opiskelijoita tukevat Mestarikiltojen ammattilaiset luoden monipuolisen osaajaverkoston yhdess\u00e4 oppilaitoksen kanssa.&hellip;","_links":{"self":[{"href":"https:\/\/blogit.gradia.fi\/mestaripolku\/wp-json\/wp\/v2\/pages\/35","targetHints":{"allow":["GET"]}}],"collection":[{"href":"https:\/\/blogit.gradia.fi\/mestaripolku\/wp-json\/wp\/v2\/pages"}],"about":[{"href":"https:\/\/blogit.gradia.fi\/mestaripolku\/wp-json\/wp\/v2\/types\/page"}],"author":[{"embeddable":true,"href":"https:\/\/blogit.gradia.fi\/mestaripolku\/wp-json\/wp\/v2\/users\/152"}],"replies":[{"embeddable":true,"href":"https:\/\/blogit.gradia.fi\/mestaripolku\/wp-json\/wp\/v2\/comments?post=35"}],"version-history":[{"count":11,"href":"https:\/\/blogit.gradia.fi\/mestaripolku\/wp-json\/wp\/v2\/pages\/35\/revisions"}],"predecessor-version":[{"id":413,"href":"https:\/\/blogit.gradia.fi\/mestaripolku\/wp-json\/wp\/v2\/pages\/35\/revisions\/413"}],"wp:attachment":[{"href":"https:\/\/blogit.gradia.fi\/mestaripolku\/wp-json\/wp\/v2\/media?parent=35"}],"curies":[{"name":"wp","href":"https:\/\/api.w.org\/{rel}","templated":true}]}}