{"id":333,"date":"2021-02-04T13:08:11","date_gmt":"2021-02-04T11:08:11","guid":{"rendered":"https:\/\/blogit.gradia.fi\/mestaripolku\/?page_id=333"},"modified":"2021-02-04T17:31:42","modified_gmt":"2021-02-04T15:31:42","slug":"hae-jatkuvan-haun-kautta","status":"publish","type":"page","link":"https:\/\/blogit.gradia.fi\/mestaripolku\/hae-jatkuvan-haun-kautta\/","title":{"rendered":"Hae jatkuvan haun kautta"},"content":{"rendered":"\n<p>Jatkuva haku tarkoittaa nimens\u00e4 mukaisesti jatkuvaa hakua toisen asteen ammatillisiin koulutuksiin&nbsp;ymp\u00e4ri vuoden.&nbsp;Jatkuvassa haussa voi hakea kuka tahansa, joka haluaa hankkia ammatillisen tutkinnon tai kehitt\u00e4\u00e4 ammatillista osaamistaan.&nbsp;Koulutukseen&nbsp;kannattaa hakeutua jatkuvan haun kautta erityisesti, jos:&nbsp;<\/p>\n\n\n\n<ul class=\"wp-block-list\"><li>olet jo aiemmin suorittanut toisen asteen tutkinnon tai korkeakoulututkinnon&nbsp;<\/li><li>sinulla on ty\u00f6el\u00e4m\u00e4ss\u00e4 hankittua osaamista&nbsp;<\/li><li>haluat suorittaa ammatillisen perustutkinnon, ammatti- tai erikoisammattitutkinnon tai niiden osia&nbsp;<\/li><li>haluat suorittaa ammatillisen tutkinnon oppisopimuskoulutuksena&nbsp;<\/li><li>et saanut opiskelupaikkaa yhteishaussa&nbsp;<\/li><\/ul>\n\n\n\n<p>Saat tietoa tarkemmista hakuajoista, hakumenettelyist\u00e4 ja valintaperusteista oppilaitoksista tai koulutusten kuvauksista.&nbsp;Yhten\u00e4isi\u00e4 valtakunnallisia valintaperusteita ei ole. Oppilaitokset voivat j\u00e4rjest\u00e4\u00e4 p\u00e4\u00e4sy- tai soveltuvuuskokeita.&nbsp;&nbsp;<\/p>\n\n\n\n<h2 class=\"wp-block-heading\"><strong>Hae&nbsp;Gradiaan&nbsp;jatkuvan haun kautta<\/strong><\/h2>\n\n\n\n<p>Jatkuvan haun kautta voit hakeutua&nbsp;Gradiaan&nbsp;joustavasti ymp\u00e4ri vuoden.&nbsp;Hakuajat vaihtelevat&nbsp;koulutuksittain.<a href=\"https:\/\/www.gradia.fi\/jatkuva-haku\" target=\"_blank\" rel=\"noreferrer noopener\">T\u00e4lt\u00e4 sivulta l\u00f6yd\u00e4t kootusti tietoa<\/a>&nbsp;tarjolla olevista koulutuksista sek\u00e4 jatkuvan haun k\u00e4yt\u00e4nteist\u00e4.&nbsp;Etsi sinua kiinnostava koulutus ja tarkista, milloin voit hakea. Kun haku koulutukseen on auki, l\u00f6yd\u00e4t \u201dHae koulutukseen\u201d&nbsp;-linkin sivun alareunasta.&nbsp;&nbsp;Saat tietoa, neuvoa ja ohjausta <a href=\"https:\/\/www.gradia.fi\/ohjausta-hakijoille\" target=\"_blank\" rel=\"noreferrer noopener\">Gradian Hakupalveluista<\/a>.<\/p>\n\n\n\n<p><strong>Gradian\u00a0jatkuvan haun\u00a0alkavat koulutukset:\u00a0<a href=\"https:\/\/www.gradia.fi\/jatkuva-haku\" target=\"_blank\" rel=\"noreferrer noopener\">ammatti- ja erikoisammattitutkinnot<\/a><\/strong>\u00a0\u00a0<\/p>\n\n\n\n<figure class=\"wp-block-embed is-type-video is-provider-youtube wp-block-embed-youtube wp-embed-aspect-16-9 wp-has-aspect-ratio\"><div class=\"wp-block-embed__wrapper\">\n<iframe loading=\"lazy\" title=\"Astetta enemm\u00e4n mahdollisuuksia: jatkuva haku Gradiaan\" width=\"604\" height=\"340\" src=\"https:\/\/www.youtube.com\/embed\/E9YNFvfBZKU?feature=oembed\" frameborder=\"0\" allow=\"accelerometer; autoplay; clipboard-write; encrypted-media; gyroscope; picture-in-picture; web-share\" referrerpolicy=\"strict-origin-when-cross-origin\" allowfullscreen><\/iframe>\n<\/div><\/figure>\n\n\n\n<h2 class=\"wp-block-heading\"><strong>Hae Turun&nbsp;Aikuiskoulutuskeskukseen jatkuvan haun kautta<\/strong>&nbsp;<\/h2>\n\n\n\n<p>Turun&nbsp;Aikuiskoulutuskeskuksessa&nbsp;opiskelet joustavasti ja k\u00e4yt\u00e4nn\u00f6nl\u00e4heisesti oma el\u00e4m\u00e4ntilanteesi huomioiden. Saat ohjausta ja tukea jo ennen opintojen aloittamista sek\u00e4 niiden aikana <a href=\"https:\/\/www.turunakk.fi\/opiskelijalle\/opo\/\" target=\"_blank\" rel=\"noreferrer noopener\">Turun AKK:n ohjaus- ja hakupalveluista<\/a>.&nbsp;Voit siis hakeutua koulutukseen milloin tahansa ja opinnot aloitetaan henkil\u00f6kohtaisen suunnitelman ja aikataulun mukaan.&nbsp;<\/p>\n\n\n\n<p><strong>Turun\u00a0Aikuiskoulutuskeskuksen\u00a0jatkuvan haun\u00a0alkavat\u00a0koulutukset:\u00a0<a href=\"https:\/\/www.turunakk.fi\/koulutukset\/?takk_education_search=ammattitutkinto&amp;takk_education_type=\" target=\"_blank\" rel=\"noreferrer noopener\">ammatti- ja erikoisammattitutkinnot<\/a>\u00a0<\/strong><\/p>\n\n\n\n<figure class=\"wp-block-embed is-type-video is-provider-youtube wp-block-embed-youtube wp-embed-aspect-4-3 wp-has-aspect-ratio\"><div class=\"wp-block-embed__wrapper\">\n<iframe loading=\"lazy\" title=\"Koulutus vie aina eteenp\u00e4in!\" width=\"604\" height=\"453\" src=\"https:\/\/www.youtube.com\/embed\/mEKdmM6_RcY?feature=oembed\" frameborder=\"0\" allow=\"accelerometer; autoplay; clipboard-write; encrypted-media; gyroscope; picture-in-picture; web-share\" referrerpolicy=\"strict-origin-when-cross-origin\" allowfullscreen><\/iframe>\n<\/div><\/figure>\n","protected":false},"excerpt":{"rendered":"<p>Jatkuva haku tarkoittaa nimens\u00e4 mukaisesti jatkuvaa hakua toisen asteen ammatillisiin koulutuksiin&nbsp;ymp\u00e4ri vuoden.&nbsp;Jatkuvassa haussa voi hakea kuka tahansa, joka haluaa hankkia ammatillisen tutkinnon tai kehitt\u00e4\u00e4 ammatillista osaamistaan.&nbsp;Koulutukseen&nbsp;kannattaa hakeutua jatkuvan haun kautta erityisesti, jos:&nbsp; olet jo aiemmin suorittanut toisen asteen tutkinnon tai korkeakoulututkinnon&nbsp; sinulla on ty\u00f6el\u00e4m\u00e4ss\u00e4 hankittua osaamista&nbsp; haluat suorittaa ammatillisen perustutkinnon, ammatti- tai erikoisammattitutkinnon tai niiden &hellip; <a href=\"https:\/\/blogit.gradia.fi\/mestaripolku\/hae-jatkuvan-haun-kautta\/\" class=\"more-link\">Jatka lukemista <span class=\"screen-reader-text\">Hae jatkuvan haun kautta<\/span> <span class=\"meta-nav\">&rarr;<\/span><\/a><\/p>\n","protected":false},"author":152,"featured_media":0,"parent":0,"menu_order":0,"comment_status":"closed","ping_status":"closed","template":"","meta":{"_uag_custom_page_level_css":"","footnotes":""},"class_list":["post-333","page","type-page","status-publish","hentry"],"yoast_head":"<!-- This site is optimized with the Yoast SEO plugin v27.4 - https:\/\/yoast.com\/product\/yoast-seo-wordpress\/ -->\n<title>Hae jatkuvan haun kautta - Mestaripolkua rakentamassa<\/title>\n<meta name=\"robots\" content=\"index, follow, max-snippet:-1, max-image-preview:large, max-video-preview:-1\" \/>\n<link rel=\"canonical\" href=\"https:\/\/blogit.gradia.fi\/mestaripolku\/hae-jatkuvan-haun-kautta\/\" \/>\n<meta property=\"og:locale\" content=\"fi_FI\" \/>\n<meta property=\"og:type\" content=\"article\" \/>\n<meta property=\"og:title\" content=\"Hae jatkuvan haun kautta - Mestaripolkua rakentamassa\" \/>\n<meta property=\"og:description\" content=\"Jatkuva haku tarkoittaa nimens\u00e4 mukaisesti jatkuvaa hakua toisen asteen ammatillisiin koulutuksiin&nbsp;ymp\u00e4ri vuoden.&nbsp;Jatkuvassa haussa voi hakea kuka tahansa, joka haluaa hankkia ammatillisen tutkinnon tai kehitt\u00e4\u00e4 ammatillista osaamistaan.&nbsp;Koulutukseen&nbsp;kannattaa hakeutua jatkuvan haun kautta erityisesti, jos:&nbsp; olet jo aiemmin suorittanut toisen asteen tutkinnon tai korkeakoulututkinnon&nbsp; sinulla on ty\u00f6el\u00e4m\u00e4ss\u00e4 hankittua osaamista&nbsp; haluat suorittaa ammatillisen perustutkinnon, ammatti- tai erikoisammattitutkinnon tai niiden &hellip; Jatka lukemista Hae jatkuvan haun kautta &rarr;\" \/>\n<meta property=\"og:url\" content=\"https:\/\/blogit.gradia.fi\/mestaripolku\/hae-jatkuvan-haun-kautta\/\" \/>\n<meta property=\"og:site_name\" content=\"Mestaripolkua rakentamassa\" \/>\n<meta property=\"article:modified_time\" content=\"2021-02-04T15:31:42+00:00\" \/>\n<meta name=\"twitter:card\" content=\"summary_large_image\" \/>\n<meta name=\"twitter:label1\" content=\"Arvioitu lukuaika\" \/>\n\t<meta name=\"twitter:data1\" content=\"1 minuutti\" \/>\n<script type=\"application\/ld+json\" class=\"yoast-schema-graph\">{\"@context\":\"https:\\\/\\\/schema.org\",\"@graph\":[{\"@type\":\"WebPage\",\"@id\":\"https:\\\/\\\/blogit.gradia.fi\\\/mestaripolku\\\/hae-jatkuvan-haun-kautta\\\/\",\"url\":\"https:\\\/\\\/blogit.gradia.fi\\\/mestaripolku\\\/hae-jatkuvan-haun-kautta\\\/\",\"name\":\"Hae jatkuvan haun kautta - Mestaripolkua rakentamassa\",\"isPartOf\":{\"@id\":\"https:\\\/\\\/blogit.gradia.fi\\\/mestaripolku\\\/#website\"},\"datePublished\":\"2021-02-04T11:08:11+00:00\",\"dateModified\":\"2021-02-04T15:31:42+00:00\",\"breadcrumb\":{\"@id\":\"https:\\\/\\\/blogit.gradia.fi\\\/mestaripolku\\\/hae-jatkuvan-haun-kautta\\\/#breadcrumb\"},\"inLanguage\":\"fi\",\"potentialAction\":[{\"@type\":\"ReadAction\",\"target\":[\"https:\\\/\\\/blogit.gradia.fi\\\/mestaripolku\\\/hae-jatkuvan-haun-kautta\\\/\"]}]},{\"@type\":\"BreadcrumbList\",\"@id\":\"https:\\\/\\\/blogit.gradia.fi\\\/mestaripolku\\\/hae-jatkuvan-haun-kautta\\\/#breadcrumb\",\"itemListElement\":[{\"@type\":\"ListItem\",\"position\":1,\"name\":\"Home\",\"item\":\"https:\\\/\\\/blogit.gradia.fi\\\/mestaripolku\\\/\"},{\"@type\":\"ListItem\",\"position\":2,\"name\":\"Hae jatkuvan haun kautta\"}]},{\"@type\":\"WebSite\",\"@id\":\"https:\\\/\\\/blogit.gradia.fi\\\/mestaripolku\\\/#website\",\"url\":\"https:\\\/\\\/blogit.gradia.fi\\\/mestaripolku\\\/\",\"name\":\"Mestaripolkua rakentamassa\",\"description\":\"\",\"potentialAction\":[{\"@type\":\"SearchAction\",\"target\":{\"@type\":\"EntryPoint\",\"urlTemplate\":\"https:\\\/\\\/blogit.gradia.fi\\\/mestaripolku\\\/?s={search_term_string}\"},\"query-input\":{\"@type\":\"PropertyValueSpecification\",\"valueRequired\":true,\"valueName\":\"search_term_string\"}}],\"inLanguage\":\"fi\"}]}<\/script>\n<!-- \/ Yoast SEO plugin. -->","yoast_head_json":{"title":"Hae jatkuvan haun kautta - Mestaripolkua rakentamassa","robots":{"index":"index","follow":"follow","max-snippet":"max-snippet:-1","max-image-preview":"max-image-preview:large","max-video-preview":"max-video-preview:-1"},"canonical":"https:\/\/blogit.gradia.fi\/mestaripolku\/hae-jatkuvan-haun-kautta\/","og_locale":"fi_FI","og_type":"article","og_title":"Hae jatkuvan haun kautta - Mestaripolkua rakentamassa","og_description":"Jatkuva haku tarkoittaa nimens\u00e4 mukaisesti jatkuvaa hakua toisen asteen ammatillisiin koulutuksiin&nbsp;ymp\u00e4ri vuoden.&nbsp;Jatkuvassa haussa voi hakea kuka tahansa, joka haluaa hankkia ammatillisen tutkinnon tai kehitt\u00e4\u00e4 ammatillista osaamistaan.&nbsp;Koulutukseen&nbsp;kannattaa hakeutua jatkuvan haun kautta erityisesti, jos:&nbsp; olet jo aiemmin suorittanut toisen asteen tutkinnon tai korkeakoulututkinnon&nbsp; sinulla on ty\u00f6el\u00e4m\u00e4ss\u00e4 hankittua osaamista&nbsp; haluat suorittaa ammatillisen perustutkinnon, ammatti- tai erikoisammattitutkinnon tai niiden &hellip; Jatka lukemista Hae jatkuvan haun kautta &rarr;","og_url":"https:\/\/blogit.gradia.fi\/mestaripolku\/hae-jatkuvan-haun-kautta\/","og_site_name":"Mestaripolkua rakentamassa","article_modified_time":"2021-02-04T15:31:42+00:00","twitter_card":"summary_large_image","twitter_misc":{"Arvioitu lukuaika":"1 minuutti"},"schema":{"@context":"https:\/\/schema.org","@graph":[{"@type":"WebPage","@id":"https:\/\/blogit.gradia.fi\/mestaripolku\/hae-jatkuvan-haun-kautta\/","url":"https:\/\/blogit.gradia.fi\/mestaripolku\/hae-jatkuvan-haun-kautta\/","name":"Hae jatkuvan haun kautta - Mestaripolkua rakentamassa","isPartOf":{"@id":"https:\/\/blogit.gradia.fi\/mestaripolku\/#website"},"datePublished":"2021-02-04T11:08:11+00:00","dateModified":"2021-02-04T15:31:42+00:00","breadcrumb":{"@id":"https:\/\/blogit.gradia.fi\/mestaripolku\/hae-jatkuvan-haun-kautta\/#breadcrumb"},"inLanguage":"fi","potentialAction":[{"@type":"ReadAction","target":["https:\/\/blogit.gradia.fi\/mestaripolku\/hae-jatkuvan-haun-kautta\/"]}]},{"@type":"BreadcrumbList","@id":"https:\/\/blogit.gradia.fi\/mestaripolku\/hae-jatkuvan-haun-kautta\/#breadcrumb","itemListElement":[{"@type":"ListItem","position":1,"name":"Home","item":"https:\/\/blogit.gradia.fi\/mestaripolku\/"},{"@type":"ListItem","position":2,"name":"Hae jatkuvan haun kautta"}]},{"@type":"WebSite","@id":"https:\/\/blogit.gradia.fi\/mestaripolku\/#website","url":"https:\/\/blogit.gradia.fi\/mestaripolku\/","name":"Mestaripolkua rakentamassa","description":"","potentialAction":[{"@type":"SearchAction","target":{"@type":"EntryPoint","urlTemplate":"https:\/\/blogit.gradia.fi\/mestaripolku\/?s={search_term_string}"},"query-input":{"@type":"PropertyValueSpecification","valueRequired":true,"valueName":"search_term_string"}}],"inLanguage":"fi"}]}},"uagb_featured_image_src":{"full":false,"thumbnail":false,"medium":false,"medium_large":false,"large":false,"1536x1536":false,"2048x2048":false,"post-thumbnail":false},"uagb_author_info":{"display_name":"Anna Saari","author_link":"https:\/\/blogit.gradia.fi\/mestaripolku\/author\/palviann\/"},"uagb_comment_info":0,"uagb_excerpt":"Jatkuva haku tarkoittaa nimens\u00e4 mukaisesti jatkuvaa hakua toisen asteen ammatillisiin koulutuksiin&nbsp;ymp\u00e4ri vuoden.&nbsp;Jatkuvassa haussa voi hakea kuka tahansa, joka haluaa hankkia ammatillisen tutkinnon tai kehitt\u00e4\u00e4 ammatillista osaamistaan.&nbsp;Koulutukseen&nbsp;kannattaa hakeutua jatkuvan haun kautta erityisesti, jos:&nbsp; olet jo aiemmin suorittanut toisen asteen tutkinnon tai korkeakoulututkinnon&nbsp; sinulla on ty\u00f6el\u00e4m\u00e4ss\u00e4 hankittua osaamista&nbsp; haluat suorittaa ammatillisen perustutkinnon, ammatti- tai erikoisammattitutkinnon tai niiden&hellip;","_links":{"self":[{"href":"https:\/\/blogit.gradia.fi\/mestaripolku\/wp-json\/wp\/v2\/pages\/333","targetHints":{"allow":["GET"]}}],"collection":[{"href":"https:\/\/blogit.gradia.fi\/mestaripolku\/wp-json\/wp\/v2\/pages"}],"about":[{"href":"https:\/\/blogit.gradia.fi\/mestaripolku\/wp-json\/wp\/v2\/types\/page"}],"author":[{"embeddable":true,"href":"https:\/\/blogit.gradia.fi\/mestaripolku\/wp-json\/wp\/v2\/users\/152"}],"replies":[{"embeddable":true,"href":"https:\/\/blogit.gradia.fi\/mestaripolku\/wp-json\/wp\/v2\/comments?post=333"}],"version-history":[{"count":2,"href":"https:\/\/blogit.gradia.fi\/mestaripolku\/wp-json\/wp\/v2\/pages\/333\/revisions"}],"predecessor-version":[{"id":400,"href":"https:\/\/blogit.gradia.fi\/mestaripolku\/wp-json\/wp\/v2\/pages\/333\/revisions\/400"}],"wp:attachment":[{"href":"https:\/\/blogit.gradia.fi\/mestaripolku\/wp-json\/wp\/v2\/media?parent=333"}],"curies":[{"name":"wp","href":"https:\/\/api.w.org\/{rel}","templated":true}]}}