{"id":32,"date":"2020-08-20T10:54:40","date_gmt":"2020-08-20T07:54:40","guid":{"rendered":"https:\/\/blogit.gradia.fi\/mestaripolku\/?page_id=32"},"modified":"2021-02-04T17:26:57","modified_gmt":"2021-02-04T15:26:57","slug":"opiskelijalle","status":"publish","type":"page","link":"https:\/\/blogit.gradia.fi\/mestaripolku\/opiskelijalle\/","title":{"rendered":"Opintoihin hakeutuvalle"},"content":{"rendered":"\n<p>Ammatti- tai erikoisammattitutkinto antaa perustutkintoa syvemp\u00e4\u00e4 ammattiosaamista omalla alallasi ja omissa ty\u00f6teht\u00e4viss\u00e4si. Tutustu tarkemmin n\u00e4ihin opintoihin sek\u00e4 jatkuvan haun mahdollisuuksiin. <\/p>\n\n\n\n<h2 class=\"wp-block-heading\"><strong>10 hyv\u00e4\u00e4 syyt\u00e4 opiskella&nbsp;ammatti- ja erikoisammattitutkintoa!<\/strong>&nbsp;<\/h2>\n\n\n\n<ol class=\"wp-block-list\" type=\"1\"><li>Syvenn\u00e4t ammattitaitoasi&nbsp;&nbsp;<\/li><li>Saat lis\u00e4osaamista&nbsp;<\/li><li>Etenet omalla urallasi&nbsp;<\/li><li>Saat uusia ideoita tuotteiden, palveluiden ja liiketoiminnan kehitt\u00e4miseen&nbsp;<\/li><li>Verkostoidut&nbsp;oman alasi sek\u00e4 muiden alojen osaajien kanssa&nbsp;<\/li><li>Kehit\u00e4t koko ty\u00f6yhteis\u00f6\u00e4&nbsp;<\/li><li>Vahvistat asemaasi ty\u00f6el\u00e4m\u00e4ss\u00e4&nbsp;<\/li><li>Saat valmiudet kohdata ty\u00f6el\u00e4m\u00e4n muutoksia&nbsp;<\/li><li>Voit jakaa kokemuksiasi ja ajatuksiasi muiden osaajien kanssa&nbsp;<\/li><li>Saat koulutuksen aikana alan uusinta&nbsp;tietoa!&nbsp;<\/li><\/ol>\n\n\n\n<h2 class=\"wp-block-heading\"><strong>Ammatti- ja erikoisammattitutkinnot<\/strong><\/h2>\n\n\n\n<p>Ammatillisia tutkintoja ovat ammatilliset perustutkinnot, ammattitutkinnot ja erikoisammattitutkinnot. Ammattitutkinnot ja erikoisammattitutkinnot muodostuvat pakollisista ja valinnaista ammatillista tutkinnon osista.&nbsp;Ammatti- ja erikoisammattitutkinto-opiskelijat voivat lis\u00e4ksi suorittaa yhteisi\u00e4 tutkinnon osia&nbsp;erillisin\u00e4 tutkinnon&nbsp;osina.&nbsp;Osaaminen osoitetaan n\u00e4ytt\u00e4m\u00e4ll\u00e4 se p\u00e4\u00e4s\u00e4\u00e4nt\u00f6isesti k\u00e4yt\u00e4nn\u00f6n ty\u00f6tilanteissa.&nbsp;<\/p>\n\n\n\n<h3 class=\"wp-block-heading\">Ammattitutkinto<\/h3>\n\n\n\n<p>Ammattitutkinto<strong>&nbsp;<\/strong>on viralliseen koulutusj\u00e4rjestelm\u00e4\u00e4n kuuluva ammatillinen tutkinto. Se&nbsp;sopii&nbsp;parhaiten osaajalle, jolla on jo oman alansa ty\u00f6kokemusta ja osaamista.&nbsp;&nbsp;<\/p>\n\n\n\n<p>Ammattitutkinnon&nbsp;tarkoituksena on tarjota jo ty\u00f6el\u00e4m\u00e4ss\u00e4 toimiville mahdollisuus suorittaa oman alan tutkinto hy\u00f6dynt\u00e4en jo hankittua osaamista.&nbsp;Ammattitutkinnossa&nbsp;osoitetaan ty\u00f6el\u00e4m\u00e4ss\u00e4 tarvittavaa ammattitaitoa, joka on perustutkintoa syv\u00e4llisemp\u00e4\u00e4 tai kohdistuu rajatumpiin ty\u00f6teht\u00e4viin.&nbsp;Ammattitutkinnon suorittaneella&nbsp;on kokonaisn\u00e4kemys omasta alastaan sek\u00e4 omasta roolistaan vaativissa ty\u00f6teht\u00e4viss\u00e4.&nbsp;&nbsp;<\/p>\n\n\n\n<p>Ammattitutkinnot muodostuvat ammatillisista tutkinnon osista, joista v\u00e4hint\u00e4\u00e4n yksi on aina pakollinen ja v\u00e4hint\u00e4\u00e4n yksi on valinnainen tutkinnon osa.&nbsp;Tutkinnot ovat laajuudeltaan 120, 150&nbsp;tai 180&nbsp;osaamispistett\u00e4 (osp). Laajuus m\u00e4\u00e4ritell\u00e4\u00e4n tutkinnon perusteissa.&nbsp;Tutkinnon perusteet l\u00f6ytyv\u00e4t&nbsp;Opintopolun&nbsp;<a href=\"https:\/\/eperusteet.opintopolku.fi\/#\/fi\/selaus\/kooste\/ammatillinenkoulutus?hakutyyppi=perusteet\" target=\"_blank\" rel=\"noreferrer noopener\">ePerusteista<\/a>.&nbsp;&nbsp;<\/p>\n\n\n\n<h3 class=\"wp-block-heading\"><strong>Erikoisammattitutkinto<\/strong><\/h3>\n\n\n\n<p>Erikoisammattitutkinto<em><strong>&nbsp;<\/strong><\/em>sopii&nbsp;pidemp\u00e4\u00e4n ty\u00f6el\u00e4m\u00e4ss\u00e4 toimineille oman alansa ammattilaisille&nbsp;ja&nbsp;edellytt\u00e4\u00e4 pidemp\u00e4\u00e4 ty\u00f6kokemusta alalta.&nbsp;&nbsp;<\/p>\n\n\n\n<p>Erikoisammattitutkinnossa&nbsp;osoitetaan ty\u00f6el\u00e4m\u00e4ss\u00e4 tarvittavaa ammattitaitoa, joka on ammattitutkintoa syv\u00e4llisemp\u00e4\u00e4 ammatin hallintaa tai monialaista osaamista. Erikoisammattitutkinnosta valmistutaan alan vaativimpiin ty\u00f6teht\u00e4viin sek\u00e4 usein vastuullisiin esimies- tai asiantuntijateht\u00e4viin.&nbsp;&nbsp;<\/p>\n\n\n\n<p>Erikoisammattitutkinnot muodostuvat ammatillisista tutkinnon osista, joista v\u00e4hint\u00e4\u00e4n yksi on aina pakollinen ja v\u00e4hint\u00e4\u00e4n yksi on valinnainen tutkinnon osa. Tutkinnot ovat laajuudeltaan 160, 180 tai 210\u00a0osaamispistett\u00e4 (osp). Laajuus m\u00e4\u00e4ritell\u00e4\u00e4n tutkinnon\u00a0perusteissa.\u00a0Tutkinnon perusteet l\u00f6ytyv\u00e4t Opintopolun\u00a0<a href=\"https:\/\/eperusteet.opintopolku.fi\/#\/fi\/selaus\/kooste\/ammatillinenkoulutus?hakutyyppi=perusteet\" target=\"_blank\" rel=\"noreferrer noopener\">ePerusteista<\/a>.\u00a0<\/p>\n\n\n\n<figure class=\"wp-block-image size-large\"><img loading=\"lazy\" decoding=\"async\" width=\"1024\" height=\"682\" src=\"https:\/\/blogit.gradia.fi\/mestaripolku\/wp-content\/uploads\/sites\/175\/2021\/02\/challenge-connected-connecting-1268480-1024x682.jpg\" alt=\"\" class=\"wp-image-396\" srcset=\"https:\/\/blogit.gradia.fi\/mestaripolku\/wp-content\/uploads\/sites\/175\/2021\/02\/challenge-connected-connecting-1268480-1024x682.jpg 1024w, https:\/\/blogit.gradia.fi\/mestaripolku\/wp-content\/uploads\/sites\/175\/2021\/02\/challenge-connected-connecting-1268480-300x200.jpg 300w, https:\/\/blogit.gradia.fi\/mestaripolku\/wp-content\/uploads\/sites\/175\/2021\/02\/challenge-connected-connecting-1268480-768x512.jpg 768w, https:\/\/blogit.gradia.fi\/mestaripolku\/wp-content\/uploads\/sites\/175\/2021\/02\/challenge-connected-connecting-1268480-1536x1024.jpg 1536w, https:\/\/blogit.gradia.fi\/mestaripolku\/wp-content\/uploads\/sites\/175\/2021\/02\/challenge-connected-connecting-1268480-2048x1365.jpg 2048w\" sizes=\"auto, (max-width: 1024px) 100vw, 1024px\" \/><\/figure>\n","protected":false},"excerpt":{"rendered":"<p>Ammatti- tai erikoisammattitutkinto antaa perustutkintoa syvemp\u00e4\u00e4 ammattiosaamista omalla alallasi ja omissa ty\u00f6teht\u00e4viss\u00e4si. Tutustu tarkemmin n\u00e4ihin opintoihin sek\u00e4 jatkuvan haun mahdollisuuksiin. 10 hyv\u00e4\u00e4 syyt\u00e4 opiskella&nbsp;ammatti- ja erikoisammattitutkintoa!&nbsp; Syvenn\u00e4t ammattitaitoasi&nbsp;&nbsp; Saat lis\u00e4osaamista&nbsp; Etenet omalla urallasi&nbsp; Saat uusia ideoita tuotteiden, palveluiden ja liiketoiminnan kehitt\u00e4miseen&nbsp; Verkostoidut&nbsp;oman alasi sek\u00e4 muiden alojen osaajien kanssa&nbsp; Kehit\u00e4t koko ty\u00f6yhteis\u00f6\u00e4&nbsp; Vahvistat asemaasi ty\u00f6el\u00e4m\u00e4ss\u00e4&nbsp; Saat &hellip; <a href=\"https:\/\/blogit.gradia.fi\/mestaripolku\/opiskelijalle\/\" class=\"more-link\">Jatka lukemista <span class=\"screen-reader-text\">Opintoihin hakeutuvalle<\/span> <span class=\"meta-nav\">&rarr;<\/span><\/a><\/p>\n","protected":false},"author":152,"featured_media":0,"parent":0,"menu_order":2,"comment_status":"closed","ping_status":"closed","template":"","meta":{"_uag_custom_page_level_css":"","footnotes":""},"class_list":["post-32","page","type-page","status-publish","hentry"],"yoast_head":"<!-- This site is optimized with the Yoast SEO plugin v27.4 - https:\/\/yoast.com\/product\/yoast-seo-wordpress\/ -->\n<title>Opintoihin hakeutuvalle - Mestaripolkua rakentamassa<\/title>\n<meta name=\"description\" content=\"Ammatti- tai erikoisammattitutkinto antaa perustutkintoa syvemp\u00e4\u00e4 ammattiosaamista omalla alallasi ja omissa ty\u00f6teht\u00e4viss\u00e4si.\" \/>\n<meta name=\"robots\" content=\"index, follow, max-snippet:-1, max-image-preview:large, max-video-preview:-1\" \/>\n<link rel=\"canonical\" href=\"https:\/\/blogit.gradia.fi\/mestaripolku\/opiskelijalle\/\" \/>\n<meta property=\"og:locale\" content=\"fi_FI\" \/>\n<meta property=\"og:type\" content=\"article\" \/>\n<meta property=\"og:title\" content=\"Opintoihin hakeutuvalle - Mestaripolkua rakentamassa\" \/>\n<meta property=\"og:description\" content=\"Ammatti- tai erikoisammattitutkinto antaa perustutkintoa syvemp\u00e4\u00e4 ammattiosaamista omalla alallasi ja omissa ty\u00f6teht\u00e4viss\u00e4si.\" \/>\n<meta property=\"og:url\" content=\"https:\/\/blogit.gradia.fi\/mestaripolku\/opiskelijalle\/\" \/>\n<meta property=\"og:site_name\" content=\"Mestaripolkua rakentamassa\" \/>\n<meta property=\"article:modified_time\" content=\"2021-02-04T15:26:57+00:00\" \/>\n<meta property=\"og:image\" content=\"https:\/\/blogit.gradia.fi\/mestaripolku\/wp-content\/uploads\/sites\/175\/2021\/02\/challenge-connected-connecting-1268480-1024x682.jpg\" \/>\n<meta name=\"twitter:card\" content=\"summary_large_image\" \/>\n<meta name=\"twitter:label1\" content=\"Arvioitu lukuaika\" \/>\n\t<meta name=\"twitter:data1\" content=\"2 minuuttia\" \/>\n<script type=\"application\/ld+json\" class=\"yoast-schema-graph\">{\"@context\":\"https:\\\/\\\/schema.org\",\"@graph\":[{\"@type\":\"WebPage\",\"@id\":\"https:\\\/\\\/blogit.gradia.fi\\\/mestaripolku\\\/opiskelijalle\\\/\",\"url\":\"https:\\\/\\\/blogit.gradia.fi\\\/mestaripolku\\\/opiskelijalle\\\/\",\"name\":\"Opintoihin hakeutuvalle - Mestaripolkua rakentamassa\",\"isPartOf\":{\"@id\":\"https:\\\/\\\/blogit.gradia.fi\\\/mestaripolku\\\/#website\"},\"primaryImageOfPage\":{\"@id\":\"https:\\\/\\\/blogit.gradia.fi\\\/mestaripolku\\\/opiskelijalle\\\/#primaryimage\"},\"image\":{\"@id\":\"https:\\\/\\\/blogit.gradia.fi\\\/mestaripolku\\\/opiskelijalle\\\/#primaryimage\"},\"thumbnailUrl\":\"https:\\\/\\\/blogit.gradia.fi\\\/mestaripolku\\\/wp-content\\\/uploads\\\/sites\\\/175\\\/2021\\\/02\\\/challenge-connected-connecting-1268480-1024x682.jpg\",\"datePublished\":\"2020-08-20T07:54:40+00:00\",\"dateModified\":\"2021-02-04T15:26:57+00:00\",\"description\":\"Ammatti- tai erikoisammattitutkinto antaa perustutkintoa syvemp\u00e4\u00e4 ammattiosaamista omalla alallasi ja omissa ty\u00f6teht\u00e4viss\u00e4si.\",\"breadcrumb\":{\"@id\":\"https:\\\/\\\/blogit.gradia.fi\\\/mestaripolku\\\/opiskelijalle\\\/#breadcrumb\"},\"inLanguage\":\"fi\",\"potentialAction\":[{\"@type\":\"ReadAction\",\"target\":[\"https:\\\/\\\/blogit.gradia.fi\\\/mestaripolku\\\/opiskelijalle\\\/\"]}]},{\"@type\":\"ImageObject\",\"inLanguage\":\"fi\",\"@id\":\"https:\\\/\\\/blogit.gradia.fi\\\/mestaripolku\\\/opiskelijalle\\\/#primaryimage\",\"url\":\"https:\\\/\\\/blogit.gradia.fi\\\/mestaripolku\\\/wp-content\\\/uploads\\\/sites\\\/175\\\/2021\\\/02\\\/challenge-connected-connecting-1268480-scaled.jpg\",\"contentUrl\":\"https:\\\/\\\/blogit.gradia.fi\\\/mestaripolku\\\/wp-content\\\/uploads\\\/sites\\\/175\\\/2021\\\/02\\\/challenge-connected-connecting-1268480-scaled.jpg\",\"width\":2560,\"height\":1706},{\"@type\":\"BreadcrumbList\",\"@id\":\"https:\\\/\\\/blogit.gradia.fi\\\/mestaripolku\\\/opiskelijalle\\\/#breadcrumb\",\"itemListElement\":[{\"@type\":\"ListItem\",\"position\":1,\"name\":\"Home\",\"item\":\"https:\\\/\\\/blogit.gradia.fi\\\/mestaripolku\\\/\"},{\"@type\":\"ListItem\",\"position\":2,\"name\":\"Opintoihin hakeutuvalle\"}]},{\"@type\":\"WebSite\",\"@id\":\"https:\\\/\\\/blogit.gradia.fi\\\/mestaripolku\\\/#website\",\"url\":\"https:\\\/\\\/blogit.gradia.fi\\\/mestaripolku\\\/\",\"name\":\"Mestaripolkua rakentamassa\",\"description\":\"\",\"potentialAction\":[{\"@type\":\"SearchAction\",\"target\":{\"@type\":\"EntryPoint\",\"urlTemplate\":\"https:\\\/\\\/blogit.gradia.fi\\\/mestaripolku\\\/?s={search_term_string}\"},\"query-input\":{\"@type\":\"PropertyValueSpecification\",\"valueRequired\":true,\"valueName\":\"search_term_string\"}}],\"inLanguage\":\"fi\"}]}<\/script>\n<!-- \/ Yoast SEO plugin. -->","yoast_head_json":{"title":"Opintoihin hakeutuvalle - Mestaripolkua rakentamassa","description":"Ammatti- tai erikoisammattitutkinto antaa perustutkintoa syvemp\u00e4\u00e4 ammattiosaamista omalla alallasi ja omissa ty\u00f6teht\u00e4viss\u00e4si.","robots":{"index":"index","follow":"follow","max-snippet":"max-snippet:-1","max-image-preview":"max-image-preview:large","max-video-preview":"max-video-preview:-1"},"canonical":"https:\/\/blogit.gradia.fi\/mestaripolku\/opiskelijalle\/","og_locale":"fi_FI","og_type":"article","og_title":"Opintoihin hakeutuvalle - Mestaripolkua rakentamassa","og_description":"Ammatti- tai erikoisammattitutkinto antaa perustutkintoa syvemp\u00e4\u00e4 ammattiosaamista omalla alallasi ja omissa ty\u00f6teht\u00e4viss\u00e4si.","og_url":"https:\/\/blogit.gradia.fi\/mestaripolku\/opiskelijalle\/","og_site_name":"Mestaripolkua rakentamassa","article_modified_time":"2021-02-04T15:26:57+00:00","og_image":[{"url":"https:\/\/blogit.gradia.fi\/mestaripolku\/wp-content\/uploads\/sites\/175\/2021\/02\/challenge-connected-connecting-1268480-1024x682.jpg","type":"","width":"","height":""}],"twitter_card":"summary_large_image","twitter_misc":{"Arvioitu lukuaika":"2 minuuttia"},"schema":{"@context":"https:\/\/schema.org","@graph":[{"@type":"WebPage","@id":"https:\/\/blogit.gradia.fi\/mestaripolku\/opiskelijalle\/","url":"https:\/\/blogit.gradia.fi\/mestaripolku\/opiskelijalle\/","name":"Opintoihin hakeutuvalle - Mestaripolkua rakentamassa","isPartOf":{"@id":"https:\/\/blogit.gradia.fi\/mestaripolku\/#website"},"primaryImageOfPage":{"@id":"https:\/\/blogit.gradia.fi\/mestaripolku\/opiskelijalle\/#primaryimage"},"image":{"@id":"https:\/\/blogit.gradia.fi\/mestaripolku\/opiskelijalle\/#primaryimage"},"thumbnailUrl":"https:\/\/blogit.gradia.fi\/mestaripolku\/wp-content\/uploads\/sites\/175\/2021\/02\/challenge-connected-connecting-1268480-1024x682.jpg","datePublished":"2020-08-20T07:54:40+00:00","dateModified":"2021-02-04T15:26:57+00:00","description":"Ammatti- tai erikoisammattitutkinto antaa perustutkintoa syvemp\u00e4\u00e4 ammattiosaamista omalla alallasi ja omissa ty\u00f6teht\u00e4viss\u00e4si.","breadcrumb":{"@id":"https:\/\/blogit.gradia.fi\/mestaripolku\/opiskelijalle\/#breadcrumb"},"inLanguage":"fi","potentialAction":[{"@type":"ReadAction","target":["https:\/\/blogit.gradia.fi\/mestaripolku\/opiskelijalle\/"]}]},{"@type":"ImageObject","inLanguage":"fi","@id":"https:\/\/blogit.gradia.fi\/mestaripolku\/opiskelijalle\/#primaryimage","url":"https:\/\/blogit.gradia.fi\/mestaripolku\/wp-content\/uploads\/sites\/175\/2021\/02\/challenge-connected-connecting-1268480-scaled.jpg","contentUrl":"https:\/\/blogit.gradia.fi\/mestaripolku\/wp-content\/uploads\/sites\/175\/2021\/02\/challenge-connected-connecting-1268480-scaled.jpg","width":2560,"height":1706},{"@type":"BreadcrumbList","@id":"https:\/\/blogit.gradia.fi\/mestaripolku\/opiskelijalle\/#breadcrumb","itemListElement":[{"@type":"ListItem","position":1,"name":"Home","item":"https:\/\/blogit.gradia.fi\/mestaripolku\/"},{"@type":"ListItem","position":2,"name":"Opintoihin hakeutuvalle"}]},{"@type":"WebSite","@id":"https:\/\/blogit.gradia.fi\/mestaripolku\/#website","url":"https:\/\/blogit.gradia.fi\/mestaripolku\/","name":"Mestaripolkua rakentamassa","description":"","potentialAction":[{"@type":"SearchAction","target":{"@type":"EntryPoint","urlTemplate":"https:\/\/blogit.gradia.fi\/mestaripolku\/?s={search_term_string}"},"query-input":{"@type":"PropertyValueSpecification","valueRequired":true,"valueName":"search_term_string"}}],"inLanguage":"fi"}]}},"uagb_featured_image_src":{"full":false,"thumbnail":false,"medium":false,"medium_large":false,"large":false,"1536x1536":false,"2048x2048":false,"post-thumbnail":false},"uagb_author_info":{"display_name":"Anna Saari","author_link":"https:\/\/blogit.gradia.fi\/mestaripolku\/author\/palviann\/"},"uagb_comment_info":0,"uagb_excerpt":"Ammatti- tai erikoisammattitutkinto antaa perustutkintoa syvemp\u00e4\u00e4 ammattiosaamista omalla alallasi ja omissa ty\u00f6teht\u00e4viss\u00e4si. Tutustu tarkemmin n\u00e4ihin opintoihin sek\u00e4 jatkuvan haun mahdollisuuksiin. 10 hyv\u00e4\u00e4 syyt\u00e4 opiskella&nbsp;ammatti- ja erikoisammattitutkintoa!&nbsp; Syvenn\u00e4t ammattitaitoasi&nbsp;&nbsp; Saat lis\u00e4osaamista&nbsp; Etenet omalla urallasi&nbsp; Saat uusia ideoita tuotteiden, palveluiden ja liiketoiminnan kehitt\u00e4miseen&nbsp; Verkostoidut&nbsp;oman alasi sek\u00e4 muiden alojen osaajien kanssa&nbsp; Kehit\u00e4t koko ty\u00f6yhteis\u00f6\u00e4&nbsp; Vahvistat asemaasi ty\u00f6el\u00e4m\u00e4ss\u00e4&nbsp; Saat&hellip;","_links":{"self":[{"href":"https:\/\/blogit.gradia.fi\/mestaripolku\/wp-json\/wp\/v2\/pages\/32","targetHints":{"allow":["GET"]}}],"collection":[{"href":"https:\/\/blogit.gradia.fi\/mestaripolku\/wp-json\/wp\/v2\/pages"}],"about":[{"href":"https:\/\/blogit.gradia.fi\/mestaripolku\/wp-json\/wp\/v2\/types\/page"}],"author":[{"embeddable":true,"href":"https:\/\/blogit.gradia.fi\/mestaripolku\/wp-json\/wp\/v2\/users\/152"}],"replies":[{"embeddable":true,"href":"https:\/\/blogit.gradia.fi\/mestaripolku\/wp-json\/wp\/v2\/comments?post=32"}],"version-history":[{"count":12,"href":"https:\/\/blogit.gradia.fi\/mestaripolku\/wp-json\/wp\/v2\/pages\/32\/revisions"}],"predecessor-version":[{"id":397,"href":"https:\/\/blogit.gradia.fi\/mestaripolku\/wp-json\/wp\/v2\/pages\/32\/revisions\/397"}],"wp:attachment":[{"href":"https:\/\/blogit.gradia.fi\/mestaripolku\/wp-json\/wp\/v2\/media?parent=32"}],"curies":[{"name":"wp","href":"https:\/\/api.w.org\/{rel}","templated":true}]}}