{"id":287,"date":"2021-01-18T10:57:01","date_gmt":"2021-01-18T08:57:01","guid":{"rendered":"https:\/\/blogit.gradia.fi\/mestaripolku\/?page_id=287"},"modified":"2021-01-18T10:58:17","modified_gmt":"2021-01-18T08:58:17","slug":"opinto-ohjaajien-yhteystiedot","status":"publish","type":"page","link":"https:\/\/blogit.gradia.fi\/mestaripolku\/opinto-ohjaajien-yhteystiedot\/","title":{"rendered":"Opinto-ohjaajien yhteystiedot"},"content":{"rendered":"\n<h2 class=\"wp-block-heading\">Gradia<\/h2>\n\n\n\n<ul class=\"wp-block-list\"><li>Ravintola- ja cateringala, matkailuala:\u00a0Anne Hiekkataipale, puh. 040 341 6110,\u00a0anne.hiekkataipale (at) gradia.fi\u00a0<\/li><li>Elintarvikeala, ravintola- ja\u00a0cateringala:\u00a0Sari\u00a0L\u00e4hteenm\u00e4ki,\u00a0puh. 040 341 5834,\u00a0sari.lahteenmaki (at) gradia.fi\u00a0<\/li><li>Autoala, Gradia J\u00e4ms\u00e4:\u00a0Anne- Mari Hakala, puh. 040 341 5350,\u00a0anne-mari.hakala (at) gradia.fi\u00a0<\/li><li>Autoala, Gradia Jyv\u00e4skyl\u00e4: Seija Ala-Ruona, puh. 040 341 6092,\u00a0seija.ala-ruona (at) gradia.fi\u00a0<\/li><li>Pintak\u00e4sittelyala: Anne Seilonen, puh. 040 341 5534,\u00a0anne.seilonen (at) gradia.fi\u00a0<\/li><li>Liiketoiminta: Tarja H\u00e4nninen, puh. 040 341 5597,\u00a0tarja.hanninen (at) gradia.fi\u00a0<\/li><li>Lea M\u00e4kinen, puh. 040 341 6044,\u00a0lea.makinen (at) gradia.fi\u00a0<\/li><\/ul>\n\n\n\n<h2 class=\"wp-block-heading\">Turun AKK<\/h2>\n\n\n\n<ul class=\"wp-block-list\"><li><a href=\"https:\/\/www.turunakk.fi\/opiskelijalle\/opo\/\" target=\"_blank\" rel=\"noreferrer noopener\">Ohjaus- ja hakupalvelu &#8211; Turun Aikuiskoulutuskeskus (turunakk.fi)<\/a>\u00a0<\/li><\/ul>\n\n\n\n<p>Turun\u00a0AKK:ssa\u00a0apunasi opinnoissasi ovat omakieliset ohjaajamme: <\/p>\n\n\n\n<ul class=\"wp-block-list\"><li><a href=\"https:\/\/www.turunakk.fi\/opiskelijalle\/maahanmuuttajapalvelut\/\" target=\"_blank\" rel=\"noreferrer noopener\">Maahanmuuttajapalvelut &#8211; Turun Aikuiskoulutuskeskus (turunakk.fi)<\/a>\u00a0<\/li><\/ul>\n\n\n\n<p><\/p>\n\n\n\n<h2 class=\"wp-block-heading\">Katso my\u00f6s: <\/h2>\n\n\n\n<ul class=\"wp-block-list\"><li><a href=\"https:\/\/blogit.gradia.fi\/mestaripolku\/opiskelijalle\/\">10 hyv\u00e4\u00e4 syyt\u00e4 opiskella ammattitutkinto tai erikoisammattitutkinto<\/a><\/li><li><a href=\"https:\/\/blogit.gradia.fi\/mestaripolku\/opiskelijalle\/monta-opiskelutapaa\/\">Monta opiskelutapaa<\/a><\/li><\/ul>\n","protected":false},"excerpt":{"rendered":"<p>Gradia Ravintola- ja cateringala, matkailuala:\u00a0Anne Hiekkataipale, puh. 040 341 6110,\u00a0anne.hiekkataipale (at) gradia.fi\u00a0 Elintarvikeala, ravintola- ja\u00a0cateringala:\u00a0Sari\u00a0L\u00e4hteenm\u00e4ki,\u00a0puh. 040 341 5834,\u00a0sari.lahteenmaki (at) gradia.fi\u00a0 Autoala, Gradia J\u00e4ms\u00e4:\u00a0Anne- Mari Hakala, puh. 040 341 5350,\u00a0anne-mari.hakala (at) gradia.fi\u00a0 Autoala, Gradia Jyv\u00e4skyl\u00e4: Seija Ala-Ruona, puh. 040 341 6092,\u00a0seija.ala-ruona (at) gradia.fi\u00a0 Pintak\u00e4sittelyala: Anne Seilonen, puh. 040 341 5534,\u00a0anne.seilonen (at) gradia.fi\u00a0 Liiketoiminta: Tarja H\u00e4nninen, puh. &hellip; <a href=\"https:\/\/blogit.gradia.fi\/mestaripolku\/opinto-ohjaajien-yhteystiedot\/\" class=\"more-link\">Jatka lukemista <span class=\"screen-reader-text\">Opinto-ohjaajien yhteystiedot<\/span> <span class=\"meta-nav\">&rarr;<\/span><\/a><\/p>\n","protected":false},"author":152,"featured_media":0,"parent":0,"menu_order":0,"comment_status":"closed","ping_status":"closed","template":"","meta":{"_uag_custom_page_level_css":"","footnotes":""},"class_list":["post-287","page","type-page","status-publish","hentry"],"yoast_head":"<!-- This site is optimized with the Yoast SEO plugin v27.4 - https:\/\/yoast.com\/product\/yoast-seo-wordpress\/ -->\n<title>Opinto-ohjaajien yhteystiedot - Mestaripolkua rakentamassa<\/title>\n<meta name=\"robots\" content=\"index, follow, max-snippet:-1, max-image-preview:large, max-video-preview:-1\" \/>\n<link rel=\"canonical\" href=\"https:\/\/blogit.gradia.fi\/mestaripolku\/opinto-ohjaajien-yhteystiedot\/\" \/>\n<meta property=\"og:locale\" content=\"fi_FI\" \/>\n<meta property=\"og:type\" content=\"article\" \/>\n<meta property=\"og:title\" content=\"Opinto-ohjaajien yhteystiedot - Mestaripolkua rakentamassa\" \/>\n<meta property=\"og:description\" content=\"Gradia Ravintola- ja cateringala, matkailuala:\u00a0Anne Hiekkataipale, puh. 040 341 6110,\u00a0anne.hiekkataipale (at) gradia.fi\u00a0 Elintarvikeala, ravintola- ja\u00a0cateringala:\u00a0Sari\u00a0L\u00e4hteenm\u00e4ki,\u00a0puh. 040 341 5834,\u00a0sari.lahteenmaki (at) gradia.fi\u00a0 Autoala, Gradia J\u00e4ms\u00e4:\u00a0Anne- Mari Hakala, puh. 040 341 5350,\u00a0anne-mari.hakala (at) gradia.fi\u00a0 Autoala, Gradia Jyv\u00e4skyl\u00e4: Seija Ala-Ruona, puh. 040 341 6092,\u00a0seija.ala-ruona (at) gradia.fi\u00a0 Pintak\u00e4sittelyala: Anne Seilonen, puh. 040 341 5534,\u00a0anne.seilonen (at) gradia.fi\u00a0 Liiketoiminta: Tarja H\u00e4nninen, puh. &hellip; Jatka lukemista Opinto-ohjaajien yhteystiedot &rarr;\" \/>\n<meta property=\"og:url\" content=\"https:\/\/blogit.gradia.fi\/mestaripolku\/opinto-ohjaajien-yhteystiedot\/\" \/>\n<meta property=\"og:site_name\" content=\"Mestaripolkua rakentamassa\" \/>\n<meta property=\"article:modified_time\" content=\"2021-01-18T08:58:17+00:00\" \/>\n<meta name=\"twitter:card\" content=\"summary_large_image\" \/>\n<meta name=\"twitter:label1\" content=\"Arvioitu lukuaika\" \/>\n\t<meta name=\"twitter:data1\" content=\"1 minuutti\" \/>\n<script type=\"application\/ld+json\" class=\"yoast-schema-graph\">{\"@context\":\"https:\\\/\\\/schema.org\",\"@graph\":[{\"@type\":\"WebPage\",\"@id\":\"https:\\\/\\\/blogit.gradia.fi\\\/mestaripolku\\\/opinto-ohjaajien-yhteystiedot\\\/\",\"url\":\"https:\\\/\\\/blogit.gradia.fi\\\/mestaripolku\\\/opinto-ohjaajien-yhteystiedot\\\/\",\"name\":\"Opinto-ohjaajien yhteystiedot - Mestaripolkua rakentamassa\",\"isPartOf\":{\"@id\":\"https:\\\/\\\/blogit.gradia.fi\\\/mestaripolku\\\/#website\"},\"datePublished\":\"2021-01-18T08:57:01+00:00\",\"dateModified\":\"2021-01-18T08:58:17+00:00\",\"breadcrumb\":{\"@id\":\"https:\\\/\\\/blogit.gradia.fi\\\/mestaripolku\\\/opinto-ohjaajien-yhteystiedot\\\/#breadcrumb\"},\"inLanguage\":\"fi\",\"potentialAction\":[{\"@type\":\"ReadAction\",\"target\":[\"https:\\\/\\\/blogit.gradia.fi\\\/mestaripolku\\\/opinto-ohjaajien-yhteystiedot\\\/\"]}]},{\"@type\":\"BreadcrumbList\",\"@id\":\"https:\\\/\\\/blogit.gradia.fi\\\/mestaripolku\\\/opinto-ohjaajien-yhteystiedot\\\/#breadcrumb\",\"itemListElement\":[{\"@type\":\"ListItem\",\"position\":1,\"name\":\"Home\",\"item\":\"https:\\\/\\\/blogit.gradia.fi\\\/mestaripolku\\\/\"},{\"@type\":\"ListItem\",\"position\":2,\"name\":\"Opinto-ohjaajien yhteystiedot\"}]},{\"@type\":\"WebSite\",\"@id\":\"https:\\\/\\\/blogit.gradia.fi\\\/mestaripolku\\\/#website\",\"url\":\"https:\\\/\\\/blogit.gradia.fi\\\/mestaripolku\\\/\",\"name\":\"Mestaripolkua rakentamassa\",\"description\":\"\",\"potentialAction\":[{\"@type\":\"SearchAction\",\"target\":{\"@type\":\"EntryPoint\",\"urlTemplate\":\"https:\\\/\\\/blogit.gradia.fi\\\/mestaripolku\\\/?s={search_term_string}\"},\"query-input\":{\"@type\":\"PropertyValueSpecification\",\"valueRequired\":true,\"valueName\":\"search_term_string\"}}],\"inLanguage\":\"fi\"}]}<\/script>\n<!-- \/ Yoast SEO plugin. -->","yoast_head_json":{"title":"Opinto-ohjaajien yhteystiedot - Mestaripolkua rakentamassa","robots":{"index":"index","follow":"follow","max-snippet":"max-snippet:-1","max-image-preview":"max-image-preview:large","max-video-preview":"max-video-preview:-1"},"canonical":"https:\/\/blogit.gradia.fi\/mestaripolku\/opinto-ohjaajien-yhteystiedot\/","og_locale":"fi_FI","og_type":"article","og_title":"Opinto-ohjaajien yhteystiedot - Mestaripolkua rakentamassa","og_description":"Gradia Ravintola- ja cateringala, matkailuala:\u00a0Anne Hiekkataipale, puh. 040 341 6110,\u00a0anne.hiekkataipale (at) gradia.fi\u00a0 Elintarvikeala, ravintola- ja\u00a0cateringala:\u00a0Sari\u00a0L\u00e4hteenm\u00e4ki,\u00a0puh. 040 341 5834,\u00a0sari.lahteenmaki (at) gradia.fi\u00a0 Autoala, Gradia J\u00e4ms\u00e4:\u00a0Anne- Mari Hakala, puh. 040 341 5350,\u00a0anne-mari.hakala (at) gradia.fi\u00a0 Autoala, Gradia Jyv\u00e4skyl\u00e4: Seija Ala-Ruona, puh. 040 341 6092,\u00a0seija.ala-ruona (at) gradia.fi\u00a0 Pintak\u00e4sittelyala: Anne Seilonen, puh. 040 341 5534,\u00a0anne.seilonen (at) gradia.fi\u00a0 Liiketoiminta: Tarja H\u00e4nninen, puh. &hellip; Jatka lukemista Opinto-ohjaajien yhteystiedot &rarr;","og_url":"https:\/\/blogit.gradia.fi\/mestaripolku\/opinto-ohjaajien-yhteystiedot\/","og_site_name":"Mestaripolkua rakentamassa","article_modified_time":"2021-01-18T08:58:17+00:00","twitter_card":"summary_large_image","twitter_misc":{"Arvioitu lukuaika":"1 minuutti"},"schema":{"@context":"https:\/\/schema.org","@graph":[{"@type":"WebPage","@id":"https:\/\/blogit.gradia.fi\/mestaripolku\/opinto-ohjaajien-yhteystiedot\/","url":"https:\/\/blogit.gradia.fi\/mestaripolku\/opinto-ohjaajien-yhteystiedot\/","name":"Opinto-ohjaajien yhteystiedot - Mestaripolkua rakentamassa","isPartOf":{"@id":"https:\/\/blogit.gradia.fi\/mestaripolku\/#website"},"datePublished":"2021-01-18T08:57:01+00:00","dateModified":"2021-01-18T08:58:17+00:00","breadcrumb":{"@id":"https:\/\/blogit.gradia.fi\/mestaripolku\/opinto-ohjaajien-yhteystiedot\/#breadcrumb"},"inLanguage":"fi","potentialAction":[{"@type":"ReadAction","target":["https:\/\/blogit.gradia.fi\/mestaripolku\/opinto-ohjaajien-yhteystiedot\/"]}]},{"@type":"BreadcrumbList","@id":"https:\/\/blogit.gradia.fi\/mestaripolku\/opinto-ohjaajien-yhteystiedot\/#breadcrumb","itemListElement":[{"@type":"ListItem","position":1,"name":"Home","item":"https:\/\/blogit.gradia.fi\/mestaripolku\/"},{"@type":"ListItem","position":2,"name":"Opinto-ohjaajien yhteystiedot"}]},{"@type":"WebSite","@id":"https:\/\/blogit.gradia.fi\/mestaripolku\/#website","url":"https:\/\/blogit.gradia.fi\/mestaripolku\/","name":"Mestaripolkua rakentamassa","description":"","potentialAction":[{"@type":"SearchAction","target":{"@type":"EntryPoint","urlTemplate":"https:\/\/blogit.gradia.fi\/mestaripolku\/?s={search_term_string}"},"query-input":{"@type":"PropertyValueSpecification","valueRequired":true,"valueName":"search_term_string"}}],"inLanguage":"fi"}]}},"uagb_featured_image_src":{"full":false,"thumbnail":false,"medium":false,"medium_large":false,"large":false,"1536x1536":false,"2048x2048":false,"post-thumbnail":false},"uagb_author_info":{"display_name":"Anna Saari","author_link":"https:\/\/blogit.gradia.fi\/mestaripolku\/author\/palviann\/"},"uagb_comment_info":0,"uagb_excerpt":"Gradia Ravintola- ja cateringala, matkailuala:\u00a0Anne Hiekkataipale, puh. 040 341 6110,\u00a0anne.hiekkataipale (at) gradia.fi\u00a0 Elintarvikeala, ravintola- ja\u00a0cateringala:\u00a0Sari\u00a0L\u00e4hteenm\u00e4ki,\u00a0puh. 040 341 5834,\u00a0sari.lahteenmaki (at) gradia.fi\u00a0 Autoala, Gradia J\u00e4ms\u00e4:\u00a0Anne- Mari Hakala, puh. 040 341 5350,\u00a0anne-mari.hakala (at) gradia.fi\u00a0 Autoala, Gradia Jyv\u00e4skyl\u00e4: Seija Ala-Ruona, puh. 040 341 6092,\u00a0seija.ala-ruona (at) gradia.fi\u00a0 Pintak\u00e4sittelyala: Anne Seilonen, puh. 040 341 5534,\u00a0anne.seilonen (at) gradia.fi\u00a0 Liiketoiminta: Tarja H\u00e4nninen, puh.&hellip;","_links":{"self":[{"href":"https:\/\/blogit.gradia.fi\/mestaripolku\/wp-json\/wp\/v2\/pages\/287","targetHints":{"allow":["GET"]}}],"collection":[{"href":"https:\/\/blogit.gradia.fi\/mestaripolku\/wp-json\/wp\/v2\/pages"}],"about":[{"href":"https:\/\/blogit.gradia.fi\/mestaripolku\/wp-json\/wp\/v2\/types\/page"}],"author":[{"embeddable":true,"href":"https:\/\/blogit.gradia.fi\/mestaripolku\/wp-json\/wp\/v2\/users\/152"}],"replies":[{"embeddable":true,"href":"https:\/\/blogit.gradia.fi\/mestaripolku\/wp-json\/wp\/v2\/comments?post=287"}],"version-history":[{"count":3,"href":"https:\/\/blogit.gradia.fi\/mestaripolku\/wp-json\/wp\/v2\/pages\/287\/revisions"}],"predecessor-version":[{"id":291,"href":"https:\/\/blogit.gradia.fi\/mestaripolku\/wp-json\/wp\/v2\/pages\/287\/revisions\/291"}],"wp:attachment":[{"href":"https:\/\/blogit.gradia.fi\/mestaripolku\/wp-json\/wp\/v2\/media?parent=287"}],"curies":[{"name":"wp","href":"https:\/\/api.w.org\/{rel}","templated":true}]}}