{"id":2,"date":"2020-07-27T08:39:36","date_gmt":"2020-07-27T05:39:36","guid":{"rendered":"https:\/\/blogit.gradia.fi\/mestaripolku\/?page_id=2"},"modified":"2022-11-18T11:45:21","modified_gmt":"2022-11-18T09:45:21","slug":"mestaripolkua-rakentamassa","status":"publish","type":"page","link":"https:\/\/blogit.gradia.fi\/mestaripolku\/","title":{"rendered":"Mestaripolkua rakentamassa!"},"content":{"rendered":"\n<p>Mestaripolkua rakentamassa -hankkeen (ESR) tavoitteena on lis\u00e4t\u00e4 ammatillisesta perustutkinnosta valmistuvien kiinnostusta hakeutua ammattitutkinto-opintoihin sek\u00e4 edist\u00e4\u00e4 siirtymist\u00e4 ty\u00f6el\u00e4m\u00e4st\u00e4 ammatti- tai erikoisammattitutkintokoulutukseen. Hankkeessa opiskelijoita tukevat Mestarikiltojen ammattilaiset luoden monipuolisen osaajaverkoston yhdess\u00e4 oppilaitoksen kanssa.<\/p>\n\n\n\n<h3 class=\"wp-block-heading\"><strong>Kaksi Mestaripolku-mallia<\/strong><\/h3>\n\n\n\n<p>Hankkeen aikana&nbsp;rakennetaan&nbsp;kaksi&nbsp;Mestaripolku-mallia:&nbsp;ohjausmalli perustutkinnosta ammattitutkintoon&nbsp;sek\u00e4&nbsp;toimintamalli ty\u00f6el\u00e4m\u00e4st\u00e4 ammattitutkintoon tai erikoisammattitutkintoon. <\/p>\n\n\n\n<p>Hankkeen my\u00f6t\u00e4&nbsp;lis\u00e4t\u00e4\u00e4n yritysten ja ty\u00f6yhteis\u00f6jen ohjausosaamista,&nbsp;vahvistetaan&nbsp;ty\u00f6paikalla tapahtuvan opiskelun ohjausta ja&nbsp;opiskelijan&nbsp;ammatillisen kasvun mentorointia.&nbsp;&nbsp;<\/p>\n\n\n\n<h3 class=\"wp-block-heading\"><strong>Lis\u00e4\u00e4 ammattilaisia<\/strong><\/h3>\n\n\n\n<p>Hankkeen&nbsp;vaikutuksesta&nbsp;ohjatummat siirtym\u00e4t ammattitutkintoon ja erikoisammattitutkintoon lis\u00e4\u00e4v\u00e4t ty\u00f6markkinoilla syvemm\u00e4n ammattitaidon hankkineita ty\u00f6nhakijoita ja ty\u00f6ntekij\u00f6it\u00e4.&nbsp;Oppilaitokset saavat uudenlaisen ohjaus- ja toimintamallin k\u00e4ytt\u00f6\u00f6ns\u00e4.&nbsp;<\/p>\n\n\n\n<h3 class=\"wp-block-heading\"><strong>Tervetuloa rakentamaan Mestaripolkua!<\/strong><\/h3>\n\n\n\n<p>Tarvitsemme yrityksi\u00e4 mukaan vaikuttamaan ammatillisen osaamisen tulevaisuuden tarpeisiin ja tulevien tekij\u00f6iden monipuoliseen ammattitaitoon. Olisiko teid\u00e4n yrityksenne yksi Mestaripolun rakentajista? <strong>Vastaa yhteisty\u00f6kyselyymme <a href=\"https:\/\/forms.office.com\/Pages\/ResponsePage.aspx?id=gUEUTmgvH0Cqhp7J5ADms_R3UYvVyUJNkYSJHe7IHqNUNE5DSkI2VFBEMVBSMEtWVTdDN0ZWWlNTVi4u\" target=\"_blank\" rel=\"noreferrer noopener\">t\u00e4st\u00e4<\/a>.<\/strong><\/p>\n\n\n\n<p>N\u00e4ilt\u00e4 blogin sivuilta l\u00f6yd\u00e4t tietoa, vinkkej\u00e4 ja muuta innostavaa materiaalia. <a href=\"https:\/\/blogit.gradia.fi\/mestaripolku\/mestaripolulla-tapahtuu\/\">Astu Mestaripolulle t\u00e4st\u00e4<\/a>!<\/p>\n\n\n\n<figure class=\"wp-block-image size-large\"><img loading=\"lazy\" decoding=\"async\" width=\"512\" height=\"512\" src=\"https:\/\/blogit.gradia.fi\/mestaripolku\/wp-content\/uploads\/sites\/175\/2020\/08\/cropped-footpath-691021_1920-3.jpg\" alt=\"polku vihre\u00e4ll\u00e4 niityll\u00e4\" class=\"wp-image-48\" srcset=\"https:\/\/blogit.gradia.fi\/mestaripolku\/wp-content\/uploads\/sites\/175\/2020\/08\/cropped-footpath-691021_1920-3.jpg 512w, https:\/\/blogit.gradia.fi\/mestaripolku\/wp-content\/uploads\/sites\/175\/2020\/08\/cropped-footpath-691021_1920-3-300x300.jpg 300w, https:\/\/blogit.gradia.fi\/mestaripolku\/wp-content\/uploads\/sites\/175\/2020\/08\/cropped-footpath-691021_1920-3-150x150.jpg 150w, https:\/\/blogit.gradia.fi\/mestaripolku\/wp-content\/uploads\/sites\/175\/2020\/08\/cropped-footpath-691021_1920-3-270x270.jpg 270w, https:\/\/blogit.gradia.fi\/mestaripolku\/wp-content\/uploads\/sites\/175\/2020\/08\/cropped-footpath-691021_1920-3-192x192.jpg 192w, https:\/\/blogit.gradia.fi\/mestaripolku\/wp-content\/uploads\/sites\/175\/2020\/08\/cropped-footpath-691021_1920-3-180x180.jpg 180w, https:\/\/blogit.gradia.fi\/mestaripolku\/wp-content\/uploads\/sites\/175\/2020\/08\/cropped-footpath-691021_1920-3-32x32.jpg 32w\" sizes=\"auto, (max-width: 512px) 100vw, 512px\" \/><\/figure>\n\n\n\n<p>Mestaripolkua rakentamassa -hanketta (ESR) toteuttavat <a href=\"https:\/\/www.gradia.fi\/\" target=\"_blank\" rel=\"noreferrer noopener\">Jyv\u00e4skyl\u00e4n koulutuskuntayhtym\u00e4 Gradia<\/a> ja <a href=\"https:\/\/www.turunakk.fi\/\" target=\"_blank\" rel=\"noreferrer noopener\">Turun Aikuiskoulutuskeskus<\/a> yhteisty\u00f6kumppaneina <a href=\"http:\/\/www.ksmestarikilta.fi\/\" target=\"_blank\" rel=\"noreferrer noopener\">Keski-Suomen Mestarikilta<\/a>, <a href=\"https:\/\/www.yrittajat.fi\/mestarikiltaneuvosto\/a\/mestarikiltaneuvosto\/mestarivaliokuntajasenkillat-533174\" target=\"_blank\" rel=\"noreferrer noopener\">Turun Mestari- ja Kis\u00e4llikilta<\/a> sek\u00e4 <a href=\"https:\/\/www.yrittajat.fi\/mestarikiltaneuvosto\" target=\"_blank\" rel=\"noreferrer noopener\">Mestarikiltaneuvosto<\/a>. Toteutusaika 1.3.2020\u201328.2.2023.\u00a0<\/p>\n\n\n\n<figure class=\"wp-block-image alignleft size-large is-resized\"><img loading=\"lazy\" decoding=\"async\" src=\"https:\/\/blogit.gradia.fi\/mestaripolku\/wp-content\/uploads\/sites\/175\/2020\/08\/EU_ESR_FI_vertical_20mm_rgb.png\" alt=\"\" class=\"wp-image-60\" width=\"170\" height=\"176\" srcset=\"https:\/\/blogit.gradia.fi\/mestaripolku\/wp-content\/uploads\/sites\/175\/2020\/08\/EU_ESR_FI_vertical_20mm_rgb.png 354w, https:\/\/blogit.gradia.fi\/mestaripolku\/wp-content\/uploads\/sites\/175\/2020\/08\/EU_ESR_FI_vertical_20mm_rgb-290x300.png 290w\" sizes=\"auto, (max-width: 170px) 100vw, 170px\" \/><\/figure>\n\n\n\n<figure class=\"wp-block-image alignleft size-large is-resized\"><img loading=\"lazy\" decoding=\"async\" src=\"https:\/\/blogit.gradia.fi\/mestaripolku\/wp-content\/uploads\/sites\/175\/2020\/08\/VipuvoimaaEU_2014_2020_rgb-1024x725.png\" alt=\"\" class=\"wp-image-61\" width=\"182\" height=\"128\" srcset=\"https:\/\/blogit.gradia.fi\/mestaripolku\/wp-content\/uploads\/sites\/175\/2020\/08\/VipuvoimaaEU_2014_2020_rgb-1024x725.png 1024w, https:\/\/blogit.gradia.fi\/mestaripolku\/wp-content\/uploads\/sites\/175\/2020\/08\/VipuvoimaaEU_2014_2020_rgb-300x212.png 300w, https:\/\/blogit.gradia.fi\/mestaripolku\/wp-content\/uploads\/sites\/175\/2020\/08\/VipuvoimaaEU_2014_2020_rgb-768x544.png 768w, https:\/\/blogit.gradia.fi\/mestaripolku\/wp-content\/uploads\/sites\/175\/2020\/08\/VipuvoimaaEU_2014_2020_rgb.png 1181w\" sizes=\"auto, (max-width: 182px) 100vw, 182px\" \/><\/figure>\n\n\n\n<p><\/p>\n","protected":false},"excerpt":{"rendered":"<p>Mestaripolkua rakentamassa -hankkeen (ESR) tavoitteena on lis\u00e4t\u00e4 ammatillisesta perustutkinnosta valmistuvien kiinnostusta hakeutua ammattitutkinto-opintoihin sek\u00e4 edist\u00e4\u00e4 siirtymist\u00e4 ty\u00f6el\u00e4m\u00e4st\u00e4 ammatti- tai erikoisammattitutkintokoulutukseen. Hankkeessa opiskelijoita tukevat Mestarikiltojen ammattilaiset luoden monipuolisen osaajaverkoston yhdess\u00e4 oppilaitoksen kanssa. Kaksi Mestaripolku-mallia Hankkeen aikana&nbsp;rakennetaan&nbsp;kaksi&nbsp;Mestaripolku-mallia:&nbsp;ohjausmalli perustutkinnosta ammattitutkintoon&nbsp;sek\u00e4&nbsp;toimintamalli ty\u00f6el\u00e4m\u00e4st\u00e4 ammattitutkintoon tai erikoisammattitutkintoon. Hankkeen my\u00f6t\u00e4&nbsp;lis\u00e4t\u00e4\u00e4n yritysten ja ty\u00f6yhteis\u00f6jen ohjausosaamista,&nbsp;vahvistetaan&nbsp;ty\u00f6paikalla tapahtuvan opiskelun ohjausta ja&nbsp;opiskelijan&nbsp;ammatillisen kasvun mentorointia.&nbsp;&nbsp; Lis\u00e4\u00e4 ammattilaisia &hellip; <a href=\"https:\/\/blogit.gradia.fi\/mestaripolku\/\" class=\"more-link\">Jatka lukemista <span class=\"screen-reader-text\">Mestaripolkua rakentamassa!<\/span> <span class=\"meta-nav\">&rarr;<\/span><\/a><\/p>\n","protected":false},"author":152,"featured_media":0,"parent":0,"menu_order":6,"comment_status":"closed","ping_status":"closed","template":"","meta":{"_uag_custom_page_level_css":"","footnotes":""},"class_list":["post-2","page","type-page","status-publish","hentry"],"yoast_head":"<!-- This site is optimized with the Yoast SEO plugin v27.4 - https:\/\/yoast.com\/product\/yoast-seo-wordpress\/ -->\n<title>Mestaripolkua rakentamassa - Mestaripolkua rakentamassa<\/title>\n<meta name=\"description\" content=\"Mestaripolkua rakentamassa -hankkeen (ESR) tavoitteena on lis\u00e4t\u00e4 perustutkinnosta valmistuvien kiinnostusta hakeutua ammattitutkinto-opintoihin.\" \/>\n<meta name=\"robots\" content=\"index, follow, max-snippet:-1, max-image-preview:large, max-video-preview:-1\" \/>\n<link rel=\"canonical\" href=\"https:\/\/blogit.gradia.fi\/mestaripolku\/\" \/>\n<meta property=\"og:locale\" content=\"fi_FI\" \/>\n<meta property=\"og:type\" content=\"article\" \/>\n<meta property=\"og:title\" content=\"Mestaripolkua rakentamassa - Mestaripolkua rakentamassa\" \/>\n<meta property=\"og:description\" content=\"Mestaripolkua rakentamassa -hankkeen (ESR) tavoitteena on lis\u00e4t\u00e4 perustutkinnosta valmistuvien kiinnostusta hakeutua ammattitutkinto-opintoihin.\" \/>\n<meta property=\"og:url\" content=\"https:\/\/blogit.gradia.fi\/mestaripolku\/\" \/>\n<meta property=\"og:site_name\" content=\"Mestaripolkua rakentamassa\" \/>\n<meta property=\"article:modified_time\" content=\"2022-11-18T09:45:21+00:00\" \/>\n<meta property=\"og:image\" content=\"https:\/\/blogit.gradia.fi\/mestaripolku\/wp-content\/uploads\/sites\/175\/2020\/08\/cropped-footpath-691021_1920-3.jpg\" \/>\n<meta name=\"twitter:card\" content=\"summary_large_image\" \/>\n<meta name=\"twitter:label1\" content=\"Arvioitu lukuaika\" \/>\n\t<meta name=\"twitter:data1\" content=\"2 minuuttia\" \/>\n<script type=\"application\/ld+json\" class=\"yoast-schema-graph\">{\"@context\":\"https:\\\/\\\/schema.org\",\"@graph\":[{\"@type\":\"WebPage\",\"@id\":\"https:\\\/\\\/blogit.gradia.fi\\\/mestaripolku\\\/\",\"url\":\"https:\\\/\\\/blogit.gradia.fi\\\/mestaripolku\\\/\",\"name\":\"Mestaripolkua rakentamassa - Mestaripolkua rakentamassa\",\"isPartOf\":{\"@id\":\"https:\\\/\\\/blogit.gradia.fi\\\/mestaripolku\\\/#website\"},\"primaryImageOfPage\":{\"@id\":\"https:\\\/\\\/blogit.gradia.fi\\\/mestaripolku\\\/#primaryimage\"},\"image\":{\"@id\":\"https:\\\/\\\/blogit.gradia.fi\\\/mestaripolku\\\/#primaryimage\"},\"thumbnailUrl\":\"https:\\\/\\\/blogit.gradia.fi\\\/mestaripolku\\\/wp-content\\\/uploads\\\/sites\\\/175\\\/2020\\\/08\\\/cropped-footpath-691021_1920-3.jpg\",\"datePublished\":\"2020-07-27T05:39:36+00:00\",\"dateModified\":\"2022-11-18T09:45:21+00:00\",\"description\":\"Mestaripolkua rakentamassa -hankkeen (ESR) tavoitteena on lis\u00e4t\u00e4 perustutkinnosta valmistuvien kiinnostusta hakeutua ammattitutkinto-opintoihin.\",\"breadcrumb\":{\"@id\":\"https:\\\/\\\/blogit.gradia.fi\\\/mestaripolku\\\/#breadcrumb\"},\"inLanguage\":\"fi\",\"potentialAction\":[{\"@type\":\"ReadAction\",\"target\":[\"https:\\\/\\\/blogit.gradia.fi\\\/mestaripolku\\\/\"]}]},{\"@type\":\"ImageObject\",\"inLanguage\":\"fi\",\"@id\":\"https:\\\/\\\/blogit.gradia.fi\\\/mestaripolku\\\/#primaryimage\",\"url\":\"https:\\\/\\\/blogit.gradia.fi\\\/mestaripolku\\\/wp-content\\\/uploads\\\/sites\\\/175\\\/2020\\\/08\\\/cropped-footpath-691021_1920-3.jpg\",\"contentUrl\":\"https:\\\/\\\/blogit.gradia.fi\\\/mestaripolku\\\/wp-content\\\/uploads\\\/sites\\\/175\\\/2020\\\/08\\\/cropped-footpath-691021_1920-3.jpg\",\"width\":512,\"height\":512,\"caption\":\"polku vihre\u00e4ll\u00e4 niityll\u00e4\"},{\"@type\":\"BreadcrumbList\",\"@id\":\"https:\\\/\\\/blogit.gradia.fi\\\/mestaripolku\\\/#breadcrumb\",\"itemListElement\":[{\"@type\":\"ListItem\",\"position\":1,\"name\":\"Home\",\"item\":\"https:\\\/\\\/blogit.gradia.fi\\\/mestaripolku\\\/\"},{\"@type\":\"ListItem\",\"position\":2,\"name\":\"Mestaripolkua rakentamassa!\"}]},{\"@type\":\"WebSite\",\"@id\":\"https:\\\/\\\/blogit.gradia.fi\\\/mestaripolku\\\/#website\",\"url\":\"https:\\\/\\\/blogit.gradia.fi\\\/mestaripolku\\\/\",\"name\":\"Mestaripolkua rakentamassa\",\"description\":\"\",\"potentialAction\":[{\"@type\":\"SearchAction\",\"target\":{\"@type\":\"EntryPoint\",\"urlTemplate\":\"https:\\\/\\\/blogit.gradia.fi\\\/mestaripolku\\\/?s={search_term_string}\"},\"query-input\":{\"@type\":\"PropertyValueSpecification\",\"valueRequired\":true,\"valueName\":\"search_term_string\"}}],\"inLanguage\":\"fi\"}]}<\/script>\n<!-- \/ Yoast SEO plugin. -->","yoast_head_json":{"title":"Mestaripolkua rakentamassa - Mestaripolkua rakentamassa","description":"Mestaripolkua rakentamassa -hankkeen (ESR) tavoitteena on lis\u00e4t\u00e4 perustutkinnosta valmistuvien kiinnostusta hakeutua ammattitutkinto-opintoihin.","robots":{"index":"index","follow":"follow","max-snippet":"max-snippet:-1","max-image-preview":"max-image-preview:large","max-video-preview":"max-video-preview:-1"},"canonical":"https:\/\/blogit.gradia.fi\/mestaripolku\/","og_locale":"fi_FI","og_type":"article","og_title":"Mestaripolkua rakentamassa - Mestaripolkua rakentamassa","og_description":"Mestaripolkua rakentamassa -hankkeen (ESR) tavoitteena on lis\u00e4t\u00e4 perustutkinnosta valmistuvien kiinnostusta hakeutua ammattitutkinto-opintoihin.","og_url":"https:\/\/blogit.gradia.fi\/mestaripolku\/","og_site_name":"Mestaripolkua rakentamassa","article_modified_time":"2022-11-18T09:45:21+00:00","og_image":[{"url":"https:\/\/blogit.gradia.fi\/mestaripolku\/wp-content\/uploads\/sites\/175\/2020\/08\/cropped-footpath-691021_1920-3.jpg","type":"","width":"","height":""}],"twitter_card":"summary_large_image","twitter_misc":{"Arvioitu lukuaika":"2 minuuttia"},"schema":{"@context":"https:\/\/schema.org","@graph":[{"@type":"WebPage","@id":"https:\/\/blogit.gradia.fi\/mestaripolku\/","url":"https:\/\/blogit.gradia.fi\/mestaripolku\/","name":"Mestaripolkua rakentamassa - Mestaripolkua rakentamassa","isPartOf":{"@id":"https:\/\/blogit.gradia.fi\/mestaripolku\/#website"},"primaryImageOfPage":{"@id":"https:\/\/blogit.gradia.fi\/mestaripolku\/#primaryimage"},"image":{"@id":"https:\/\/blogit.gradia.fi\/mestaripolku\/#primaryimage"},"thumbnailUrl":"https:\/\/blogit.gradia.fi\/mestaripolku\/wp-content\/uploads\/sites\/175\/2020\/08\/cropped-footpath-691021_1920-3.jpg","datePublished":"2020-07-27T05:39:36+00:00","dateModified":"2022-11-18T09:45:21+00:00","description":"Mestaripolkua rakentamassa -hankkeen (ESR) tavoitteena on lis\u00e4t\u00e4 perustutkinnosta valmistuvien kiinnostusta hakeutua ammattitutkinto-opintoihin.","breadcrumb":{"@id":"https:\/\/blogit.gradia.fi\/mestaripolku\/#breadcrumb"},"inLanguage":"fi","potentialAction":[{"@type":"ReadAction","target":["https:\/\/blogit.gradia.fi\/mestaripolku\/"]}]},{"@type":"ImageObject","inLanguage":"fi","@id":"https:\/\/blogit.gradia.fi\/mestaripolku\/#primaryimage","url":"https:\/\/blogit.gradia.fi\/mestaripolku\/wp-content\/uploads\/sites\/175\/2020\/08\/cropped-footpath-691021_1920-3.jpg","contentUrl":"https:\/\/blogit.gradia.fi\/mestaripolku\/wp-content\/uploads\/sites\/175\/2020\/08\/cropped-footpath-691021_1920-3.jpg","width":512,"height":512,"caption":"polku vihre\u00e4ll\u00e4 niityll\u00e4"},{"@type":"BreadcrumbList","@id":"https:\/\/blogit.gradia.fi\/mestaripolku\/#breadcrumb","itemListElement":[{"@type":"ListItem","position":1,"name":"Home","item":"https:\/\/blogit.gradia.fi\/mestaripolku\/"},{"@type":"ListItem","position":2,"name":"Mestaripolkua rakentamassa!"}]},{"@type":"WebSite","@id":"https:\/\/blogit.gradia.fi\/mestaripolku\/#website","url":"https:\/\/blogit.gradia.fi\/mestaripolku\/","name":"Mestaripolkua rakentamassa","description":"","potentialAction":[{"@type":"SearchAction","target":{"@type":"EntryPoint","urlTemplate":"https:\/\/blogit.gradia.fi\/mestaripolku\/?s={search_term_string}"},"query-input":{"@type":"PropertyValueSpecification","valueRequired":true,"valueName":"search_term_string"}}],"inLanguage":"fi"}]}},"uagb_featured_image_src":{"full":false,"thumbnail":false,"medium":false,"medium_large":false,"large":false,"1536x1536":false,"2048x2048":false,"post-thumbnail":false},"uagb_author_info":{"display_name":"Anna Saari","author_link":"https:\/\/blogit.gradia.fi\/mestaripolku\/author\/palviann\/"},"uagb_comment_info":0,"uagb_excerpt":"Mestaripolkua rakentamassa -hankkeen (ESR) tavoitteena on lis\u00e4t\u00e4 ammatillisesta perustutkinnosta valmistuvien kiinnostusta hakeutua ammattitutkinto-opintoihin sek\u00e4 edist\u00e4\u00e4 siirtymist\u00e4 ty\u00f6el\u00e4m\u00e4st\u00e4 ammatti- tai erikoisammattitutkintokoulutukseen. Hankkeessa opiskelijoita tukevat Mestarikiltojen ammattilaiset luoden monipuolisen osaajaverkoston yhdess\u00e4 oppilaitoksen kanssa. Kaksi Mestaripolku-mallia Hankkeen aikana&nbsp;rakennetaan&nbsp;kaksi&nbsp;Mestaripolku-mallia:&nbsp;ohjausmalli perustutkinnosta ammattitutkintoon&nbsp;sek\u00e4&nbsp;toimintamalli ty\u00f6el\u00e4m\u00e4st\u00e4 ammattitutkintoon tai erikoisammattitutkintoon. Hankkeen my\u00f6t\u00e4&nbsp;lis\u00e4t\u00e4\u00e4n yritysten ja ty\u00f6yhteis\u00f6jen ohjausosaamista,&nbsp;vahvistetaan&nbsp;ty\u00f6paikalla tapahtuvan opiskelun ohjausta ja&nbsp;opiskelijan&nbsp;ammatillisen kasvun mentorointia.&nbsp;&nbsp; Lis\u00e4\u00e4 ammattilaisia&hellip;","_links":{"self":[{"href":"https:\/\/blogit.gradia.fi\/mestaripolku\/wp-json\/wp\/v2\/pages\/2","targetHints":{"allow":["GET"]}}],"collection":[{"href":"https:\/\/blogit.gradia.fi\/mestaripolku\/wp-json\/wp\/v2\/pages"}],"about":[{"href":"https:\/\/blogit.gradia.fi\/mestaripolku\/wp-json\/wp\/v2\/types\/page"}],"author":[{"embeddable":true,"href":"https:\/\/blogit.gradia.fi\/mestaripolku\/wp-json\/wp\/v2\/users\/152"}],"replies":[{"embeddable":true,"href":"https:\/\/blogit.gradia.fi\/mestaripolku\/wp-json\/wp\/v2\/comments?post=2"}],"version-history":[{"count":17,"href":"https:\/\/blogit.gradia.fi\/mestaripolku\/wp-json\/wp\/v2\/pages\/2\/revisions"}],"predecessor-version":[{"id":547,"href":"https:\/\/blogit.gradia.fi\/mestaripolku\/wp-json\/wp\/v2\/pages\/2\/revisions\/547"}],"wp:attachment":[{"href":"https:\/\/blogit.gradia.fi\/mestaripolku\/wp-json\/wp\/v2\/media?parent=2"}],"curies":[{"name":"wp","href":"https:\/\/api.w.org\/{rel}","templated":true}]}}