{"id":191,"date":"2021-01-12T11:59:08","date_gmt":"2021-01-12T09:59:08","guid":{"rendered":"https:\/\/blogit.gradia.fi\/mestaripolku\/?page_id=191"},"modified":"2021-11-22T14:58:40","modified_gmt":"2021-11-22T12:58:40","slug":"tyoelamatapaamiset-2021","status":"publish","type":"page","link":"https:\/\/blogit.gradia.fi\/mestaripolku\/tyoelamatapaamiset-2021\/","title":{"rendered":"Ty\u00f6el\u00e4m\u00e4tapaamiset 2021"},"content":{"rendered":"\n<p>Olemme koonneet t\u00e4lle sivulle Mestaripolkua rakentamassa -hankkeen ty\u00f6el\u00e4m\u00e4tapaamiset vuoden 2021 aikana. Tapaamiset ovat olleet todella mielenkiintoisia ja hedelm\u00e4llisi\u00e4 molemminpuolisesti.<\/p>\n\n\n\n<p>Tapaamisten tavoitteena on ollut selvitt\u00e4\u00e4, millaista yhteisty\u00f6t\u00e4 oppilaitos, mestarikilta ja yritykset tai organisaatiot voivat tehd\u00e4. Monia erilaisia yhteisty\u00f6muotoja on syntynyt \u2013 lue n\u00e4ist\u00e4 muutamasta t\u00e4lt\u00e4 sivulta!<\/p>\n\n\n\n<div class=\"wp-block-media-text alignwide is-stacked-on-mobile\" style=\"grid-template-columns:26% auto\"><figure class=\"wp-block-media-text__media\"><img loading=\"lazy\" decoding=\"async\" width=\"1024\" height=\"682\" src=\"https:\/\/blogit.gradia.fi\/mestaripolku\/wp-content\/uploads\/sites\/175\/2021\/07\/varjola_emiliahoisko-27-1024x682.jpg\" alt=\"\" class=\"wp-image-439 size-full\" srcset=\"https:\/\/blogit.gradia.fi\/mestaripolku\/wp-content\/uploads\/sites\/175\/2021\/07\/varjola_emiliahoisko-27-1024x682.jpg 1024w, https:\/\/blogit.gradia.fi\/mestaripolku\/wp-content\/uploads\/sites\/175\/2021\/07\/varjola_emiliahoisko-27-300x200.jpg 300w, https:\/\/blogit.gradia.fi\/mestaripolku\/wp-content\/uploads\/sites\/175\/2021\/07\/varjola_emiliahoisko-27-768x512.jpg 768w, https:\/\/blogit.gradia.fi\/mestaripolku\/wp-content\/uploads\/sites\/175\/2021\/07\/varjola_emiliahoisko-27-1536x1024.jpg 1536w, https:\/\/blogit.gradia.fi\/mestaripolku\/wp-content\/uploads\/sites\/175\/2021\/07\/varjola_emiliahoisko-27.jpg 2000w\" sizes=\"auto, (max-width: 1024px) 100vw, 1024px\" \/><\/figure><div class=\"wp-block-media-text__content\">\n<p><\/p>\n\n\n\n<h2 class=\"wp-block-heading\"><a href=\"https:\/\/blogit.gradia.fi\/mestaripolku\/tyoelamatapaaminen-varjolan-tila\/\">Varjolan tila<\/a><\/h2>\n\n\n\n<p><strong>1.2.2021 | Gradia<\/strong><\/p>\n<\/div><\/div>\n\n\n\n<div class=\"wp-block-media-text alignwide is-stacked-on-mobile\" style=\"grid-template-columns:26% auto\"><figure class=\"wp-block-media-text__media\"><img loading=\"lazy\" decoding=\"async\" width=\"450\" height=\"450\" src=\"https:\/\/blogit.gradia.fi\/mestaripolku\/wp-content\/uploads\/sites\/175\/2021\/07\/SEMMA_1.png\" alt=\"\" class=\"wp-image-447 size-full\" srcset=\"https:\/\/blogit.gradia.fi\/mestaripolku\/wp-content\/uploads\/sites\/175\/2021\/07\/SEMMA_1.png 450w, https:\/\/blogit.gradia.fi\/mestaripolku\/wp-content\/uploads\/sites\/175\/2021\/07\/SEMMA_1-300x300.png 300w, https:\/\/blogit.gradia.fi\/mestaripolku\/wp-content\/uploads\/sites\/175\/2021\/07\/SEMMA_1-150x150.png 150w\" sizes=\"auto, (max-width: 450px) 100vw, 450px\" \/><\/figure><div class=\"wp-block-media-text__content\">\n<p><\/p>\n\n\n\n<h2 class=\"wp-block-heading\"><strong><a href=\"https:\/\/blogit.gradia.fi\/mestaripolku\/tyoelamatapaaminen-semma-ravintolat-ravintola-tilia\/\">Semma-ravintolat, Ravintola Tilia<\/a><\/strong><\/h2>\n\n\n\n<p><strong>12.2.2021 | Gradia<\/strong><\/p>\n<\/div><\/div>\n\n\n\n<div class=\"wp-block-media-text alignwide is-stacked-on-mobile\" style=\"grid-template-columns:26% auto\"><figure class=\"wp-block-media-text__media\"><img loading=\"lazy\" decoding=\"async\" width=\"1024\" height=\"683\" src=\"https:\/\/blogit.gradia.fi\/mestaripolku\/wp-content\/uploads\/sites\/175\/2021\/11\/Hox-bakery_-4-2-1024x683.jpg\" alt=\"\" class=\"wp-image-468 size-full\" srcset=\"https:\/\/blogit.gradia.fi\/mestaripolku\/wp-content\/uploads\/sites\/175\/2021\/11\/Hox-bakery_-4-2-1024x683.jpg 1024w, https:\/\/blogit.gradia.fi\/mestaripolku\/wp-content\/uploads\/sites\/175\/2021\/11\/Hox-bakery_-4-2-300x200.jpg 300w, https:\/\/blogit.gradia.fi\/mestaripolku\/wp-content\/uploads\/sites\/175\/2021\/11\/Hox-bakery_-4-2-768x512.jpg 768w, https:\/\/blogit.gradia.fi\/mestaripolku\/wp-content\/uploads\/sites\/175\/2021\/11\/Hox-bakery_-4-2-1536x1024.jpg 1536w, https:\/\/blogit.gradia.fi\/mestaripolku\/wp-content\/uploads\/sites\/175\/2021\/11\/Hox-bakery_-4-2-2048x1365.jpg 2048w\" sizes=\"auto, (max-width: 1024px) 100vw, 1024px\" \/><\/figure><div class=\"wp-block-media-text__content\">\n<h2 class=\"wp-block-heading\">Hox Bakery<\/h2>\n\n\n\n<p><strong>27.4.2021 | Gradia<\/strong><\/p>\n<\/div><\/div>\n\n\n\n<div class=\"wp-block-media-text alignwide is-stacked-on-mobile\" style=\"grid-template-columns:26% auto\"><figure class=\"wp-block-media-text__media\"><a href=\"https:\/\/blogit.gradia.fi\/mestaripolku\/tyoelamatapaaminen-ruthin-leipomo\/\"><img loading=\"lazy\" decoding=\"async\" width=\"260\" height=\"82\" src=\"https:\/\/blogit.gradia.fi\/mestaripolku\/wp-content\/uploads\/sites\/175\/2021\/07\/ruthin-leipomo-logo-2017_2.png\" alt=\"\" class=\"wp-image-457 size-full\" \/><\/a><\/figure><div class=\"wp-block-media-text__content\">\n<p><\/p>\n\n\n\n<h2 class=\"wp-block-heading\"><a href=\"https:\/\/blogit.gradia.fi\/mestaripolku\/tyoelamatapaaminen-ruthin-leipomo\/\">Ruthin leipomo<\/a><\/h2>\n\n\n\n<p><strong>24.5.2021 | Gradia<\/strong><\/p>\n<\/div><\/div>\n","protected":false},"excerpt":{"rendered":"<p>Olemme koonneet t\u00e4lle sivulle Mestaripolkua rakentamassa -hankkeen ty\u00f6el\u00e4m\u00e4tapaamiset vuoden 2021 aikana. Tapaamiset ovat olleet todella mielenkiintoisia ja hedelm\u00e4llisi\u00e4 molemminpuolisesti. Tapaamisten tavoitteena on ollut selvitt\u00e4\u00e4, millaista yhteisty\u00f6t\u00e4 oppilaitos, mestarikilta ja yritykset tai organisaatiot voivat tehd\u00e4. Monia erilaisia yhteisty\u00f6muotoja on syntynyt \u2013 lue n\u00e4ist\u00e4 muutamasta t\u00e4lt\u00e4 sivulta! Varjolan tila 1.2.2021 | Gradia Semma-ravintolat, Ravintola Tilia 12.2.2021 | &hellip; <a href=\"https:\/\/blogit.gradia.fi\/mestaripolku\/tyoelamatapaamiset-2021\/\" class=\"more-link\">Jatka lukemista <span class=\"screen-reader-text\">Ty\u00f6el\u00e4m\u00e4tapaamiset 2021<\/span> <span class=\"meta-nav\">&rarr;<\/span><\/a><\/p>\n","protected":false},"author":152,"featured_media":0,"parent":0,"menu_order":0,"comment_status":"closed","ping_status":"closed","template":"","meta":{"_uag_custom_page_level_css":"","footnotes":""},"class_list":["post-191","page","type-page","status-publish","hentry"],"yoast_head":"<!-- This site is optimized with the Yoast SEO plugin v27.4 - https:\/\/yoast.com\/product\/yoast-seo-wordpress\/ -->\n<title>Ty\u00f6el\u00e4m\u00e4tapaamiset 2021 - Mestaripolkua rakentamassa<\/title>\n<meta name=\"robots\" content=\"index, follow, max-snippet:-1, max-image-preview:large, max-video-preview:-1\" \/>\n<link rel=\"canonical\" href=\"https:\/\/blogit.gradia.fi\/mestaripolku\/tyoelamatapaamiset-2021\/\" \/>\n<meta property=\"og:locale\" content=\"fi_FI\" \/>\n<meta property=\"og:type\" content=\"article\" \/>\n<meta property=\"og:title\" content=\"Ty\u00f6el\u00e4m\u00e4tapaamiset 2021 - Mestaripolkua rakentamassa\" \/>\n<meta property=\"og:description\" content=\"Olemme koonneet t\u00e4lle sivulle Mestaripolkua rakentamassa -hankkeen ty\u00f6el\u00e4m\u00e4tapaamiset vuoden 2021 aikana. Tapaamiset ovat olleet todella mielenkiintoisia ja hedelm\u00e4llisi\u00e4 molemminpuolisesti. Tapaamisten tavoitteena on ollut selvitt\u00e4\u00e4, millaista yhteisty\u00f6t\u00e4 oppilaitos, mestarikilta ja yritykset tai organisaatiot voivat tehd\u00e4. Monia erilaisia yhteisty\u00f6muotoja on syntynyt \u2013 lue n\u00e4ist\u00e4 muutamasta t\u00e4lt\u00e4 sivulta! Varjolan tila 1.2.2021 | Gradia Semma-ravintolat, Ravintola Tilia 12.2.2021 | &hellip; Jatka lukemista Ty\u00f6el\u00e4m\u00e4tapaamiset 2021 &rarr;\" \/>\n<meta property=\"og:url\" content=\"https:\/\/blogit.gradia.fi\/mestaripolku\/tyoelamatapaamiset-2021\/\" \/>\n<meta property=\"og:site_name\" content=\"Mestaripolkua rakentamassa\" \/>\n<meta property=\"article:modified_time\" content=\"2021-11-22T12:58:40+00:00\" \/>\n<meta property=\"og:image\" content=\"https:\/\/blogit.gradia.fi\/mestaripolku\/wp-content\/uploads\/sites\/175\/2021\/07\/varjola_emiliahoisko-27-1024x682.jpg\" \/>\n<meta name=\"twitter:card\" content=\"summary_large_image\" \/>\n<meta name=\"twitter:label1\" content=\"Arvioitu lukuaika\" \/>\n\t<meta name=\"twitter:data1\" content=\"1 minuutti\" \/>\n<script type=\"application\/ld+json\" class=\"yoast-schema-graph\">{\"@context\":\"https:\\\/\\\/schema.org\",\"@graph\":[{\"@type\":\"WebPage\",\"@id\":\"https:\\\/\\\/blogit.gradia.fi\\\/mestaripolku\\\/tyoelamatapaamiset-2021\\\/\",\"url\":\"https:\\\/\\\/blogit.gradia.fi\\\/mestaripolku\\\/tyoelamatapaamiset-2021\\\/\",\"name\":\"Ty\u00f6el\u00e4m\u00e4tapaamiset 2021 - Mestaripolkua rakentamassa\",\"isPartOf\":{\"@id\":\"https:\\\/\\\/blogit.gradia.fi\\\/mestaripolku\\\/#website\"},\"primaryImageOfPage\":{\"@id\":\"https:\\\/\\\/blogit.gradia.fi\\\/mestaripolku\\\/tyoelamatapaamiset-2021\\\/#primaryimage\"},\"image\":{\"@id\":\"https:\\\/\\\/blogit.gradia.fi\\\/mestaripolku\\\/tyoelamatapaamiset-2021\\\/#primaryimage\"},\"thumbnailUrl\":\"https:\\\/\\\/blogit.gradia.fi\\\/mestaripolku\\\/wp-content\\\/uploads\\\/sites\\\/175\\\/2021\\\/07\\\/varjola_emiliahoisko-27-1024x682.jpg\",\"datePublished\":\"2021-01-12T09:59:08+00:00\",\"dateModified\":\"2021-11-22T12:58:40+00:00\",\"breadcrumb\":{\"@id\":\"https:\\\/\\\/blogit.gradia.fi\\\/mestaripolku\\\/tyoelamatapaamiset-2021\\\/#breadcrumb\"},\"inLanguage\":\"fi\",\"potentialAction\":[{\"@type\":\"ReadAction\",\"target\":[\"https:\\\/\\\/blogit.gradia.fi\\\/mestaripolku\\\/tyoelamatapaamiset-2021\\\/\"]}]},{\"@type\":\"ImageObject\",\"inLanguage\":\"fi\",\"@id\":\"https:\\\/\\\/blogit.gradia.fi\\\/mestaripolku\\\/tyoelamatapaamiset-2021\\\/#primaryimage\",\"url\":\"https:\\\/\\\/blogit.gradia.fi\\\/mestaripolku\\\/wp-content\\\/uploads\\\/sites\\\/175\\\/2021\\\/07\\\/varjola_emiliahoisko-27.jpg\",\"contentUrl\":\"https:\\\/\\\/blogit.gradia.fi\\\/mestaripolku\\\/wp-content\\\/uploads\\\/sites\\\/175\\\/2021\\\/07\\\/varjola_emiliahoisko-27.jpg\",\"width\":2000,\"height\":1333},{\"@type\":\"BreadcrumbList\",\"@id\":\"https:\\\/\\\/blogit.gradia.fi\\\/mestaripolku\\\/tyoelamatapaamiset-2021\\\/#breadcrumb\",\"itemListElement\":[{\"@type\":\"ListItem\",\"position\":1,\"name\":\"Home\",\"item\":\"https:\\\/\\\/blogit.gradia.fi\\\/mestaripolku\\\/\"},{\"@type\":\"ListItem\",\"position\":2,\"name\":\"Ty\u00f6el\u00e4m\u00e4tapaamiset 2021\"}]},{\"@type\":\"WebSite\",\"@id\":\"https:\\\/\\\/blogit.gradia.fi\\\/mestaripolku\\\/#website\",\"url\":\"https:\\\/\\\/blogit.gradia.fi\\\/mestaripolku\\\/\",\"name\":\"Mestaripolkua rakentamassa\",\"description\":\"\",\"potentialAction\":[{\"@type\":\"SearchAction\",\"target\":{\"@type\":\"EntryPoint\",\"urlTemplate\":\"https:\\\/\\\/blogit.gradia.fi\\\/mestaripolku\\\/?s={search_term_string}\"},\"query-input\":{\"@type\":\"PropertyValueSpecification\",\"valueRequired\":true,\"valueName\":\"search_term_string\"}}],\"inLanguage\":\"fi\"}]}<\/script>\n<!-- \/ Yoast SEO plugin. -->","yoast_head_json":{"title":"Ty\u00f6el\u00e4m\u00e4tapaamiset 2021 - Mestaripolkua rakentamassa","robots":{"index":"index","follow":"follow","max-snippet":"max-snippet:-1","max-image-preview":"max-image-preview:large","max-video-preview":"max-video-preview:-1"},"canonical":"https:\/\/blogit.gradia.fi\/mestaripolku\/tyoelamatapaamiset-2021\/","og_locale":"fi_FI","og_type":"article","og_title":"Ty\u00f6el\u00e4m\u00e4tapaamiset 2021 - Mestaripolkua rakentamassa","og_description":"Olemme koonneet t\u00e4lle sivulle Mestaripolkua rakentamassa -hankkeen ty\u00f6el\u00e4m\u00e4tapaamiset vuoden 2021 aikana. Tapaamiset ovat olleet todella mielenkiintoisia ja hedelm\u00e4llisi\u00e4 molemminpuolisesti. Tapaamisten tavoitteena on ollut selvitt\u00e4\u00e4, millaista yhteisty\u00f6t\u00e4 oppilaitos, mestarikilta ja yritykset tai organisaatiot voivat tehd\u00e4. Monia erilaisia yhteisty\u00f6muotoja on syntynyt \u2013 lue n\u00e4ist\u00e4 muutamasta t\u00e4lt\u00e4 sivulta! Varjolan tila 1.2.2021 | Gradia Semma-ravintolat, Ravintola Tilia 12.2.2021 | &hellip; Jatka lukemista Ty\u00f6el\u00e4m\u00e4tapaamiset 2021 &rarr;","og_url":"https:\/\/blogit.gradia.fi\/mestaripolku\/tyoelamatapaamiset-2021\/","og_site_name":"Mestaripolkua rakentamassa","article_modified_time":"2021-11-22T12:58:40+00:00","og_image":[{"url":"https:\/\/blogit.gradia.fi\/mestaripolku\/wp-content\/uploads\/sites\/175\/2021\/07\/varjola_emiliahoisko-27-1024x682.jpg","type":"","width":"","height":""}],"twitter_card":"summary_large_image","twitter_misc":{"Arvioitu lukuaika":"1 minuutti"},"schema":{"@context":"https:\/\/schema.org","@graph":[{"@type":"WebPage","@id":"https:\/\/blogit.gradia.fi\/mestaripolku\/tyoelamatapaamiset-2021\/","url":"https:\/\/blogit.gradia.fi\/mestaripolku\/tyoelamatapaamiset-2021\/","name":"Ty\u00f6el\u00e4m\u00e4tapaamiset 2021 - Mestaripolkua rakentamassa","isPartOf":{"@id":"https:\/\/blogit.gradia.fi\/mestaripolku\/#website"},"primaryImageOfPage":{"@id":"https:\/\/blogit.gradia.fi\/mestaripolku\/tyoelamatapaamiset-2021\/#primaryimage"},"image":{"@id":"https:\/\/blogit.gradia.fi\/mestaripolku\/tyoelamatapaamiset-2021\/#primaryimage"},"thumbnailUrl":"https:\/\/blogit.gradia.fi\/mestaripolku\/wp-content\/uploads\/sites\/175\/2021\/07\/varjola_emiliahoisko-27-1024x682.jpg","datePublished":"2021-01-12T09:59:08+00:00","dateModified":"2021-11-22T12:58:40+00:00","breadcrumb":{"@id":"https:\/\/blogit.gradia.fi\/mestaripolku\/tyoelamatapaamiset-2021\/#breadcrumb"},"inLanguage":"fi","potentialAction":[{"@type":"ReadAction","target":["https:\/\/blogit.gradia.fi\/mestaripolku\/tyoelamatapaamiset-2021\/"]}]},{"@type":"ImageObject","inLanguage":"fi","@id":"https:\/\/blogit.gradia.fi\/mestaripolku\/tyoelamatapaamiset-2021\/#primaryimage","url":"https:\/\/blogit.gradia.fi\/mestaripolku\/wp-content\/uploads\/sites\/175\/2021\/07\/varjola_emiliahoisko-27.jpg","contentUrl":"https:\/\/blogit.gradia.fi\/mestaripolku\/wp-content\/uploads\/sites\/175\/2021\/07\/varjola_emiliahoisko-27.jpg","width":2000,"height":1333},{"@type":"BreadcrumbList","@id":"https:\/\/blogit.gradia.fi\/mestaripolku\/tyoelamatapaamiset-2021\/#breadcrumb","itemListElement":[{"@type":"ListItem","position":1,"name":"Home","item":"https:\/\/blogit.gradia.fi\/mestaripolku\/"},{"@type":"ListItem","position":2,"name":"Ty\u00f6el\u00e4m\u00e4tapaamiset 2021"}]},{"@type":"WebSite","@id":"https:\/\/blogit.gradia.fi\/mestaripolku\/#website","url":"https:\/\/blogit.gradia.fi\/mestaripolku\/","name":"Mestaripolkua rakentamassa","description":"","potentialAction":[{"@type":"SearchAction","target":{"@type":"EntryPoint","urlTemplate":"https:\/\/blogit.gradia.fi\/mestaripolku\/?s={search_term_string}"},"query-input":{"@type":"PropertyValueSpecification","valueRequired":true,"valueName":"search_term_string"}}],"inLanguage":"fi"}]}},"uagb_featured_image_src":{"full":false,"thumbnail":false,"medium":false,"medium_large":false,"large":false,"1536x1536":false,"2048x2048":false,"post-thumbnail":false},"uagb_author_info":{"display_name":"Anna Saari","author_link":"https:\/\/blogit.gradia.fi\/mestaripolku\/author\/palviann\/"},"uagb_comment_info":0,"uagb_excerpt":"Olemme koonneet t\u00e4lle sivulle Mestaripolkua rakentamassa -hankkeen ty\u00f6el\u00e4m\u00e4tapaamiset vuoden 2021 aikana. Tapaamiset ovat olleet todella mielenkiintoisia ja hedelm\u00e4llisi\u00e4 molemminpuolisesti. Tapaamisten tavoitteena on ollut selvitt\u00e4\u00e4, millaista yhteisty\u00f6t\u00e4 oppilaitos, mestarikilta ja yritykset tai organisaatiot voivat tehd\u00e4. Monia erilaisia yhteisty\u00f6muotoja on syntynyt \u2013 lue n\u00e4ist\u00e4 muutamasta t\u00e4lt\u00e4 sivulta! Varjolan tila 1.2.2021 | Gradia Semma-ravintolat, Ravintola Tilia 12.2.2021 |&hellip;","_links":{"self":[{"href":"https:\/\/blogit.gradia.fi\/mestaripolku\/wp-json\/wp\/v2\/pages\/191","targetHints":{"allow":["GET"]}}],"collection":[{"href":"https:\/\/blogit.gradia.fi\/mestaripolku\/wp-json\/wp\/v2\/pages"}],"about":[{"href":"https:\/\/blogit.gradia.fi\/mestaripolku\/wp-json\/wp\/v2\/types\/page"}],"author":[{"embeddable":true,"href":"https:\/\/blogit.gradia.fi\/mestaripolku\/wp-json\/wp\/v2\/users\/152"}],"replies":[{"embeddable":true,"href":"https:\/\/blogit.gradia.fi\/mestaripolku\/wp-json\/wp\/v2\/comments?post=191"}],"version-history":[{"count":12,"href":"https:\/\/blogit.gradia.fi\/mestaripolku\/wp-json\/wp\/v2\/pages\/191\/revisions"}],"predecessor-version":[{"id":471,"href":"https:\/\/blogit.gradia.fi\/mestaripolku\/wp-json\/wp\/v2\/pages\/191\/revisions\/471"}],"wp:attachment":[{"href":"https:\/\/blogit.gradia.fi\/mestaripolku\/wp-json\/wp\/v2\/media?parent=191"}],"curies":[{"name":"wp","href":"https:\/\/api.w.org\/{rel}","templated":true}]}}