{"id":189,"date":"2021-01-12T11:58:03","date_gmt":"2021-01-12T09:58:03","guid":{"rendered":"https:\/\/blogit.gradia.fi\/mestaripolku\/?page_id=189"},"modified":"2022-06-21T10:57:26","modified_gmt":"2022-06-21T07:57:26","slug":"opiskelijainfot-2021","status":"publish","type":"page","link":"https:\/\/blogit.gradia.fi\/mestaripolku\/opiskelijainfot-2021\/","title":{"rendered":"Opiskelijainfot 2021"},"content":{"rendered":"\n<div class=\"wp-block-media-text alignwide is-stacked-on-mobile\" style=\"grid-template-columns:19% auto\"><figure class=\"wp-block-media-text__media\"><img loading=\"lazy\" decoding=\"async\" width=\"1024\" height=\"768\" src=\"https:\/\/blogit.gradia.fi\/mestaripolku\/wp-content\/uploads\/sites\/175\/2021\/02\/7.1.2021_1-1024x768.jpg\" alt=\"opiskelijoita istuu auditoriossa\" class=\"wp-image-382 size-full\" srcset=\"https:\/\/blogit.gradia.fi\/mestaripolku\/wp-content\/uploads\/sites\/175\/2021\/02\/7.1.2021_1-1024x768.jpg 1024w, https:\/\/blogit.gradia.fi\/mestaripolku\/wp-content\/uploads\/sites\/175\/2021\/02\/7.1.2021_1-300x225.jpg 300w, https:\/\/blogit.gradia.fi\/mestaripolku\/wp-content\/uploads\/sites\/175\/2021\/02\/7.1.2021_1-768x576.jpg 768w, https:\/\/blogit.gradia.fi\/mestaripolku\/wp-content\/uploads\/sites\/175\/2021\/02\/7.1.2021_1-1536x1152.jpg 1536w, https:\/\/blogit.gradia.fi\/mestaripolku\/wp-content\/uploads\/sites\/175\/2021\/02\/7.1.2021_1-2048x1536.jpg 2048w\" sizes=\"auto, (max-width: 1024px) 100vw, 1024px\" \/><\/figure><div class=\"wp-block-media-text__content\">\n<h2 class=\"wp-block-heading\"><a href=\"https:\/\/blogit.gradia.fi\/mestaripolku\/2021\/01\/11\/opiskelijainfo-leipomoalan-opiskelijoille\/\">Opiskelijainfo leipomoalan opiskelijoille<\/a><\/h2>\n\n\n\n<p><strong>7.1.2021 | Gradia<\/strong><\/p>\n<\/div><\/div>\n\n\n\n<div class=\"wp-block-media-text alignwide is-stacked-on-mobile\" style=\"grid-template-columns:19% auto\"><figure class=\"wp-block-media-text__media\"><img loading=\"lazy\" decoding=\"async\" width=\"1024\" height=\"768\" src=\"https:\/\/blogit.gradia.fi\/mestaripolku\/wp-content\/uploads\/sites\/175\/2021\/02\/18.1.2021_4-1024x768.jpg\" alt=\"opiskelijoita pulpettien \u00e4\u00e4ress\u00e4\" class=\"wp-image-389 size-full\" srcset=\"https:\/\/blogit.gradia.fi\/mestaripolku\/wp-content\/uploads\/sites\/175\/2021\/02\/18.1.2021_4-1024x768.jpg 1024w, https:\/\/blogit.gradia.fi\/mestaripolku\/wp-content\/uploads\/sites\/175\/2021\/02\/18.1.2021_4-300x225.jpg 300w, https:\/\/blogit.gradia.fi\/mestaripolku\/wp-content\/uploads\/sites\/175\/2021\/02\/18.1.2021_4-768x576.jpg 768w, https:\/\/blogit.gradia.fi\/mestaripolku\/wp-content\/uploads\/sites\/175\/2021\/02\/18.1.2021_4-1536x1152.jpg 1536w, https:\/\/blogit.gradia.fi\/mestaripolku\/wp-content\/uploads\/sites\/175\/2021\/02\/18.1.2021_4-2048x1536.jpg 2048w\" sizes=\"auto, (max-width: 1024px) 100vw, 1024px\" \/><\/figure><div class=\"wp-block-media-text__content\">\n<h2 class=\"wp-block-heading\"><a href=\"https:\/\/blogit.gradia.fi\/mestaripolku\/2021\/01\/20\/opiskelijainfo-elintarvikealan-opiskelijoille-2\/\">Opiskelijainfo leipomoalan opiskelijoille<\/a><\/h2>\n\n\n\n<p><strong>18.1.2021| Gradia<\/strong><\/p>\n<\/div><\/div>\n\n\n\n<div class=\"wp-block-media-text alignwide is-stacked-on-mobile\" style=\"grid-template-columns:19% auto\"><figure class=\"wp-block-media-text__media\"><img loading=\"lazy\" decoding=\"async\" width=\"1024\" height=\"768\" src=\"https:\/\/blogit.gradia.fi\/mestaripolku\/wp-content\/uploads\/sites\/175\/2021\/01\/pexels-pixabay-65623-1024x768.jpg\" alt=\"auton moottori\" class=\"wp-image-215 size-full\" srcset=\"https:\/\/blogit.gradia.fi\/mestaripolku\/wp-content\/uploads\/sites\/175\/2021\/01\/pexels-pixabay-65623-1024x768.jpg 1024w, https:\/\/blogit.gradia.fi\/mestaripolku\/wp-content\/uploads\/sites\/175\/2021\/01\/pexels-pixabay-65623-300x225.jpg 300w, https:\/\/blogit.gradia.fi\/mestaripolku\/wp-content\/uploads\/sites\/175\/2021\/01\/pexels-pixabay-65623-768x576.jpg 768w, https:\/\/blogit.gradia.fi\/mestaripolku\/wp-content\/uploads\/sites\/175\/2021\/01\/pexels-pixabay-65623-1536x1152.jpg 1536w, https:\/\/blogit.gradia.fi\/mestaripolku\/wp-content\/uploads\/sites\/175\/2021\/01\/pexels-pixabay-65623-2048x1536.jpg 2048w\" sizes=\"auto, (max-width: 1024px) 100vw, 1024px\" \/><\/figure><div class=\"wp-block-media-text__content\">\n<h2 class=\"wp-block-heading\"><strong>Opiskelijainfo autoalan opiskelijoille<\/strong><\/h2>\n\n\n\n<p><strong>26.2.2021 | Gradia<\/strong><\/p>\n<\/div><\/div>\n\n\n\n<div class=\"wp-block-media-text alignwide is-stacked-on-mobile\" style=\"grid-template-columns:19% auto\"><figure class=\"wp-block-media-text__media\"><img loading=\"lazy\" decoding=\"async\" width=\"1024\" height=\"684\" src=\"https:\/\/blogit.gradia.fi\/mestaripolku\/wp-content\/uploads\/sites\/175\/2021\/01\/pexels-skitterphoto-316909-1024x684.jpg\" alt=\"j\u00e4lkiruoka tarjolla\" class=\"wp-image-247 size-full\" srcset=\"https:\/\/blogit.gradia.fi\/mestaripolku\/wp-content\/uploads\/sites\/175\/2021\/01\/pexels-skitterphoto-316909-1024x684.jpg 1024w, https:\/\/blogit.gradia.fi\/mestaripolku\/wp-content\/uploads\/sites\/175\/2021\/01\/pexels-skitterphoto-316909-300x200.jpg 300w, https:\/\/blogit.gradia.fi\/mestaripolku\/wp-content\/uploads\/sites\/175\/2021\/01\/pexels-skitterphoto-316909-768x513.jpg 768w, https:\/\/blogit.gradia.fi\/mestaripolku\/wp-content\/uploads\/sites\/175\/2021\/01\/pexels-skitterphoto-316909-1536x1025.jpg 1536w, https:\/\/blogit.gradia.fi\/mestaripolku\/wp-content\/uploads\/sites\/175\/2021\/01\/pexels-skitterphoto-316909-2048x1367.jpg 2048w\" sizes=\"auto, (max-width: 1024px) 100vw, 1024px\" \/><\/figure><div class=\"wp-block-media-text__content\">\n<h2 class=\"wp-block-heading\"><strong>Opiskelijainfo matkailu- ja ravitsemusalan opiskelijoille<\/strong><\/h2>\n\n\n\n<p><strong>8.4.2021 | Gradia<\/strong><\/p>\n<\/div><\/div>\n\n\n\n<div class=\"wp-block-media-text alignwide is-stacked-on-mobile\" style=\"grid-template-columns:19% auto\"><figure class=\"wp-block-media-text__media\"><img loading=\"lazy\" decoding=\"async\" width=\"1024\" height=\"683\" src=\"https:\/\/blogit.gradia.fi\/mestaripolku\/wp-content\/uploads\/sites\/175\/2021\/01\/pexels-ivan-57980-1024x683.jpg\" alt=\"h\u00e4\u00e4p\u00f6yt\u00e4 kattaus ruusut\" class=\"wp-image-246 size-full\" srcset=\"https:\/\/blogit.gradia.fi\/mestaripolku\/wp-content\/uploads\/sites\/175\/2021\/01\/pexels-ivan-57980-1024x683.jpg 1024w, https:\/\/blogit.gradia.fi\/mestaripolku\/wp-content\/uploads\/sites\/175\/2021\/01\/pexels-ivan-57980-300x200.jpg 300w, https:\/\/blogit.gradia.fi\/mestaripolku\/wp-content\/uploads\/sites\/175\/2021\/01\/pexels-ivan-57980-768x512.jpg 768w, https:\/\/blogit.gradia.fi\/mestaripolku\/wp-content\/uploads\/sites\/175\/2021\/01\/pexels-ivan-57980-1536x1024.jpg 1536w, https:\/\/blogit.gradia.fi\/mestaripolku\/wp-content\/uploads\/sites\/175\/2021\/01\/pexels-ivan-57980-2048x1365.jpg 2048w\" sizes=\"auto, (max-width: 1024px) 100vw, 1024px\" \/><\/figure><div class=\"wp-block-media-text__content\">\n<h2 class=\"wp-block-heading\"><strong><strong>Opiskelijainfo ravitsemus- ja cateringalan opiskelijoille<\/strong> <\/strong><\/h2>\n\n\n\n<p><strong>15.4.2021 | Gradia<\/strong><\/p>\n<\/div><\/div>\n\n\n\n<div class=\"wp-block-media-text alignwide is-stacked-on-mobile\" style=\"grid-template-columns:19% auto\"><figure class=\"wp-block-media-text__media\"><img loading=\"lazy\" decoding=\"async\" width=\"1024\" height=\"683\" src=\"https:\/\/blogit.gradia.fi\/mestaripolku\/wp-content\/uploads\/sites\/175\/2021\/01\/gradia-teollinen-maalaus-hires-srgb-0388-1024x683.jpg\" alt=\"maalariopiskelija maalauslasta k\u00e4dess\u00e4\" class=\"wp-image-250 size-full\" srcset=\"https:\/\/blogit.gradia.fi\/mestaripolku\/wp-content\/uploads\/sites\/175\/2021\/01\/gradia-teollinen-maalaus-hires-srgb-0388-1024x683.jpg 1024w, https:\/\/blogit.gradia.fi\/mestaripolku\/wp-content\/uploads\/sites\/175\/2021\/01\/gradia-teollinen-maalaus-hires-srgb-0388-300x200.jpg 300w, https:\/\/blogit.gradia.fi\/mestaripolku\/wp-content\/uploads\/sites\/175\/2021\/01\/gradia-teollinen-maalaus-hires-srgb-0388-768x512.jpg 768w, https:\/\/blogit.gradia.fi\/mestaripolku\/wp-content\/uploads\/sites\/175\/2021\/01\/gradia-teollinen-maalaus-hires-srgb-0388-1536x1024.jpg 1536w, https:\/\/blogit.gradia.fi\/mestaripolku\/wp-content\/uploads\/sites\/175\/2021\/01\/gradia-teollinen-maalaus-hires-srgb-0388.jpg 2048w\" sizes=\"auto, (max-width: 1024px) 100vw, 1024px\" \/><\/figure><div class=\"wp-block-media-text__content\">\n<h2 class=\"wp-block-heading\"> <strong>Opiskelijainfo pintak\u00e4sittelyalan opiskelijoille<\/strong> <\/h2>\n\n\n\n<p><strong>10.5.2021 | Gradia<\/strong><\/p>\n<\/div><\/div>\n","protected":false},"excerpt":{"rendered":"<p>Opiskelijainfo leipomoalan opiskelijoille 7.1.2021 | Gradia Opiskelijainfo leipomoalan opiskelijoille 18.1.2021| Gradia Opiskelijainfo autoalan opiskelijoille 26.2.2021 | Gradia Opiskelijainfo matkailu- ja ravitsemusalan opiskelijoille 8.4.2021 | Gradia Opiskelijainfo ravitsemus- ja cateringalan opiskelijoille 15.4.2021 | Gradia Opiskelijainfo pintak\u00e4sittelyalan opiskelijoille 10.5.2021 | Gradia<\/p>\n","protected":false},"author":152,"featured_media":0,"parent":0,"menu_order":0,"comment_status":"closed","ping_status":"closed","template":"","meta":{"_uag_custom_page_level_css":"","footnotes":""},"class_list":["post-189","page","type-page","status-publish","hentry"],"yoast_head":"<!-- This site is optimized with the Yoast SEO plugin v27.4 - https:\/\/yoast.com\/product\/yoast-seo-wordpress\/ -->\n<title>Opiskelijainfot 2021 - Mestaripolkua rakentamassa<\/title>\n<meta name=\"robots\" content=\"index, follow, max-snippet:-1, max-image-preview:large, max-video-preview:-1\" \/>\n<link rel=\"canonical\" href=\"https:\/\/blogit.gradia.fi\/mestaripolku\/opiskelijainfot-2021\/\" \/>\n<meta property=\"og:locale\" content=\"fi_FI\" \/>\n<meta property=\"og:type\" content=\"article\" \/>\n<meta property=\"og:title\" content=\"Opiskelijainfot 2021 - Mestaripolkua rakentamassa\" \/>\n<meta property=\"og:description\" content=\"Opiskelijainfo leipomoalan opiskelijoille 7.1.2021 | Gradia Opiskelijainfo leipomoalan opiskelijoille 18.1.2021| Gradia Opiskelijainfo autoalan opiskelijoille 26.2.2021 | Gradia Opiskelijainfo matkailu- ja ravitsemusalan opiskelijoille 8.4.2021 | Gradia Opiskelijainfo ravitsemus- ja cateringalan opiskelijoille 15.4.2021 | Gradia Opiskelijainfo pintak\u00e4sittelyalan opiskelijoille 10.5.2021 | Gradia\" \/>\n<meta property=\"og:url\" content=\"https:\/\/blogit.gradia.fi\/mestaripolku\/opiskelijainfot-2021\/\" \/>\n<meta property=\"og:site_name\" content=\"Mestaripolkua rakentamassa\" \/>\n<meta property=\"article:modified_time\" content=\"2022-06-21T07:57:26+00:00\" \/>\n<meta property=\"og:image\" content=\"https:\/\/blogit.gradia.fi\/mestaripolku\/wp-content\/uploads\/sites\/175\/2021\/02\/7.1.2021_1-1024x768.jpg\" \/>\n<meta name=\"twitter:card\" content=\"summary_large_image\" \/>\n<meta name=\"twitter:label1\" content=\"Arvioitu lukuaika\" \/>\n\t<meta name=\"twitter:data1\" content=\"2 minuuttia\" \/>\n<script type=\"application\/ld+json\" class=\"yoast-schema-graph\">{\"@context\":\"https:\\\/\\\/schema.org\",\"@graph\":[{\"@type\":\"WebPage\",\"@id\":\"https:\\\/\\\/blogit.gradia.fi\\\/mestaripolku\\\/opiskelijainfot-2021\\\/\",\"url\":\"https:\\\/\\\/blogit.gradia.fi\\\/mestaripolku\\\/opiskelijainfot-2021\\\/\",\"name\":\"Opiskelijainfot 2021 - Mestaripolkua rakentamassa\",\"isPartOf\":{\"@id\":\"https:\\\/\\\/blogit.gradia.fi\\\/mestaripolku\\\/#website\"},\"primaryImageOfPage\":{\"@id\":\"https:\\\/\\\/blogit.gradia.fi\\\/mestaripolku\\\/opiskelijainfot-2021\\\/#primaryimage\"},\"image\":{\"@id\":\"https:\\\/\\\/blogit.gradia.fi\\\/mestaripolku\\\/opiskelijainfot-2021\\\/#primaryimage\"},\"thumbnailUrl\":\"https:\\\/\\\/blogit.gradia.fi\\\/mestaripolku\\\/wp-content\\\/uploads\\\/sites\\\/175\\\/2021\\\/02\\\/7.1.2021_1-1024x768.jpg\",\"datePublished\":\"2021-01-12T09:58:03+00:00\",\"dateModified\":\"2022-06-21T07:57:26+00:00\",\"breadcrumb\":{\"@id\":\"https:\\\/\\\/blogit.gradia.fi\\\/mestaripolku\\\/opiskelijainfot-2021\\\/#breadcrumb\"},\"inLanguage\":\"fi\",\"potentialAction\":[{\"@type\":\"ReadAction\",\"target\":[\"https:\\\/\\\/blogit.gradia.fi\\\/mestaripolku\\\/opiskelijainfot-2021\\\/\"]}]},{\"@type\":\"ImageObject\",\"inLanguage\":\"fi\",\"@id\":\"https:\\\/\\\/blogit.gradia.fi\\\/mestaripolku\\\/opiskelijainfot-2021\\\/#primaryimage\",\"url\":\"https:\\\/\\\/blogit.gradia.fi\\\/mestaripolku\\\/wp-content\\\/uploads\\\/sites\\\/175\\\/2021\\\/02\\\/7.1.2021_1-1024x768.jpg\",\"contentUrl\":\"https:\\\/\\\/blogit.gradia.fi\\\/mestaripolku\\\/wp-content\\\/uploads\\\/sites\\\/175\\\/2021\\\/02\\\/7.1.2021_1-1024x768.jpg\"},{\"@type\":\"BreadcrumbList\",\"@id\":\"https:\\\/\\\/blogit.gradia.fi\\\/mestaripolku\\\/opiskelijainfot-2021\\\/#breadcrumb\",\"itemListElement\":[{\"@type\":\"ListItem\",\"position\":1,\"name\":\"Home\",\"item\":\"https:\\\/\\\/blogit.gradia.fi\\\/mestaripolku\\\/\"},{\"@type\":\"ListItem\",\"position\":2,\"name\":\"Opiskelijainfot 2021\"}]},{\"@type\":\"WebSite\",\"@id\":\"https:\\\/\\\/blogit.gradia.fi\\\/mestaripolku\\\/#website\",\"url\":\"https:\\\/\\\/blogit.gradia.fi\\\/mestaripolku\\\/\",\"name\":\"Mestaripolkua rakentamassa\",\"description\":\"\",\"potentialAction\":[{\"@type\":\"SearchAction\",\"target\":{\"@type\":\"EntryPoint\",\"urlTemplate\":\"https:\\\/\\\/blogit.gradia.fi\\\/mestaripolku\\\/?s={search_term_string}\"},\"query-input\":{\"@type\":\"PropertyValueSpecification\",\"valueRequired\":true,\"valueName\":\"search_term_string\"}}],\"inLanguage\":\"fi\"}]}<\/script>\n<!-- \/ Yoast SEO plugin. -->","yoast_head_json":{"title":"Opiskelijainfot 2021 - Mestaripolkua rakentamassa","robots":{"index":"index","follow":"follow","max-snippet":"max-snippet:-1","max-image-preview":"max-image-preview:large","max-video-preview":"max-video-preview:-1"},"canonical":"https:\/\/blogit.gradia.fi\/mestaripolku\/opiskelijainfot-2021\/","og_locale":"fi_FI","og_type":"article","og_title":"Opiskelijainfot 2021 - Mestaripolkua rakentamassa","og_description":"Opiskelijainfo leipomoalan opiskelijoille 7.1.2021 | Gradia Opiskelijainfo leipomoalan opiskelijoille 18.1.2021| Gradia Opiskelijainfo autoalan opiskelijoille 26.2.2021 | Gradia Opiskelijainfo matkailu- ja ravitsemusalan opiskelijoille 8.4.2021 | Gradia Opiskelijainfo ravitsemus- ja cateringalan opiskelijoille 15.4.2021 | Gradia Opiskelijainfo pintak\u00e4sittelyalan opiskelijoille 10.5.2021 | Gradia","og_url":"https:\/\/blogit.gradia.fi\/mestaripolku\/opiskelijainfot-2021\/","og_site_name":"Mestaripolkua rakentamassa","article_modified_time":"2022-06-21T07:57:26+00:00","og_image":[{"url":"https:\/\/blogit.gradia.fi\/mestaripolku\/wp-content\/uploads\/sites\/175\/2021\/02\/7.1.2021_1-1024x768.jpg","type":"","width":"","height":""}],"twitter_card":"summary_large_image","twitter_misc":{"Arvioitu lukuaika":"2 minuuttia"},"schema":{"@context":"https:\/\/schema.org","@graph":[{"@type":"WebPage","@id":"https:\/\/blogit.gradia.fi\/mestaripolku\/opiskelijainfot-2021\/","url":"https:\/\/blogit.gradia.fi\/mestaripolku\/opiskelijainfot-2021\/","name":"Opiskelijainfot 2021 - Mestaripolkua rakentamassa","isPartOf":{"@id":"https:\/\/blogit.gradia.fi\/mestaripolku\/#website"},"primaryImageOfPage":{"@id":"https:\/\/blogit.gradia.fi\/mestaripolku\/opiskelijainfot-2021\/#primaryimage"},"image":{"@id":"https:\/\/blogit.gradia.fi\/mestaripolku\/opiskelijainfot-2021\/#primaryimage"},"thumbnailUrl":"https:\/\/blogit.gradia.fi\/mestaripolku\/wp-content\/uploads\/sites\/175\/2021\/02\/7.1.2021_1-1024x768.jpg","datePublished":"2021-01-12T09:58:03+00:00","dateModified":"2022-06-21T07:57:26+00:00","breadcrumb":{"@id":"https:\/\/blogit.gradia.fi\/mestaripolku\/opiskelijainfot-2021\/#breadcrumb"},"inLanguage":"fi","potentialAction":[{"@type":"ReadAction","target":["https:\/\/blogit.gradia.fi\/mestaripolku\/opiskelijainfot-2021\/"]}]},{"@type":"ImageObject","inLanguage":"fi","@id":"https:\/\/blogit.gradia.fi\/mestaripolku\/opiskelijainfot-2021\/#primaryimage","url":"https:\/\/blogit.gradia.fi\/mestaripolku\/wp-content\/uploads\/sites\/175\/2021\/02\/7.1.2021_1-1024x768.jpg","contentUrl":"https:\/\/blogit.gradia.fi\/mestaripolku\/wp-content\/uploads\/sites\/175\/2021\/02\/7.1.2021_1-1024x768.jpg"},{"@type":"BreadcrumbList","@id":"https:\/\/blogit.gradia.fi\/mestaripolku\/opiskelijainfot-2021\/#breadcrumb","itemListElement":[{"@type":"ListItem","position":1,"name":"Home","item":"https:\/\/blogit.gradia.fi\/mestaripolku\/"},{"@type":"ListItem","position":2,"name":"Opiskelijainfot 2021"}]},{"@type":"WebSite","@id":"https:\/\/blogit.gradia.fi\/mestaripolku\/#website","url":"https:\/\/blogit.gradia.fi\/mestaripolku\/","name":"Mestaripolkua rakentamassa","description":"","potentialAction":[{"@type":"SearchAction","target":{"@type":"EntryPoint","urlTemplate":"https:\/\/blogit.gradia.fi\/mestaripolku\/?s={search_term_string}"},"query-input":{"@type":"PropertyValueSpecification","valueRequired":true,"valueName":"search_term_string"}}],"inLanguage":"fi"}]}},"uagb_featured_image_src":{"full":false,"thumbnail":false,"medium":false,"medium_large":false,"large":false,"1536x1536":false,"2048x2048":false,"post-thumbnail":false},"uagb_author_info":{"display_name":"Anna Saari","author_link":"https:\/\/blogit.gradia.fi\/mestaripolku\/author\/palviann\/"},"uagb_comment_info":0,"uagb_excerpt":"Opiskelijainfo leipomoalan opiskelijoille 7.1.2021 | Gradia Opiskelijainfo leipomoalan opiskelijoille 18.1.2021| Gradia Opiskelijainfo autoalan opiskelijoille 26.2.2021 | Gradia Opiskelijainfo matkailu- ja ravitsemusalan opiskelijoille 8.4.2021 | Gradia Opiskelijainfo ravitsemus- ja cateringalan opiskelijoille 15.4.2021 | Gradia Opiskelijainfo pintak\u00e4sittelyalan opiskelijoille 10.5.2021 | Gradia","_links":{"self":[{"href":"https:\/\/blogit.gradia.fi\/mestaripolku\/wp-json\/wp\/v2\/pages\/189","targetHints":{"allow":["GET"]}}],"collection":[{"href":"https:\/\/blogit.gradia.fi\/mestaripolku\/wp-json\/wp\/v2\/pages"}],"about":[{"href":"https:\/\/blogit.gradia.fi\/mestaripolku\/wp-json\/wp\/v2\/types\/page"}],"author":[{"embeddable":true,"href":"https:\/\/blogit.gradia.fi\/mestaripolku\/wp-json\/wp\/v2\/users\/152"}],"replies":[{"embeddable":true,"href":"https:\/\/blogit.gradia.fi\/mestaripolku\/wp-json\/wp\/v2\/comments?post=189"}],"version-history":[{"count":5,"href":"https:\/\/blogit.gradia.fi\/mestaripolku\/wp-json\/wp\/v2\/pages\/189\/revisions"}],"predecessor-version":[{"id":466,"href":"https:\/\/blogit.gradia.fi\/mestaripolku\/wp-json\/wp\/v2\/pages\/189\/revisions\/466"}],"wp:attachment":[{"href":"https:\/\/blogit.gradia.fi\/mestaripolku\/wp-json\/wp\/v2\/media?parent=189"}],"curies":[{"name":"wp","href":"https:\/\/api.w.org\/{rel}","templated":true}]}}