{"id":164,"date":"2021-01-12T10:07:11","date_gmt":"2021-01-12T08:07:11","guid":{"rendered":"https:\/\/blogit.gradia.fi\/mestaripolku\/?page_id=164"},"modified":"2021-01-29T11:10:18","modified_gmt":"2021-01-29T09:10:18","slug":"monta-opiskelutapaa","status":"publish","type":"page","link":"https:\/\/blogit.gradia.fi\/mestaripolku\/opiskelijalle\/monta-opiskelutapaa\/","title":{"rendered":"Monta opiskelutapaa"},"content":{"rendered":"\n<p><a href=\"https:\/\/blogit.gradia.fi\/mestaripolku\/opiskelijalle\/\">Ammatilliset opinnot<\/a> muodostuvat opinnoista oppilaitoksessa ja ty\u00f6el\u00e4m\u00e4ss\u00e4 tapahtuvasta&nbsp;oppimisesta.&nbsp;Opinnot voidaan suorittaa ty\u00f6n ohessa.&nbsp;Ty\u00f6el\u00e4m\u00e4ss\u00e4 tapahtuva oppiminen voidaan suorittaa joko koulutussopimuksella tai oppisopimuksella tapahtuvalla toimintamallilla.&nbsp;<\/p>\n\n\n\n<p>Ty\u00f6n ohessa opiskelu on mahdollista erilaisin opetusmenetelmin: l\u00e4hiopetuksen lis\u00e4ksi on ohjattua et\u00e4opiskelua, ennakko- ja kehitt\u00e4misteht\u00e4vi\u00e4 sek\u00e4 ty\u00f6el\u00e4m\u00e4ss\u00e4 oppimista. Opintojen pituuteen vaikuttavat hakijan aikaisemmat opinnot, ty\u00f6kokemus ja esimerkiksi harrastusten kautta hankittu osaaminen sek\u00e4 haluttu opintojen laajuus (tutkinnon osa\/osat tai koko tutkinto).<\/p>\n\n\n\n<h2 class=\"wp-block-heading\"><strong>Koulutussopimus<\/strong><\/h2>\n\n\n\n<p>Koulutussopimus on opiskelijalle merkitt\u00e4v\u00e4 osa osaamisen hankkimista ja kehittymist\u00e4 ammattilaiseksi.&nbsp;Koulutussopimuksella hankitaan ja vahvistetaan osaamista ty\u00f6el\u00e4m\u00e4ss\u00e4 oppien. Ty\u00f6teht\u00e4vien tulee antaa valmiuksia ja osaamista suoritettavan tutkinnonosan&nbsp;tai -osien suorittamiseen.&nbsp;&nbsp;<\/p>\n\n\n\n<p>Tutkinnon osan ammattitaitovaatimukset kerrotaan suoritettavan tutkinnon perusteissa.&nbsp;Opiskelijalle nimet\u00e4\u00e4n ty\u00f6paikkaohjaaja,&nbsp;joka tavoitteellisesti ohjaa opiskelijaa ja antaa palautetta osaamisen kehittymisest\u00e4.&nbsp;&nbsp;<\/p>\n\n\n\n<h3 class=\"wp-block-heading\"><strong>Koulutussopimuksen aikana&nbsp;opiskelija<\/strong><\/h3>\n\n\n\n<ul class=\"wp-block-list\"><li>ei ole&nbsp;ty\u00f6suhteessa,&nbsp;eik\u00e4&nbsp;opiskelijalle makseta palkkaa tai muuta vastiketta<\/li><li>opiskelija voi hakea Kelan my\u00f6nt\u00e4m\u00e4\u00e4 opintotukea<\/li><li>opintotukeen kuuluvat&nbsp;opintoraha, opintolainan&nbsp;valtiontakaus&nbsp;ja asumistuki opiskelijalle<\/li><li>opiskelija voi hakea opintorahan huoltajakorostusta, mik\u00e4li h\u00e4nell\u00e4 on&nbsp;alle&nbsp;18-vuotias lapsi<\/li><\/ul>\n\n\n\n<p>Koulutussopimus suunnitellaan yhdess\u00e4 opiskelijan, ty\u00f6nantajan edustajan sek\u00e4 alan opettajan kanssa, jotta ty\u00f6teht\u00e4v\u00e4t ovat tutkinnon\u00a0ammattitaitovaatimusten mukaisia.\u00a0Perehdytt\u00e4misk\u00e4ynnin yhteydess\u00e4 sovitaan my\u00f6s\u00a0mm. ty\u00f6paikkak\u00e4ynneist\u00e4 ja yhteydenpidosta. Opettaja toimii yhteyshenkil\u00f6n\u00e4 ja tukee ty\u00f6paikkaohjaajaa opiskelijan ohjaamisessa.\u00a0<\/p>\n\n\n\n<p>Ty\u00f6el\u00e4m\u00e4ss\u00e4 oppiminen suunnitellaan opiskelijan ja ty\u00f6nantajan kanssa ennen koulutussopimuksen solmimista ja p\u00e4ivitet\u00e4\u00e4n henkil\u00f6kohtaisen osaamisen&nbsp;kehitt\u00e4missuunnitelmaan (HOKS).&nbsp;<\/p>\n\n\n\n<h3 class=\"wp-block-heading\"><strong>Koulutussopimuksella tapahtuva oppiminen<\/strong><\/h3>\n\n\n\n<ul class=\"wp-block-list\"><li>Suoritetaan tutkinnon osa, pienempi osa tai useampi tutkinnonosa kerrallaan,&nbsp;1-5&nbsp;pv\/vko, tuntim\u00e4\u00e4r\u00e4 sovitaan yksil\u00f6llisesti <\/li><li>Opiskelija voi saada opintososiaalisia etuuksia<\/li><li>Opiskelija ei ole ty\u00f6suhteessa, ei saa palkkaa tai korvausta<\/li><li>Ty\u00f6nantajalle ei makseta koulutuskorvausta<\/li><\/ul>\n\n\n\n<p>Koulutussopimukselle ei ole m\u00e4\u00e4ritelty minimiaikaa, se voidaan tehd\u00e4 opiskelijanyksil\u00f6llisen tarpeen perusteella ja mittaisena.&nbsp;<\/p>\n\n\n\n<p>Koulutussopimukseen perustuvassa koulutuksessa opiskelija hankkii osaamista ty\u00f6paikalla k\u00e4yt\u00e4nn\u00f6n ty\u00f6teht\u00e4vien yhteydess\u00e4, jota t\u00e4ydennet\u00e4\u00e4n tarvittaessa muissa oppimisymp\u00e4rist\u00f6iss\u00e4 tapahtuvalla osaamisen hankkimisella.\u202f&nbsp;<\/p>\n\n\n\n<p><a href=\"https:\/\/www.oph.fi\/fi\/koulutus-ja-tutkinnot\/tyoelamassa-oppiminen\" target=\"_blank\" rel=\"noreferrer noopener\">Lue lis\u00e4\u00e4 ty\u00f6el\u00e4m\u00e4ss\u00e4 oppimisesta<\/a><\/p>\n\n\n\n<figure class=\"wp-block-image size-large is-resized\"><img loading=\"lazy\" decoding=\"async\" src=\"https:\/\/blogit.gradia.fi\/mestaripolku\/wp-content\/uploads\/sites\/175\/2021\/01\/pexels-pixabay-356043-1024x626.jpg\" alt=\"\" class=\"wp-image-296\" width=\"494\" height=\"301\" srcset=\"https:\/\/blogit.gradia.fi\/mestaripolku\/wp-content\/uploads\/sites\/175\/2021\/01\/pexels-pixabay-356043-1024x626.jpg 1024w, https:\/\/blogit.gradia.fi\/mestaripolku\/wp-content\/uploads\/sites\/175\/2021\/01\/pexels-pixabay-356043-300x183.jpg 300w, https:\/\/blogit.gradia.fi\/mestaripolku\/wp-content\/uploads\/sites\/175\/2021\/01\/pexels-pixabay-356043-768x469.jpg 768w, https:\/\/blogit.gradia.fi\/mestaripolku\/wp-content\/uploads\/sites\/175\/2021\/01\/pexels-pixabay-356043-1536x939.jpg 1536w, https:\/\/blogit.gradia.fi\/mestaripolku\/wp-content\/uploads\/sites\/175\/2021\/01\/pexels-pixabay-356043-2048x1252.jpg 2048w\" sizes=\"auto, (max-width: 494px) 100vw, 494px\" \/><\/figure>\n\n\n\n<h2 class=\"wp-block-heading\"><strong>Oppisopimus<\/strong>koulutus<\/h2>\n\n\n\n<p><a href=\"https:\/\/www.oppisopimus.fi\/\" target=\"_blank\" rel=\"noreferrer noopener\">Oppisopimuskoulutus <\/a>on p\u00e4\u00e4osin ty\u00f6paikalla k\u00e4yt\u00e4nn\u00f6n ty\u00f6teht\u00e4vien yhteydess\u00e4 j\u00e4rjestett\u00e4v\u00e4\u00e4 koulutusta, jota t\u00e4ydennet\u00e4\u00e4n tarvittaessa&nbsp;oppilaitoksessa tapahtuvalla opiskelulla.\u202f<\/p>\n\n\n\n<p>Oppisopimuksesta sovitaan&nbsp;opiskelijan,&nbsp;ty\u00f6nantajan&nbsp;ja koulutuksen j\u00e4rjest\u00e4j\u00e4n kesken ennen sopimuksen solmimista ja p\u00e4ivitet\u00e4\u00e4n henkil\u00f6kohtaisen osaamisen kehitt\u00e4missuunnitelmaan (HOKS).&nbsp;<\/p>\n\n\n\n<h3 class=\"wp-block-heading\"><strong>Oppisopimuksella tapahtuva oppiminen<\/strong>&nbsp;<\/h3>\n\n\n\n<ul class=\"wp-block-list\"><li>Oppisopimusopiskelijan tulee olla v\u00e4hint\u00e4\u00e4n 15-vuotias&nbsp;<\/li><li>Viikoittaisen ty\u00f6ajan tulee olla keskim\u00e4\u00e4rin v\u00e4hint\u00e4\u00e4n 25 tuntia&nbsp;<\/li><li>Ty\u00f6nantaja maksaa opiskelijalle palkkaa: palkkauksen perusteet m\u00e4\u00e4r\u00e4ytyv\u00e4t alan ty\u00f6- tai virkaehtosopimusten perusteella ja siit\u00e4 sovitaan ty\u00f6nantajan ja opiskelijan kesken<\/li><li>Opiskelija voi saada opintososiaalisia etuuksia&nbsp;<\/li><li>Ty\u00f6nantajalle maksetaan&nbsp;sovitusti koulutuskorvausta, jos oppisopimuskoulutuksen j\u00e4rjest\u00e4misest\u00e4 katsotaan aiheutuvan ty\u00f6nantajalle kustannuksia<\/li><li>Suoritetaan tutkinnon osa&nbsp;tai useampi tutkinnonosa kerrallaan&nbsp;&nbsp;<\/li><\/ul>\n\n\n\n<p>Oppisopimusta ja koulutussopimusta&nbsp;voidaan vuorotella opiskelijan&nbsp;tarpeiden mukaan laajemman osaamisen hankkimiseksi, joustavasti ja yksil\u00f6llisesti.&nbsp;<\/p>\n\n\n\n<h2 class=\"wp-block-heading\">Yritt\u00e4j\u00e4n o<strong>ppisopimuskoulutus<\/strong><\/h2>\n\n\n\n<p>Yritt\u00e4j\u00e4lle voidaan j\u00e4rjest\u00e4\u00e4 <a href=\"https:\/\/www.oppisopimus.fi\/yrittajalle\/\" target=\"_blank\" rel=\"noreferrer noopener\">oppisopimuskoulutusta omassa yrityksess\u00e4<\/a>, jolloin sopijaosapuolina ovat koulutuksen j\u00e4rjest\u00e4j\u00e4 ja yritt\u00e4j\u00e4. T\u00e4ll\u00f6in koulutuskorvaus voidaan maksaa toiselle yritt\u00e4j\u00e4lle tai muulle henkil\u00f6lle&nbsp;(yritysmentori), joka toimii opiskelevan yritt\u00e4j\u00e4n ohjaajana neuvonnasta aiheutuviin kustannuksiin.\u202f&nbsp;<\/p>\n\n\n\n<p>Oppisopimuksen voi tehd\u00e4&nbsp;my\u00f6s henkil\u00f6st\u00f6palveluyrityksen kanssa. <\/p>\n\n\n\n<h2 class=\"wp-block-heading\"><strong>Muu koulutuksen rahoitus<\/strong><\/h2>\n\n\n\n<p><strong>Aikuiskoulutustuki<\/strong><br>Opiskelija voi hakea\u00a0<a href=\"https:\/\/www.tyollisyysrahasto.fi\/aikuisopiskelijan-etuudet\/\" target=\"_blank\" rel=\"noreferrer noopener\">aikuiskoulutustukea<\/a>.\u00a0Aikuiskoulutustukea voi hakea henkil\u00f6,\u00a0jolla on v\u00e4hint\u00e4\u00e4n 8 vuotta ty\u00f6historiaa.\u00a0\u00a0<\/p>\n\n\n\n<p><strong>Yritt\u00e4j\u00e4n aikuiskoulutustuki<\/strong><br>Jos olet p\u00e4\u00e4toiminen yritt\u00e4j\u00e4 ja koulutuksesi kest\u00e4\u00e4 v\u00e4hint\u00e4\u00e4n kaksi kuukautta, tutustu <a href=\"https:\/\/www.tyollisyysrahasto.fi\/yrittajan-aikuiskoulutustuki-1-8-2020-jalkeen\/\" target=\"_blank\" rel=\"noreferrer noopener\">yritt\u00e4j\u00e4n aikuiskoulutustukeen<\/a>.<\/p>\n\n\n\n<p><strong>Ammattitutkintostipendi<\/strong><br>Valmistumisen j\u00e4lkeen\u00a0opiskelija\u00a0voi hakea <a href=\"https:\/\/www.tyollisyysrahasto.fi\/aikuisopiskelijan-etuudet\/ammattitutkintostipendi\/\" target=\"_blank\" rel=\"noreferrer noopener\">ammattitutkintostipendi\u00e4<\/a>.\u00a0Ammattitutkintostipendi my\u00f6nnet\u00e4\u00e4n ammatillisen tutkinnon suorittaville, joilla on v\u00e4hint\u00e4\u00e4n viisi vuotta ty\u00f6historiaa tutkinnon suorittamiseen menness\u00e4. Aikuiskoulutustuen ja ammattitutkintostipendin my\u00f6nt\u00e4minen perustuu\u00a0<a href=\"https:\/\/finlex.fi\/fi\/laki\/ajantasa\/2000\/20001276\">lakiin aikuiskoulutusetuuksista<\/a>.\u00a0<\/p>\n\n\n\n<p><strong>Ty\u00f6voimakoulutus<\/strong><br><a href=\"https:\/\/www.te-palvelut.fi\/te\/fi\/tyonhakijalle\/ammatinvalinta_koulutus\/tyovoimakoulutus\/index.html\" target=\"_blank\" rel=\"noreferrer noopener\">Ammatillinen ty\u00f6voimakoulutus<\/a> on tarkoitettu ensisijaisesti ty\u00f6tt\u00f6mille tai ty\u00f6tt\u00f6myysuhan alaisille aikuisille, jotka ovat suorittaneet oppivelvollisuutensa.<\/p>\n\n\n\n<p><strong>Kelan kuntoutusraha<\/strong><br><a href=\"https:\/\/www.kela.fi\/kuntoutusraha\" target=\"_blank\" rel=\"noreferrer noopener\">Kelan my\u00f6nt\u00e4m\u00e4n kuntoutusrahan<\/a> avulla voi opiskella uuden ammatin tai\u00a0jatkokouluttautua, mik\u00e4li entiset ty\u00f6teht\u00e4v\u00e4t\u00a0eiv\u00e4t\u00a0sovi.<\/p>\n\n\n\n<figure class=\"wp-block-image size-large is-resized\"><img loading=\"lazy\" decoding=\"async\" src=\"https:\/\/blogit.gradia.fi\/mestaripolku\/wp-content\/uploads\/sites\/175\/2021\/01\/pexels-pixabay-272980-1024x678.jpg\" alt=\"\" class=\"wp-image-297\" width=\"497\" height=\"328\" srcset=\"https:\/\/blogit.gradia.fi\/mestaripolku\/wp-content\/uploads\/sites\/175\/2021\/01\/pexels-pixabay-272980-1024x678.jpg 1024w, https:\/\/blogit.gradia.fi\/mestaripolku\/wp-content\/uploads\/sites\/175\/2021\/01\/pexels-pixabay-272980-300x199.jpg 300w, https:\/\/blogit.gradia.fi\/mestaripolku\/wp-content\/uploads\/sites\/175\/2021\/01\/pexels-pixabay-272980-768x509.jpg 768w, https:\/\/blogit.gradia.fi\/mestaripolku\/wp-content\/uploads\/sites\/175\/2021\/01\/pexels-pixabay-272980-1536x1017.jpg 1536w, https:\/\/blogit.gradia.fi\/mestaripolku\/wp-content\/uploads\/sites\/175\/2021\/01\/pexels-pixabay-272980-2048x1356.jpg 2048w\" sizes=\"auto, (max-width: 497px) 100vw, 497px\" \/><\/figure>\n\n\n\n<p><\/p>\n","protected":false},"excerpt":{"rendered":"<p>Ammatilliset opinnot muodostuvat opinnoista oppilaitoksessa ja ty\u00f6el\u00e4m\u00e4ss\u00e4 tapahtuvasta&nbsp;oppimisesta.&nbsp;Opinnot voidaan suorittaa ty\u00f6n ohessa.&nbsp;Ty\u00f6el\u00e4m\u00e4ss\u00e4 tapahtuva oppiminen voidaan suorittaa joko koulutussopimuksella tai oppisopimuksella tapahtuvalla toimintamallilla.&nbsp; Ty\u00f6n ohessa opiskelu on mahdollista erilaisin opetusmenetelmin: l\u00e4hiopetuksen lis\u00e4ksi on ohjattua et\u00e4opiskelua, ennakko- ja kehitt\u00e4misteht\u00e4vi\u00e4 sek\u00e4 ty\u00f6el\u00e4m\u00e4ss\u00e4 oppimista. Opintojen pituuteen vaikuttavat hakijan aikaisemmat opinnot, ty\u00f6kokemus ja esimerkiksi harrastusten kautta hankittu osaaminen sek\u00e4 haluttu &hellip; <a href=\"https:\/\/blogit.gradia.fi\/mestaripolku\/opiskelijalle\/monta-opiskelutapaa\/\" class=\"more-link\">Jatka lukemista <span class=\"screen-reader-text\">Monta opiskelutapaa<\/span> <span class=\"meta-nav\">&rarr;<\/span><\/a><\/p>\n","protected":false},"author":152,"featured_media":0,"parent":32,"menu_order":0,"comment_status":"closed","ping_status":"closed","template":"","meta":{"_uag_custom_page_level_css":"","footnotes":""},"class_list":["post-164","page","type-page","status-publish","hentry"],"yoast_head":"<!-- This site is optimized with the Yoast SEO plugin v27.4 - https:\/\/yoast.com\/product\/yoast-seo-wordpress\/ -->\n<title>Monta opiskelutapaa - Mestaripolkua rakentamassa<\/title>\n<meta name=\"description\" content=\"Ty\u00f6el\u00e4m\u00e4ss\u00e4 tapahtuva oppiminen voidaan suorittaa joko koulutussopimuksella tai oppisopimuksella.\" \/>\n<meta name=\"robots\" content=\"index, follow, max-snippet:-1, max-image-preview:large, max-video-preview:-1\" \/>\n<link rel=\"canonical\" href=\"https:\/\/blogit.gradia.fi\/mestaripolku\/opiskelijalle\/monta-opiskelutapaa\/\" \/>\n<meta property=\"og:locale\" content=\"fi_FI\" \/>\n<meta property=\"og:type\" content=\"article\" \/>\n<meta property=\"og:title\" content=\"Monta opiskelutapaa - Mestaripolkua rakentamassa\" \/>\n<meta property=\"og:description\" content=\"Ty\u00f6el\u00e4m\u00e4ss\u00e4 tapahtuva oppiminen voidaan suorittaa joko koulutussopimuksella tai oppisopimuksella.\" \/>\n<meta property=\"og:url\" content=\"https:\/\/blogit.gradia.fi\/mestaripolku\/opiskelijalle\/monta-opiskelutapaa\/\" \/>\n<meta property=\"og:site_name\" content=\"Mestaripolkua rakentamassa\" \/>\n<meta property=\"article:modified_time\" content=\"2021-01-29T09:10:18+00:00\" \/>\n<meta property=\"og:image\" content=\"https:\/\/blogit.gradia.fi\/mestaripolku\/wp-content\/uploads\/sites\/175\/2021\/01\/pexels-pixabay-356043-1024x626.jpg\" \/>\n<meta name=\"twitter:card\" content=\"summary_large_image\" \/>\n<meta name=\"twitter:label1\" content=\"Arvioitu lukuaika\" \/>\n\t<meta name=\"twitter:data1\" content=\"3 minuuttia\" \/>\n<script type=\"application\/ld+json\" class=\"yoast-schema-graph\">{\"@context\":\"https:\\\/\\\/schema.org\",\"@graph\":[{\"@type\":\"WebPage\",\"@id\":\"https:\\\/\\\/blogit.gradia.fi\\\/mestaripolku\\\/opiskelijalle\\\/monta-opiskelutapaa\\\/\",\"url\":\"https:\\\/\\\/blogit.gradia.fi\\\/mestaripolku\\\/opiskelijalle\\\/monta-opiskelutapaa\\\/\",\"name\":\"Monta opiskelutapaa - Mestaripolkua rakentamassa\",\"isPartOf\":{\"@id\":\"https:\\\/\\\/blogit.gradia.fi\\\/mestaripolku\\\/#website\"},\"primaryImageOfPage\":{\"@id\":\"https:\\\/\\\/blogit.gradia.fi\\\/mestaripolku\\\/opiskelijalle\\\/monta-opiskelutapaa\\\/#primaryimage\"},\"image\":{\"@id\":\"https:\\\/\\\/blogit.gradia.fi\\\/mestaripolku\\\/opiskelijalle\\\/monta-opiskelutapaa\\\/#primaryimage\"},\"thumbnailUrl\":\"https:\\\/\\\/blogit.gradia.fi\\\/mestaripolku\\\/wp-content\\\/uploads\\\/sites\\\/175\\\/2021\\\/01\\\/pexels-pixabay-356043-1024x626.jpg\",\"datePublished\":\"2021-01-12T08:07:11+00:00\",\"dateModified\":\"2021-01-29T09:10:18+00:00\",\"description\":\"Ty\u00f6el\u00e4m\u00e4ss\u00e4 tapahtuva oppiminen voidaan suorittaa joko koulutussopimuksella tai oppisopimuksella.\",\"breadcrumb\":{\"@id\":\"https:\\\/\\\/blogit.gradia.fi\\\/mestaripolku\\\/opiskelijalle\\\/monta-opiskelutapaa\\\/#breadcrumb\"},\"inLanguage\":\"fi\",\"potentialAction\":[{\"@type\":\"ReadAction\",\"target\":[\"https:\\\/\\\/blogit.gradia.fi\\\/mestaripolku\\\/opiskelijalle\\\/monta-opiskelutapaa\\\/\"]}]},{\"@type\":\"ImageObject\",\"inLanguage\":\"fi\",\"@id\":\"https:\\\/\\\/blogit.gradia.fi\\\/mestaripolku\\\/opiskelijalle\\\/monta-opiskelutapaa\\\/#primaryimage\",\"url\":\"https:\\\/\\\/blogit.gradia.fi\\\/mestaripolku\\\/wp-content\\\/uploads\\\/sites\\\/175\\\/2021\\\/01\\\/pexels-pixabay-356043-scaled.jpg\",\"contentUrl\":\"https:\\\/\\\/blogit.gradia.fi\\\/mestaripolku\\\/wp-content\\\/uploads\\\/sites\\\/175\\\/2021\\\/01\\\/pexels-pixabay-356043-scaled.jpg\",\"width\":2560,\"height\":1565},{\"@type\":\"BreadcrumbList\",\"@id\":\"https:\\\/\\\/blogit.gradia.fi\\\/mestaripolku\\\/opiskelijalle\\\/monta-opiskelutapaa\\\/#breadcrumb\",\"itemListElement\":[{\"@type\":\"ListItem\",\"position\":1,\"name\":\"Home\",\"item\":\"https:\\\/\\\/blogit.gradia.fi\\\/mestaripolku\\\/\"},{\"@type\":\"ListItem\",\"position\":2,\"name\":\"Opintoihin hakeutuvalle\",\"item\":\"https:\\\/\\\/blogit.gradia.fi\\\/mestaripolku\\\/opiskelijalle\\\/\"},{\"@type\":\"ListItem\",\"position\":3,\"name\":\"Monta opiskelutapaa\"}]},{\"@type\":\"WebSite\",\"@id\":\"https:\\\/\\\/blogit.gradia.fi\\\/mestaripolku\\\/#website\",\"url\":\"https:\\\/\\\/blogit.gradia.fi\\\/mestaripolku\\\/\",\"name\":\"Mestaripolkua rakentamassa\",\"description\":\"\",\"potentialAction\":[{\"@type\":\"SearchAction\",\"target\":{\"@type\":\"EntryPoint\",\"urlTemplate\":\"https:\\\/\\\/blogit.gradia.fi\\\/mestaripolku\\\/?s={search_term_string}\"},\"query-input\":{\"@type\":\"PropertyValueSpecification\",\"valueRequired\":true,\"valueName\":\"search_term_string\"}}],\"inLanguage\":\"fi\"}]}<\/script>\n<!-- \/ Yoast SEO plugin. -->","yoast_head_json":{"title":"Monta opiskelutapaa - Mestaripolkua rakentamassa","description":"Ty\u00f6el\u00e4m\u00e4ss\u00e4 tapahtuva oppiminen voidaan suorittaa joko koulutussopimuksella tai oppisopimuksella.","robots":{"index":"index","follow":"follow","max-snippet":"max-snippet:-1","max-image-preview":"max-image-preview:large","max-video-preview":"max-video-preview:-1"},"canonical":"https:\/\/blogit.gradia.fi\/mestaripolku\/opiskelijalle\/monta-opiskelutapaa\/","og_locale":"fi_FI","og_type":"article","og_title":"Monta opiskelutapaa - Mestaripolkua rakentamassa","og_description":"Ty\u00f6el\u00e4m\u00e4ss\u00e4 tapahtuva oppiminen voidaan suorittaa joko koulutussopimuksella tai oppisopimuksella.","og_url":"https:\/\/blogit.gradia.fi\/mestaripolku\/opiskelijalle\/monta-opiskelutapaa\/","og_site_name":"Mestaripolkua rakentamassa","article_modified_time":"2021-01-29T09:10:18+00:00","og_image":[{"url":"https:\/\/blogit.gradia.fi\/mestaripolku\/wp-content\/uploads\/sites\/175\/2021\/01\/pexels-pixabay-356043-1024x626.jpg","type":"","width":"","height":""}],"twitter_card":"summary_large_image","twitter_misc":{"Arvioitu lukuaika":"3 minuuttia"},"schema":{"@context":"https:\/\/schema.org","@graph":[{"@type":"WebPage","@id":"https:\/\/blogit.gradia.fi\/mestaripolku\/opiskelijalle\/monta-opiskelutapaa\/","url":"https:\/\/blogit.gradia.fi\/mestaripolku\/opiskelijalle\/monta-opiskelutapaa\/","name":"Monta opiskelutapaa - Mestaripolkua rakentamassa","isPartOf":{"@id":"https:\/\/blogit.gradia.fi\/mestaripolku\/#website"},"primaryImageOfPage":{"@id":"https:\/\/blogit.gradia.fi\/mestaripolku\/opiskelijalle\/monta-opiskelutapaa\/#primaryimage"},"image":{"@id":"https:\/\/blogit.gradia.fi\/mestaripolku\/opiskelijalle\/monta-opiskelutapaa\/#primaryimage"},"thumbnailUrl":"https:\/\/blogit.gradia.fi\/mestaripolku\/wp-content\/uploads\/sites\/175\/2021\/01\/pexels-pixabay-356043-1024x626.jpg","datePublished":"2021-01-12T08:07:11+00:00","dateModified":"2021-01-29T09:10:18+00:00","description":"Ty\u00f6el\u00e4m\u00e4ss\u00e4 tapahtuva oppiminen voidaan suorittaa joko koulutussopimuksella tai oppisopimuksella.","breadcrumb":{"@id":"https:\/\/blogit.gradia.fi\/mestaripolku\/opiskelijalle\/monta-opiskelutapaa\/#breadcrumb"},"inLanguage":"fi","potentialAction":[{"@type":"ReadAction","target":["https:\/\/blogit.gradia.fi\/mestaripolku\/opiskelijalle\/monta-opiskelutapaa\/"]}]},{"@type":"ImageObject","inLanguage":"fi","@id":"https:\/\/blogit.gradia.fi\/mestaripolku\/opiskelijalle\/monta-opiskelutapaa\/#primaryimage","url":"https:\/\/blogit.gradia.fi\/mestaripolku\/wp-content\/uploads\/sites\/175\/2021\/01\/pexels-pixabay-356043-scaled.jpg","contentUrl":"https:\/\/blogit.gradia.fi\/mestaripolku\/wp-content\/uploads\/sites\/175\/2021\/01\/pexels-pixabay-356043-scaled.jpg","width":2560,"height":1565},{"@type":"BreadcrumbList","@id":"https:\/\/blogit.gradia.fi\/mestaripolku\/opiskelijalle\/monta-opiskelutapaa\/#breadcrumb","itemListElement":[{"@type":"ListItem","position":1,"name":"Home","item":"https:\/\/blogit.gradia.fi\/mestaripolku\/"},{"@type":"ListItem","position":2,"name":"Opintoihin hakeutuvalle","item":"https:\/\/blogit.gradia.fi\/mestaripolku\/opiskelijalle\/"},{"@type":"ListItem","position":3,"name":"Monta opiskelutapaa"}]},{"@type":"WebSite","@id":"https:\/\/blogit.gradia.fi\/mestaripolku\/#website","url":"https:\/\/blogit.gradia.fi\/mestaripolku\/","name":"Mestaripolkua rakentamassa","description":"","potentialAction":[{"@type":"SearchAction","target":{"@type":"EntryPoint","urlTemplate":"https:\/\/blogit.gradia.fi\/mestaripolku\/?s={search_term_string}"},"query-input":{"@type":"PropertyValueSpecification","valueRequired":true,"valueName":"search_term_string"}}],"inLanguage":"fi"}]}},"uagb_featured_image_src":{"full":false,"thumbnail":false,"medium":false,"medium_large":false,"large":false,"1536x1536":false,"2048x2048":false,"post-thumbnail":false},"uagb_author_info":{"display_name":"Anna Saari","author_link":"https:\/\/blogit.gradia.fi\/mestaripolku\/author\/palviann\/"},"uagb_comment_info":0,"uagb_excerpt":"Ammatilliset opinnot muodostuvat opinnoista oppilaitoksessa ja ty\u00f6el\u00e4m\u00e4ss\u00e4 tapahtuvasta&nbsp;oppimisesta.&nbsp;Opinnot voidaan suorittaa ty\u00f6n ohessa.&nbsp;Ty\u00f6el\u00e4m\u00e4ss\u00e4 tapahtuva oppiminen voidaan suorittaa joko koulutussopimuksella tai oppisopimuksella tapahtuvalla toimintamallilla.&nbsp; Ty\u00f6n ohessa opiskelu on mahdollista erilaisin opetusmenetelmin: l\u00e4hiopetuksen lis\u00e4ksi on ohjattua et\u00e4opiskelua, ennakko- ja kehitt\u00e4misteht\u00e4vi\u00e4 sek\u00e4 ty\u00f6el\u00e4m\u00e4ss\u00e4 oppimista. Opintojen pituuteen vaikuttavat hakijan aikaisemmat opinnot, ty\u00f6kokemus ja esimerkiksi harrastusten kautta hankittu osaaminen sek\u00e4 haluttu&hellip;","_links":{"self":[{"href":"https:\/\/blogit.gradia.fi\/mestaripolku\/wp-json\/wp\/v2\/pages\/164","targetHints":{"allow":["GET"]}}],"collection":[{"href":"https:\/\/blogit.gradia.fi\/mestaripolku\/wp-json\/wp\/v2\/pages"}],"about":[{"href":"https:\/\/blogit.gradia.fi\/mestaripolku\/wp-json\/wp\/v2\/types\/page"}],"author":[{"embeddable":true,"href":"https:\/\/blogit.gradia.fi\/mestaripolku\/wp-json\/wp\/v2\/users\/152"}],"replies":[{"embeddable":true,"href":"https:\/\/blogit.gradia.fi\/mestaripolku\/wp-json\/wp\/v2\/comments?post=164"}],"version-history":[{"count":5,"href":"https:\/\/blogit.gradia.fi\/mestaripolku\/wp-json\/wp\/v2\/pages\/164\/revisions"}],"predecessor-version":[{"id":322,"href":"https:\/\/blogit.gradia.fi\/mestaripolku\/wp-json\/wp\/v2\/pages\/164\/revisions\/322"}],"up":[{"embeddable":true,"href":"https:\/\/blogit.gradia.fi\/mestaripolku\/wp-json\/wp\/v2\/pages\/32"}],"wp:attachment":[{"href":"https:\/\/blogit.gradia.fi\/mestaripolku\/wp-json\/wp\/v2\/media?parent=164"}],"curies":[{"name":"wp","href":"https:\/\/api.w.org\/{rel}","templated":true}]}}