{"id":16,"date":"2020-08-06T15:59:46","date_gmt":"2020-08-06T12:59:46","guid":{"rendered":"https:\/\/blogit.gradia.fi\/mestaripolku\/?page_id=16"},"modified":"2021-04-22T09:14:57","modified_gmt":"2021-04-22T06:14:57","slug":"tyoelamalle","status":"publish","type":"page","link":"https:\/\/blogit.gradia.fi\/mestaripolku\/tyoelamalle\/","title":{"rendered":"Ty\u00f6el\u00e4m\u00e4lle"},"content":{"rendered":"\n<p>Mestaripolulla vahvistetaan yritysten ja ty\u00f6yhteis\u00f6jen ohjausosaamista sek\u00e4 tuetaan opiskelijan ammatillista kasvua mentoroinnin keinoin. Mestaripolulla lis\u00e4t\u00e4\u00e4n kiinnostusta ammattitutkinto-opintoja kohtaan ja edistet\u00e4\u00e4n osaamisen vahvistamista ty\u00f6n ohessa v\u00e4hitellen ja tarpeen mukaan. <\/p>\n\n\n\n<h2 class=\"wp-block-heading\"><strong>Tervetuloa rakentamaan ammatillista Mestaripolkua!<\/strong><\/h2>\n\n\n\n<p>Ty\u00f6ntekij\u00e4si tai sin\u00e4 itse voitte vahvistaa ja monipuolistaa ammattitaitoasi opiskelemalla ty\u00f6n ohessa <a href=\"https:\/\/blogit.gradia.fi\/mestaripolku\/opiskelijalle\/\">ammattitutkintoa tai erikoisammattitutkintoa<\/a> &#8211; koko tutkinto tai osia sopivasta tutkinnoista.<\/p>\n\n\n\n<p><a href=\"https:\/\/blogit.gradia.fi\/mestaripolku\/\">Mestaripolulla <\/a>opiskellessaan ty\u00f6ss\u00e4 k\u00e4yv\u00e4 opiskelija saa tukea ja sparrausta ammattilaisilta ja hankkeemme ty\u00f6ntekij\u00f6ilt\u00e4. Mestaripolulla oppilaitoksemme tekev\u00e4t yhteisty\u00f6t\u00e4 alueellisten <a href=\"https:\/\/blogit.gradia.fi\/mestaripolku\/mestarikilloille\/\">Mestarikiltojen<\/a> ja yritt\u00e4j\u00e4yhdistysten kanssa. Yhteisty\u00f6 tarjoaa mahdollisuuden saada oman alan ammattilainen mentoriksi tukemaan etenemist\u00e4\u00e4n kohti korkeaa ammattitaitoa.<\/p>\n\n\n\n<h2 class=\"wp-block-heading\">Mestaripolulle Gradiassa ja Turun AKK:ssa<\/h2>\n\n\n\n<p>T\u00e4ll\u00e4 hetkell\u00e4 tarjoamme ammattilaisten tukea seuraavien ammattialojen opiskelijoille: Keski-Suomessa <a href=\"https:\/\/www.gradia.fi\/jatkuva-haku\" target=\"_blank\" rel=\"noreferrer noopener\">Gradian <\/a>ravintola- ja catering-, leipomo-, pintak\u00e4sittely- ja autoaloilla sek\u00e4 Varsinais-Suomessa <a href=\"https:\/\/www.turunakk.fi\/koulutukset\/\" target=\"_blank\" rel=\"noreferrer noopener\">Turun Aikuiskoulutuskeskuksen<\/a> rakennus- ja s\u00e4hk\u00f6aloilla.<\/p>\n\n\n\n<p>Kannusta henkil\u00f6st\u00f6\u00e4si oman osaamisen kehitt\u00e4miseen ja kerro <a href=\"https:\/\/blogit.gradia.fi\/mestaripolku\/opiskelijalle\/\">ammatti- tai erikoisammattitutkinto-opinnoista<\/a> Gradian ja Turun AKK:n Mestaripolulla! <\/p>\n\n\n\n<h2 class=\"wp-block-heading\"><strong>Mestaripolku-ohjausmalleja jatkuvan oppimisen tueksi<\/strong><\/h2>\n\n\n\n<p>Ohjausmalli ty\u00f6el\u00e4m\u00e4st\u00e4 ammatti- tai erikoisammattitutkintoon tukee ty\u00f6el\u00e4m\u00e4ss\u00e4 olevia henkil\u00f6it\u00e4 ammatillisen kasvun polulla. Ohjausmalli perustutkinnosta ammattitutkintoon kannustaa opiskelijoita jatkamaan opintoja perustutkinnon lis\u00e4ksi. Ohjatummat siirtym\u00e4t ty\u00f6el\u00e4m\u00e4st\u00e4 ammatillisiin opintoihin lis\u00e4\u00e4v\u00e4t ty\u00f6markkinoilla syvemm\u00e4n ammattitaidon hankkineiden ty\u00f6ntekij\u00f6iden ja ty\u00f6nhakijoiden m\u00e4\u00e4r\u00e4\u00e4.<\/p>\n\n\n\n<h2 class=\"wp-block-heading\">Kiinnostuitko yhteisty\u00f6st\u00e4? <\/h2>\n\n\n\n<p>Tarvitsemme yrityksi\u00e4 mukaan vaikuttamaan ammatillisen osaamisen tulevaisuuden tarpeisiin ja tulevien tekij\u00f6iden monipuoliseen ammattitaitoon. Olisiko teid\u00e4n yrityksenne yksi Mestaripolun rakentajista? <strong>Vastaa yhteisty\u00f6kyselyymme <a href=\"https:\/\/forms.office.com\/Pages\/ResponsePage.aspx?id=gUEUTmgvH0Cqhp7J5ADms_R3UYvVyUJNkYSJHe7IHqNUNE5DSkI2VFBEMVBSMEtWVTdDN0ZWWlNTVi4u\" target=\"_blank\" rel=\"noreferrer noopener\">t\u00e4st\u00e4<\/a>.<\/strong><\/p>\n\n\n\n<h3 class=\"wp-block-heading\">Katso my\u00f6s: <\/h3>\n\n\n\n<ul class=\"wp-block-list\"><li><a href=\"https:\/\/blogit.gradia.fi\/mestaripolku\/opiskelijalle\/\">Opiskelijaksi Mestaripolulle<\/a><\/li><li><a href=\"https:\/\/blogit.gradia.fi\/mestaripolku\/opiskelijalle\/monta-opiskelutapaa\/\">Monta tapaa opiskella &#8211; eri rahoitusvaihtoehtoja<\/a><\/li><li><a href=\"https:\/\/www.gradia.fi\/ohjausta-hakijoille\" target=\"_blank\" rel=\"noreferrer noopener\">Gradian ohjausta hakijoille<\/a><\/li><li><a href=\"https:\/\/www.turunakk.fi\/opiskelijalle\/opo\/\" target=\"_blank\" rel=\"noreferrer noopener\">Ohjaus- ja hakupalvelut Turun AKK:ssa<\/a><\/li><\/ul>\n\n\n\n<figure class=\"wp-block-image size-large\"><img loading=\"lazy\" decoding=\"async\" width=\"512\" height=\"512\" src=\"https:\/\/blogit.gradia.fi\/mestaripolku\/wp-content\/uploads\/sites\/175\/2020\/08\/cropped-footpath-691021_1920-3.jpg\" alt=\"polku vihre\u00e4ll\u00e4 niityll\u00e4\" class=\"wp-image-48\" srcset=\"https:\/\/blogit.gradia.fi\/mestaripolku\/wp-content\/uploads\/sites\/175\/2020\/08\/cropped-footpath-691021_1920-3.jpg 512w, https:\/\/blogit.gradia.fi\/mestaripolku\/wp-content\/uploads\/sites\/175\/2020\/08\/cropped-footpath-691021_1920-3-300x300.jpg 300w, https:\/\/blogit.gradia.fi\/mestaripolku\/wp-content\/uploads\/sites\/175\/2020\/08\/cropped-footpath-691021_1920-3-150x150.jpg 150w, https:\/\/blogit.gradia.fi\/mestaripolku\/wp-content\/uploads\/sites\/175\/2020\/08\/cropped-footpath-691021_1920-3-270x270.jpg 270w, https:\/\/blogit.gradia.fi\/mestaripolku\/wp-content\/uploads\/sites\/175\/2020\/08\/cropped-footpath-691021_1920-3-192x192.jpg 192w, https:\/\/blogit.gradia.fi\/mestaripolku\/wp-content\/uploads\/sites\/175\/2020\/08\/cropped-footpath-691021_1920-3-180x180.jpg 180w, https:\/\/blogit.gradia.fi\/mestaripolku\/wp-content\/uploads\/sites\/175\/2020\/08\/cropped-footpath-691021_1920-3-32x32.jpg 32w\" sizes=\"auto, (max-width: 512px) 100vw, 512px\" \/><\/figure>\n","protected":false},"excerpt":{"rendered":"<p>Mestaripolulla vahvistetaan yritysten ja ty\u00f6yhteis\u00f6jen ohjausosaamista sek\u00e4 tuetaan opiskelijan ammatillista kasvua mentoroinnin keinoin. Mestaripolulla lis\u00e4t\u00e4\u00e4n kiinnostusta ammattitutkinto-opintoja kohtaan ja edistet\u00e4\u00e4n osaamisen vahvistamista ty\u00f6n ohessa v\u00e4hitellen ja tarpeen mukaan. Tervetuloa rakentamaan ammatillista Mestaripolkua! Ty\u00f6ntekij\u00e4si tai sin\u00e4 itse voitte vahvistaa ja monipuolistaa ammattitaitoasi opiskelemalla ty\u00f6n ohessa ammattitutkintoa tai erikoisammattitutkintoa &#8211; koko tutkinto tai osia sopivasta tutkinnoista. Mestaripolulla &hellip; <a href=\"https:\/\/blogit.gradia.fi\/mestaripolku\/tyoelamalle\/\" class=\"more-link\">Jatka lukemista <span class=\"screen-reader-text\">Ty\u00f6el\u00e4m\u00e4lle<\/span> <span class=\"meta-nav\">&rarr;<\/span><\/a><\/p>\n","protected":false},"author":152,"featured_media":0,"parent":0,"menu_order":3,"comment_status":"closed","ping_status":"closed","template":"","meta":{"_uag_custom_page_level_css":"","footnotes":""},"class_list":["post-16","page","type-page","status-publish","hentry"],"yoast_head":"<!-- This site is optimized with the Yoast SEO plugin v27.4 - https:\/\/yoast.com\/product\/yoast-seo-wordpress\/ -->\n<title>Ty\u00f6el\u00e4m\u00e4lle - Mestaripolkua rakentamassa<\/title>\n<meta name=\"description\" content=\"Kannusta henkil\u00f6st\u00f6\u00e4si oman osaamisen kehitt\u00e4miseen ja vinkkaa ammatti- tai erikoisammattitutkinto-opinnoista Gradian Mestaripolulla.\" \/>\n<meta name=\"robots\" content=\"index, follow, max-snippet:-1, max-image-preview:large, max-video-preview:-1\" \/>\n<link rel=\"canonical\" href=\"https:\/\/blogit.gradia.fi\/mestaripolku\/tyoelamalle\/\" \/>\n<meta property=\"og:locale\" content=\"fi_FI\" \/>\n<meta property=\"og:type\" content=\"article\" \/>\n<meta property=\"og:title\" content=\"Ty\u00f6el\u00e4m\u00e4lle - Mestaripolkua rakentamassa\" \/>\n<meta property=\"og:description\" content=\"Kannusta henkil\u00f6st\u00f6\u00e4si oman osaamisen kehitt\u00e4miseen ja vinkkaa ammatti- tai erikoisammattitutkinto-opinnoista Gradian Mestaripolulla.\" \/>\n<meta property=\"og:url\" content=\"https:\/\/blogit.gradia.fi\/mestaripolku\/tyoelamalle\/\" \/>\n<meta property=\"og:site_name\" content=\"Mestaripolkua rakentamassa\" \/>\n<meta property=\"article:modified_time\" content=\"2021-04-22T06:14:57+00:00\" \/>\n<meta property=\"og:image\" content=\"https:\/\/blogit.gradia.fi\/mestaripolku\/wp-content\/uploads\/sites\/175\/2020\/08\/cropped-footpath-691021_1920-3.jpg\" \/>\n<meta name=\"twitter:card\" content=\"summary_large_image\" \/>\n<meta name=\"twitter:label1\" content=\"Arvioitu lukuaika\" \/>\n\t<meta name=\"twitter:data1\" content=\"2 minuuttia\" \/>\n<script type=\"application\/ld+json\" class=\"yoast-schema-graph\">{\"@context\":\"https:\\\/\\\/schema.org\",\"@graph\":[{\"@type\":\"WebPage\",\"@id\":\"https:\\\/\\\/blogit.gradia.fi\\\/mestaripolku\\\/tyoelamalle\\\/\",\"url\":\"https:\\\/\\\/blogit.gradia.fi\\\/mestaripolku\\\/tyoelamalle\\\/\",\"name\":\"Ty\u00f6el\u00e4m\u00e4lle - Mestaripolkua rakentamassa\",\"isPartOf\":{\"@id\":\"https:\\\/\\\/blogit.gradia.fi\\\/mestaripolku\\\/#website\"},\"primaryImageOfPage\":{\"@id\":\"https:\\\/\\\/blogit.gradia.fi\\\/mestaripolku\\\/tyoelamalle\\\/#primaryimage\"},\"image\":{\"@id\":\"https:\\\/\\\/blogit.gradia.fi\\\/mestaripolku\\\/tyoelamalle\\\/#primaryimage\"},\"thumbnailUrl\":\"https:\\\/\\\/blogit.gradia.fi\\\/mestaripolku\\\/wp-content\\\/uploads\\\/sites\\\/175\\\/2020\\\/08\\\/cropped-footpath-691021_1920-3.jpg\",\"datePublished\":\"2020-08-06T12:59:46+00:00\",\"dateModified\":\"2021-04-22T06:14:57+00:00\",\"description\":\"Kannusta henkil\u00f6st\u00f6\u00e4si oman osaamisen kehitt\u00e4miseen ja vinkkaa ammatti- tai erikoisammattitutkinto-opinnoista Gradian Mestaripolulla.\",\"breadcrumb\":{\"@id\":\"https:\\\/\\\/blogit.gradia.fi\\\/mestaripolku\\\/tyoelamalle\\\/#breadcrumb\"},\"inLanguage\":\"fi\",\"potentialAction\":[{\"@type\":\"ReadAction\",\"target\":[\"https:\\\/\\\/blogit.gradia.fi\\\/mestaripolku\\\/tyoelamalle\\\/\"]}]},{\"@type\":\"ImageObject\",\"inLanguage\":\"fi\",\"@id\":\"https:\\\/\\\/blogit.gradia.fi\\\/mestaripolku\\\/tyoelamalle\\\/#primaryimage\",\"url\":\"https:\\\/\\\/blogit.gradia.fi\\\/mestaripolku\\\/wp-content\\\/uploads\\\/sites\\\/175\\\/2020\\\/08\\\/cropped-footpath-691021_1920-3.jpg\",\"contentUrl\":\"https:\\\/\\\/blogit.gradia.fi\\\/mestaripolku\\\/wp-content\\\/uploads\\\/sites\\\/175\\\/2020\\\/08\\\/cropped-footpath-691021_1920-3.jpg\",\"width\":512,\"height\":512,\"caption\":\"polku vihre\u00e4ll\u00e4 niityll\u00e4\"},{\"@type\":\"BreadcrumbList\",\"@id\":\"https:\\\/\\\/blogit.gradia.fi\\\/mestaripolku\\\/tyoelamalle\\\/#breadcrumb\",\"itemListElement\":[{\"@type\":\"ListItem\",\"position\":1,\"name\":\"Home\",\"item\":\"https:\\\/\\\/blogit.gradia.fi\\\/mestaripolku\\\/\"},{\"@type\":\"ListItem\",\"position\":2,\"name\":\"Ty\u00f6el\u00e4m\u00e4lle\"}]},{\"@type\":\"WebSite\",\"@id\":\"https:\\\/\\\/blogit.gradia.fi\\\/mestaripolku\\\/#website\",\"url\":\"https:\\\/\\\/blogit.gradia.fi\\\/mestaripolku\\\/\",\"name\":\"Mestaripolkua rakentamassa\",\"description\":\"\",\"potentialAction\":[{\"@type\":\"SearchAction\",\"target\":{\"@type\":\"EntryPoint\",\"urlTemplate\":\"https:\\\/\\\/blogit.gradia.fi\\\/mestaripolku\\\/?s={search_term_string}\"},\"query-input\":{\"@type\":\"PropertyValueSpecification\",\"valueRequired\":true,\"valueName\":\"search_term_string\"}}],\"inLanguage\":\"fi\"}]}<\/script>\n<!-- \/ Yoast SEO plugin. -->","yoast_head_json":{"title":"Ty\u00f6el\u00e4m\u00e4lle - Mestaripolkua rakentamassa","description":"Kannusta henkil\u00f6st\u00f6\u00e4si oman osaamisen kehitt\u00e4miseen ja vinkkaa ammatti- tai erikoisammattitutkinto-opinnoista Gradian Mestaripolulla.","robots":{"index":"index","follow":"follow","max-snippet":"max-snippet:-1","max-image-preview":"max-image-preview:large","max-video-preview":"max-video-preview:-1"},"canonical":"https:\/\/blogit.gradia.fi\/mestaripolku\/tyoelamalle\/","og_locale":"fi_FI","og_type":"article","og_title":"Ty\u00f6el\u00e4m\u00e4lle - Mestaripolkua rakentamassa","og_description":"Kannusta henkil\u00f6st\u00f6\u00e4si oman osaamisen kehitt\u00e4miseen ja vinkkaa ammatti- tai erikoisammattitutkinto-opinnoista Gradian Mestaripolulla.","og_url":"https:\/\/blogit.gradia.fi\/mestaripolku\/tyoelamalle\/","og_site_name":"Mestaripolkua rakentamassa","article_modified_time":"2021-04-22T06:14:57+00:00","og_image":[{"url":"https:\/\/blogit.gradia.fi\/mestaripolku\/wp-content\/uploads\/sites\/175\/2020\/08\/cropped-footpath-691021_1920-3.jpg","type":"","width":"","height":""}],"twitter_card":"summary_large_image","twitter_misc":{"Arvioitu lukuaika":"2 minuuttia"},"schema":{"@context":"https:\/\/schema.org","@graph":[{"@type":"WebPage","@id":"https:\/\/blogit.gradia.fi\/mestaripolku\/tyoelamalle\/","url":"https:\/\/blogit.gradia.fi\/mestaripolku\/tyoelamalle\/","name":"Ty\u00f6el\u00e4m\u00e4lle - Mestaripolkua rakentamassa","isPartOf":{"@id":"https:\/\/blogit.gradia.fi\/mestaripolku\/#website"},"primaryImageOfPage":{"@id":"https:\/\/blogit.gradia.fi\/mestaripolku\/tyoelamalle\/#primaryimage"},"image":{"@id":"https:\/\/blogit.gradia.fi\/mestaripolku\/tyoelamalle\/#primaryimage"},"thumbnailUrl":"https:\/\/blogit.gradia.fi\/mestaripolku\/wp-content\/uploads\/sites\/175\/2020\/08\/cropped-footpath-691021_1920-3.jpg","datePublished":"2020-08-06T12:59:46+00:00","dateModified":"2021-04-22T06:14:57+00:00","description":"Kannusta henkil\u00f6st\u00f6\u00e4si oman osaamisen kehitt\u00e4miseen ja vinkkaa ammatti- tai erikoisammattitutkinto-opinnoista Gradian Mestaripolulla.","breadcrumb":{"@id":"https:\/\/blogit.gradia.fi\/mestaripolku\/tyoelamalle\/#breadcrumb"},"inLanguage":"fi","potentialAction":[{"@type":"ReadAction","target":["https:\/\/blogit.gradia.fi\/mestaripolku\/tyoelamalle\/"]}]},{"@type":"ImageObject","inLanguage":"fi","@id":"https:\/\/blogit.gradia.fi\/mestaripolku\/tyoelamalle\/#primaryimage","url":"https:\/\/blogit.gradia.fi\/mestaripolku\/wp-content\/uploads\/sites\/175\/2020\/08\/cropped-footpath-691021_1920-3.jpg","contentUrl":"https:\/\/blogit.gradia.fi\/mestaripolku\/wp-content\/uploads\/sites\/175\/2020\/08\/cropped-footpath-691021_1920-3.jpg","width":512,"height":512,"caption":"polku vihre\u00e4ll\u00e4 niityll\u00e4"},{"@type":"BreadcrumbList","@id":"https:\/\/blogit.gradia.fi\/mestaripolku\/tyoelamalle\/#breadcrumb","itemListElement":[{"@type":"ListItem","position":1,"name":"Home","item":"https:\/\/blogit.gradia.fi\/mestaripolku\/"},{"@type":"ListItem","position":2,"name":"Ty\u00f6el\u00e4m\u00e4lle"}]},{"@type":"WebSite","@id":"https:\/\/blogit.gradia.fi\/mestaripolku\/#website","url":"https:\/\/blogit.gradia.fi\/mestaripolku\/","name":"Mestaripolkua rakentamassa","description":"","potentialAction":[{"@type":"SearchAction","target":{"@type":"EntryPoint","urlTemplate":"https:\/\/blogit.gradia.fi\/mestaripolku\/?s={search_term_string}"},"query-input":{"@type":"PropertyValueSpecification","valueRequired":true,"valueName":"search_term_string"}}],"inLanguage":"fi"}]}},"uagb_featured_image_src":{"full":false,"thumbnail":false,"medium":false,"medium_large":false,"large":false,"1536x1536":false,"2048x2048":false,"post-thumbnail":false},"uagb_author_info":{"display_name":"Anna Saari","author_link":"https:\/\/blogit.gradia.fi\/mestaripolku\/author\/palviann\/"},"uagb_comment_info":0,"uagb_excerpt":"Mestaripolulla vahvistetaan yritysten ja ty\u00f6yhteis\u00f6jen ohjausosaamista sek\u00e4 tuetaan opiskelijan ammatillista kasvua mentoroinnin keinoin. Mestaripolulla lis\u00e4t\u00e4\u00e4n kiinnostusta ammattitutkinto-opintoja kohtaan ja edistet\u00e4\u00e4n osaamisen vahvistamista ty\u00f6n ohessa v\u00e4hitellen ja tarpeen mukaan. Tervetuloa rakentamaan ammatillista Mestaripolkua! Ty\u00f6ntekij\u00e4si tai sin\u00e4 itse voitte vahvistaa ja monipuolistaa ammattitaitoasi opiskelemalla ty\u00f6n ohessa ammattitutkintoa tai erikoisammattitutkintoa &#8211; koko tutkinto tai osia sopivasta tutkinnoista. Mestaripolulla&hellip;","_links":{"self":[{"href":"https:\/\/blogit.gradia.fi\/mestaripolku\/wp-json\/wp\/v2\/pages\/16","targetHints":{"allow":["GET"]}}],"collection":[{"href":"https:\/\/blogit.gradia.fi\/mestaripolku\/wp-json\/wp\/v2\/pages"}],"about":[{"href":"https:\/\/blogit.gradia.fi\/mestaripolku\/wp-json\/wp\/v2\/types\/page"}],"author":[{"embeddable":true,"href":"https:\/\/blogit.gradia.fi\/mestaripolku\/wp-json\/wp\/v2\/users\/152"}],"replies":[{"embeddable":true,"href":"https:\/\/blogit.gradia.fi\/mestaripolku\/wp-json\/wp\/v2\/comments?post=16"}],"version-history":[{"count":9,"href":"https:\/\/blogit.gradia.fi\/mestaripolku\/wp-json\/wp\/v2\/pages\/16\/revisions"}],"predecessor-version":[{"id":430,"href":"https:\/\/blogit.gradia.fi\/mestaripolku\/wp-json\/wp\/v2\/pages\/16\/revisions\/430"}],"wp:attachment":[{"href":"https:\/\/blogit.gradia.fi\/mestaripolku\/wp-json\/wp\/v2\/media?parent=16"}],"curies":[{"name":"wp","href":"https:\/\/api.w.org\/{rel}","templated":true}]}}