{"id":147,"date":"2020-12-14T15:09:07","date_gmt":"2020-12-14T13:09:07","guid":{"rendered":"https:\/\/blogit.gradia.fi\/mestaripolku\/?page_id=147"},"modified":"2021-02-04T17:38:22","modified_gmt":"2021-02-04T15:38:22","slug":"uraohjaus","status":"publish","type":"page","link":"https:\/\/blogit.gradia.fi\/mestaripolku\/uraohjaus\/","title":{"rendered":"Uraohjaus"},"content":{"rendered":"\n<p>Opiskelijan ohjaaminen kohti h\u00e4nen omaa ammatillista polkuaan sek\u00e4 ammatti-identiteetin rakentumista on koko opetus- ja ohjaushenkil\u00f6st\u00f6n teht\u00e4v\u00e4. <a href=\"https:\/\/blogit.gradia.fi\/tehoaohjaukseen\/\" target=\"_blank\" rel=\"noreferrer noopener\"><strong>Tehoa ohjaukseen<\/strong><\/a><strong>-blogi <\/strong>antaa konkreettisia vinkkej\u00e4 opettajille ja kaikille opiskelijoiden uraohjausta ja -suunnittelua toteuttaville henkil\u00f6ille.<\/p>\n\n\n\n<p>Opettajana voit k\u00e4ynnist\u00e4\u00e4 keskustelun urasuunnittelusta opintojen alkaessa ja ohjata opiskelijan pohtimaan esimerkiksi seuraavia kysymyksi\u00e4.<\/p>\n\n\n\n<ul class=\"wp-block-list\"><li><strong>Ty\u00f6uralla eteneminen<\/strong><ul><li>Miten syvenn\u00e4t ja laajennat osaamistasi ty\u00f6el\u00e4m\u00e4ss\u00e4?<\/li><\/ul><ul><li>Miten aiot edet\u00e4 omalla urallasi?<\/li><\/ul><ul><li>Kiinnostaako sinua yritt\u00e4jyys? Mist\u00e4 etsit tietoa yritt\u00e4jyydest\u00e4?<\/li><\/ul><\/li><\/ul>\n\n\n\n<p>Opintojen edetess\u00e4 ja viimeist\u00e4\u00e4n loppuvaiheessa voit ohjata opiskelijaa suunnittelemaan omaa urapolkuaan.<\/p>\n\n\n\n<ul class=\"wp-block-list\"><li><strong>Jatko-opintoihin hakeutuminen<\/strong><ul><li>Oletko suunnitellut hakeutuvasi jatko-opintoihin, miksi?<\/li><\/ul><ul><li>Mihin opintoihin aiot hakea (esim. ammattitutkinto tai erikoisammattitutkinto)?<\/li><\/ul><ul><li>Miss\u00e4 vaiheessa haet jatko-opintoihin?<\/li><\/ul><ul><li>Mist\u00e4 etsit tietoa eri vaihtoehdoista?<\/li><\/ul><\/li><\/ul>\n\n\n\n<figure class=\"wp-block-image size-large\"><img loading=\"lazy\" decoding=\"async\" width=\"1024\" height=\"678\" src=\"https:\/\/blogit.gradia.fi\/mestaripolku\/wp-content\/uploads\/sites\/175\/2021\/02\/apple-blur-book-stack-256520-1-1024x678.jpg\" alt=\"\" class=\"wp-image-408\" srcset=\"https:\/\/blogit.gradia.fi\/mestaripolku\/wp-content\/uploads\/sites\/175\/2021\/02\/apple-blur-book-stack-256520-1-1024x678.jpg 1024w, https:\/\/blogit.gradia.fi\/mestaripolku\/wp-content\/uploads\/sites\/175\/2021\/02\/apple-blur-book-stack-256520-1-300x199.jpg 300w, https:\/\/blogit.gradia.fi\/mestaripolku\/wp-content\/uploads\/sites\/175\/2021\/02\/apple-blur-book-stack-256520-1-768x509.jpg 768w, https:\/\/blogit.gradia.fi\/mestaripolku\/wp-content\/uploads\/sites\/175\/2021\/02\/apple-blur-book-stack-256520-1-1536x1017.jpg 1536w, https:\/\/blogit.gradia.fi\/mestaripolku\/wp-content\/uploads\/sites\/175\/2021\/02\/apple-blur-book-stack-256520-1-2048x1356.jpg 2048w\" sizes=\"auto, (max-width: 1024px) 100vw, 1024px\" \/><\/figure>\n\n\n\n<p>L\u00e4hde: <a href=\"https:\/\/blogit.gradia.fi\/tehoaohjaukseen\/jatkosuunnitelmat\/\" target=\"_blank\" rel=\"noreferrer noopener\">blogit.gradia.fi\/tehoaohjaukseen\/jatkosuunnitelmat<\/a><\/p>\n","protected":false},"excerpt":{"rendered":"<p>Opiskelijan ohjaaminen kohti h\u00e4nen omaa ammatillista polkuaan sek\u00e4 ammatti-identiteetin rakentumista on koko opetus- ja ohjaushenkil\u00f6st\u00f6n teht\u00e4v\u00e4. Tehoa ohjaukseen-blogi antaa konkreettisia vinkkej\u00e4 opettajille ja kaikille opiskelijoiden uraohjausta ja -suunnittelua toteuttaville henkil\u00f6ille. Opettajana voit k\u00e4ynnist\u00e4\u00e4 keskustelun urasuunnittelusta opintojen alkaessa ja ohjata opiskelijan pohtimaan esimerkiksi seuraavia kysymyksi\u00e4. Ty\u00f6uralla eteneminen Miten syvenn\u00e4t ja laajennat osaamistasi ty\u00f6el\u00e4m\u00e4ss\u00e4? Miten aiot edet\u00e4 &hellip; <a href=\"https:\/\/blogit.gradia.fi\/mestaripolku\/uraohjaus\/\" class=\"more-link\">Jatka lukemista <span class=\"screen-reader-text\">Uraohjaus<\/span> <span class=\"meta-nav\">&rarr;<\/span><\/a><\/p>\n","protected":false},"author":152,"featured_media":0,"parent":0,"menu_order":0,"comment_status":"closed","ping_status":"closed","template":"","meta":{"_uag_custom_page_level_css":"","footnotes":""},"class_list":["post-147","page","type-page","status-publish","hentry"],"yoast_head":"<!-- This site is optimized with the Yoast SEO plugin v27.4 - https:\/\/yoast.com\/product\/yoast-seo-wordpress\/ -->\n<title>Uraohjaus - Mestaripolkua rakentamassa<\/title>\n<meta name=\"robots\" content=\"index, follow, max-snippet:-1, max-image-preview:large, max-video-preview:-1\" \/>\n<link rel=\"canonical\" href=\"https:\/\/blogit.gradia.fi\/mestaripolku\/uraohjaus\/\" \/>\n<meta property=\"og:locale\" content=\"fi_FI\" \/>\n<meta property=\"og:type\" content=\"article\" \/>\n<meta property=\"og:title\" content=\"Uraohjaus - Mestaripolkua rakentamassa\" \/>\n<meta property=\"og:description\" content=\"Opiskelijan ohjaaminen kohti h\u00e4nen omaa ammatillista polkuaan sek\u00e4 ammatti-identiteetin rakentumista on koko opetus- ja ohjaushenkil\u00f6st\u00f6n teht\u00e4v\u00e4. Tehoa ohjaukseen-blogi antaa konkreettisia vinkkej\u00e4 opettajille ja kaikille opiskelijoiden uraohjausta ja -suunnittelua toteuttaville henkil\u00f6ille. Opettajana voit k\u00e4ynnist\u00e4\u00e4 keskustelun urasuunnittelusta opintojen alkaessa ja ohjata opiskelijan pohtimaan esimerkiksi seuraavia kysymyksi\u00e4. Ty\u00f6uralla eteneminen Miten syvenn\u00e4t ja laajennat osaamistasi ty\u00f6el\u00e4m\u00e4ss\u00e4? Miten aiot edet\u00e4 &hellip; Jatka lukemista Uraohjaus &rarr;\" \/>\n<meta property=\"og:url\" content=\"https:\/\/blogit.gradia.fi\/mestaripolku\/uraohjaus\/\" \/>\n<meta property=\"og:site_name\" content=\"Mestaripolkua rakentamassa\" \/>\n<meta property=\"article:modified_time\" content=\"2021-02-04T15:38:22+00:00\" \/>\n<meta property=\"og:image\" content=\"https:\/\/blogit.gradia.fi\/mestaripolku\/wp-content\/uploads\/sites\/175\/2021\/02\/apple-blur-book-stack-256520-1-1024x678.jpg\" \/>\n<meta name=\"twitter:card\" content=\"summary_large_image\" \/>\n<meta name=\"twitter:label1\" content=\"Arvioitu lukuaika\" \/>\n\t<meta name=\"twitter:data1\" content=\"1 minuutti\" \/>\n<script type=\"application\/ld+json\" class=\"yoast-schema-graph\">{\"@context\":\"https:\\\/\\\/schema.org\",\"@graph\":[{\"@type\":\"WebPage\",\"@id\":\"https:\\\/\\\/blogit.gradia.fi\\\/mestaripolku\\\/uraohjaus\\\/\",\"url\":\"https:\\\/\\\/blogit.gradia.fi\\\/mestaripolku\\\/uraohjaus\\\/\",\"name\":\"Uraohjaus - Mestaripolkua rakentamassa\",\"isPartOf\":{\"@id\":\"https:\\\/\\\/blogit.gradia.fi\\\/mestaripolku\\\/#website\"},\"primaryImageOfPage\":{\"@id\":\"https:\\\/\\\/blogit.gradia.fi\\\/mestaripolku\\\/uraohjaus\\\/#primaryimage\"},\"image\":{\"@id\":\"https:\\\/\\\/blogit.gradia.fi\\\/mestaripolku\\\/uraohjaus\\\/#primaryimage\"},\"thumbnailUrl\":\"https:\\\/\\\/blogit.gradia.fi\\\/mestaripolku\\\/wp-content\\\/uploads\\\/sites\\\/175\\\/2021\\\/02\\\/apple-blur-book-stack-256520-1-1024x678.jpg\",\"datePublished\":\"2020-12-14T13:09:07+00:00\",\"dateModified\":\"2021-02-04T15:38:22+00:00\",\"breadcrumb\":{\"@id\":\"https:\\\/\\\/blogit.gradia.fi\\\/mestaripolku\\\/uraohjaus\\\/#breadcrumb\"},\"inLanguage\":\"fi\",\"potentialAction\":[{\"@type\":\"ReadAction\",\"target\":[\"https:\\\/\\\/blogit.gradia.fi\\\/mestaripolku\\\/uraohjaus\\\/\"]}]},{\"@type\":\"ImageObject\",\"inLanguage\":\"fi\",\"@id\":\"https:\\\/\\\/blogit.gradia.fi\\\/mestaripolku\\\/uraohjaus\\\/#primaryimage\",\"url\":\"https:\\\/\\\/blogit.gradia.fi\\\/mestaripolku\\\/wp-content\\\/uploads\\\/sites\\\/175\\\/2021\\\/02\\\/apple-blur-book-stack-256520-1-scaled.jpg\",\"contentUrl\":\"https:\\\/\\\/blogit.gradia.fi\\\/mestaripolku\\\/wp-content\\\/uploads\\\/sites\\\/175\\\/2021\\\/02\\\/apple-blur-book-stack-256520-1-scaled.jpg\",\"width\":2560,\"height\":1696},{\"@type\":\"BreadcrumbList\",\"@id\":\"https:\\\/\\\/blogit.gradia.fi\\\/mestaripolku\\\/uraohjaus\\\/#breadcrumb\",\"itemListElement\":[{\"@type\":\"ListItem\",\"position\":1,\"name\":\"Home\",\"item\":\"https:\\\/\\\/blogit.gradia.fi\\\/mestaripolku\\\/\"},{\"@type\":\"ListItem\",\"position\":2,\"name\":\"Uraohjaus\"}]},{\"@type\":\"WebSite\",\"@id\":\"https:\\\/\\\/blogit.gradia.fi\\\/mestaripolku\\\/#website\",\"url\":\"https:\\\/\\\/blogit.gradia.fi\\\/mestaripolku\\\/\",\"name\":\"Mestaripolkua rakentamassa\",\"description\":\"\",\"potentialAction\":[{\"@type\":\"SearchAction\",\"target\":{\"@type\":\"EntryPoint\",\"urlTemplate\":\"https:\\\/\\\/blogit.gradia.fi\\\/mestaripolku\\\/?s={search_term_string}\"},\"query-input\":{\"@type\":\"PropertyValueSpecification\",\"valueRequired\":true,\"valueName\":\"search_term_string\"}}],\"inLanguage\":\"fi\"}]}<\/script>\n<!-- \/ Yoast SEO plugin. -->","yoast_head_json":{"title":"Uraohjaus - Mestaripolkua rakentamassa","robots":{"index":"index","follow":"follow","max-snippet":"max-snippet:-1","max-image-preview":"max-image-preview:large","max-video-preview":"max-video-preview:-1"},"canonical":"https:\/\/blogit.gradia.fi\/mestaripolku\/uraohjaus\/","og_locale":"fi_FI","og_type":"article","og_title":"Uraohjaus - Mestaripolkua rakentamassa","og_description":"Opiskelijan ohjaaminen kohti h\u00e4nen omaa ammatillista polkuaan sek\u00e4 ammatti-identiteetin rakentumista on koko opetus- ja ohjaushenkil\u00f6st\u00f6n teht\u00e4v\u00e4. Tehoa ohjaukseen-blogi antaa konkreettisia vinkkej\u00e4 opettajille ja kaikille opiskelijoiden uraohjausta ja -suunnittelua toteuttaville henkil\u00f6ille. Opettajana voit k\u00e4ynnist\u00e4\u00e4 keskustelun urasuunnittelusta opintojen alkaessa ja ohjata opiskelijan pohtimaan esimerkiksi seuraavia kysymyksi\u00e4. Ty\u00f6uralla eteneminen Miten syvenn\u00e4t ja laajennat osaamistasi ty\u00f6el\u00e4m\u00e4ss\u00e4? Miten aiot edet\u00e4 &hellip; Jatka lukemista Uraohjaus &rarr;","og_url":"https:\/\/blogit.gradia.fi\/mestaripolku\/uraohjaus\/","og_site_name":"Mestaripolkua rakentamassa","article_modified_time":"2021-02-04T15:38:22+00:00","og_image":[{"url":"https:\/\/blogit.gradia.fi\/mestaripolku\/wp-content\/uploads\/sites\/175\/2021\/02\/apple-blur-book-stack-256520-1-1024x678.jpg","type":"","width":"","height":""}],"twitter_card":"summary_large_image","twitter_misc":{"Arvioitu lukuaika":"1 minuutti"},"schema":{"@context":"https:\/\/schema.org","@graph":[{"@type":"WebPage","@id":"https:\/\/blogit.gradia.fi\/mestaripolku\/uraohjaus\/","url":"https:\/\/blogit.gradia.fi\/mestaripolku\/uraohjaus\/","name":"Uraohjaus - Mestaripolkua rakentamassa","isPartOf":{"@id":"https:\/\/blogit.gradia.fi\/mestaripolku\/#website"},"primaryImageOfPage":{"@id":"https:\/\/blogit.gradia.fi\/mestaripolku\/uraohjaus\/#primaryimage"},"image":{"@id":"https:\/\/blogit.gradia.fi\/mestaripolku\/uraohjaus\/#primaryimage"},"thumbnailUrl":"https:\/\/blogit.gradia.fi\/mestaripolku\/wp-content\/uploads\/sites\/175\/2021\/02\/apple-blur-book-stack-256520-1-1024x678.jpg","datePublished":"2020-12-14T13:09:07+00:00","dateModified":"2021-02-04T15:38:22+00:00","breadcrumb":{"@id":"https:\/\/blogit.gradia.fi\/mestaripolku\/uraohjaus\/#breadcrumb"},"inLanguage":"fi","potentialAction":[{"@type":"ReadAction","target":["https:\/\/blogit.gradia.fi\/mestaripolku\/uraohjaus\/"]}]},{"@type":"ImageObject","inLanguage":"fi","@id":"https:\/\/blogit.gradia.fi\/mestaripolku\/uraohjaus\/#primaryimage","url":"https:\/\/blogit.gradia.fi\/mestaripolku\/wp-content\/uploads\/sites\/175\/2021\/02\/apple-blur-book-stack-256520-1-scaled.jpg","contentUrl":"https:\/\/blogit.gradia.fi\/mestaripolku\/wp-content\/uploads\/sites\/175\/2021\/02\/apple-blur-book-stack-256520-1-scaled.jpg","width":2560,"height":1696},{"@type":"BreadcrumbList","@id":"https:\/\/blogit.gradia.fi\/mestaripolku\/uraohjaus\/#breadcrumb","itemListElement":[{"@type":"ListItem","position":1,"name":"Home","item":"https:\/\/blogit.gradia.fi\/mestaripolku\/"},{"@type":"ListItem","position":2,"name":"Uraohjaus"}]},{"@type":"WebSite","@id":"https:\/\/blogit.gradia.fi\/mestaripolku\/#website","url":"https:\/\/blogit.gradia.fi\/mestaripolku\/","name":"Mestaripolkua rakentamassa","description":"","potentialAction":[{"@type":"SearchAction","target":{"@type":"EntryPoint","urlTemplate":"https:\/\/blogit.gradia.fi\/mestaripolku\/?s={search_term_string}"},"query-input":{"@type":"PropertyValueSpecification","valueRequired":true,"valueName":"search_term_string"}}],"inLanguage":"fi"}]}},"uagb_featured_image_src":{"full":false,"thumbnail":false,"medium":false,"medium_large":false,"large":false,"1536x1536":false,"2048x2048":false,"post-thumbnail":false},"uagb_author_info":{"display_name":"Anna Saari","author_link":"https:\/\/blogit.gradia.fi\/mestaripolku\/author\/palviann\/"},"uagb_comment_info":0,"uagb_excerpt":"Opiskelijan ohjaaminen kohti h\u00e4nen omaa ammatillista polkuaan sek\u00e4 ammatti-identiteetin rakentumista on koko opetus- ja ohjaushenkil\u00f6st\u00f6n teht\u00e4v\u00e4. Tehoa ohjaukseen-blogi antaa konkreettisia vinkkej\u00e4 opettajille ja kaikille opiskelijoiden uraohjausta ja -suunnittelua toteuttaville henkil\u00f6ille. Opettajana voit k\u00e4ynnist\u00e4\u00e4 keskustelun urasuunnittelusta opintojen alkaessa ja ohjata opiskelijan pohtimaan esimerkiksi seuraavia kysymyksi\u00e4. Ty\u00f6uralla eteneminen Miten syvenn\u00e4t ja laajennat osaamistasi ty\u00f6el\u00e4m\u00e4ss\u00e4? Miten aiot edet\u00e4&hellip;","_links":{"self":[{"href":"https:\/\/blogit.gradia.fi\/mestaripolku\/wp-json\/wp\/v2\/pages\/147","targetHints":{"allow":["GET"]}}],"collection":[{"href":"https:\/\/blogit.gradia.fi\/mestaripolku\/wp-json\/wp\/v2\/pages"}],"about":[{"href":"https:\/\/blogit.gradia.fi\/mestaripolku\/wp-json\/wp\/v2\/types\/page"}],"author":[{"embeddable":true,"href":"https:\/\/blogit.gradia.fi\/mestaripolku\/wp-json\/wp\/v2\/users\/152"}],"replies":[{"embeddable":true,"href":"https:\/\/blogit.gradia.fi\/mestaripolku\/wp-json\/wp\/v2\/comments?post=147"}],"version-history":[{"count":4,"href":"https:\/\/blogit.gradia.fi\/mestaripolku\/wp-json\/wp\/v2\/pages\/147\/revisions"}],"predecessor-version":[{"id":410,"href":"https:\/\/blogit.gradia.fi\/mestaripolku\/wp-json\/wp\/v2\/pages\/147\/revisions\/410"}],"wp:attachment":[{"href":"https:\/\/blogit.gradia.fi\/mestaripolku\/wp-json\/wp\/v2\/media?parent=147"}],"curies":[{"name":"wp","href":"https:\/\/api.w.org\/{rel}","templated":true}]}}