{"id":136,"date":"2020-11-12T11:18:43","date_gmt":"2020-11-12T09:18:43","guid":{"rendered":"https:\/\/blogit.gradia.fi\/mestaripolku\/?page_id=136"},"modified":"2021-02-04T17:06:21","modified_gmt":"2021-02-04T15:06:21","slug":"tyoelamatapaamiset-2020","status":"publish","type":"page","link":"https:\/\/blogit.gradia.fi\/mestaripolku\/tyoelamatapaamiset-2020\/","title":{"rendered":"Ty\u00f6el\u00e4m\u00e4tapaamiset 2020"},"content":{"rendered":"\n<p>Olemme koonneet t\u00e4lle sivulle Mestaripolkua rakentamassa -hankkeen ty\u00f6el\u00e4m\u00e4tapaamiset vuoden 2020 aikana. Tapaamiset ovat olleet todella mielenkiintoisia ja hedelm\u00e4llisi\u00e4 molemminpuolisesti. <\/p>\n\n\n\n<p>Tapaamisten tavoitteena on ollut selvitt\u00e4\u00e4, millaista yhteisty\u00f6t\u00e4 oppilaitos, mestarikilta ja yritykset tai organisaatiot voivat tehd\u00e4. Monia erilaisia yhteisty\u00f6muotoja on syntynyt &#8211; lue n\u00e4ist\u00e4 muutamasta t\u00e4lt\u00e4 sivulta! <\/p>\n\n\n\n<div class=\"wp-block-media-text alignwide is-stacked-on-mobile\" style=\"grid-template-columns:21% auto\"><figure class=\"wp-block-media-text__media\"><img loading=\"lazy\" decoding=\"async\" width=\"332\" height=\"128\" src=\"https:\/\/blogit.gradia.fi\/mestaripolku\/wp-content\/uploads\/sites\/175\/2021\/02\/Toivakka-logo-1.png\" alt=\"\" class=\"wp-image-373 size-full\" srcset=\"https:\/\/blogit.gradia.fi\/mestaripolku\/wp-content\/uploads\/sites\/175\/2021\/02\/Toivakka-logo-1.png 332w, https:\/\/blogit.gradia.fi\/mestaripolku\/wp-content\/uploads\/sites\/175\/2021\/02\/Toivakka-logo-1-300x116.png 300w\" sizes=\"auto, (max-width: 332px) 100vw, 332px\" \/><\/figure><div class=\"wp-block-media-text__content\">\n<h2 class=\"wp-block-heading\"><a href=\"https:\/\/blogit.gradia.fi\/mestaripolku\/2020\/10\/02\/tyoelamatapaaminen-toivakan-kunta\/\">Toivakan kunta<\/a><\/h2>\n\n\n\n<p><strong>30.9.2020 | Gradia<\/strong><\/p>\n<\/div><\/div>\n\n\n\n<div class=\"wp-block-media-text alignwide is-stacked-on-mobile\" style=\"grid-template-columns:21% auto\"><figure class=\"wp-block-media-text__media\"><img loading=\"lazy\" decoding=\"async\" width=\"940\" height=\"596\" src=\"https:\/\/blogit.gradia.fi\/mestaripolku\/wp-content\/uploads\/sites\/175\/2021\/02\/laukaa_sininen_rgb.png\" alt=\"Laukaan kunnan logo\" class=\"wp-image-349 size-full\" srcset=\"https:\/\/blogit.gradia.fi\/mestaripolku\/wp-content\/uploads\/sites\/175\/2021\/02\/laukaa_sininen_rgb.png 940w, https:\/\/blogit.gradia.fi\/mestaripolku\/wp-content\/uploads\/sites\/175\/2021\/02\/laukaa_sininen_rgb-300x190.png 300w, https:\/\/blogit.gradia.fi\/mestaripolku\/wp-content\/uploads\/sites\/175\/2021\/02\/laukaa_sininen_rgb-768x487.png 768w\" sizes=\"auto, (max-width: 940px) 100vw, 940px\" \/><\/figure><div class=\"wp-block-media-text__content\">\n<h2 class=\"wp-block-heading\"><a href=\"https:\/\/blogit.gradia.fi\/mestaripolku\/2020\/10\/12\/laukaan-kunta\/\">Laukaan kunta<\/a><\/h2>\n\n\n\n<p><strong>8.10.2020 | Gradia<\/strong><\/p>\n<\/div><\/div>\n\n\n\n<div class=\"wp-block-media-text alignwide is-stacked-on-mobile\" style=\"grid-template-columns:21% auto\"><figure class=\"wp-block-media-text__media\"><a href=\"https:\/\/www.keuruu.fi\/index.php?5ffc56a4\"><img loading=\"lazy\" decoding=\"async\" width=\"1024\" height=\"591\" src=\"https:\/\/blogit.gradia.fi\/mestaripolku\/wp-content\/uploads\/sites\/175\/2021\/01\/keuruu-logo-aalto-01-1024x591.jpg\" alt=\"Keuruun kaupungin logo\" class=\"wp-image-309 size-full\" srcset=\"https:\/\/blogit.gradia.fi\/mestaripolku\/wp-content\/uploads\/sites\/175\/2021\/01\/keuruu-logo-aalto-01-1024x591.jpg 1024w, https:\/\/blogit.gradia.fi\/mestaripolku\/wp-content\/uploads\/sites\/175\/2021\/01\/keuruu-logo-aalto-01-300x173.jpg 300w, https:\/\/blogit.gradia.fi\/mestaripolku\/wp-content\/uploads\/sites\/175\/2021\/01\/keuruu-logo-aalto-01-768x443.jpg 768w, https:\/\/blogit.gradia.fi\/mestaripolku\/wp-content\/uploads\/sites\/175\/2021\/01\/keuruu-logo-aalto-01-1536x887.jpg 1536w, https:\/\/blogit.gradia.fi\/mestaripolku\/wp-content\/uploads\/sites\/175\/2021\/01\/keuruu-logo-aalto-01.jpg 1772w\" sizes=\"auto, (max-width: 1024px) 100vw, 1024px\" \/><\/a><\/figure><div class=\"wp-block-media-text__content\">\n<h2 class=\"wp-block-heading\"><a href=\"https:\/\/blogit.gradia.fi\/mestaripolku\/2020\/10\/23\/keuruun-kaupunki\/\">Keuruun kaupunki<\/a><\/h2>\n\n\n\n<p><strong>21.10.2020 | Gradia<\/strong><\/p>\n<\/div><\/div>\n\n\n\n<div class=\"wp-block-media-text alignwide is-stacked-on-mobile\" style=\"grid-template-columns:21% auto\"><figure class=\"wp-block-media-text__media\"><a href=\"https:\/\/xn--jyvspakari-s5a.fi\/\"><img loading=\"lazy\" decoding=\"async\" width=\"389\" height=\"216\" src=\"https:\/\/blogit.gradia.fi\/mestaripolku\/wp-content\/uploads\/sites\/175\/2021\/01\/JyvasPakari_logo.png\" alt=\"Jyv\u00e4s Pakari yrityksen logo Pellolta p\u00f6yt\u00e4\u00e4n\" class=\"wp-image-237 size-full\" srcset=\"https:\/\/blogit.gradia.fi\/mestaripolku\/wp-content\/uploads\/sites\/175\/2021\/01\/JyvasPakari_logo.png 389w, https:\/\/blogit.gradia.fi\/mestaripolku\/wp-content\/uploads\/sites\/175\/2021\/01\/JyvasPakari_logo-300x167.png 300w\" sizes=\"auto, (max-width: 389px) 100vw, 389px\" \/><\/a><\/figure><div class=\"wp-block-media-text__content\">\n<h2 class=\"wp-block-heading\"><a href=\"https:\/\/blogit.gradia.fi\/mestaripolku\/2020\/11\/25\/tyoelamatapaaminen-jyvas-pakari-oy\/\">Jyv\u00e4s Pakari Oy<\/a><\/h2>\n\n\n\n<p><strong>11.11.2020 | Gradia<\/strong><\/p>\n<\/div><\/div>\n\n\n\n<div class=\"wp-block-media-text alignwide is-stacked-on-mobile\" style=\"grid-template-columns:21% auto\"><figure class=\"wp-block-media-text__media\"><img loading=\"lazy\" decoding=\"async\" width=\"615\" height=\"820\" src=\"https:\/\/blogit.gradia.fi\/mestaripolku\/wp-content\/uploads\/sites\/175\/2020\/11\/tyoelamatapaaminen_KSY.jpg\" alt=\"\" class=\"wp-image-141 size-full\" srcset=\"https:\/\/blogit.gradia.fi\/mestaripolku\/wp-content\/uploads\/sites\/175\/2020\/11\/tyoelamatapaaminen_KSY.jpg 615w, https:\/\/blogit.gradia.fi\/mestaripolku\/wp-content\/uploads\/sites\/175\/2020\/11\/tyoelamatapaaminen_KSY-225x300.jpg 225w\" sizes=\"auto, (max-width: 615px) 100vw, 615px\" \/><\/figure><div class=\"wp-block-media-text__content\">\n<h2 class=\"wp-block-heading\"><a href=\"https:\/\/blogit.gradia.fi\/mestaripolku\/2020\/11\/13\/keski-suomen-yrittajien-tapaaminen\/\">Keski-Suomen Yritt\u00e4j\u00e4t<\/a><\/h2>\n\n\n\n<p><strong>11.11.2020 | Gradia<\/strong><\/p>\n<\/div><\/div>\n\n\n\n<div class=\"wp-block-media-text alignwide is-stacked-on-mobile\" style=\"grid-template-columns:21% auto\"><figure class=\"wp-block-media-text__media\"><img loading=\"lazy\" decoding=\"async\" width=\"200\" height=\"200\" src=\"https:\/\/blogit.gradia.fi\/mestaripolku\/wp-content\/uploads\/sites\/175\/2021\/02\/Nyka-Mummon-logo.jpg\" alt=\"Nyk\u00e4-Mummon Piirakka logo\" class=\"wp-image-362 size-full\" srcset=\"https:\/\/blogit.gradia.fi\/mestaripolku\/wp-content\/uploads\/sites\/175\/2021\/02\/Nyka-Mummon-logo.jpg 200w, https:\/\/blogit.gradia.fi\/mestaripolku\/wp-content\/uploads\/sites\/175\/2021\/02\/Nyka-Mummon-logo-150x150.jpg 150w\" sizes=\"auto, (max-width: 200px) 100vw, 200px\" \/><\/figure><div class=\"wp-block-media-text__content\">\n<h2 class=\"wp-block-heading\"><a href=\"https:\/\/blogit.gradia.fi\/mestaripolku\/2020\/11\/16\/nyka-mummon-piirakka\/\">Nyk\u00e4-Mummon Piirakka<\/a><\/h2>\n\n\n\n<p><strong>13.11.2020 | Gradia<\/strong><\/p>\n<\/div><\/div>\n\n\n\n<div class=\"wp-block-media-text alignwide is-stacked-on-mobile\" style=\"grid-template-columns:21% auto\"><figure class=\"wp-block-media-text__media\"><a href=\"https:\/\/www.jyvascaravan.fi\/\"><img loading=\"lazy\" decoding=\"async\" width=\"299\" height=\"168\" src=\"https:\/\/blogit.gradia.fi\/mestaripolku\/wp-content\/uploads\/sites\/175\/2021\/01\/JyvasCaravan_logo1.jpg\" alt=\"\" class=\"wp-image-238 size-full\" \/><\/a><\/figure><div class=\"wp-block-media-text__content\">\n<h2 class=\"wp-block-heading\"><a href=\"https:\/\/blogit.gradia.fi\/mestaripolku\/2020\/11\/25\/tyoelamatapaaminen-jyvas-caravan-oy\/\">Jyv\u00e4s-Caravan Oy<\/a><\/h2>\n\n\n\n<p><strong>23.11.2020 | Gradia<\/strong><\/p>\n<\/div><\/div>\n","protected":false},"excerpt":{"rendered":"<p>Olemme koonneet t\u00e4lle sivulle Mestaripolkua rakentamassa -hankkeen ty\u00f6el\u00e4m\u00e4tapaamiset vuoden 2020 aikana. Tapaamiset ovat olleet todella mielenkiintoisia ja hedelm\u00e4llisi\u00e4 molemminpuolisesti. Tapaamisten tavoitteena on ollut selvitt\u00e4\u00e4, millaista yhteisty\u00f6t\u00e4 oppilaitos, mestarikilta ja yritykset tai organisaatiot voivat tehd\u00e4. Monia erilaisia yhteisty\u00f6muotoja on syntynyt &#8211; lue n\u00e4ist\u00e4 muutamasta t\u00e4lt\u00e4 sivulta! Toivakan kunta 30.9.2020 | Gradia Laukaan kunta 8.10.2020 | Gradia &hellip; <a href=\"https:\/\/blogit.gradia.fi\/mestaripolku\/tyoelamatapaamiset-2020\/\" class=\"more-link\">Jatka lukemista <span class=\"screen-reader-text\">Ty\u00f6el\u00e4m\u00e4tapaamiset 2020<\/span> <span class=\"meta-nav\">&rarr;<\/span><\/a><\/p>\n","protected":false},"author":152,"featured_media":0,"parent":0,"menu_order":0,"comment_status":"closed","ping_status":"closed","template":"","meta":{"_uag_custom_page_level_css":"","footnotes":""},"class_list":["post-136","page","type-page","status-publish","hentry"],"yoast_head":"<!-- This site is optimized with the Yoast SEO plugin v27.4 - https:\/\/yoast.com\/product\/yoast-seo-wordpress\/ -->\n<title>Ty\u00f6el\u00e4m\u00e4tapaamiset 2020 - Mestaripolkua rakentamassa<\/title>\n<meta name=\"description\" content=\"Mestaripolkua rakentamassa -hankkeen ty\u00f6el\u00e4m\u00e4vierailujen koosteet vuoden 2020 aikana.\" \/>\n<meta name=\"robots\" content=\"index, follow, max-snippet:-1, max-image-preview:large, max-video-preview:-1\" \/>\n<link rel=\"canonical\" href=\"https:\/\/blogit.gradia.fi\/mestaripolku\/tyoelamatapaamiset-2020\/\" \/>\n<meta property=\"og:locale\" content=\"fi_FI\" \/>\n<meta property=\"og:type\" content=\"article\" \/>\n<meta property=\"og:title\" content=\"Ty\u00f6el\u00e4m\u00e4tapaamiset 2020 - Mestaripolkua rakentamassa\" \/>\n<meta property=\"og:description\" content=\"Mestaripolkua rakentamassa -hankkeen ty\u00f6el\u00e4m\u00e4vierailujen koosteet vuoden 2020 aikana.\" \/>\n<meta property=\"og:url\" content=\"https:\/\/blogit.gradia.fi\/mestaripolku\/tyoelamatapaamiset-2020\/\" \/>\n<meta property=\"og:site_name\" content=\"Mestaripolkua rakentamassa\" \/>\n<meta property=\"article:modified_time\" content=\"2021-02-04T15:06:21+00:00\" \/>\n<meta property=\"og:image\" content=\"https:\/\/blogit.gradia.fi\/mestaripolku\/wp-content\/uploads\/sites\/175\/2021\/02\/Toivakka-logo-1.png\" \/>\n<meta name=\"twitter:card\" content=\"summary_large_image\" \/>\n<meta name=\"twitter:label1\" content=\"Arvioitu lukuaika\" \/>\n\t<meta name=\"twitter:data1\" content=\"2 minuuttia\" \/>\n<script type=\"application\/ld+json\" class=\"yoast-schema-graph\">{\"@context\":\"https:\\\/\\\/schema.org\",\"@graph\":[{\"@type\":\"WebPage\",\"@id\":\"https:\\\/\\\/blogit.gradia.fi\\\/mestaripolku\\\/tyoelamatapaamiset-2020\\\/\",\"url\":\"https:\\\/\\\/blogit.gradia.fi\\\/mestaripolku\\\/tyoelamatapaamiset-2020\\\/\",\"name\":\"Ty\u00f6el\u00e4m\u00e4tapaamiset 2020 - Mestaripolkua rakentamassa\",\"isPartOf\":{\"@id\":\"https:\\\/\\\/blogit.gradia.fi\\\/mestaripolku\\\/#website\"},\"primaryImageOfPage\":{\"@id\":\"https:\\\/\\\/blogit.gradia.fi\\\/mestaripolku\\\/tyoelamatapaamiset-2020\\\/#primaryimage\"},\"image\":{\"@id\":\"https:\\\/\\\/blogit.gradia.fi\\\/mestaripolku\\\/tyoelamatapaamiset-2020\\\/#primaryimage\"},\"thumbnailUrl\":\"https:\\\/\\\/blogit.gradia.fi\\\/mestaripolku\\\/wp-content\\\/uploads\\\/sites\\\/175\\\/2021\\\/02\\\/Toivakka-logo-1.png\",\"datePublished\":\"2020-11-12T09:18:43+00:00\",\"dateModified\":\"2021-02-04T15:06:21+00:00\",\"description\":\"Mestaripolkua rakentamassa -hankkeen ty\u00f6el\u00e4m\u00e4vierailujen koosteet vuoden 2020 aikana.\",\"breadcrumb\":{\"@id\":\"https:\\\/\\\/blogit.gradia.fi\\\/mestaripolku\\\/tyoelamatapaamiset-2020\\\/#breadcrumb\"},\"inLanguage\":\"fi\",\"potentialAction\":[{\"@type\":\"ReadAction\",\"target\":[\"https:\\\/\\\/blogit.gradia.fi\\\/mestaripolku\\\/tyoelamatapaamiset-2020\\\/\"]}]},{\"@type\":\"ImageObject\",\"inLanguage\":\"fi\",\"@id\":\"https:\\\/\\\/blogit.gradia.fi\\\/mestaripolku\\\/tyoelamatapaamiset-2020\\\/#primaryimage\",\"url\":\"https:\\\/\\\/blogit.gradia.fi\\\/mestaripolku\\\/wp-content\\\/uploads\\\/sites\\\/175\\\/2021\\\/02\\\/Toivakka-logo-1.png\",\"contentUrl\":\"https:\\\/\\\/blogit.gradia.fi\\\/mestaripolku\\\/wp-content\\\/uploads\\\/sites\\\/175\\\/2021\\\/02\\\/Toivakka-logo-1.png\",\"width\":332,\"height\":128},{\"@type\":\"BreadcrumbList\",\"@id\":\"https:\\\/\\\/blogit.gradia.fi\\\/mestaripolku\\\/tyoelamatapaamiset-2020\\\/#breadcrumb\",\"itemListElement\":[{\"@type\":\"ListItem\",\"position\":1,\"name\":\"Home\",\"item\":\"https:\\\/\\\/blogit.gradia.fi\\\/mestaripolku\\\/\"},{\"@type\":\"ListItem\",\"position\":2,\"name\":\"Ty\u00f6el\u00e4m\u00e4tapaamiset 2020\"}]},{\"@type\":\"WebSite\",\"@id\":\"https:\\\/\\\/blogit.gradia.fi\\\/mestaripolku\\\/#website\",\"url\":\"https:\\\/\\\/blogit.gradia.fi\\\/mestaripolku\\\/\",\"name\":\"Mestaripolkua rakentamassa\",\"description\":\"\",\"potentialAction\":[{\"@type\":\"SearchAction\",\"target\":{\"@type\":\"EntryPoint\",\"urlTemplate\":\"https:\\\/\\\/blogit.gradia.fi\\\/mestaripolku\\\/?s={search_term_string}\"},\"query-input\":{\"@type\":\"PropertyValueSpecification\",\"valueRequired\":true,\"valueName\":\"search_term_string\"}}],\"inLanguage\":\"fi\"}]}<\/script>\n<!-- \/ Yoast SEO plugin. -->","yoast_head_json":{"title":"Ty\u00f6el\u00e4m\u00e4tapaamiset 2020 - Mestaripolkua rakentamassa","description":"Mestaripolkua rakentamassa -hankkeen ty\u00f6el\u00e4m\u00e4vierailujen koosteet vuoden 2020 aikana.","robots":{"index":"index","follow":"follow","max-snippet":"max-snippet:-1","max-image-preview":"max-image-preview:large","max-video-preview":"max-video-preview:-1"},"canonical":"https:\/\/blogit.gradia.fi\/mestaripolku\/tyoelamatapaamiset-2020\/","og_locale":"fi_FI","og_type":"article","og_title":"Ty\u00f6el\u00e4m\u00e4tapaamiset 2020 - Mestaripolkua rakentamassa","og_description":"Mestaripolkua rakentamassa -hankkeen ty\u00f6el\u00e4m\u00e4vierailujen koosteet vuoden 2020 aikana.","og_url":"https:\/\/blogit.gradia.fi\/mestaripolku\/tyoelamatapaamiset-2020\/","og_site_name":"Mestaripolkua rakentamassa","article_modified_time":"2021-02-04T15:06:21+00:00","og_image":[{"url":"https:\/\/blogit.gradia.fi\/mestaripolku\/wp-content\/uploads\/sites\/175\/2021\/02\/Toivakka-logo-1.png","type":"","width":"","height":""}],"twitter_card":"summary_large_image","twitter_misc":{"Arvioitu lukuaika":"2 minuuttia"},"schema":{"@context":"https:\/\/schema.org","@graph":[{"@type":"WebPage","@id":"https:\/\/blogit.gradia.fi\/mestaripolku\/tyoelamatapaamiset-2020\/","url":"https:\/\/blogit.gradia.fi\/mestaripolku\/tyoelamatapaamiset-2020\/","name":"Ty\u00f6el\u00e4m\u00e4tapaamiset 2020 - Mestaripolkua rakentamassa","isPartOf":{"@id":"https:\/\/blogit.gradia.fi\/mestaripolku\/#website"},"primaryImageOfPage":{"@id":"https:\/\/blogit.gradia.fi\/mestaripolku\/tyoelamatapaamiset-2020\/#primaryimage"},"image":{"@id":"https:\/\/blogit.gradia.fi\/mestaripolku\/tyoelamatapaamiset-2020\/#primaryimage"},"thumbnailUrl":"https:\/\/blogit.gradia.fi\/mestaripolku\/wp-content\/uploads\/sites\/175\/2021\/02\/Toivakka-logo-1.png","datePublished":"2020-11-12T09:18:43+00:00","dateModified":"2021-02-04T15:06:21+00:00","description":"Mestaripolkua rakentamassa -hankkeen ty\u00f6el\u00e4m\u00e4vierailujen koosteet vuoden 2020 aikana.","breadcrumb":{"@id":"https:\/\/blogit.gradia.fi\/mestaripolku\/tyoelamatapaamiset-2020\/#breadcrumb"},"inLanguage":"fi","potentialAction":[{"@type":"ReadAction","target":["https:\/\/blogit.gradia.fi\/mestaripolku\/tyoelamatapaamiset-2020\/"]}]},{"@type":"ImageObject","inLanguage":"fi","@id":"https:\/\/blogit.gradia.fi\/mestaripolku\/tyoelamatapaamiset-2020\/#primaryimage","url":"https:\/\/blogit.gradia.fi\/mestaripolku\/wp-content\/uploads\/sites\/175\/2021\/02\/Toivakka-logo-1.png","contentUrl":"https:\/\/blogit.gradia.fi\/mestaripolku\/wp-content\/uploads\/sites\/175\/2021\/02\/Toivakka-logo-1.png","width":332,"height":128},{"@type":"BreadcrumbList","@id":"https:\/\/blogit.gradia.fi\/mestaripolku\/tyoelamatapaamiset-2020\/#breadcrumb","itemListElement":[{"@type":"ListItem","position":1,"name":"Home","item":"https:\/\/blogit.gradia.fi\/mestaripolku\/"},{"@type":"ListItem","position":2,"name":"Ty\u00f6el\u00e4m\u00e4tapaamiset 2020"}]},{"@type":"WebSite","@id":"https:\/\/blogit.gradia.fi\/mestaripolku\/#website","url":"https:\/\/blogit.gradia.fi\/mestaripolku\/","name":"Mestaripolkua rakentamassa","description":"","potentialAction":[{"@type":"SearchAction","target":{"@type":"EntryPoint","urlTemplate":"https:\/\/blogit.gradia.fi\/mestaripolku\/?s={search_term_string}"},"query-input":{"@type":"PropertyValueSpecification","valueRequired":true,"valueName":"search_term_string"}}],"inLanguage":"fi"}]}},"uagb_featured_image_src":{"full":false,"thumbnail":false,"medium":false,"medium_large":false,"large":false,"1536x1536":false,"2048x2048":false,"post-thumbnail":false},"uagb_author_info":{"display_name":"Anna Saari","author_link":"https:\/\/blogit.gradia.fi\/mestaripolku\/author\/palviann\/"},"uagb_comment_info":0,"uagb_excerpt":"Olemme koonneet t\u00e4lle sivulle Mestaripolkua rakentamassa -hankkeen ty\u00f6el\u00e4m\u00e4tapaamiset vuoden 2020 aikana. Tapaamiset ovat olleet todella mielenkiintoisia ja hedelm\u00e4llisi\u00e4 molemminpuolisesti. Tapaamisten tavoitteena on ollut selvitt\u00e4\u00e4, millaista yhteisty\u00f6t\u00e4 oppilaitos, mestarikilta ja yritykset tai organisaatiot voivat tehd\u00e4. Monia erilaisia yhteisty\u00f6muotoja on syntynyt &#8211; lue n\u00e4ist\u00e4 muutamasta t\u00e4lt\u00e4 sivulta! Toivakan kunta 30.9.2020 | Gradia Laukaan kunta 8.10.2020 | Gradia&hellip;","_links":{"self":[{"href":"https:\/\/blogit.gradia.fi\/mestaripolku\/wp-json\/wp\/v2\/pages\/136","targetHints":{"allow":["GET"]}}],"collection":[{"href":"https:\/\/blogit.gradia.fi\/mestaripolku\/wp-json\/wp\/v2\/pages"}],"about":[{"href":"https:\/\/blogit.gradia.fi\/mestaripolku\/wp-json\/wp\/v2\/types\/page"}],"author":[{"embeddable":true,"href":"https:\/\/blogit.gradia.fi\/mestaripolku\/wp-json\/wp\/v2\/users\/152"}],"replies":[{"embeddable":true,"href":"https:\/\/blogit.gradia.fi\/mestaripolku\/wp-json\/wp\/v2\/comments?post=136"}],"version-history":[{"count":16,"href":"https:\/\/blogit.gradia.fi\/mestaripolku\/wp-json\/wp\/v2\/pages\/136\/revisions"}],"predecessor-version":[{"id":377,"href":"https:\/\/blogit.gradia.fi\/mestaripolku\/wp-json\/wp\/v2\/pages\/136\/revisions\/377"}],"wp:attachment":[{"href":"https:\/\/blogit.gradia.fi\/mestaripolku\/wp-json\/wp\/v2\/media?parent=136"}],"curies":[{"name":"wp","href":"https:\/\/api.w.org\/{rel}","templated":true}]}}