{"id":125,"date":"2020-11-12T11:16:18","date_gmt":"2020-11-12T09:16:18","guid":{"rendered":"https:\/\/blogit.gradia.fi\/mestaripolku\/?page_id=125"},"modified":"2021-01-15T13:21:57","modified_gmt":"2021-01-15T11:21:57","slug":"opiskelijainfot-2020","status":"publish","type":"page","link":"https:\/\/blogit.gradia.fi\/mestaripolku\/opiskelijainfot-2020\/","title":{"rendered":"Opiskelijainfot 2020"},"content":{"rendered":"\n<div class=\"wp-block-media-text alignwide is-stacked-on-mobile\" style=\"grid-template-columns:20% auto\"><figure class=\"wp-block-media-text__media\"><img loading=\"lazy\" decoding=\"async\" width=\"637\" height=\"478\" src=\"https:\/\/blogit.gradia.fi\/mestaripolku\/wp-content\/uploads\/sites\/175\/2020\/11\/Opiskelijainfo1_Turku.jpg\" alt=\"\" class=\"wp-image-122 size-full\" srcset=\"https:\/\/blogit.gradia.fi\/mestaripolku\/wp-content\/uploads\/sites\/175\/2020\/11\/Opiskelijainfo1_Turku.jpg 637w, https:\/\/blogit.gradia.fi\/mestaripolku\/wp-content\/uploads\/sites\/175\/2020\/11\/Opiskelijainfo1_Turku-300x225.jpg 300w\" sizes=\"auto, (max-width: 637px) 100vw, 637px\" \/><\/figure><div class=\"wp-block-media-text__content\">\n<p><\/p>\n\n\n\n<h2 class=\"wp-block-heading\"><a href=\"https:\/\/blogit.gradia.fi\/mestaripolku\/2020\/11\/12\/opiskelijainfo-sahkoalan-valmistuville-opiskelijoille-3-11-2020\/\">Opiskelijainfo s\u00e4hk\u00f6alan valmistuville opiskelijoille<\/a><\/h2>\n\n\n\n<p><strong>3.11.2020 | Turun AKK<\/strong><\/p>\n<\/div><\/div>\n\n\n\n<div class=\"wp-block-media-text alignwide is-stacked-on-mobile\" style=\"grid-template-columns:20% auto\"><figure class=\"wp-block-media-text__media\"><img loading=\"lazy\" decoding=\"async\" width=\"1024\" height=\"683\" src=\"https:\/\/blogit.gradia.fi\/mestaripolku\/wp-content\/uploads\/sites\/175\/2021\/01\/gradia-teollinen-maalaus-hires-srgb-0388-1024x683.jpg\" alt=\"maalariopiskelija maalauslasta k\u00e4dess\u00e4\" class=\"wp-image-250 size-full\" srcset=\"https:\/\/blogit.gradia.fi\/mestaripolku\/wp-content\/uploads\/sites\/175\/2021\/01\/gradia-teollinen-maalaus-hires-srgb-0388-1024x683.jpg 1024w, https:\/\/blogit.gradia.fi\/mestaripolku\/wp-content\/uploads\/sites\/175\/2021\/01\/gradia-teollinen-maalaus-hires-srgb-0388-300x200.jpg 300w, https:\/\/blogit.gradia.fi\/mestaripolku\/wp-content\/uploads\/sites\/175\/2021\/01\/gradia-teollinen-maalaus-hires-srgb-0388-768x512.jpg 768w, https:\/\/blogit.gradia.fi\/mestaripolku\/wp-content\/uploads\/sites\/175\/2021\/01\/gradia-teollinen-maalaus-hires-srgb-0388-1536x1024.jpg 1536w, https:\/\/blogit.gradia.fi\/mestaripolku\/wp-content\/uploads\/sites\/175\/2021\/01\/gradia-teollinen-maalaus-hires-srgb-0388.jpg 2048w\" sizes=\"auto, (max-width: 1024px) 100vw, 1024px\" \/><\/figure><div class=\"wp-block-media-text__content\">\n<p><\/p>\n\n\n\n<h2 class=\"wp-block-heading\"><a href=\"https:\/\/blogit.gradia.fi\/mestaripolku\/wp-admin\/post.php?post=254&amp;action=edit\">Opiskelijainfo pintak\u00e4sittelyalan opiskelijoille<\/a><\/h2>\n\n\n\n<p><strong>16.11.2020 | Gradia<\/strong><\/p>\n<\/div><\/div>\n\n\n\n<div class=\"wp-block-media-text alignwide is-stacked-on-mobile\" style=\"grid-template-columns:20% auto\"><figure class=\"wp-block-media-text__media\"><img loading=\"lazy\" decoding=\"async\" width=\"1024\" height=\"682\" src=\"https:\/\/blogit.gradia.fi\/mestaripolku\/wp-content\/uploads\/sites\/175\/2020\/10\/055-ao-elintarvikeala-netti-srgb-3512-1024x682.jpg\" alt=\"vaaleanpunaiset bebe leivokset\" class=\"wp-image-86 size-full\" srcset=\"https:\/\/blogit.gradia.fi\/mestaripolku\/wp-content\/uploads\/sites\/175\/2020\/10\/055-ao-elintarvikeala-netti-srgb-3512-1024x682.jpg 1024w, https:\/\/blogit.gradia.fi\/mestaripolku\/wp-content\/uploads\/sites\/175\/2020\/10\/055-ao-elintarvikeala-netti-srgb-3512-300x200.jpg 300w, https:\/\/blogit.gradia.fi\/mestaripolku\/wp-content\/uploads\/sites\/175\/2020\/10\/055-ao-elintarvikeala-netti-srgb-3512-768x512.jpg 768w, https:\/\/blogit.gradia.fi\/mestaripolku\/wp-content\/uploads\/sites\/175\/2020\/10\/055-ao-elintarvikeala-netti-srgb-3512.jpg 1400w\" sizes=\"auto, (max-width: 1024px) 100vw, 1024px\" \/><\/figure><div class=\"wp-block-media-text__content\">\n<p><\/p>\n\n\n\n<h2 class=\"wp-block-heading\"><a href=\"https:\/\/blogit.gradia.fi\/mestaripolku\/2020\/11\/20\/opiskelijainfo-elintarvikealan-opiskelijoille\/\">Opiskelijainfo elintarvikealan opiskelijoille<\/a><\/h2>\n\n\n\n<p><strong>18.11.2020 | Gradia<\/strong><\/p>\n<\/div><\/div>\n","protected":false},"excerpt":{"rendered":"<p>Opiskelijainfo s\u00e4hk\u00f6alan valmistuville opiskelijoille 3.11.2020 | Turun AKK Opiskelijainfo pintak\u00e4sittelyalan opiskelijoille 16.11.2020 | Gradia Opiskelijainfo elintarvikealan opiskelijoille 18.11.2020 | Gradia<\/p>\n","protected":false},"author":152,"featured_media":0,"parent":0,"menu_order":0,"comment_status":"closed","ping_status":"closed","template":"","meta":{"_uag_custom_page_level_css":"","footnotes":""},"class_list":["post-125","page","type-page","status-publish","hentry"],"yoast_head":"<!-- This site is optimized with the Yoast SEO plugin v27.4 - https:\/\/yoast.com\/product\/yoast-seo-wordpress\/ -->\n<title>Opiskelijainfot 2020 - Mestaripolkua rakentamassa<\/title>\n<meta name=\"robots\" content=\"index, follow, max-snippet:-1, max-image-preview:large, max-video-preview:-1\" \/>\n<link rel=\"canonical\" href=\"https:\/\/blogit.gradia.fi\/mestaripolku\/opiskelijainfot-2020\/\" \/>\n<meta property=\"og:locale\" content=\"fi_FI\" \/>\n<meta property=\"og:type\" content=\"article\" \/>\n<meta property=\"og:title\" content=\"Opiskelijainfot 2020 - Mestaripolkua rakentamassa\" \/>\n<meta property=\"og:description\" content=\"Opiskelijainfo s\u00e4hk\u00f6alan valmistuville opiskelijoille 3.11.2020 | Turun AKK Opiskelijainfo pintak\u00e4sittelyalan opiskelijoille 16.11.2020 | Gradia Opiskelijainfo elintarvikealan opiskelijoille 18.11.2020 | Gradia\" \/>\n<meta property=\"og:url\" content=\"https:\/\/blogit.gradia.fi\/mestaripolku\/opiskelijainfot-2020\/\" \/>\n<meta property=\"og:site_name\" content=\"Mestaripolkua rakentamassa\" \/>\n<meta property=\"article:modified_time\" content=\"2021-01-15T11:21:57+00:00\" \/>\n<meta property=\"og:image\" content=\"https:\/\/blogit.gradia.fi\/mestaripolku\/wp-content\/uploads\/sites\/175\/2020\/11\/Opiskelijainfo1_Turku.jpg\" \/>\n<meta name=\"twitter:card\" content=\"summary_large_image\" \/>\n<meta name=\"twitter:label1\" content=\"Arvioitu lukuaika\" \/>\n\t<meta name=\"twitter:data1\" content=\"1 minuutti\" \/>\n<script type=\"application\/ld+json\" class=\"yoast-schema-graph\">{\"@context\":\"https:\\\/\\\/schema.org\",\"@graph\":[{\"@type\":\"WebPage\",\"@id\":\"https:\\\/\\\/blogit.gradia.fi\\\/mestaripolku\\\/opiskelijainfot-2020\\\/\",\"url\":\"https:\\\/\\\/blogit.gradia.fi\\\/mestaripolku\\\/opiskelijainfot-2020\\\/\",\"name\":\"Opiskelijainfot 2020 - Mestaripolkua rakentamassa\",\"isPartOf\":{\"@id\":\"https:\\\/\\\/blogit.gradia.fi\\\/mestaripolku\\\/#website\"},\"primaryImageOfPage\":{\"@id\":\"https:\\\/\\\/blogit.gradia.fi\\\/mestaripolku\\\/opiskelijainfot-2020\\\/#primaryimage\"},\"image\":{\"@id\":\"https:\\\/\\\/blogit.gradia.fi\\\/mestaripolku\\\/opiskelijainfot-2020\\\/#primaryimage\"},\"thumbnailUrl\":\"https:\\\/\\\/blogit.gradia.fi\\\/mestaripolku\\\/wp-content\\\/uploads\\\/sites\\\/175\\\/2020\\\/11\\\/Opiskelijainfo1_Turku.jpg\",\"datePublished\":\"2020-11-12T09:16:18+00:00\",\"dateModified\":\"2021-01-15T11:21:57+00:00\",\"breadcrumb\":{\"@id\":\"https:\\\/\\\/blogit.gradia.fi\\\/mestaripolku\\\/opiskelijainfot-2020\\\/#breadcrumb\"},\"inLanguage\":\"fi\",\"potentialAction\":[{\"@type\":\"ReadAction\",\"target\":[\"https:\\\/\\\/blogit.gradia.fi\\\/mestaripolku\\\/opiskelijainfot-2020\\\/\"]}]},{\"@type\":\"ImageObject\",\"inLanguage\":\"fi\",\"@id\":\"https:\\\/\\\/blogit.gradia.fi\\\/mestaripolku\\\/opiskelijainfot-2020\\\/#primaryimage\",\"url\":\"https:\\\/\\\/blogit.gradia.fi\\\/mestaripolku\\\/wp-content\\\/uploads\\\/sites\\\/175\\\/2020\\\/11\\\/Opiskelijainfo1_Turku.jpg\",\"contentUrl\":\"https:\\\/\\\/blogit.gradia.fi\\\/mestaripolku\\\/wp-content\\\/uploads\\\/sites\\\/175\\\/2020\\\/11\\\/Opiskelijainfo1_Turku.jpg\",\"width\":637,\"height\":478,\"caption\":\"kaksi opettajaa esittelem\u00e4ss\u00e4 hanketta\"},{\"@type\":\"BreadcrumbList\",\"@id\":\"https:\\\/\\\/blogit.gradia.fi\\\/mestaripolku\\\/opiskelijainfot-2020\\\/#breadcrumb\",\"itemListElement\":[{\"@type\":\"ListItem\",\"position\":1,\"name\":\"Home\",\"item\":\"https:\\\/\\\/blogit.gradia.fi\\\/mestaripolku\\\/\"},{\"@type\":\"ListItem\",\"position\":2,\"name\":\"Opiskelijainfot 2020\"}]},{\"@type\":\"WebSite\",\"@id\":\"https:\\\/\\\/blogit.gradia.fi\\\/mestaripolku\\\/#website\",\"url\":\"https:\\\/\\\/blogit.gradia.fi\\\/mestaripolku\\\/\",\"name\":\"Mestaripolkua rakentamassa\",\"description\":\"\",\"potentialAction\":[{\"@type\":\"SearchAction\",\"target\":{\"@type\":\"EntryPoint\",\"urlTemplate\":\"https:\\\/\\\/blogit.gradia.fi\\\/mestaripolku\\\/?s={search_term_string}\"},\"query-input\":{\"@type\":\"PropertyValueSpecification\",\"valueRequired\":true,\"valueName\":\"search_term_string\"}}],\"inLanguage\":\"fi\"}]}<\/script>\n<!-- \/ Yoast SEO plugin. -->","yoast_head_json":{"title":"Opiskelijainfot 2020 - Mestaripolkua rakentamassa","robots":{"index":"index","follow":"follow","max-snippet":"max-snippet:-1","max-image-preview":"max-image-preview:large","max-video-preview":"max-video-preview:-1"},"canonical":"https:\/\/blogit.gradia.fi\/mestaripolku\/opiskelijainfot-2020\/","og_locale":"fi_FI","og_type":"article","og_title":"Opiskelijainfot 2020 - Mestaripolkua rakentamassa","og_description":"Opiskelijainfo s\u00e4hk\u00f6alan valmistuville opiskelijoille 3.11.2020 | Turun AKK Opiskelijainfo pintak\u00e4sittelyalan opiskelijoille 16.11.2020 | Gradia Opiskelijainfo elintarvikealan opiskelijoille 18.11.2020 | Gradia","og_url":"https:\/\/blogit.gradia.fi\/mestaripolku\/opiskelijainfot-2020\/","og_site_name":"Mestaripolkua rakentamassa","article_modified_time":"2021-01-15T11:21:57+00:00","og_image":[{"url":"https:\/\/blogit.gradia.fi\/mestaripolku\/wp-content\/uploads\/sites\/175\/2020\/11\/Opiskelijainfo1_Turku.jpg","type":"","width":"","height":""}],"twitter_card":"summary_large_image","twitter_misc":{"Arvioitu lukuaika":"1 minuutti"},"schema":{"@context":"https:\/\/schema.org","@graph":[{"@type":"WebPage","@id":"https:\/\/blogit.gradia.fi\/mestaripolku\/opiskelijainfot-2020\/","url":"https:\/\/blogit.gradia.fi\/mestaripolku\/opiskelijainfot-2020\/","name":"Opiskelijainfot 2020 - Mestaripolkua rakentamassa","isPartOf":{"@id":"https:\/\/blogit.gradia.fi\/mestaripolku\/#website"},"primaryImageOfPage":{"@id":"https:\/\/blogit.gradia.fi\/mestaripolku\/opiskelijainfot-2020\/#primaryimage"},"image":{"@id":"https:\/\/blogit.gradia.fi\/mestaripolku\/opiskelijainfot-2020\/#primaryimage"},"thumbnailUrl":"https:\/\/blogit.gradia.fi\/mestaripolku\/wp-content\/uploads\/sites\/175\/2020\/11\/Opiskelijainfo1_Turku.jpg","datePublished":"2020-11-12T09:16:18+00:00","dateModified":"2021-01-15T11:21:57+00:00","breadcrumb":{"@id":"https:\/\/blogit.gradia.fi\/mestaripolku\/opiskelijainfot-2020\/#breadcrumb"},"inLanguage":"fi","potentialAction":[{"@type":"ReadAction","target":["https:\/\/blogit.gradia.fi\/mestaripolku\/opiskelijainfot-2020\/"]}]},{"@type":"ImageObject","inLanguage":"fi","@id":"https:\/\/blogit.gradia.fi\/mestaripolku\/opiskelijainfot-2020\/#primaryimage","url":"https:\/\/blogit.gradia.fi\/mestaripolku\/wp-content\/uploads\/sites\/175\/2020\/11\/Opiskelijainfo1_Turku.jpg","contentUrl":"https:\/\/blogit.gradia.fi\/mestaripolku\/wp-content\/uploads\/sites\/175\/2020\/11\/Opiskelijainfo1_Turku.jpg","width":637,"height":478,"caption":"kaksi opettajaa esittelem\u00e4ss\u00e4 hanketta"},{"@type":"BreadcrumbList","@id":"https:\/\/blogit.gradia.fi\/mestaripolku\/opiskelijainfot-2020\/#breadcrumb","itemListElement":[{"@type":"ListItem","position":1,"name":"Home","item":"https:\/\/blogit.gradia.fi\/mestaripolku\/"},{"@type":"ListItem","position":2,"name":"Opiskelijainfot 2020"}]},{"@type":"WebSite","@id":"https:\/\/blogit.gradia.fi\/mestaripolku\/#website","url":"https:\/\/blogit.gradia.fi\/mestaripolku\/","name":"Mestaripolkua rakentamassa","description":"","potentialAction":[{"@type":"SearchAction","target":{"@type":"EntryPoint","urlTemplate":"https:\/\/blogit.gradia.fi\/mestaripolku\/?s={search_term_string}"},"query-input":{"@type":"PropertyValueSpecification","valueRequired":true,"valueName":"search_term_string"}}],"inLanguage":"fi"}]}},"uagb_featured_image_src":{"full":false,"thumbnail":false,"medium":false,"medium_large":false,"large":false,"1536x1536":false,"2048x2048":false,"post-thumbnail":false},"uagb_author_info":{"display_name":"Anna Saari","author_link":"https:\/\/blogit.gradia.fi\/mestaripolku\/author\/palviann\/"},"uagb_comment_info":0,"uagb_excerpt":"Opiskelijainfo s\u00e4hk\u00f6alan valmistuville opiskelijoille 3.11.2020 | Turun AKK Opiskelijainfo pintak\u00e4sittelyalan opiskelijoille 16.11.2020 | Gradia Opiskelijainfo elintarvikealan opiskelijoille 18.11.2020 | Gradia","_links":{"self":[{"href":"https:\/\/blogit.gradia.fi\/mestaripolku\/wp-json\/wp\/v2\/pages\/125","targetHints":{"allow":["GET"]}}],"collection":[{"href":"https:\/\/blogit.gradia.fi\/mestaripolku\/wp-json\/wp\/v2\/pages"}],"about":[{"href":"https:\/\/blogit.gradia.fi\/mestaripolku\/wp-json\/wp\/v2\/types\/page"}],"author":[{"embeddable":true,"href":"https:\/\/blogit.gradia.fi\/mestaripolku\/wp-json\/wp\/v2\/users\/152"}],"replies":[{"embeddable":true,"href":"https:\/\/blogit.gradia.fi\/mestaripolku\/wp-json\/wp\/v2\/comments?post=125"}],"version-history":[{"count":5,"href":"https:\/\/blogit.gradia.fi\/mestaripolku\/wp-json\/wp\/v2\/pages\/125\/revisions"}],"predecessor-version":[{"id":261,"href":"https:\/\/blogit.gradia.fi\/mestaripolku\/wp-json\/wp\/v2\/pages\/125\/revisions\/261"}],"wp:attachment":[{"href":"https:\/\/blogit.gradia.fi\/mestaripolku\/wp-json\/wp\/v2\/media?parent=125"}],"curies":[{"name":"wp","href":"https:\/\/api.w.org\/{rel}","templated":true}]}}