{"id":16,"date":"2017-12-29T22:55:22","date_gmt":"2017-12-29T20:55:22","guid":{"rendered":"https:\/\/blogit.gradia.fi\/matvalinnainen\/?page_id=16"},"modified":"2017-12-29T23:24:50","modified_gmt":"2017-12-29T21:24:50","slug":"ops","status":"publish","type":"page","link":"https:\/\/blogit.gradia.fi\/matvalinnainen\/","title":{"rendered":"OPS"},"content":{"rendered":"<div class=\"entry-content\">\n<div class=\"entry-content\">\n<h6>Opintojakson kuvaus<\/h6>\n<p>T\u00e4m\u00e4 on <em>YTO2-MAV Matematiikka <\/em>-opintojakson oppimisymp\u00e4rist\u00f6. Jakson laajuus on 3 osp (36 h).<\/p>\n<h6>Opintojakson opetussuunnitelma<\/h6>\n<p><em>Matemaattis-luonnontieteellinen osaaminen<\/em><\/p>\n<p><em>Osa-alue: Matematiikka, valinnainen, 3 osp<\/em><\/p>\n<p><em>Osaamistavoitteet ja sis\u00e4ll\u00f6t<\/em><\/p>\n<ul>\n<li>Arki- ja ty\u00f6el\u00e4m\u00e4n laskelmia (kannattavuus- kustannus-, verotus- ja lainalaskelmat) ja niiden vertailu (y)<\/li>\n<li>Yht\u00e4l\u00f6iden ja lausekkeiden k\u00e4ytt\u00f6 omalla alalla<\/li>\n<li>Oman alan taulukoiden ja piirroksien laatiminen ja tulkinta.<\/li>\n<li>Tiedon ker\u00e4\u00e4minen ja ryhmittely omalta alalta (graafinen esitys, taulukot)<\/li>\n<li>Tulosten oikeellisuuden ja suuruusluokan arviointi<\/li>\n<\/ul>\n<p><em>Toteuttamistavat ja oppimisymp\u00e4rist\u00f6t<\/em><\/p>\n<ul>\n<li>Oman budjetin tekeminen, lainojen vertailu, korkolaskut, lainan hakeminen, maksuh\u00e4iri\u00f6t, pikavipit, ALV, ansiotuloverotus, verokortti<\/li>\n<li>Ty\u00f6tuntien vaikutus palkkaan, m\u00e4\u00e4r\u00e4n vaikutus hintaan, kustannusten vertailu<\/li>\n<li>Taulukoiden ja diagrammien tekeminen taulukkolaskentaohjelmalla<\/li>\n<li>Oman kyselyn tekeminen, analysointi ja tulkinta<\/li>\n<li>Olemassa olevien tilastojen hy\u00f6dynt\u00e4minen (esim. tilastokeskus)<\/li>\n<\/ul>\n<p><em>Valinnaisten osaamistavoitteiden osaamisen arviointi<\/em><\/p>\n<p>Osaaminen osoitetaan suorittamalla opintojakson alussa nimetyt teht\u00e4v\u00e4t, kuten kustannuslaskelmat tai budjetti sek\u00e4 oman projektin (esim. kysely\/oman alan tilastot) raportointi tai koe.<\/p>\n<\/div>\n<\/div>\n","protected":false},"excerpt":{"rendered":"<p>Opintojakson kuvaus T\u00e4m\u00e4 on YTO2-MAV Matematiikka -opintojakson oppimisymp\u00e4rist\u00f6. Jakson laajuus on 3 osp (36 h). Opintojakson opetussuunnitelma Matemaattis-luonnontieteellinen osaaminen Osa-alue: Matematiikka, valinnainen, 3 osp Osaamistavoitteet ja sis\u00e4ll\u00f6t Arki- ja ty\u00f6el\u00e4m\u00e4n laskelmia (kannattavuus- kustannus-, verotus- ja lainalaskelmat) ja niiden vertailu (y) Yht\u00e4l\u00f6iden ja lausekkeiden k\u00e4ytt\u00f6 omalla alalla Oman alan taulukoiden ja piirroksien laatiminen ja tulkinta. Tiedon &hellip; <a href=\"https:\/\/blogit.gradia.fi\/matvalinnainen\/\" class=\"more-link\">Jatka lukemista <span class=\"screen-reader-text\">OPS<\/span> <span class=\"meta-nav\">&rarr;<\/span><\/a><\/p>\n","protected":false},"author":107,"featured_media":0,"parent":0,"menu_order":0,"comment_status":"closed","ping_status":"closed","template":"","meta":{"_uag_custom_page_level_css":"","footnotes":""},"class_list":["post-16","page","type-page","status-publish","hentry"],"yoast_head":"<!-- This site is optimized with the Yoast SEO plugin v27.4 - https:\/\/yoast.com\/product\/yoast-seo-wordpress\/ -->\n<title>OPS - YTO2-MAV-opintojakso<\/title>\n<meta name=\"robots\" content=\"index, follow, max-snippet:-1, max-image-preview:large, max-video-preview:-1\" \/>\n<link rel=\"canonical\" href=\"https:\/\/blogit.gradia.fi\/matvalinnainen\/\" \/>\n<meta property=\"og:locale\" content=\"fi_FI\" \/>\n<meta property=\"og:type\" content=\"article\" \/>\n<meta property=\"og:title\" content=\"OPS - YTO2-MAV-opintojakso\" \/>\n<meta property=\"og:description\" content=\"Opintojakson kuvaus T\u00e4m\u00e4 on YTO2-MAV Matematiikka -opintojakson oppimisymp\u00e4rist\u00f6. Jakson laajuus on 3 osp (36 h). Opintojakson opetussuunnitelma Matemaattis-luonnontieteellinen osaaminen Osa-alue: Matematiikka, valinnainen, 3 osp Osaamistavoitteet ja sis\u00e4ll\u00f6t Arki- ja ty\u00f6el\u00e4m\u00e4n laskelmia (kannattavuus- kustannus-, verotus- ja lainalaskelmat) ja niiden vertailu (y) Yht\u00e4l\u00f6iden ja lausekkeiden k\u00e4ytt\u00f6 omalla alalla Oman alan taulukoiden ja piirroksien laatiminen ja tulkinta. Tiedon &hellip; Jatka lukemista OPS &rarr;\" \/>\n<meta property=\"og:url\" content=\"https:\/\/blogit.gradia.fi\/matvalinnainen\/\" \/>\n<meta property=\"og:site_name\" content=\"YTO2-MAV-opintojakso\" \/>\n<meta property=\"article:modified_time\" content=\"2017-12-29T21:24:50+00:00\" \/>\n<meta name=\"twitter:card\" content=\"summary_large_image\" \/>\n<meta name=\"twitter:label1\" content=\"Arvioitu lukuaika\" \/>\n\t<meta name=\"twitter:data1\" content=\"1 minuutti\" \/>\n<script type=\"application\/ld+json\" class=\"yoast-schema-graph\">{\"@context\":\"https:\\\/\\\/schema.org\",\"@graph\":[{\"@type\":\"WebPage\",\"@id\":\"https:\\\/\\\/blogit.gradia.fi\\\/matvalinnainen\\\/\",\"url\":\"https:\\\/\\\/blogit.gradia.fi\\\/matvalinnainen\\\/\",\"name\":\"OPS - YTO2-MAV-opintojakso\",\"isPartOf\":{\"@id\":\"https:\\\/\\\/blogit.gradia.fi\\\/matvalinnainen\\\/#website\"},\"datePublished\":\"2017-12-29T20:55:22+00:00\",\"dateModified\":\"2017-12-29T21:24:50+00:00\",\"inLanguage\":\"fi\",\"potentialAction\":[{\"@type\":\"ReadAction\",\"target\":[\"https:\\\/\\\/blogit.gradia.fi\\\/matvalinnainen\\\/\"]}]},{\"@type\":\"WebSite\",\"@id\":\"https:\\\/\\\/blogit.gradia.fi\\\/matvalinnainen\\\/#website\",\"url\":\"https:\\\/\\\/blogit.gradia.fi\\\/matvalinnainen\\\/\",\"name\":\"YTO2-MAV-opintojakso\",\"description\":\"\",\"potentialAction\":[{\"@type\":\"SearchAction\",\"target\":{\"@type\":\"EntryPoint\",\"urlTemplate\":\"https:\\\/\\\/blogit.gradia.fi\\\/matvalinnainen\\\/?s={search_term_string}\"},\"query-input\":{\"@type\":\"PropertyValueSpecification\",\"valueRequired\":true,\"valueName\":\"search_term_string\"}}],\"inLanguage\":\"fi\"}]}<\/script>\n<!-- \/ Yoast SEO plugin. -->","yoast_head_json":{"title":"OPS - YTO2-MAV-opintojakso","robots":{"index":"index","follow":"follow","max-snippet":"max-snippet:-1","max-image-preview":"max-image-preview:large","max-video-preview":"max-video-preview:-1"},"canonical":"https:\/\/blogit.gradia.fi\/matvalinnainen\/","og_locale":"fi_FI","og_type":"article","og_title":"OPS - YTO2-MAV-opintojakso","og_description":"Opintojakson kuvaus T\u00e4m\u00e4 on YTO2-MAV Matematiikka -opintojakson oppimisymp\u00e4rist\u00f6. Jakson laajuus on 3 osp (36 h). Opintojakson opetussuunnitelma Matemaattis-luonnontieteellinen osaaminen Osa-alue: Matematiikka, valinnainen, 3 osp Osaamistavoitteet ja sis\u00e4ll\u00f6t Arki- ja ty\u00f6el\u00e4m\u00e4n laskelmia (kannattavuus- kustannus-, verotus- ja lainalaskelmat) ja niiden vertailu (y) Yht\u00e4l\u00f6iden ja lausekkeiden k\u00e4ytt\u00f6 omalla alalla Oman alan taulukoiden ja piirroksien laatiminen ja tulkinta. Tiedon &hellip; Jatka lukemista OPS &rarr;","og_url":"https:\/\/blogit.gradia.fi\/matvalinnainen\/","og_site_name":"YTO2-MAV-opintojakso","article_modified_time":"2017-12-29T21:24:50+00:00","twitter_card":"summary_large_image","twitter_misc":{"Arvioitu lukuaika":"1 minuutti"},"schema":{"@context":"https:\/\/schema.org","@graph":[{"@type":"WebPage","@id":"https:\/\/blogit.gradia.fi\/matvalinnainen\/","url":"https:\/\/blogit.gradia.fi\/matvalinnainen\/","name":"OPS - YTO2-MAV-opintojakso","isPartOf":{"@id":"https:\/\/blogit.gradia.fi\/matvalinnainen\/#website"},"datePublished":"2017-12-29T20:55:22+00:00","dateModified":"2017-12-29T21:24:50+00:00","inLanguage":"fi","potentialAction":[{"@type":"ReadAction","target":["https:\/\/blogit.gradia.fi\/matvalinnainen\/"]}]},{"@type":"WebSite","@id":"https:\/\/blogit.gradia.fi\/matvalinnainen\/#website","url":"https:\/\/blogit.gradia.fi\/matvalinnainen\/","name":"YTO2-MAV-opintojakso","description":"","potentialAction":[{"@type":"SearchAction","target":{"@type":"EntryPoint","urlTemplate":"https:\/\/blogit.gradia.fi\/matvalinnainen\/?s={search_term_string}"},"query-input":{"@type":"PropertyValueSpecification","valueRequired":true,"valueName":"search_term_string"}}],"inLanguage":"fi"}]}},"uagb_featured_image_src":{"full":false,"thumbnail":false,"medium":false,"medium_large":false,"large":false,"1536x1536":false,"2048x2048":false,"post-thumbnail":false},"uagb_author_info":{"display_name":"Henri Jaakkola","author_link":"https:\/\/blogit.gradia.fi\/matvalinnainen\/author\/jaakkhen\/"},"uagb_comment_info":0,"uagb_excerpt":"Opintojakson kuvaus T\u00e4m\u00e4 on YTO2-MAV Matematiikka -opintojakson oppimisymp\u00e4rist\u00f6. Jakson laajuus on 3 osp (36 h). Opintojakson opetussuunnitelma Matemaattis-luonnontieteellinen osaaminen Osa-alue: Matematiikka, valinnainen, 3 osp Osaamistavoitteet ja sis\u00e4ll\u00f6t Arki- ja ty\u00f6el\u00e4m\u00e4n laskelmia (kannattavuus- kustannus-, verotus- ja lainalaskelmat) ja niiden vertailu (y) Yht\u00e4l\u00f6iden ja lausekkeiden k\u00e4ytt\u00f6 omalla alalla Oman alan taulukoiden ja piirroksien laatiminen ja tulkinta. Tiedon&hellip;","_links":{"self":[{"href":"https:\/\/blogit.gradia.fi\/matvalinnainen\/wp-json\/wp\/v2\/pages\/16","targetHints":{"allow":["GET"]}}],"collection":[{"href":"https:\/\/blogit.gradia.fi\/matvalinnainen\/wp-json\/wp\/v2\/pages"}],"about":[{"href":"https:\/\/blogit.gradia.fi\/matvalinnainen\/wp-json\/wp\/v2\/types\/page"}],"author":[{"embeddable":true,"href":"https:\/\/blogit.gradia.fi\/matvalinnainen\/wp-json\/wp\/v2\/users\/107"}],"replies":[{"embeddable":true,"href":"https:\/\/blogit.gradia.fi\/matvalinnainen\/wp-json\/wp\/v2\/comments?post=16"}],"version-history":[{"count":0,"href":"https:\/\/blogit.gradia.fi\/matvalinnainen\/wp-json\/wp\/v2\/pages\/16\/revisions"}],"wp:attachment":[{"href":"https:\/\/blogit.gradia.fi\/matvalinnainen\/wp-json\/wp\/v2\/media?parent=16"}],"curies":[{"name":"wp","href":"https:\/\/api.w.org\/{rel}","templated":true}]}}