{"id":61,"date":"2021-03-24T18:30:31","date_gmt":"2021-03-24T16:30:31","guid":{"rendered":"https:\/\/blogit.gradia.fi\/mab07\/?page_id=61"},"modified":"2021-03-26T14:00:19","modified_gmt":"2021-03-26T12:00:19","slug":"muutokset","status":"publish","type":"page","link":"https:\/\/blogit.gradia.fi\/mab07\/muutokset\/","title":{"rendered":"Muutokset"},"content":{"rendered":"\n<p><\/p>\n\n\n\n<p><a href=\"https:\/\/jaofi-my.sharepoint.com\/:b:\/g\/personal\/htabell_gradia_fi\/Ef4jbcTDISRBngKJzSElhXMBcuYTldYGN8Gbvz5RDUMPiQ?e=RDj6Bl\" target=\"_blank\" rel=\"noreferrer noopener\">Teht\u00e4v\u00e4t<\/a><\/p>\n\n\n\n<p>Tarkastellaan viel\u00e4 prosentuaalisia muutoksia kahdesta n\u00e4k\u00f6kulmasta.<\/p>\n\n\n\n<ul class=\"wp-block-list\"><li><strong>Alkuper\u00e4inen arvo<\/strong> (esimerkiksi hinta) tiedet\u00e4\u00e4n&nbsp;&#8211;&gt;&nbsp;lasketaan&nbsp;korottu\/alennettu arvo (esimerkiksi) hinta.<\/li><li><strong>Uusi arvo<\/strong>, joka on korottunut tai alentunut, (esimerkiksi hinta) tiedet\u00e4\u00e4n&nbsp;&#8211;&gt;&nbsp;lasketaan alkuper\u00e4inen arvo (esimerkiksi) hinta.&nbsp;<\/li><\/ul>\n\n\n\n<h3 class=\"wp-block-heading\"><strong>Alkuper\u00e4inen arvo<\/strong> tiedet\u00e4\u00e4n&nbsp;&#8211;&gt;&nbsp;lasketaan&nbsp;muuttunut arvo<\/h3>\n\n\n\n<p><strong>Esimerkki 1.<\/strong> Matkapuhelimen hinta on 150,00 \u20ac. Hintaa korotetaan ensi 5 % ja sitten uudelleen 5 %.<br>Laske korotetut hinnat.<\/p>\n\n\n\n<p><strong>Ratkaisu<\/strong><br><strong>a)<\/strong> 100 % + 5 % = 105 % = 1,05&nbsp;<\/p>\n\n\n\n<p>Ensimm\u00e4isen korotuksen j\u00e4lkeen hinta on <br><p class=\"ql-center-displayed-equation\" style=\"line-height: 15px;\"><span class=\"ql-right-eqno\"> &nbsp; <\/span><span class=\"ql-left-eqno\"> &nbsp; <\/span><img loading=\"lazy\" decoding=\"async\" src=\"https:\/\/blogit.gradia.fi\/mab07\/wp-content\/ql-cache\/quicklatex.com-15856aa113ca4b45c2d8157c6d473aad_l3.png\" height=\"15\" width=\"174\" class=\"ql-img-displayed-equation quicklatex-auto-format\" alt=\"&#92;&#91;&#49;&#44;&#48;&#53;&#92;&#99;&#100;&#111;&#116;&#32;&#49;&#53;&#48;&#92;&#32;&#92;&#69;&#85;&#82;&#32;&#61;&#32;&#49;&#53;&#55;&#123;&#44;&#125;&#53;&#48;&#92;&#32;&#92;&#69;&#85;&#82;&#92;&#93;\" title=\"Rendered by QuickLaTeX.com\"\/><\/p>&nbsp;<\/p>\n\n\n\n<p>Uusi korotus on my\u00f6s 5 %, t\u00e4ll\u00f6in lopullinen hinta on<br><p class=\"ql-center-displayed-equation\" style=\"line-height: 15px;\"><span class=\"ql-right-eqno\"> &nbsp; <\/span><span class=\"ql-left-eqno\"> &nbsp; <\/span><img loading=\"lazy\" decoding=\"async\" src=\"https:\/\/blogit.gradia.fi\/mab07\/wp-content\/ql-cache\/quicklatex.com-3a2b8b54da02fb87a216743002742d38_l3.png\" height=\"15\" width=\"288\" class=\"ql-img-displayed-equation quicklatex-auto-format\" alt=\"&#92;&#91;&#32;&#49;&#123;&#44;&#125;&#48;&#53;&#32;&#92;&#99;&#100;&#111;&#116;&#32;&#49;&#53;&#55;&#123;&#44;&#125;&#53;&#48;&#92;&#32;&#92;&#69;&#85;&#82;&#32;&#61;&#32;&#49;&#54;&#51;&#123;&#44;&#125;&#51;&#55;&#53;&#92;&#32;&#92;&#69;&#85;&#82;&#32;&#92;&#97;&#112;&#112;&#114;&#111;&#120;&#32;&#49;&#54;&#51;&#123;&#44;&#125;&#52;&#48;&#92;&#32;&#92;&#69;&#85;&#82;&#92;&#93;\" title=\"Rendered by QuickLaTeX.com\"\/><\/p>&nbsp;<br>Lopullisen hinnan voi laskea nopeasti kahden per\u00e4kk\u00e4isen muutoksen prosenttikertoimien avulla:<\/p>\n\n\n\n<p><p class=\"ql-center-displayed-equation\" style=\"line-height: 15px;\"><span class=\"ql-right-eqno\"> &nbsp; <\/span><span class=\"ql-left-eqno\"> &nbsp; <\/span><img loading=\"lazy\" decoding=\"async\" src=\"https:\/\/blogit.gradia.fi\/mab07\/wp-content\/ql-cache\/quicklatex.com-128ee5cbfa1d888a6728fba875dc20bd_l3.png\" height=\"15\" width=\"331\" class=\"ql-img-displayed-equation quicklatex-auto-format\" alt=\"&#92;&#91;&#32;&#49;&#123;&#44;&#125;&#48;&#53;&#32;&#92;&#99;&#100;&#111;&#116;&#32;&#49;&#123;&#44;&#125;&#48;&#53;&#32;&#92;&#99;&#100;&#111;&#116;&#32;&#49;&#53;&#48;&#123;&#44;&#125;&#48;&#48;&#92;&#32;&#92;&#69;&#85;&#82;&#32;&#61;&#32;&#49;&#54;&#51;&#123;&#44;&#125;&#51;&#55;&#53;&#92;&#32;&#92;&#69;&#85;&#82;&#32;&#92;&#97;&#112;&#112;&#114;&#111;&#120;&#32;&#49;&#54;&#51;&#123;&#44;&#125;&#52;&#48;&#92;&#32;&#92;&#69;&#85;&#82;&#92;&#93;\" title=\"Rendered by QuickLaTeX.com\"\/><\/p>&nbsp;<\/p>\n\n\n\n<p><strong>Vastaus<\/strong>: Korotetut hinnat ovat 157,50 \u20ac ja 163,40 \u20ac.<\/p>\n\n\n\n<p><strong>Esimerkki 2.<\/strong> Paidan hinta oli 30,00 \u20ac. Hintaa nostettiin ensin 10 % ja laskettiin sitten 10 %. Laske lopullinen hinta.<\/p>\n\n\n\n<p><strong>Ratkaisu<\/strong><br>Prosenttikerroin korotuksessa on 100 % + 10 % = 110 % = 1,1.<br>Hinta korotuksen j\u00e4lkeen on<br><p class=\"ql-center-displayed-equation\" style=\"line-height: 15px;\"><span class=\"ql-right-eqno\"> &nbsp; <\/span><span class=\"ql-left-eqno\"> &nbsp; <\/span><img loading=\"lazy\" decoding=\"async\" src=\"https:\/\/blogit.gradia.fi\/mab07\/wp-content\/ql-cache\/quicklatex.com-15dabb3e7e22f2e5e323529d2a03566a_l3.png\" height=\"15\" width=\"166\" class=\"ql-img-displayed-equation quicklatex-auto-format\" alt=\"&#92;&#91;&#49;&#123;&#44;&#125;&#49;&#32;&#92;&#99;&#100;&#111;&#116;&#32;&#51;&#48;&#123;&#44;&#125;&#48;&#48;&#92;&#32;&#92;&#69;&#85;&#82;&#32;&#61;&#32;&#51;&#51;&#123;&#44;&#125;&#48;&#48;&#92;&#32;&#92;&#69;&#85;&#82;&#92;&#93;\" title=\"Rendered by QuickLaTeX.com\"\/><\/p><\/p>\n\n\n\n<p>Prosenttikerroin alennuksessa on 100 % &#8211; 10 % = 90 % = 0,90.<br>Hinta alennuksen j\u00e4lkeen on<br><p class=\"ql-center-displayed-equation\" style=\"line-height: 15px;\"><span class=\"ql-right-eqno\"> &nbsp; <\/span><span class=\"ql-left-eqno\"> &nbsp; <\/span><img loading=\"lazy\" decoding=\"async\" src=\"https:\/\/blogit.gradia.fi\/mab07\/wp-content\/ql-cache\/quicklatex.com-c4d334e21211530c7e8a84026779775a_l3.png\" height=\"15\" width=\"176\" class=\"ql-img-displayed-equation quicklatex-auto-format\" alt=\"&#92;&#91;&#48;&#123;&#44;&#125;&#57;&#48;&#32;&#92;&#99;&#100;&#111;&#116;&#32;&#51;&#51;&#123;&#44;&#125;&#48;&#48;&#92;&#32;&#92;&#69;&#85;&#82;&#32;&#61;&#32;&#50;&#57;&#123;&#44;&#125;&#55;&#48;&#92;&#32;&#92;&#69;&#85;&#82;&#92;&#93;\" title=\"Rendered by QuickLaTeX.com\"\/><\/p><\/p>\n\n\n\n<p>Lopullisen hinnan voi laskea nopeasti kahden per\u00e4kk\u00e4isen muutoksen prosenttikertoimien avulla:<br><p class=\"ql-center-displayed-equation\" style=\"line-height: 15px;\"><span class=\"ql-right-eqno\"> &nbsp; <\/span><span class=\"ql-left-eqno\"> &nbsp; <\/span><img loading=\"lazy\" decoding=\"async\" src=\"https:\/\/blogit.gradia.fi\/mab07\/wp-content\/ql-cache\/quicklatex.com-f9ea7b3fc5cbe06b7359f3c5c63eb590_l3.png\" height=\"15\" width=\"211\" class=\"ql-img-displayed-equation quicklatex-auto-format\" alt=\"&#92;&#91;&#32;&#48;&#123;&#44;&#125;&#57;&#48;&#32;&#92;&#99;&#100;&#111;&#116;&#32;&#49;&#123;&#44;&#125;&#49;&#32;&#92;&#99;&#100;&#111;&#116;&#32;&#51;&#48;&#123;&#44;&#125;&#48;&#48;&#92;&#32;&#92;&#69;&#85;&#82;&#32;&#61;&#32;&#50;&#57;&#123;&#44;&#125;&#55;&#48;&#92;&#32;&#92;&#69;&#85;&#82;&#92;&#93;\" title=\"Rendered by QuickLaTeX.com\"\/><\/p><\/p>\n\n\n\n<p><strong>Vastaus<\/strong>: Lopullinen hinta on 29,70 \u20ac.<\/p>\n\n\n\n<h3 class=\"wp-block-heading\"><strong>Lopullinen arvo<\/strong> tiedet\u00e4\u00e4n&nbsp;&#8211;&gt;&nbsp;lasketaan&nbsp;alkuper\u00e4inen arvo<\/h3>\n\n\n\n<p><strong>Esimerkki 3<\/strong>. Polkupy\u00f6r\u00e4n hintaa korotettiin 15 %. Sen j\u00e4lkeen hintaa nostettiin viel\u00e4 5 %. Laske alkuper\u00e4inen hinta, kun lopullinen hinta on 450,00 \u20ac.&nbsp;<\/p>\n\n\n\n<p><strong>Ratkaisu<\/strong><br><strong>Tapa 1<\/strong><br>Lasketaan hinta ennen 5 % korotusta. <br>Korotus ennen lopullista hintaa oli 5 %, joten se on tullut sit\u00e4 ennen korottuneeseen hintaan 100 % + 5 % = 105 %:ksi. Prosenttikerroin on siis 1,05.<br>Mist\u00e4 m\u00e4\u00e4r\u00e4st\u00e4 450,00 \u20ac on 105 %?<\/p>\n\n\n\n<p><p class=\"ql-center-displayed-equation\" style=\"line-height: 37px;\"><span class=\"ql-right-eqno\"> &nbsp; <\/span><span class=\"ql-left-eqno\"> &nbsp; <\/span><img loading=\"lazy\" decoding=\"async\" src=\"https:\/\/blogit.gradia.fi\/mab07\/wp-content\/ql-cache\/quicklatex.com-85ac2eedadb39970828841c28d43f284_l3.png\" height=\"37\" width=\"200\" class=\"ql-img-displayed-equation quicklatex-auto-format\" alt=\"&#92;&#91;&#92;&#102;&#114;&#97;&#99;&#123;&#52;&#53;&#48;&#123;&#44;&#125;&#48;&#48;&#92;&#32;&#92;&#116;&#101;&#120;&#116;&#123;&#101;&#125;&#125;&#123;&#49;&#48;&#53;&#92;&#32;&#92;&#37;&#125;&#32;&#92;&#99;&#100;&#111;&#116;&#32;&#49;&#48;&#48;&#92;&#32;&#92;&#37;&#32;&#61;&#32;&#52;&#50;&#56;&#123;&#44;&#125;&#53;&#55;&#92;&#32;&#92;&#116;&#101;&#120;&#116;&#123;&#101;&#125;&#92;&#93;\" title=\"Rendered by QuickLaTeX.com\"\/><\/p><\/p>\n\n\n\n<p>Sama prosenttikertoimella:<\/p>\n\n\n\n<p><p class=\"ql-center-displayed-equation\" style=\"line-height: 39px;\"><span class=\"ql-right-eqno\"> &nbsp; <\/span><span class=\"ql-left-eqno\"> &nbsp; <\/span><img loading=\"lazy\" decoding=\"async\" src=\"https:\/\/blogit.gradia.fi\/mab07\/wp-content\/ql-cache\/quicklatex.com-7cf8cb5426d4620c483592861aff9dc3_l3.png\" height=\"39\" width=\"144\" class=\"ql-img-displayed-equation quicklatex-auto-format\" alt=\"&#92;&#91;&#92;&#102;&#114;&#97;&#99;&#123;&#52;&#53;&#48;&#123;&#44;&#125;&#48;&#48;&#92;&#32;&#92;&#116;&#101;&#120;&#116;&#123;&#101;&#125;&#125;&#123;&#49;&#123;&#44;&#125;&#48;&#53;&#125;&#32;&#61;&#32;&#52;&#50;&#56;&#123;&#44;&#125;&#53;&#55;&#92;&#32;&#92;&#116;&#101;&#120;&#116;&#123;&#101;&#125;&#92;&#93;\" title=\"Rendered by QuickLaTeX.com\"\/><\/p><\/p>\n\n\n\n<p>Alkuper\u00e4inen hinta on korottunut 100 % + 15 % = 115 %. Lasketaan edelleen, mist\u00e4 m\u00e4\u00e4r\u00e4st\u00e4 428,57 \u20ac on 115 %?<\/p>\n\n\n\n<p><p class=\"ql-center-displayed-equation\" style=\"line-height: 37px;\"><span class=\"ql-right-eqno\"> &nbsp; <\/span><span class=\"ql-left-eqno\"> &nbsp; <\/span><img loading=\"lazy\" decoding=\"async\" src=\"https:\/\/blogit.gradia.fi\/mab07\/wp-content\/ql-cache\/quicklatex.com-7ceee44582cb2c8e0bae4426842447b6_l3.png\" height=\"37\" width=\"200\" class=\"ql-img-displayed-equation quicklatex-auto-format\" alt=\"&#92;&#91;&#92;&#102;&#114;&#97;&#99;&#123;&#52;&#50;&#56;&#123;&#44;&#125;&#53;&#55;&#92;&#32;&#92;&#116;&#101;&#120;&#116;&#123;&#101;&#125;&#125;&#123;&#49;&#49;&#53;&#92;&#32;&#92;&#37;&#125;&#32;&#92;&#99;&#100;&#111;&#116;&#32;&#49;&#48;&#48;&#92;&#32;&#92;&#37;&#32;&#92;&#97;&#112;&#112;&#114;&#111;&#120;&#32;&#51;&#55;&#50;&#123;&#44;&#125;&#54;&#55;&#92;&#32;&#92;&#116;&#101;&#120;&#116;&#123;&#101;&#125;&#92;&#93;\" title=\"Rendered by QuickLaTeX.com\"\/><\/p><\/p>\n\n\n\n<p>Sama prosenttikertoimella:<\/p>\n\n\n\n<p><p class=\"ql-center-displayed-equation\" style=\"line-height: 39px;\"><span class=\"ql-right-eqno\"> &nbsp; <\/span><span class=\"ql-left-eqno\"> &nbsp; <\/span><img loading=\"lazy\" decoding=\"async\" src=\"https:\/\/blogit.gradia.fi\/mab07\/wp-content\/ql-cache\/quicklatex.com-0152f2bfd2009040cf65435339be5f52_l3.png\" height=\"39\" width=\"144\" class=\"ql-img-displayed-equation quicklatex-auto-format\" alt=\"&#92;&#91;&#92;&#102;&#114;&#97;&#99;&#123;&#52;&#50;&#56;&#123;&#44;&#125;&#53;&#55;&#92;&#32;&#92;&#116;&#101;&#120;&#116;&#123;&#101;&#125;&#125;&#123;&#49;&#123;&#44;&#125;&#49;&#53;&#125;&#32;&#61;&#32;&#51;&#55;&#50;&#123;&#44;&#125;&#54;&#55;&#92;&#32;&#92;&#116;&#101;&#120;&#116;&#123;&#101;&#125;&#92;&#93;\" title=\"Rendered by QuickLaTeX.com\"\/><\/p><\/p>\n\n\n\n<p><strong>Tapa 2<\/strong><br>K\u00e4ytet\u00e4\u00e4n prosenttikertoimia<br>105 % = 1,05 ja 115 % = 1,15<\/p>\n\n\n\n<p><p class=\"ql-center-displayed-equation\" style=\"line-height: 39px;\"><span class=\"ql-right-eqno\"> &nbsp; <\/span><span class=\"ql-left-eqno\"> &nbsp; <\/span><img loading=\"lazy\" decoding=\"async\" src=\"https:\/\/blogit.gradia.fi\/mab07\/wp-content\/ql-cache\/quicklatex.com-9f87dc1a415aad4e94df79885a92902b_l3.png\" height=\"39\" width=\"158\" class=\"ql-img-displayed-equation quicklatex-auto-format\" alt=\"&#92;&#91;&#92;&#102;&#114;&#97;&#99;&#123;&#52;&#53;&#48;&#123;&#44;&#125;&#48;&#48;&#92;&#32;&#92;&#116;&#101;&#120;&#116;&#123;&#101;&#125;&#125;&#123;&#49;&#123;&#44;&#125;&#49;&#53;&#32;&#92;&#99;&#100;&#111;&#116;&#32;&#49;&#123;&#44;&#125;&#48;&#53;&#125;&#32;&#61;&#32;&#51;&#55;&#50;&#123;&#44;&#125;&#54;&#55;&#92;&#32;&#92;&#116;&#101;&#120;&#116;&#123;&#101;&#125;&#92;&#93;\" title=\"Rendered by QuickLaTeX.com\"\/><\/p><\/p>\n\n\n\n<p><strong>Vastaus<\/strong>: Alkuper\u00e4inen hinta on 372,67 \u20ac.<\/p>\n","protected":false},"excerpt":{"rendered":"<p>Teht\u00e4v\u00e4t Tarkastellaan viel\u00e4 prosentuaalisia muutoksia kahdesta n\u00e4k\u00f6kulmasta. Alkuper\u00e4inen arvo (esimerkiksi hinta) tiedet\u00e4\u00e4n&nbsp;&#8211;&gt;&nbsp;lasketaan&nbsp;korottu\/alennettu arvo (esimerkiksi) hinta. Uusi arvo, joka on korottunut tai alentunut, (esimerkiksi hinta) tiedet\u00e4\u00e4n&nbsp;&#8211;&gt;&nbsp;lasketaan alkuper\u00e4inen arvo (esimerkiksi) hinta.&nbsp; Alkuper\u00e4inen arvo tiedet\u00e4\u00e4n&nbsp;&#8211;&gt;&nbsp;lasketaan&nbsp;muuttunut arvo Esimerkki 1. Matkapuhelimen hinta on 150,00 \u20ac. Hintaa korotetaan ensi 5 % ja sitten uudelleen 5 %.Laske korotetut hinnat. Ratkaisua) 100 % &hellip; <a href=\"https:\/\/blogit.gradia.fi\/mab07\/muutokset\/\" class=\"more-link\">Jatka lukemista <span class=\"screen-reader-text\">Muutokset<\/span> <span class=\"meta-nav\">&rarr;<\/span><\/a><\/p>\n","protected":false},"author":111,"featured_media":0,"parent":0,"menu_order":0,"comment_status":"closed","ping_status":"closed","template":"","meta":{"_uag_custom_page_level_css":"","footnotes":""},"class_list":["post-61","page","type-page","status-publish","hentry"],"yoast_head":"<!-- This site is optimized with the Yoast SEO plugin v27.4 - https:\/\/yoast.com\/product\/yoast-seo-wordpress\/ -->\n<title>Muutokset - Prosenttilaskujen osaaminen<\/title>\n<meta name=\"robots\" content=\"index, follow, max-snippet:-1, max-image-preview:large, max-video-preview:-1\" \/>\n<link rel=\"canonical\" href=\"https:\/\/blogit.gradia.fi\/mab07\/muutokset\/\" \/>\n<meta property=\"og:locale\" content=\"fi_FI\" \/>\n<meta property=\"og:type\" content=\"article\" \/>\n<meta property=\"og:title\" content=\"Muutokset - Prosenttilaskujen osaaminen\" \/>\n<meta property=\"og:description\" content=\"Teht\u00e4v\u00e4t Tarkastellaan viel\u00e4 prosentuaalisia muutoksia kahdesta n\u00e4k\u00f6kulmasta. Alkuper\u00e4inen arvo (esimerkiksi hinta) tiedet\u00e4\u00e4n&nbsp;&#8211;&gt;&nbsp;lasketaan&nbsp;korottu\/alennettu arvo (esimerkiksi) hinta. Uusi arvo, joka on korottunut tai alentunut, (esimerkiksi hinta) tiedet\u00e4\u00e4n&nbsp;&#8211;&gt;&nbsp;lasketaan alkuper\u00e4inen arvo (esimerkiksi) hinta.&nbsp; Alkuper\u00e4inen arvo tiedet\u00e4\u00e4n&nbsp;&#8211;&gt;&nbsp;lasketaan&nbsp;muuttunut arvo Esimerkki 1. Matkapuhelimen hinta on 150,00 \u20ac. Hintaa korotetaan ensi 5 % ja sitten uudelleen 5 %.Laske korotetut hinnat. Ratkaisua) 100 % &hellip; Jatka lukemista Muutokset &rarr;\" \/>\n<meta property=\"og:url\" content=\"https:\/\/blogit.gradia.fi\/mab07\/muutokset\/\" \/>\n<meta property=\"og:site_name\" content=\"Prosenttilaskujen osaaminen\" \/>\n<meta property=\"article:modified_time\" content=\"2021-03-26T12:00:19+00:00\" \/>\n<meta name=\"twitter:card\" content=\"summary_large_image\" \/>\n<meta name=\"twitter:label1\" content=\"Arvioitu lukuaika\" \/>\n\t<meta name=\"twitter:data1\" content=\"2 minuuttia\" \/>\n<script type=\"application\/ld+json\" class=\"yoast-schema-graph\">{\"@context\":\"https:\\\/\\\/schema.org\",\"@graph\":[{\"@type\":\"WebPage\",\"@id\":\"https:\\\/\\\/blogit.gradia.fi\\\/mab07\\\/muutokset\\\/\",\"url\":\"https:\\\/\\\/blogit.gradia.fi\\\/mab07\\\/muutokset\\\/\",\"name\":\"Muutokset - Prosenttilaskujen osaaminen\",\"isPartOf\":{\"@id\":\"https:\\\/\\\/blogit.gradia.fi\\\/mab07\\\/#website\"},\"datePublished\":\"2021-03-24T16:30:31+00:00\",\"dateModified\":\"2021-03-26T12:00:19+00:00\",\"breadcrumb\":{\"@id\":\"https:\\\/\\\/blogit.gradia.fi\\\/mab07\\\/muutokset\\\/#breadcrumb\"},\"inLanguage\":\"fi\",\"potentialAction\":[{\"@type\":\"ReadAction\",\"target\":[\"https:\\\/\\\/blogit.gradia.fi\\\/mab07\\\/muutokset\\\/\"]}]},{\"@type\":\"BreadcrumbList\",\"@id\":\"https:\\\/\\\/blogit.gradia.fi\\\/mab07\\\/muutokset\\\/#breadcrumb\",\"itemListElement\":[{\"@type\":\"ListItem\",\"position\":1,\"name\":\"Home\",\"item\":\"https:\\\/\\\/blogit.gradia.fi\\\/mab07\\\/\"},{\"@type\":\"ListItem\",\"position\":2,\"name\":\"Muutokset\"}]},{\"@type\":\"WebSite\",\"@id\":\"https:\\\/\\\/blogit.gradia.fi\\\/mab07\\\/#website\",\"url\":\"https:\\\/\\\/blogit.gradia.fi\\\/mab07\\\/\",\"name\":\"Prosenttilaskujen osaaminen\",\"description\":\"YTO Matematiikka\",\"potentialAction\":[{\"@type\":\"SearchAction\",\"target\":{\"@type\":\"EntryPoint\",\"urlTemplate\":\"https:\\\/\\\/blogit.gradia.fi\\\/mab07\\\/?s={search_term_string}\"},\"query-input\":{\"@type\":\"PropertyValueSpecification\",\"valueRequired\":true,\"valueName\":\"search_term_string\"}}],\"inLanguage\":\"fi\"}]}<\/script>\n<!-- \/ Yoast SEO plugin. -->","yoast_head_json":{"title":"Muutokset - Prosenttilaskujen osaaminen","robots":{"index":"index","follow":"follow","max-snippet":"max-snippet:-1","max-image-preview":"max-image-preview:large","max-video-preview":"max-video-preview:-1"},"canonical":"https:\/\/blogit.gradia.fi\/mab07\/muutokset\/","og_locale":"fi_FI","og_type":"article","og_title":"Muutokset - Prosenttilaskujen osaaminen","og_description":"Teht\u00e4v\u00e4t Tarkastellaan viel\u00e4 prosentuaalisia muutoksia kahdesta n\u00e4k\u00f6kulmasta. Alkuper\u00e4inen arvo (esimerkiksi hinta) tiedet\u00e4\u00e4n&nbsp;&#8211;&gt;&nbsp;lasketaan&nbsp;korottu\/alennettu arvo (esimerkiksi) hinta. Uusi arvo, joka on korottunut tai alentunut, (esimerkiksi hinta) tiedet\u00e4\u00e4n&nbsp;&#8211;&gt;&nbsp;lasketaan alkuper\u00e4inen arvo (esimerkiksi) hinta.&nbsp; Alkuper\u00e4inen arvo tiedet\u00e4\u00e4n&nbsp;&#8211;&gt;&nbsp;lasketaan&nbsp;muuttunut arvo Esimerkki 1. Matkapuhelimen hinta on 150,00 \u20ac. Hintaa korotetaan ensi 5 % ja sitten uudelleen 5 %.Laske korotetut hinnat. Ratkaisua) 100 % &hellip; Jatka lukemista Muutokset &rarr;","og_url":"https:\/\/blogit.gradia.fi\/mab07\/muutokset\/","og_site_name":"Prosenttilaskujen osaaminen","article_modified_time":"2021-03-26T12:00:19+00:00","twitter_card":"summary_large_image","twitter_misc":{"Arvioitu lukuaika":"2 minuuttia"},"schema":{"@context":"https:\/\/schema.org","@graph":[{"@type":"WebPage","@id":"https:\/\/blogit.gradia.fi\/mab07\/muutokset\/","url":"https:\/\/blogit.gradia.fi\/mab07\/muutokset\/","name":"Muutokset - Prosenttilaskujen osaaminen","isPartOf":{"@id":"https:\/\/blogit.gradia.fi\/mab07\/#website"},"datePublished":"2021-03-24T16:30:31+00:00","dateModified":"2021-03-26T12:00:19+00:00","breadcrumb":{"@id":"https:\/\/blogit.gradia.fi\/mab07\/muutokset\/#breadcrumb"},"inLanguage":"fi","potentialAction":[{"@type":"ReadAction","target":["https:\/\/blogit.gradia.fi\/mab07\/muutokset\/"]}]},{"@type":"BreadcrumbList","@id":"https:\/\/blogit.gradia.fi\/mab07\/muutokset\/#breadcrumb","itemListElement":[{"@type":"ListItem","position":1,"name":"Home","item":"https:\/\/blogit.gradia.fi\/mab07\/"},{"@type":"ListItem","position":2,"name":"Muutokset"}]},{"@type":"WebSite","@id":"https:\/\/blogit.gradia.fi\/mab07\/#website","url":"https:\/\/blogit.gradia.fi\/mab07\/","name":"Prosenttilaskujen osaaminen","description":"YTO Matematiikka","potentialAction":[{"@type":"SearchAction","target":{"@type":"EntryPoint","urlTemplate":"https:\/\/blogit.gradia.fi\/mab07\/?s={search_term_string}"},"query-input":{"@type":"PropertyValueSpecification","valueRequired":true,"valueName":"search_term_string"}}],"inLanguage":"fi"}]}},"uagb_featured_image_src":{"full":false,"thumbnail":false,"medium":false,"medium_large":false,"large":false,"1536x1536":false,"2048x2048":false,"post-thumbnail":false},"uagb_author_info":{"display_name":"Hannu Tabell","author_link":"https:\/\/blogit.gradia.fi\/mab07\/author\/htabell\/"},"uagb_comment_info":0,"uagb_excerpt":"Teht\u00e4v\u00e4t Tarkastellaan viel\u00e4 prosentuaalisia muutoksia kahdesta n\u00e4k\u00f6kulmasta. Alkuper\u00e4inen arvo (esimerkiksi hinta) tiedet\u00e4\u00e4n&nbsp;&#8211;&gt;&nbsp;lasketaan&nbsp;korottu\/alennettu arvo (esimerkiksi) hinta. Uusi arvo, joka on korottunut tai alentunut, (esimerkiksi hinta) tiedet\u00e4\u00e4n&nbsp;&#8211;&gt;&nbsp;lasketaan alkuper\u00e4inen arvo (esimerkiksi) hinta.&nbsp; Alkuper\u00e4inen arvo tiedet\u00e4\u00e4n&nbsp;&#8211;&gt;&nbsp;lasketaan&nbsp;muuttunut arvo Esimerkki 1. Matkapuhelimen hinta on 150,00 \u20ac. Hintaa korotetaan ensi 5 % ja sitten uudelleen 5 %.Laske korotetut hinnat. Ratkaisua) 100 %&hellip;","_links":{"self":[{"href":"https:\/\/blogit.gradia.fi\/mab07\/wp-json\/wp\/v2\/pages\/61","targetHints":{"allow":["GET"]}}],"collection":[{"href":"https:\/\/blogit.gradia.fi\/mab07\/wp-json\/wp\/v2\/pages"}],"about":[{"href":"https:\/\/blogit.gradia.fi\/mab07\/wp-json\/wp\/v2\/types\/page"}],"author":[{"embeddable":true,"href":"https:\/\/blogit.gradia.fi\/mab07\/wp-json\/wp\/v2\/users\/111"}],"replies":[{"embeddable":true,"href":"https:\/\/blogit.gradia.fi\/mab07\/wp-json\/wp\/v2\/comments?post=61"}],"version-history":[{"count":15,"href":"https:\/\/blogit.gradia.fi\/mab07\/wp-json\/wp\/v2\/pages\/61\/revisions"}],"predecessor-version":[{"id":191,"href":"https:\/\/blogit.gradia.fi\/mab07\/wp-json\/wp\/v2\/pages\/61\/revisions\/191"}],"wp:attachment":[{"href":"https:\/\/blogit.gradia.fi\/mab07\/wp-json\/wp\/v2\/media?parent=61"}],"curies":[{"name":"wp","href":"https:\/\/api.w.org\/{rel}","templated":true}]}}