{"id":49,"date":"2021-03-24T18:10:40","date_gmt":"2021-03-24T16:10:40","guid":{"rendered":"https:\/\/blogit.gradia.fi\/mab07\/?page_id=49"},"modified":"2021-03-26T15:17:32","modified_gmt":"2021-03-26T13:17:32","slug":"alv","status":"publish","type":"page","link":"https:\/\/blogit.gradia.fi\/mab07\/alv\/","title":{"rendered":"ALV"},"content":{"rendered":"\n<p><\/p>\n\n\n\n<p><a href=\"https:\/\/jaofi-my.sharepoint.com\/:b:\/g\/personal\/htabell_gradia_fi\/EYNTeVxQIaZDodizUiUAT_wBJp3qeMX1xyvml4c439RZ4A?e=p9kihJ\" target=\"_blank\" rel=\"noreferrer noopener\">Teht\u00e4v\u00e4t<\/a><\/p>\n\n\n\n<p>Suomessa tuotteen\/palvelun verottomaan myyntihintaan (= mh) lis\u00e4t\u00e4\u00e4n arvonlis\u00e4vero (alv). T\u00e4ll\u00f6in saadan tuotteen\/palvelun verollinen myntihinta.<\/p>\n\n\n\n<p>Arvonlis\u00e4verokanta muodostuu seuraavasti:<\/p>\n\n\n\n<ul class=\"wp-block-list\"><li>yleinen 24 %: vaatteet, tupakka, alkoholi&nbsp;<\/li><li>14 %: elintarvikkeet, ravintolaruoka&nbsp;<\/li><li>10 %: l\u00e4\u00e4kkeet, kirjat, matkat, majoitus<\/li><\/ul>\n\n\n\n<p><strong>Esimerkki 1<\/strong>. Tuotteen <em>veroton<\/em> myyntihinta on 10,44&nbsp;\u20ac. Laske verollinen myyntihinta ja alv:n m\u00e4\u00e4r\u00e4, kun tuote on<br>a) ravintolasta ostettava pitsa,<br>b) kirja.<\/p>\n\n\n\n<p><strong>Ratkaisu<\/strong><br>N\u00e4iden teht\u00e4vien ratkaisuissa kannattaa prosenttikertoimia.<\/p>\n\n\n\n<p><strong>a)<\/strong> Veroton myyntihinta on 100 %:n suuruinen. Pitsa kuuluu 14 % alv-kantaan. <\/p>\n\n\n\n<p><strong>Ratkaisuvaihtoehto 1<\/strong><br>Arvonlis\u00e4verollinen hinta saadaan, kun lasketaan 100 % + 14 % = 114 % verottomasta myyntihinnasta.<\/p>\n\n\n\n<p>Koska 114 % on prosenttikertoimena 1,14, niin arvonlis\u00e4verollinen hinta on <\/p>\n\n\n\n<p><p class=\"ql-center-displayed-equation\" style=\"line-height: 15px;\"><span class=\"ql-right-eqno\"> &nbsp; <\/span><span class=\"ql-left-eqno\"> &nbsp; <\/span><img loading=\"lazy\" decoding=\"async\" src=\"https:\/\/blogit.gradia.fi\/mab07\/wp-content\/ql-cache\/quicklatex.com-02c67cc12ebf1a3293ec59fc7b920876_l3.png\" height=\"15\" width=\"270\" class=\"ql-img-displayed-equation quicklatex-auto-format\" alt=\"&#92;&#91;&#49;&#123;&#44;&#125;&#49;&#52;&#32;&#92;&#99;&#100;&#111;&#116;&#32;&#49;&#48;&#123;&#44;&#125;&#52;&#52;&#92;&#32;&#92;&#69;&#85;&#82;&#32;&#61;&#32;&#49;&#49;&#123;&#44;&#125;&#57;&#48;&#49;&#54;&#92;&#32;&#92;&#69;&#85;&#82;&#32;&#92;&#97;&#112;&#112;&#114;&#111;&#120;&#32;&#49;&#49;&#123;&#44;&#125;&#57;&#48;&#92;&#32;&#92;&#69;&#85;&#82;&#92;&#93;\" title=\"Rendered by QuickLaTeX.com\"\/><\/p><\/p>\n\n\n\n<p>ALV:n m\u00e4\u00e4r\u00e4 on <\/p>\n\n\n\n<p><p class=\"ql-center-displayed-equation\" style=\"line-height: 15px;\"><span class=\"ql-right-eqno\"> &nbsp; <\/span><span class=\"ql-left-eqno\"> &nbsp; <\/span><img loading=\"lazy\" decoding=\"async\" src=\"https:\/\/blogit.gradia.fi\/mab07\/wp-content\/ql-cache\/quicklatex.com-beb5e2b5aaaf1cbc675cc5bc12de5ae5_l3.png\" height=\"15\" width=\"302\" class=\"ql-img-displayed-equation quicklatex-auto-format\" alt=\"&#92;&#91;&#49;&#49;&#123;&#44;&#125;&#57;&#48;&#49;&#54;&#92;&#32;&#92;&#69;&#85;&#82;&#32;&#45;&#49;&#48;&#123;&#44;&#125;&#52;&#52;&#92;&#32;&#92;&#69;&#85;&#82;&#32;&#61;&#49;&#123;&#44;&#125;&#52;&#54;&#49;&#54;&#92;&#32;&#92;&#69;&#85;&#82;&#32;&#92;&#97;&#112;&#112;&#114;&#111;&#120;&#32;&#49;&#123;&#44;&#125;&#52;&#54;&#92;&#32;&#92;&#69;&#85;&#82;&#92;&#93;\" title=\"Rendered by QuickLaTeX.com\"\/><\/p><\/p>\n\n\n\n<p><strong>Ratkaisuvaihtoehto 2<\/strong><br>Ratkaistaan my\u00f6s siten, ett\u00e4 lasketaan ensin, kuinka paljon 14 % on verottomasta myyntihinnasta. T\u00e4ss\u00e4 saadaan samalla alv:n m\u00e4\u00e4r\u00e4 selville.<\/p>\n\n\n\n<p><p class=\"ql-center-displayed-equation\" style=\"line-height: 15px;\"><span class=\"ql-right-eqno\"> &nbsp; <\/span><span class=\"ql-left-eqno\"> &nbsp; <\/span><img loading=\"lazy\" decoding=\"async\" src=\"https:\/\/blogit.gradia.fi\/mab07\/wp-content\/ql-cache\/quicklatex.com-e20ecb7a593b58bd030256bb1191f12d_l3.png\" height=\"15\" width=\"176\" class=\"ql-img-displayed-equation quicklatex-auto-format\" alt=\"&#92;&#91;&#48;&#123;&#44;&#125;&#49;&#52;&#32;&#92;&#99;&#100;&#111;&#116;&#32;&#49;&#48;&#123;&#44;&#125;&#52;&#52;&#92;&#32;&#92;&#69;&#85;&#82;&#32;&#61;&#32;&#49;&#123;&#44;&#125;&#52;&#49;&#54;&#92;&#32;&#92;&#69;&#85;&#82;&#92;&#93;\" title=\"Rendered by QuickLaTeX.com\"\/><\/p><\/p>\n\n\n\n<p>Lis\u00e4t\u00e4\u00e4n t\u00e4m\u00e4 verottomaan myyntihintaan, jolloin arvonlis\u00e4verollinen hinta on <\/p>\n\n\n\n<p><p class=\"ql-center-displayed-equation\" style=\"line-height: 15px;\"><span class=\"ql-right-eqno\"> &nbsp; <\/span><span class=\"ql-left-eqno\"> &nbsp; <\/span><img loading=\"lazy\" decoding=\"async\" src=\"https:\/\/blogit.gradia.fi\/mab07\/wp-content\/ql-cache\/quicklatex.com-7bcf3c4734311194fcc552e26e716a41_l3.png\" height=\"15\" width=\"302\" class=\"ql-img-displayed-equation quicklatex-auto-format\" alt=\"&#92;&#91;&#49;&#48;&#123;&#44;&#125;&#52;&#52;&#92;&#32;&#92;&#69;&#85;&#82;&#32;&#43;&#32;&#49;&#123;&#44;&#125;&#52;&#49;&#54;&#92;&#32;&#92;&#69;&#85;&#82;&#32;&#61;&#32;&#49;&#49;&#123;&#44;&#125;&#57;&#48;&#49;&#54;&#92;&#32;&#92;&#69;&#85;&#82;&#32;&#92;&#97;&#112;&#112;&#114;&#111;&#120;&#32;&#49;&#49;&#123;&#44;&#125;&#57;&#48;&#92;&#32;&#92;&#69;&#85;&#82;&#92;&#93;\" title=\"Rendered by QuickLaTeX.com\"\/><\/p><\/p>\n\n\n\n<p><strong>Vastaus<\/strong>: Arvonlis\u00e4verollinen hinta on 11,90 \u20ac ja alv:n m\u00e4\u00e4r\u00e4 on 1,46 \u20ac.<\/p>\n\n\n\n<p><strong>b)<\/strong> Kirja kuuluu 10 %:n arvonlis\u00e4verokantaan. 100 % + 10 % = 110 % = 1,10. <\/p>\n\n\n\n<p>Arvonlis\u00e4verollinen hinta on <\/p>\n\n\n\n<p><p class=\"ql-center-displayed-equation\" style=\"line-height: 15px;\"><span class=\"ql-right-eqno\"> &nbsp; <\/span><span class=\"ql-left-eqno\"> &nbsp; <\/span><img loading=\"lazy\" decoding=\"async\" src=\"https:\/\/blogit.gradia.fi\/mab07\/wp-content\/ql-cache\/quicklatex.com-54716ec2ef2cfc0c9bcd1e707263c206_l3.png\" height=\"15\" width=\"261\" class=\"ql-img-displayed-equation quicklatex-auto-format\" alt=\"&#92;&#91;&#49;&#123;&#44;&#125;&#49;&#48;&#32;&#92;&#99;&#100;&#111;&#116;&#32;&#49;&#48;&#123;&#44;&#125;&#52;&#52;&#92;&#32;&#92;&#69;&#85;&#82;&#32;&#61;&#32;&#49;&#49;&#123;&#44;&#125;&#52;&#56;&#52;&#92;&#32;&#92;&#69;&#85;&#82;&#32;&#92;&#97;&#112;&#112;&#114;&#111;&#120;&#32;&#49;&#49;&#123;&#44;&#125;&#52;&#56;&#92;&#32;&#92;&#69;&#85;&#82;&#92;&#93;\" title=\"Rendered by QuickLaTeX.com\"\/><\/p><\/p>\n\n\n\n<p>Alv:n m\u00e4\u00e4r\u00e4 on <\/p>\n\n\n\n<p><p class=\"ql-center-displayed-equation\" style=\"line-height: 15px;\"><span class=\"ql-right-eqno\"> &nbsp; <\/span><span class=\"ql-left-eqno\"> &nbsp; <\/span><img loading=\"lazy\" decoding=\"async\" src=\"https:\/\/blogit.gradia.fi\/mab07\/wp-content\/ql-cache\/quicklatex.com-3a6ad78483116bf37ebcb5bbc60090e1_l3.png\" height=\"15\" width=\"284\" class=\"ql-img-displayed-equation quicklatex-auto-format\" alt=\"&#92;&#91;&#49;&#49;&#123;&#44;&#125;&#52;&#56;&#52;&#92;&#32;&#92;&#69;&#85;&#82;&#32;&#45;&#49;&#48;&#123;&#44;&#125;&#52;&#52;&#92;&#32;&#92;&#69;&#85;&#82;&#32;&#61;&#49;&#123;&#44;&#125;&#48;&#52;&#52;&#92;&#32;&#92;&#69;&#85;&#82;&#32;&#92;&#97;&#112;&#112;&#114;&#111;&#120;&#32;&#49;&#123;&#44;&#125;&#48;&#52;&#92;&#32;&#92;&#69;&#85;&#82;&#92;&#93;\" title=\"Rendered by QuickLaTeX.com\"\/><\/p><\/p>\n\n\n\n<p><strong>Vastaus<\/strong>: Arvonlis\u00e4verollinen hinta on 11,48 \u20ac ja alv:n m\u00e4\u00e4r\u00e4 on 1,04 \u20ac.<\/p>\n\n\n\n<p><strong>Esimerkki 2<\/strong>. Housujen <em>verollinen <\/em>myyntihinta on 18,90 \u20ac. Laske veroton hinta ja alv:n m\u00e4\u00e4r\u00e4.<\/p>\n\n\n\n<p><strong>Ratkaisu<\/strong><br>Huosut kuuluvat yleiseen alv-kantaan eli sen alv on 24 %. Arvonlis\u00e4veroton hinta vastaa 100 %. <\/p>\n\n\n\n<p>100 % + 24 % = 124 % = 1,24<\/p>\n\n\n\n<p>Arvonlis\u00e4veroton myyntihinta saadaan, kun lasketaan, mist\u00e4 m\u00e4\u00e4r\u00e4st\u00e4 124 % on 18,90 \u20ac.<\/p>\n\n\n\n<p><p class=\"ql-center-displayed-equation\" style=\"line-height: 37px;\"><span class=\"ql-right-eqno\"> &nbsp; <\/span><span class=\"ql-left-eqno\"> &nbsp; <\/span><img loading=\"lazy\" decoding=\"async\" src=\"https:\/\/blogit.gradia.fi\/mab07\/wp-content\/ql-cache\/quicklatex.com-70c5d95a8027cccc33eb2ba4988f8623_l3.png\" height=\"37\" width=\"285\" class=\"ql-img-displayed-equation quicklatex-auto-format\" alt=\"&#92;&#91;&#92;&#102;&#114;&#97;&#99;&#123;&#49;&#56;&#123;&#44;&#125;&#57;&#48;&#92;&#32;&#92;&#69;&#85;&#82;&#125;&#123;&#49;&#50;&#52;&#92;&#32;&#92;&#37;&#125;&#92;&#99;&#100;&#111;&#116;&#32;&#49;&#48;&#48;&#92;&#32;&#92;&#37;&#32;&#61;&#32;&#49;&#53;&#123;&#44;&#125;&#50;&#52;&#49;&#57;&#92;&#32;&#92;&#69;&#85;&#82;&#32;&#92;&#97;&#112;&#112;&#114;&#111;&#120;&#32;&#49;&#53;&#123;&#44;&#125;&#50;&#52;&#92;&#32;&#92;&#69;&#85;&#82;&#92;&#93;\" title=\"Rendered by QuickLaTeX.com\"\/><\/p><\/p>\n\n\n\n<p>Prosenttikertoimella laskettuna:<\/p>\n\n\n\n<p><p class=\"ql-center-displayed-equation\" style=\"line-height: 39px;\"><span class=\"ql-right-eqno\"> &nbsp; <\/span><span class=\"ql-left-eqno\"> &nbsp; <\/span><img loading=\"lazy\" decoding=\"async\" src=\"https:\/\/blogit.gradia.fi\/mab07\/wp-content\/ql-cache\/quicklatex.com-c4374dfc7b33ba82382c8492819a9dd2_l3.png\" height=\"39\" width=\"285\" class=\"ql-img-displayed-equation quicklatex-auto-format\" alt=\"&#92;&#91;&#92;&#102;&#114;&#97;&#99;&#123;&#49;&#56;&#123;&#44;&#125;&#57;&#48;&#92;&#32;&#92;&#69;&#85;&#82;&#125;&#123;&#49;&#123;&#44;&#125;&#50;&#52;&#125;&#92;&#99;&#100;&#111;&#116;&#32;&#49;&#48;&#48;&#92;&#32;&#92;&#37;&#32;&#61;&#32;&#49;&#53;&#123;&#44;&#125;&#50;&#52;&#49;&#57;&#92;&#32;&#92;&#69;&#85;&#82;&#32;&#92;&#97;&#112;&#112;&#114;&#111;&#120;&#32;&#49;&#53;&#123;&#44;&#125;&#50;&#52;&#92;&#32;&#92;&#69;&#85;&#82;&#92;&#93;\" title=\"Rendered by QuickLaTeX.com\"\/><\/p><\/p>\n\n\n\n<p>Alv:n m\u00e4\u00e4r\u00e4 saadaan v\u00e4hent\u00e4m\u00e4ll\u00e4 verollisesta hinnasta veroton hinta <\/p>\n\n\n\n<p><p class=\"ql-center-displayed-equation\" style=\"line-height: 15px;\"><span class=\"ql-right-eqno\"> &nbsp; <\/span><span class=\"ql-left-eqno\"> &nbsp; <\/span><img loading=\"lazy\" decoding=\"async\" src=\"https:\/\/blogit.gradia.fi\/mab07\/wp-content\/ql-cache\/quicklatex.com-20e757d9536a99145f35e4ad30ec8838_l3.png\" height=\"15\" width=\"302\" class=\"ql-img-displayed-equation quicklatex-auto-format\" alt=\"&#92;&#91;&#49;&#56;&#123;&#44;&#125;&#57;&#48;&#92;&#32;&#92;&#69;&#85;&#82;&#32;&#45;&#32;&#49;&#53;&#123;&#44;&#125;&#50;&#52;&#49;&#57;&#92;&#32;&#92;&#69;&#85;&#82;&#32;&#32;&#61;&#32;&#51;&#123;&#44;&#125;&#54;&#53;&#56;&#49;&#92;&#32;&#92;&#69;&#85;&#82;&#32;&#92;&#97;&#112;&#112;&#114;&#111;&#120;&#32;&#51;&#123;&#44;&#125;&#54;&#54;&#92;&#32;&#92;&#69;&#85;&#82;&#92;&#93;\" title=\"Rendered by QuickLaTeX.com\"\/><\/p><\/p>\n\n\n\n<p><strong>Vastaus<\/strong>: Veroton myyntihinta on 15,24 \u20ac ja alv:n m\u00e4\u00e4r\u00e4 on 3,66 \u20ac.<\/p>\n\n\n\n<p><strong>Esimerkki 3<\/strong>. Kuinka monta prosenttia arvonlis\u00e4veron m\u00e4\u00e4r\u00e4 on l\u00e4\u00e4kkeest\u00e4, jonka <em>verollinen <\/em>myyntihinta on 4,50 \u20ac?<\/p>\n\n\n\n<p><strong>Ratkaisu<\/strong><br>L\u00e4\u00e4kkeiden alv-kanta on 10 %. Lasketaan alv:n m\u00e4\u00e4r\u00e4 kuten esimerkiss\u00e4 2.<br>100 % + 10 % = 1,10.<\/p>\n\n\n\n<p>Arvonlis\u00e4veroton myyntihinta on <\/p>\n\n\n\n<p><p class=\"ql-center-displayed-equation\" style=\"line-height: 39px;\"><span class=\"ql-right-eqno\"> &nbsp; <\/span><span class=\"ql-left-eqno\"> &nbsp; <\/span><img loading=\"lazy\" decoding=\"async\" src=\"https:\/\/blogit.gradia.fi\/mab07\/wp-content\/ql-cache\/quicklatex.com-384781c040d00b971e97efc975c4e1f4_l3.png\" height=\"39\" width=\"203\" class=\"ql-img-displayed-equation quicklatex-auto-format\" alt=\"&#92;&#91;&#92;&#102;&#114;&#97;&#99;&#123;&#52;&#123;&#44;&#125;&#57;&#48;&#92;&#32;&#92;&#69;&#85;&#82;&#125;&#123;&#49;&#123;&#44;&#125;&#49;&#48;&#125;&#32;&#61;&#32;&#52;&#123;&#44;&#125;&#52;&#53;&#52;&#53;&#92;&#32;&#92;&#69;&#85;&#82;&#32;&#92;&#97;&#112;&#112;&#114;&#111;&#120;&#32;&#52;&#123;&#44;&#125;&#52;&#53;&#92;&#32;&#92;&#69;&#85;&#82;&#92;&#93;\" title=\"Rendered by QuickLaTeX.com\"\/><\/p><\/p>\n\n\n\n<p>Alv:n m\u00e4\u00e4r\u00e4 on <\/p>\n\n\n\n<p><p class=\"ql-center-displayed-equation\" style=\"line-height: 15px;\"><span class=\"ql-right-eqno\"> &nbsp; <\/span><span class=\"ql-left-eqno\"> &nbsp; <\/span><img loading=\"lazy\" decoding=\"async\" src=\"https:\/\/blogit.gradia.fi\/mab07\/wp-content\/ql-cache\/quicklatex.com-54055a122b8aed914880f8dcfa216e8e_l3.png\" height=\"15\" width=\"285\" class=\"ql-img-displayed-equation quicklatex-auto-format\" alt=\"&#92;&#91;&#52;&#123;&#44;&#125;&#57;&#48;&#92;&#32;&#92;&#69;&#85;&#82;&#32;&#45;&#32;&#52;&#123;&#44;&#125;&#52;&#53;&#52;&#53;&#92;&#32;&#92;&#69;&#85;&#82;&#32;&#61;&#32;&#48;&#123;&#44;&#125;&#52;&#52;&#53;&#53;&#92;&#32;&#92;&#69;&#85;&#82;&#32;&#92;&#97;&#112;&#112;&#114;&#111;&#120;&#32;&#48;&#123;&#44;&#125;&#52;&#53;&#92;&#32;&#92;&#69;&#85;&#82;&#92;&#93;\" title=\"Rendered by QuickLaTeX.com\"\/><\/p><\/p>\n\n\n\n<p>Lasketaan, kuinka monta prosenttia 0,4455 \u20ac on verollisesta hinnasta.<\/p>\n\n\n\n<p><p class=\"ql-center-displayed-equation\" style=\"line-height: 39px;\"><span class=\"ql-right-eqno\"> &nbsp; <\/span><span class=\"ql-left-eqno\"> &nbsp; <\/span><img loading=\"lazy\" decoding=\"async\" src=\"https:\/\/blogit.gradia.fi\/mab07\/wp-content\/ql-cache\/quicklatex.com-ce45998004a0ed855508671bb7fcfbab_l3.png\" height=\"39\" width=\"267\" class=\"ql-img-displayed-equation quicklatex-auto-format\" alt=\"&#92;&#91;&#92;&#102;&#114;&#97;&#99;&#123;&#48;&#123;&#44;&#125;&#52;&#52;&#53;&#53;&#92;&#32;&#92;&#69;&#85;&#82;&#125;&#123;&#52;&#123;&#44;&#125;&#57;&#48;&#125;&#32;&#92;&#99;&#100;&#111;&#116;&#32;&#49;&#48;&#48;&#92;&#32;&#92;&#37;&#32;&#61;&#32;&#57;&#123;&#44;&#125;&#48;&#57;&#49;&#56;&#92;&#32;&#92;&#37;&#32;&#92;&#97;&#112;&#112;&#114;&#111;&#120;&#32;&#57;&#123;&#44;&#125;&#49;&#92;&#32;&#92;&#37;&#92;&#93;\" title=\"Rendered by QuickLaTeX.com\"\/><\/p><\/p>\n\n\n\n<p><strong>Vastaus<\/strong>: 9,1 %.<\/p>\n","protected":false},"excerpt":{"rendered":"<p>Teht\u00e4v\u00e4t Suomessa tuotteen\/palvelun verottomaan myyntihintaan (= mh) lis\u00e4t\u00e4\u00e4n arvonlis\u00e4vero (alv). T\u00e4ll\u00f6in saadan tuotteen\/palvelun verollinen myntihinta. Arvonlis\u00e4verokanta muodostuu seuraavasti: yleinen 24 %: vaatteet, tupakka, alkoholi&nbsp; 14 %: elintarvikkeet, ravintolaruoka&nbsp; 10 %: l\u00e4\u00e4kkeet, kirjat, matkat, majoitus Esimerkki 1. Tuotteen veroton myyntihinta on 10,44&nbsp;\u20ac. Laske verollinen myyntihinta ja alv:n m\u00e4\u00e4r\u00e4, kun tuote ona) ravintolasta ostettava pitsa,b) kirja. RatkaisuN\u00e4iden &hellip; <a href=\"https:\/\/blogit.gradia.fi\/mab07\/alv\/\" class=\"more-link\">Jatka lukemista <span class=\"screen-reader-text\">ALV<\/span> <span class=\"meta-nav\">&rarr;<\/span><\/a><\/p>\n","protected":false},"author":111,"featured_media":0,"parent":0,"menu_order":0,"comment_status":"closed","ping_status":"closed","template":"","meta":{"_uag_custom_page_level_css":"","footnotes":""},"class_list":["post-49","page","type-page","status-publish","hentry"],"yoast_head":"<!-- This site is optimized with the Yoast SEO plugin v27.4 - https:\/\/yoast.com\/product\/yoast-seo-wordpress\/ -->\n<title>ALV - Prosenttilaskujen osaaminen<\/title>\n<meta name=\"robots\" content=\"index, follow, max-snippet:-1, max-image-preview:large, max-video-preview:-1\" \/>\n<link rel=\"canonical\" href=\"https:\/\/blogit.gradia.fi\/mab07\/alv\/\" \/>\n<meta property=\"og:locale\" content=\"fi_FI\" \/>\n<meta property=\"og:type\" content=\"article\" \/>\n<meta property=\"og:title\" content=\"ALV - Prosenttilaskujen osaaminen\" \/>\n<meta property=\"og:description\" content=\"Teht\u00e4v\u00e4t Suomessa tuotteen\/palvelun verottomaan myyntihintaan (= mh) lis\u00e4t\u00e4\u00e4n arvonlis\u00e4vero (alv). T\u00e4ll\u00f6in saadan tuotteen\/palvelun verollinen myntihinta. Arvonlis\u00e4verokanta muodostuu seuraavasti: yleinen 24 %: vaatteet, tupakka, alkoholi&nbsp; 14 %: elintarvikkeet, ravintolaruoka&nbsp; 10 %: l\u00e4\u00e4kkeet, kirjat, matkat, majoitus Esimerkki 1. Tuotteen veroton myyntihinta on 10,44&nbsp;\u20ac. Laske verollinen myyntihinta ja alv:n m\u00e4\u00e4r\u00e4, kun tuote ona) ravintolasta ostettava pitsa,b) kirja. RatkaisuN\u00e4iden &hellip; Jatka lukemista ALV &rarr;\" \/>\n<meta property=\"og:url\" content=\"https:\/\/blogit.gradia.fi\/mab07\/alv\/\" \/>\n<meta property=\"og:site_name\" content=\"Prosenttilaskujen osaaminen\" \/>\n<meta property=\"article:modified_time\" content=\"2021-03-26T13:17:32+00:00\" \/>\n<meta name=\"twitter:card\" content=\"summary_large_image\" \/>\n<meta name=\"twitter:label1\" content=\"Arvioitu lukuaika\" \/>\n\t<meta name=\"twitter:data1\" content=\"2 minuuttia\" \/>\n<script type=\"application\/ld+json\" class=\"yoast-schema-graph\">{\"@context\":\"https:\\\/\\\/schema.org\",\"@graph\":[{\"@type\":\"WebPage\",\"@id\":\"https:\\\/\\\/blogit.gradia.fi\\\/mab07\\\/alv\\\/\",\"url\":\"https:\\\/\\\/blogit.gradia.fi\\\/mab07\\\/alv\\\/\",\"name\":\"ALV - Prosenttilaskujen osaaminen\",\"isPartOf\":{\"@id\":\"https:\\\/\\\/blogit.gradia.fi\\\/mab07\\\/#website\"},\"datePublished\":\"2021-03-24T16:10:40+00:00\",\"dateModified\":\"2021-03-26T13:17:32+00:00\",\"breadcrumb\":{\"@id\":\"https:\\\/\\\/blogit.gradia.fi\\\/mab07\\\/alv\\\/#breadcrumb\"},\"inLanguage\":\"fi\",\"potentialAction\":[{\"@type\":\"ReadAction\",\"target\":[\"https:\\\/\\\/blogit.gradia.fi\\\/mab07\\\/alv\\\/\"]}]},{\"@type\":\"BreadcrumbList\",\"@id\":\"https:\\\/\\\/blogit.gradia.fi\\\/mab07\\\/alv\\\/#breadcrumb\",\"itemListElement\":[{\"@type\":\"ListItem\",\"position\":1,\"name\":\"Home\",\"item\":\"https:\\\/\\\/blogit.gradia.fi\\\/mab07\\\/\"},{\"@type\":\"ListItem\",\"position\":2,\"name\":\"ALV\"}]},{\"@type\":\"WebSite\",\"@id\":\"https:\\\/\\\/blogit.gradia.fi\\\/mab07\\\/#website\",\"url\":\"https:\\\/\\\/blogit.gradia.fi\\\/mab07\\\/\",\"name\":\"Prosenttilaskujen osaaminen\",\"description\":\"YTO Matematiikka\",\"potentialAction\":[{\"@type\":\"SearchAction\",\"target\":{\"@type\":\"EntryPoint\",\"urlTemplate\":\"https:\\\/\\\/blogit.gradia.fi\\\/mab07\\\/?s={search_term_string}\"},\"query-input\":{\"@type\":\"PropertyValueSpecification\",\"valueRequired\":true,\"valueName\":\"search_term_string\"}}],\"inLanguage\":\"fi\"}]}<\/script>\n<!-- \/ Yoast SEO plugin. -->","yoast_head_json":{"title":"ALV - Prosenttilaskujen osaaminen","robots":{"index":"index","follow":"follow","max-snippet":"max-snippet:-1","max-image-preview":"max-image-preview:large","max-video-preview":"max-video-preview:-1"},"canonical":"https:\/\/blogit.gradia.fi\/mab07\/alv\/","og_locale":"fi_FI","og_type":"article","og_title":"ALV - Prosenttilaskujen osaaminen","og_description":"Teht\u00e4v\u00e4t Suomessa tuotteen\/palvelun verottomaan myyntihintaan (= mh) lis\u00e4t\u00e4\u00e4n arvonlis\u00e4vero (alv). T\u00e4ll\u00f6in saadan tuotteen\/palvelun verollinen myntihinta. Arvonlis\u00e4verokanta muodostuu seuraavasti: yleinen 24 %: vaatteet, tupakka, alkoholi&nbsp; 14 %: elintarvikkeet, ravintolaruoka&nbsp; 10 %: l\u00e4\u00e4kkeet, kirjat, matkat, majoitus Esimerkki 1. Tuotteen veroton myyntihinta on 10,44&nbsp;\u20ac. Laske verollinen myyntihinta ja alv:n m\u00e4\u00e4r\u00e4, kun tuote ona) ravintolasta ostettava pitsa,b) kirja. RatkaisuN\u00e4iden &hellip; Jatka lukemista ALV &rarr;","og_url":"https:\/\/blogit.gradia.fi\/mab07\/alv\/","og_site_name":"Prosenttilaskujen osaaminen","article_modified_time":"2021-03-26T13:17:32+00:00","twitter_card":"summary_large_image","twitter_misc":{"Arvioitu lukuaika":"2 minuuttia"},"schema":{"@context":"https:\/\/schema.org","@graph":[{"@type":"WebPage","@id":"https:\/\/blogit.gradia.fi\/mab07\/alv\/","url":"https:\/\/blogit.gradia.fi\/mab07\/alv\/","name":"ALV - Prosenttilaskujen osaaminen","isPartOf":{"@id":"https:\/\/blogit.gradia.fi\/mab07\/#website"},"datePublished":"2021-03-24T16:10:40+00:00","dateModified":"2021-03-26T13:17:32+00:00","breadcrumb":{"@id":"https:\/\/blogit.gradia.fi\/mab07\/alv\/#breadcrumb"},"inLanguage":"fi","potentialAction":[{"@type":"ReadAction","target":["https:\/\/blogit.gradia.fi\/mab07\/alv\/"]}]},{"@type":"BreadcrumbList","@id":"https:\/\/blogit.gradia.fi\/mab07\/alv\/#breadcrumb","itemListElement":[{"@type":"ListItem","position":1,"name":"Home","item":"https:\/\/blogit.gradia.fi\/mab07\/"},{"@type":"ListItem","position":2,"name":"ALV"}]},{"@type":"WebSite","@id":"https:\/\/blogit.gradia.fi\/mab07\/#website","url":"https:\/\/blogit.gradia.fi\/mab07\/","name":"Prosenttilaskujen osaaminen","description":"YTO Matematiikka","potentialAction":[{"@type":"SearchAction","target":{"@type":"EntryPoint","urlTemplate":"https:\/\/blogit.gradia.fi\/mab07\/?s={search_term_string}"},"query-input":{"@type":"PropertyValueSpecification","valueRequired":true,"valueName":"search_term_string"}}],"inLanguage":"fi"}]}},"uagb_featured_image_src":{"full":false,"thumbnail":false,"medium":false,"medium_large":false,"large":false,"1536x1536":false,"2048x2048":false,"post-thumbnail":false},"uagb_author_info":{"display_name":"Hannu Tabell","author_link":"https:\/\/blogit.gradia.fi\/mab07\/author\/htabell\/"},"uagb_comment_info":0,"uagb_excerpt":"Teht\u00e4v\u00e4t Suomessa tuotteen\/palvelun verottomaan myyntihintaan (= mh) lis\u00e4t\u00e4\u00e4n arvonlis\u00e4vero (alv). T\u00e4ll\u00f6in saadan tuotteen\/palvelun verollinen myntihinta. Arvonlis\u00e4verokanta muodostuu seuraavasti: yleinen 24 %: vaatteet, tupakka, alkoholi&nbsp; 14 %: elintarvikkeet, ravintolaruoka&nbsp; 10 %: l\u00e4\u00e4kkeet, kirjat, matkat, majoitus Esimerkki 1. Tuotteen veroton myyntihinta on 10,44&nbsp;\u20ac. Laske verollinen myyntihinta ja alv:n m\u00e4\u00e4r\u00e4, kun tuote ona) ravintolasta ostettava pitsa,b) kirja. RatkaisuN\u00e4iden&hellip;","_links":{"self":[{"href":"https:\/\/blogit.gradia.fi\/mab07\/wp-json\/wp\/v2\/pages\/49","targetHints":{"allow":["GET"]}}],"collection":[{"href":"https:\/\/blogit.gradia.fi\/mab07\/wp-json\/wp\/v2\/pages"}],"about":[{"href":"https:\/\/blogit.gradia.fi\/mab07\/wp-json\/wp\/v2\/types\/page"}],"author":[{"embeddable":true,"href":"https:\/\/blogit.gradia.fi\/mab07\/wp-json\/wp\/v2\/users\/111"}],"replies":[{"embeddable":true,"href":"https:\/\/blogit.gradia.fi\/mab07\/wp-json\/wp\/v2\/comments?post=49"}],"version-history":[{"count":13,"href":"https:\/\/blogit.gradia.fi\/mab07\/wp-json\/wp\/v2\/pages\/49\/revisions"}],"predecessor-version":[{"id":195,"href":"https:\/\/blogit.gradia.fi\/mab07\/wp-json\/wp\/v2\/pages\/49\/revisions\/195"}],"wp:attachment":[{"href":"https:\/\/blogit.gradia.fi\/mab07\/wp-json\/wp\/v2\/media?parent=49"}],"curies":[{"name":"wp","href":"https:\/\/api.w.org\/{rel}","templated":true}]}}