{"id":37,"date":"2021-03-24T14:28:40","date_gmt":"2021-03-24T12:28:40","guid":{"rendered":"https:\/\/blogit.gradia.fi\/mab07\/?page_id=37"},"modified":"2021-03-26T15:03:46","modified_gmt":"2021-03-26T13:03:46","slug":"prosentit","status":"publish","type":"page","link":"https:\/\/blogit.gradia.fi\/mab07\/prosentit\/","title":{"rendered":"Prosentit"},"content":{"rendered":"\n<p><\/p>\n\n\n\n<p><a href=\"https:\/\/jaofi-my.sharepoint.com\/:b:\/g\/personal\/htabell_gradia_fi\/EUFMYnHxr8FCtpcaZCFCb14Bvwv5OCLKD0Tok1E7adpAow?e=JmOfF1\" target=\"_blank\" rel=\"noreferrer noopener\">Teht\u00e4v\u00e4t<\/a><\/p>\n\n\n\n<h3 class=\"wp-block-heading\">Prosenttilaskennan perusteet<\/h3>\n\n\n\n<p>Tarkastellaan prosentin m\u00e4\u00e4ritelm\u00e4\u00e4 ja prosenttilaskennan kolmea perustyyppi\u00e4.<\/p>\n\n\n\n<h4 class=\"wp-block-heading\">Prosentin m\u00e4\u00e4ritelm\u00e4<\/h4>\n\n\n\n<p>Prosentti tarkoittaa&nbsp;<em>sadasosaa<\/em>, joka ilmaistaan seuraavasti:<\/p>\n\n\n\n<pre class=\"wp-block-code\"><code><\/code><\/pre>\n\n\n\n<p><p class=\"ql-center-displayed-equation\" style=\"line-height: 48px;\"><span class=\"ql-right-eqno\"> &nbsp; <\/span><span class=\"ql-left-eqno\"> &nbsp; <\/span><img loading=\"lazy\" decoding=\"async\" src=\"https:\/\/blogit.gradia.fi\/mab07\/wp-content\/ql-cache\/quicklatex.com-4d86d0075b2b2621c6f1e4a99642af70_l3.png\" height=\"48\" width=\"140\" class=\"ql-img-displayed-equation quicklatex-auto-format\" alt=\"&#92;&#91;&#92;&#98;&#111;&#120;&#101;&#100;&#123;&#49;&#92;&#32;&#92;&#37;&#61;&#92;&#100;&#102;&#114;&#97;&#99;&#123;&#49;&#125;&#123;&#49;&#48;&#48;&#125;&#61;&#48;&#123;&#44;&#125;&#48;&#49;&#125;&#92;&#93;\" title=\"Rendered by QuickLaTeX.com\"\/><\/p><\/p>\n\n\n\n<p>Siten<\/p>\n\n\n\n<p><p class=\"ql-center-displayed-equation\" style=\"line-height: 37px;\"><span class=\"ql-right-eqno\"> &nbsp; <\/span><span class=\"ql-left-eqno\"> &nbsp; <\/span><img loading=\"lazy\" decoding=\"async\" src=\"https:\/\/blogit.gradia.fi\/mab07\/wp-content\/ql-cache\/quicklatex.com-8307a7bba3d6248a2fd8745d07788fba_l3.png\" height=\"37\" width=\"137\" class=\"ql-img-displayed-equation quicklatex-auto-format\" alt=\"&#92;&#91;&#49;&#53;&#92;&#32;&#92;&#37;&#61;&#92;&#102;&#114;&#97;&#99;&#123;&#49;&#53;&#125;&#123;&#49;&#48;&#48;&#125;&#61;&#48;&#123;&#44;&#125;&#49;&#53;&#92;&#93;\" title=\"Rendered by QuickLaTeX.com\"\/><\/p><br><p class=\"ql-center-displayed-equation\" style=\"line-height: 37px;\"><span class=\"ql-right-eqno\"> &nbsp; <\/span><span class=\"ql-left-eqno\"> &nbsp; <\/span><img loading=\"lazy\" decoding=\"async\" src=\"https:\/\/blogit.gradia.fi\/mab07\/wp-content\/ql-cache\/quicklatex.com-fa0b571266a3047faeef89f7a2a633e4_l3.png\" height=\"37\" width=\"135\" class=\"ql-img-displayed-equation quicklatex-auto-format\" alt=\"&#92;&#91;&#51;&#49;&#48;&#92;&#32;&#92;&#37;&#61;&#92;&#102;&#114;&#97;&#99;&#123;&#51;&#49;&#48;&#125;&#123;&#49;&#48;&#48;&#125;&#61;&#51;&#123;&#44;&#125;&#49;&#92;&#93;\" title=\"Rendered by QuickLaTeX.com\"\/><\/p><br><p class=\"ql-center-displayed-equation\" style=\"line-height: 38px;\"><span class=\"ql-right-eqno\"> &nbsp; <\/span><span class=\"ql-left-eqno\"> &nbsp; <\/span><img loading=\"lazy\" decoding=\"async\" src=\"https:\/\/blogit.gradia.fi\/mab07\/wp-content\/ql-cache\/quicklatex.com-318a69a7342c944f0683a8225aa43d9d_l3.png\" height=\"38\" width=\"152\" class=\"ql-img-displayed-equation quicklatex-auto-format\" alt=\"&#92;&#91;&#54;&#123;&#44;&#125;&#50;&#92;&#32;&#92;&#37;&#61;&#92;&#102;&#114;&#97;&#99;&#123;&#54;&#123;&#44;&#125;&#50;&#125;&#123;&#49;&#48;&#48;&#125;&#61;&#48;&#123;&#44;&#125;&#48;&#54;&#50;&#92;&#93;\" title=\"Rendered by QuickLaTeX.com\"\/><\/p><br><p class=\"ql-center-displayed-equation\" style=\"line-height: 37px;\"><span class=\"ql-right-eqno\"> &nbsp; <\/span><span class=\"ql-left-eqno\"> &nbsp; <\/span><img loading=\"lazy\" decoding=\"async\" src=\"https:\/\/blogit.gradia.fi\/mab07\/wp-content\/ql-cache\/quicklatex.com-1c8364f11faa5e235aa857d13b69114b_l3.png\" height=\"37\" width=\"174\" class=\"ql-img-displayed-equation quicklatex-auto-format\" alt=\"&#92;&#91;&#48;&#123;&#44;&#125;&#55;&#52;&#92;&#32;&#92;&#37;&#61;&#92;&#102;&#114;&#97;&#99;&#123;&#48;&#123;&#44;&#125;&#55;&#52;&#125;&#123;&#49;&#48;&#48;&#125;&#61;&#48;&#123;&#44;&#125;&#48;&#48;&#55;&#52;&#92;&#93;\" title=\"Rendered by QuickLaTeX.com\"\/><\/p><\/p>\n\n\n\n<h4 class=\"wp-block-heading\">Prosenttiluvun m\u00e4\u00e4ritt\u00e4minen<\/h4>\n\n\n\n<p id=\"oma\">Prosenttiluvun m\u00e4\u00e4ritt\u00e4misess\u00e4 selvitet\u00e4\u00e4n, kuinka monta prosenttia luku on toisesta luvusta.<\/p>\n\n\n\n<p id=\"oma3\"><strong>Esimerkki 1<\/strong>. Kuinka monta prosenttia luku 20 on luvusta 50?<\/p>\n\n\n\n<p><strong>Ratkaisu<\/strong><br>Verrataan lukua 20 lukuun 50 ja muutetaan suhde prosenteiksi.<\/p>\n\n\n\n<p><p class=\"ql-center-displayed-equation\" style=\"line-height: 37px;\"><span class=\"ql-right-eqno\"> &nbsp; <\/span><span class=\"ql-left-eqno\"> &nbsp; <\/span><img loading=\"lazy\" decoding=\"async\" src=\"https:\/\/blogit.gradia.fi\/mab07\/wp-content\/ql-cache\/quicklatex.com-5a974011529be730e281f6a1ccfd5668_l3.png\" height=\"37\" width=\"117\" class=\"ql-img-displayed-equation quicklatex-auto-format\" alt=\"&#92;&#91;&#92;&#102;&#114;&#97;&#99;&#123;&#50;&#48;&#125;&#123;&#53;&#48;&#125;&#61;&#48;&#123;&#44;&#125;&#52;&#61;&#52;&#48;&#92;&#32;&#92;&#37;&#92;&#93;\" title=\"Rendered by QuickLaTeX.com\"\/><\/p><\/p>\n\n\n\n<p><strong>Vastaus<\/strong>: 40 %<\/p>\n\n\n\n<h4 class=\"wp-block-heading\">Prosenttiarvon m\u00e4\u00e4ritt\u00e4minen<\/h4>\n\n\n\n<p id=\"oma\">Prosenttiarvon m\u00e4\u00e4ritt\u00e4misess\u00e4 selvitet\u00e4\u00e4n, kuinka paljon tietty prosenttiluku on jostakin m\u00e4\u00e4r\u00e4st\u00e4.<\/p>\n\n\n\n<p id=\"oma3\"><strong>Esimerkki 2<\/strong>. Kuinka monta euroa 25 % on 500 eurosta?<\/p>\n\n\n\n<p><strong>Ratkaisu<\/strong><br>Koska<\/p>\n\n\n\n<p><p class=\"ql-center-displayed-equation\" style=\"line-height: 37px;\"><span class=\"ql-right-eqno\"> &nbsp; <\/span><span class=\"ql-left-eqno\"> &nbsp; <\/span><img loading=\"lazy\" decoding=\"async\" src=\"https:\/\/blogit.gradia.fi\/mab07\/wp-content\/ql-cache\/quicklatex.com-7af69991edb5dc66dc8c782503aec51d_l3.png\" height=\"37\" width=\"138\" class=\"ql-img-displayed-equation quicklatex-auto-format\" alt=\"&#92;&#91;&#50;&#53;&#92;&#32;&#92;&#37;&#61;&#92;&#102;&#114;&#97;&#99;&#123;&#50;&#53;&#125;&#123;&#49;&#48;&#48;&#125;&#61;&#48;&#123;&#44;&#125;&#50;&#53;&#92;&#93;\" title=\"Rendered by QuickLaTeX.com\"\/><\/p><\/p>\n\n\n\n<p>niin 25 % 500 eurosta on<\/p>\n\n\n\n<p><p class=\"ql-center-displayed-equation\" style=\"line-height: 15px;\"><span class=\"ql-right-eqno\"> &nbsp; <\/span><span class=\"ql-left-eqno\"> &nbsp; <\/span><img loading=\"lazy\" decoding=\"async\" src=\"https:\/\/blogit.gradia.fi\/mab07\/wp-content\/ql-cache\/quicklatex.com-19c2e7ab11b2f2260b42e4aa0d383c0e_l3.png\" height=\"15\" width=\"150\" class=\"ql-img-displayed-equation quicklatex-auto-format\" alt=\"&#92;&#91;&#48;&#123;&#44;&#125;&#50;&#53;&#32;&#92;&#99;&#100;&#111;&#116;&#32;&#53;&#48;&#48;&#92;&#32;&#92;&#69;&#85;&#82;&#61;&#49;&#50;&#53;&#92;&#32;&#92;&#69;&#85;&#82;&#92;&#93;\" title=\"Rendered by QuickLaTeX.com\"\/><\/p><\/p>\n\n\n\n<p><strong>Vastaus<\/strong>: 125 \u20ac<\/p>\n\n\n\n<h4 class=\"wp-block-heading\">Perusarvon m\u00e4\u00e4ritt\u00e4minen<\/h4>\n\n\n\n<p id=\"oma\">Perusarvon m\u00e4\u00e4ritt\u00e4misess\u00e4 selvitet\u00e4\u00e4n, mist\u00e4 alkuper\u00e4isest\u00e4 m\u00e4\u00e4r\u00e4st\u00e4 jokin m\u00e4\u00e4r\u00e4 on prosentteina tietyn verran.<\/p>\n\n\n\n<p id=\"oma3\"><strong>Esimerkki 3<\/strong>. Mist\u00e4 m\u00e4\u00e4r\u00e4st\u00e4 40 % on 5 \u20ac?<\/p>\n\n\n\n<p><strong>Ratkaisu<\/strong><br>Merkit\u00e4\u00e4n perusarvoa&nbsp;<img loading=\"lazy\" decoding=\"async\" height=\"7\" width=\"9\" src=\"https:\/\/blogit.gradia.fi\/ostu\/wp-content\/ql-cache\/quicklatex.com-379834c2dbc67a7ddccf9dca5e95933d_l3.svg\" alt=\"x\">:ll\u00e4. Muodostetaan yht\u00e4l\u00f6 ja ratkaistaan tuntematon&nbsp;<img loading=\"lazy\" decoding=\"async\" height=\"7\" width=\"9\" src=\"https:\/\/blogit.gradia.fi\/ostu\/wp-content\/ql-cache\/quicklatex.com-379834c2dbc67a7ddccf9dca5e95933d_l3.svg\" alt=\"x\">:<\/p>\n\n\n\n<p><p class=\"ql-center-displayed-equation\" style=\"line-height: 89px;\"><span class=\"ql-right-eqno\"> &nbsp; <\/span><span class=\"ql-left-eqno\"> &nbsp; <\/span><img loading=\"lazy\" decoding=\"async\" src=\"https:\/\/blogit.gradia.fi\/mab07\/wp-content\/ql-cache\/quicklatex.com-7561d193dd2e78f5ef681ac4f3847f23_l3.png\" height=\"89\" width=\"146\" class=\"ql-img-displayed-equation quicklatex-auto-format\" alt=\"&#92;&#98;&#101;&#103;&#105;&#110;&#123;&#97;&#108;&#105;&#103;&#110;&#42;&#125;&#32;&#48;&#123;&#44;&#125;&#52;&#48;&#92;&#99;&#100;&#111;&#116;&#32;&#120;&#38;&#61;&#53;&#92;&#32;&#92;&#112;&#97;&#114;&#97;&#108;&#108;&#101;&#108;&#92;&#32;&#58;&#48;&#123;&#44;&#125;&#52;&#48;&#32;&#92;&#92;&#32;&#120;&#38;&#61;&#92;&#102;&#114;&#97;&#99;&#123;&#53;&#125;&#123;&#48;&#123;&#44;&#125;&#52;&#48;&#125;&#32;&#92;&#92;&#32;&#120;&#38;&#61;&#49;&#50;&#123;&#44;&#125;&#53;&#32;&#92;&#101;&#110;&#100;&#123;&#97;&#108;&#105;&#103;&#110;&#42;&#125;\" title=\"Rendered by QuickLaTeX.com\"\/><\/p><\/p>\n\n\n\n<p><strong>Vastaus<\/strong>: 12,5 \u20ac<\/p>\n\n\n\n<h3 class=\"wp-block-heading\">Muita t\u00e4rkeit\u00e4 prosenttilaskennan tyyppej\u00e4<\/h3>\n\n\n\n<p>Kaikki muut prosenttilaskennan tilanteet palautuvat (tavalla tai toisella) edell\u00e4 olleisiin kolmeen perustyyppiin.<\/p>\n\n\n\n<h4 class=\"wp-block-heading\">Vertailuprosentti<\/h4>\n\n\n\n<p id=\"oma\">Vertailuprosenttissa selvitet\u00e4\u00e4n, kuinka monta prosenttia jokin luku (tai m\u00e4\u00e4r\u00e4) on suurempi kuin toinen luku (tai m\u00e4\u00e4r\u00e4).<\/p>\n\n\n\n<p id=\"oma3\"><strong>Esimerkki 4<\/strong>. Kuinka monta prosenttia luku 30 on suurempi kuin luku 25?<\/p>\n\n\n\n<p><strong>Ratkaisu<\/strong><br>V\u00e4hennet\u00e4\u00e4n luvut kesken\u00e4\u00e4n ja jaetaan sill\u00e4 luvulla, johon kuin-sana viittaa.<\/p>\n\n\n\n<p><p class=\"ql-center-displayed-equation\" style=\"line-height: 37px;\"><span class=\"ql-right-eqno\"> &nbsp; <\/span><span class=\"ql-left-eqno\"> &nbsp; <\/span><img loading=\"lazy\" decoding=\"async\" src=\"https:\/\/blogit.gradia.fi\/mab07\/wp-content\/ql-cache\/quicklatex.com-b56cc0f82a07a60801af71a42a2b2997_l3.png\" height=\"37\" width=\"231\" class=\"ql-img-displayed-equation quicklatex-auto-format\" alt=\"&#92;&#91;&#92;&#100;&#102;&#114;&#97;&#99;&#123;&#51;&#48;&#45;&#50;&#53;&#125;&#123;&#50;&#53;&#125;&#61;&#92;&#100;&#102;&#114;&#97;&#99;&#123;&#53;&#125;&#123;&#50;&#53;&#125;&#61;&#92;&#100;&#102;&#114;&#97;&#99;&#123;&#49;&#125;&#123;&#53;&#125;&#61;&#48;&#123;&#44;&#125;&#50;&#61;&#50;&#48;&#92;&#32;&#92;&#37;&#92;&#93;\" title=\"Rendered by QuickLaTeX.com\"\/><\/p><\/p>\n\n\n\n<p><strong>Vastaus<\/strong>: 20 %<\/p>\n\n\n\n<h4 class=\"wp-block-heading\">Muutosprosentti<\/h4>\n\n\n\n<p id=\"oma\">Muutosprosentissa selvitet\u00e4\u00e4n, kuinka monta prosenttia jokin luku (tai m\u00e4\u00e4r\u00e4) suurenee tai pienenee, kun muutosta verrataan alkuper\u00e4iseen lukuun (tai m\u00e4\u00e4r\u00e4\u00e4n).<\/p>\n\n\n\n<p id=\"oma3\"><strong>Esimerkki 5<\/strong>. Takin alkuper\u00e4inen hinta on 79 \u20ac. Kuinka monta prosenttia hinta alenee, kun alennettu hinta on 59 \u20ac?<\/p>\n\n\n\n<p><strong>Ratkaisu<\/strong><br>Verrataan hinnan muutosta alkuper\u00e4iseen hintaan eli v\u00e4hennet\u00e4\u00e4n hinnat toisistaan ja jaetaan alkuper\u00e4isell\u00e4 hinnalla.<\/p>\n\n\n\n<p><p class=\"ql-center-displayed-equation\" style=\"line-height: 37px;\"><span class=\"ql-right-eqno\"> &nbsp; <\/span><span class=\"ql-left-eqno\"> &nbsp; <\/span><img loading=\"lazy\" decoding=\"async\" src=\"https:\/\/blogit.gradia.fi\/mab07\/wp-content\/ql-cache\/quicklatex.com-d37839308353cf715ca42edb5be5d241_l3.png\" height=\"37\" width=\"285\" class=\"ql-img-displayed-equation quicklatex-auto-format\" alt=\"&#92;&#91;&#92;&#100;&#102;&#114;&#97;&#99;&#123;&#55;&#57;&#92;&#32;&#92;&#116;&#101;&#120;&#116;&#123;&#101;&#125;&#45;&#53;&#57;&#92;&#32;&#92;&#116;&#101;&#120;&#116;&#123;&#101;&#125;&#125;&#123;&#55;&#57;&#92;&#32;&#92;&#116;&#101;&#120;&#116;&#123;&#101;&#125;&#125;&#61;&#92;&#100;&#102;&#114;&#97;&#99;&#123;&#50;&#48;&#92;&#32;&#92;&#116;&#101;&#120;&#116;&#123;&#101;&#125;&#125;&#123;&#55;&#57;&#92;&#32;&#92;&#116;&#101;&#120;&#116;&#123;&#101;&#125;&#125;&#61;&#48;&#123;&#44;&#125;&#50;&#53;&#51;&#49;&#92;&#108;&#100;&#111;&#116;&#115;&#92;&#97;&#112;&#112;&#114;&#111;&#120;&#123;&#50;&#53;&#92;&#32;&#92;&#37;&#92;&#93;\" title=\"Rendered by QuickLaTeX.com\"\/><\/p><\/p>\n\n\n\n<p><strong>Vastaus:<\/strong>&nbsp;Hinta alenee 25 %.<\/p>\n\n\n\n<h4 class=\"wp-block-heading\">Prosenttiyksikk\u00f6<\/h4>\n\n\n\n<p>Muutos prosenttiyksikk\u00f6ine\u00e4 lasketaan prosenttilukujen erotuksena.<\/p>\n\n\n\n<p><strong>Esimerkki 5<\/strong>. Er\u00e4\u00e4n puolueen kannatus nousi 13,3 prosentista 16,4 prosenttiin. Kuinka monta prosenttiyksikk\u00f6\u00e4 kannatus nousi? <\/p>\n\n\n\n<p><strong>Ratkaisu<\/strong>: 16,4 &#8211; 13,3 = 3,1 prosenttiyksikk\u00f6\u00e4.<\/p>\n\n\n\n<p><strong>Vastaus<\/strong>: Kannatus nousi 3,1 prosenttiyksikk\u00f6\u00e4.<\/p>\n","protected":false},"excerpt":{"rendered":"<p>Teht\u00e4v\u00e4t Prosenttilaskennan perusteet Tarkastellaan prosentin m\u00e4\u00e4ritelm\u00e4\u00e4 ja prosenttilaskennan kolmea perustyyppi\u00e4. Prosentin m\u00e4\u00e4ritelm\u00e4 Prosentti tarkoittaa&nbsp;sadasosaa, joka ilmaistaan seuraavasti: &nbsp; &nbsp; Siten &nbsp; &nbsp; &nbsp; &nbsp; &nbsp; &nbsp; &nbsp; &nbsp; Prosenttiluvun m\u00e4\u00e4ritt\u00e4minen Prosenttiluvun m\u00e4\u00e4ritt\u00e4misess\u00e4 selvitet\u00e4\u00e4n, kuinka monta prosenttia luku on toisesta luvusta. Esimerkki 1. Kuinka monta prosenttia luku 20 on luvusta 50? RatkaisuVerrataan lukua 20 lukuun 50 &hellip; <a href=\"https:\/\/blogit.gradia.fi\/mab07\/prosentit\/\" class=\"more-link\">Jatka lukemista <span class=\"screen-reader-text\">Prosentit<\/span> <span class=\"meta-nav\">&rarr;<\/span><\/a><\/p>\n","protected":false},"author":111,"featured_media":0,"parent":0,"menu_order":0,"comment_status":"closed","ping_status":"closed","template":"","meta":{"_uag_custom_page_level_css":"","footnotes":""},"class_list":["post-37","page","type-page","status-publish","hentry"],"yoast_head":"<!-- This site is optimized with the Yoast SEO plugin v27.4 - https:\/\/yoast.com\/product\/yoast-seo-wordpress\/ -->\n<title>Prosentit - Prosenttilaskujen osaaminen<\/title>\n<meta name=\"robots\" content=\"index, follow, max-snippet:-1, max-image-preview:large, max-video-preview:-1\" \/>\n<link rel=\"canonical\" href=\"https:\/\/blogit.gradia.fi\/mab07\/prosentit\/\" \/>\n<meta property=\"og:locale\" content=\"fi_FI\" \/>\n<meta property=\"og:type\" content=\"article\" \/>\n<meta property=\"og:title\" content=\"Prosentit - Prosenttilaskujen osaaminen\" \/>\n<meta property=\"og:description\" content=\"Teht\u00e4v\u00e4t Prosenttilaskennan perusteet Tarkastellaan prosentin m\u00e4\u00e4ritelm\u00e4\u00e4 ja prosenttilaskennan kolmea perustyyppi\u00e4. Prosentin m\u00e4\u00e4ritelm\u00e4 Prosentti tarkoittaa&nbsp;sadasosaa, joka ilmaistaan seuraavasti: &nbsp; &nbsp; Siten &nbsp; &nbsp; &nbsp; &nbsp; &nbsp; &nbsp; &nbsp; &nbsp; Prosenttiluvun m\u00e4\u00e4ritt\u00e4minen Prosenttiluvun m\u00e4\u00e4ritt\u00e4misess\u00e4 selvitet\u00e4\u00e4n, kuinka monta prosenttia luku on toisesta luvusta. Esimerkki 1. Kuinka monta prosenttia luku 20 on luvusta 50? RatkaisuVerrataan lukua 20 lukuun 50 &hellip; Jatka lukemista Prosentit &rarr;\" \/>\n<meta property=\"og:url\" content=\"https:\/\/blogit.gradia.fi\/mab07\/prosentit\/\" \/>\n<meta property=\"og:site_name\" content=\"Prosenttilaskujen osaaminen\" \/>\n<meta property=\"article:modified_time\" content=\"2021-03-26T13:03:46+00:00\" \/>\n<meta property=\"og:image\" content=\"https:\/\/blogit.gradia.fi\/ostu\/wp-content\/ql-cache\/quicklatex.com-379834c2dbc67a7ddccf9dca5e95933d_l3.svg\" \/>\n<meta name=\"twitter:card\" content=\"summary_large_image\" \/>\n<meta name=\"twitter:label1\" content=\"Arvioitu lukuaika\" \/>\n\t<meta name=\"twitter:data1\" content=\"2 minuuttia\" \/>\n<script type=\"application\/ld+json\" class=\"yoast-schema-graph\">{\"@context\":\"https:\\\/\\\/schema.org\",\"@graph\":[{\"@type\":\"WebPage\",\"@id\":\"https:\\\/\\\/blogit.gradia.fi\\\/mab07\\\/prosentit\\\/\",\"url\":\"https:\\\/\\\/blogit.gradia.fi\\\/mab07\\\/prosentit\\\/\",\"name\":\"Prosentit - Prosenttilaskujen osaaminen\",\"isPartOf\":{\"@id\":\"https:\\\/\\\/blogit.gradia.fi\\\/mab07\\\/#website\"},\"primaryImageOfPage\":{\"@id\":\"https:\\\/\\\/blogit.gradia.fi\\\/mab07\\\/prosentit\\\/#primaryimage\"},\"image\":{\"@id\":\"https:\\\/\\\/blogit.gradia.fi\\\/mab07\\\/prosentit\\\/#primaryimage\"},\"thumbnailUrl\":\"https:\\\/\\\/blogit.gradia.fi\\\/ostu\\\/wp-content\\\/ql-cache\\\/quicklatex.com-379834c2dbc67a7ddccf9dca5e95933d_l3.svg\",\"datePublished\":\"2021-03-24T12:28:40+00:00\",\"dateModified\":\"2021-03-26T13:03:46+00:00\",\"breadcrumb\":{\"@id\":\"https:\\\/\\\/blogit.gradia.fi\\\/mab07\\\/prosentit\\\/#breadcrumb\"},\"inLanguage\":\"fi\",\"potentialAction\":[{\"@type\":\"ReadAction\",\"target\":[\"https:\\\/\\\/blogit.gradia.fi\\\/mab07\\\/prosentit\\\/\"]}]},{\"@type\":\"ImageObject\",\"inLanguage\":\"fi\",\"@id\":\"https:\\\/\\\/blogit.gradia.fi\\\/mab07\\\/prosentit\\\/#primaryimage\",\"url\":\"https:\\\/\\\/blogit.gradia.fi\\\/ostu\\\/wp-content\\\/ql-cache\\\/quicklatex.com-379834c2dbc67a7ddccf9dca5e95933d_l3.svg\",\"contentUrl\":\"https:\\\/\\\/blogit.gradia.fi\\\/ostu\\\/wp-content\\\/ql-cache\\\/quicklatex.com-379834c2dbc67a7ddccf9dca5e95933d_l3.svg\"},{\"@type\":\"BreadcrumbList\",\"@id\":\"https:\\\/\\\/blogit.gradia.fi\\\/mab07\\\/prosentit\\\/#breadcrumb\",\"itemListElement\":[{\"@type\":\"ListItem\",\"position\":1,\"name\":\"Home\",\"item\":\"https:\\\/\\\/blogit.gradia.fi\\\/mab07\\\/\"},{\"@type\":\"ListItem\",\"position\":2,\"name\":\"Prosentit\"}]},{\"@type\":\"WebSite\",\"@id\":\"https:\\\/\\\/blogit.gradia.fi\\\/mab07\\\/#website\",\"url\":\"https:\\\/\\\/blogit.gradia.fi\\\/mab07\\\/\",\"name\":\"Prosenttilaskujen osaaminen\",\"description\":\"YTO Matematiikka\",\"potentialAction\":[{\"@type\":\"SearchAction\",\"target\":{\"@type\":\"EntryPoint\",\"urlTemplate\":\"https:\\\/\\\/blogit.gradia.fi\\\/mab07\\\/?s={search_term_string}\"},\"query-input\":{\"@type\":\"PropertyValueSpecification\",\"valueRequired\":true,\"valueName\":\"search_term_string\"}}],\"inLanguage\":\"fi\"}]}<\/script>\n<!-- \/ Yoast SEO plugin. -->","yoast_head_json":{"title":"Prosentit - Prosenttilaskujen osaaminen","robots":{"index":"index","follow":"follow","max-snippet":"max-snippet:-1","max-image-preview":"max-image-preview:large","max-video-preview":"max-video-preview:-1"},"canonical":"https:\/\/blogit.gradia.fi\/mab07\/prosentit\/","og_locale":"fi_FI","og_type":"article","og_title":"Prosentit - Prosenttilaskujen osaaminen","og_description":"Teht\u00e4v\u00e4t Prosenttilaskennan perusteet Tarkastellaan prosentin m\u00e4\u00e4ritelm\u00e4\u00e4 ja prosenttilaskennan kolmea perustyyppi\u00e4. Prosentin m\u00e4\u00e4ritelm\u00e4 Prosentti tarkoittaa&nbsp;sadasosaa, joka ilmaistaan seuraavasti: &nbsp; &nbsp; Siten &nbsp; &nbsp; &nbsp; &nbsp; &nbsp; &nbsp; &nbsp; &nbsp; Prosenttiluvun m\u00e4\u00e4ritt\u00e4minen Prosenttiluvun m\u00e4\u00e4ritt\u00e4misess\u00e4 selvitet\u00e4\u00e4n, kuinka monta prosenttia luku on toisesta luvusta. Esimerkki 1. Kuinka monta prosenttia luku 20 on luvusta 50? RatkaisuVerrataan lukua 20 lukuun 50 &hellip; Jatka lukemista Prosentit &rarr;","og_url":"https:\/\/blogit.gradia.fi\/mab07\/prosentit\/","og_site_name":"Prosenttilaskujen osaaminen","article_modified_time":"2021-03-26T13:03:46+00:00","og_image":[{"url":"https:\/\/blogit.gradia.fi\/ostu\/wp-content\/ql-cache\/quicklatex.com-379834c2dbc67a7ddccf9dca5e95933d_l3.svg","type":"","width":"","height":""}],"twitter_card":"summary_large_image","twitter_misc":{"Arvioitu lukuaika":"2 minuuttia"},"schema":{"@context":"https:\/\/schema.org","@graph":[{"@type":"WebPage","@id":"https:\/\/blogit.gradia.fi\/mab07\/prosentit\/","url":"https:\/\/blogit.gradia.fi\/mab07\/prosentit\/","name":"Prosentit - Prosenttilaskujen osaaminen","isPartOf":{"@id":"https:\/\/blogit.gradia.fi\/mab07\/#website"},"primaryImageOfPage":{"@id":"https:\/\/blogit.gradia.fi\/mab07\/prosentit\/#primaryimage"},"image":{"@id":"https:\/\/blogit.gradia.fi\/mab07\/prosentit\/#primaryimage"},"thumbnailUrl":"https:\/\/blogit.gradia.fi\/ostu\/wp-content\/ql-cache\/quicklatex.com-379834c2dbc67a7ddccf9dca5e95933d_l3.svg","datePublished":"2021-03-24T12:28:40+00:00","dateModified":"2021-03-26T13:03:46+00:00","breadcrumb":{"@id":"https:\/\/blogit.gradia.fi\/mab07\/prosentit\/#breadcrumb"},"inLanguage":"fi","potentialAction":[{"@type":"ReadAction","target":["https:\/\/blogit.gradia.fi\/mab07\/prosentit\/"]}]},{"@type":"ImageObject","inLanguage":"fi","@id":"https:\/\/blogit.gradia.fi\/mab07\/prosentit\/#primaryimage","url":"https:\/\/blogit.gradia.fi\/ostu\/wp-content\/ql-cache\/quicklatex.com-379834c2dbc67a7ddccf9dca5e95933d_l3.svg","contentUrl":"https:\/\/blogit.gradia.fi\/ostu\/wp-content\/ql-cache\/quicklatex.com-379834c2dbc67a7ddccf9dca5e95933d_l3.svg"},{"@type":"BreadcrumbList","@id":"https:\/\/blogit.gradia.fi\/mab07\/prosentit\/#breadcrumb","itemListElement":[{"@type":"ListItem","position":1,"name":"Home","item":"https:\/\/blogit.gradia.fi\/mab07\/"},{"@type":"ListItem","position":2,"name":"Prosentit"}]},{"@type":"WebSite","@id":"https:\/\/blogit.gradia.fi\/mab07\/#website","url":"https:\/\/blogit.gradia.fi\/mab07\/","name":"Prosenttilaskujen osaaminen","description":"YTO Matematiikka","potentialAction":[{"@type":"SearchAction","target":{"@type":"EntryPoint","urlTemplate":"https:\/\/blogit.gradia.fi\/mab07\/?s={search_term_string}"},"query-input":{"@type":"PropertyValueSpecification","valueRequired":true,"valueName":"search_term_string"}}],"inLanguage":"fi"}]}},"uagb_featured_image_src":{"full":false,"thumbnail":false,"medium":false,"medium_large":false,"large":false,"1536x1536":false,"2048x2048":false,"post-thumbnail":false},"uagb_author_info":{"display_name":"Hannu Tabell","author_link":"https:\/\/blogit.gradia.fi\/mab07\/author\/htabell\/"},"uagb_comment_info":0,"uagb_excerpt":"Teht\u00e4v\u00e4t Prosenttilaskennan perusteet Tarkastellaan prosentin m\u00e4\u00e4ritelm\u00e4\u00e4 ja prosenttilaskennan kolmea perustyyppi\u00e4. Prosentin m\u00e4\u00e4ritelm\u00e4 Prosentti tarkoittaa&nbsp;sadasosaa, joka ilmaistaan seuraavasti: &nbsp; &nbsp; Siten &nbsp; &nbsp; &nbsp; &nbsp; &nbsp; &nbsp; &nbsp; &nbsp; Prosenttiluvun m\u00e4\u00e4ritt\u00e4minen Prosenttiluvun m\u00e4\u00e4ritt\u00e4misess\u00e4 selvitet\u00e4\u00e4n, kuinka monta prosenttia luku on toisesta luvusta. Esimerkki 1. Kuinka monta prosenttia luku 20 on luvusta 50? RatkaisuVerrataan lukua 20 lukuun 50&hellip;","_links":{"self":[{"href":"https:\/\/blogit.gradia.fi\/mab07\/wp-json\/wp\/v2\/pages\/37","targetHints":{"allow":["GET"]}}],"collection":[{"href":"https:\/\/blogit.gradia.fi\/mab07\/wp-json\/wp\/v2\/pages"}],"about":[{"href":"https:\/\/blogit.gradia.fi\/mab07\/wp-json\/wp\/v2\/types\/page"}],"author":[{"embeddable":true,"href":"https:\/\/blogit.gradia.fi\/mab07\/wp-json\/wp\/v2\/users\/111"}],"replies":[{"embeddable":true,"href":"https:\/\/blogit.gradia.fi\/mab07\/wp-json\/wp\/v2\/comments?post=37"}],"version-history":[{"count":24,"href":"https:\/\/blogit.gradia.fi\/mab07\/wp-json\/wp\/v2\/pages\/37\/revisions"}],"predecessor-version":[{"id":192,"href":"https:\/\/blogit.gradia.fi\/mab07\/wp-json\/wp\/v2\/pages\/37\/revisions\/192"}],"wp:attachment":[{"href":"https:\/\/blogit.gradia.fi\/mab07\/wp-json\/wp\/v2\/media?parent=37"}],"curies":[{"name":"wp","href":"https:\/\/api.w.org\/{rel}","templated":true}]}}