{"id":33,"date":"2021-03-24T14:25:29","date_gmt":"2021-03-24T12:25:29","guid":{"rendered":"https:\/\/blogit.gradia.fi\/mab07\/?page_id=33"},"modified":"2021-03-24T14:25:30","modified_gmt":"2021-03-24T12:25:30","slug":"ops","status":"publish","type":"page","link":"https:\/\/blogit.gradia.fi\/mab07\/ops\/","title":{"rendered":"OPS"},"content":{"rendered":"\n<h3 class=\"wp-block-heading\">Opiskelija osaa<\/h3>\n\n\n\n<ul class=\"wp-block-list\"><li>tehd\u00e4 laskutoimituksia ja mittayksik\u00f6iden muunnoksia<\/li><li>soveltaa talousmatematiikkaa oman alan ja arkiel\u00e4m\u00e4n edellytt\u00e4m\u00e4ss\u00e4 laajuudessa<\/li><li>arvioida tulosten oikeellisuutta ja suuruusluokkaa sek\u00e4 ratkaisumenetelm\u00e4\u00e4<\/li><li>arvioida oman alan matemaattista osaamistaan.<\/li><\/ul>\n\n\n\n<h3 class=\"wp-block-heading\">Sis\u00e4lt\u00f6<\/h3>\n\n\n\n<ul class=\"wp-block-list\"><li>Oman alan ja arkiel\u00e4m\u00e4n prosenttilaskuja<\/li><li>Prosenttiluku, prosenttiarvo, alennus\/korotus, muutos- ja vertailuprosentti, prosenttiyksikk\u00f6, perusarvo<\/li><li>Arki- ja ty\u00f6el\u00e4m\u00e4n talousmatematiikkaa<\/li><li>Arvonlis\u00e4vero, lainat ja korko, korkojen korot.<\/li><\/ul>\n","protected":false},"excerpt":{"rendered":"<p>Opiskelija osaa tehd\u00e4 laskutoimituksia ja mittayksik\u00f6iden muunnoksia soveltaa talousmatematiikkaa oman alan ja arkiel\u00e4m\u00e4n edellytt\u00e4m\u00e4ss\u00e4 laajuudessa arvioida tulosten oikeellisuutta ja suuruusluokkaa sek\u00e4 ratkaisumenetelm\u00e4\u00e4 arvioida oman alan matemaattista osaamistaan. Sis\u00e4lt\u00f6 Oman alan ja arkiel\u00e4m\u00e4n prosenttilaskuja Prosenttiluku, prosenttiarvo, alennus\/korotus, muutos- ja vertailuprosentti, prosenttiyksikk\u00f6, perusarvo Arki- ja ty\u00f6el\u00e4m\u00e4n talousmatematiikkaa Arvonlis\u00e4vero, lainat ja korko, korkojen korot.<\/p>\n","protected":false},"author":111,"featured_media":0,"parent":0,"menu_order":0,"comment_status":"closed","ping_status":"closed","template":"","meta":{"_uag_custom_page_level_css":"","footnotes":""},"class_list":["post-33","page","type-page","status-publish","hentry"],"yoast_head":"<!-- This site is optimized with the Yoast SEO plugin v27.4 - https:\/\/yoast.com\/product\/yoast-seo-wordpress\/ -->\n<title>OPS - Prosenttilaskujen osaaminen<\/title>\n<meta name=\"robots\" content=\"index, follow, max-snippet:-1, max-image-preview:large, max-video-preview:-1\" \/>\n<link rel=\"canonical\" href=\"https:\/\/blogit.gradia.fi\/mab07\/ops\/\" \/>\n<meta property=\"og:locale\" content=\"fi_FI\" \/>\n<meta property=\"og:type\" content=\"article\" \/>\n<meta property=\"og:title\" content=\"OPS - Prosenttilaskujen osaaminen\" \/>\n<meta property=\"og:description\" content=\"Opiskelija osaa tehd\u00e4 laskutoimituksia ja mittayksik\u00f6iden muunnoksia soveltaa talousmatematiikkaa oman alan ja arkiel\u00e4m\u00e4n edellytt\u00e4m\u00e4ss\u00e4 laajuudessa arvioida tulosten oikeellisuutta ja suuruusluokkaa sek\u00e4 ratkaisumenetelm\u00e4\u00e4 arvioida oman alan matemaattista osaamistaan. Sis\u00e4lt\u00f6 Oman alan ja arkiel\u00e4m\u00e4n prosenttilaskuja Prosenttiluku, prosenttiarvo, alennus\/korotus, muutos- ja vertailuprosentti, prosenttiyksikk\u00f6, perusarvo Arki- ja ty\u00f6el\u00e4m\u00e4n talousmatematiikkaa Arvonlis\u00e4vero, lainat ja korko, korkojen korot.\" \/>\n<meta property=\"og:url\" content=\"https:\/\/blogit.gradia.fi\/mab07\/ops\/\" \/>\n<meta property=\"og:site_name\" content=\"Prosenttilaskujen osaaminen\" \/>\n<meta property=\"article:modified_time\" content=\"2021-03-24T12:25:30+00:00\" \/>\n<meta name=\"twitter:card\" content=\"summary_large_image\" \/>\n<meta name=\"twitter:label1\" content=\"Arvioitu lukuaika\" \/>\n\t<meta name=\"twitter:data1\" content=\"1 minuutti\" \/>\n<script type=\"application\/ld+json\" class=\"yoast-schema-graph\">{\"@context\":\"https:\\\/\\\/schema.org\",\"@graph\":[{\"@type\":\"WebPage\",\"@id\":\"https:\\\/\\\/blogit.gradia.fi\\\/mab07\\\/ops\\\/\",\"url\":\"https:\\\/\\\/blogit.gradia.fi\\\/mab07\\\/ops\\\/\",\"name\":\"OPS - Prosenttilaskujen osaaminen\",\"isPartOf\":{\"@id\":\"https:\\\/\\\/blogit.gradia.fi\\\/mab07\\\/#website\"},\"datePublished\":\"2021-03-24T12:25:29+00:00\",\"dateModified\":\"2021-03-24T12:25:30+00:00\",\"breadcrumb\":{\"@id\":\"https:\\\/\\\/blogit.gradia.fi\\\/mab07\\\/ops\\\/#breadcrumb\"},\"inLanguage\":\"fi\",\"potentialAction\":[{\"@type\":\"ReadAction\",\"target\":[\"https:\\\/\\\/blogit.gradia.fi\\\/mab07\\\/ops\\\/\"]}]},{\"@type\":\"BreadcrumbList\",\"@id\":\"https:\\\/\\\/blogit.gradia.fi\\\/mab07\\\/ops\\\/#breadcrumb\",\"itemListElement\":[{\"@type\":\"ListItem\",\"position\":1,\"name\":\"Home\",\"item\":\"https:\\\/\\\/blogit.gradia.fi\\\/mab07\\\/\"},{\"@type\":\"ListItem\",\"position\":2,\"name\":\"OPS\"}]},{\"@type\":\"WebSite\",\"@id\":\"https:\\\/\\\/blogit.gradia.fi\\\/mab07\\\/#website\",\"url\":\"https:\\\/\\\/blogit.gradia.fi\\\/mab07\\\/\",\"name\":\"Prosenttilaskujen osaaminen\",\"description\":\"YTO Matematiikka\",\"potentialAction\":[{\"@type\":\"SearchAction\",\"target\":{\"@type\":\"EntryPoint\",\"urlTemplate\":\"https:\\\/\\\/blogit.gradia.fi\\\/mab07\\\/?s={search_term_string}\"},\"query-input\":{\"@type\":\"PropertyValueSpecification\",\"valueRequired\":true,\"valueName\":\"search_term_string\"}}],\"inLanguage\":\"fi\"}]}<\/script>\n<!-- \/ Yoast SEO plugin. -->","yoast_head_json":{"title":"OPS - Prosenttilaskujen osaaminen","robots":{"index":"index","follow":"follow","max-snippet":"max-snippet:-1","max-image-preview":"max-image-preview:large","max-video-preview":"max-video-preview:-1"},"canonical":"https:\/\/blogit.gradia.fi\/mab07\/ops\/","og_locale":"fi_FI","og_type":"article","og_title":"OPS - Prosenttilaskujen osaaminen","og_description":"Opiskelija osaa tehd\u00e4 laskutoimituksia ja mittayksik\u00f6iden muunnoksia soveltaa talousmatematiikkaa oman alan ja arkiel\u00e4m\u00e4n edellytt\u00e4m\u00e4ss\u00e4 laajuudessa arvioida tulosten oikeellisuutta ja suuruusluokkaa sek\u00e4 ratkaisumenetelm\u00e4\u00e4 arvioida oman alan matemaattista osaamistaan. Sis\u00e4lt\u00f6 Oman alan ja arkiel\u00e4m\u00e4n prosenttilaskuja Prosenttiluku, prosenttiarvo, alennus\/korotus, muutos- ja vertailuprosentti, prosenttiyksikk\u00f6, perusarvo Arki- ja ty\u00f6el\u00e4m\u00e4n talousmatematiikkaa Arvonlis\u00e4vero, lainat ja korko, korkojen korot.","og_url":"https:\/\/blogit.gradia.fi\/mab07\/ops\/","og_site_name":"Prosenttilaskujen osaaminen","article_modified_time":"2021-03-24T12:25:30+00:00","twitter_card":"summary_large_image","twitter_misc":{"Arvioitu lukuaika":"1 minuutti"},"schema":{"@context":"https:\/\/schema.org","@graph":[{"@type":"WebPage","@id":"https:\/\/blogit.gradia.fi\/mab07\/ops\/","url":"https:\/\/blogit.gradia.fi\/mab07\/ops\/","name":"OPS - Prosenttilaskujen osaaminen","isPartOf":{"@id":"https:\/\/blogit.gradia.fi\/mab07\/#website"},"datePublished":"2021-03-24T12:25:29+00:00","dateModified":"2021-03-24T12:25:30+00:00","breadcrumb":{"@id":"https:\/\/blogit.gradia.fi\/mab07\/ops\/#breadcrumb"},"inLanguage":"fi","potentialAction":[{"@type":"ReadAction","target":["https:\/\/blogit.gradia.fi\/mab07\/ops\/"]}]},{"@type":"BreadcrumbList","@id":"https:\/\/blogit.gradia.fi\/mab07\/ops\/#breadcrumb","itemListElement":[{"@type":"ListItem","position":1,"name":"Home","item":"https:\/\/blogit.gradia.fi\/mab07\/"},{"@type":"ListItem","position":2,"name":"OPS"}]},{"@type":"WebSite","@id":"https:\/\/blogit.gradia.fi\/mab07\/#website","url":"https:\/\/blogit.gradia.fi\/mab07\/","name":"Prosenttilaskujen osaaminen","description":"YTO Matematiikka","potentialAction":[{"@type":"SearchAction","target":{"@type":"EntryPoint","urlTemplate":"https:\/\/blogit.gradia.fi\/mab07\/?s={search_term_string}"},"query-input":{"@type":"PropertyValueSpecification","valueRequired":true,"valueName":"search_term_string"}}],"inLanguage":"fi"}]}},"uagb_featured_image_src":{"full":false,"thumbnail":false,"medium":false,"medium_large":false,"large":false,"1536x1536":false,"2048x2048":false,"post-thumbnail":false},"uagb_author_info":{"display_name":"Hannu Tabell","author_link":"https:\/\/blogit.gradia.fi\/mab07\/author\/htabell\/"},"uagb_comment_info":0,"uagb_excerpt":"Opiskelija osaa tehd\u00e4 laskutoimituksia ja mittayksik\u00f6iden muunnoksia soveltaa talousmatematiikkaa oman alan ja arkiel\u00e4m\u00e4n edellytt\u00e4m\u00e4ss\u00e4 laajuudessa arvioida tulosten oikeellisuutta ja suuruusluokkaa sek\u00e4 ratkaisumenetelm\u00e4\u00e4 arvioida oman alan matemaattista osaamistaan. Sis\u00e4lt\u00f6 Oman alan ja arkiel\u00e4m\u00e4n prosenttilaskuja Prosenttiluku, prosenttiarvo, alennus\/korotus, muutos- ja vertailuprosentti, prosenttiyksikk\u00f6, perusarvo Arki- ja ty\u00f6el\u00e4m\u00e4n talousmatematiikkaa Arvonlis\u00e4vero, lainat ja korko, korkojen korot.","_links":{"self":[{"href":"https:\/\/blogit.gradia.fi\/mab07\/wp-json\/wp\/v2\/pages\/33","targetHints":{"allow":["GET"]}}],"collection":[{"href":"https:\/\/blogit.gradia.fi\/mab07\/wp-json\/wp\/v2\/pages"}],"about":[{"href":"https:\/\/blogit.gradia.fi\/mab07\/wp-json\/wp\/v2\/types\/page"}],"author":[{"embeddable":true,"href":"https:\/\/blogit.gradia.fi\/mab07\/wp-json\/wp\/v2\/users\/111"}],"replies":[{"embeddable":true,"href":"https:\/\/blogit.gradia.fi\/mab07\/wp-json\/wp\/v2\/comments?post=33"}],"version-history":[{"count":1,"href":"https:\/\/blogit.gradia.fi\/mab07\/wp-json\/wp\/v2\/pages\/33\/revisions"}],"predecessor-version":[{"id":34,"href":"https:\/\/blogit.gradia.fi\/mab07\/wp-json\/wp\/v2\/pages\/33\/revisions\/34"}],"wp:attachment":[{"href":"https:\/\/blogit.gradia.fi\/mab07\/wp-json\/wp\/v2\/media?parent=33"}],"curies":[{"name":"wp","href":"https:\/\/api.w.org\/{rel}","templated":true}]}}