{"id":120,"date":"2021-03-25T10:12:52","date_gmt":"2021-03-25T08:12:52","guid":{"rendered":"https:\/\/blogit.gradia.fi\/mab07\/?page_id=120"},"modified":"2021-03-26T15:04:10","modified_gmt":"2021-03-26T13:04:10","slug":"verot","status":"publish","type":"page","link":"https:\/\/blogit.gradia.fi\/mab07\/verot\/","title":{"rendered":"Verot"},"content":{"rendered":"\n<p><\/p>\n\n\n\n<p><a href=\"https:\/\/jaofi-my.sharepoint.com\/:b:\/g\/personal\/htabell_gradia_fi\/EcPM0AVXrApDlen3Eb0-Os4BU2iDLAXrmpajVLRwdNRmwA?e=wn3PWj\" target=\"_blank\" rel=\"noreferrer noopener\">Teht\u00e4v\u00e4t<\/a><\/p>\n\n\n\n<p>T\u00e4ss\u00e4 tarkastellaan perusasioita verotuksessa.<\/p>\n\n\n\n<h3 class=\"wp-block-heading\">Termej\u00e4<\/h3>\n\n\n\n<ul class=\"wp-block-list\"><li>Bruttotulo (tai bruttoansio) tarkoittaa tuloa, josta ei ole maksettu veroa.<\/li><li>Nettotulo (tai nettoansio) tarkoittaa tuloa, josta on maksettu vero.<\/li><\/ul>\n\n\n\n<p><strong>Esimerkki 1<\/strong>. Kuinka paljon maksetaan veroa, kun kuukausitulot ovat 1800,00 \u20ac ja veroprosentti on  14 %. Kuinka paljon on nettopalkka?<\/p>\n\n\n\n<p><strong>Ratkaisu<\/strong><br>Bruttotulo on 1800,00 \u20ac. Veron m\u00e4\u00e4r\u00e4 saadaan, kun lasketaan 14 % t\u00e4st\u00e4 m\u00e4\u00e4r\u00e4st\u00e4.<\/p>\n\n\n\n<p><p class=\"ql-center-displayed-equation\" style=\"line-height: 15px;\"><span class=\"ql-right-eqno\"> &nbsp; <\/span><span class=\"ql-left-eqno\"> &nbsp; <\/span><img loading=\"lazy\" decoding=\"async\" src=\"https:\/\/blogit.gradia.fi\/mab07\/wp-content\/ql-cache\/quicklatex.com-ae9a60ad6c6109ad7f0e996515f81b83_l3.png\" height=\"15\" width=\"206\" class=\"ql-img-displayed-equation quicklatex-auto-format\" alt=\"&#92;&#91;&#48;&#123;&#44;&#125;&#49;&#52;&#32;&#92;&#99;&#100;&#111;&#116;&#32;&#49;&#56;&#48;&#48;&#123;&#44;&#125;&#48;&#48;&#92;&#32;&#92;&#69;&#85;&#82;&#32;&#61;&#32;&#50;&#53;&#50;&#44;&#48;&#48;&#92;&#32;&#92;&#69;&#85;&#82;&#92;&#93;\" title=\"Rendered by QuickLaTeX.com\"\/><\/p><\/p>\n\n\n\n<p>Nettopalkka on<br><p class=\"ql-center-displayed-equation\" style=\"line-height: 15px;\"><span class=\"ql-right-eqno\"> &nbsp; <\/span><span class=\"ql-left-eqno\"> &nbsp; <\/span><img loading=\"lazy\" decoding=\"async\" src=\"https:\/\/blogit.gradia.fi\/mab07\/wp-content\/ql-cache\/quicklatex.com-fd0790ce8d281d733f0509ab8e0a53fe_l3.png\" height=\"15\" width=\"251\" class=\"ql-img-displayed-equation quicklatex-auto-format\" alt=\"&#92;&#91;&#49;&#56;&#48;&#48;&#123;&#44;&#125;&#48;&#48;&#92;&#32;&#92;&#69;&#85;&#82;&#32;&#45;&#32;&#50;&#53;&#50;&#123;&#44;&#125;&#48;&#48;&#92;&#32;&#92;&#69;&#85;&#82;&#32;&#61;&#32;&#49;&#53;&#52;&#56;&#123;&#44;&#125;&#48;&#48;&#92;&#32;&#92;&#69;&#85;&#82;&#92;&#93;\" title=\"Rendered by QuickLaTeX.com\"\/><\/p><\/p>\n\n\n\n<p><strong>Vastaus<\/strong>: Veron m\u00e4\u00e4r\u00e4 on 252,00 \u20ac ja nettopalkka on 1548,00 \u20ac.<\/p>\n\n\n\n<p><strong>Esimerkki 2<\/strong>. Bruttopalkka on 2100,00 \u20ac, josta maksetaan veroa 300,50 \u20ac. Kuinka paljon on nettopalkka ja kuinka suuri on veroprosentti?<\/p>\n\n\n\n<p><strong>Ratkaisu<\/strong><br>Nelttopalkka saadaan v\u00e4h\u00e4nt\u00e4m\u00e4ll\u00e4 bruttopalkasta veron m\u00e4\u00e4r\u00e4.<\/p>\n\n\n\n<p><p class=\"ql-center-displayed-equation\" style=\"line-height: 15px;\"><span class=\"ql-right-eqno\"> &nbsp; <\/span><span class=\"ql-left-eqno\"> &nbsp; <\/span><img loading=\"lazy\" decoding=\"async\" src=\"https:\/\/blogit.gradia.fi\/mab07\/wp-content\/ql-cache\/quicklatex.com-34ce7aa2ec1d1e4f6001d0f40c31d4cf_l3.png\" height=\"15\" width=\"252\" class=\"ql-img-displayed-equation quicklatex-auto-format\" alt=\"&#92;&#91;&#50;&#49;&#48;&#48;&#123;&#44;&#125;&#48;&#48;&#92;&#32;&#92;&#69;&#85;&#82;&#32;&#45;&#32;&#50;&#56;&#49;&#123;&#44;&#125;&#53;&#48;&#92;&#32;&#92;&#69;&#85;&#82;&#32;&#61;&#32;&#49;&#55;&#57;&#57;&#123;&#44;&#125;&#53;&#48;&#92;&#32;&#92;&#69;&#85;&#82;&#92;&#93;\" title=\"Rendered by QuickLaTeX.com\"\/><\/p><\/p>\n\n\n\n<p>Veroprosentti saadaan laskemalla, kuinka monta prosenttia veron m\u00e4\u00e4r\u00e4 eli 300,50 \u20ac on bruttopalkasta.<\/p>\n\n\n\n<p><p class=\"ql-center-displayed-equation\" style=\"line-height: 39px;\"><span class=\"ql-right-eqno\"> &nbsp; <\/span><span class=\"ql-left-eqno\"> &nbsp; <\/span><img loading=\"lazy\" decoding=\"async\" src=\"https:\/\/blogit.gradia.fi\/mab07\/wp-content\/ql-cache\/quicklatex.com-1b54f6ff33a4c94de3c18ffc43c4aebd_l3.png\" height=\"39\" width=\"281\" class=\"ql-img-displayed-equation quicklatex-auto-format\" alt=\"&#92;&#91;&#92;&#102;&#114;&#97;&#99;&#123;&#51;&#48;&#48;&#123;&#44;&#125;&#53;&#48;&#92;&#32;&#92;&#116;&#101;&#120;&#116;&#123;&#101;&#125;&#125;&#123;&#50;&#49;&#48;&#48;&#123;&#44;&#125;&#48;&#48;&#92;&#32;&#92;&#116;&#101;&#120;&#116;&#123;&#101;&#125;&#125;&#32;&#92;&#99;&#100;&#111;&#116;&#32;&#49;&#48;&#48;&#92;&#32;&#92;&#37;&#32;&#61;&#32;&#49;&#54;&#123;&#44;&#125;&#54;&#57;&#48;&#92;&#32;&#92;&#37;&#32;&#92;&#97;&#112;&#112;&#114;&#111;&#120;&#32;&#49;&#54;&#123;&#44;&#125;&#55;&#92;&#32;&#92;&#37;&#92;&#93;\" title=\"Rendered by QuickLaTeX.com\"\/><\/p><\/p>\n\n\n\n<p><strong>Vastaus<\/strong>: Veroprosentti on 16,7 %.<\/p>\n\n\n\n<h3 class=\"wp-block-heading\">Valtion tuloverotaulukko<\/h3>\n\n\n\n<p>Vuoden 2021 valtion tuloverotaulukko on seuraava:<\/p>\n\n\n\n<div class=\"wp-block-image\"><figure class=\"aligncenter size-large\"><img loading=\"lazy\" decoding=\"async\" width=\"554\" height=\"218\" src=\"https:\/\/blogit.gradia.fi\/mab07\/wp-content\/uploads\/sites\/137\/2021\/03\/tulovero.png\" alt=\"\" class=\"wp-image-127\" srcset=\"https:\/\/blogit.gradia.fi\/mab07\/wp-content\/uploads\/sites\/137\/2021\/03\/tulovero.png 554w, https:\/\/blogit.gradia.fi\/mab07\/wp-content\/uploads\/sites\/137\/2021\/03\/tulovero-300x118.png 300w\" sizes=\"auto, (max-width: 554px) 100vw, 554px\" \/><figcaption>Kuvakaappaus valtion tuloverotaulukosta. L\u00e4hde VM. <a href=\"https:\/\/vm.fi\/documents\/10623\/307601\/Valtion+progressiivinen+tuloveroasteikko+2021.pdf\/e03fedec-b6a7-0061-6954-bf14a9a70d3b\/Valtion+progressiivinen+tuloveroasteikko+2021.pdf?t=1601886199009\" target=\"_blank\" rel=\"noreferrer noopener\">https:\/\/vm.fi\/documents\/10623\/307601\/Valtion+progressiivinen+tuloveroasteikko+2021.pdf\/e03fedec-b6a7-0061-6954-bf14a9a70d3b\/Valtion+progressiivinen+tuloveroasteikko+2021.pdf?t=1601886199009<\/a><\/figcaption><\/figure><\/div>\n\n\n\n<p><strong>Esimerkki 3<\/strong>. Henkil\u00f6n verotettava ansiotulo on 30100 \u20ac. Kuinka paljon valtionveroa maksetaan tuloverotaulukon mukaan?<\/p>\n\n\n\n<p><strong>Ratkaisu<\/strong>:<br>Ansiotulo 30100 \u20ac katsotaan rivilt\u00e4, jossa on lukemat 27900 \u20ac &lt;&#8211;&gt; 566 \u20ac &lt;&#8211;&gt; 17,25 %. <\/p>\n\n\n\n<p>Kun ansitulo on v\u00e4hint\u00e4\u00e4n 27900 \u20ac, mutta ei kuitenkaan 45900 \u20ac, siit\u00e4 m\u00e4\u00e4r\u00e4st\u00e4 maksetaan veroa 566 \u20ac.<\/p>\n\n\n\n<p>Kun ansiotulo t\u00e4ss\u00e4 tapauksessa ylitt\u00e4\u00e4 27900 \u20ac, lasketaan kuinka monta euroa t\u00e4m\u00e4n yli saadaan ansiotuloa:<\/p>\n\n\n\n<p><p class=\"ql-center-displayed-equation\" style=\"line-height: 13px;\"><span class=\"ql-right-eqno\"> &nbsp; <\/span><span class=\"ql-left-eqno\"> &nbsp; <\/span><img loading=\"lazy\" decoding=\"async\" src=\"https:\/\/blogit.gradia.fi\/mab07\/wp-content\/ql-cache\/quicklatex.com-7eb96d6849e167601dc4ae30b03935e3_l3.png\" height=\"13\" width=\"213\" class=\"ql-img-displayed-equation quicklatex-auto-format\" alt=\"&#92;&#91;&#51;&#48;&#49;&#48;&#48;&#92;&#32;&#92;&#69;&#85;&#82;&#32;&#45;&#32;&#50;&#55;&#57;&#48;&#48;&#92;&#32;&#92;&#69;&#85;&#82;&#32;&#61;&#32;&#50;&#50;&#48;&#48;&#92;&#32;&#92;&#69;&#85;&#82;&#92;&#93;\" title=\"Rendered by QuickLaTeX.com\"\/><\/p><\/p>\n\n\n\n<p>T\u00e4st\u00e4 m\u00e4\u00e4r\u00e4st\u00e4 maksetaan veroa 17,25 %.<\/p>\n\n\n\n<p><p class=\"ql-center-displayed-equation\" style=\"line-height: 15px;\"><span class=\"ql-right-eqno\"> &nbsp; <\/span><span class=\"ql-left-eqno\"> &nbsp; <\/span><img loading=\"lazy\" decoding=\"async\" src=\"https:\/\/blogit.gradia.fi\/mab07\/wp-content\/ql-cache\/quicklatex.com-ef1120987eca2651ed040dbab33cb102_l3.png\" height=\"15\" width=\"199\" class=\"ql-img-displayed-equation quicklatex-auto-format\" alt=\"&#92;&#91;&#48;&#123;&#44;&#125;&#49;&#55;&#50;&#53;&#32;&#92;&#99;&#100;&#111;&#116;&#32;&#50;&#50;&#48;&#48;&#92;&#32;&#92;&#69;&#85;&#82;&#32;&#61;&#32;&#51;&#55;&#57;&#123;&#44;&#125;&#53;&#48;&#92;&#32;&#92;&#69;&#85;&#82;&#92;&#93;\" title=\"Rendered by QuickLaTeX.com\"\/><\/p><\/p>\n\n\n\n<p>Yhteens\u00e4 veroa maksetaan<\/p>\n\n\n\n<p><p class=\"ql-center-displayed-equation\" style=\"line-height: 15px;\"><span class=\"ql-right-eqno\"> &nbsp; <\/span><span class=\"ql-left-eqno\"> &nbsp; <\/span><img loading=\"lazy\" decoding=\"async\" src=\"https:\/\/blogit.gradia.fi\/mab07\/wp-content\/ql-cache\/quicklatex.com-4dc55806873b8e168fc0cd2b627e80f8_l3.png\" height=\"15\" width=\"212\" class=\"ql-img-displayed-equation quicklatex-auto-format\" alt=\"&#92;&#91;&#53;&#54;&#54;&#92;&#32;&#92;&#69;&#85;&#82;&#32;&#43;&#32;&#51;&#55;&#57;&#123;&#44;&#125;&#53;&#48;&#92;&#32;&#92;&#69;&#85;&#82;&#32;&#61;&#32;&#57;&#52;&#53;&#123;&#44;&#125;&#53;&#48;&#92;&#32;&#92;&#69;&#85;&#82;&#92;&#93;\" title=\"Rendered by QuickLaTeX.com\"\/><\/p><\/p>\n\n\n\n<p><strong>Vastaus<\/strong>: Valtionveroa maksetaan 945,50 \u20ac.<\/p>\n\n\n\n<h3 class=\"wp-block-heading\">Ansiotulon perusverokorttiesimerkki<\/h3>\n\n\n\n<p>Osoitteessa <a href=\"https:\/\/www.vero.fi\/globalassets\/perusverokortti-palkka_2021.pdf\" target=\"_blank\" rel=\"noreferrer noopener\">https:\/\/www.vero.fi\/globalassets\/perusverokortti-palkka_2021.pdf<\/a> on verohallinnon julkaisema esimerkki perusverokortista. Alla oleva kuvakaappaus on siit\u00e4.<\/p>\n\n\n\n<div class=\"wp-block-image\"><figure class=\"aligncenter size-large\"><img loading=\"lazy\" decoding=\"async\" width=\"522\" height=\"470\" src=\"https:\/\/blogit.gradia.fi\/mab07\/wp-content\/uploads\/sites\/137\/2021\/03\/perusverkortti-1.png\" alt=\"\" class=\"wp-image-139\" srcset=\"https:\/\/blogit.gradia.fi\/mab07\/wp-content\/uploads\/sites\/137\/2021\/03\/perusverkortti-1.png 522w, https:\/\/blogit.gradia.fi\/mab07\/wp-content\/uploads\/sites\/137\/2021\/03\/perusverkortti-1-300x270.png 300w\" sizes=\"auto, (max-width: 522px) 100vw, 522px\" \/><figcaption>Perusverokotti. L\u00e4hde <a href=\"https:\/\/www.vero.fi\/globalassets\/perusverokortti-palkka_2021.pdf\" target=\"_blank\" rel=\"noreferrer noopener\">https:\/\/www.vero.fi\/globalassets\/perusverokortti-palkka_2021.pdf<\/a><\/figcaption><\/figure><\/div>\n\n\n\n<p>Ajalla 01.02.2021-31.12.2021 ovat voimassa ennakonpid\u00e4tysprosentti 18,00, tuloraja 37720,00 \u20ac ja lis\u00e4prosentti 37,5.<\/p>\n\n\n\n<p>Koko vuoden arvioidut tulot ovat 41000,00 \u20ac.  T\u00e4m\u00e4 vastaa 12,5 kuukauden palkkaa, jossa on mukana 0,5 kuukauden suuruiseksi arvioitu lomaraha.<\/p>\n\n\n\n<p>Jakamalla 41000,00 \u20ac luvulla 12,5 ja kertomalla saatu luku 11,5:ll\u00e4 saadaan esimerkiss\u00e4 oleva tuloraja 37720,00 \u20ac.<\/p>\n\n\n\n<p><p class=\"ql-center-displayed-equation\" style=\"line-height: 39px;\"><span class=\"ql-right-eqno\"> &nbsp; <\/span><span class=\"ql-left-eqno\"> &nbsp; <\/span><img loading=\"lazy\" decoding=\"async\" src=\"https:\/\/blogit.gradia.fi\/mab07\/wp-content\/ql-cache\/quicklatex.com-a6a7686eda8291cbc24a3aa9a68c43af_l3.png\" height=\"39\" width=\"179\" class=\"ql-img-displayed-equation quicklatex-auto-format\" alt=\"&#92;&#91;&#92;&#102;&#114;&#97;&#99;&#123;&#52;&#49;&#48;&#48;&#48;&#123;&#44;&#125;&#48;&#48;&#92;&#32;&#92;&#69;&#85;&#82;&#125;&#123;&#49;&#50;&#123;&#44;&#125;&#53;&#125;&#32;&#61;&#32;&#51;&#50;&#56;&#48;&#123;&#44;&#125;&#48;&#48;&#92;&#32;&#92;&#69;&#85;&#82;&#92;&#93;\" title=\"Rendered by QuickLaTeX.com\"\/><\/p><br><p class=\"ql-center-displayed-equation\" style=\"line-height: 15px;\"><span class=\"ql-right-eqno\"> &nbsp; <\/span><span class=\"ql-left-eqno\"> &nbsp; <\/span><img loading=\"lazy\" decoding=\"async\" src=\"https:\/\/blogit.gradia.fi\/mab07\/wp-content\/ql-cache\/quicklatex.com-9d210ddfe04ee9ae7d091ee27862180d_l3.png\" height=\"15\" width=\"220\" class=\"ql-img-displayed-equation quicklatex-auto-format\" alt=\"&#92;&#91;&#49;&#49;&#123;&#44;&#125;&#53;&#32;&#92;&#99;&#100;&#111;&#116;&#32;&#51;&#50;&#56;&#48;&#123;&#44;&#125;&#48;&#48;&#92;&#32;&#92;&#69;&#85;&#82;&#32;&#61;&#32;&#51;&#55;&#55;&#50;&#48;&#123;&#44;&#125;&#48;&#48;&#92;&#32;&#92;&#69;&#85;&#82;&#92;&#93;\" title=\"Rendered by QuickLaTeX.com\"\/><\/p><\/p>\n\n\n\n<p>Jos 01.02.2021-31.12.2021 henkil\u00f6n verotettavat tulot eiv\u00e4t ylit\u00e4 tulorajaa 37720,00 \u20ac, h\u00e4n maksaa palkastaan  veroa (kuukausittain) 18,0 %. <\/p>\n\n\n\n<p>Jos tulot ylitt\u00e4v\u00e4t 37720,00 \u20ac, ylimenev\u00e4st\u00e4 m\u00e4\u00e4r\u00e4st\u00e4 maksetaan veroa lis\u00e4prosentin 37,5 mukaan.<\/p>\n\n\n\n<p>Olkoon tulokertym\u00e4 tuolla ajalla esimerkiksi 38000,00 \u20ac. <\/p>\n\n\n\n<p>Tuloraja ylittyy <\/p>\n\n\n\n<p><p class=\"ql-center-displayed-equation\" style=\"line-height: 15px;\"><span class=\"ql-right-eqno\"> &nbsp; <\/span><span class=\"ql-left-eqno\"> &nbsp; <\/span><img loading=\"lazy\" decoding=\"async\" src=\"https:\/\/blogit.gradia.fi\/mab07\/wp-content\/ql-cache\/quicklatex.com-161841449eec33b9ca766c4b95da6cb9_l3.png\" height=\"15\" width=\"258\" class=\"ql-img-displayed-equation quicklatex-auto-format\" alt=\"&#92;&#91;&#51;&#56;&#48;&#48;&#48;&#123;&#44;&#125;&#48;&#48;&#92;&#32;&#92;&#69;&#85;&#32;&#45;&#32;&#51;&#55;&#55;&#50;&#48;&#123;&#44;&#125;&#48;&#48;&#92;&#32;&#92;&#69;&#85;&#82;&#32;&#61;&#32;&#50;&#56;&#48;&#123;&#44;&#125;&#48;&#48;&#92;&#32;&#92;&#69;&#85;&#82;&#92;&#93;\" title=\"Rendered by QuickLaTeX.com\"\/><\/p><\/p>\n\n\n\n<p>T\u00e4st\u00e4 maksetaan veroa<\/p>\n\n\n\n<p><p class=\"ql-center-displayed-equation\" style=\"line-height: 15px;\"><span class=\"ql-right-eqno\"> &nbsp; <\/span><span class=\"ql-left-eqno\"> &nbsp; <\/span><img loading=\"lazy\" decoding=\"async\" src=\"https:\/\/blogit.gradia.fi\/mab07\/wp-content\/ql-cache\/quicklatex.com-21daddbf094373c370e7dec114904092_l3.png\" height=\"15\" width=\"203\" class=\"ql-img-displayed-equation quicklatex-auto-format\" alt=\"&#92;&#91;&#48;&#123;&#44;&#125;&#51;&#55;&#53;&#32;&#92;&#99;&#100;&#111;&#116;&#32;&#50;&#56;&#48;&#123;&#44;&#125;&#48;&#48;&#92;&#32;&#92;&#69;&#85;&#82;&#32;&#61;&#32;&#49;&#48;&#53;&#123;&#44;&#125;&#48;&#48;&#92;&#32;&#92;&#69;&#85;&#82;&#92;&#93;\" title=\"Rendered by QuickLaTeX.com\"\/><\/p><\/p>\n\n\n\n<p>T\u00e4llainen tilanne voi tulla, kun palkaa muuttuu vuoden kuluessa, eik\u00e4 ole osannut arvioida alkuvuonna koko vuoden tulokertym\u00e4\u00e4ns\u00e4.<\/p>\n","protected":false},"excerpt":{"rendered":"<p>Teht\u00e4v\u00e4t T\u00e4ss\u00e4 tarkastellaan perusasioita verotuksessa. Termej\u00e4 Bruttotulo (tai bruttoansio) tarkoittaa tuloa, josta ei ole maksettu veroa. Nettotulo (tai nettoansio) tarkoittaa tuloa, josta on maksettu vero. Esimerkki 1. Kuinka paljon maksetaan veroa, kun kuukausitulot ovat 1800,00 \u20ac ja veroprosentti on 14 %. Kuinka paljon on nettopalkka? RatkaisuBruttotulo on 1800,00 \u20ac. Veron m\u00e4\u00e4r\u00e4 saadaan, kun lasketaan 14 &hellip; <a href=\"https:\/\/blogit.gradia.fi\/mab07\/verot\/\" class=\"more-link\">Jatka lukemista <span class=\"screen-reader-text\">Verot<\/span> <span class=\"meta-nav\">&rarr;<\/span><\/a><\/p>\n","protected":false},"author":111,"featured_media":0,"parent":0,"menu_order":0,"comment_status":"closed","ping_status":"closed","template":"","meta":{"_uag_custom_page_level_css":"","footnotes":""},"class_list":["post-120","page","type-page","status-publish","hentry"],"yoast_head":"<!-- This site is optimized with the Yoast SEO plugin v27.4 - https:\/\/yoast.com\/product\/yoast-seo-wordpress\/ -->\n<title>Verot - Prosenttilaskujen osaaminen<\/title>\n<meta name=\"robots\" content=\"index, follow, max-snippet:-1, max-image-preview:large, max-video-preview:-1\" \/>\n<link rel=\"canonical\" href=\"https:\/\/blogit.gradia.fi\/mab07\/verot\/\" \/>\n<meta property=\"og:locale\" content=\"fi_FI\" \/>\n<meta property=\"og:type\" content=\"article\" \/>\n<meta property=\"og:title\" content=\"Verot - Prosenttilaskujen osaaminen\" \/>\n<meta property=\"og:description\" content=\"Teht\u00e4v\u00e4t T\u00e4ss\u00e4 tarkastellaan perusasioita verotuksessa. Termej\u00e4 Bruttotulo (tai bruttoansio) tarkoittaa tuloa, josta ei ole maksettu veroa. Nettotulo (tai nettoansio) tarkoittaa tuloa, josta on maksettu vero. Esimerkki 1. Kuinka paljon maksetaan veroa, kun kuukausitulot ovat 1800,00 \u20ac ja veroprosentti on 14 %. Kuinka paljon on nettopalkka? RatkaisuBruttotulo on 1800,00 \u20ac. Veron m\u00e4\u00e4r\u00e4 saadaan, kun lasketaan 14 &hellip; Jatka lukemista Verot &rarr;\" \/>\n<meta property=\"og:url\" content=\"https:\/\/blogit.gradia.fi\/mab07\/verot\/\" \/>\n<meta property=\"og:site_name\" content=\"Prosenttilaskujen osaaminen\" \/>\n<meta property=\"article:modified_time\" content=\"2021-03-26T13:04:10+00:00\" \/>\n<meta property=\"og:image\" content=\"https:\/\/blogit.gradia.fi\/mab07\/wp-content\/uploads\/sites\/137\/2021\/03\/tulovero.png\" \/>\n<meta name=\"twitter:card\" content=\"summary_large_image\" \/>\n<meta name=\"twitter:label1\" content=\"Arvioitu lukuaika\" \/>\n\t<meta name=\"twitter:data1\" content=\"3 minuuttia\" \/>\n<script type=\"application\/ld+json\" class=\"yoast-schema-graph\">{\"@context\":\"https:\\\/\\\/schema.org\",\"@graph\":[{\"@type\":\"WebPage\",\"@id\":\"https:\\\/\\\/blogit.gradia.fi\\\/mab07\\\/verot\\\/\",\"url\":\"https:\\\/\\\/blogit.gradia.fi\\\/mab07\\\/verot\\\/\",\"name\":\"Verot - Prosenttilaskujen osaaminen\",\"isPartOf\":{\"@id\":\"https:\\\/\\\/blogit.gradia.fi\\\/mab07\\\/#website\"},\"primaryImageOfPage\":{\"@id\":\"https:\\\/\\\/blogit.gradia.fi\\\/mab07\\\/verot\\\/#primaryimage\"},\"image\":{\"@id\":\"https:\\\/\\\/blogit.gradia.fi\\\/mab07\\\/verot\\\/#primaryimage\"},\"thumbnailUrl\":\"https:\\\/\\\/blogit.gradia.fi\\\/mab07\\\/wp-content\\\/uploads\\\/sites\\\/137\\\/2021\\\/03\\\/tulovero.png\",\"datePublished\":\"2021-03-25T08:12:52+00:00\",\"dateModified\":\"2021-03-26T13:04:10+00:00\",\"breadcrumb\":{\"@id\":\"https:\\\/\\\/blogit.gradia.fi\\\/mab07\\\/verot\\\/#breadcrumb\"},\"inLanguage\":\"fi\",\"potentialAction\":[{\"@type\":\"ReadAction\",\"target\":[\"https:\\\/\\\/blogit.gradia.fi\\\/mab07\\\/verot\\\/\"]}]},{\"@type\":\"ImageObject\",\"inLanguage\":\"fi\",\"@id\":\"https:\\\/\\\/blogit.gradia.fi\\\/mab07\\\/verot\\\/#primaryimage\",\"url\":\"https:\\\/\\\/blogit.gradia.fi\\\/mab07\\\/wp-content\\\/uploads\\\/sites\\\/137\\\/2021\\\/03\\\/tulovero.png\",\"contentUrl\":\"https:\\\/\\\/blogit.gradia.fi\\\/mab07\\\/wp-content\\\/uploads\\\/sites\\\/137\\\/2021\\\/03\\\/tulovero.png\",\"width\":554,\"height\":218},{\"@type\":\"BreadcrumbList\",\"@id\":\"https:\\\/\\\/blogit.gradia.fi\\\/mab07\\\/verot\\\/#breadcrumb\",\"itemListElement\":[{\"@type\":\"ListItem\",\"position\":1,\"name\":\"Home\",\"item\":\"https:\\\/\\\/blogit.gradia.fi\\\/mab07\\\/\"},{\"@type\":\"ListItem\",\"position\":2,\"name\":\"Verot\"}]},{\"@type\":\"WebSite\",\"@id\":\"https:\\\/\\\/blogit.gradia.fi\\\/mab07\\\/#website\",\"url\":\"https:\\\/\\\/blogit.gradia.fi\\\/mab07\\\/\",\"name\":\"Prosenttilaskujen osaaminen\",\"description\":\"YTO Matematiikka\",\"potentialAction\":[{\"@type\":\"SearchAction\",\"target\":{\"@type\":\"EntryPoint\",\"urlTemplate\":\"https:\\\/\\\/blogit.gradia.fi\\\/mab07\\\/?s={search_term_string}\"},\"query-input\":{\"@type\":\"PropertyValueSpecification\",\"valueRequired\":true,\"valueName\":\"search_term_string\"}}],\"inLanguage\":\"fi\"}]}<\/script>\n<!-- \/ Yoast SEO plugin. -->","yoast_head_json":{"title":"Verot - Prosenttilaskujen osaaminen","robots":{"index":"index","follow":"follow","max-snippet":"max-snippet:-1","max-image-preview":"max-image-preview:large","max-video-preview":"max-video-preview:-1"},"canonical":"https:\/\/blogit.gradia.fi\/mab07\/verot\/","og_locale":"fi_FI","og_type":"article","og_title":"Verot - Prosenttilaskujen osaaminen","og_description":"Teht\u00e4v\u00e4t T\u00e4ss\u00e4 tarkastellaan perusasioita verotuksessa. Termej\u00e4 Bruttotulo (tai bruttoansio) tarkoittaa tuloa, josta ei ole maksettu veroa. Nettotulo (tai nettoansio) tarkoittaa tuloa, josta on maksettu vero. Esimerkki 1. Kuinka paljon maksetaan veroa, kun kuukausitulot ovat 1800,00 \u20ac ja veroprosentti on 14 %. Kuinka paljon on nettopalkka? RatkaisuBruttotulo on 1800,00 \u20ac. Veron m\u00e4\u00e4r\u00e4 saadaan, kun lasketaan 14 &hellip; Jatka lukemista Verot &rarr;","og_url":"https:\/\/blogit.gradia.fi\/mab07\/verot\/","og_site_name":"Prosenttilaskujen osaaminen","article_modified_time":"2021-03-26T13:04:10+00:00","og_image":[{"url":"https:\/\/blogit.gradia.fi\/mab07\/wp-content\/uploads\/sites\/137\/2021\/03\/tulovero.png","type":"","width":"","height":""}],"twitter_card":"summary_large_image","twitter_misc":{"Arvioitu lukuaika":"3 minuuttia"},"schema":{"@context":"https:\/\/schema.org","@graph":[{"@type":"WebPage","@id":"https:\/\/blogit.gradia.fi\/mab07\/verot\/","url":"https:\/\/blogit.gradia.fi\/mab07\/verot\/","name":"Verot - Prosenttilaskujen osaaminen","isPartOf":{"@id":"https:\/\/blogit.gradia.fi\/mab07\/#website"},"primaryImageOfPage":{"@id":"https:\/\/blogit.gradia.fi\/mab07\/verot\/#primaryimage"},"image":{"@id":"https:\/\/blogit.gradia.fi\/mab07\/verot\/#primaryimage"},"thumbnailUrl":"https:\/\/blogit.gradia.fi\/mab07\/wp-content\/uploads\/sites\/137\/2021\/03\/tulovero.png","datePublished":"2021-03-25T08:12:52+00:00","dateModified":"2021-03-26T13:04:10+00:00","breadcrumb":{"@id":"https:\/\/blogit.gradia.fi\/mab07\/verot\/#breadcrumb"},"inLanguage":"fi","potentialAction":[{"@type":"ReadAction","target":["https:\/\/blogit.gradia.fi\/mab07\/verot\/"]}]},{"@type":"ImageObject","inLanguage":"fi","@id":"https:\/\/blogit.gradia.fi\/mab07\/verot\/#primaryimage","url":"https:\/\/blogit.gradia.fi\/mab07\/wp-content\/uploads\/sites\/137\/2021\/03\/tulovero.png","contentUrl":"https:\/\/blogit.gradia.fi\/mab07\/wp-content\/uploads\/sites\/137\/2021\/03\/tulovero.png","width":554,"height":218},{"@type":"BreadcrumbList","@id":"https:\/\/blogit.gradia.fi\/mab07\/verot\/#breadcrumb","itemListElement":[{"@type":"ListItem","position":1,"name":"Home","item":"https:\/\/blogit.gradia.fi\/mab07\/"},{"@type":"ListItem","position":2,"name":"Verot"}]},{"@type":"WebSite","@id":"https:\/\/blogit.gradia.fi\/mab07\/#website","url":"https:\/\/blogit.gradia.fi\/mab07\/","name":"Prosenttilaskujen osaaminen","description":"YTO Matematiikka","potentialAction":[{"@type":"SearchAction","target":{"@type":"EntryPoint","urlTemplate":"https:\/\/blogit.gradia.fi\/mab07\/?s={search_term_string}"},"query-input":{"@type":"PropertyValueSpecification","valueRequired":true,"valueName":"search_term_string"}}],"inLanguage":"fi"}]}},"uagb_featured_image_src":{"full":false,"thumbnail":false,"medium":false,"medium_large":false,"large":false,"1536x1536":false,"2048x2048":false,"post-thumbnail":false},"uagb_author_info":{"display_name":"Hannu Tabell","author_link":"https:\/\/blogit.gradia.fi\/mab07\/author\/htabell\/"},"uagb_comment_info":0,"uagb_excerpt":"Teht\u00e4v\u00e4t T\u00e4ss\u00e4 tarkastellaan perusasioita verotuksessa. Termej\u00e4 Bruttotulo (tai bruttoansio) tarkoittaa tuloa, josta ei ole maksettu veroa. Nettotulo (tai nettoansio) tarkoittaa tuloa, josta on maksettu vero. Esimerkki 1. Kuinka paljon maksetaan veroa, kun kuukausitulot ovat 1800,00 \u20ac ja veroprosentti on 14 %. Kuinka paljon on nettopalkka? RatkaisuBruttotulo on 1800,00 \u20ac. Veron m\u00e4\u00e4r\u00e4 saadaan, kun lasketaan 14&hellip;","_links":{"self":[{"href":"https:\/\/blogit.gradia.fi\/mab07\/wp-json\/wp\/v2\/pages\/120","targetHints":{"allow":["GET"]}}],"collection":[{"href":"https:\/\/blogit.gradia.fi\/mab07\/wp-json\/wp\/v2\/pages"}],"about":[{"href":"https:\/\/blogit.gradia.fi\/mab07\/wp-json\/wp\/v2\/types\/page"}],"author":[{"embeddable":true,"href":"https:\/\/blogit.gradia.fi\/mab07\/wp-json\/wp\/v2\/users\/111"}],"replies":[{"embeddable":true,"href":"https:\/\/blogit.gradia.fi\/mab07\/wp-json\/wp\/v2\/comments?post=120"}],"version-history":[{"count":18,"href":"https:\/\/blogit.gradia.fi\/mab07\/wp-json\/wp\/v2\/pages\/120\/revisions"}],"predecessor-version":[{"id":193,"href":"https:\/\/blogit.gradia.fi\/mab07\/wp-json\/wp\/v2\/pages\/120\/revisions\/193"}],"wp:attachment":[{"href":"https:\/\/blogit.gradia.fi\/mab07\/wp-json\/wp\/v2\/media?parent=120"}],"curies":[{"name":"wp","href":"https:\/\/api.w.org\/{rel}","templated":true}]}}