{"id":809,"date":"2021-01-05T14:44:00","date_gmt":"2021-01-05T12:44:00","guid":{"rendered":"https:\/\/blogit.gradia.fi\/lukiolaisettyoelamaan\/?page_id=809"},"modified":"2021-01-05T15:03:44","modified_gmt":"2021-01-05T13:03:44","slug":"oy-kampaamo-verstas-jos-innostut-trendeista-ja-kasilla-tekeminen-on-sun-juttu-hiusala-on-hyva-valinta%e2%80%af","status":"publish","type":"page","link":"https:\/\/blogit.gradia.fi\/lukiolaisettyoelamaan\/oy-kampaamo-verstas-jos-innostut-trendeista-ja-kasilla-tekeminen-on-sun-juttu-hiusala-on-hyva-valinta%e2%80%af\/","title":{"rendered":"Kampaamo Verstas: Jos innostut trendeist\u00e4 ja k\u00e4sill\u00e4 tekeminen on sun juttu, hiusala on hyv\u00e4 valinta!\u202f"},"content":{"rendered":"\n<figure class=\"wp-block-image size-large\"><img loading=\"lazy\" decoding=\"async\" width=\"1024\" height=\"677\" src=\"https:\/\/blogit.gradia.fi\/lukiolaisettyoelamaan\/wp-content\/uploads\/sites\/169\/2021\/01\/Verstas-1024x677.png\" alt=\"\" class=\"wp-image-810\" srcset=\"https:\/\/blogit.gradia.fi\/lukiolaisettyoelamaan\/wp-content\/uploads\/sites\/169\/2021\/01\/Verstas-1024x677.png 1024w, https:\/\/blogit.gradia.fi\/lukiolaisettyoelamaan\/wp-content\/uploads\/sites\/169\/2021\/01\/Verstas-300x198.png 300w, https:\/\/blogit.gradia.fi\/lukiolaisettyoelamaan\/wp-content\/uploads\/sites\/169\/2021\/01\/Verstas-768x508.png 768w, https:\/\/blogit.gradia.fi\/lukiolaisettyoelamaan\/wp-content\/uploads\/sites\/169\/2021\/01\/Verstas.png 1274w\" sizes=\"auto, (max-width: 1024px) 100vw, 1024px\" \/><\/figure>\n\n\n\n<h3 class=\"wp-block-heading\">Oy Kampaamo Verstas<\/h3>\n\n\n\n<p>Kampaamo Verstas on vuonna 2008 perustettu&nbsp;yritys,&nbsp;jonka toimenkuvaan kuuluvat kaikki&nbsp;parturi- ja&nbsp;kampaamoalan ty\u00f6t ja koulutus sek\u00e4 kampaamotuotteiden tukkumyynti. Meille kaikille Verstaan kampaajille&nbsp;on erityisen t\u00e4rke\u00e4\u00e4 pit\u00e4\u00e4&nbsp;<strong>ammattitaitomme huipputasolla<\/strong>,&nbsp;mink\u00e4 takaamme&nbsp;<strong>jatkuvalla kouluttautumisella<\/strong>. Valikoimme kouluttajiksemme sek\u00e4 Suomen ett\u00e4 maailman huippunimi\u00e4.&nbsp;<\/p>\n\n\n\n<p>Tiimimme k\u00e4ytt\u00e4\u00e4 laadukkaita, trendikk\u00e4it\u00e4 ja suomalaisia kampaamotuotteita. Meille on my\u00f6s t\u00e4rke\u00e4\u00e4 se, ett\u00e4 tuotteidemme valmistuksessa on&nbsp;<strong>vastuullisesti otettu huomioon ymp\u00e4rist\u00f6.<\/strong>&nbsp;<\/p>\n\n\n\n<p>Toimintaamme ohjaavat keskeiset periaatteet ja arvot ovat&nbsp;<strong>tuottavuus, laatu, ty\u00f6yhteis\u00f6n&nbsp;kannustaminen ja hyvinvointi.&nbsp;\u202f\u202f<\/strong>&nbsp;<\/p>\n\n\n\n<p>Rekrytointien yhteydess\u00e4 korostamme erityisesti&nbsp;<strong>sosiaalisuutta ja motivaatiota<\/strong>.\u202f\u202f\u202f\u202f&nbsp;<\/p>\n\n\n\n<p>Viestini nuorille, jotka ovat kiinnostuneita yrityksemme toimialasta:&nbsp;<strong>Kampaamoala vaatii jatkuvaa itsens\u00e4 kehitt\u00e4mist\u00e4 ja uuden oppimista. Jos innostut trendeist\u00e4 ja k\u00e4sill\u00e4 tekeminen on&nbsp;sun&nbsp;juttu, niin hiusala on hyv\u00e4 valinta!\u202f<\/strong>&nbsp;<\/p>\n\n\n\n<p><a href=\"http:\/\/www.kampaamoverstas.fi\" target=\"_blank\" rel=\"noreferrer noopener\">www.kampaamoverstas.fi<\/a> <\/p>\n","protected":false},"excerpt":{"rendered":"<p>Oy Kampaamo Verstas Kampaamo Verstas on vuonna 2008 perustettu&nbsp;yritys,&nbsp;jonka toimenkuvaan kuuluvat kaikki&nbsp;parturi- ja&nbsp;kampaamoalan ty\u00f6t ja koulutus sek\u00e4 kampaamotuotteiden tukkumyynti. Meille kaikille Verstaan kampaajille&nbsp;on erityisen t\u00e4rke\u00e4\u00e4 pit\u00e4\u00e4&nbsp;ammattitaitomme huipputasolla,&nbsp;mink\u00e4 takaamme&nbsp;jatkuvalla kouluttautumisella. Valikoimme kouluttajiksemme sek\u00e4 Suomen ett\u00e4 maailman huippunimi\u00e4.&nbsp; Tiimimme k\u00e4ytt\u00e4\u00e4 laadukkaita, trendikk\u00e4it\u00e4 ja suomalaisia kampaamotuotteita. Meille on my\u00f6s t\u00e4rke\u00e4\u00e4 se, ett\u00e4 tuotteidemme valmistuksessa on&nbsp;vastuullisesti otettu huomioon ymp\u00e4rist\u00f6.&nbsp; &hellip; <a href=\"https:\/\/blogit.gradia.fi\/lukiolaisettyoelamaan\/oy-kampaamo-verstas-jos-innostut-trendeista-ja-kasilla-tekeminen-on-sun-juttu-hiusala-on-hyva-valinta%e2%80%af\/\" class=\"more-link\">Jatka lukemista <span class=\"screen-reader-text\">Kampaamo Verstas: Jos innostut trendeist\u00e4 ja k\u00e4sill\u00e4 tekeminen on sun juttu, hiusala on hyv\u00e4 valinta!\u202f<\/span> <span class=\"meta-nav\">&rarr;<\/span><\/a><\/p>\n","protected":false},"author":705,"featured_media":0,"parent":0,"menu_order":0,"comment_status":"closed","ping_status":"closed","template":"","meta":{"_uag_custom_page_level_css":"","footnotes":""},"class_list":["post-809","page","type-page","status-publish","hentry"],"yoast_head":"<!-- This site is optimized with the Yoast SEO plugin v27.2 - https:\/\/yoast.com\/product\/yoast-seo-wordpress\/ -->\n<title>Kampaamo Verstas: Jos innostut trendeist\u00e4 ja k\u00e4sill\u00e4 tekeminen on sun juttu, hiusala on hyv\u00e4 valinta!\u202f - Lukiolaiset ty\u00f6el\u00e4m\u00e4\u00e4n<\/title>\n<meta name=\"robots\" content=\"index, follow, max-snippet:-1, max-image-preview:large, max-video-preview:-1\" \/>\n<link rel=\"canonical\" href=\"https:\/\/blogit.gradia.fi\/lukiolaisettyoelamaan\/oy-kampaamo-verstas-jos-innostut-trendeista-ja-kasilla-tekeminen-on-sun-juttu-hiusala-on-hyva-valinta\u202f\/\" \/>\n<meta property=\"og:locale\" content=\"fi_FI\" \/>\n<meta property=\"og:type\" content=\"article\" \/>\n<meta property=\"og:title\" content=\"Kampaamo Verstas: Jos innostut trendeist\u00e4 ja k\u00e4sill\u00e4 tekeminen on sun juttu, hiusala on hyv\u00e4 valinta!\u202f - Lukiolaiset ty\u00f6el\u00e4m\u00e4\u00e4n\" \/>\n<meta property=\"og:description\" content=\"Oy Kampaamo Verstas Kampaamo Verstas on vuonna 2008 perustettu&nbsp;yritys,&nbsp;jonka toimenkuvaan kuuluvat kaikki&nbsp;parturi- ja&nbsp;kampaamoalan ty\u00f6t ja koulutus sek\u00e4 kampaamotuotteiden tukkumyynti. Meille kaikille Verstaan kampaajille&nbsp;on erityisen t\u00e4rke\u00e4\u00e4 pit\u00e4\u00e4&nbsp;ammattitaitomme huipputasolla,&nbsp;mink\u00e4 takaamme&nbsp;jatkuvalla kouluttautumisella. Valikoimme kouluttajiksemme sek\u00e4 Suomen ett\u00e4 maailman huippunimi\u00e4.&nbsp; Tiimimme k\u00e4ytt\u00e4\u00e4 laadukkaita, trendikk\u00e4it\u00e4 ja suomalaisia kampaamotuotteita. Meille on my\u00f6s t\u00e4rke\u00e4\u00e4 se, ett\u00e4 tuotteidemme valmistuksessa on&nbsp;vastuullisesti otettu huomioon ymp\u00e4rist\u00f6.&nbsp; &hellip; Jatka lukemista Kampaamo Verstas: Jos innostut trendeist\u00e4 ja k\u00e4sill\u00e4 tekeminen on sun juttu, hiusala on hyv\u00e4 valinta!\u202f &rarr;\" \/>\n<meta property=\"og:url\" content=\"https:\/\/blogit.gradia.fi\/lukiolaisettyoelamaan\/oy-kampaamo-verstas-jos-innostut-trendeista-ja-kasilla-tekeminen-on-sun-juttu-hiusala-on-hyva-valinta\u202f\/\" \/>\n<meta property=\"og:site_name\" content=\"Lukiolaiset ty\u00f6el\u00e4m\u00e4\u00e4n\" \/>\n<meta property=\"article:modified_time\" content=\"2021-01-05T13:03:44+00:00\" \/>\n<meta property=\"og:image\" content=\"https:\/\/blogit.gradia.fi\/lukiolaisettyoelamaan\/wp-content\/uploads\/sites\/169\/2021\/01\/Verstas-1024x677.png\" \/>\n<meta name=\"twitter:card\" content=\"summary_large_image\" \/>\n<meta name=\"twitter:label1\" content=\"Arvioitu lukuaika\" \/>\n\t<meta name=\"twitter:data1\" content=\"1 minuutti\" \/>\n<script type=\"application\/ld+json\" class=\"yoast-schema-graph\">{\"@context\":\"https:\/\/schema.org\",\"@graph\":[{\"@type\":\"WebPage\",\"@id\":\"https:\/\/blogit.gradia.fi\/lukiolaisettyoelamaan\/oy-kampaamo-verstas-jos-innostut-trendeista-ja-kasilla-tekeminen-on-sun-juttu-hiusala-on-hyva-valinta%e2%80%af\/\",\"url\":\"https:\/\/blogit.gradia.fi\/lukiolaisettyoelamaan\/oy-kampaamo-verstas-jos-innostut-trendeista-ja-kasilla-tekeminen-on-sun-juttu-hiusala-on-hyva-valinta%e2%80%af\/\",\"name\":\"Kampaamo Verstas: Jos innostut trendeist\u00e4 ja k\u00e4sill\u00e4 tekeminen on sun juttu, hiusala on hyv\u00e4 valinta!\u202f - Lukiolaiset ty\u00f6el\u00e4m\u00e4\u00e4n\",\"isPartOf\":{\"@id\":\"https:\/\/blogit.gradia.fi\/lukiolaisettyoelamaan\/#website\"},\"primaryImageOfPage\":{\"@id\":\"https:\/\/blogit.gradia.fi\/lukiolaisettyoelamaan\/oy-kampaamo-verstas-jos-innostut-trendeista-ja-kasilla-tekeminen-on-sun-juttu-hiusala-on-hyva-valinta%e2%80%af\/#primaryimage\"},\"image\":{\"@id\":\"https:\/\/blogit.gradia.fi\/lukiolaisettyoelamaan\/oy-kampaamo-verstas-jos-innostut-trendeista-ja-kasilla-tekeminen-on-sun-juttu-hiusala-on-hyva-valinta%e2%80%af\/#primaryimage\"},\"thumbnailUrl\":\"https:\/\/blogit.gradia.fi\/lukiolaisettyoelamaan\/wp-content\/uploads\/sites\/169\/2021\/01\/Verstas-1024x677.png\",\"datePublished\":\"2021-01-05T12:44:00+00:00\",\"dateModified\":\"2021-01-05T13:03:44+00:00\",\"breadcrumb\":{\"@id\":\"https:\/\/blogit.gradia.fi\/lukiolaisettyoelamaan\/oy-kampaamo-verstas-jos-innostut-trendeista-ja-kasilla-tekeminen-on-sun-juttu-hiusala-on-hyva-valinta%e2%80%af\/#breadcrumb\"},\"inLanguage\":\"fi\",\"potentialAction\":[{\"@type\":\"ReadAction\",\"target\":[\"https:\/\/blogit.gradia.fi\/lukiolaisettyoelamaan\/oy-kampaamo-verstas-jos-innostut-trendeista-ja-kasilla-tekeminen-on-sun-juttu-hiusala-on-hyva-valinta%e2%80%af\/\"]}]},{\"@type\":\"ImageObject\",\"inLanguage\":\"fi\",\"@id\":\"https:\/\/blogit.gradia.fi\/lukiolaisettyoelamaan\/oy-kampaamo-verstas-jos-innostut-trendeista-ja-kasilla-tekeminen-on-sun-juttu-hiusala-on-hyva-valinta%e2%80%af\/#primaryimage\",\"url\":\"https:\/\/blogit.gradia.fi\/lukiolaisettyoelamaan\/wp-content\/uploads\/sites\/169\/2021\/01\/Verstas.png\",\"contentUrl\":\"https:\/\/blogit.gradia.fi\/lukiolaisettyoelamaan\/wp-content\/uploads\/sites\/169\/2021\/01\/Verstas.png\",\"width\":1274,\"height\":842},{\"@type\":\"BreadcrumbList\",\"@id\":\"https:\/\/blogit.gradia.fi\/lukiolaisettyoelamaan\/oy-kampaamo-verstas-jos-innostut-trendeista-ja-kasilla-tekeminen-on-sun-juttu-hiusala-on-hyva-valinta%e2%80%af\/#breadcrumb\",\"itemListElement\":[{\"@type\":\"ListItem\",\"position\":1,\"name\":\"Home\",\"item\":\"https:\/\/blogit.gradia.fi\/lukiolaisettyoelamaan\/\"},{\"@type\":\"ListItem\",\"position\":2,\"name\":\"Kampaamo Verstas: Jos innostut trendeist\u00e4 ja k\u00e4sill\u00e4 tekeminen on sun juttu, hiusala on hyv\u00e4 valinta!\u202f\"}]},{\"@type\":\"WebSite\",\"@id\":\"https:\/\/blogit.gradia.fi\/lukiolaisettyoelamaan\/#website\",\"url\":\"https:\/\/blogit.gradia.fi\/lukiolaisettyoelamaan\/\",\"name\":\"Lukiolaiset ty\u00f6el\u00e4m\u00e4\u00e4n\",\"description\":\"Tervetuloa tutustumaan ja poimimaan hyvi\u00e4 k\u00e4yt\u00e4nteit\u00e4!\",\"potentialAction\":[{\"@type\":\"SearchAction\",\"target\":{\"@type\":\"EntryPoint\",\"urlTemplate\":\"https:\/\/blogit.gradia.fi\/lukiolaisettyoelamaan\/?s={search_term_string}\"},\"query-input\":{\"@type\":\"PropertyValueSpecification\",\"valueRequired\":true,\"valueName\":\"search_term_string\"}}],\"inLanguage\":\"fi\"}]}<\/script>\n<!-- \/ Yoast SEO plugin. -->","yoast_head_json":{"title":"Kampaamo Verstas: Jos innostut trendeist\u00e4 ja k\u00e4sill\u00e4 tekeminen on sun juttu, hiusala on hyv\u00e4 valinta!\u202f - Lukiolaiset ty\u00f6el\u00e4m\u00e4\u00e4n","robots":{"index":"index","follow":"follow","max-snippet":"max-snippet:-1","max-image-preview":"max-image-preview:large","max-video-preview":"max-video-preview:-1"},"canonical":"https:\/\/blogit.gradia.fi\/lukiolaisettyoelamaan\/oy-kampaamo-verstas-jos-innostut-trendeista-ja-kasilla-tekeminen-on-sun-juttu-hiusala-on-hyva-valinta\u202f\/","og_locale":"fi_FI","og_type":"article","og_title":"Kampaamo Verstas: Jos innostut trendeist\u00e4 ja k\u00e4sill\u00e4 tekeminen on sun juttu, hiusala on hyv\u00e4 valinta!\u202f - Lukiolaiset ty\u00f6el\u00e4m\u00e4\u00e4n","og_description":"Oy Kampaamo Verstas Kampaamo Verstas on vuonna 2008 perustettu&nbsp;yritys,&nbsp;jonka toimenkuvaan kuuluvat kaikki&nbsp;parturi- ja&nbsp;kampaamoalan ty\u00f6t ja koulutus sek\u00e4 kampaamotuotteiden tukkumyynti. Meille kaikille Verstaan kampaajille&nbsp;on erityisen t\u00e4rke\u00e4\u00e4 pit\u00e4\u00e4&nbsp;ammattitaitomme huipputasolla,&nbsp;mink\u00e4 takaamme&nbsp;jatkuvalla kouluttautumisella. Valikoimme kouluttajiksemme sek\u00e4 Suomen ett\u00e4 maailman huippunimi\u00e4.&nbsp; Tiimimme k\u00e4ytt\u00e4\u00e4 laadukkaita, trendikk\u00e4it\u00e4 ja suomalaisia kampaamotuotteita. Meille on my\u00f6s t\u00e4rke\u00e4\u00e4 se, ett\u00e4 tuotteidemme valmistuksessa on&nbsp;vastuullisesti otettu huomioon ymp\u00e4rist\u00f6.&nbsp; &hellip; Jatka lukemista Kampaamo Verstas: Jos innostut trendeist\u00e4 ja k\u00e4sill\u00e4 tekeminen on sun juttu, hiusala on hyv\u00e4 valinta!\u202f &rarr;","og_url":"https:\/\/blogit.gradia.fi\/lukiolaisettyoelamaan\/oy-kampaamo-verstas-jos-innostut-trendeista-ja-kasilla-tekeminen-on-sun-juttu-hiusala-on-hyva-valinta\u202f\/","og_site_name":"Lukiolaiset ty\u00f6el\u00e4m\u00e4\u00e4n","article_modified_time":"2021-01-05T13:03:44+00:00","og_image":[{"url":"https:\/\/blogit.gradia.fi\/lukiolaisettyoelamaan\/wp-content\/uploads\/sites\/169\/2021\/01\/Verstas-1024x677.png","type":"","width":"","height":""}],"twitter_card":"summary_large_image","twitter_misc":{"Arvioitu lukuaika":"1 minuutti"},"schema":{"@context":"https:\/\/schema.org","@graph":[{"@type":"WebPage","@id":"https:\/\/blogit.gradia.fi\/lukiolaisettyoelamaan\/oy-kampaamo-verstas-jos-innostut-trendeista-ja-kasilla-tekeminen-on-sun-juttu-hiusala-on-hyva-valinta%e2%80%af\/","url":"https:\/\/blogit.gradia.fi\/lukiolaisettyoelamaan\/oy-kampaamo-verstas-jos-innostut-trendeista-ja-kasilla-tekeminen-on-sun-juttu-hiusala-on-hyva-valinta%e2%80%af\/","name":"Kampaamo Verstas: Jos innostut trendeist\u00e4 ja k\u00e4sill\u00e4 tekeminen on sun juttu, hiusala on hyv\u00e4 valinta!\u202f - Lukiolaiset ty\u00f6el\u00e4m\u00e4\u00e4n","isPartOf":{"@id":"https:\/\/blogit.gradia.fi\/lukiolaisettyoelamaan\/#website"},"primaryImageOfPage":{"@id":"https:\/\/blogit.gradia.fi\/lukiolaisettyoelamaan\/oy-kampaamo-verstas-jos-innostut-trendeista-ja-kasilla-tekeminen-on-sun-juttu-hiusala-on-hyva-valinta%e2%80%af\/#primaryimage"},"image":{"@id":"https:\/\/blogit.gradia.fi\/lukiolaisettyoelamaan\/oy-kampaamo-verstas-jos-innostut-trendeista-ja-kasilla-tekeminen-on-sun-juttu-hiusala-on-hyva-valinta%e2%80%af\/#primaryimage"},"thumbnailUrl":"https:\/\/blogit.gradia.fi\/lukiolaisettyoelamaan\/wp-content\/uploads\/sites\/169\/2021\/01\/Verstas-1024x677.png","datePublished":"2021-01-05T12:44:00+00:00","dateModified":"2021-01-05T13:03:44+00:00","breadcrumb":{"@id":"https:\/\/blogit.gradia.fi\/lukiolaisettyoelamaan\/oy-kampaamo-verstas-jos-innostut-trendeista-ja-kasilla-tekeminen-on-sun-juttu-hiusala-on-hyva-valinta%e2%80%af\/#breadcrumb"},"inLanguage":"fi","potentialAction":[{"@type":"ReadAction","target":["https:\/\/blogit.gradia.fi\/lukiolaisettyoelamaan\/oy-kampaamo-verstas-jos-innostut-trendeista-ja-kasilla-tekeminen-on-sun-juttu-hiusala-on-hyva-valinta%e2%80%af\/"]}]},{"@type":"ImageObject","inLanguage":"fi","@id":"https:\/\/blogit.gradia.fi\/lukiolaisettyoelamaan\/oy-kampaamo-verstas-jos-innostut-trendeista-ja-kasilla-tekeminen-on-sun-juttu-hiusala-on-hyva-valinta%e2%80%af\/#primaryimage","url":"https:\/\/blogit.gradia.fi\/lukiolaisettyoelamaan\/wp-content\/uploads\/sites\/169\/2021\/01\/Verstas.png","contentUrl":"https:\/\/blogit.gradia.fi\/lukiolaisettyoelamaan\/wp-content\/uploads\/sites\/169\/2021\/01\/Verstas.png","width":1274,"height":842},{"@type":"BreadcrumbList","@id":"https:\/\/blogit.gradia.fi\/lukiolaisettyoelamaan\/oy-kampaamo-verstas-jos-innostut-trendeista-ja-kasilla-tekeminen-on-sun-juttu-hiusala-on-hyva-valinta%e2%80%af\/#breadcrumb","itemListElement":[{"@type":"ListItem","position":1,"name":"Home","item":"https:\/\/blogit.gradia.fi\/lukiolaisettyoelamaan\/"},{"@type":"ListItem","position":2,"name":"Kampaamo Verstas: Jos innostut trendeist\u00e4 ja k\u00e4sill\u00e4 tekeminen on sun juttu, hiusala on hyv\u00e4 valinta!\u202f"}]},{"@type":"WebSite","@id":"https:\/\/blogit.gradia.fi\/lukiolaisettyoelamaan\/#website","url":"https:\/\/blogit.gradia.fi\/lukiolaisettyoelamaan\/","name":"Lukiolaiset ty\u00f6el\u00e4m\u00e4\u00e4n","description":"Tervetuloa tutustumaan ja poimimaan hyvi\u00e4 k\u00e4yt\u00e4nteit\u00e4!","potentialAction":[{"@type":"SearchAction","target":{"@type":"EntryPoint","urlTemplate":"https:\/\/blogit.gradia.fi\/lukiolaisettyoelamaan\/?s={search_term_string}"},"query-input":{"@type":"PropertyValueSpecification","valueRequired":true,"valueName":"search_term_string"}}],"inLanguage":"fi"}]}},"uagb_featured_image_src":{"full":false,"thumbnail":false,"medium":false,"medium_large":false,"large":false,"1536x1536":false,"2048x2048":false,"post-thumbnail":false},"uagb_author_info":{"display_name":"Birgitta Mannila","author_link":"https:\/\/blogit.gradia.fi\/lukiolaisettyoelamaan\/author\/mannibir\/"},"uagb_comment_info":0,"uagb_excerpt":"Oy Kampaamo Verstas Kampaamo Verstas on vuonna 2008 perustettu&nbsp;yritys,&nbsp;jonka toimenkuvaan kuuluvat kaikki&nbsp;parturi- ja&nbsp;kampaamoalan ty\u00f6t ja koulutus sek\u00e4 kampaamotuotteiden tukkumyynti. Meille kaikille Verstaan kampaajille&nbsp;on erityisen t\u00e4rke\u00e4\u00e4 pit\u00e4\u00e4&nbsp;ammattitaitomme huipputasolla,&nbsp;mink\u00e4 takaamme&nbsp;jatkuvalla kouluttautumisella. Valikoimme kouluttajiksemme sek\u00e4 Suomen ett\u00e4 maailman huippunimi\u00e4.&nbsp; Tiimimme k\u00e4ytt\u00e4\u00e4 laadukkaita, trendikk\u00e4it\u00e4 ja suomalaisia kampaamotuotteita. Meille on my\u00f6s t\u00e4rke\u00e4\u00e4 se, ett\u00e4 tuotteidemme valmistuksessa on&nbsp;vastuullisesti otettu huomioon ymp\u00e4rist\u00f6.&nbsp;&hellip;","_links":{"self":[{"href":"https:\/\/blogit.gradia.fi\/lukiolaisettyoelamaan\/wp-json\/wp\/v2\/pages\/809","targetHints":{"allow":["GET"]}}],"collection":[{"href":"https:\/\/blogit.gradia.fi\/lukiolaisettyoelamaan\/wp-json\/wp\/v2\/pages"}],"about":[{"href":"https:\/\/blogit.gradia.fi\/lukiolaisettyoelamaan\/wp-json\/wp\/v2\/types\/page"}],"author":[{"embeddable":true,"href":"https:\/\/blogit.gradia.fi\/lukiolaisettyoelamaan\/wp-json\/wp\/v2\/users\/705"}],"replies":[{"embeddable":true,"href":"https:\/\/blogit.gradia.fi\/lukiolaisettyoelamaan\/wp-json\/wp\/v2\/comments?post=809"}],"version-history":[{"count":2,"href":"https:\/\/blogit.gradia.fi\/lukiolaisettyoelamaan\/wp-json\/wp\/v2\/pages\/809\/revisions"}],"predecessor-version":[{"id":819,"href":"https:\/\/blogit.gradia.fi\/lukiolaisettyoelamaan\/wp-json\/wp\/v2\/pages\/809\/revisions\/819"}],"wp:attachment":[{"href":"https:\/\/blogit.gradia.fi\/lukiolaisettyoelamaan\/wp-json\/wp\/v2\/media?parent=809"}],"curies":[{"name":"wp","href":"https:\/\/api.w.org\/{rel}","templated":true}]}}