{"id":797,"date":"2021-01-05T14:09:45","date_gmt":"2021-01-05T12:09:45","guid":{"rendered":"https:\/\/blogit.gradia.fi\/lukiolaisettyoelamaan\/?page_id=797"},"modified":"2021-01-05T14:10:12","modified_gmt":"2021-01-05T12:10:12","slug":"laattaleevi-oy-modernit-markkinoinnin-ja-kaupankaynnin-valineet-tekevat-perinteisesta-kaupanalasta-mielenkiintoisen","status":"publish","type":"page","link":"https:\/\/blogit.gradia.fi\/lukiolaisettyoelamaan\/laattaleevi-oy-modernit-markkinoinnin-ja-kaupankaynnin-valineet-tekevat-perinteisesta-kaupanalasta-mielenkiintoisen\/","title":{"rendered":"Laattaleevi Oy: Modernit v\u00e4lineet tekev\u00e4t perinteisest\u00e4 kaupanalasta mielenkiintoisen!"},"content":{"rendered":"\n<figure class=\"wp-block-image size-large\"><img loading=\"lazy\" decoding=\"async\" width=\"1024\" height=\"681\" src=\"https:\/\/blogit.gradia.fi\/lukiolaisettyoelamaan\/wp-content\/uploads\/sites\/169\/2021\/01\/Laattaleevi-1024x681.png\" alt=\"\" class=\"wp-image-798\" srcset=\"https:\/\/blogit.gradia.fi\/lukiolaisettyoelamaan\/wp-content\/uploads\/sites\/169\/2021\/01\/Laattaleevi-1024x681.png 1024w, https:\/\/blogit.gradia.fi\/lukiolaisettyoelamaan\/wp-content\/uploads\/sites\/169\/2021\/01\/Laattaleevi-300x200.png 300w, https:\/\/blogit.gradia.fi\/lukiolaisettyoelamaan\/wp-content\/uploads\/sites\/169\/2021\/01\/Laattaleevi-768x511.png 768w, https:\/\/blogit.gradia.fi\/lukiolaisettyoelamaan\/wp-content\/uploads\/sites\/169\/2021\/01\/Laattaleevi.png 1270w\" sizes=\"auto, (max-width: 1024px) 100vw, 1024px\" \/><\/figure>\n\n\n\n<h2 class=\"wp-block-heading\">Laattaleevi Oy<\/h2>\n\n\n\n<p><strong>Jyv\u00e4skyl\u00e4n Laattaleevi Oy on tukku- ja v\u00e4hitt\u00e4iskauppa maahantuomillamme rakennus- ja sisustusmateriaaleilla.<\/strong>\u00a0Yritys on perustettu 1989.<\/p>\n\n\n\n<p>Henkil\u00f6st\u00f6\u00f6mme<strong> <\/strong>kuuluu myynnin, oston, markkinoinnin ja digimarkkinoinnin sek\u00e4 sisustussuunnittelun ammattilaisia.<strong>\u00a0<\/strong>\u00a0<\/p>\n\n\n\n<p>Toimintaamme ohjaavat keskeiset periaatteet ja arvot\u00a0ovat\u00a0<strong>asiakasl\u00e4ht\u00f6isyys, laatu ja innovatiivisuus.\u00a0\u00a0<\/strong>\u00a0\u00a0<\/p>\n\n\n\n<p>Rekrytointien yhteydess\u00e4 korostamme erityisesti<strong>\u00a0vuorovaikutusta, oma-aloitteisuutta ja huolellisuutta.<\/strong>\u00a0\u00a0<\/p>\n\n\n\n<p>Viestini nuorille, jotka ovat kiinnostuneita yrityksemme toimialasta:\u00a0<strong>Modernit markkinoinnin ja kaupank\u00e4ynnin v\u00e4lineet tekev\u00e4t perinteisest\u00e4 kaupanalasta mielenkiintoisen ja luovat t\u00e4ysin uusia markkina-alueita.\u00a0<\/strong><\/p>\n\n\n\n<p><a href=\"http:\/\/www.laattaleevi.fi\/\" target=\"_blank\" rel=\"noreferrer noopener\">www.laattaleevi.fi<\/a>\u00a0\u00a0\u00a0<\/p>\n","protected":false},"excerpt":{"rendered":"<p>Laattaleevi Oy Jyv\u00e4skyl\u00e4n Laattaleevi Oy on tukku- ja v\u00e4hitt\u00e4iskauppa maahantuomillamme rakennus- ja sisustusmateriaaleilla.\u00a0Yritys on perustettu 1989. Henkil\u00f6st\u00f6\u00f6mme kuuluu myynnin, oston, markkinoinnin ja digimarkkinoinnin sek\u00e4 sisustussuunnittelun ammattilaisia.\u00a0\u00a0 Toimintaamme ohjaavat keskeiset periaatteet ja arvot\u00a0ovat\u00a0asiakasl\u00e4ht\u00f6isyys, laatu ja innovatiivisuus.\u00a0\u00a0\u00a0\u00a0 Rekrytointien yhteydess\u00e4 korostamme erityisesti\u00a0vuorovaikutusta, oma-aloitteisuutta ja huolellisuutta.\u00a0\u00a0 Viestini nuorille, jotka ovat kiinnostuneita yrityksemme toimialasta:\u00a0Modernit markkinoinnin ja kaupank\u00e4ynnin v\u00e4lineet tekev\u00e4t perinteisest\u00e4 &hellip; <a href=\"https:\/\/blogit.gradia.fi\/lukiolaisettyoelamaan\/laattaleevi-oy-modernit-markkinoinnin-ja-kaupankaynnin-valineet-tekevat-perinteisesta-kaupanalasta-mielenkiintoisen\/\" class=\"more-link\">Jatka lukemista <span class=\"screen-reader-text\">Laattaleevi Oy: Modernit v\u00e4lineet tekev\u00e4t perinteisest\u00e4 kaupanalasta mielenkiintoisen!<\/span> <span class=\"meta-nav\">&rarr;<\/span><\/a><\/p>\n","protected":false},"author":705,"featured_media":0,"parent":0,"menu_order":0,"comment_status":"closed","ping_status":"closed","template":"","meta":{"_uag_custom_page_level_css":"","footnotes":""},"class_list":["post-797","page","type-page","status-publish","hentry"],"yoast_head":"<!-- This site is optimized with the Yoast SEO plugin v27.2 - https:\/\/yoast.com\/product\/yoast-seo-wordpress\/ -->\n<title>Laattaleevi Oy: Modernit v\u00e4lineet tekev\u00e4t perinteisest\u00e4 kaupanalasta mielenkiintoisen! - Lukiolaiset ty\u00f6el\u00e4m\u00e4\u00e4n<\/title>\n<meta name=\"robots\" content=\"index, follow, max-snippet:-1, max-image-preview:large, max-video-preview:-1\" \/>\n<link rel=\"canonical\" href=\"https:\/\/blogit.gradia.fi\/lukiolaisettyoelamaan\/laattaleevi-oy-modernit-markkinoinnin-ja-kaupankaynnin-valineet-tekevat-perinteisesta-kaupanalasta-mielenkiintoisen\/\" \/>\n<meta property=\"og:locale\" content=\"fi_FI\" \/>\n<meta property=\"og:type\" content=\"article\" \/>\n<meta property=\"og:title\" content=\"Laattaleevi Oy: Modernit v\u00e4lineet tekev\u00e4t perinteisest\u00e4 kaupanalasta mielenkiintoisen! - Lukiolaiset ty\u00f6el\u00e4m\u00e4\u00e4n\" \/>\n<meta property=\"og:description\" content=\"Laattaleevi Oy Jyv\u00e4skyl\u00e4n Laattaleevi Oy on tukku- ja v\u00e4hitt\u00e4iskauppa maahantuomillamme rakennus- ja sisustusmateriaaleilla.\u00a0Yritys on perustettu 1989. Henkil\u00f6st\u00f6\u00f6mme kuuluu myynnin, oston, markkinoinnin ja digimarkkinoinnin sek\u00e4 sisustussuunnittelun ammattilaisia.\u00a0\u00a0 Toimintaamme ohjaavat keskeiset periaatteet ja arvot\u00a0ovat\u00a0asiakasl\u00e4ht\u00f6isyys, laatu ja innovatiivisuus.\u00a0\u00a0\u00a0\u00a0 Rekrytointien yhteydess\u00e4 korostamme erityisesti\u00a0vuorovaikutusta, oma-aloitteisuutta ja huolellisuutta.\u00a0\u00a0 Viestini nuorille, jotka ovat kiinnostuneita yrityksemme toimialasta:\u00a0Modernit markkinoinnin ja kaupank\u00e4ynnin v\u00e4lineet tekev\u00e4t perinteisest\u00e4 &hellip; Jatka lukemista Laattaleevi Oy: Modernit v\u00e4lineet tekev\u00e4t perinteisest\u00e4 kaupanalasta mielenkiintoisen! &rarr;\" \/>\n<meta property=\"og:url\" content=\"https:\/\/blogit.gradia.fi\/lukiolaisettyoelamaan\/laattaleevi-oy-modernit-markkinoinnin-ja-kaupankaynnin-valineet-tekevat-perinteisesta-kaupanalasta-mielenkiintoisen\/\" \/>\n<meta property=\"og:site_name\" content=\"Lukiolaiset ty\u00f6el\u00e4m\u00e4\u00e4n\" \/>\n<meta property=\"article:modified_time\" content=\"2021-01-05T12:10:12+00:00\" \/>\n<meta property=\"og:image\" content=\"https:\/\/blogit.gradia.fi\/lukiolaisettyoelamaan\/wp-content\/uploads\/sites\/169\/2021\/01\/Laattaleevi-1024x681.png\" \/>\n<meta name=\"twitter:card\" content=\"summary_large_image\" \/>\n<script type=\"application\/ld+json\" class=\"yoast-schema-graph\">{\"@context\":\"https:\/\/schema.org\",\"@graph\":[{\"@type\":\"WebPage\",\"@id\":\"https:\/\/blogit.gradia.fi\/lukiolaisettyoelamaan\/laattaleevi-oy-modernit-markkinoinnin-ja-kaupankaynnin-valineet-tekevat-perinteisesta-kaupanalasta-mielenkiintoisen\/\",\"url\":\"https:\/\/blogit.gradia.fi\/lukiolaisettyoelamaan\/laattaleevi-oy-modernit-markkinoinnin-ja-kaupankaynnin-valineet-tekevat-perinteisesta-kaupanalasta-mielenkiintoisen\/\",\"name\":\"Laattaleevi Oy: Modernit v\u00e4lineet tekev\u00e4t perinteisest\u00e4 kaupanalasta mielenkiintoisen! - Lukiolaiset ty\u00f6el\u00e4m\u00e4\u00e4n\",\"isPartOf\":{\"@id\":\"https:\/\/blogit.gradia.fi\/lukiolaisettyoelamaan\/#website\"},\"primaryImageOfPage\":{\"@id\":\"https:\/\/blogit.gradia.fi\/lukiolaisettyoelamaan\/laattaleevi-oy-modernit-markkinoinnin-ja-kaupankaynnin-valineet-tekevat-perinteisesta-kaupanalasta-mielenkiintoisen\/#primaryimage\"},\"image\":{\"@id\":\"https:\/\/blogit.gradia.fi\/lukiolaisettyoelamaan\/laattaleevi-oy-modernit-markkinoinnin-ja-kaupankaynnin-valineet-tekevat-perinteisesta-kaupanalasta-mielenkiintoisen\/#primaryimage\"},\"thumbnailUrl\":\"https:\/\/blogit.gradia.fi\/lukiolaisettyoelamaan\/wp-content\/uploads\/sites\/169\/2021\/01\/Laattaleevi-1024x681.png\",\"datePublished\":\"2021-01-05T12:09:45+00:00\",\"dateModified\":\"2021-01-05T12:10:12+00:00\",\"breadcrumb\":{\"@id\":\"https:\/\/blogit.gradia.fi\/lukiolaisettyoelamaan\/laattaleevi-oy-modernit-markkinoinnin-ja-kaupankaynnin-valineet-tekevat-perinteisesta-kaupanalasta-mielenkiintoisen\/#breadcrumb\"},\"inLanguage\":\"fi\",\"potentialAction\":[{\"@type\":\"ReadAction\",\"target\":[\"https:\/\/blogit.gradia.fi\/lukiolaisettyoelamaan\/laattaleevi-oy-modernit-markkinoinnin-ja-kaupankaynnin-valineet-tekevat-perinteisesta-kaupanalasta-mielenkiintoisen\/\"]}]},{\"@type\":\"ImageObject\",\"inLanguage\":\"fi\",\"@id\":\"https:\/\/blogit.gradia.fi\/lukiolaisettyoelamaan\/laattaleevi-oy-modernit-markkinoinnin-ja-kaupankaynnin-valineet-tekevat-perinteisesta-kaupanalasta-mielenkiintoisen\/#primaryimage\",\"url\":\"https:\/\/blogit.gradia.fi\/lukiolaisettyoelamaan\/wp-content\/uploads\/sites\/169\/2021\/01\/Laattaleevi.png\",\"contentUrl\":\"https:\/\/blogit.gradia.fi\/lukiolaisettyoelamaan\/wp-content\/uploads\/sites\/169\/2021\/01\/Laattaleevi.png\",\"width\":1270,\"height\":845},{\"@type\":\"BreadcrumbList\",\"@id\":\"https:\/\/blogit.gradia.fi\/lukiolaisettyoelamaan\/laattaleevi-oy-modernit-markkinoinnin-ja-kaupankaynnin-valineet-tekevat-perinteisesta-kaupanalasta-mielenkiintoisen\/#breadcrumb\",\"itemListElement\":[{\"@type\":\"ListItem\",\"position\":1,\"name\":\"Home\",\"item\":\"https:\/\/blogit.gradia.fi\/lukiolaisettyoelamaan\/\"},{\"@type\":\"ListItem\",\"position\":2,\"name\":\"Laattaleevi Oy: Modernit v\u00e4lineet tekev\u00e4t perinteisest\u00e4 kaupanalasta mielenkiintoisen!\"}]},{\"@type\":\"WebSite\",\"@id\":\"https:\/\/blogit.gradia.fi\/lukiolaisettyoelamaan\/#website\",\"url\":\"https:\/\/blogit.gradia.fi\/lukiolaisettyoelamaan\/\",\"name\":\"Lukiolaiset ty\u00f6el\u00e4m\u00e4\u00e4n\",\"description\":\"Tervetuloa tutustumaan ja poimimaan hyvi\u00e4 k\u00e4yt\u00e4nteit\u00e4!\",\"potentialAction\":[{\"@type\":\"SearchAction\",\"target\":{\"@type\":\"EntryPoint\",\"urlTemplate\":\"https:\/\/blogit.gradia.fi\/lukiolaisettyoelamaan\/?s={search_term_string}\"},\"query-input\":{\"@type\":\"PropertyValueSpecification\",\"valueRequired\":true,\"valueName\":\"search_term_string\"}}],\"inLanguage\":\"fi\"}]}<\/script>\n<!-- \/ Yoast SEO plugin. -->","yoast_head_json":{"title":"Laattaleevi Oy: Modernit v\u00e4lineet tekev\u00e4t perinteisest\u00e4 kaupanalasta mielenkiintoisen! - Lukiolaiset ty\u00f6el\u00e4m\u00e4\u00e4n","robots":{"index":"index","follow":"follow","max-snippet":"max-snippet:-1","max-image-preview":"max-image-preview:large","max-video-preview":"max-video-preview:-1"},"canonical":"https:\/\/blogit.gradia.fi\/lukiolaisettyoelamaan\/laattaleevi-oy-modernit-markkinoinnin-ja-kaupankaynnin-valineet-tekevat-perinteisesta-kaupanalasta-mielenkiintoisen\/","og_locale":"fi_FI","og_type":"article","og_title":"Laattaleevi Oy: Modernit v\u00e4lineet tekev\u00e4t perinteisest\u00e4 kaupanalasta mielenkiintoisen! - Lukiolaiset ty\u00f6el\u00e4m\u00e4\u00e4n","og_description":"Laattaleevi Oy Jyv\u00e4skyl\u00e4n Laattaleevi Oy on tukku- ja v\u00e4hitt\u00e4iskauppa maahantuomillamme rakennus- ja sisustusmateriaaleilla.\u00a0Yritys on perustettu 1989. Henkil\u00f6st\u00f6\u00f6mme kuuluu myynnin, oston, markkinoinnin ja digimarkkinoinnin sek\u00e4 sisustussuunnittelun ammattilaisia.\u00a0\u00a0 Toimintaamme ohjaavat keskeiset periaatteet ja arvot\u00a0ovat\u00a0asiakasl\u00e4ht\u00f6isyys, laatu ja innovatiivisuus.\u00a0\u00a0\u00a0\u00a0 Rekrytointien yhteydess\u00e4 korostamme erityisesti\u00a0vuorovaikutusta, oma-aloitteisuutta ja huolellisuutta.\u00a0\u00a0 Viestini nuorille, jotka ovat kiinnostuneita yrityksemme toimialasta:\u00a0Modernit markkinoinnin ja kaupank\u00e4ynnin v\u00e4lineet tekev\u00e4t perinteisest\u00e4 &hellip; Jatka lukemista Laattaleevi Oy: Modernit v\u00e4lineet tekev\u00e4t perinteisest\u00e4 kaupanalasta mielenkiintoisen! &rarr;","og_url":"https:\/\/blogit.gradia.fi\/lukiolaisettyoelamaan\/laattaleevi-oy-modernit-markkinoinnin-ja-kaupankaynnin-valineet-tekevat-perinteisesta-kaupanalasta-mielenkiintoisen\/","og_site_name":"Lukiolaiset ty\u00f6el\u00e4m\u00e4\u00e4n","article_modified_time":"2021-01-05T12:10:12+00:00","og_image":[{"url":"https:\/\/blogit.gradia.fi\/lukiolaisettyoelamaan\/wp-content\/uploads\/sites\/169\/2021\/01\/Laattaleevi-1024x681.png","type":"","width":"","height":""}],"twitter_card":"summary_large_image","schema":{"@context":"https:\/\/schema.org","@graph":[{"@type":"WebPage","@id":"https:\/\/blogit.gradia.fi\/lukiolaisettyoelamaan\/laattaleevi-oy-modernit-markkinoinnin-ja-kaupankaynnin-valineet-tekevat-perinteisesta-kaupanalasta-mielenkiintoisen\/","url":"https:\/\/blogit.gradia.fi\/lukiolaisettyoelamaan\/laattaleevi-oy-modernit-markkinoinnin-ja-kaupankaynnin-valineet-tekevat-perinteisesta-kaupanalasta-mielenkiintoisen\/","name":"Laattaleevi Oy: Modernit v\u00e4lineet tekev\u00e4t perinteisest\u00e4 kaupanalasta mielenkiintoisen! - Lukiolaiset ty\u00f6el\u00e4m\u00e4\u00e4n","isPartOf":{"@id":"https:\/\/blogit.gradia.fi\/lukiolaisettyoelamaan\/#website"},"primaryImageOfPage":{"@id":"https:\/\/blogit.gradia.fi\/lukiolaisettyoelamaan\/laattaleevi-oy-modernit-markkinoinnin-ja-kaupankaynnin-valineet-tekevat-perinteisesta-kaupanalasta-mielenkiintoisen\/#primaryimage"},"image":{"@id":"https:\/\/blogit.gradia.fi\/lukiolaisettyoelamaan\/laattaleevi-oy-modernit-markkinoinnin-ja-kaupankaynnin-valineet-tekevat-perinteisesta-kaupanalasta-mielenkiintoisen\/#primaryimage"},"thumbnailUrl":"https:\/\/blogit.gradia.fi\/lukiolaisettyoelamaan\/wp-content\/uploads\/sites\/169\/2021\/01\/Laattaleevi-1024x681.png","datePublished":"2021-01-05T12:09:45+00:00","dateModified":"2021-01-05T12:10:12+00:00","breadcrumb":{"@id":"https:\/\/blogit.gradia.fi\/lukiolaisettyoelamaan\/laattaleevi-oy-modernit-markkinoinnin-ja-kaupankaynnin-valineet-tekevat-perinteisesta-kaupanalasta-mielenkiintoisen\/#breadcrumb"},"inLanguage":"fi","potentialAction":[{"@type":"ReadAction","target":["https:\/\/blogit.gradia.fi\/lukiolaisettyoelamaan\/laattaleevi-oy-modernit-markkinoinnin-ja-kaupankaynnin-valineet-tekevat-perinteisesta-kaupanalasta-mielenkiintoisen\/"]}]},{"@type":"ImageObject","inLanguage":"fi","@id":"https:\/\/blogit.gradia.fi\/lukiolaisettyoelamaan\/laattaleevi-oy-modernit-markkinoinnin-ja-kaupankaynnin-valineet-tekevat-perinteisesta-kaupanalasta-mielenkiintoisen\/#primaryimage","url":"https:\/\/blogit.gradia.fi\/lukiolaisettyoelamaan\/wp-content\/uploads\/sites\/169\/2021\/01\/Laattaleevi.png","contentUrl":"https:\/\/blogit.gradia.fi\/lukiolaisettyoelamaan\/wp-content\/uploads\/sites\/169\/2021\/01\/Laattaleevi.png","width":1270,"height":845},{"@type":"BreadcrumbList","@id":"https:\/\/blogit.gradia.fi\/lukiolaisettyoelamaan\/laattaleevi-oy-modernit-markkinoinnin-ja-kaupankaynnin-valineet-tekevat-perinteisesta-kaupanalasta-mielenkiintoisen\/#breadcrumb","itemListElement":[{"@type":"ListItem","position":1,"name":"Home","item":"https:\/\/blogit.gradia.fi\/lukiolaisettyoelamaan\/"},{"@type":"ListItem","position":2,"name":"Laattaleevi Oy: Modernit v\u00e4lineet tekev\u00e4t perinteisest\u00e4 kaupanalasta mielenkiintoisen!"}]},{"@type":"WebSite","@id":"https:\/\/blogit.gradia.fi\/lukiolaisettyoelamaan\/#website","url":"https:\/\/blogit.gradia.fi\/lukiolaisettyoelamaan\/","name":"Lukiolaiset ty\u00f6el\u00e4m\u00e4\u00e4n","description":"Tervetuloa tutustumaan ja poimimaan hyvi\u00e4 k\u00e4yt\u00e4nteit\u00e4!","potentialAction":[{"@type":"SearchAction","target":{"@type":"EntryPoint","urlTemplate":"https:\/\/blogit.gradia.fi\/lukiolaisettyoelamaan\/?s={search_term_string}"},"query-input":{"@type":"PropertyValueSpecification","valueRequired":true,"valueName":"search_term_string"}}],"inLanguage":"fi"}]}},"uagb_featured_image_src":{"full":false,"thumbnail":false,"medium":false,"medium_large":false,"large":false,"1536x1536":false,"2048x2048":false,"post-thumbnail":false},"uagb_author_info":{"display_name":"Birgitta Mannila","author_link":"https:\/\/blogit.gradia.fi\/lukiolaisettyoelamaan\/author\/mannibir\/"},"uagb_comment_info":0,"uagb_excerpt":"Laattaleevi Oy Jyv\u00e4skyl\u00e4n Laattaleevi Oy on tukku- ja v\u00e4hitt\u00e4iskauppa maahantuomillamme rakennus- ja sisustusmateriaaleilla.\u00a0Yritys on perustettu 1989. Henkil\u00f6st\u00f6\u00f6mme kuuluu myynnin, oston, markkinoinnin ja digimarkkinoinnin sek\u00e4 sisustussuunnittelun ammattilaisia.\u00a0\u00a0 Toimintaamme ohjaavat keskeiset periaatteet ja arvot\u00a0ovat\u00a0asiakasl\u00e4ht\u00f6isyys, laatu ja innovatiivisuus.\u00a0\u00a0\u00a0\u00a0 Rekrytointien yhteydess\u00e4 korostamme erityisesti\u00a0vuorovaikutusta, oma-aloitteisuutta ja huolellisuutta.\u00a0\u00a0 Viestini nuorille, jotka ovat kiinnostuneita yrityksemme toimialasta:\u00a0Modernit markkinoinnin ja kaupank\u00e4ynnin v\u00e4lineet tekev\u00e4t perinteisest\u00e4&hellip;","_links":{"self":[{"href":"https:\/\/blogit.gradia.fi\/lukiolaisettyoelamaan\/wp-json\/wp\/v2\/pages\/797","targetHints":{"allow":["GET"]}}],"collection":[{"href":"https:\/\/blogit.gradia.fi\/lukiolaisettyoelamaan\/wp-json\/wp\/v2\/pages"}],"about":[{"href":"https:\/\/blogit.gradia.fi\/lukiolaisettyoelamaan\/wp-json\/wp\/v2\/types\/page"}],"author":[{"embeddable":true,"href":"https:\/\/blogit.gradia.fi\/lukiolaisettyoelamaan\/wp-json\/wp\/v2\/users\/705"}],"replies":[{"embeddable":true,"href":"https:\/\/blogit.gradia.fi\/lukiolaisettyoelamaan\/wp-json\/wp\/v2\/comments?post=797"}],"version-history":[{"count":2,"href":"https:\/\/blogit.gradia.fi\/lukiolaisettyoelamaan\/wp-json\/wp\/v2\/pages\/797\/revisions"}],"predecessor-version":[{"id":800,"href":"https:\/\/blogit.gradia.fi\/lukiolaisettyoelamaan\/wp-json\/wp\/v2\/pages\/797\/revisions\/800"}],"wp:attachment":[{"href":"https:\/\/blogit.gradia.fi\/lukiolaisettyoelamaan\/wp-json\/wp\/v2\/media?parent=797"}],"curies":[{"name":"wp","href":"https:\/\/api.w.org\/{rel}","templated":true}]}}