{"id":787,"date":"2021-01-05T13:38:14","date_gmt":"2021-01-05T11:38:14","guid":{"rendered":"https:\/\/blogit.gradia.fi\/lukiolaisettyoelamaan\/?page_id=787"},"modified":"2021-01-05T13:44:36","modified_gmt":"2021-01-05T11:44:36","slug":"gladstone-communications-oy-never-give-up","status":"publish","type":"page","link":"https:\/\/blogit.gradia.fi\/lukiolaisettyoelamaan\/gladstone-communications-oy-never-give-up\/","title":{"rendered":"Gladstone Communications Oy: Never give up!"},"content":{"rendered":"\n<figure class=\"wp-block-image size-large\"><img loading=\"lazy\" decoding=\"async\" width=\"1024\" height=\"682\" src=\"https:\/\/blogit.gradia.fi\/lukiolaisettyoelamaan\/wp-content\/uploads\/sites\/169\/2021\/01\/Gladstone-Communications-1024x682.png\" alt=\"\" class=\"wp-image-788\" srcset=\"https:\/\/blogit.gradia.fi\/lukiolaisettyoelamaan\/wp-content\/uploads\/sites\/169\/2021\/01\/Gladstone-Communications-1024x682.png 1024w, https:\/\/blogit.gradia.fi\/lukiolaisettyoelamaan\/wp-content\/uploads\/sites\/169\/2021\/01\/Gladstone-Communications-300x200.png 300w, https:\/\/blogit.gradia.fi\/lukiolaisettyoelamaan\/wp-content\/uploads\/sites\/169\/2021\/01\/Gladstone-Communications-768x512.png 768w, https:\/\/blogit.gradia.fi\/lukiolaisettyoelamaan\/wp-content\/uploads\/sites\/169\/2021\/01\/Gladstone-Communications.png 1264w\" sizes=\"auto, (max-width: 1024px) 100vw, 1024px\" \/><\/figure>\n\n\n\n<h2 class=\"wp-block-heading\">Gladstone Communications Oy<\/h2>\n\n\n\n<p>Gladstone Communications Oy tuottaa <strong>viestint\u00e4palveluja, TV-, radio- ja video-ohjelmia sek\u00e4 k\u00e4\u00e4nn\u00f6spalveluja<\/strong>. Yritys on viestint\u00e4osaamisen asiantuntija. Yritys on perustettu 1994.&nbsp;&nbsp;&nbsp;&nbsp;&nbsp;&nbsp;&nbsp;<\/p>\n\n\n\n<p>Teemme yhteisty\u00f6t\u00e4 yritysten ja kuntien kanssa. &nbsp;&nbsp;&nbsp;&nbsp;&nbsp;&nbsp;&nbsp;&nbsp;&nbsp;&nbsp;&nbsp;<\/p>\n\n\n\n<p>Toimintaamme ohjaavat keskeiset periaatteet ja arvot\u202fovat <strong>tehokkuus, laatu, avoimuus ja asiakasl\u00e4ht\u00f6isyys<\/strong>.<\/p>\n\n\n\n<p>Rekrytointien yhteydess\u00e4 korostamme erityisesti\u202f<strong>avoimuutta ja luovaa mielt\u00e4<\/strong>. &nbsp;&nbsp;&nbsp;&nbsp;&nbsp;&nbsp;&nbsp;&nbsp;&nbsp;&nbsp;&nbsp;&nbsp;<\/p>\n\n\n\n<p>Viestini nuorille, jotka ovat kiinnostuneita yrityksemme toimialasta: <strong>Never give up.&nbsp;<\/strong>&nbsp;&nbsp;&nbsp;&nbsp;&nbsp;&nbsp;&nbsp;&nbsp;&nbsp;&nbsp;<\/p>\n\n\n\n<p><a href=\"http:\/\/www.gladstone.fi\" target=\"_blank\" rel=\"noreferrer noopener\">www.gladstone.fi<\/a><\/p>\n","protected":false},"excerpt":{"rendered":"<p>Gladstone Communications Oy Gladstone Communications Oy tuottaa viestint\u00e4palveluja, TV-, radio- ja video-ohjelmia sek\u00e4 k\u00e4\u00e4nn\u00f6spalveluja. Yritys on viestint\u00e4osaamisen asiantuntija. Yritys on perustettu 1994.&nbsp;&nbsp;&nbsp;&nbsp;&nbsp;&nbsp;&nbsp; Teemme yhteisty\u00f6t\u00e4 yritysten ja kuntien kanssa. &nbsp;&nbsp;&nbsp;&nbsp;&nbsp;&nbsp;&nbsp;&nbsp;&nbsp;&nbsp;&nbsp; Toimintaamme ohjaavat keskeiset periaatteet ja arvot\u202fovat tehokkuus, laatu, avoimuus ja asiakasl\u00e4ht\u00f6isyys. Rekrytointien yhteydess\u00e4 korostamme erityisesti\u202favoimuutta ja luovaa mielt\u00e4. &nbsp;&nbsp;&nbsp;&nbsp;&nbsp;&nbsp;&nbsp;&nbsp;&nbsp;&nbsp;&nbsp;&nbsp; Viestini nuorille, jotka ovat kiinnostuneita yrityksemme toimialasta: &hellip; <a href=\"https:\/\/blogit.gradia.fi\/lukiolaisettyoelamaan\/gladstone-communications-oy-never-give-up\/\" class=\"more-link\">Jatka lukemista <span class=\"screen-reader-text\">Gladstone Communications Oy: Never give up!<\/span> <span class=\"meta-nav\">&rarr;<\/span><\/a><\/p>\n","protected":false},"author":705,"featured_media":0,"parent":0,"menu_order":0,"comment_status":"closed","ping_status":"closed","template":"","meta":{"_uag_custom_page_level_css":"","footnotes":""},"class_list":["post-787","page","type-page","status-publish","hentry"],"yoast_head":"<!-- This site is optimized with the Yoast SEO plugin v27.2 - https:\/\/yoast.com\/product\/yoast-seo-wordpress\/ -->\n<title>Gladstone Communications Oy: Never give up! - Lukiolaiset ty\u00f6el\u00e4m\u00e4\u00e4n<\/title>\n<meta name=\"robots\" content=\"index, follow, max-snippet:-1, max-image-preview:large, max-video-preview:-1\" \/>\n<link rel=\"canonical\" href=\"https:\/\/blogit.gradia.fi\/lukiolaisettyoelamaan\/gladstone-communications-oy-never-give-up\/\" \/>\n<meta property=\"og:locale\" content=\"fi_FI\" \/>\n<meta property=\"og:type\" content=\"article\" \/>\n<meta property=\"og:title\" content=\"Gladstone Communications Oy: Never give up! - Lukiolaiset ty\u00f6el\u00e4m\u00e4\u00e4n\" \/>\n<meta property=\"og:description\" content=\"Gladstone Communications Oy Gladstone Communications Oy tuottaa viestint\u00e4palveluja, TV-, radio- ja video-ohjelmia sek\u00e4 k\u00e4\u00e4nn\u00f6spalveluja. Yritys on viestint\u00e4osaamisen asiantuntija. Yritys on perustettu 1994.&nbsp;&nbsp;&nbsp;&nbsp;&nbsp;&nbsp;&nbsp; Teemme yhteisty\u00f6t\u00e4 yritysten ja kuntien kanssa. &nbsp;&nbsp;&nbsp;&nbsp;&nbsp;&nbsp;&nbsp;&nbsp;&nbsp;&nbsp;&nbsp; Toimintaamme ohjaavat keskeiset periaatteet ja arvot\u202fovat tehokkuus, laatu, avoimuus ja asiakasl\u00e4ht\u00f6isyys. Rekrytointien yhteydess\u00e4 korostamme erityisesti\u202favoimuutta ja luovaa mielt\u00e4. &nbsp;&nbsp;&nbsp;&nbsp;&nbsp;&nbsp;&nbsp;&nbsp;&nbsp;&nbsp;&nbsp;&nbsp; Viestini nuorille, jotka ovat kiinnostuneita yrityksemme toimialasta: &hellip; Jatka lukemista Gladstone Communications Oy: Never give up! &rarr;\" \/>\n<meta property=\"og:url\" content=\"https:\/\/blogit.gradia.fi\/lukiolaisettyoelamaan\/gladstone-communications-oy-never-give-up\/\" \/>\n<meta property=\"og:site_name\" content=\"Lukiolaiset ty\u00f6el\u00e4m\u00e4\u00e4n\" \/>\n<meta property=\"article:modified_time\" content=\"2021-01-05T11:44:36+00:00\" \/>\n<meta property=\"og:image\" content=\"https:\/\/blogit.gradia.fi\/lukiolaisettyoelamaan\/wp-content\/uploads\/sites\/169\/2021\/01\/Gladstone-Communications-1024x682.png\" \/>\n<meta name=\"twitter:card\" content=\"summary_large_image\" \/>\n<meta name=\"twitter:label1\" content=\"Arvioitu lukuaika\" \/>\n\t<meta name=\"twitter:data1\" content=\"1 minuutti\" \/>\n<script type=\"application\/ld+json\" class=\"yoast-schema-graph\">{\"@context\":\"https:\/\/schema.org\",\"@graph\":[{\"@type\":\"WebPage\",\"@id\":\"https:\/\/blogit.gradia.fi\/lukiolaisettyoelamaan\/gladstone-communications-oy-never-give-up\/\",\"url\":\"https:\/\/blogit.gradia.fi\/lukiolaisettyoelamaan\/gladstone-communications-oy-never-give-up\/\",\"name\":\"Gladstone Communications Oy: Never give up! - Lukiolaiset ty\u00f6el\u00e4m\u00e4\u00e4n\",\"isPartOf\":{\"@id\":\"https:\/\/blogit.gradia.fi\/lukiolaisettyoelamaan\/#website\"},\"primaryImageOfPage\":{\"@id\":\"https:\/\/blogit.gradia.fi\/lukiolaisettyoelamaan\/gladstone-communications-oy-never-give-up\/#primaryimage\"},\"image\":{\"@id\":\"https:\/\/blogit.gradia.fi\/lukiolaisettyoelamaan\/gladstone-communications-oy-never-give-up\/#primaryimage\"},\"thumbnailUrl\":\"https:\/\/blogit.gradia.fi\/lukiolaisettyoelamaan\/wp-content\/uploads\/sites\/169\/2021\/01\/Gladstone-Communications-1024x682.png\",\"datePublished\":\"2021-01-05T11:38:14+00:00\",\"dateModified\":\"2021-01-05T11:44:36+00:00\",\"breadcrumb\":{\"@id\":\"https:\/\/blogit.gradia.fi\/lukiolaisettyoelamaan\/gladstone-communications-oy-never-give-up\/#breadcrumb\"},\"inLanguage\":\"fi\",\"potentialAction\":[{\"@type\":\"ReadAction\",\"target\":[\"https:\/\/blogit.gradia.fi\/lukiolaisettyoelamaan\/gladstone-communications-oy-never-give-up\/\"]}]},{\"@type\":\"ImageObject\",\"inLanguage\":\"fi\",\"@id\":\"https:\/\/blogit.gradia.fi\/lukiolaisettyoelamaan\/gladstone-communications-oy-never-give-up\/#primaryimage\",\"url\":\"https:\/\/blogit.gradia.fi\/lukiolaisettyoelamaan\/wp-content\/uploads\/sites\/169\/2021\/01\/Gladstone-Communications.png\",\"contentUrl\":\"https:\/\/blogit.gradia.fi\/lukiolaisettyoelamaan\/wp-content\/uploads\/sites\/169\/2021\/01\/Gladstone-Communications.png\",\"width\":1264,\"height\":842},{\"@type\":\"BreadcrumbList\",\"@id\":\"https:\/\/blogit.gradia.fi\/lukiolaisettyoelamaan\/gladstone-communications-oy-never-give-up\/#breadcrumb\",\"itemListElement\":[{\"@type\":\"ListItem\",\"position\":1,\"name\":\"Home\",\"item\":\"https:\/\/blogit.gradia.fi\/lukiolaisettyoelamaan\/\"},{\"@type\":\"ListItem\",\"position\":2,\"name\":\"Gladstone Communications Oy: Never give up!\"}]},{\"@type\":\"WebSite\",\"@id\":\"https:\/\/blogit.gradia.fi\/lukiolaisettyoelamaan\/#website\",\"url\":\"https:\/\/blogit.gradia.fi\/lukiolaisettyoelamaan\/\",\"name\":\"Lukiolaiset ty\u00f6el\u00e4m\u00e4\u00e4n\",\"description\":\"Tervetuloa tutustumaan ja poimimaan hyvi\u00e4 k\u00e4yt\u00e4nteit\u00e4!\",\"potentialAction\":[{\"@type\":\"SearchAction\",\"target\":{\"@type\":\"EntryPoint\",\"urlTemplate\":\"https:\/\/blogit.gradia.fi\/lukiolaisettyoelamaan\/?s={search_term_string}\"},\"query-input\":{\"@type\":\"PropertyValueSpecification\",\"valueRequired\":true,\"valueName\":\"search_term_string\"}}],\"inLanguage\":\"fi\"}]}<\/script>\n<!-- \/ Yoast SEO plugin. -->","yoast_head_json":{"title":"Gladstone Communications Oy: Never give up! - Lukiolaiset ty\u00f6el\u00e4m\u00e4\u00e4n","robots":{"index":"index","follow":"follow","max-snippet":"max-snippet:-1","max-image-preview":"max-image-preview:large","max-video-preview":"max-video-preview:-1"},"canonical":"https:\/\/blogit.gradia.fi\/lukiolaisettyoelamaan\/gladstone-communications-oy-never-give-up\/","og_locale":"fi_FI","og_type":"article","og_title":"Gladstone Communications Oy: Never give up! - Lukiolaiset ty\u00f6el\u00e4m\u00e4\u00e4n","og_description":"Gladstone Communications Oy Gladstone Communications Oy tuottaa viestint\u00e4palveluja, TV-, radio- ja video-ohjelmia sek\u00e4 k\u00e4\u00e4nn\u00f6spalveluja. Yritys on viestint\u00e4osaamisen asiantuntija. Yritys on perustettu 1994.&nbsp;&nbsp;&nbsp;&nbsp;&nbsp;&nbsp;&nbsp; Teemme yhteisty\u00f6t\u00e4 yritysten ja kuntien kanssa. &nbsp;&nbsp;&nbsp;&nbsp;&nbsp;&nbsp;&nbsp;&nbsp;&nbsp;&nbsp;&nbsp; Toimintaamme ohjaavat keskeiset periaatteet ja arvot\u202fovat tehokkuus, laatu, avoimuus ja asiakasl\u00e4ht\u00f6isyys. Rekrytointien yhteydess\u00e4 korostamme erityisesti\u202favoimuutta ja luovaa mielt\u00e4. &nbsp;&nbsp;&nbsp;&nbsp;&nbsp;&nbsp;&nbsp;&nbsp;&nbsp;&nbsp;&nbsp;&nbsp; Viestini nuorille, jotka ovat kiinnostuneita yrityksemme toimialasta: &hellip; Jatka lukemista Gladstone Communications Oy: Never give up! &rarr;","og_url":"https:\/\/blogit.gradia.fi\/lukiolaisettyoelamaan\/gladstone-communications-oy-never-give-up\/","og_site_name":"Lukiolaiset ty\u00f6el\u00e4m\u00e4\u00e4n","article_modified_time":"2021-01-05T11:44:36+00:00","og_image":[{"url":"https:\/\/blogit.gradia.fi\/lukiolaisettyoelamaan\/wp-content\/uploads\/sites\/169\/2021\/01\/Gladstone-Communications-1024x682.png","type":"","width":"","height":""}],"twitter_card":"summary_large_image","twitter_misc":{"Arvioitu lukuaika":"1 minuutti"},"schema":{"@context":"https:\/\/schema.org","@graph":[{"@type":"WebPage","@id":"https:\/\/blogit.gradia.fi\/lukiolaisettyoelamaan\/gladstone-communications-oy-never-give-up\/","url":"https:\/\/blogit.gradia.fi\/lukiolaisettyoelamaan\/gladstone-communications-oy-never-give-up\/","name":"Gladstone Communications Oy: Never give up! - Lukiolaiset ty\u00f6el\u00e4m\u00e4\u00e4n","isPartOf":{"@id":"https:\/\/blogit.gradia.fi\/lukiolaisettyoelamaan\/#website"},"primaryImageOfPage":{"@id":"https:\/\/blogit.gradia.fi\/lukiolaisettyoelamaan\/gladstone-communications-oy-never-give-up\/#primaryimage"},"image":{"@id":"https:\/\/blogit.gradia.fi\/lukiolaisettyoelamaan\/gladstone-communications-oy-never-give-up\/#primaryimage"},"thumbnailUrl":"https:\/\/blogit.gradia.fi\/lukiolaisettyoelamaan\/wp-content\/uploads\/sites\/169\/2021\/01\/Gladstone-Communications-1024x682.png","datePublished":"2021-01-05T11:38:14+00:00","dateModified":"2021-01-05T11:44:36+00:00","breadcrumb":{"@id":"https:\/\/blogit.gradia.fi\/lukiolaisettyoelamaan\/gladstone-communications-oy-never-give-up\/#breadcrumb"},"inLanguage":"fi","potentialAction":[{"@type":"ReadAction","target":["https:\/\/blogit.gradia.fi\/lukiolaisettyoelamaan\/gladstone-communications-oy-never-give-up\/"]}]},{"@type":"ImageObject","inLanguage":"fi","@id":"https:\/\/blogit.gradia.fi\/lukiolaisettyoelamaan\/gladstone-communications-oy-never-give-up\/#primaryimage","url":"https:\/\/blogit.gradia.fi\/lukiolaisettyoelamaan\/wp-content\/uploads\/sites\/169\/2021\/01\/Gladstone-Communications.png","contentUrl":"https:\/\/blogit.gradia.fi\/lukiolaisettyoelamaan\/wp-content\/uploads\/sites\/169\/2021\/01\/Gladstone-Communications.png","width":1264,"height":842},{"@type":"BreadcrumbList","@id":"https:\/\/blogit.gradia.fi\/lukiolaisettyoelamaan\/gladstone-communications-oy-never-give-up\/#breadcrumb","itemListElement":[{"@type":"ListItem","position":1,"name":"Home","item":"https:\/\/blogit.gradia.fi\/lukiolaisettyoelamaan\/"},{"@type":"ListItem","position":2,"name":"Gladstone Communications Oy: Never give up!"}]},{"@type":"WebSite","@id":"https:\/\/blogit.gradia.fi\/lukiolaisettyoelamaan\/#website","url":"https:\/\/blogit.gradia.fi\/lukiolaisettyoelamaan\/","name":"Lukiolaiset ty\u00f6el\u00e4m\u00e4\u00e4n","description":"Tervetuloa tutustumaan ja poimimaan hyvi\u00e4 k\u00e4yt\u00e4nteit\u00e4!","potentialAction":[{"@type":"SearchAction","target":{"@type":"EntryPoint","urlTemplate":"https:\/\/blogit.gradia.fi\/lukiolaisettyoelamaan\/?s={search_term_string}"},"query-input":{"@type":"PropertyValueSpecification","valueRequired":true,"valueName":"search_term_string"}}],"inLanguage":"fi"}]}},"uagb_featured_image_src":{"full":false,"thumbnail":false,"medium":false,"medium_large":false,"large":false,"1536x1536":false,"2048x2048":false,"post-thumbnail":false},"uagb_author_info":{"display_name":"Birgitta Mannila","author_link":"https:\/\/blogit.gradia.fi\/lukiolaisettyoelamaan\/author\/mannibir\/"},"uagb_comment_info":0,"uagb_excerpt":"Gladstone Communications Oy Gladstone Communications Oy tuottaa viestint\u00e4palveluja, TV-, radio- ja video-ohjelmia sek\u00e4 k\u00e4\u00e4nn\u00f6spalveluja. Yritys on viestint\u00e4osaamisen asiantuntija. Yritys on perustettu 1994.&nbsp;&nbsp;&nbsp;&nbsp;&nbsp;&nbsp;&nbsp; Teemme yhteisty\u00f6t\u00e4 yritysten ja kuntien kanssa. &nbsp;&nbsp;&nbsp;&nbsp;&nbsp;&nbsp;&nbsp;&nbsp;&nbsp;&nbsp;&nbsp; Toimintaamme ohjaavat keskeiset periaatteet ja arvot\u202fovat tehokkuus, laatu, avoimuus ja asiakasl\u00e4ht\u00f6isyys. Rekrytointien yhteydess\u00e4 korostamme erityisesti\u202favoimuutta ja luovaa mielt\u00e4. &nbsp;&nbsp;&nbsp;&nbsp;&nbsp;&nbsp;&nbsp;&nbsp;&nbsp;&nbsp;&nbsp;&nbsp; Viestini nuorille, jotka ovat kiinnostuneita yrityksemme toimialasta:&hellip;","_links":{"self":[{"href":"https:\/\/blogit.gradia.fi\/lukiolaisettyoelamaan\/wp-json\/wp\/v2\/pages\/787","targetHints":{"allow":["GET"]}}],"collection":[{"href":"https:\/\/blogit.gradia.fi\/lukiolaisettyoelamaan\/wp-json\/wp\/v2\/pages"}],"about":[{"href":"https:\/\/blogit.gradia.fi\/lukiolaisettyoelamaan\/wp-json\/wp\/v2\/types\/page"}],"author":[{"embeddable":true,"href":"https:\/\/blogit.gradia.fi\/lukiolaisettyoelamaan\/wp-json\/wp\/v2\/users\/705"}],"replies":[{"embeddable":true,"href":"https:\/\/blogit.gradia.fi\/lukiolaisettyoelamaan\/wp-json\/wp\/v2\/comments?post=787"}],"version-history":[{"count":3,"href":"https:\/\/blogit.gradia.fi\/lukiolaisettyoelamaan\/wp-json\/wp\/v2\/pages\/787\/revisions"}],"predecessor-version":[{"id":796,"href":"https:\/\/blogit.gradia.fi\/lukiolaisettyoelamaan\/wp-json\/wp\/v2\/pages\/787\/revisions\/796"}],"wp:attachment":[{"href":"https:\/\/blogit.gradia.fi\/lukiolaisettyoelamaan\/wp-json\/wp\/v2\/media?parent=787"}],"curies":[{"name":"wp","href":"https:\/\/api.w.org\/{rel}","templated":true}]}}