{"id":733,"date":"2021-01-04T21:07:32","date_gmt":"2021-01-04T19:07:32","guid":{"rendered":"https:\/\/blogit.gradia.fi\/lukiolaisettyoelamaan\/?page_id=733"},"modified":"2021-01-04T21:07:33","modified_gmt":"2021-01-04T19:07:33","slug":"kirrin-kirppis-tunne-vastuusi-ja-kierrata","status":"publish","type":"page","link":"https:\/\/blogit.gradia.fi\/lukiolaisettyoelamaan\/kirrin-kirppis-tunne-vastuusi-ja-kierrata\/","title":{"rendered":"Kirrin Kirppis: Tunne vastuusi ja kierr\u00e4t\u00e4!"},"content":{"rendered":"\n<figure class=\"wp-block-image size-large\"><img loading=\"lazy\" decoding=\"async\" width=\"1024\" height=\"682\" src=\"https:\/\/blogit.gradia.fi\/lukiolaisettyoelamaan\/wp-content\/uploads\/sites\/169\/2021\/01\/Kirrin-Kirppis-1024x682.png\" alt=\"\" class=\"wp-image-734\" srcset=\"https:\/\/blogit.gradia.fi\/lukiolaisettyoelamaan\/wp-content\/uploads\/sites\/169\/2021\/01\/Kirrin-Kirppis-1024x682.png 1024w, https:\/\/blogit.gradia.fi\/lukiolaisettyoelamaan\/wp-content\/uploads\/sites\/169\/2021\/01\/Kirrin-Kirppis-300x200.png 300w, https:\/\/blogit.gradia.fi\/lukiolaisettyoelamaan\/wp-content\/uploads\/sites\/169\/2021\/01\/Kirrin-Kirppis-768x512.png 768w, https:\/\/blogit.gradia.fi\/lukiolaisettyoelamaan\/wp-content\/uploads\/sites\/169\/2021\/01\/Kirrin-Kirppis.png 1264w\" sizes=\"auto, (max-width: 1024px) 100vw, 1024px\" \/><\/figure>\n\n\n\n<h2 class=\"wp-block-heading\">Sanvest Oy<\/h2>\n\n\n\n<p>Kirrin&nbsp;Kirppis haluaa&nbsp;<strong>toteuttaa ja lis\u00e4t\u00e4 vastuullista kierr\u00e4tt\u00e4mist\u00e4<\/strong>. Haluamme tehd\u00e4 kierr\u00e4tt\u00e4misest\u00e4 mahdollisimman helppoa ja n\u00e4in ollen tarjoamme asiakkaille t\u00e4yden palvelun kierr\u00e4tysmahdollisuutta. Painotamme toimintaamme helppoon kierr\u00e4tt\u00e4miseen sek\u00e4 laatutuotteiden j\u00e4lleenmyyntiin.\u202f\u202f<strong>Lahjoitamme jokaisesta myydyst\u00e4 myyntipaikasta osan hyv\u00e4ntekev\u00e4isyyteen.<\/strong>&nbsp;<\/p>\n\n\n\n<p>Jokainen&nbsp;henkil\u00f6kuntaamme&nbsp; kuuluva&nbsp;ty\u00f6ntekij\u00e4&nbsp;on oma-aloitteisuutensa&nbsp;ja mielenkiintonsa&nbsp;my\u00f6t\u00e4&nbsp;kasvanut&nbsp; kierr\u00e4tys- ja kirpputoritoiminnan&nbsp;&#8221;asiantuntijaksi&#8221;.&nbsp;<\/p>\n\n\n\n<p>Toimintaamme ohjaavat keskeiset periaatteet ja arvot&nbsp;ovat<strong>&nbsp;vastuullisuus, eettisyys ja tehokkuus.<\/strong>&nbsp;<\/p>\n\n\n\n<p>Kun rekrytoimme yritykseemme henkil\u00f6kuntaa,&nbsp;on hakijan&nbsp;oltava<strong> helposti l\u00e4hestytt\u00e4v\u00e4&nbsp;ja&nbsp;asiakaspalveluhenkinen<\/strong>.&nbsp;Arvostamme my\u00f6s <strong>tehokasta, omatoimista&nbsp;ja idearikas nuorta ty\u00f6ntekij\u00e4\u00e4<\/strong>.\u202f\u202f&nbsp;<\/p>\n\n\n\n<p>Viestini nuorille, jotka ovat kiinnostuneita yrityksemme toimialasta:&nbsp;<strong>Kierr\u00e4tt\u00e4miseen ja vastuullisuuteen painottuva toimiala on hyvin kasvava ja ajankohtainen ala, josta kannattaa olla kiinnostunut ihan maailman tilanteenkin vuoksi.\u202f<\/strong>&nbsp;<\/p>\n\n\n\n<p><a href=\"http:\/\/www.kirrinkirppis.fi\" target=\"_blank\" rel=\"noreferrer noopener\">www.kirrinkirppis.fi<\/a><\/p>\n","protected":false},"excerpt":{"rendered":"<p>Sanvest Oy Kirrin&nbsp;Kirppis haluaa&nbsp;toteuttaa ja lis\u00e4t\u00e4 vastuullista kierr\u00e4tt\u00e4mist\u00e4. Haluamme tehd\u00e4 kierr\u00e4tt\u00e4misest\u00e4 mahdollisimman helppoa ja n\u00e4in ollen tarjoamme asiakkaille t\u00e4yden palvelun kierr\u00e4tysmahdollisuutta. Painotamme toimintaamme helppoon kierr\u00e4tt\u00e4miseen sek\u00e4 laatutuotteiden j\u00e4lleenmyyntiin.\u202f\u202fLahjoitamme jokaisesta myydyst\u00e4 myyntipaikasta osan hyv\u00e4ntekev\u00e4isyyteen.&nbsp; Jokainen&nbsp;henkil\u00f6kuntaamme&nbsp; kuuluva&nbsp;ty\u00f6ntekij\u00e4&nbsp;on oma-aloitteisuutensa&nbsp;ja mielenkiintonsa&nbsp;my\u00f6t\u00e4&nbsp;kasvanut&nbsp; kierr\u00e4tys- ja kirpputoritoiminnan&nbsp;&#8221;asiantuntijaksi&#8221;.&nbsp; Toimintaamme ohjaavat keskeiset periaatteet ja arvot&nbsp;ovat&nbsp;vastuullisuus, eettisyys ja tehokkuus.&nbsp; Kun rekrytoimme yritykseemme henkil\u00f6kuntaa,&nbsp;on hakijan&nbsp;oltava helposti &hellip; <a href=\"https:\/\/blogit.gradia.fi\/lukiolaisettyoelamaan\/kirrin-kirppis-tunne-vastuusi-ja-kierrata\/\" class=\"more-link\">Jatka lukemista <span class=\"screen-reader-text\">Kirrin Kirppis: Tunne vastuusi ja kierr\u00e4t\u00e4!<\/span> <span class=\"meta-nav\">&rarr;<\/span><\/a><\/p>\n","protected":false},"author":705,"featured_media":0,"parent":0,"menu_order":0,"comment_status":"closed","ping_status":"closed","template":"","meta":{"_uag_custom_page_level_css":"","footnotes":""},"class_list":["post-733","page","type-page","status-publish","hentry"],"yoast_head":"<!-- This site is optimized with the Yoast SEO plugin v27.2 - https:\/\/yoast.com\/product\/yoast-seo-wordpress\/ -->\n<title>Kirrin Kirppis: Tunne vastuusi ja kierr\u00e4t\u00e4! - Lukiolaiset ty\u00f6el\u00e4m\u00e4\u00e4n<\/title>\n<meta name=\"robots\" content=\"index, follow, max-snippet:-1, max-image-preview:large, max-video-preview:-1\" \/>\n<link rel=\"canonical\" href=\"https:\/\/blogit.gradia.fi\/lukiolaisettyoelamaan\/kirrin-kirppis-tunne-vastuusi-ja-kierrata\/\" \/>\n<meta property=\"og:locale\" content=\"fi_FI\" \/>\n<meta property=\"og:type\" content=\"article\" \/>\n<meta property=\"og:title\" content=\"Kirrin Kirppis: Tunne vastuusi ja kierr\u00e4t\u00e4! - Lukiolaiset ty\u00f6el\u00e4m\u00e4\u00e4n\" \/>\n<meta property=\"og:description\" content=\"Sanvest Oy Kirrin&nbsp;Kirppis haluaa&nbsp;toteuttaa ja lis\u00e4t\u00e4 vastuullista kierr\u00e4tt\u00e4mist\u00e4. Haluamme tehd\u00e4 kierr\u00e4tt\u00e4misest\u00e4 mahdollisimman helppoa ja n\u00e4in ollen tarjoamme asiakkaille t\u00e4yden palvelun kierr\u00e4tysmahdollisuutta. Painotamme toimintaamme helppoon kierr\u00e4tt\u00e4miseen sek\u00e4 laatutuotteiden j\u00e4lleenmyyntiin.\u202f\u202fLahjoitamme jokaisesta myydyst\u00e4 myyntipaikasta osan hyv\u00e4ntekev\u00e4isyyteen.&nbsp; Jokainen&nbsp;henkil\u00f6kuntaamme&nbsp; kuuluva&nbsp;ty\u00f6ntekij\u00e4&nbsp;on oma-aloitteisuutensa&nbsp;ja mielenkiintonsa&nbsp;my\u00f6t\u00e4&nbsp;kasvanut&nbsp; kierr\u00e4tys- ja kirpputoritoiminnan&nbsp;&#8221;asiantuntijaksi&#8221;.&nbsp; Toimintaamme ohjaavat keskeiset periaatteet ja arvot&nbsp;ovat&nbsp;vastuullisuus, eettisyys ja tehokkuus.&nbsp; Kun rekrytoimme yritykseemme henkil\u00f6kuntaa,&nbsp;on hakijan&nbsp;oltava helposti &hellip; Jatka lukemista Kirrin Kirppis: Tunne vastuusi ja kierr\u00e4t\u00e4! &rarr;\" \/>\n<meta property=\"og:url\" content=\"https:\/\/blogit.gradia.fi\/lukiolaisettyoelamaan\/kirrin-kirppis-tunne-vastuusi-ja-kierrata\/\" \/>\n<meta property=\"og:site_name\" content=\"Lukiolaiset ty\u00f6el\u00e4m\u00e4\u00e4n\" \/>\n<meta property=\"article:modified_time\" content=\"2021-01-04T19:07:33+00:00\" \/>\n<meta property=\"og:image\" content=\"https:\/\/blogit.gradia.fi\/lukiolaisettyoelamaan\/wp-content\/uploads\/sites\/169\/2021\/01\/Kirrin-Kirppis-1024x682.png\" \/>\n<meta name=\"twitter:card\" content=\"summary_large_image\" \/>\n<meta name=\"twitter:label1\" content=\"Arvioitu lukuaika\" \/>\n\t<meta name=\"twitter:data1\" content=\"1 minuutti\" \/>\n<script type=\"application\/ld+json\" class=\"yoast-schema-graph\">{\"@context\":\"https:\/\/schema.org\",\"@graph\":[{\"@type\":\"WebPage\",\"@id\":\"https:\/\/blogit.gradia.fi\/lukiolaisettyoelamaan\/kirrin-kirppis-tunne-vastuusi-ja-kierrata\/\",\"url\":\"https:\/\/blogit.gradia.fi\/lukiolaisettyoelamaan\/kirrin-kirppis-tunne-vastuusi-ja-kierrata\/\",\"name\":\"Kirrin Kirppis: Tunne vastuusi ja kierr\u00e4t\u00e4! - Lukiolaiset ty\u00f6el\u00e4m\u00e4\u00e4n\",\"isPartOf\":{\"@id\":\"https:\/\/blogit.gradia.fi\/lukiolaisettyoelamaan\/#website\"},\"primaryImageOfPage\":{\"@id\":\"https:\/\/blogit.gradia.fi\/lukiolaisettyoelamaan\/kirrin-kirppis-tunne-vastuusi-ja-kierrata\/#primaryimage\"},\"image\":{\"@id\":\"https:\/\/blogit.gradia.fi\/lukiolaisettyoelamaan\/kirrin-kirppis-tunne-vastuusi-ja-kierrata\/#primaryimage\"},\"thumbnailUrl\":\"https:\/\/blogit.gradia.fi\/lukiolaisettyoelamaan\/wp-content\/uploads\/sites\/169\/2021\/01\/Kirrin-Kirppis-1024x682.png\",\"datePublished\":\"2021-01-04T19:07:32+00:00\",\"dateModified\":\"2021-01-04T19:07:33+00:00\",\"breadcrumb\":{\"@id\":\"https:\/\/blogit.gradia.fi\/lukiolaisettyoelamaan\/kirrin-kirppis-tunne-vastuusi-ja-kierrata\/#breadcrumb\"},\"inLanguage\":\"fi\",\"potentialAction\":[{\"@type\":\"ReadAction\",\"target\":[\"https:\/\/blogit.gradia.fi\/lukiolaisettyoelamaan\/kirrin-kirppis-tunne-vastuusi-ja-kierrata\/\"]}]},{\"@type\":\"ImageObject\",\"inLanguage\":\"fi\",\"@id\":\"https:\/\/blogit.gradia.fi\/lukiolaisettyoelamaan\/kirrin-kirppis-tunne-vastuusi-ja-kierrata\/#primaryimage\",\"url\":\"https:\/\/blogit.gradia.fi\/lukiolaisettyoelamaan\/wp-content\/uploads\/sites\/169\/2021\/01\/Kirrin-Kirppis.png\",\"contentUrl\":\"https:\/\/blogit.gradia.fi\/lukiolaisettyoelamaan\/wp-content\/uploads\/sites\/169\/2021\/01\/Kirrin-Kirppis.png\",\"width\":1264,\"height\":842},{\"@type\":\"BreadcrumbList\",\"@id\":\"https:\/\/blogit.gradia.fi\/lukiolaisettyoelamaan\/kirrin-kirppis-tunne-vastuusi-ja-kierrata\/#breadcrumb\",\"itemListElement\":[{\"@type\":\"ListItem\",\"position\":1,\"name\":\"Home\",\"item\":\"https:\/\/blogit.gradia.fi\/lukiolaisettyoelamaan\/\"},{\"@type\":\"ListItem\",\"position\":2,\"name\":\"Kirrin Kirppis: Tunne vastuusi ja kierr\u00e4t\u00e4!\"}]},{\"@type\":\"WebSite\",\"@id\":\"https:\/\/blogit.gradia.fi\/lukiolaisettyoelamaan\/#website\",\"url\":\"https:\/\/blogit.gradia.fi\/lukiolaisettyoelamaan\/\",\"name\":\"Lukiolaiset ty\u00f6el\u00e4m\u00e4\u00e4n\",\"description\":\"Tervetuloa tutustumaan ja poimimaan hyvi\u00e4 k\u00e4yt\u00e4nteit\u00e4!\",\"potentialAction\":[{\"@type\":\"SearchAction\",\"target\":{\"@type\":\"EntryPoint\",\"urlTemplate\":\"https:\/\/blogit.gradia.fi\/lukiolaisettyoelamaan\/?s={search_term_string}\"},\"query-input\":{\"@type\":\"PropertyValueSpecification\",\"valueRequired\":true,\"valueName\":\"search_term_string\"}}],\"inLanguage\":\"fi\"}]}<\/script>\n<!-- \/ Yoast SEO plugin. -->","yoast_head_json":{"title":"Kirrin Kirppis: Tunne vastuusi ja kierr\u00e4t\u00e4! - Lukiolaiset ty\u00f6el\u00e4m\u00e4\u00e4n","robots":{"index":"index","follow":"follow","max-snippet":"max-snippet:-1","max-image-preview":"max-image-preview:large","max-video-preview":"max-video-preview:-1"},"canonical":"https:\/\/blogit.gradia.fi\/lukiolaisettyoelamaan\/kirrin-kirppis-tunne-vastuusi-ja-kierrata\/","og_locale":"fi_FI","og_type":"article","og_title":"Kirrin Kirppis: Tunne vastuusi ja kierr\u00e4t\u00e4! - Lukiolaiset ty\u00f6el\u00e4m\u00e4\u00e4n","og_description":"Sanvest Oy Kirrin&nbsp;Kirppis haluaa&nbsp;toteuttaa ja lis\u00e4t\u00e4 vastuullista kierr\u00e4tt\u00e4mist\u00e4. Haluamme tehd\u00e4 kierr\u00e4tt\u00e4misest\u00e4 mahdollisimman helppoa ja n\u00e4in ollen tarjoamme asiakkaille t\u00e4yden palvelun kierr\u00e4tysmahdollisuutta. Painotamme toimintaamme helppoon kierr\u00e4tt\u00e4miseen sek\u00e4 laatutuotteiden j\u00e4lleenmyyntiin.\u202f\u202fLahjoitamme jokaisesta myydyst\u00e4 myyntipaikasta osan hyv\u00e4ntekev\u00e4isyyteen.&nbsp; Jokainen&nbsp;henkil\u00f6kuntaamme&nbsp; kuuluva&nbsp;ty\u00f6ntekij\u00e4&nbsp;on oma-aloitteisuutensa&nbsp;ja mielenkiintonsa&nbsp;my\u00f6t\u00e4&nbsp;kasvanut&nbsp; kierr\u00e4tys- ja kirpputoritoiminnan&nbsp;&#8221;asiantuntijaksi&#8221;.&nbsp; Toimintaamme ohjaavat keskeiset periaatteet ja arvot&nbsp;ovat&nbsp;vastuullisuus, eettisyys ja tehokkuus.&nbsp; Kun rekrytoimme yritykseemme henkil\u00f6kuntaa,&nbsp;on hakijan&nbsp;oltava helposti &hellip; Jatka lukemista Kirrin Kirppis: Tunne vastuusi ja kierr\u00e4t\u00e4! &rarr;","og_url":"https:\/\/blogit.gradia.fi\/lukiolaisettyoelamaan\/kirrin-kirppis-tunne-vastuusi-ja-kierrata\/","og_site_name":"Lukiolaiset ty\u00f6el\u00e4m\u00e4\u00e4n","article_modified_time":"2021-01-04T19:07:33+00:00","og_image":[{"url":"https:\/\/blogit.gradia.fi\/lukiolaisettyoelamaan\/wp-content\/uploads\/sites\/169\/2021\/01\/Kirrin-Kirppis-1024x682.png","type":"","width":"","height":""}],"twitter_card":"summary_large_image","twitter_misc":{"Arvioitu lukuaika":"1 minuutti"},"schema":{"@context":"https:\/\/schema.org","@graph":[{"@type":"WebPage","@id":"https:\/\/blogit.gradia.fi\/lukiolaisettyoelamaan\/kirrin-kirppis-tunne-vastuusi-ja-kierrata\/","url":"https:\/\/blogit.gradia.fi\/lukiolaisettyoelamaan\/kirrin-kirppis-tunne-vastuusi-ja-kierrata\/","name":"Kirrin Kirppis: Tunne vastuusi ja kierr\u00e4t\u00e4! - Lukiolaiset ty\u00f6el\u00e4m\u00e4\u00e4n","isPartOf":{"@id":"https:\/\/blogit.gradia.fi\/lukiolaisettyoelamaan\/#website"},"primaryImageOfPage":{"@id":"https:\/\/blogit.gradia.fi\/lukiolaisettyoelamaan\/kirrin-kirppis-tunne-vastuusi-ja-kierrata\/#primaryimage"},"image":{"@id":"https:\/\/blogit.gradia.fi\/lukiolaisettyoelamaan\/kirrin-kirppis-tunne-vastuusi-ja-kierrata\/#primaryimage"},"thumbnailUrl":"https:\/\/blogit.gradia.fi\/lukiolaisettyoelamaan\/wp-content\/uploads\/sites\/169\/2021\/01\/Kirrin-Kirppis-1024x682.png","datePublished":"2021-01-04T19:07:32+00:00","dateModified":"2021-01-04T19:07:33+00:00","breadcrumb":{"@id":"https:\/\/blogit.gradia.fi\/lukiolaisettyoelamaan\/kirrin-kirppis-tunne-vastuusi-ja-kierrata\/#breadcrumb"},"inLanguage":"fi","potentialAction":[{"@type":"ReadAction","target":["https:\/\/blogit.gradia.fi\/lukiolaisettyoelamaan\/kirrin-kirppis-tunne-vastuusi-ja-kierrata\/"]}]},{"@type":"ImageObject","inLanguage":"fi","@id":"https:\/\/blogit.gradia.fi\/lukiolaisettyoelamaan\/kirrin-kirppis-tunne-vastuusi-ja-kierrata\/#primaryimage","url":"https:\/\/blogit.gradia.fi\/lukiolaisettyoelamaan\/wp-content\/uploads\/sites\/169\/2021\/01\/Kirrin-Kirppis.png","contentUrl":"https:\/\/blogit.gradia.fi\/lukiolaisettyoelamaan\/wp-content\/uploads\/sites\/169\/2021\/01\/Kirrin-Kirppis.png","width":1264,"height":842},{"@type":"BreadcrumbList","@id":"https:\/\/blogit.gradia.fi\/lukiolaisettyoelamaan\/kirrin-kirppis-tunne-vastuusi-ja-kierrata\/#breadcrumb","itemListElement":[{"@type":"ListItem","position":1,"name":"Home","item":"https:\/\/blogit.gradia.fi\/lukiolaisettyoelamaan\/"},{"@type":"ListItem","position":2,"name":"Kirrin Kirppis: Tunne vastuusi ja kierr\u00e4t\u00e4!"}]},{"@type":"WebSite","@id":"https:\/\/blogit.gradia.fi\/lukiolaisettyoelamaan\/#website","url":"https:\/\/blogit.gradia.fi\/lukiolaisettyoelamaan\/","name":"Lukiolaiset ty\u00f6el\u00e4m\u00e4\u00e4n","description":"Tervetuloa tutustumaan ja poimimaan hyvi\u00e4 k\u00e4yt\u00e4nteit\u00e4!","potentialAction":[{"@type":"SearchAction","target":{"@type":"EntryPoint","urlTemplate":"https:\/\/blogit.gradia.fi\/lukiolaisettyoelamaan\/?s={search_term_string}"},"query-input":{"@type":"PropertyValueSpecification","valueRequired":true,"valueName":"search_term_string"}}],"inLanguage":"fi"}]}},"uagb_featured_image_src":{"full":false,"thumbnail":false,"medium":false,"medium_large":false,"large":false,"1536x1536":false,"2048x2048":false,"post-thumbnail":false},"uagb_author_info":{"display_name":"Birgitta Mannila","author_link":"https:\/\/blogit.gradia.fi\/lukiolaisettyoelamaan\/author\/mannibir\/"},"uagb_comment_info":0,"uagb_excerpt":"Sanvest Oy Kirrin&nbsp;Kirppis haluaa&nbsp;toteuttaa ja lis\u00e4t\u00e4 vastuullista kierr\u00e4tt\u00e4mist\u00e4. Haluamme tehd\u00e4 kierr\u00e4tt\u00e4misest\u00e4 mahdollisimman helppoa ja n\u00e4in ollen tarjoamme asiakkaille t\u00e4yden palvelun kierr\u00e4tysmahdollisuutta. Painotamme toimintaamme helppoon kierr\u00e4tt\u00e4miseen sek\u00e4 laatutuotteiden j\u00e4lleenmyyntiin.\u202f\u202fLahjoitamme jokaisesta myydyst\u00e4 myyntipaikasta osan hyv\u00e4ntekev\u00e4isyyteen.&nbsp; Jokainen&nbsp;henkil\u00f6kuntaamme&nbsp; kuuluva&nbsp;ty\u00f6ntekij\u00e4&nbsp;on oma-aloitteisuutensa&nbsp;ja mielenkiintonsa&nbsp;my\u00f6t\u00e4&nbsp;kasvanut&nbsp; kierr\u00e4tys- ja kirpputoritoiminnan&nbsp;&#8221;asiantuntijaksi&#8221;.&nbsp; Toimintaamme ohjaavat keskeiset periaatteet ja arvot&nbsp;ovat&nbsp;vastuullisuus, eettisyys ja tehokkuus.&nbsp; Kun rekrytoimme yritykseemme henkil\u00f6kuntaa,&nbsp;on hakijan&nbsp;oltava helposti&hellip;","_links":{"self":[{"href":"https:\/\/blogit.gradia.fi\/lukiolaisettyoelamaan\/wp-json\/wp\/v2\/pages\/733","targetHints":{"allow":["GET"]}}],"collection":[{"href":"https:\/\/blogit.gradia.fi\/lukiolaisettyoelamaan\/wp-json\/wp\/v2\/pages"}],"about":[{"href":"https:\/\/blogit.gradia.fi\/lukiolaisettyoelamaan\/wp-json\/wp\/v2\/types\/page"}],"author":[{"embeddable":true,"href":"https:\/\/blogit.gradia.fi\/lukiolaisettyoelamaan\/wp-json\/wp\/v2\/users\/705"}],"replies":[{"embeddable":true,"href":"https:\/\/blogit.gradia.fi\/lukiolaisettyoelamaan\/wp-json\/wp\/v2\/comments?post=733"}],"version-history":[{"count":2,"href":"https:\/\/blogit.gradia.fi\/lukiolaisettyoelamaan\/wp-json\/wp\/v2\/pages\/733\/revisions"}],"predecessor-version":[{"id":736,"href":"https:\/\/blogit.gradia.fi\/lukiolaisettyoelamaan\/wp-json\/wp\/v2\/pages\/733\/revisions\/736"}],"wp:attachment":[{"href":"https:\/\/blogit.gradia.fi\/lukiolaisettyoelamaan\/wp-json\/wp\/v2\/media?parent=733"}],"curies":[{"name":"wp","href":"https:\/\/api.w.org\/{rel}","templated":true}]}}