{"id":717,"date":"2021-01-04T19:48:27","date_gmt":"2021-01-04T17:48:27","guid":{"rendered":"https:\/\/blogit.gradia.fi\/lukiolaisettyoelamaan\/?page_id=717"},"modified":"2021-01-04T19:48:27","modified_gmt":"2021-01-04T17:48:27","slug":"ihanin-piha%e2%80%afota-rohkeasti-yhteytta","status":"publish","type":"page","link":"https:\/\/blogit.gradia.fi\/lukiolaisettyoelamaan\/ihanin-piha%e2%80%afota-rohkeasti-yhteytta\/","title":{"rendered":"Ihanin Piha:\u202fOta rohkeasti yhteytt\u00e4!"},"content":{"rendered":"\n<figure class=\"wp-block-image size-large\"><img loading=\"lazy\" decoding=\"async\" width=\"1024\" height=\"683\" src=\"https:\/\/blogit.gradia.fi\/lukiolaisettyoelamaan\/wp-content\/uploads\/sites\/169\/2021\/01\/Ihanin-Piha-1024x683.png\" alt=\"\" class=\"wp-image-718\" srcset=\"https:\/\/blogit.gradia.fi\/lukiolaisettyoelamaan\/wp-content\/uploads\/sites\/169\/2021\/01\/Ihanin-Piha-1024x683.png 1024w, https:\/\/blogit.gradia.fi\/lukiolaisettyoelamaan\/wp-content\/uploads\/sites\/169\/2021\/01\/Ihanin-Piha-300x200.png 300w, https:\/\/blogit.gradia.fi\/lukiolaisettyoelamaan\/wp-content\/uploads\/sites\/169\/2021\/01\/Ihanin-Piha-768x512.png 768w, https:\/\/blogit.gradia.fi\/lukiolaisettyoelamaan\/wp-content\/uploads\/sites\/169\/2021\/01\/Ihanin-Piha.png 1263w\" sizes=\"auto, (max-width: 1024px) 100vw, 1024px\" \/><\/figure>\n\n\n\n<h2 class=\"wp-block-heading\">Ihanin Piha Oy<\/h2>\n\n\n\n<p><strong>&nbsp;Ihanin Piha Oy suunnittelee ja hoitaa pihoja asiakasl\u00e4ht\u00f6isesti sek\u00e4 laadukkaasti Jyv\u00e4skyl\u00e4ss\u00e4 ja l\u00e4hiseuduilla. <\/strong> Yrityksen toimialaa ovat puutarha-ala ja viherrakentaminen. Ihanin Piha Oy on pihanhoitot\u00f6iden, pihasuunnittelun, pihaneuvonnan ja piharakentamisen (istutukset ja kivity\u00f6t) asiantuntija. Ihanin Piha Oy on perustettu 2018.<\/p>\n\n\n\n<p>Olen puutarhuri ja yksinyritt\u00e4j\u00e4, joten h\u00e4n vastaa kaikesta itse. T\u00e4rkeimpi\u00e4 yhteisty\u00f6tahoja Ihanin Piha Oy:n kanssa ovat muut viheralan yritykset ja maansiirtofirmat.\u00a0\u00a0\u00a0\u00a0\u00a0\u00a0\u00a0\u00a0\u00a0\u00a0\u00a0\u00a0\u00a0\u00a0\u00a0\u00a0\u00a0\u00a0\u00a0\u00a0 <\/p>\n\n\n\n<p>Ihanin Piha Oy:n toimintaa ohjaavat keskeiset periaatteet ja arvot ovat<strong> laatu, asiakasl\u00e4ht\u00f6isyys ja ekologisuus<\/strong>. &nbsp;&nbsp;&nbsp;&nbsp;&nbsp;&nbsp;&nbsp;&nbsp;&nbsp;&nbsp;&nbsp;&nbsp;&nbsp;&nbsp;&nbsp;&nbsp;&nbsp;&nbsp;&nbsp;&nbsp; <\/p>\n\n\n\n<p>Rekrytoinnin yhteydess\u00e4 korostan erityisesti<strong> oma-aloitteisuutta (sill\u00e4 kaikki kohteet erilaisia), mielenkiintoa alalle sek\u00e4 halua oppia uutta.\u00a0<\/strong>\u00a0\u00a0\u00a0\u00a0\u00a0\u00a0\u00a0\u00a0\u00a0\u00a0\u00a0\u00a0\u00a0\u00a0\u00a0\u00a0\u00a0\u00a0\u00a0\u00a0<\/p>\n\n\n\n<p>Viestini nuorille, jotka ovat kiinnostuneita yrityksen toimialasta: <strong>Ota rohkeasti yhteytt\u00e4, pid\u00e4n ty\u00f6h\u00f6n opastamisesta ja opettamisesta, jos sinulta l\u00f6ytyy motivaatiota ja kiinnostusta alalle.<\/strong><\/p>\n\n\n\n<p><a href=\"http:\/\/www.ihaninpiha.fi\" target=\"_blank\" rel=\"noreferrer noopener\">www.ihaninpiha.fi<\/a>&nbsp;&nbsp;&nbsp;<\/p>\n","protected":false},"excerpt":{"rendered":"<p>Ihanin Piha Oy &nbsp;Ihanin Piha Oy suunnittelee ja hoitaa pihoja asiakasl\u00e4ht\u00f6isesti sek\u00e4 laadukkaasti Jyv\u00e4skyl\u00e4ss\u00e4 ja l\u00e4hiseuduilla. Yrityksen toimialaa ovat puutarha-ala ja viherrakentaminen. Ihanin Piha Oy on pihanhoitot\u00f6iden, pihasuunnittelun, pihaneuvonnan ja piharakentamisen (istutukset ja kivity\u00f6t) asiantuntija. Ihanin Piha Oy on perustettu 2018. Olen puutarhuri ja yksinyritt\u00e4j\u00e4, joten h\u00e4n vastaa kaikesta itse. T\u00e4rkeimpi\u00e4 yhteisty\u00f6tahoja Ihanin Piha Oy:n &hellip; <a href=\"https:\/\/blogit.gradia.fi\/lukiolaisettyoelamaan\/ihanin-piha%e2%80%afota-rohkeasti-yhteytta\/\" class=\"more-link\">Jatka lukemista <span class=\"screen-reader-text\">Ihanin Piha:\u202fOta rohkeasti yhteytt\u00e4!<\/span> <span class=\"meta-nav\">&rarr;<\/span><\/a><\/p>\n","protected":false},"author":705,"featured_media":0,"parent":0,"menu_order":0,"comment_status":"closed","ping_status":"closed","template":"","meta":{"_uag_custom_page_level_css":"","footnotes":""},"class_list":["post-717","page","type-page","status-publish","hentry"],"yoast_head":"<!-- This site is optimized with the Yoast SEO plugin v27.2 - https:\/\/yoast.com\/product\/yoast-seo-wordpress\/ -->\n<title>Ihanin Piha:\u202fOta rohkeasti yhteytt\u00e4! - Lukiolaiset ty\u00f6el\u00e4m\u00e4\u00e4n<\/title>\n<meta name=\"robots\" content=\"index, follow, max-snippet:-1, max-image-preview:large, max-video-preview:-1\" \/>\n<link rel=\"canonical\" href=\"https:\/\/blogit.gradia.fi\/lukiolaisettyoelamaan\/ihanin-piha\u202fota-rohkeasti-yhteytta\/\" \/>\n<meta property=\"og:locale\" content=\"fi_FI\" \/>\n<meta property=\"og:type\" content=\"article\" \/>\n<meta property=\"og:title\" content=\"Ihanin Piha:\u202fOta rohkeasti yhteytt\u00e4! - Lukiolaiset ty\u00f6el\u00e4m\u00e4\u00e4n\" \/>\n<meta property=\"og:description\" content=\"Ihanin Piha Oy &nbsp;Ihanin Piha Oy suunnittelee ja hoitaa pihoja asiakasl\u00e4ht\u00f6isesti sek\u00e4 laadukkaasti Jyv\u00e4skyl\u00e4ss\u00e4 ja l\u00e4hiseuduilla. Yrityksen toimialaa ovat puutarha-ala ja viherrakentaminen. Ihanin Piha Oy on pihanhoitot\u00f6iden, pihasuunnittelun, pihaneuvonnan ja piharakentamisen (istutukset ja kivity\u00f6t) asiantuntija. Ihanin Piha Oy on perustettu 2018. Olen puutarhuri ja yksinyritt\u00e4j\u00e4, joten h\u00e4n vastaa kaikesta itse. T\u00e4rkeimpi\u00e4 yhteisty\u00f6tahoja Ihanin Piha Oy:n &hellip; Jatka lukemista Ihanin Piha:\u202fOta rohkeasti yhteytt\u00e4! &rarr;\" \/>\n<meta property=\"og:url\" content=\"https:\/\/blogit.gradia.fi\/lukiolaisettyoelamaan\/ihanin-piha\u202fota-rohkeasti-yhteytta\/\" \/>\n<meta property=\"og:site_name\" content=\"Lukiolaiset ty\u00f6el\u00e4m\u00e4\u00e4n\" \/>\n<meta property=\"og:image\" content=\"https:\/\/blogit.gradia.fi\/lukiolaisettyoelamaan\/wp-content\/uploads\/sites\/169\/2021\/01\/Ihanin-Piha-1024x683.png\" \/>\n<meta name=\"twitter:card\" content=\"summary_large_image\" \/>\n<meta name=\"twitter:label1\" content=\"Arvioitu lukuaika\" \/>\n\t<meta name=\"twitter:data1\" content=\"1 minuutti\" \/>\n<script type=\"application\/ld+json\" class=\"yoast-schema-graph\">{\"@context\":\"https:\/\/schema.org\",\"@graph\":[{\"@type\":\"WebPage\",\"@id\":\"https:\/\/blogit.gradia.fi\/lukiolaisettyoelamaan\/ihanin-piha%e2%80%afota-rohkeasti-yhteytta\/\",\"url\":\"https:\/\/blogit.gradia.fi\/lukiolaisettyoelamaan\/ihanin-piha%e2%80%afota-rohkeasti-yhteytta\/\",\"name\":\"Ihanin Piha:\u202fOta rohkeasti yhteytt\u00e4! - Lukiolaiset ty\u00f6el\u00e4m\u00e4\u00e4n\",\"isPartOf\":{\"@id\":\"https:\/\/blogit.gradia.fi\/lukiolaisettyoelamaan\/#website\"},\"primaryImageOfPage\":{\"@id\":\"https:\/\/blogit.gradia.fi\/lukiolaisettyoelamaan\/ihanin-piha%e2%80%afota-rohkeasti-yhteytta\/#primaryimage\"},\"image\":{\"@id\":\"https:\/\/blogit.gradia.fi\/lukiolaisettyoelamaan\/ihanin-piha%e2%80%afota-rohkeasti-yhteytta\/#primaryimage\"},\"thumbnailUrl\":\"https:\/\/blogit.gradia.fi\/lukiolaisettyoelamaan\/wp-content\/uploads\/sites\/169\/2021\/01\/Ihanin-Piha-1024x683.png\",\"datePublished\":\"2021-01-04T17:48:27+00:00\",\"breadcrumb\":{\"@id\":\"https:\/\/blogit.gradia.fi\/lukiolaisettyoelamaan\/ihanin-piha%e2%80%afota-rohkeasti-yhteytta\/#breadcrumb\"},\"inLanguage\":\"fi\",\"potentialAction\":[{\"@type\":\"ReadAction\",\"target\":[\"https:\/\/blogit.gradia.fi\/lukiolaisettyoelamaan\/ihanin-piha%e2%80%afota-rohkeasti-yhteytta\/\"]}]},{\"@type\":\"ImageObject\",\"inLanguage\":\"fi\",\"@id\":\"https:\/\/blogit.gradia.fi\/lukiolaisettyoelamaan\/ihanin-piha%e2%80%afota-rohkeasti-yhteytta\/#primaryimage\",\"url\":\"https:\/\/blogit.gradia.fi\/lukiolaisettyoelamaan\/wp-content\/uploads\/sites\/169\/2021\/01\/Ihanin-Piha.png\",\"contentUrl\":\"https:\/\/blogit.gradia.fi\/lukiolaisettyoelamaan\/wp-content\/uploads\/sites\/169\/2021\/01\/Ihanin-Piha.png\",\"width\":1263,\"height\":842},{\"@type\":\"BreadcrumbList\",\"@id\":\"https:\/\/blogit.gradia.fi\/lukiolaisettyoelamaan\/ihanin-piha%e2%80%afota-rohkeasti-yhteytta\/#breadcrumb\",\"itemListElement\":[{\"@type\":\"ListItem\",\"position\":1,\"name\":\"Home\",\"item\":\"https:\/\/blogit.gradia.fi\/lukiolaisettyoelamaan\/\"},{\"@type\":\"ListItem\",\"position\":2,\"name\":\"Ihanin Piha:\u202fOta rohkeasti yhteytt\u00e4!\"}]},{\"@type\":\"WebSite\",\"@id\":\"https:\/\/blogit.gradia.fi\/lukiolaisettyoelamaan\/#website\",\"url\":\"https:\/\/blogit.gradia.fi\/lukiolaisettyoelamaan\/\",\"name\":\"Lukiolaiset ty\u00f6el\u00e4m\u00e4\u00e4n\",\"description\":\"Tervetuloa tutustumaan ja poimimaan hyvi\u00e4 k\u00e4yt\u00e4nteit\u00e4!\",\"potentialAction\":[{\"@type\":\"SearchAction\",\"target\":{\"@type\":\"EntryPoint\",\"urlTemplate\":\"https:\/\/blogit.gradia.fi\/lukiolaisettyoelamaan\/?s={search_term_string}\"},\"query-input\":{\"@type\":\"PropertyValueSpecification\",\"valueRequired\":true,\"valueName\":\"search_term_string\"}}],\"inLanguage\":\"fi\"}]}<\/script>\n<!-- \/ Yoast SEO plugin. -->","yoast_head_json":{"title":"Ihanin Piha:\u202fOta rohkeasti yhteytt\u00e4! - Lukiolaiset ty\u00f6el\u00e4m\u00e4\u00e4n","robots":{"index":"index","follow":"follow","max-snippet":"max-snippet:-1","max-image-preview":"max-image-preview:large","max-video-preview":"max-video-preview:-1"},"canonical":"https:\/\/blogit.gradia.fi\/lukiolaisettyoelamaan\/ihanin-piha\u202fota-rohkeasti-yhteytta\/","og_locale":"fi_FI","og_type":"article","og_title":"Ihanin Piha:\u202fOta rohkeasti yhteytt\u00e4! - Lukiolaiset ty\u00f6el\u00e4m\u00e4\u00e4n","og_description":"Ihanin Piha Oy &nbsp;Ihanin Piha Oy suunnittelee ja hoitaa pihoja asiakasl\u00e4ht\u00f6isesti sek\u00e4 laadukkaasti Jyv\u00e4skyl\u00e4ss\u00e4 ja l\u00e4hiseuduilla. Yrityksen toimialaa ovat puutarha-ala ja viherrakentaminen. Ihanin Piha Oy on pihanhoitot\u00f6iden, pihasuunnittelun, pihaneuvonnan ja piharakentamisen (istutukset ja kivity\u00f6t) asiantuntija. Ihanin Piha Oy on perustettu 2018. Olen puutarhuri ja yksinyritt\u00e4j\u00e4, joten h\u00e4n vastaa kaikesta itse. T\u00e4rkeimpi\u00e4 yhteisty\u00f6tahoja Ihanin Piha Oy:n &hellip; Jatka lukemista Ihanin Piha:\u202fOta rohkeasti yhteytt\u00e4! &rarr;","og_url":"https:\/\/blogit.gradia.fi\/lukiolaisettyoelamaan\/ihanin-piha\u202fota-rohkeasti-yhteytta\/","og_site_name":"Lukiolaiset ty\u00f6el\u00e4m\u00e4\u00e4n","og_image":[{"url":"https:\/\/blogit.gradia.fi\/lukiolaisettyoelamaan\/wp-content\/uploads\/sites\/169\/2021\/01\/Ihanin-Piha-1024x683.png","type":"","width":"","height":""}],"twitter_card":"summary_large_image","twitter_misc":{"Arvioitu lukuaika":"1 minuutti"},"schema":{"@context":"https:\/\/schema.org","@graph":[{"@type":"WebPage","@id":"https:\/\/blogit.gradia.fi\/lukiolaisettyoelamaan\/ihanin-piha%e2%80%afota-rohkeasti-yhteytta\/","url":"https:\/\/blogit.gradia.fi\/lukiolaisettyoelamaan\/ihanin-piha%e2%80%afota-rohkeasti-yhteytta\/","name":"Ihanin Piha:\u202fOta rohkeasti yhteytt\u00e4! - Lukiolaiset ty\u00f6el\u00e4m\u00e4\u00e4n","isPartOf":{"@id":"https:\/\/blogit.gradia.fi\/lukiolaisettyoelamaan\/#website"},"primaryImageOfPage":{"@id":"https:\/\/blogit.gradia.fi\/lukiolaisettyoelamaan\/ihanin-piha%e2%80%afota-rohkeasti-yhteytta\/#primaryimage"},"image":{"@id":"https:\/\/blogit.gradia.fi\/lukiolaisettyoelamaan\/ihanin-piha%e2%80%afota-rohkeasti-yhteytta\/#primaryimage"},"thumbnailUrl":"https:\/\/blogit.gradia.fi\/lukiolaisettyoelamaan\/wp-content\/uploads\/sites\/169\/2021\/01\/Ihanin-Piha-1024x683.png","datePublished":"2021-01-04T17:48:27+00:00","breadcrumb":{"@id":"https:\/\/blogit.gradia.fi\/lukiolaisettyoelamaan\/ihanin-piha%e2%80%afota-rohkeasti-yhteytta\/#breadcrumb"},"inLanguage":"fi","potentialAction":[{"@type":"ReadAction","target":["https:\/\/blogit.gradia.fi\/lukiolaisettyoelamaan\/ihanin-piha%e2%80%afota-rohkeasti-yhteytta\/"]}]},{"@type":"ImageObject","inLanguage":"fi","@id":"https:\/\/blogit.gradia.fi\/lukiolaisettyoelamaan\/ihanin-piha%e2%80%afota-rohkeasti-yhteytta\/#primaryimage","url":"https:\/\/blogit.gradia.fi\/lukiolaisettyoelamaan\/wp-content\/uploads\/sites\/169\/2021\/01\/Ihanin-Piha.png","contentUrl":"https:\/\/blogit.gradia.fi\/lukiolaisettyoelamaan\/wp-content\/uploads\/sites\/169\/2021\/01\/Ihanin-Piha.png","width":1263,"height":842},{"@type":"BreadcrumbList","@id":"https:\/\/blogit.gradia.fi\/lukiolaisettyoelamaan\/ihanin-piha%e2%80%afota-rohkeasti-yhteytta\/#breadcrumb","itemListElement":[{"@type":"ListItem","position":1,"name":"Home","item":"https:\/\/blogit.gradia.fi\/lukiolaisettyoelamaan\/"},{"@type":"ListItem","position":2,"name":"Ihanin Piha:\u202fOta rohkeasti yhteytt\u00e4!"}]},{"@type":"WebSite","@id":"https:\/\/blogit.gradia.fi\/lukiolaisettyoelamaan\/#website","url":"https:\/\/blogit.gradia.fi\/lukiolaisettyoelamaan\/","name":"Lukiolaiset ty\u00f6el\u00e4m\u00e4\u00e4n","description":"Tervetuloa tutustumaan ja poimimaan hyvi\u00e4 k\u00e4yt\u00e4nteit\u00e4!","potentialAction":[{"@type":"SearchAction","target":{"@type":"EntryPoint","urlTemplate":"https:\/\/blogit.gradia.fi\/lukiolaisettyoelamaan\/?s={search_term_string}"},"query-input":{"@type":"PropertyValueSpecification","valueRequired":true,"valueName":"search_term_string"}}],"inLanguage":"fi"}]}},"uagb_featured_image_src":{"full":false,"thumbnail":false,"medium":false,"medium_large":false,"large":false,"1536x1536":false,"2048x2048":false,"post-thumbnail":false},"uagb_author_info":{"display_name":"Birgitta Mannila","author_link":"https:\/\/blogit.gradia.fi\/lukiolaisettyoelamaan\/author\/mannibir\/"},"uagb_comment_info":0,"uagb_excerpt":"Ihanin Piha Oy &nbsp;Ihanin Piha Oy suunnittelee ja hoitaa pihoja asiakasl\u00e4ht\u00f6isesti sek\u00e4 laadukkaasti Jyv\u00e4skyl\u00e4ss\u00e4 ja l\u00e4hiseuduilla. Yrityksen toimialaa ovat puutarha-ala ja viherrakentaminen. Ihanin Piha Oy on pihanhoitot\u00f6iden, pihasuunnittelun, pihaneuvonnan ja piharakentamisen (istutukset ja kivity\u00f6t) asiantuntija. Ihanin Piha Oy on perustettu 2018. Olen puutarhuri ja yksinyritt\u00e4j\u00e4, joten h\u00e4n vastaa kaikesta itse. T\u00e4rkeimpi\u00e4 yhteisty\u00f6tahoja Ihanin Piha Oy:n&hellip;","_links":{"self":[{"href":"https:\/\/blogit.gradia.fi\/lukiolaisettyoelamaan\/wp-json\/wp\/v2\/pages\/717","targetHints":{"allow":["GET"]}}],"collection":[{"href":"https:\/\/blogit.gradia.fi\/lukiolaisettyoelamaan\/wp-json\/wp\/v2\/pages"}],"about":[{"href":"https:\/\/blogit.gradia.fi\/lukiolaisettyoelamaan\/wp-json\/wp\/v2\/types\/page"}],"author":[{"embeddable":true,"href":"https:\/\/blogit.gradia.fi\/lukiolaisettyoelamaan\/wp-json\/wp\/v2\/users\/705"}],"replies":[{"embeddable":true,"href":"https:\/\/blogit.gradia.fi\/lukiolaisettyoelamaan\/wp-json\/wp\/v2\/comments?post=717"}],"version-history":[{"count":4,"href":"https:\/\/blogit.gradia.fi\/lukiolaisettyoelamaan\/wp-json\/wp\/v2\/pages\/717\/revisions"}],"predecessor-version":[{"id":722,"href":"https:\/\/blogit.gradia.fi\/lukiolaisettyoelamaan\/wp-json\/wp\/v2\/pages\/717\/revisions\/722"}],"wp:attachment":[{"href":"https:\/\/blogit.gradia.fi\/lukiolaisettyoelamaan\/wp-json\/wp\/v2\/media?parent=717"}],"curies":[{"name":"wp","href":"https:\/\/api.w.org\/{rel}","templated":true}]}}