{"id":711,"date":"2021-01-04T19:25:45","date_gmt":"2021-01-04T17:25:45","guid":{"rendered":"https:\/\/blogit.gradia.fi\/lukiolaisettyoelamaan\/?page_id=711"},"modified":"2021-01-04T19:25:45","modified_gmt":"2021-01-04T17:25:45","slug":"titityy-harrastuneisuus-saattaa-avata-tyopaikkoja-yllattaviltakin-aloilta","status":"publish","type":"page","link":"https:\/\/blogit.gradia.fi\/lukiolaisettyoelamaan\/titityy-harrastuneisuus-saattaa-avata-tyopaikkoja-yllattaviltakin-aloilta\/","title":{"rendered":"Titityy: Harrastuneisuus saattaa avata ty\u00f6paikkoja yll\u00e4tt\u00e4vilt\u00e4kin aloilta!"},"content":{"rendered":"\n<figure class=\"wp-block-image size-large\"><img loading=\"lazy\" decoding=\"async\" width=\"1024\" height=\"677\" src=\"https:\/\/blogit.gradia.fi\/lukiolaisettyoelamaan\/wp-content\/uploads\/sites\/169\/2021\/01\/Titityy-1024x677.png\" alt=\"\" class=\"wp-image-712\" srcset=\"https:\/\/blogit.gradia.fi\/lukiolaisettyoelamaan\/wp-content\/uploads\/sites\/169\/2021\/01\/Titityy-1024x677.png 1024w, https:\/\/blogit.gradia.fi\/lukiolaisettyoelamaan\/wp-content\/uploads\/sites\/169\/2021\/01\/Titityy-300x198.png 300w, https:\/\/blogit.gradia.fi\/lukiolaisettyoelamaan\/wp-content\/uploads\/sites\/169\/2021\/01\/Titityy-768x508.png 768w, https:\/\/blogit.gradia.fi\/lukiolaisettyoelamaan\/wp-content\/uploads\/sites\/169\/2021\/01\/Titityy.png 1274w\" sizes=\"auto, (max-width: 1024px) 100vw, 1024px\" \/><\/figure>\n\n\n\n<h2 class=\"wp-block-heading\">Titityy Oy<\/h2>\n\n\n\n<p><strong>Titityy Oy on erikoistunut k\u00e4sity\u00f6tarvikkeiden ja neulelankojen myyntiin<\/strong>.\u202fYritys, jonka toimialaan kuuluu tukku- ja kuluttajakauppa, on perustettu vuonna 2006.&nbsp;&nbsp;<\/p>\n\n\n\n<p>Kivijalkakauppa ja verkkokauppa sijaitsevat Toivolan Vanhalla Pihalla Jyv\u00e4skyl\u00e4ss\u00e4. Yrityksell\u00e4 on oma tuotemerkki&nbsp;Tukuwool\u00ae. Yritykselle on t\u00e4rke\u00e4\u00e4 laatu ja, ett\u00e4 materiaalit ovat luonnonmukaisia.&nbsp;Titityy on halunnut my\u00f6s&nbsp;<strong>rohkeasti avata uusia polkuja<\/strong>&nbsp;mm. suunnittelemalla&nbsp;<strong>musiikillista el\u00e4myst\u00e4 neuleiltakonsertin muodossa<\/strong>. K\u00e4sit\u00f6ist\u00e4 kiinnostuneille heid\u00e4n kotisivuiltaan l\u00f6ytyy runsaasti ideoita niin klassisiin kuin kest\u00e4v\u00e4n kehityksen&nbsp;periaatteiden&nbsp;mukaisiin k\u00e4sit\u00f6ihin.&nbsp;<\/p>\n\n\n\n<p>Teemme yhteisty\u00f6t\u00e4 toisten yritysten ja yritysj\u00e4rjest\u00f6jen.&nbsp;<\/p>\n\n\n\n<p>Toimintaamme ohjaavat keskeiset periaatteet ja arvot ovat<strong>&nbsp;ty\u00f6yhteis\u00f6n&nbsp;<\/strong><strong>hyvinvointi, eettisyys ja asiakasl\u00e4ht\u00f6isyys<\/strong><strong>.<\/strong><strong>\u202f<\/strong>&nbsp;<\/p>\n\n\n\n<p>Rekrytointien yhteydess\u00e4 korostamme erityisesti sosiaalisia&nbsp;vuorovaikutustaitoja sek\u00e4 erityisosaamista neulonnasta.\u202f\u202f&nbsp;<\/p>\n\n\n\n<p>Viestini nuorille, jotka ovat kiinnostuneita yrityksemme toimialasta: Verkkokauppa on kasvava bisnes.&nbsp;<strong>Koulutus ei aina ole m\u00e4\u00e4r\u00e4\u00e4v\u00e4 tekij\u00e4 vaan harrastuneisuus saattaa avata ty\u00f6paikkoja yll\u00e4tt\u00e4vilt\u00e4kin aloita.&nbsp;Meill\u00e4 ei kukaan, min\u00e4 mukaan lukien, ole koulutusta vastaavissa t\u00f6iss\u00e4. Kouluttautua voi my\u00f6s ty\u00f6n ohella ty\u00f6h\u00f6n tarvitsemiin asioihin.<\/strong>\u202f&nbsp;<\/p>\n\n\n\n<p><a href=\"http:\/\/www.titityy.fi\" target=\"_blank\" rel=\"noreferrer noopener\">www.titityy.fi<\/a><\/p>\n","protected":false},"excerpt":{"rendered":"<p>Titityy Oy Titityy Oy on erikoistunut k\u00e4sity\u00f6tarvikkeiden ja neulelankojen myyntiin.\u202fYritys, jonka toimialaan kuuluu tukku- ja kuluttajakauppa, on perustettu vuonna 2006.&nbsp;&nbsp; Kivijalkakauppa ja verkkokauppa sijaitsevat Toivolan Vanhalla Pihalla Jyv\u00e4skyl\u00e4ss\u00e4. Yrityksell\u00e4 on oma tuotemerkki&nbsp;Tukuwool\u00ae. Yritykselle on t\u00e4rke\u00e4\u00e4 laatu ja, ett\u00e4 materiaalit ovat luonnonmukaisia.&nbsp;Titityy on halunnut my\u00f6s&nbsp;rohkeasti avata uusia polkuja&nbsp;mm. suunnittelemalla&nbsp;musiikillista el\u00e4myst\u00e4 neuleiltakonsertin muodossa. K\u00e4sit\u00f6ist\u00e4 kiinnostuneille heid\u00e4n kotisivuiltaan &hellip; <a href=\"https:\/\/blogit.gradia.fi\/lukiolaisettyoelamaan\/titityy-harrastuneisuus-saattaa-avata-tyopaikkoja-yllattaviltakin-aloilta\/\" class=\"more-link\">Jatka lukemista <span class=\"screen-reader-text\">Titityy: Harrastuneisuus saattaa avata ty\u00f6paikkoja yll\u00e4tt\u00e4vilt\u00e4kin aloilta!<\/span> <span class=\"meta-nav\">&rarr;<\/span><\/a><\/p>\n","protected":false},"author":705,"featured_media":0,"parent":0,"menu_order":0,"comment_status":"closed","ping_status":"closed","template":"","meta":{"_uag_custom_page_level_css":"","footnotes":""},"class_list":["post-711","page","type-page","status-publish","hentry"],"yoast_head":"<!-- This site is optimized with the Yoast SEO plugin v27.2 - https:\/\/yoast.com\/product\/yoast-seo-wordpress\/ -->\n<title>Titityy: Harrastuneisuus saattaa avata ty\u00f6paikkoja yll\u00e4tt\u00e4vilt\u00e4kin aloilta! - Lukiolaiset ty\u00f6el\u00e4m\u00e4\u00e4n<\/title>\n<meta name=\"robots\" content=\"index, follow, max-snippet:-1, max-image-preview:large, max-video-preview:-1\" \/>\n<link rel=\"canonical\" href=\"https:\/\/blogit.gradia.fi\/lukiolaisettyoelamaan\/titityy-harrastuneisuus-saattaa-avata-tyopaikkoja-yllattaviltakin-aloilta\/\" \/>\n<meta property=\"og:locale\" content=\"fi_FI\" \/>\n<meta property=\"og:type\" content=\"article\" \/>\n<meta property=\"og:title\" content=\"Titityy: Harrastuneisuus saattaa avata ty\u00f6paikkoja yll\u00e4tt\u00e4vilt\u00e4kin aloilta! - Lukiolaiset ty\u00f6el\u00e4m\u00e4\u00e4n\" \/>\n<meta property=\"og:description\" content=\"Titityy Oy Titityy Oy on erikoistunut k\u00e4sity\u00f6tarvikkeiden ja neulelankojen myyntiin.\u202fYritys, jonka toimialaan kuuluu tukku- ja kuluttajakauppa, on perustettu vuonna 2006.&nbsp;&nbsp; Kivijalkakauppa ja verkkokauppa sijaitsevat Toivolan Vanhalla Pihalla Jyv\u00e4skyl\u00e4ss\u00e4. Yrityksell\u00e4 on oma tuotemerkki&nbsp;Tukuwool\u00ae. Yritykselle on t\u00e4rke\u00e4\u00e4 laatu ja, ett\u00e4 materiaalit ovat luonnonmukaisia.&nbsp;Titityy on halunnut my\u00f6s&nbsp;rohkeasti avata uusia polkuja&nbsp;mm. suunnittelemalla&nbsp;musiikillista el\u00e4myst\u00e4 neuleiltakonsertin muodossa. K\u00e4sit\u00f6ist\u00e4 kiinnostuneille heid\u00e4n kotisivuiltaan &hellip; Jatka lukemista Titityy: Harrastuneisuus saattaa avata ty\u00f6paikkoja yll\u00e4tt\u00e4vilt\u00e4kin aloilta! &rarr;\" \/>\n<meta property=\"og:url\" content=\"https:\/\/blogit.gradia.fi\/lukiolaisettyoelamaan\/titityy-harrastuneisuus-saattaa-avata-tyopaikkoja-yllattaviltakin-aloilta\/\" \/>\n<meta property=\"og:site_name\" content=\"Lukiolaiset ty\u00f6el\u00e4m\u00e4\u00e4n\" \/>\n<meta property=\"og:image\" content=\"https:\/\/blogit.gradia.fi\/lukiolaisettyoelamaan\/wp-content\/uploads\/sites\/169\/2021\/01\/Titityy-1024x677.png\" \/>\n<meta name=\"twitter:card\" content=\"summary_large_image\" \/>\n<meta name=\"twitter:label1\" content=\"Arvioitu lukuaika\" \/>\n\t<meta name=\"twitter:data1\" content=\"1 minuutti\" \/>\n<script type=\"application\/ld+json\" class=\"yoast-schema-graph\">{\"@context\":\"https:\/\/schema.org\",\"@graph\":[{\"@type\":\"WebPage\",\"@id\":\"https:\/\/blogit.gradia.fi\/lukiolaisettyoelamaan\/titityy-harrastuneisuus-saattaa-avata-tyopaikkoja-yllattaviltakin-aloilta\/\",\"url\":\"https:\/\/blogit.gradia.fi\/lukiolaisettyoelamaan\/titityy-harrastuneisuus-saattaa-avata-tyopaikkoja-yllattaviltakin-aloilta\/\",\"name\":\"Titityy: Harrastuneisuus saattaa avata ty\u00f6paikkoja yll\u00e4tt\u00e4vilt\u00e4kin aloilta! - Lukiolaiset ty\u00f6el\u00e4m\u00e4\u00e4n\",\"isPartOf\":{\"@id\":\"https:\/\/blogit.gradia.fi\/lukiolaisettyoelamaan\/#website\"},\"primaryImageOfPage\":{\"@id\":\"https:\/\/blogit.gradia.fi\/lukiolaisettyoelamaan\/titityy-harrastuneisuus-saattaa-avata-tyopaikkoja-yllattaviltakin-aloilta\/#primaryimage\"},\"image\":{\"@id\":\"https:\/\/blogit.gradia.fi\/lukiolaisettyoelamaan\/titityy-harrastuneisuus-saattaa-avata-tyopaikkoja-yllattaviltakin-aloilta\/#primaryimage\"},\"thumbnailUrl\":\"https:\/\/blogit.gradia.fi\/lukiolaisettyoelamaan\/wp-content\/uploads\/sites\/169\/2021\/01\/Titityy-1024x677.png\",\"datePublished\":\"2021-01-04T17:25:45+00:00\",\"breadcrumb\":{\"@id\":\"https:\/\/blogit.gradia.fi\/lukiolaisettyoelamaan\/titityy-harrastuneisuus-saattaa-avata-tyopaikkoja-yllattaviltakin-aloilta\/#breadcrumb\"},\"inLanguage\":\"fi\",\"potentialAction\":[{\"@type\":\"ReadAction\",\"target\":[\"https:\/\/blogit.gradia.fi\/lukiolaisettyoelamaan\/titityy-harrastuneisuus-saattaa-avata-tyopaikkoja-yllattaviltakin-aloilta\/\"]}]},{\"@type\":\"ImageObject\",\"inLanguage\":\"fi\",\"@id\":\"https:\/\/blogit.gradia.fi\/lukiolaisettyoelamaan\/titityy-harrastuneisuus-saattaa-avata-tyopaikkoja-yllattaviltakin-aloilta\/#primaryimage\",\"url\":\"https:\/\/blogit.gradia.fi\/lukiolaisettyoelamaan\/wp-content\/uploads\/sites\/169\/2021\/01\/Titityy.png\",\"contentUrl\":\"https:\/\/blogit.gradia.fi\/lukiolaisettyoelamaan\/wp-content\/uploads\/sites\/169\/2021\/01\/Titityy.png\",\"width\":1274,\"height\":842},{\"@type\":\"BreadcrumbList\",\"@id\":\"https:\/\/blogit.gradia.fi\/lukiolaisettyoelamaan\/titityy-harrastuneisuus-saattaa-avata-tyopaikkoja-yllattaviltakin-aloilta\/#breadcrumb\",\"itemListElement\":[{\"@type\":\"ListItem\",\"position\":1,\"name\":\"Home\",\"item\":\"https:\/\/blogit.gradia.fi\/lukiolaisettyoelamaan\/\"},{\"@type\":\"ListItem\",\"position\":2,\"name\":\"Titityy: Harrastuneisuus saattaa avata ty\u00f6paikkoja yll\u00e4tt\u00e4vilt\u00e4kin aloilta!\"}]},{\"@type\":\"WebSite\",\"@id\":\"https:\/\/blogit.gradia.fi\/lukiolaisettyoelamaan\/#website\",\"url\":\"https:\/\/blogit.gradia.fi\/lukiolaisettyoelamaan\/\",\"name\":\"Lukiolaiset ty\u00f6el\u00e4m\u00e4\u00e4n\",\"description\":\"Tervetuloa tutustumaan ja poimimaan hyvi\u00e4 k\u00e4yt\u00e4nteit\u00e4!\",\"potentialAction\":[{\"@type\":\"SearchAction\",\"target\":{\"@type\":\"EntryPoint\",\"urlTemplate\":\"https:\/\/blogit.gradia.fi\/lukiolaisettyoelamaan\/?s={search_term_string}\"},\"query-input\":{\"@type\":\"PropertyValueSpecification\",\"valueRequired\":true,\"valueName\":\"search_term_string\"}}],\"inLanguage\":\"fi\"}]}<\/script>\n<!-- \/ Yoast SEO plugin. -->","yoast_head_json":{"title":"Titityy: Harrastuneisuus saattaa avata ty\u00f6paikkoja yll\u00e4tt\u00e4vilt\u00e4kin aloilta! - Lukiolaiset ty\u00f6el\u00e4m\u00e4\u00e4n","robots":{"index":"index","follow":"follow","max-snippet":"max-snippet:-1","max-image-preview":"max-image-preview:large","max-video-preview":"max-video-preview:-1"},"canonical":"https:\/\/blogit.gradia.fi\/lukiolaisettyoelamaan\/titityy-harrastuneisuus-saattaa-avata-tyopaikkoja-yllattaviltakin-aloilta\/","og_locale":"fi_FI","og_type":"article","og_title":"Titityy: Harrastuneisuus saattaa avata ty\u00f6paikkoja yll\u00e4tt\u00e4vilt\u00e4kin aloilta! - Lukiolaiset ty\u00f6el\u00e4m\u00e4\u00e4n","og_description":"Titityy Oy Titityy Oy on erikoistunut k\u00e4sity\u00f6tarvikkeiden ja neulelankojen myyntiin.\u202fYritys, jonka toimialaan kuuluu tukku- ja kuluttajakauppa, on perustettu vuonna 2006.&nbsp;&nbsp; Kivijalkakauppa ja verkkokauppa sijaitsevat Toivolan Vanhalla Pihalla Jyv\u00e4skyl\u00e4ss\u00e4. Yrityksell\u00e4 on oma tuotemerkki&nbsp;Tukuwool\u00ae. Yritykselle on t\u00e4rke\u00e4\u00e4 laatu ja, ett\u00e4 materiaalit ovat luonnonmukaisia.&nbsp;Titityy on halunnut my\u00f6s&nbsp;rohkeasti avata uusia polkuja&nbsp;mm. suunnittelemalla&nbsp;musiikillista el\u00e4myst\u00e4 neuleiltakonsertin muodossa. K\u00e4sit\u00f6ist\u00e4 kiinnostuneille heid\u00e4n kotisivuiltaan &hellip; Jatka lukemista Titityy: Harrastuneisuus saattaa avata ty\u00f6paikkoja yll\u00e4tt\u00e4vilt\u00e4kin aloilta! &rarr;","og_url":"https:\/\/blogit.gradia.fi\/lukiolaisettyoelamaan\/titityy-harrastuneisuus-saattaa-avata-tyopaikkoja-yllattaviltakin-aloilta\/","og_site_name":"Lukiolaiset ty\u00f6el\u00e4m\u00e4\u00e4n","og_image":[{"url":"https:\/\/blogit.gradia.fi\/lukiolaisettyoelamaan\/wp-content\/uploads\/sites\/169\/2021\/01\/Titityy-1024x677.png","type":"","width":"","height":""}],"twitter_card":"summary_large_image","twitter_misc":{"Arvioitu lukuaika":"1 minuutti"},"schema":{"@context":"https:\/\/schema.org","@graph":[{"@type":"WebPage","@id":"https:\/\/blogit.gradia.fi\/lukiolaisettyoelamaan\/titityy-harrastuneisuus-saattaa-avata-tyopaikkoja-yllattaviltakin-aloilta\/","url":"https:\/\/blogit.gradia.fi\/lukiolaisettyoelamaan\/titityy-harrastuneisuus-saattaa-avata-tyopaikkoja-yllattaviltakin-aloilta\/","name":"Titityy: Harrastuneisuus saattaa avata ty\u00f6paikkoja yll\u00e4tt\u00e4vilt\u00e4kin aloilta! - Lukiolaiset ty\u00f6el\u00e4m\u00e4\u00e4n","isPartOf":{"@id":"https:\/\/blogit.gradia.fi\/lukiolaisettyoelamaan\/#website"},"primaryImageOfPage":{"@id":"https:\/\/blogit.gradia.fi\/lukiolaisettyoelamaan\/titityy-harrastuneisuus-saattaa-avata-tyopaikkoja-yllattaviltakin-aloilta\/#primaryimage"},"image":{"@id":"https:\/\/blogit.gradia.fi\/lukiolaisettyoelamaan\/titityy-harrastuneisuus-saattaa-avata-tyopaikkoja-yllattaviltakin-aloilta\/#primaryimage"},"thumbnailUrl":"https:\/\/blogit.gradia.fi\/lukiolaisettyoelamaan\/wp-content\/uploads\/sites\/169\/2021\/01\/Titityy-1024x677.png","datePublished":"2021-01-04T17:25:45+00:00","breadcrumb":{"@id":"https:\/\/blogit.gradia.fi\/lukiolaisettyoelamaan\/titityy-harrastuneisuus-saattaa-avata-tyopaikkoja-yllattaviltakin-aloilta\/#breadcrumb"},"inLanguage":"fi","potentialAction":[{"@type":"ReadAction","target":["https:\/\/blogit.gradia.fi\/lukiolaisettyoelamaan\/titityy-harrastuneisuus-saattaa-avata-tyopaikkoja-yllattaviltakin-aloilta\/"]}]},{"@type":"ImageObject","inLanguage":"fi","@id":"https:\/\/blogit.gradia.fi\/lukiolaisettyoelamaan\/titityy-harrastuneisuus-saattaa-avata-tyopaikkoja-yllattaviltakin-aloilta\/#primaryimage","url":"https:\/\/blogit.gradia.fi\/lukiolaisettyoelamaan\/wp-content\/uploads\/sites\/169\/2021\/01\/Titityy.png","contentUrl":"https:\/\/blogit.gradia.fi\/lukiolaisettyoelamaan\/wp-content\/uploads\/sites\/169\/2021\/01\/Titityy.png","width":1274,"height":842},{"@type":"BreadcrumbList","@id":"https:\/\/blogit.gradia.fi\/lukiolaisettyoelamaan\/titityy-harrastuneisuus-saattaa-avata-tyopaikkoja-yllattaviltakin-aloilta\/#breadcrumb","itemListElement":[{"@type":"ListItem","position":1,"name":"Home","item":"https:\/\/blogit.gradia.fi\/lukiolaisettyoelamaan\/"},{"@type":"ListItem","position":2,"name":"Titityy: Harrastuneisuus saattaa avata ty\u00f6paikkoja yll\u00e4tt\u00e4vilt\u00e4kin aloilta!"}]},{"@type":"WebSite","@id":"https:\/\/blogit.gradia.fi\/lukiolaisettyoelamaan\/#website","url":"https:\/\/blogit.gradia.fi\/lukiolaisettyoelamaan\/","name":"Lukiolaiset ty\u00f6el\u00e4m\u00e4\u00e4n","description":"Tervetuloa tutustumaan ja poimimaan hyvi\u00e4 k\u00e4yt\u00e4nteit\u00e4!","potentialAction":[{"@type":"SearchAction","target":{"@type":"EntryPoint","urlTemplate":"https:\/\/blogit.gradia.fi\/lukiolaisettyoelamaan\/?s={search_term_string}"},"query-input":{"@type":"PropertyValueSpecification","valueRequired":true,"valueName":"search_term_string"}}],"inLanguage":"fi"}]}},"uagb_featured_image_src":{"full":false,"thumbnail":false,"medium":false,"medium_large":false,"large":false,"1536x1536":false,"2048x2048":false,"post-thumbnail":false},"uagb_author_info":{"display_name":"Birgitta Mannila","author_link":"https:\/\/blogit.gradia.fi\/lukiolaisettyoelamaan\/author\/mannibir\/"},"uagb_comment_info":0,"uagb_excerpt":"Titityy Oy Titityy Oy on erikoistunut k\u00e4sity\u00f6tarvikkeiden ja neulelankojen myyntiin.\u202fYritys, jonka toimialaan kuuluu tukku- ja kuluttajakauppa, on perustettu vuonna 2006.&nbsp;&nbsp; Kivijalkakauppa ja verkkokauppa sijaitsevat Toivolan Vanhalla Pihalla Jyv\u00e4skyl\u00e4ss\u00e4. Yrityksell\u00e4 on oma tuotemerkki&nbsp;Tukuwool\u00ae. Yritykselle on t\u00e4rke\u00e4\u00e4 laatu ja, ett\u00e4 materiaalit ovat luonnonmukaisia.&nbsp;Titityy on halunnut my\u00f6s&nbsp;rohkeasti avata uusia polkuja&nbsp;mm. suunnittelemalla&nbsp;musiikillista el\u00e4myst\u00e4 neuleiltakonsertin muodossa. K\u00e4sit\u00f6ist\u00e4 kiinnostuneille heid\u00e4n kotisivuiltaan&hellip;","_links":{"self":[{"href":"https:\/\/blogit.gradia.fi\/lukiolaisettyoelamaan\/wp-json\/wp\/v2\/pages\/711","targetHints":{"allow":["GET"]}}],"collection":[{"href":"https:\/\/blogit.gradia.fi\/lukiolaisettyoelamaan\/wp-json\/wp\/v2\/pages"}],"about":[{"href":"https:\/\/blogit.gradia.fi\/lukiolaisettyoelamaan\/wp-json\/wp\/v2\/types\/page"}],"author":[{"embeddable":true,"href":"https:\/\/blogit.gradia.fi\/lukiolaisettyoelamaan\/wp-json\/wp\/v2\/users\/705"}],"replies":[{"embeddable":true,"href":"https:\/\/blogit.gradia.fi\/lukiolaisettyoelamaan\/wp-json\/wp\/v2\/comments?post=711"}],"version-history":[{"count":2,"href":"https:\/\/blogit.gradia.fi\/lukiolaisettyoelamaan\/wp-json\/wp\/v2\/pages\/711\/revisions"}],"predecessor-version":[{"id":714,"href":"https:\/\/blogit.gradia.fi\/lukiolaisettyoelamaan\/wp-json\/wp\/v2\/pages\/711\/revisions\/714"}],"wp:attachment":[{"href":"https:\/\/blogit.gradia.fi\/lukiolaisettyoelamaan\/wp-json\/wp\/v2\/media?parent=711"}],"curies":[{"name":"wp","href":"https:\/\/api.w.org\/{rel}","templated":true}]}}