{"id":699,"date":"2021-01-04T13:22:31","date_gmt":"2021-01-04T11:22:31","guid":{"rendered":"https:\/\/blogit.gradia.fi\/lukiolaisettyoelamaan\/?page_id=699"},"modified":"2021-01-04T13:22:32","modified_gmt":"2021-01-04T11:22:32","slug":"ruthin-leipomo-tee-tyosi-kunnialla-ja-hyvalla-meiningilla","status":"publish","type":"page","link":"https:\/\/blogit.gradia.fi\/lukiolaisettyoelamaan\/ruthin-leipomo-tee-tyosi-kunnialla-ja-hyvalla-meiningilla\/","title":{"rendered":"Ruthin Leipomo: Tee ty\u00f6si kunnialla ja hyv\u00e4ll\u00e4 meiningill\u00e4!"},"content":{"rendered":"\n<figure class=\"wp-block-image size-large\"><img loading=\"lazy\" decoding=\"async\" width=\"1024\" height=\"683\" src=\"https:\/\/blogit.gradia.fi\/lukiolaisettyoelamaan\/wp-content\/uploads\/sites\/169\/2021\/01\/Ruth-Divisium-1024x683.png\" alt=\"\" class=\"wp-image-700\" srcset=\"https:\/\/blogit.gradia.fi\/lukiolaisettyoelamaan\/wp-content\/uploads\/sites\/169\/2021\/01\/Ruth-Divisium-1024x683.png 1024w, https:\/\/blogit.gradia.fi\/lukiolaisettyoelamaan\/wp-content\/uploads\/sites\/169\/2021\/01\/Ruth-Divisium-300x200.png 300w, https:\/\/blogit.gradia.fi\/lukiolaisettyoelamaan\/wp-content\/uploads\/sites\/169\/2021\/01\/Ruth-Divisium-768x512.png 768w, https:\/\/blogit.gradia.fi\/lukiolaisettyoelamaan\/wp-content\/uploads\/sites\/169\/2021\/01\/Ruth-Divisium.png 1263w\" sizes=\"auto, (max-width: 1024px) 100vw, 1024px\" \/><\/figure>\n\n\n\n<h2 class=\"wp-block-heading\">Ruthin Leipomo Oy ja Divisium Oy<\/h2>\n\n\n\n<p><strong>Ruthin Leipomo valmistaa ensisijaisesti ruokaleip\u00e4\u00e4 myyntiin Keski-Suomen ja Pirkanmaan alueille. <\/strong>Tuotevalikoimaamme kuuluu leipien lis\u00e4ksi my\u00f6s<strong> konditoriatuotteita<\/strong>, kuten leivoksia ja kakkuja. Leipomomme yhteydess\u00e4 Jyv\u00e4skyl\u00e4n Kuokkalassa toimii my\u00f6s leipomomyym\u00e4l\u00e4 ja kahvilamme.&nbsp;Ruthin Leipomo Oy:n elintarviketeollisuuden osaaja. Alunperin yritys perustettu 1906, mutta yritysj\u00e4rjestelyjen takia nykyinen osakeyhti\u00f6 on perustettu 2010.<\/p>\n\n\n\n<p><strong>Divisium&nbsp;Oy tarjoaa koulutusta aloittaville yritt\u00e4jille mm. rahoitusasioista ja yritt\u00e4jyydest\u00e4. <\/strong>Lis\u00e4ksi yritys tarjoaa erilaisia rahoitusalan neuvonantajapalveluita yrityksille. Tarjoamme my\u00f6s toimitiloja Jyv\u00e4skyl\u00e4ss\u00e4.&nbsp;Divisium&nbsp;Oy:n osaaminen liittyy rahoitusalaan ja yritt\u00e4jyyteen ja se on perustettu 2019.<\/p>\n\n\n\n<p>Toimintaamme ohjaavat keskeiset periaatteet ja arvot ovat <strong>tuottavuus, asiakasl\u00e4ht\u00f6isyys ja ty\u00f6yhteis\u00f6n hyvinvointi.<\/strong><\/p>\n\n\n\n<p>Rekrytointien yhteydess\u00e4 korostamme erityisesti<strong>&nbsp;valmiutta oppimaan ja tekem\u00e4\u00e4n parhaansa. Reipasta asennetta<\/strong>.&nbsp;<\/p>\n\n\n\n<p>Viestini nuorille, jotka ovat kiinnostuneita yrityksemme toimialasta:&nbsp;<strong>Valitsit sitten mink\u00e4 alan tahansa, tee ty\u00f6si kunnialla ja hyv\u00e4ll\u00e4 meiningill\u00e4. Hoida aina sovitut asiat tehokkaasti ja t\u00e4sm\u00e4llisesti, niin t\u00f6it\u00e4 riitt\u00e4\u00e4 aina! Ole ylpe\u00e4 siit\u00e4 mit\u00e4 teet! Tsemppi\u00e4 \ud83d\ude42&nbsp;<\/strong><\/p>\n\n\n\n<p><a href=\"http:\/\/www.ruthinleipomo.fi\" target=\"_blank\" rel=\"noreferrer noopener\">www.ruthinleipomo.fi<\/a> <\/p>\n\n\n\n<p> <a href=\"http:\/\/www.divisium.fi\" target=\"_blank\" rel=\"noreferrer noopener\">www.divisium.fi<\/a>&nbsp;<\/p>\n","protected":false},"excerpt":{"rendered":"<p>Ruthin Leipomo Oy ja Divisium Oy Ruthin Leipomo valmistaa ensisijaisesti ruokaleip\u00e4\u00e4 myyntiin Keski-Suomen ja Pirkanmaan alueille. Tuotevalikoimaamme kuuluu leipien lis\u00e4ksi my\u00f6s konditoriatuotteita, kuten leivoksia ja kakkuja. Leipomomme yhteydess\u00e4 Jyv\u00e4skyl\u00e4n Kuokkalassa toimii my\u00f6s leipomomyym\u00e4l\u00e4 ja kahvilamme.&nbsp;Ruthin Leipomo Oy:n elintarviketeollisuuden osaaja. Alunperin yritys perustettu 1906, mutta yritysj\u00e4rjestelyjen takia nykyinen osakeyhti\u00f6 on perustettu 2010. Divisium&nbsp;Oy tarjoaa koulutusta aloittaville &hellip; <a href=\"https:\/\/blogit.gradia.fi\/lukiolaisettyoelamaan\/ruthin-leipomo-tee-tyosi-kunnialla-ja-hyvalla-meiningilla\/\" class=\"more-link\">Jatka lukemista <span class=\"screen-reader-text\">Ruthin Leipomo: Tee ty\u00f6si kunnialla ja hyv\u00e4ll\u00e4 meiningill\u00e4!<\/span> <span class=\"meta-nav\">&rarr;<\/span><\/a><\/p>\n","protected":false},"author":705,"featured_media":0,"parent":0,"menu_order":0,"comment_status":"closed","ping_status":"closed","template":"","meta":{"_uag_custom_page_level_css":"","footnotes":""},"class_list":["post-699","page","type-page","status-publish","hentry"],"yoast_head":"<!-- This site is optimized with the Yoast SEO plugin v27.2 - https:\/\/yoast.com\/product\/yoast-seo-wordpress\/ -->\n<title>Ruthin Leipomo: Tee ty\u00f6si kunnialla ja hyv\u00e4ll\u00e4 meiningill\u00e4! - Lukiolaiset ty\u00f6el\u00e4m\u00e4\u00e4n<\/title>\n<meta name=\"robots\" content=\"index, follow, max-snippet:-1, max-image-preview:large, max-video-preview:-1\" \/>\n<link rel=\"canonical\" href=\"https:\/\/blogit.gradia.fi\/lukiolaisettyoelamaan\/ruthin-leipomo-tee-tyosi-kunnialla-ja-hyvalla-meiningilla\/\" \/>\n<meta property=\"og:locale\" content=\"fi_FI\" \/>\n<meta property=\"og:type\" content=\"article\" \/>\n<meta property=\"og:title\" content=\"Ruthin Leipomo: Tee ty\u00f6si kunnialla ja hyv\u00e4ll\u00e4 meiningill\u00e4! - Lukiolaiset ty\u00f6el\u00e4m\u00e4\u00e4n\" \/>\n<meta property=\"og:description\" content=\"Ruthin Leipomo Oy ja Divisium Oy Ruthin Leipomo valmistaa ensisijaisesti ruokaleip\u00e4\u00e4 myyntiin Keski-Suomen ja Pirkanmaan alueille. Tuotevalikoimaamme kuuluu leipien lis\u00e4ksi my\u00f6s konditoriatuotteita, kuten leivoksia ja kakkuja. Leipomomme yhteydess\u00e4 Jyv\u00e4skyl\u00e4n Kuokkalassa toimii my\u00f6s leipomomyym\u00e4l\u00e4 ja kahvilamme.&nbsp;Ruthin Leipomo Oy:n elintarviketeollisuuden osaaja. Alunperin yritys perustettu 1906, mutta yritysj\u00e4rjestelyjen takia nykyinen osakeyhti\u00f6 on perustettu 2010. Divisium&nbsp;Oy tarjoaa koulutusta aloittaville &hellip; Jatka lukemista Ruthin Leipomo: Tee ty\u00f6si kunnialla ja hyv\u00e4ll\u00e4 meiningill\u00e4! &rarr;\" \/>\n<meta property=\"og:url\" content=\"https:\/\/blogit.gradia.fi\/lukiolaisettyoelamaan\/ruthin-leipomo-tee-tyosi-kunnialla-ja-hyvalla-meiningilla\/\" \/>\n<meta property=\"og:site_name\" content=\"Lukiolaiset ty\u00f6el\u00e4m\u00e4\u00e4n\" \/>\n<meta property=\"article:modified_time\" content=\"2021-01-04T11:22:32+00:00\" \/>\n<meta property=\"og:image\" content=\"https:\/\/blogit.gradia.fi\/lukiolaisettyoelamaan\/wp-content\/uploads\/sites\/169\/2021\/01\/Ruth-Divisium-1024x683.png\" \/>\n<meta name=\"twitter:card\" content=\"summary_large_image\" \/>\n<meta name=\"twitter:label1\" content=\"Arvioitu lukuaika\" \/>\n\t<meta name=\"twitter:data1\" content=\"1 minuutti\" \/>\n<script type=\"application\/ld+json\" class=\"yoast-schema-graph\">{\"@context\":\"https:\/\/schema.org\",\"@graph\":[{\"@type\":\"WebPage\",\"@id\":\"https:\/\/blogit.gradia.fi\/lukiolaisettyoelamaan\/ruthin-leipomo-tee-tyosi-kunnialla-ja-hyvalla-meiningilla\/\",\"url\":\"https:\/\/blogit.gradia.fi\/lukiolaisettyoelamaan\/ruthin-leipomo-tee-tyosi-kunnialla-ja-hyvalla-meiningilla\/\",\"name\":\"Ruthin Leipomo: Tee ty\u00f6si kunnialla ja hyv\u00e4ll\u00e4 meiningill\u00e4! - Lukiolaiset ty\u00f6el\u00e4m\u00e4\u00e4n\",\"isPartOf\":{\"@id\":\"https:\/\/blogit.gradia.fi\/lukiolaisettyoelamaan\/#website\"},\"primaryImageOfPage\":{\"@id\":\"https:\/\/blogit.gradia.fi\/lukiolaisettyoelamaan\/ruthin-leipomo-tee-tyosi-kunnialla-ja-hyvalla-meiningilla\/#primaryimage\"},\"image\":{\"@id\":\"https:\/\/blogit.gradia.fi\/lukiolaisettyoelamaan\/ruthin-leipomo-tee-tyosi-kunnialla-ja-hyvalla-meiningilla\/#primaryimage\"},\"thumbnailUrl\":\"https:\/\/blogit.gradia.fi\/lukiolaisettyoelamaan\/wp-content\/uploads\/sites\/169\/2021\/01\/Ruth-Divisium-1024x683.png\",\"datePublished\":\"2021-01-04T11:22:31+00:00\",\"dateModified\":\"2021-01-04T11:22:32+00:00\",\"breadcrumb\":{\"@id\":\"https:\/\/blogit.gradia.fi\/lukiolaisettyoelamaan\/ruthin-leipomo-tee-tyosi-kunnialla-ja-hyvalla-meiningilla\/#breadcrumb\"},\"inLanguage\":\"fi\",\"potentialAction\":[{\"@type\":\"ReadAction\",\"target\":[\"https:\/\/blogit.gradia.fi\/lukiolaisettyoelamaan\/ruthin-leipomo-tee-tyosi-kunnialla-ja-hyvalla-meiningilla\/\"]}]},{\"@type\":\"ImageObject\",\"inLanguage\":\"fi\",\"@id\":\"https:\/\/blogit.gradia.fi\/lukiolaisettyoelamaan\/ruthin-leipomo-tee-tyosi-kunnialla-ja-hyvalla-meiningilla\/#primaryimage\",\"url\":\"https:\/\/blogit.gradia.fi\/lukiolaisettyoelamaan\/wp-content\/uploads\/sites\/169\/2021\/01\/Ruth-Divisium.png\",\"contentUrl\":\"https:\/\/blogit.gradia.fi\/lukiolaisettyoelamaan\/wp-content\/uploads\/sites\/169\/2021\/01\/Ruth-Divisium.png\",\"width\":1263,\"height\":842},{\"@type\":\"BreadcrumbList\",\"@id\":\"https:\/\/blogit.gradia.fi\/lukiolaisettyoelamaan\/ruthin-leipomo-tee-tyosi-kunnialla-ja-hyvalla-meiningilla\/#breadcrumb\",\"itemListElement\":[{\"@type\":\"ListItem\",\"position\":1,\"name\":\"Home\",\"item\":\"https:\/\/blogit.gradia.fi\/lukiolaisettyoelamaan\/\"},{\"@type\":\"ListItem\",\"position\":2,\"name\":\"Ruthin Leipomo: Tee ty\u00f6si kunnialla ja hyv\u00e4ll\u00e4 meiningill\u00e4!\"}]},{\"@type\":\"WebSite\",\"@id\":\"https:\/\/blogit.gradia.fi\/lukiolaisettyoelamaan\/#website\",\"url\":\"https:\/\/blogit.gradia.fi\/lukiolaisettyoelamaan\/\",\"name\":\"Lukiolaiset ty\u00f6el\u00e4m\u00e4\u00e4n\",\"description\":\"Tervetuloa tutustumaan ja poimimaan hyvi\u00e4 k\u00e4yt\u00e4nteit\u00e4!\",\"potentialAction\":[{\"@type\":\"SearchAction\",\"target\":{\"@type\":\"EntryPoint\",\"urlTemplate\":\"https:\/\/blogit.gradia.fi\/lukiolaisettyoelamaan\/?s={search_term_string}\"},\"query-input\":{\"@type\":\"PropertyValueSpecification\",\"valueRequired\":true,\"valueName\":\"search_term_string\"}}],\"inLanguage\":\"fi\"}]}<\/script>\n<!-- \/ Yoast SEO plugin. -->","yoast_head_json":{"title":"Ruthin Leipomo: Tee ty\u00f6si kunnialla ja hyv\u00e4ll\u00e4 meiningill\u00e4! - Lukiolaiset ty\u00f6el\u00e4m\u00e4\u00e4n","robots":{"index":"index","follow":"follow","max-snippet":"max-snippet:-1","max-image-preview":"max-image-preview:large","max-video-preview":"max-video-preview:-1"},"canonical":"https:\/\/blogit.gradia.fi\/lukiolaisettyoelamaan\/ruthin-leipomo-tee-tyosi-kunnialla-ja-hyvalla-meiningilla\/","og_locale":"fi_FI","og_type":"article","og_title":"Ruthin Leipomo: Tee ty\u00f6si kunnialla ja hyv\u00e4ll\u00e4 meiningill\u00e4! - Lukiolaiset ty\u00f6el\u00e4m\u00e4\u00e4n","og_description":"Ruthin Leipomo Oy ja Divisium Oy Ruthin Leipomo valmistaa ensisijaisesti ruokaleip\u00e4\u00e4 myyntiin Keski-Suomen ja Pirkanmaan alueille. Tuotevalikoimaamme kuuluu leipien lis\u00e4ksi my\u00f6s konditoriatuotteita, kuten leivoksia ja kakkuja. Leipomomme yhteydess\u00e4 Jyv\u00e4skyl\u00e4n Kuokkalassa toimii my\u00f6s leipomomyym\u00e4l\u00e4 ja kahvilamme.&nbsp;Ruthin Leipomo Oy:n elintarviketeollisuuden osaaja. Alunperin yritys perustettu 1906, mutta yritysj\u00e4rjestelyjen takia nykyinen osakeyhti\u00f6 on perustettu 2010. Divisium&nbsp;Oy tarjoaa koulutusta aloittaville &hellip; Jatka lukemista Ruthin Leipomo: Tee ty\u00f6si kunnialla ja hyv\u00e4ll\u00e4 meiningill\u00e4! &rarr;","og_url":"https:\/\/blogit.gradia.fi\/lukiolaisettyoelamaan\/ruthin-leipomo-tee-tyosi-kunnialla-ja-hyvalla-meiningilla\/","og_site_name":"Lukiolaiset ty\u00f6el\u00e4m\u00e4\u00e4n","article_modified_time":"2021-01-04T11:22:32+00:00","og_image":[{"url":"https:\/\/blogit.gradia.fi\/lukiolaisettyoelamaan\/wp-content\/uploads\/sites\/169\/2021\/01\/Ruth-Divisium-1024x683.png","type":"","width":"","height":""}],"twitter_card":"summary_large_image","twitter_misc":{"Arvioitu lukuaika":"1 minuutti"},"schema":{"@context":"https:\/\/schema.org","@graph":[{"@type":"WebPage","@id":"https:\/\/blogit.gradia.fi\/lukiolaisettyoelamaan\/ruthin-leipomo-tee-tyosi-kunnialla-ja-hyvalla-meiningilla\/","url":"https:\/\/blogit.gradia.fi\/lukiolaisettyoelamaan\/ruthin-leipomo-tee-tyosi-kunnialla-ja-hyvalla-meiningilla\/","name":"Ruthin Leipomo: Tee ty\u00f6si kunnialla ja hyv\u00e4ll\u00e4 meiningill\u00e4! - Lukiolaiset ty\u00f6el\u00e4m\u00e4\u00e4n","isPartOf":{"@id":"https:\/\/blogit.gradia.fi\/lukiolaisettyoelamaan\/#website"},"primaryImageOfPage":{"@id":"https:\/\/blogit.gradia.fi\/lukiolaisettyoelamaan\/ruthin-leipomo-tee-tyosi-kunnialla-ja-hyvalla-meiningilla\/#primaryimage"},"image":{"@id":"https:\/\/blogit.gradia.fi\/lukiolaisettyoelamaan\/ruthin-leipomo-tee-tyosi-kunnialla-ja-hyvalla-meiningilla\/#primaryimage"},"thumbnailUrl":"https:\/\/blogit.gradia.fi\/lukiolaisettyoelamaan\/wp-content\/uploads\/sites\/169\/2021\/01\/Ruth-Divisium-1024x683.png","datePublished":"2021-01-04T11:22:31+00:00","dateModified":"2021-01-04T11:22:32+00:00","breadcrumb":{"@id":"https:\/\/blogit.gradia.fi\/lukiolaisettyoelamaan\/ruthin-leipomo-tee-tyosi-kunnialla-ja-hyvalla-meiningilla\/#breadcrumb"},"inLanguage":"fi","potentialAction":[{"@type":"ReadAction","target":["https:\/\/blogit.gradia.fi\/lukiolaisettyoelamaan\/ruthin-leipomo-tee-tyosi-kunnialla-ja-hyvalla-meiningilla\/"]}]},{"@type":"ImageObject","inLanguage":"fi","@id":"https:\/\/blogit.gradia.fi\/lukiolaisettyoelamaan\/ruthin-leipomo-tee-tyosi-kunnialla-ja-hyvalla-meiningilla\/#primaryimage","url":"https:\/\/blogit.gradia.fi\/lukiolaisettyoelamaan\/wp-content\/uploads\/sites\/169\/2021\/01\/Ruth-Divisium.png","contentUrl":"https:\/\/blogit.gradia.fi\/lukiolaisettyoelamaan\/wp-content\/uploads\/sites\/169\/2021\/01\/Ruth-Divisium.png","width":1263,"height":842},{"@type":"BreadcrumbList","@id":"https:\/\/blogit.gradia.fi\/lukiolaisettyoelamaan\/ruthin-leipomo-tee-tyosi-kunnialla-ja-hyvalla-meiningilla\/#breadcrumb","itemListElement":[{"@type":"ListItem","position":1,"name":"Home","item":"https:\/\/blogit.gradia.fi\/lukiolaisettyoelamaan\/"},{"@type":"ListItem","position":2,"name":"Ruthin Leipomo: Tee ty\u00f6si kunnialla ja hyv\u00e4ll\u00e4 meiningill\u00e4!"}]},{"@type":"WebSite","@id":"https:\/\/blogit.gradia.fi\/lukiolaisettyoelamaan\/#website","url":"https:\/\/blogit.gradia.fi\/lukiolaisettyoelamaan\/","name":"Lukiolaiset ty\u00f6el\u00e4m\u00e4\u00e4n","description":"Tervetuloa tutustumaan ja poimimaan hyvi\u00e4 k\u00e4yt\u00e4nteit\u00e4!","potentialAction":[{"@type":"SearchAction","target":{"@type":"EntryPoint","urlTemplate":"https:\/\/blogit.gradia.fi\/lukiolaisettyoelamaan\/?s={search_term_string}"},"query-input":{"@type":"PropertyValueSpecification","valueRequired":true,"valueName":"search_term_string"}}],"inLanguage":"fi"}]}},"uagb_featured_image_src":{"full":false,"thumbnail":false,"medium":false,"medium_large":false,"large":false,"1536x1536":false,"2048x2048":false,"post-thumbnail":false},"uagb_author_info":{"display_name":"Birgitta Mannila","author_link":"https:\/\/blogit.gradia.fi\/lukiolaisettyoelamaan\/author\/mannibir\/"},"uagb_comment_info":0,"uagb_excerpt":"Ruthin Leipomo Oy ja Divisium Oy Ruthin Leipomo valmistaa ensisijaisesti ruokaleip\u00e4\u00e4 myyntiin Keski-Suomen ja Pirkanmaan alueille. Tuotevalikoimaamme kuuluu leipien lis\u00e4ksi my\u00f6s konditoriatuotteita, kuten leivoksia ja kakkuja. Leipomomme yhteydess\u00e4 Jyv\u00e4skyl\u00e4n Kuokkalassa toimii my\u00f6s leipomomyym\u00e4l\u00e4 ja kahvilamme.&nbsp;Ruthin Leipomo Oy:n elintarviketeollisuuden osaaja. Alunperin yritys perustettu 1906, mutta yritysj\u00e4rjestelyjen takia nykyinen osakeyhti\u00f6 on perustettu 2010. Divisium&nbsp;Oy tarjoaa koulutusta aloittaville&hellip;","_links":{"self":[{"href":"https:\/\/blogit.gradia.fi\/lukiolaisettyoelamaan\/wp-json\/wp\/v2\/pages\/699","targetHints":{"allow":["GET"]}}],"collection":[{"href":"https:\/\/blogit.gradia.fi\/lukiolaisettyoelamaan\/wp-json\/wp\/v2\/pages"}],"about":[{"href":"https:\/\/blogit.gradia.fi\/lukiolaisettyoelamaan\/wp-json\/wp\/v2\/types\/page"}],"author":[{"embeddable":true,"href":"https:\/\/blogit.gradia.fi\/lukiolaisettyoelamaan\/wp-json\/wp\/v2\/users\/705"}],"replies":[{"embeddable":true,"href":"https:\/\/blogit.gradia.fi\/lukiolaisettyoelamaan\/wp-json\/wp\/v2\/comments?post=699"}],"version-history":[{"count":4,"href":"https:\/\/blogit.gradia.fi\/lukiolaisettyoelamaan\/wp-json\/wp\/v2\/pages\/699\/revisions"}],"predecessor-version":[{"id":704,"href":"https:\/\/blogit.gradia.fi\/lukiolaisettyoelamaan\/wp-json\/wp\/v2\/pages\/699\/revisions\/704"}],"wp:attachment":[{"href":"https:\/\/blogit.gradia.fi\/lukiolaisettyoelamaan\/wp-json\/wp\/v2\/media?parent=699"}],"curies":[{"name":"wp","href":"https:\/\/api.w.org\/{rel}","templated":true}]}}