{"id":682,"date":"2020-12-17T14:52:41","date_gmt":"2020-12-17T12:52:41","guid":{"rendered":"https:\/\/blogit.gradia.fi\/lukiolaisettyoelamaan\/?page_id=682"},"modified":"2021-01-04T12:42:58","modified_gmt":"2021-01-04T10:42:58","slug":"uusi-yritys","status":"publish","type":"page","link":"https:\/\/blogit.gradia.fi\/lukiolaisettyoelamaan\/uusi-yritys\/","title":{"rendered":"Suomen Henkil\u00f6st\u00f6asiantuntijat: Tule vain rohkeasti k\u00e4ym\u00e4\u00e4n!"},"content":{"rendered":"\n<figure class=\"wp-block-image size-large\"><img loading=\"lazy\" decoding=\"async\" width=\"1024\" height=\"682\" src=\"https:\/\/blogit.gradia.fi\/lukiolaisettyoelamaan\/wp-content\/uploads\/sites\/169\/2021\/01\/Henkilostoasiantuntijat-1024x682.png\" alt=\"\" class=\"wp-image-691\" srcset=\"https:\/\/blogit.gradia.fi\/lukiolaisettyoelamaan\/wp-content\/uploads\/sites\/169\/2021\/01\/Henkilostoasiantuntijat-1024x682.png 1024w, https:\/\/blogit.gradia.fi\/lukiolaisettyoelamaan\/wp-content\/uploads\/sites\/169\/2021\/01\/Henkilostoasiantuntijat-300x200.png 300w, https:\/\/blogit.gradia.fi\/lukiolaisettyoelamaan\/wp-content\/uploads\/sites\/169\/2021\/01\/Henkilostoasiantuntijat-768x512.png 768w, https:\/\/blogit.gradia.fi\/lukiolaisettyoelamaan\/wp-content\/uploads\/sites\/169\/2021\/01\/Henkilostoasiantuntijat.png 1264w\" sizes=\"auto, (max-width: 1024px) 100vw, 1024px\" \/><\/figure>\n\n\n\n<h2 class=\"wp-block-heading\">Suomen Henkil\u00f6st\u00f6asiantuntijat Oy<\/h2>\n\n\n\n<p><strong>Suomen Henkil\u00f6st\u00f6asiantuntijat Oy<\/strong>&nbsp;<strong>on keskisuomalainen rekrytointiratkaisuihin, henkil\u00f6st\u00f6vuokraukseen ja liiketoiminnan asiantuntijapalveluihin erikoistunut yritys.&nbsp;<\/strong>Pyrimme l\u00f6yt\u00e4m\u00e4\u00e4n ty\u00f6lle tekij\u00e4n nopeasti, joustavasti ja luotettavasti. <\/p>\n\n\n\n<p><strong>Vastuullisuus, luottamus<\/strong> ja <strong>henkil\u00f6kohtainen palvelu<\/strong> ovat toimintamme kulmakivi\u00e4.&nbsp;<\/p>\n\n\n\n<p>Palvelumme ty\u00f6nantajille:&nbsp;&nbsp;<\/p>\n\n\n\n<ul class=\"wp-block-list\"><li>suorarekrytointi&nbsp;&nbsp;<\/li><li>ty\u00f6voiman vuokraus&nbsp;<\/li><li>ulkoistaminen&nbsp;<\/li><li>liiketoiminnan kehitt\u00e4mispalvelut&nbsp;<\/li><li>myyntikoulutukset&nbsp;<\/li><li>muutosturvavalmennus&nbsp;<\/li><\/ul>\n\n\n\n<p>Palvelumme ty\u00f6nhakijoille, alanvaihtajille:&nbsp;<\/p>\n\n\n\n<ul class=\"wp-block-list\"><li>uramahdollisuuksien analyysi\u00a0<\/li><li>ty\u00f6nhakuvalmennus\u00a0<\/li><li>ty\u00f6el\u00e4m\u00e4ntietous\u00a0<\/li><li>myyntikoulutukset\u00a0<\/li><\/ul>\n\n\n\n<p>Henkil\u00f6st\u00f6\u00f6mme\u00a0kuuluu <strong>henkil\u00f6st\u00f6asiantuntijoita, kouluttajia\/valmentajia, myyji\u00e4<\/strong>.\u00a0\u00a0<\/p>\n\n\n\n<p>Teemme yhteisty\u00f6t\u00e4&nbsp;eri yritt\u00e4jien, yritt\u00e4j\u00e4j\u00e4rjest\u00f6jen, kauppakamarin, oppilaitoksien ja ty\u00f6llisyydenalan toimijoiden kanssa.&nbsp;<\/p>\n\n\n\n<p>Toimintaamme ohjaavat keskeiset periaatteet ja arvot ovat<strong> laatu, innovatiivisuus, vastuullisuus ja&nbsp;asiakasl\u00e4ht\u00f6isyys.&nbsp;<\/strong><\/p>\n\n\n\n<p>Rekrytointien yhteydess\u00e4 korostamme erityisesti<strong>&nbsp;ty\u00f6motivaatiota, asennetta ja oppimisen halua.&nbsp;<\/strong><\/p>\n\n\n\n<p>Viestini nuorille, jotka ovat kiinnostuneita yrityksemme toimialasta:<strong>&nbsp;Tule vaan rohkeasti k\u00e4ym\u00e4\u00e4n! Jutellaan ja mietit\u00e4\u00e4n yhdess\u00e4 mik\u00e4 on sinun osaamisesi ja miten voisit sit\u00e4 tarjota ty\u00f6nantajalle.&nbsp;<\/strong><\/p>\n\n\n\n<p><a href=\"http:\/\/www.henkilostoasiantuntijat.fi\/\" target=\"_blank\" rel=\"noreferrer noopener\">www.henkilostoasiantuntijat.fi<\/a>&nbsp;&nbsp;<\/p>\n","protected":false},"excerpt":{"rendered":"<p>Suomen Henkil\u00f6st\u00f6asiantuntijat Oy Suomen Henkil\u00f6st\u00f6asiantuntijat Oy&nbsp;on keskisuomalainen rekrytointiratkaisuihin, henkil\u00f6st\u00f6vuokraukseen ja liiketoiminnan asiantuntijapalveluihin erikoistunut yritys.&nbsp;Pyrimme l\u00f6yt\u00e4m\u00e4\u00e4n ty\u00f6lle tekij\u00e4n nopeasti, joustavasti ja luotettavasti. Vastuullisuus, luottamus ja henkil\u00f6kohtainen palvelu ovat toimintamme kulmakivi\u00e4.&nbsp; Palvelumme ty\u00f6nantajille:&nbsp;&nbsp; suorarekrytointi&nbsp;&nbsp; ty\u00f6voiman vuokraus&nbsp; ulkoistaminen&nbsp; liiketoiminnan kehitt\u00e4mispalvelut&nbsp; myyntikoulutukset&nbsp; muutosturvavalmennus&nbsp; Palvelumme ty\u00f6nhakijoille, alanvaihtajille:&nbsp; uramahdollisuuksien analyysi\u00a0 ty\u00f6nhakuvalmennus\u00a0 ty\u00f6el\u00e4m\u00e4ntietous\u00a0 myyntikoulutukset\u00a0 Henkil\u00f6st\u00f6\u00f6mme\u00a0kuuluu henkil\u00f6st\u00f6asiantuntijoita, kouluttajia\/valmentajia, myyji\u00e4.\u00a0\u00a0 Teemme yhteisty\u00f6t\u00e4&nbsp;eri yritt\u00e4jien, yritt\u00e4j\u00e4j\u00e4rjest\u00f6jen, &hellip; <a href=\"https:\/\/blogit.gradia.fi\/lukiolaisettyoelamaan\/uusi-yritys\/\" class=\"more-link\">Jatka lukemista <span class=\"screen-reader-text\">Suomen Henkil\u00f6st\u00f6asiantuntijat: Tule vain rohkeasti k\u00e4ym\u00e4\u00e4n!<\/span> <span class=\"meta-nav\">&rarr;<\/span><\/a><\/p>\n","protected":false},"author":705,"featured_media":0,"parent":0,"menu_order":0,"comment_status":"closed","ping_status":"closed","template":"","meta":{"_uag_custom_page_level_css":"","footnotes":""},"class_list":["post-682","page","type-page","status-publish","hentry"],"yoast_head":"<!-- This site is optimized with the Yoast SEO plugin v27.2 - https:\/\/yoast.com\/product\/yoast-seo-wordpress\/ -->\n<title>Suomen Henkil\u00f6st\u00f6asiantuntijat: Tule vain rohkeasti k\u00e4ym\u00e4\u00e4n! - Lukiolaiset ty\u00f6el\u00e4m\u00e4\u00e4n<\/title>\n<meta name=\"robots\" content=\"index, follow, max-snippet:-1, max-image-preview:large, max-video-preview:-1\" \/>\n<link rel=\"canonical\" href=\"https:\/\/blogit.gradia.fi\/lukiolaisettyoelamaan\/uusi-yritys\/\" \/>\n<meta property=\"og:locale\" content=\"fi_FI\" \/>\n<meta property=\"og:type\" content=\"article\" \/>\n<meta property=\"og:title\" content=\"Suomen Henkil\u00f6st\u00f6asiantuntijat: Tule vain rohkeasti k\u00e4ym\u00e4\u00e4n! - Lukiolaiset ty\u00f6el\u00e4m\u00e4\u00e4n\" \/>\n<meta property=\"og:description\" content=\"Suomen Henkil\u00f6st\u00f6asiantuntijat Oy Suomen Henkil\u00f6st\u00f6asiantuntijat Oy&nbsp;on keskisuomalainen rekrytointiratkaisuihin, henkil\u00f6st\u00f6vuokraukseen ja liiketoiminnan asiantuntijapalveluihin erikoistunut yritys.&nbsp;Pyrimme l\u00f6yt\u00e4m\u00e4\u00e4n ty\u00f6lle tekij\u00e4n nopeasti, joustavasti ja luotettavasti. Vastuullisuus, luottamus ja henkil\u00f6kohtainen palvelu ovat toimintamme kulmakivi\u00e4.&nbsp; Palvelumme ty\u00f6nantajille:&nbsp;&nbsp; suorarekrytointi&nbsp;&nbsp; ty\u00f6voiman vuokraus&nbsp; ulkoistaminen&nbsp; liiketoiminnan kehitt\u00e4mispalvelut&nbsp; myyntikoulutukset&nbsp; muutosturvavalmennus&nbsp; Palvelumme ty\u00f6nhakijoille, alanvaihtajille:&nbsp; uramahdollisuuksien analyysi\u00a0 ty\u00f6nhakuvalmennus\u00a0 ty\u00f6el\u00e4m\u00e4ntietous\u00a0 myyntikoulutukset\u00a0 Henkil\u00f6st\u00f6\u00f6mme\u00a0kuuluu henkil\u00f6st\u00f6asiantuntijoita, kouluttajia\/valmentajia, myyji\u00e4.\u00a0\u00a0 Teemme yhteisty\u00f6t\u00e4&nbsp;eri yritt\u00e4jien, yritt\u00e4j\u00e4j\u00e4rjest\u00f6jen, &hellip; Jatka lukemista Suomen Henkil\u00f6st\u00f6asiantuntijat: Tule vain rohkeasti k\u00e4ym\u00e4\u00e4n! &rarr;\" \/>\n<meta property=\"og:url\" content=\"https:\/\/blogit.gradia.fi\/lukiolaisettyoelamaan\/uusi-yritys\/\" \/>\n<meta property=\"og:site_name\" content=\"Lukiolaiset ty\u00f6el\u00e4m\u00e4\u00e4n\" \/>\n<meta property=\"article:modified_time\" content=\"2021-01-04T10:42:58+00:00\" \/>\n<meta property=\"og:image\" content=\"https:\/\/blogit.gradia.fi\/lukiolaisettyoelamaan\/wp-content\/uploads\/sites\/169\/2021\/01\/Henkilostoasiantuntijat-1024x682.png\" \/>\n<meta name=\"twitter:card\" content=\"summary_large_image\" \/>\n<meta name=\"twitter:label1\" content=\"Arvioitu lukuaika\" \/>\n\t<meta name=\"twitter:data1\" content=\"1 minuutti\" \/>\n<script type=\"application\/ld+json\" class=\"yoast-schema-graph\">{\"@context\":\"https:\/\/schema.org\",\"@graph\":[{\"@type\":\"WebPage\",\"@id\":\"https:\/\/blogit.gradia.fi\/lukiolaisettyoelamaan\/uusi-yritys\/\",\"url\":\"https:\/\/blogit.gradia.fi\/lukiolaisettyoelamaan\/uusi-yritys\/\",\"name\":\"Suomen Henkil\u00f6st\u00f6asiantuntijat: Tule vain rohkeasti k\u00e4ym\u00e4\u00e4n! - Lukiolaiset ty\u00f6el\u00e4m\u00e4\u00e4n\",\"isPartOf\":{\"@id\":\"https:\/\/blogit.gradia.fi\/lukiolaisettyoelamaan\/#website\"},\"primaryImageOfPage\":{\"@id\":\"https:\/\/blogit.gradia.fi\/lukiolaisettyoelamaan\/uusi-yritys\/#primaryimage\"},\"image\":{\"@id\":\"https:\/\/blogit.gradia.fi\/lukiolaisettyoelamaan\/uusi-yritys\/#primaryimage\"},\"thumbnailUrl\":\"https:\/\/blogit.gradia.fi\/lukiolaisettyoelamaan\/wp-content\/uploads\/sites\/169\/2021\/01\/Henkilostoasiantuntijat-1024x682.png\",\"datePublished\":\"2020-12-17T12:52:41+00:00\",\"dateModified\":\"2021-01-04T10:42:58+00:00\",\"breadcrumb\":{\"@id\":\"https:\/\/blogit.gradia.fi\/lukiolaisettyoelamaan\/uusi-yritys\/#breadcrumb\"},\"inLanguage\":\"fi\",\"potentialAction\":[{\"@type\":\"ReadAction\",\"target\":[\"https:\/\/blogit.gradia.fi\/lukiolaisettyoelamaan\/uusi-yritys\/\"]}]},{\"@type\":\"ImageObject\",\"inLanguage\":\"fi\",\"@id\":\"https:\/\/blogit.gradia.fi\/lukiolaisettyoelamaan\/uusi-yritys\/#primaryimage\",\"url\":\"https:\/\/blogit.gradia.fi\/lukiolaisettyoelamaan\/wp-content\/uploads\/sites\/169\/2021\/01\/Henkilostoasiantuntijat.png\",\"contentUrl\":\"https:\/\/blogit.gradia.fi\/lukiolaisettyoelamaan\/wp-content\/uploads\/sites\/169\/2021\/01\/Henkilostoasiantuntijat.png\",\"width\":1264,\"height\":842},{\"@type\":\"BreadcrumbList\",\"@id\":\"https:\/\/blogit.gradia.fi\/lukiolaisettyoelamaan\/uusi-yritys\/#breadcrumb\",\"itemListElement\":[{\"@type\":\"ListItem\",\"position\":1,\"name\":\"Home\",\"item\":\"https:\/\/blogit.gradia.fi\/lukiolaisettyoelamaan\/\"},{\"@type\":\"ListItem\",\"position\":2,\"name\":\"Suomen Henkil\u00f6st\u00f6asiantuntijat: Tule vain rohkeasti k\u00e4ym\u00e4\u00e4n!\"}]},{\"@type\":\"WebSite\",\"@id\":\"https:\/\/blogit.gradia.fi\/lukiolaisettyoelamaan\/#website\",\"url\":\"https:\/\/blogit.gradia.fi\/lukiolaisettyoelamaan\/\",\"name\":\"Lukiolaiset ty\u00f6el\u00e4m\u00e4\u00e4n\",\"description\":\"Tervetuloa tutustumaan ja poimimaan hyvi\u00e4 k\u00e4yt\u00e4nteit\u00e4!\",\"potentialAction\":[{\"@type\":\"SearchAction\",\"target\":{\"@type\":\"EntryPoint\",\"urlTemplate\":\"https:\/\/blogit.gradia.fi\/lukiolaisettyoelamaan\/?s={search_term_string}\"},\"query-input\":{\"@type\":\"PropertyValueSpecification\",\"valueRequired\":true,\"valueName\":\"search_term_string\"}}],\"inLanguage\":\"fi\"}]}<\/script>\n<!-- \/ Yoast SEO plugin. -->","yoast_head_json":{"title":"Suomen Henkil\u00f6st\u00f6asiantuntijat: Tule vain rohkeasti k\u00e4ym\u00e4\u00e4n! - Lukiolaiset ty\u00f6el\u00e4m\u00e4\u00e4n","robots":{"index":"index","follow":"follow","max-snippet":"max-snippet:-1","max-image-preview":"max-image-preview:large","max-video-preview":"max-video-preview:-1"},"canonical":"https:\/\/blogit.gradia.fi\/lukiolaisettyoelamaan\/uusi-yritys\/","og_locale":"fi_FI","og_type":"article","og_title":"Suomen Henkil\u00f6st\u00f6asiantuntijat: Tule vain rohkeasti k\u00e4ym\u00e4\u00e4n! - Lukiolaiset ty\u00f6el\u00e4m\u00e4\u00e4n","og_description":"Suomen Henkil\u00f6st\u00f6asiantuntijat Oy Suomen Henkil\u00f6st\u00f6asiantuntijat Oy&nbsp;on keskisuomalainen rekrytointiratkaisuihin, henkil\u00f6st\u00f6vuokraukseen ja liiketoiminnan asiantuntijapalveluihin erikoistunut yritys.&nbsp;Pyrimme l\u00f6yt\u00e4m\u00e4\u00e4n ty\u00f6lle tekij\u00e4n nopeasti, joustavasti ja luotettavasti. Vastuullisuus, luottamus ja henkil\u00f6kohtainen palvelu ovat toimintamme kulmakivi\u00e4.&nbsp; Palvelumme ty\u00f6nantajille:&nbsp;&nbsp; suorarekrytointi&nbsp;&nbsp; ty\u00f6voiman vuokraus&nbsp; ulkoistaminen&nbsp; liiketoiminnan kehitt\u00e4mispalvelut&nbsp; myyntikoulutukset&nbsp; muutosturvavalmennus&nbsp; Palvelumme ty\u00f6nhakijoille, alanvaihtajille:&nbsp; uramahdollisuuksien analyysi\u00a0 ty\u00f6nhakuvalmennus\u00a0 ty\u00f6el\u00e4m\u00e4ntietous\u00a0 myyntikoulutukset\u00a0 Henkil\u00f6st\u00f6\u00f6mme\u00a0kuuluu henkil\u00f6st\u00f6asiantuntijoita, kouluttajia\/valmentajia, myyji\u00e4.\u00a0\u00a0 Teemme yhteisty\u00f6t\u00e4&nbsp;eri yritt\u00e4jien, yritt\u00e4j\u00e4j\u00e4rjest\u00f6jen, &hellip; Jatka lukemista Suomen Henkil\u00f6st\u00f6asiantuntijat: Tule vain rohkeasti k\u00e4ym\u00e4\u00e4n! &rarr;","og_url":"https:\/\/blogit.gradia.fi\/lukiolaisettyoelamaan\/uusi-yritys\/","og_site_name":"Lukiolaiset ty\u00f6el\u00e4m\u00e4\u00e4n","article_modified_time":"2021-01-04T10:42:58+00:00","og_image":[{"url":"https:\/\/blogit.gradia.fi\/lukiolaisettyoelamaan\/wp-content\/uploads\/sites\/169\/2021\/01\/Henkilostoasiantuntijat-1024x682.png","type":"","width":"","height":""}],"twitter_card":"summary_large_image","twitter_misc":{"Arvioitu lukuaika":"1 minuutti"},"schema":{"@context":"https:\/\/schema.org","@graph":[{"@type":"WebPage","@id":"https:\/\/blogit.gradia.fi\/lukiolaisettyoelamaan\/uusi-yritys\/","url":"https:\/\/blogit.gradia.fi\/lukiolaisettyoelamaan\/uusi-yritys\/","name":"Suomen Henkil\u00f6st\u00f6asiantuntijat: Tule vain rohkeasti k\u00e4ym\u00e4\u00e4n! - Lukiolaiset ty\u00f6el\u00e4m\u00e4\u00e4n","isPartOf":{"@id":"https:\/\/blogit.gradia.fi\/lukiolaisettyoelamaan\/#website"},"primaryImageOfPage":{"@id":"https:\/\/blogit.gradia.fi\/lukiolaisettyoelamaan\/uusi-yritys\/#primaryimage"},"image":{"@id":"https:\/\/blogit.gradia.fi\/lukiolaisettyoelamaan\/uusi-yritys\/#primaryimage"},"thumbnailUrl":"https:\/\/blogit.gradia.fi\/lukiolaisettyoelamaan\/wp-content\/uploads\/sites\/169\/2021\/01\/Henkilostoasiantuntijat-1024x682.png","datePublished":"2020-12-17T12:52:41+00:00","dateModified":"2021-01-04T10:42:58+00:00","breadcrumb":{"@id":"https:\/\/blogit.gradia.fi\/lukiolaisettyoelamaan\/uusi-yritys\/#breadcrumb"},"inLanguage":"fi","potentialAction":[{"@type":"ReadAction","target":["https:\/\/blogit.gradia.fi\/lukiolaisettyoelamaan\/uusi-yritys\/"]}]},{"@type":"ImageObject","inLanguage":"fi","@id":"https:\/\/blogit.gradia.fi\/lukiolaisettyoelamaan\/uusi-yritys\/#primaryimage","url":"https:\/\/blogit.gradia.fi\/lukiolaisettyoelamaan\/wp-content\/uploads\/sites\/169\/2021\/01\/Henkilostoasiantuntijat.png","contentUrl":"https:\/\/blogit.gradia.fi\/lukiolaisettyoelamaan\/wp-content\/uploads\/sites\/169\/2021\/01\/Henkilostoasiantuntijat.png","width":1264,"height":842},{"@type":"BreadcrumbList","@id":"https:\/\/blogit.gradia.fi\/lukiolaisettyoelamaan\/uusi-yritys\/#breadcrumb","itemListElement":[{"@type":"ListItem","position":1,"name":"Home","item":"https:\/\/blogit.gradia.fi\/lukiolaisettyoelamaan\/"},{"@type":"ListItem","position":2,"name":"Suomen Henkil\u00f6st\u00f6asiantuntijat: Tule vain rohkeasti k\u00e4ym\u00e4\u00e4n!"}]},{"@type":"WebSite","@id":"https:\/\/blogit.gradia.fi\/lukiolaisettyoelamaan\/#website","url":"https:\/\/blogit.gradia.fi\/lukiolaisettyoelamaan\/","name":"Lukiolaiset ty\u00f6el\u00e4m\u00e4\u00e4n","description":"Tervetuloa tutustumaan ja poimimaan hyvi\u00e4 k\u00e4yt\u00e4nteit\u00e4!","potentialAction":[{"@type":"SearchAction","target":{"@type":"EntryPoint","urlTemplate":"https:\/\/blogit.gradia.fi\/lukiolaisettyoelamaan\/?s={search_term_string}"},"query-input":{"@type":"PropertyValueSpecification","valueRequired":true,"valueName":"search_term_string"}}],"inLanguage":"fi"}]}},"uagb_featured_image_src":{"full":false,"thumbnail":false,"medium":false,"medium_large":false,"large":false,"1536x1536":false,"2048x2048":false,"post-thumbnail":false},"uagb_author_info":{"display_name":"Birgitta Mannila","author_link":"https:\/\/blogit.gradia.fi\/lukiolaisettyoelamaan\/author\/mannibir\/"},"uagb_comment_info":0,"uagb_excerpt":"Suomen Henkil\u00f6st\u00f6asiantuntijat Oy Suomen Henkil\u00f6st\u00f6asiantuntijat Oy&nbsp;on keskisuomalainen rekrytointiratkaisuihin, henkil\u00f6st\u00f6vuokraukseen ja liiketoiminnan asiantuntijapalveluihin erikoistunut yritys.&nbsp;Pyrimme l\u00f6yt\u00e4m\u00e4\u00e4n ty\u00f6lle tekij\u00e4n nopeasti, joustavasti ja luotettavasti. Vastuullisuus, luottamus ja henkil\u00f6kohtainen palvelu ovat toimintamme kulmakivi\u00e4.&nbsp; Palvelumme ty\u00f6nantajille:&nbsp;&nbsp; suorarekrytointi&nbsp;&nbsp; ty\u00f6voiman vuokraus&nbsp; ulkoistaminen&nbsp; liiketoiminnan kehitt\u00e4mispalvelut&nbsp; myyntikoulutukset&nbsp; muutosturvavalmennus&nbsp; Palvelumme ty\u00f6nhakijoille, alanvaihtajille:&nbsp; uramahdollisuuksien analyysi\u00a0 ty\u00f6nhakuvalmennus\u00a0 ty\u00f6el\u00e4m\u00e4ntietous\u00a0 myyntikoulutukset\u00a0 Henkil\u00f6st\u00f6\u00f6mme\u00a0kuuluu henkil\u00f6st\u00f6asiantuntijoita, kouluttajia\/valmentajia, myyji\u00e4.\u00a0\u00a0 Teemme yhteisty\u00f6t\u00e4&nbsp;eri yritt\u00e4jien, yritt\u00e4j\u00e4j\u00e4rjest\u00f6jen,&hellip;","_links":{"self":[{"href":"https:\/\/blogit.gradia.fi\/lukiolaisettyoelamaan\/wp-json\/wp\/v2\/pages\/682","targetHints":{"allow":["GET"]}}],"collection":[{"href":"https:\/\/blogit.gradia.fi\/lukiolaisettyoelamaan\/wp-json\/wp\/v2\/pages"}],"about":[{"href":"https:\/\/blogit.gradia.fi\/lukiolaisettyoelamaan\/wp-json\/wp\/v2\/types\/page"}],"author":[{"embeddable":true,"href":"https:\/\/blogit.gradia.fi\/lukiolaisettyoelamaan\/wp-json\/wp\/v2\/users\/705"}],"replies":[{"embeddable":true,"href":"https:\/\/blogit.gradia.fi\/lukiolaisettyoelamaan\/wp-json\/wp\/v2\/comments?post=682"}],"version-history":[{"count":8,"href":"https:\/\/blogit.gradia.fi\/lukiolaisettyoelamaan\/wp-json\/wp\/v2\/pages\/682\/revisions"}],"predecessor-version":[{"id":697,"href":"https:\/\/blogit.gradia.fi\/lukiolaisettyoelamaan\/wp-json\/wp\/v2\/pages\/682\/revisions\/697"}],"wp:attachment":[{"href":"https:\/\/blogit.gradia.fi\/lukiolaisettyoelamaan\/wp-json\/wp\/v2\/media?parent=682"}],"curies":[{"name":"wp","href":"https:\/\/api.w.org\/{rel}","templated":true}]}}