{"id":652,"date":"2020-12-09T09:50:16","date_gmt":"2020-12-09T07:50:16","guid":{"rendered":"https:\/\/blogit.gradia.fi\/lukiolaisettyoelamaan\/?page_id=652"},"modified":"2021-01-04T12:44:14","modified_gmt":"2021-01-04T10:44:14","slug":"firstbeat-jatkuva-muutos-on-tullut-jaadakseen","status":"publish","type":"page","link":"https:\/\/blogit.gradia.fi\/lukiolaisettyoelamaan\/gradia-lukiot\/firstbeat-jatkuva-muutos-on-tullut-jaadakseen\/","title":{"rendered":"Firstbeat: Jatkuva muutos on tullut j\u00e4\u00e4d\u00e4kseen!"},"content":{"rendered":"\n<figure class=\"wp-block-image size-large\"><a href=\"https:\/\/www.firstbeat.com\/fi\/\"><img loading=\"lazy\" decoding=\"async\" width=\"1024\" height=\"667\" src=\"https:\/\/blogit.gradia.fi\/lukiolaisettyoelamaan\/wp-content\/uploads\/sites\/169\/2020\/12\/Kotisaari-1-1024x667.png\" alt=\"\" class=\"wp-image-661\" srcset=\"https:\/\/blogit.gradia.fi\/lukiolaisettyoelamaan\/wp-content\/uploads\/sites\/169\/2020\/12\/Kotisaari-1-1024x667.png 1024w, https:\/\/blogit.gradia.fi\/lukiolaisettyoelamaan\/wp-content\/uploads\/sites\/169\/2020\/12\/Kotisaari-1-300x195.png 300w, https:\/\/blogit.gradia.fi\/lukiolaisettyoelamaan\/wp-content\/uploads\/sites\/169\/2020\/12\/Kotisaari-1-768x500.png 768w, https:\/\/blogit.gradia.fi\/lukiolaisettyoelamaan\/wp-content\/uploads\/sites\/169\/2020\/12\/Kotisaari-1.png 1291w\" sizes=\"auto, (max-width: 1024px) 100vw, 1024px\" \/><\/a><\/figure>\n\n\n\n<h2 class=\"wp-block-heading\">Firstbeat Technologies Oy<\/h2>\n\n\n\n<p><strong>Firstbeat on kansainv\u00e4linen hyvinvoinnin, huippu-urheilun ja kuluttajatuotteiden parissa toimiva yritys<\/strong>,&nbsp;jonka kehitt\u00e4m\u00e4 syd\u00e4men sykev\u00e4lianalyysi auttaa parantamaan suorituskyky\u00e4 ja hyvinvointia. Monitieteiseen tutkimukseen perustuva analyysi tuottaa henkil\u00f6kohtaista tietoa stressist\u00e4, palautumisesta ja liikunnan vaikutuksista. Yritys on perustettu vuonna 2002. <\/p>\n\n\n\n<p>Jo kymmenet tuhannet huippu-urheilijat sek\u00e4 miljoonat kuluttajat ja ty\u00f6ntekij\u00e4t yli 40 eri maassa luottavat&nbsp;Firstbeatin&nbsp;analytiikkaan.&nbsp;<\/p>\n\n\n\n<p><strong>Firstbeatilla&nbsp;ty\u00f6skentelee yli 80 hyvinvoinnista ja urheilusta innostunutta asiantuntijaa<\/strong>. Ydinosaamisemme perustuu monitieteelliseen kehitysty\u00f6h\u00f6n fysiologian, matemaattisen mallintamisen ja k\u00e4ytt\u00e4ytymisen ymm\u00e4rt\u00e4misen alueella.&nbsp;&nbsp;<\/p>\n\n\n\n<p>Teemme yhteisty\u00f6t\u00e4<strong>&nbsp;<\/strong>yliopistojen, tutkimuskeskusten&nbsp;sek\u00e4 monipuolisesti liikunta-, terveys- ja hyvinvointipalveluja tuottavien toimijoiden kanssa.&nbsp;<\/p>\n\n\n\n<p>Toimintaamme ohjaavat keskeiset periaatteet ja arvot&nbsp;ovat&nbsp;<strong>innovatiivisuus, ty\u00f6yhteis\u00f6n kannustaminen ja laatu<\/strong>.&nbsp;&nbsp;<\/p>\n\n\n\n<p>Rekrytointien yhteydess\u00e4 korostamme erityisesti&nbsp;<strong>rohkeutta, avoimuutta ja itsens\u00e4 jatkuva kehitt\u00e4mist\u00e4<\/strong>.&nbsp;&nbsp;&nbsp;<\/p>\n\n\n\n<p>Viestini nuorille, jotka ovat kiinnostuneita yrityksemme toimialasta:\u00a0<strong>Jatkuva muutos on tullut j\u00e4\u00e4d\u00e4kseen, joten valmius toimia sek\u00e4 avata latua alati kasvavilla liikunnan ja terveysteknologian markkinoilla on hieno mahdollisuus my\u00f6s henkil\u00f6kohtaisen oppimiseen ja kasvuun.\u00a0<\/strong><\/p>\n\n\n\n<p><a href=\"http:\/\/www.firstbeat.com\" target=\"_blank\" rel=\"noreferrer noopener\">www.firstbeat.com<\/a> <\/p>\n","protected":false},"excerpt":{"rendered":"<p>Firstbeat Technologies Oy Firstbeat on kansainv\u00e4linen hyvinvoinnin, huippu-urheilun ja kuluttajatuotteiden parissa toimiva yritys,&nbsp;jonka kehitt\u00e4m\u00e4 syd\u00e4men sykev\u00e4lianalyysi auttaa parantamaan suorituskyky\u00e4 ja hyvinvointia. Monitieteiseen tutkimukseen perustuva analyysi tuottaa henkil\u00f6kohtaista tietoa stressist\u00e4, palautumisesta ja liikunnan vaikutuksista. Yritys on perustettu vuonna 2002. Jo kymmenet tuhannet huippu-urheilijat sek\u00e4 miljoonat kuluttajat ja ty\u00f6ntekij\u00e4t yli 40 eri maassa luottavat&nbsp;Firstbeatin&nbsp;analytiikkaan.&nbsp; Firstbeatilla&nbsp;ty\u00f6skentelee yli 80 &hellip; <a href=\"https:\/\/blogit.gradia.fi\/lukiolaisettyoelamaan\/gradia-lukiot\/firstbeat-jatkuva-muutos-on-tullut-jaadakseen\/\" class=\"more-link\">Jatka lukemista <span class=\"screen-reader-text\">Firstbeat: Jatkuva muutos on tullut j\u00e4\u00e4d\u00e4kseen!<\/span> <span class=\"meta-nav\">&rarr;<\/span><\/a><\/p>\n","protected":false},"author":152,"featured_media":0,"parent":471,"menu_order":0,"comment_status":"closed","ping_status":"closed","template":"","meta":{"_uag_custom_page_level_css":"","footnotes":""},"class_list":["post-652","page","type-page","status-publish","hentry"],"yoast_head":"<!-- This site is optimized with the Yoast SEO plugin v27.2 - https:\/\/yoast.com\/product\/yoast-seo-wordpress\/ -->\n<title>Firstbeat: Jatkuva muutos on tullut j\u00e4\u00e4d\u00e4kseen! - Lukiolaiset ty\u00f6el\u00e4m\u00e4\u00e4n<\/title>\n<meta name=\"robots\" content=\"index, follow, max-snippet:-1, max-image-preview:large, max-video-preview:-1\" \/>\n<link rel=\"canonical\" href=\"https:\/\/blogit.gradia.fi\/lukiolaisettyoelamaan\/gradia-lukiot\/firstbeat-jatkuva-muutos-on-tullut-jaadakseen\/\" \/>\n<meta property=\"og:locale\" content=\"fi_FI\" \/>\n<meta property=\"og:type\" content=\"article\" \/>\n<meta property=\"og:title\" content=\"Firstbeat: Jatkuva muutos on tullut j\u00e4\u00e4d\u00e4kseen! - Lukiolaiset ty\u00f6el\u00e4m\u00e4\u00e4n\" \/>\n<meta property=\"og:description\" content=\"Firstbeat Technologies Oy Firstbeat on kansainv\u00e4linen hyvinvoinnin, huippu-urheilun ja kuluttajatuotteiden parissa toimiva yritys,&nbsp;jonka kehitt\u00e4m\u00e4 syd\u00e4men sykev\u00e4lianalyysi auttaa parantamaan suorituskyky\u00e4 ja hyvinvointia. Monitieteiseen tutkimukseen perustuva analyysi tuottaa henkil\u00f6kohtaista tietoa stressist\u00e4, palautumisesta ja liikunnan vaikutuksista. Yritys on perustettu vuonna 2002. Jo kymmenet tuhannet huippu-urheilijat sek\u00e4 miljoonat kuluttajat ja ty\u00f6ntekij\u00e4t yli 40 eri maassa luottavat&nbsp;Firstbeatin&nbsp;analytiikkaan.&nbsp; Firstbeatilla&nbsp;ty\u00f6skentelee yli 80 &hellip; Jatka lukemista Firstbeat: Jatkuva muutos on tullut j\u00e4\u00e4d\u00e4kseen! &rarr;\" \/>\n<meta property=\"og:url\" content=\"https:\/\/blogit.gradia.fi\/lukiolaisettyoelamaan\/gradia-lukiot\/firstbeat-jatkuva-muutos-on-tullut-jaadakseen\/\" \/>\n<meta property=\"og:site_name\" content=\"Lukiolaiset ty\u00f6el\u00e4m\u00e4\u00e4n\" \/>\n<meta property=\"article:modified_time\" content=\"2021-01-04T10:44:14+00:00\" \/>\n<meta property=\"og:image\" content=\"https:\/\/blogit.gradia.fi\/lukiolaisettyoelamaan\/wp-content\/uploads\/sites\/169\/2020\/12\/Kotisaari-1-1024x667.png\" \/>\n<meta name=\"twitter:card\" content=\"summary_large_image\" \/>\n<meta name=\"twitter:label1\" content=\"Arvioitu lukuaika\" \/>\n\t<meta name=\"twitter:data1\" content=\"1 minuutti\" \/>\n<script type=\"application\/ld+json\" class=\"yoast-schema-graph\">{\"@context\":\"https:\/\/schema.org\",\"@graph\":[{\"@type\":\"WebPage\",\"@id\":\"https:\/\/blogit.gradia.fi\/lukiolaisettyoelamaan\/gradia-lukiot\/firstbeat-jatkuva-muutos-on-tullut-jaadakseen\/\",\"url\":\"https:\/\/blogit.gradia.fi\/lukiolaisettyoelamaan\/gradia-lukiot\/firstbeat-jatkuva-muutos-on-tullut-jaadakseen\/\",\"name\":\"Firstbeat: Jatkuva muutos on tullut j\u00e4\u00e4d\u00e4kseen! - Lukiolaiset ty\u00f6el\u00e4m\u00e4\u00e4n\",\"isPartOf\":{\"@id\":\"https:\/\/blogit.gradia.fi\/lukiolaisettyoelamaan\/#website\"},\"primaryImageOfPage\":{\"@id\":\"https:\/\/blogit.gradia.fi\/lukiolaisettyoelamaan\/gradia-lukiot\/firstbeat-jatkuva-muutos-on-tullut-jaadakseen\/#primaryimage\"},\"image\":{\"@id\":\"https:\/\/blogit.gradia.fi\/lukiolaisettyoelamaan\/gradia-lukiot\/firstbeat-jatkuva-muutos-on-tullut-jaadakseen\/#primaryimage\"},\"thumbnailUrl\":\"https:\/\/blogit.gradia.fi\/lukiolaisettyoelamaan\/wp-content\/uploads\/sites\/169\/2020\/12\/Kotisaari-1-1024x667.png\",\"datePublished\":\"2020-12-09T07:50:16+00:00\",\"dateModified\":\"2021-01-04T10:44:14+00:00\",\"breadcrumb\":{\"@id\":\"https:\/\/blogit.gradia.fi\/lukiolaisettyoelamaan\/gradia-lukiot\/firstbeat-jatkuva-muutos-on-tullut-jaadakseen\/#breadcrumb\"},\"inLanguage\":\"fi\",\"potentialAction\":[{\"@type\":\"ReadAction\",\"target\":[\"https:\/\/blogit.gradia.fi\/lukiolaisettyoelamaan\/gradia-lukiot\/firstbeat-jatkuva-muutos-on-tullut-jaadakseen\/\"]}]},{\"@type\":\"ImageObject\",\"inLanguage\":\"fi\",\"@id\":\"https:\/\/blogit.gradia.fi\/lukiolaisettyoelamaan\/gradia-lukiot\/firstbeat-jatkuva-muutos-on-tullut-jaadakseen\/#primaryimage\",\"url\":\"https:\/\/blogit.gradia.fi\/lukiolaisettyoelamaan\/wp-content\/uploads\/sites\/169\/2020\/12\/Kotisaari-1.png\",\"contentUrl\":\"https:\/\/blogit.gradia.fi\/lukiolaisettyoelamaan\/wp-content\/uploads\/sites\/169\/2020\/12\/Kotisaari-1.png\",\"width\":1291,\"height\":841},{\"@type\":\"BreadcrumbList\",\"@id\":\"https:\/\/blogit.gradia.fi\/lukiolaisettyoelamaan\/gradia-lukiot\/firstbeat-jatkuva-muutos-on-tullut-jaadakseen\/#breadcrumb\",\"itemListElement\":[{\"@type\":\"ListItem\",\"position\":1,\"name\":\"Home\",\"item\":\"https:\/\/blogit.gradia.fi\/lukiolaisettyoelamaan\/\"},{\"@type\":\"ListItem\",\"position\":2,\"name\":\"Gradia-lukiot\",\"item\":\"https:\/\/blogit.gradia.fi\/lukiolaisettyoelamaan\/gradia-lukiot\/\"},{\"@type\":\"ListItem\",\"position\":3,\"name\":\"Firstbeat: Jatkuva muutos on tullut j\u00e4\u00e4d\u00e4kseen!\"}]},{\"@type\":\"WebSite\",\"@id\":\"https:\/\/blogit.gradia.fi\/lukiolaisettyoelamaan\/#website\",\"url\":\"https:\/\/blogit.gradia.fi\/lukiolaisettyoelamaan\/\",\"name\":\"Lukiolaiset ty\u00f6el\u00e4m\u00e4\u00e4n\",\"description\":\"Tervetuloa tutustumaan ja poimimaan hyvi\u00e4 k\u00e4yt\u00e4nteit\u00e4!\",\"potentialAction\":[{\"@type\":\"SearchAction\",\"target\":{\"@type\":\"EntryPoint\",\"urlTemplate\":\"https:\/\/blogit.gradia.fi\/lukiolaisettyoelamaan\/?s={search_term_string}\"},\"query-input\":{\"@type\":\"PropertyValueSpecification\",\"valueRequired\":true,\"valueName\":\"search_term_string\"}}],\"inLanguage\":\"fi\"}]}<\/script>\n<!-- \/ Yoast SEO plugin. -->","yoast_head_json":{"title":"Firstbeat: Jatkuva muutos on tullut j\u00e4\u00e4d\u00e4kseen! - Lukiolaiset ty\u00f6el\u00e4m\u00e4\u00e4n","robots":{"index":"index","follow":"follow","max-snippet":"max-snippet:-1","max-image-preview":"max-image-preview:large","max-video-preview":"max-video-preview:-1"},"canonical":"https:\/\/blogit.gradia.fi\/lukiolaisettyoelamaan\/gradia-lukiot\/firstbeat-jatkuva-muutos-on-tullut-jaadakseen\/","og_locale":"fi_FI","og_type":"article","og_title":"Firstbeat: Jatkuva muutos on tullut j\u00e4\u00e4d\u00e4kseen! - Lukiolaiset ty\u00f6el\u00e4m\u00e4\u00e4n","og_description":"Firstbeat Technologies Oy Firstbeat on kansainv\u00e4linen hyvinvoinnin, huippu-urheilun ja kuluttajatuotteiden parissa toimiva yritys,&nbsp;jonka kehitt\u00e4m\u00e4 syd\u00e4men sykev\u00e4lianalyysi auttaa parantamaan suorituskyky\u00e4 ja hyvinvointia. Monitieteiseen tutkimukseen perustuva analyysi tuottaa henkil\u00f6kohtaista tietoa stressist\u00e4, palautumisesta ja liikunnan vaikutuksista. Yritys on perustettu vuonna 2002. Jo kymmenet tuhannet huippu-urheilijat sek\u00e4 miljoonat kuluttajat ja ty\u00f6ntekij\u00e4t yli 40 eri maassa luottavat&nbsp;Firstbeatin&nbsp;analytiikkaan.&nbsp; Firstbeatilla&nbsp;ty\u00f6skentelee yli 80 &hellip; Jatka lukemista Firstbeat: Jatkuva muutos on tullut j\u00e4\u00e4d\u00e4kseen! &rarr;","og_url":"https:\/\/blogit.gradia.fi\/lukiolaisettyoelamaan\/gradia-lukiot\/firstbeat-jatkuva-muutos-on-tullut-jaadakseen\/","og_site_name":"Lukiolaiset ty\u00f6el\u00e4m\u00e4\u00e4n","article_modified_time":"2021-01-04T10:44:14+00:00","og_image":[{"url":"https:\/\/blogit.gradia.fi\/lukiolaisettyoelamaan\/wp-content\/uploads\/sites\/169\/2020\/12\/Kotisaari-1-1024x667.png","type":"","width":"","height":""}],"twitter_card":"summary_large_image","twitter_misc":{"Arvioitu lukuaika":"1 minuutti"},"schema":{"@context":"https:\/\/schema.org","@graph":[{"@type":"WebPage","@id":"https:\/\/blogit.gradia.fi\/lukiolaisettyoelamaan\/gradia-lukiot\/firstbeat-jatkuva-muutos-on-tullut-jaadakseen\/","url":"https:\/\/blogit.gradia.fi\/lukiolaisettyoelamaan\/gradia-lukiot\/firstbeat-jatkuva-muutos-on-tullut-jaadakseen\/","name":"Firstbeat: Jatkuva muutos on tullut j\u00e4\u00e4d\u00e4kseen! - Lukiolaiset ty\u00f6el\u00e4m\u00e4\u00e4n","isPartOf":{"@id":"https:\/\/blogit.gradia.fi\/lukiolaisettyoelamaan\/#website"},"primaryImageOfPage":{"@id":"https:\/\/blogit.gradia.fi\/lukiolaisettyoelamaan\/gradia-lukiot\/firstbeat-jatkuva-muutos-on-tullut-jaadakseen\/#primaryimage"},"image":{"@id":"https:\/\/blogit.gradia.fi\/lukiolaisettyoelamaan\/gradia-lukiot\/firstbeat-jatkuva-muutos-on-tullut-jaadakseen\/#primaryimage"},"thumbnailUrl":"https:\/\/blogit.gradia.fi\/lukiolaisettyoelamaan\/wp-content\/uploads\/sites\/169\/2020\/12\/Kotisaari-1-1024x667.png","datePublished":"2020-12-09T07:50:16+00:00","dateModified":"2021-01-04T10:44:14+00:00","breadcrumb":{"@id":"https:\/\/blogit.gradia.fi\/lukiolaisettyoelamaan\/gradia-lukiot\/firstbeat-jatkuva-muutos-on-tullut-jaadakseen\/#breadcrumb"},"inLanguage":"fi","potentialAction":[{"@type":"ReadAction","target":["https:\/\/blogit.gradia.fi\/lukiolaisettyoelamaan\/gradia-lukiot\/firstbeat-jatkuva-muutos-on-tullut-jaadakseen\/"]}]},{"@type":"ImageObject","inLanguage":"fi","@id":"https:\/\/blogit.gradia.fi\/lukiolaisettyoelamaan\/gradia-lukiot\/firstbeat-jatkuva-muutos-on-tullut-jaadakseen\/#primaryimage","url":"https:\/\/blogit.gradia.fi\/lukiolaisettyoelamaan\/wp-content\/uploads\/sites\/169\/2020\/12\/Kotisaari-1.png","contentUrl":"https:\/\/blogit.gradia.fi\/lukiolaisettyoelamaan\/wp-content\/uploads\/sites\/169\/2020\/12\/Kotisaari-1.png","width":1291,"height":841},{"@type":"BreadcrumbList","@id":"https:\/\/blogit.gradia.fi\/lukiolaisettyoelamaan\/gradia-lukiot\/firstbeat-jatkuva-muutos-on-tullut-jaadakseen\/#breadcrumb","itemListElement":[{"@type":"ListItem","position":1,"name":"Home","item":"https:\/\/blogit.gradia.fi\/lukiolaisettyoelamaan\/"},{"@type":"ListItem","position":2,"name":"Gradia-lukiot","item":"https:\/\/blogit.gradia.fi\/lukiolaisettyoelamaan\/gradia-lukiot\/"},{"@type":"ListItem","position":3,"name":"Firstbeat: Jatkuva muutos on tullut j\u00e4\u00e4d\u00e4kseen!"}]},{"@type":"WebSite","@id":"https:\/\/blogit.gradia.fi\/lukiolaisettyoelamaan\/#website","url":"https:\/\/blogit.gradia.fi\/lukiolaisettyoelamaan\/","name":"Lukiolaiset ty\u00f6el\u00e4m\u00e4\u00e4n","description":"Tervetuloa tutustumaan ja poimimaan hyvi\u00e4 k\u00e4yt\u00e4nteit\u00e4!","potentialAction":[{"@type":"SearchAction","target":{"@type":"EntryPoint","urlTemplate":"https:\/\/blogit.gradia.fi\/lukiolaisettyoelamaan\/?s={search_term_string}"},"query-input":{"@type":"PropertyValueSpecification","valueRequired":true,"valueName":"search_term_string"}}],"inLanguage":"fi"}]}},"uagb_featured_image_src":{"full":false,"thumbnail":false,"medium":false,"medium_large":false,"large":false,"1536x1536":false,"2048x2048":false,"post-thumbnail":false},"uagb_author_info":{"display_name":"Anna Saari","author_link":"https:\/\/blogit.gradia.fi\/lukiolaisettyoelamaan\/author\/palviann\/"},"uagb_comment_info":0,"uagb_excerpt":"Firstbeat Technologies Oy Firstbeat on kansainv\u00e4linen hyvinvoinnin, huippu-urheilun ja kuluttajatuotteiden parissa toimiva yritys,&nbsp;jonka kehitt\u00e4m\u00e4 syd\u00e4men sykev\u00e4lianalyysi auttaa parantamaan suorituskyky\u00e4 ja hyvinvointia. Monitieteiseen tutkimukseen perustuva analyysi tuottaa henkil\u00f6kohtaista tietoa stressist\u00e4, palautumisesta ja liikunnan vaikutuksista. Yritys on perustettu vuonna 2002. Jo kymmenet tuhannet huippu-urheilijat sek\u00e4 miljoonat kuluttajat ja ty\u00f6ntekij\u00e4t yli 40 eri maassa luottavat&nbsp;Firstbeatin&nbsp;analytiikkaan.&nbsp; Firstbeatilla&nbsp;ty\u00f6skentelee yli 80&hellip;","_links":{"self":[{"href":"https:\/\/blogit.gradia.fi\/lukiolaisettyoelamaan\/wp-json\/wp\/v2\/pages\/652","targetHints":{"allow":["GET"]}}],"collection":[{"href":"https:\/\/blogit.gradia.fi\/lukiolaisettyoelamaan\/wp-json\/wp\/v2\/pages"}],"about":[{"href":"https:\/\/blogit.gradia.fi\/lukiolaisettyoelamaan\/wp-json\/wp\/v2\/types\/page"}],"author":[{"embeddable":true,"href":"https:\/\/blogit.gradia.fi\/lukiolaisettyoelamaan\/wp-json\/wp\/v2\/users\/152"}],"replies":[{"embeddable":true,"href":"https:\/\/blogit.gradia.fi\/lukiolaisettyoelamaan\/wp-json\/wp\/v2\/comments?post=652"}],"version-history":[{"count":9,"href":"https:\/\/blogit.gradia.fi\/lukiolaisettyoelamaan\/wp-json\/wp\/v2\/pages\/652\/revisions"}],"predecessor-version":[{"id":698,"href":"https:\/\/blogit.gradia.fi\/lukiolaisettyoelamaan\/wp-json\/wp\/v2\/pages\/652\/revisions\/698"}],"up":[{"embeddable":true,"href":"https:\/\/blogit.gradia.fi\/lukiolaisettyoelamaan\/wp-json\/wp\/v2\/pages\/471"}],"wp:attachment":[{"href":"https:\/\/blogit.gradia.fi\/lukiolaisettyoelamaan\/wp-json\/wp\/v2\/media?parent=652"}],"curies":[{"name":"wp","href":"https:\/\/api.w.org\/{rel}","templated":true}]}}