{"id":6,"date":"2020-03-27T15:25:23","date_gmt":"2020-03-27T13:25:23","guid":{"rendered":"https:\/\/blogit.gradia.fi\/lukiolaisettyoelamaan\/?page_id=6"},"modified":"2021-11-03T12:18:28","modified_gmt":"2021-11-03T10:18:28","slug":"hankkeessa-tapahtuu","status":"publish","type":"page","link":"https:\/\/blogit.gradia.fi\/lukiolaisettyoelamaan\/","title":{"rendered":"Hankkeessa tapahtuu"},"content":{"rendered":"\n<div class=\"wp-block-media-text alignwide is-stacked-on-mobile\" style=\"grid-template-columns:25% auto\"><figure class=\"wp-block-media-text__media\"><img loading=\"lazy\" decoding=\"async\" width=\"1024\" height=\"683\" src=\"https:\/\/blogit.gradia.fi\/lukiolaisettyoelamaan\/wp-content\/uploads\/sites\/169\/2021\/01\/gradia-schildtin-lukio-2018-web-2048px-3707-1024x683.jpg\" alt=\"\" class=\"wp-image-870 size-full\" srcset=\"https:\/\/blogit.gradia.fi\/lukiolaisettyoelamaan\/wp-content\/uploads\/sites\/169\/2021\/01\/gradia-schildtin-lukio-2018-web-2048px-3707-1024x683.jpg 1024w, https:\/\/blogit.gradia.fi\/lukiolaisettyoelamaan\/wp-content\/uploads\/sites\/169\/2021\/01\/gradia-schildtin-lukio-2018-web-2048px-3707-300x200.jpg 300w, https:\/\/blogit.gradia.fi\/lukiolaisettyoelamaan\/wp-content\/uploads\/sites\/169\/2021\/01\/gradia-schildtin-lukio-2018-web-2048px-3707-768x512.jpg 768w, https:\/\/blogit.gradia.fi\/lukiolaisettyoelamaan\/wp-content\/uploads\/sites\/169\/2021\/01\/gradia-schildtin-lukio-2018-web-2048px-3707-1536x1024.jpg 1536w, https:\/\/blogit.gradia.fi\/lukiolaisettyoelamaan\/wp-content\/uploads\/sites\/169\/2021\/01\/gradia-schildtin-lukio-2018-web-2048px-3707.jpg 2048w\" sizes=\"auto, (max-width: 1024px) 100vw, 1024px\" \/><\/figure><div class=\"wp-block-media-text__content\">\n<p><strong>Tervetuloa Ohjatusti kohti tulevaisuuden ty\u00f6el\u00e4m\u00e4\u00e4 -hankkeen blogiin! <\/strong><\/p>\n\n\n\n<p>T\u00e4\u00e4lt\u00e4 l\u00f6yd\u00e4t kaikki hankkeen tapahtumat ja uutiset &#8211; pysy kuulolla! Hanke toimii yht\u00e4 aikaa viidell\u00e4 eri paikkakunnalla, voit seurata alueellisia uutisia ja tapahtumia kunkin alueen sivuilta. <\/p>\n<\/div><\/div>\n\n\n\n<h2 class=\"wp-block-heading\">Tulevat tapahtumat<\/h2>\n\n\n\n<h5 class=\"wp-block-heading\">8.11.2021 | Mikkelin lukio <br>Pedagogiset pakopelit -webinaari <\/h5>\n\n\n\n<h5 class=\"wp-block-heading\">18.11.2021 | Gradia-lukiot<br>Yritt\u00e4j\u00e4lounas Schildtin lukiolla<\/h5>\n\n\n\n<h5 class=\"wp-block-heading\">23.11.2021 | Gradia-lukiot<br>Yritt\u00e4j\u00e4lounas Jyv\u00e4skyl\u00e4n Lyseon lukiolla<\/h5>\n\n\n\n<h2 class=\"wp-block-heading\">Toteutuneet tapahtumat <\/h2>\n\n\n\n<h5 class=\"wp-block-heading\">22.9.2021 | Gradia-lukiot<br>Tulevaisuus tehd\u00e4\u00e4n yhdess\u00e4! &#8211; webinaari<\/h5>\n\n\n\n<h5 class=\"wp-block-heading\">Toukokuu 2021 | Mikkelin lukio<br>Ty\u00f6el\u00e4m\u00e4taitopainotteiset pakopelit 1. ja 2. vuoden opiskelijoille<\/h5>\n\n\n\n<h5 class=\"wp-block-heading\">19.2.-7.5.2021 | hankkeen lukiot<br>Tiimiosaamisen valmennus (4 pv)<\/h5>\n\n\n\n<h5 class=\"wp-block-heading\">Huhtikuu 2021 | Mikkelin lukio<br>Pakopelikoulutus opettajille (1 pv)<\/h5>\n\n\n\n<h5 class=\"wp-block-heading\" id=\"block-75f4a66e-a55e-43b3-b119-bce067e70b4a\">Maaliskuu 2021 | Mikkelin lukio<br>Projektijakso yhteisty\u00f6ss\u00e4 Kaakkois-Suomen ammattikorkeakoulun kanssa<\/h5>\n\n\n\n<h5 class=\"wp-block-heading\">23.2.2021 | Kangasalan lukio<br>N\u00e4k\u00f6kulmia positiiviseen pedagogiikkaan ja laaja-alaisiin<br>hyvinvointitaitoihin -webinaari<\/h5>\n\n\n\n<h5 class=\"wp-block-heading\">Tammikuu 2021 | Mikkelin lukio<br><a href=\"https:\/\/blogit.gradia.fi\/lukiolaisettyoelamaan\/2021\/03\/02\/mikkelin-lukion-toiminnalliset-tyoelamatyopajat-abeille\/\">Ty\u00f6el\u00e4m\u00e4ty\u00f6pajat abeille<\/a><\/h5>\n\n\n\n<h5 class=\"wp-block-heading\">1.2.2021 | Kuopion lukiot<br><a href=\"https:\/\/blogit.gradia.fi\/lukiolaisettyoelamaan\/tiimijakso-teemana-tulevaisuus-webinaari\/\">Tiimijakso &#8211; teemana tulevaisuus! -webinaari lukioiden opettajille<\/a><\/h5>\n\n\n\n<h5 class=\"wp-block-heading\" id=\"block-5a4a3bd0-4700-4b96-8b53-c53ae0c301e1\"><strong>25.11.2020 klo 14-16 | Lemp\u00e4\u00e4l\u00e4<\/strong>n lukio<br><a href=\"https:\/\/blogit.gradia.fi\/lukiolaisettyoelamaan\/2021\/01\/18\/webinaari-matematiikan-oppiminen-ja-motivaatio\/\"><strong>Motivaatio matematiikassa ja RSMP -webinaari<\/strong> lukioiden opettajille<\/a><\/h5>\n\n\n\n<h5 class=\"wp-block-heading\">6.11.2020 &#8211; 22.1.2021  | hankkeen lukiot<br>Tiimiosaamisen valmennus (4 pv)<\/h5>\n\n\n\n<h5 class=\"wp-block-heading\">30.10.2020 | Gradia-lukiot ja Keski-Suomen Yritt\u00e4j\u00e4t<br><a href=\"https:\/\/blogit.gradia.fi\/lukiolaisettyoelamaan\/2020\/11\/05\/gradia-lukiot-ja-keski-suomen-yrittajat\/\">Yritt\u00e4j\u00e4yhteisty\u00f6brunssi Schildtin lukiolla<\/a><\/h5>\n\n\n\n<h5 class=\"wp-block-heading\"><strong>21.10.2020 | Gradia-lukiot<br><a href=\"https:\/\/blogit.gradia.fi\/lukiolaisettyoelamaan\/2020\/12\/08\/raikasta-vaihtelua-etaaikana-hieno-rohkea-toteutus\/\">Ty\u00f6el\u00e4m\u00e4n edustajat mukaan LOPS-ty\u00f6h\u00f6n<\/a><\/strong><\/h5>\n\n\n\n<h2 class=\"wp-block-heading\">Uutiset<\/h2>\n\n\n\n<h5 class=\"wp-block-heading\"><a rel=\"noreferrer noopener\" href=\"https:\/\/www.facebook.com\/Ohjatusti-kohti-tulevaisuuden-ty%C3%B6el%C3%A4m%C3%A4%C3%A4-112859456823538\/\" target=\"_blank\">Ohjatusti kohti tulevaisuuden ty\u00f6el\u00e4m\u00e4\u00e4 Facebookissa!<\/a> | Lemp\u00e4\u00e4l\u00e4n lukio<br><a href=\"https:\/\/www.gradia.fi\/duuni-keski-suomi-rekrytointipalvelussa-myos-gradian-lukiolaiset\" target=\"_blank\" rel=\"noreferrer noopener\">Duuni Keski-Suomi -rekrypalvelussa my\u00f6s Gradian lukiolaiset! <\/a>| Gradia-lukiot<br><a rel=\"noreferrer noopener\" href=\"https:\/\/haelukioon.fi\/web\/lukio-opetus\/hankkeet\/ohjatusti-kohti-tulevaisuuden-tyoelamaa\/\" target=\"_blank\">Ohjatusti kohti tulevaisuuden ty\u00f6el\u00e4m\u00e4\u00e4<\/a> | Kuopion lukiot<br><a rel=\"noreferrer noopener\" href=\"https:\/\/www.facebook.com\/Ohjatusti-kohti-tulevaisuuden-ty%C3%B6el%C3%A4m%C3%A4%C3%A4-112859456823538\/\" target=\"_blank\">Ohjatusti kohti tulevaisuuden ty\u00f6el\u00e4m\u00e4\u00e4 -Facebook-sivu <\/a>| Lemp\u00e4\u00e4l\u00e4n lukio<br><a rel=\"noreferrer noopener\" href=\"https:\/\/www.kangasala.fi\/ajankohtaista\/tiituksen-jobba-palvelu-otettu-kayttoon-kangasalan-lukiossa\/\" target=\"_blank\">Tiituksen Jobba-palvelu k\u00e4ytt\u00f6\u00f6n <\/a>| Kangasalan lukio<br><a href=\"https:\/\/www.gradia.fi\/jyvaskylan-koulutuskuntayhtyma-gradia-60-vuotta-vahva-alueellinen-vaikuttaja-ja-tyoelaman-uudistaja\" target=\"_blank\" rel=\"noreferrer noopener\">Gradian historian ensimm\u00e4iset alumnit julkaistu!<\/a> | Gradia-lukiot<\/h5>\n\n\n\n<figure class=\"wp-block-image size-large is-resized\"><img loading=\"lazy\" decoding=\"async\" src=\"https:\/\/blogit.gradia.fi\/lukiolaisettyoelamaan\/wp-content\/uploads\/sites\/169\/2021\/01\/rawpixel-754041-unsplash-1024x683.jpg\" alt=\"kyn\u00e4teline purkissa koulutus\" class=\"wp-image-893\" width=\"480\" height=\"319\" srcset=\"https:\/\/blogit.gradia.fi\/lukiolaisettyoelamaan\/wp-content\/uploads\/sites\/169\/2021\/01\/rawpixel-754041-unsplash-1024x683.jpg 1024w, https:\/\/blogit.gradia.fi\/lukiolaisettyoelamaan\/wp-content\/uploads\/sites\/169\/2021\/01\/rawpixel-754041-unsplash-300x200.jpg 300w, https:\/\/blogit.gradia.fi\/lukiolaisettyoelamaan\/wp-content\/uploads\/sites\/169\/2021\/01\/rawpixel-754041-unsplash-768x512.jpg 768w, https:\/\/blogit.gradia.fi\/lukiolaisettyoelamaan\/wp-content\/uploads\/sites\/169\/2021\/01\/rawpixel-754041-unsplash-1536x1024.jpg 1536w, https:\/\/blogit.gradia.fi\/lukiolaisettyoelamaan\/wp-content\/uploads\/sites\/169\/2021\/01\/rawpixel-754041-unsplash-2048x1366.jpg 2048w\" sizes=\"auto, (max-width: 480px) 100vw, 480px\" \/><\/figure>\n","protected":false},"excerpt":{"rendered":"<p>Tervetuloa Ohjatusti kohti tulevaisuuden ty\u00f6el\u00e4m\u00e4\u00e4 -hankkeen blogiin! T\u00e4\u00e4lt\u00e4 l\u00f6yd\u00e4t kaikki hankkeen tapahtumat ja uutiset &#8211; pysy kuulolla! Hanke toimii yht\u00e4 aikaa viidell\u00e4 eri paikkakunnalla, voit seurata alueellisia uutisia ja tapahtumia kunkin alueen sivuilta. Tulevat tapahtumat 8.11.2021 | Mikkelin lukio Pedagogiset pakopelit -webinaari 18.11.2021 | Gradia-lukiotYritt\u00e4j\u00e4lounas Schildtin lukiolla 23.11.2021 | Gradia-lukiotYritt\u00e4j\u00e4lounas Jyv\u00e4skyl\u00e4n Lyseon lukiolla Toteutuneet tapahtumat &hellip; <a href=\"https:\/\/blogit.gradia.fi\/lukiolaisettyoelamaan\/\" class=\"more-link\">Jatka lukemista <span class=\"screen-reader-text\">Hankkeessa tapahtuu<\/span> <span class=\"meta-nav\">&rarr;<\/span><\/a><\/p>\n","protected":false},"author":705,"featured_media":0,"parent":0,"menu_order":1,"comment_status":"closed","ping_status":"closed","template":"","meta":{"_uag_custom_page_level_css":"","footnotes":""},"class_list":["post-6","page","type-page","status-publish","hentry"],"yoast_head":"<!-- This site is optimized with the Yoast SEO plugin v27.4 - https:\/\/yoast.com\/product\/yoast-seo-wordpress\/ -->\n<title>Hankkeessa tapahtuu - Lukiolaiset ty\u00f6el\u00e4m\u00e4\u00e4n<\/title>\n<meta name=\"description\" content=\"Tervetuloa Ohjatusti kohti tulevaisuuden ty\u00f6el\u00e4m\u00e4\u00e4 -hankkeen blogiin! T\u00e4\u00e4lt\u00e4 l\u00f6yd\u00e4t kaikki hankkeen tapahtumat ja uutiset - pysy kuulolla!\" \/>\n<meta name=\"robots\" content=\"index, follow, max-snippet:-1, max-image-preview:large, max-video-preview:-1\" \/>\n<link rel=\"canonical\" href=\"https:\/\/blogit.gradia.fi\/lukiolaisettyoelamaan\/\" \/>\n<meta property=\"og:locale\" content=\"fi_FI\" \/>\n<meta property=\"og:type\" content=\"article\" \/>\n<meta property=\"og:title\" content=\"Hankkeessa tapahtuu - Lukiolaiset ty\u00f6el\u00e4m\u00e4\u00e4n\" \/>\n<meta property=\"og:description\" content=\"Tervetuloa Ohjatusti kohti tulevaisuuden ty\u00f6el\u00e4m\u00e4\u00e4 -hankkeen blogiin! T\u00e4\u00e4lt\u00e4 l\u00f6yd\u00e4t kaikki hankkeen tapahtumat ja uutiset - pysy kuulolla!\" \/>\n<meta property=\"og:url\" content=\"https:\/\/blogit.gradia.fi\/lukiolaisettyoelamaan\/\" \/>\n<meta property=\"og:site_name\" content=\"Lukiolaiset ty\u00f6el\u00e4m\u00e4\u00e4n\" \/>\n<meta property=\"article:modified_time\" content=\"2021-11-03T10:18:28+00:00\" \/>\n<meta property=\"og:image\" content=\"https:\/\/blogit.gradia.fi\/lukiolaisettyoelamaan\/wp-content\/uploads\/sites\/169\/2021\/01\/gradia-schildtin-lukio-2018-web-2048px-3707-1024x683.jpg\" \/>\n<meta name=\"twitter:card\" content=\"summary_large_image\" \/>\n<meta name=\"twitter:label1\" content=\"Arvioitu lukuaika\" \/>\n\t<meta name=\"twitter:data1\" content=\"2 minuuttia\" \/>\n<script type=\"application\/ld+json\" class=\"yoast-schema-graph\">{\"@context\":\"https:\\\/\\\/schema.org\",\"@graph\":[{\"@type\":\"WebPage\",\"@id\":\"https:\\\/\\\/blogit.gradia.fi\\\/lukiolaisettyoelamaan\\\/\",\"url\":\"https:\\\/\\\/blogit.gradia.fi\\\/lukiolaisettyoelamaan\\\/\",\"name\":\"Hankkeessa tapahtuu - Lukiolaiset ty\u00f6el\u00e4m\u00e4\u00e4n\",\"isPartOf\":{\"@id\":\"https:\\\/\\\/blogit.gradia.fi\\\/lukiolaisettyoelamaan\\\/#website\"},\"primaryImageOfPage\":{\"@id\":\"https:\\\/\\\/blogit.gradia.fi\\\/lukiolaisettyoelamaan\\\/#primaryimage\"},\"image\":{\"@id\":\"https:\\\/\\\/blogit.gradia.fi\\\/lukiolaisettyoelamaan\\\/#primaryimage\"},\"thumbnailUrl\":\"https:\\\/\\\/blogit.gradia.fi\\\/lukiolaisettyoelamaan\\\/wp-content\\\/uploads\\\/sites\\\/169\\\/2021\\\/01\\\/gradia-schildtin-lukio-2018-web-2048px-3707-1024x683.jpg\",\"datePublished\":\"2020-03-27T13:25:23+00:00\",\"dateModified\":\"2021-11-03T10:18:28+00:00\",\"description\":\"Tervetuloa Ohjatusti kohti tulevaisuuden ty\u00f6el\u00e4m\u00e4\u00e4 -hankkeen blogiin! T\u00e4\u00e4lt\u00e4 l\u00f6yd\u00e4t kaikki hankkeen tapahtumat ja uutiset - pysy kuulolla!\",\"breadcrumb\":{\"@id\":\"https:\\\/\\\/blogit.gradia.fi\\\/lukiolaisettyoelamaan\\\/#breadcrumb\"},\"inLanguage\":\"fi\",\"potentialAction\":[{\"@type\":\"ReadAction\",\"target\":[\"https:\\\/\\\/blogit.gradia.fi\\\/lukiolaisettyoelamaan\\\/\"]}]},{\"@type\":\"ImageObject\",\"inLanguage\":\"fi\",\"@id\":\"https:\\\/\\\/blogit.gradia.fi\\\/lukiolaisettyoelamaan\\\/#primaryimage\",\"url\":\"https:\\\/\\\/blogit.gradia.fi\\\/lukiolaisettyoelamaan\\\/wp-content\\\/uploads\\\/sites\\\/169\\\/2021\\\/01\\\/gradia-schildtin-lukio-2018-web-2048px-3707.jpg\",\"contentUrl\":\"https:\\\/\\\/blogit.gradia.fi\\\/lukiolaisettyoelamaan\\\/wp-content\\\/uploads\\\/sites\\\/169\\\/2021\\\/01\\\/gradia-schildtin-lukio-2018-web-2048px-3707.jpg\",\"width\":2048,\"height\":1365},{\"@type\":\"BreadcrumbList\",\"@id\":\"https:\\\/\\\/blogit.gradia.fi\\\/lukiolaisettyoelamaan\\\/#breadcrumb\",\"itemListElement\":[{\"@type\":\"ListItem\",\"position\":1,\"name\":\"Home\",\"item\":\"https:\\\/\\\/blogit.gradia.fi\\\/lukiolaisettyoelamaan\\\/\"},{\"@type\":\"ListItem\",\"position\":2,\"name\":\"Hankkeessa tapahtuu\"}]},{\"@type\":\"WebSite\",\"@id\":\"https:\\\/\\\/blogit.gradia.fi\\\/lukiolaisettyoelamaan\\\/#website\",\"url\":\"https:\\\/\\\/blogit.gradia.fi\\\/lukiolaisettyoelamaan\\\/\",\"name\":\"Lukiolaiset ty\u00f6el\u00e4m\u00e4\u00e4n\",\"description\":\"Tervetuloa tutustumaan ja poimimaan hyvi\u00e4 k\u00e4yt\u00e4nteit\u00e4!\",\"potentialAction\":[{\"@type\":\"SearchAction\",\"target\":{\"@type\":\"EntryPoint\",\"urlTemplate\":\"https:\\\/\\\/blogit.gradia.fi\\\/lukiolaisettyoelamaan\\\/?s={search_term_string}\"},\"query-input\":{\"@type\":\"PropertyValueSpecification\",\"valueRequired\":true,\"valueName\":\"search_term_string\"}}],\"inLanguage\":\"fi\"}]}<\/script>\n<!-- \/ Yoast SEO plugin. -->","yoast_head_json":{"title":"Hankkeessa tapahtuu - Lukiolaiset ty\u00f6el\u00e4m\u00e4\u00e4n","description":"Tervetuloa Ohjatusti kohti tulevaisuuden ty\u00f6el\u00e4m\u00e4\u00e4 -hankkeen blogiin! T\u00e4\u00e4lt\u00e4 l\u00f6yd\u00e4t kaikki hankkeen tapahtumat ja uutiset - pysy kuulolla!","robots":{"index":"index","follow":"follow","max-snippet":"max-snippet:-1","max-image-preview":"max-image-preview:large","max-video-preview":"max-video-preview:-1"},"canonical":"https:\/\/blogit.gradia.fi\/lukiolaisettyoelamaan\/","og_locale":"fi_FI","og_type":"article","og_title":"Hankkeessa tapahtuu - Lukiolaiset ty\u00f6el\u00e4m\u00e4\u00e4n","og_description":"Tervetuloa Ohjatusti kohti tulevaisuuden ty\u00f6el\u00e4m\u00e4\u00e4 -hankkeen blogiin! T\u00e4\u00e4lt\u00e4 l\u00f6yd\u00e4t kaikki hankkeen tapahtumat ja uutiset - pysy kuulolla!","og_url":"https:\/\/blogit.gradia.fi\/lukiolaisettyoelamaan\/","og_site_name":"Lukiolaiset ty\u00f6el\u00e4m\u00e4\u00e4n","article_modified_time":"2021-11-03T10:18:28+00:00","og_image":[{"url":"https:\/\/blogit.gradia.fi\/lukiolaisettyoelamaan\/wp-content\/uploads\/sites\/169\/2021\/01\/gradia-schildtin-lukio-2018-web-2048px-3707-1024x683.jpg","type":"","width":"","height":""}],"twitter_card":"summary_large_image","twitter_misc":{"Arvioitu lukuaika":"2 minuuttia"},"schema":{"@context":"https:\/\/schema.org","@graph":[{"@type":"WebPage","@id":"https:\/\/blogit.gradia.fi\/lukiolaisettyoelamaan\/","url":"https:\/\/blogit.gradia.fi\/lukiolaisettyoelamaan\/","name":"Hankkeessa tapahtuu - Lukiolaiset ty\u00f6el\u00e4m\u00e4\u00e4n","isPartOf":{"@id":"https:\/\/blogit.gradia.fi\/lukiolaisettyoelamaan\/#website"},"primaryImageOfPage":{"@id":"https:\/\/blogit.gradia.fi\/lukiolaisettyoelamaan\/#primaryimage"},"image":{"@id":"https:\/\/blogit.gradia.fi\/lukiolaisettyoelamaan\/#primaryimage"},"thumbnailUrl":"https:\/\/blogit.gradia.fi\/lukiolaisettyoelamaan\/wp-content\/uploads\/sites\/169\/2021\/01\/gradia-schildtin-lukio-2018-web-2048px-3707-1024x683.jpg","datePublished":"2020-03-27T13:25:23+00:00","dateModified":"2021-11-03T10:18:28+00:00","description":"Tervetuloa Ohjatusti kohti tulevaisuuden ty\u00f6el\u00e4m\u00e4\u00e4 -hankkeen blogiin! T\u00e4\u00e4lt\u00e4 l\u00f6yd\u00e4t kaikki hankkeen tapahtumat ja uutiset - pysy kuulolla!","breadcrumb":{"@id":"https:\/\/blogit.gradia.fi\/lukiolaisettyoelamaan\/#breadcrumb"},"inLanguage":"fi","potentialAction":[{"@type":"ReadAction","target":["https:\/\/blogit.gradia.fi\/lukiolaisettyoelamaan\/"]}]},{"@type":"ImageObject","inLanguage":"fi","@id":"https:\/\/blogit.gradia.fi\/lukiolaisettyoelamaan\/#primaryimage","url":"https:\/\/blogit.gradia.fi\/lukiolaisettyoelamaan\/wp-content\/uploads\/sites\/169\/2021\/01\/gradia-schildtin-lukio-2018-web-2048px-3707.jpg","contentUrl":"https:\/\/blogit.gradia.fi\/lukiolaisettyoelamaan\/wp-content\/uploads\/sites\/169\/2021\/01\/gradia-schildtin-lukio-2018-web-2048px-3707.jpg","width":2048,"height":1365},{"@type":"BreadcrumbList","@id":"https:\/\/blogit.gradia.fi\/lukiolaisettyoelamaan\/#breadcrumb","itemListElement":[{"@type":"ListItem","position":1,"name":"Home","item":"https:\/\/blogit.gradia.fi\/lukiolaisettyoelamaan\/"},{"@type":"ListItem","position":2,"name":"Hankkeessa tapahtuu"}]},{"@type":"WebSite","@id":"https:\/\/blogit.gradia.fi\/lukiolaisettyoelamaan\/#website","url":"https:\/\/blogit.gradia.fi\/lukiolaisettyoelamaan\/","name":"Lukiolaiset ty\u00f6el\u00e4m\u00e4\u00e4n","description":"Tervetuloa tutustumaan ja poimimaan hyvi\u00e4 k\u00e4yt\u00e4nteit\u00e4!","potentialAction":[{"@type":"SearchAction","target":{"@type":"EntryPoint","urlTemplate":"https:\/\/blogit.gradia.fi\/lukiolaisettyoelamaan\/?s={search_term_string}"},"query-input":{"@type":"PropertyValueSpecification","valueRequired":true,"valueName":"search_term_string"}}],"inLanguage":"fi"}]}},"uagb_featured_image_src":{"full":false,"thumbnail":false,"medium":false,"medium_large":false,"large":false,"1536x1536":false,"2048x2048":false,"post-thumbnail":false},"uagb_author_info":{"display_name":"Birgitta Mannila","author_link":"https:\/\/blogit.gradia.fi\/lukiolaisettyoelamaan\/author\/mannibir\/"},"uagb_comment_info":0,"uagb_excerpt":"Tervetuloa Ohjatusti kohti tulevaisuuden ty\u00f6el\u00e4m\u00e4\u00e4 -hankkeen blogiin! T\u00e4\u00e4lt\u00e4 l\u00f6yd\u00e4t kaikki hankkeen tapahtumat ja uutiset &#8211; pysy kuulolla! Hanke toimii yht\u00e4 aikaa viidell\u00e4 eri paikkakunnalla, voit seurata alueellisia uutisia ja tapahtumia kunkin alueen sivuilta. Tulevat tapahtumat 8.11.2021 | Mikkelin lukio Pedagogiset pakopelit -webinaari 18.11.2021 | Gradia-lukiotYritt\u00e4j\u00e4lounas Schildtin lukiolla 23.11.2021 | Gradia-lukiotYritt\u00e4j\u00e4lounas Jyv\u00e4skyl\u00e4n Lyseon lukiolla Toteutuneet tapahtumat&hellip;","_links":{"self":[{"href":"https:\/\/blogit.gradia.fi\/lukiolaisettyoelamaan\/wp-json\/wp\/v2\/pages\/6","targetHints":{"allow":["GET"]}}],"collection":[{"href":"https:\/\/blogit.gradia.fi\/lukiolaisettyoelamaan\/wp-json\/wp\/v2\/pages"}],"about":[{"href":"https:\/\/blogit.gradia.fi\/lukiolaisettyoelamaan\/wp-json\/wp\/v2\/types\/page"}],"author":[{"embeddable":true,"href":"https:\/\/blogit.gradia.fi\/lukiolaisettyoelamaan\/wp-json\/wp\/v2\/users\/705"}],"replies":[{"embeddable":true,"href":"https:\/\/blogit.gradia.fi\/lukiolaisettyoelamaan\/wp-json\/wp\/v2\/comments?post=6"}],"version-history":[{"count":67,"href":"https:\/\/blogit.gradia.fi\/lukiolaisettyoelamaan\/wp-json\/wp\/v2\/pages\/6\/revisions"}],"predecessor-version":[{"id":1232,"href":"https:\/\/blogit.gradia.fi\/lukiolaisettyoelamaan\/wp-json\/wp\/v2\/pages\/6\/revisions\/1232"}],"wp:attachment":[{"href":"https:\/\/blogit.gradia.fi\/lukiolaisettyoelamaan\/wp-json\/wp\/v2\/media?parent=6"}],"curies":[{"name":"wp","href":"https:\/\/api.w.org\/{rel}","templated":true}]}}