{"id":564,"date":"2020-11-11T15:32:10","date_gmt":"2020-11-11T13:32:10","guid":{"rendered":"https:\/\/blogit.gradia.fi\/lukiolaisettyoelamaan\/?page_id=564"},"modified":"2021-06-01T08:47:27","modified_gmt":"2021-06-01T05:47:27","slug":"kuopion-lukiot","status":"publish","type":"page","link":"https:\/\/blogit.gradia.fi\/lukiolaisettyoelamaan\/kuopion-lukiot\/","title":{"rendered":"Kuopion lukiot"},"content":{"rendered":"\n<div class=\"wp-block-media-text alignwide is-stacked-on-mobile\" style=\"grid-template-columns:21% auto\"><figure class=\"wp-block-media-text__media\"><a href=\"https:\/\/blogit.gradia.fi\/lukiolaisettyoelamaan\/2021\/05\/21\/rsmp-motiiviprofiilien-teko-kuopion-lukioissa\/\"><img loading=\"lazy\" decoding=\"async\" width=\"1024\" height=\"768\" src=\"https:\/\/blogit.gradia.fi\/lukiolaisettyoelamaan\/wp-content\/uploads\/sites\/169\/2021\/05\/20210203_150509-1024x768.jpg\" alt=\"\" class=\"wp-image-1178 size-full\" srcset=\"https:\/\/blogit.gradia.fi\/lukiolaisettyoelamaan\/wp-content\/uploads\/sites\/169\/2021\/05\/20210203_150509-1024x768.jpg 1024w, https:\/\/blogit.gradia.fi\/lukiolaisettyoelamaan\/wp-content\/uploads\/sites\/169\/2021\/05\/20210203_150509-300x225.jpg 300w, https:\/\/blogit.gradia.fi\/lukiolaisettyoelamaan\/wp-content\/uploads\/sites\/169\/2021\/05\/20210203_150509-768x576.jpg 768w, https:\/\/blogit.gradia.fi\/lukiolaisettyoelamaan\/wp-content\/uploads\/sites\/169\/2021\/05\/20210203_150509-1536x1152.jpg 1536w, https:\/\/blogit.gradia.fi\/lukiolaisettyoelamaan\/wp-content\/uploads\/sites\/169\/2021\/05\/20210203_150509-2048x1536.jpg 2048w\" sizes=\"auto, (max-width: 1024px) 100vw, 1024px\" \/><\/a><\/figure><div class=\"wp-block-media-text__content\">\n<h2 class=\"wp-block-heading\"><span class=\"has-inline-color has-red-color\"><a href=\"https:\/\/blogit.gradia.fi\/lukiolaisettyoelamaan\/2021\/05\/21\/rsmp-motiiviprofiilien-teko-kuopion-lukioissa\/\">RSMP &#8211; lukiolaisen motivaatioprofiili<\/a><\/span><\/h2>\n\n\n\n<p>Ohjatusti kohti tulevaisuuden ty\u00f6el\u00e4m\u00e4\u00e4 -hanke mahdollisti&nbsp;RSMP&nbsp;&nbsp;-motiiviprofiilien&nbsp;(<em>Reiss&nbsp;School&nbsp;Motivation&nbsp;Profile)&nbsp;<\/em>laajamittaisen pilotoinnin nelj\u00e4ss\u00e4 eri Kuopion lukiossa lukuvuonna&nbsp;2019-2020.&nbsp;&nbsp;<\/p>\n<\/div><\/div>\n\n\n\n<div class=\"wp-block-media-text alignwide is-stacked-on-mobile\" style=\"grid-template-columns:21% auto\"><figure class=\"wp-block-media-text__media\"><img loading=\"lazy\" decoding=\"async\" width=\"1024\" height=\"683\" src=\"https:\/\/blogit.gradia.fi\/lukiolaisettyoelamaan\/wp-content\/uploads\/sites\/169\/2021\/01\/Otto-Ta\u0308hka\u0308pa\u0308a\u0308-lowres-1024x683-1.jpg\" alt=\"\" class=\"wp-image-954 size-full\" srcset=\"https:\/\/blogit.gradia.fi\/lukiolaisettyoelamaan\/wp-content\/uploads\/sites\/169\/2021\/01\/Otto-Ta\u0308hka\u0308pa\u0308a\u0308-lowres-1024x683-1.jpg 1024w, https:\/\/blogit.gradia.fi\/lukiolaisettyoelamaan\/wp-content\/uploads\/sites\/169\/2021\/01\/Otto-Ta\u0308hka\u0308pa\u0308a\u0308-lowres-1024x683-1-300x200.jpg 300w, https:\/\/blogit.gradia.fi\/lukiolaisettyoelamaan\/wp-content\/uploads\/sites\/169\/2021\/01\/Otto-Ta\u0308hka\u0308pa\u0308a\u0308-lowres-1024x683-1-768x512.jpg 768w\" sizes=\"auto, (max-width: 1024px) 100vw, 1024px\" \/><\/figure><div class=\"wp-block-media-text__content\">\n<h2 class=\"wp-block-heading\"><a href=\"https:\/\/blogit.gradia.fi\/lukiolaisettyoelamaan\/2021\/01\/15\/miten-tyo-muuttuu-tulevaisuudessa\/\">Miten ty\u00f6 muuttuu tulevaisuudessa?<\/a><\/h2>\n\n\n\n<p>Klassikan, Lyseon ja Kallaveden lukioissa j\u00e4rjestettiin tulevaisuuden ty\u00f6el\u00e4m\u00e4 ja ty\u00f6n murros -teemaisia luentoja ja ty\u00f6pajoja 20.-21.10. 2020. Luennoitsijana ja ty\u00f6pajojen vet\u00e4j\u00e4n\u00e4 toimi tulevaisuudentutkija Otto T\u00e4hk\u00e4p\u00e4\u00e4. Luennot ja ty\u00f6pajat toteutettiin et\u00e4toteutuksena. <\/p>\n<\/div><\/div>\n\n\n\n<div class=\"wp-block-media-text alignwide is-stacked-on-mobile\" style=\"grid-template-columns:21% auto\"><figure class=\"wp-block-media-text__media\"><img loading=\"lazy\" decoding=\"async\" width=\"955\" height=\"718\" src=\"https:\/\/blogit.gradia.fi\/lukiolaisettyoelamaan\/wp-content\/uploads\/sites\/169\/2021\/01\/Tiimijakso2-2.jpg\" alt=\"\" class=\"wp-image-923 size-full\" srcset=\"https:\/\/blogit.gradia.fi\/lukiolaisettyoelamaan\/wp-content\/uploads\/sites\/169\/2021\/01\/Tiimijakso2-2.jpg 955w, https:\/\/blogit.gradia.fi\/lukiolaisettyoelamaan\/wp-content\/uploads\/sites\/169\/2021\/01\/Tiimijakso2-2-300x226.jpg 300w, https:\/\/blogit.gradia.fi\/lukiolaisettyoelamaan\/wp-content\/uploads\/sites\/169\/2021\/01\/Tiimijakso2-2-768x577.jpg 768w\" sizes=\"auto, (max-width: 955px) 100vw, 955px\" \/><\/figure><div class=\"wp-block-media-text__content\">\n<h2 class=\"wp-block-heading\"><a href=\"https:\/\/blogit.gradia.fi\/lukiolaisettyoelamaan\/2021\/01\/14\/tiimijakson-teemana-on-tulevaisuus\/\">Tiimijakson teemana on tulevaisuus!<\/a><\/h2>\n\n\n\n<p>Klassikan ensimm\u00e4isen vuoden opiskelijoilla oli loka-marraskuussa 2020 tiimijakso, jossa oppiaineiden sis\u00e4ll\u00f6t oli integroitu osin toisiinsa. Jakson ajan ty\u00f6skenneltiin 4 \u2013 5 hengen tiimeiss\u00e4. Viikoittain aloitettiin oppiaineen omilla opetunneilla ja sitten tehtiin oppiaineita yhdist\u00e4v\u00e4 viikkoteht\u00e4v\u00e4, joka esitettiin viikon lopussa.<\/p>\n<\/div><\/div>\n","protected":false},"excerpt":{"rendered":"<p>RSMP &#8211; lukiolaisen motivaatioprofiili Ohjatusti kohti tulevaisuuden ty\u00f6el\u00e4m\u00e4\u00e4 -hanke mahdollisti&nbsp;RSMP&nbsp;&nbsp;-motiiviprofiilien&nbsp;(Reiss&nbsp;School&nbsp;Motivation&nbsp;Profile)&nbsp;laajamittaisen pilotoinnin nelj\u00e4ss\u00e4 eri Kuopion lukiossa lukuvuonna&nbsp;2019-2020.&nbsp;&nbsp; Miten ty\u00f6 muuttuu tulevaisuudessa? Klassikan, Lyseon ja Kallaveden lukioissa j\u00e4rjestettiin tulevaisuuden ty\u00f6el\u00e4m\u00e4 ja ty\u00f6n murros -teemaisia luentoja ja ty\u00f6pajoja 20.-21.10. 2020. Luennoitsijana ja ty\u00f6pajojen vet\u00e4j\u00e4n\u00e4 toimi tulevaisuudentutkija Otto T\u00e4hk\u00e4p\u00e4\u00e4. Luennot ja ty\u00f6pajat toteutettiin et\u00e4toteutuksena. Tiimijakson teemana on tulevaisuus! Klassikan &hellip; <a href=\"https:\/\/blogit.gradia.fi\/lukiolaisettyoelamaan\/kuopion-lukiot\/\" class=\"more-link\">Jatka lukemista <span class=\"screen-reader-text\">Kuopion lukiot<\/span> <span class=\"meta-nav\">&rarr;<\/span><\/a><\/p>\n","protected":false},"author":152,"featured_media":0,"parent":0,"menu_order":0,"comment_status":"closed","ping_status":"closed","template":"","meta":{"_uag_custom_page_level_css":"","footnotes":""},"class_list":["post-564","page","type-page","status-publish","hentry"],"yoast_head":"<!-- This site is optimized with the Yoast SEO plugin v27.2 - https:\/\/yoast.com\/product\/yoast-seo-wordpress\/ -->\n<title>Kuopion lukiot - Lukiolaiset ty\u00f6el\u00e4m\u00e4\u00e4n<\/title>\n<meta name=\"robots\" content=\"index, follow, max-snippet:-1, max-image-preview:large, max-video-preview:-1\" \/>\n<link rel=\"canonical\" href=\"https:\/\/blogit.gradia.fi\/lukiolaisettyoelamaan\/kuopion-lukiot\/\" \/>\n<meta property=\"og:locale\" content=\"fi_FI\" \/>\n<meta property=\"og:type\" content=\"article\" \/>\n<meta property=\"og:title\" content=\"Kuopion lukiot - Lukiolaiset ty\u00f6el\u00e4m\u00e4\u00e4n\" \/>\n<meta property=\"og:description\" content=\"RSMP &#8211; lukiolaisen motivaatioprofiili Ohjatusti kohti tulevaisuuden ty\u00f6el\u00e4m\u00e4\u00e4 -hanke mahdollisti&nbsp;RSMP&nbsp;&nbsp;-motiiviprofiilien&nbsp;(Reiss&nbsp;School&nbsp;Motivation&nbsp;Profile)&nbsp;laajamittaisen pilotoinnin nelj\u00e4ss\u00e4 eri Kuopion lukiossa lukuvuonna&nbsp;2019-2020.&nbsp;&nbsp; Miten ty\u00f6 muuttuu tulevaisuudessa? Klassikan, Lyseon ja Kallaveden lukioissa j\u00e4rjestettiin tulevaisuuden ty\u00f6el\u00e4m\u00e4 ja ty\u00f6n murros -teemaisia luentoja ja ty\u00f6pajoja 20.-21.10. 2020. Luennoitsijana ja ty\u00f6pajojen vet\u00e4j\u00e4n\u00e4 toimi tulevaisuudentutkija Otto T\u00e4hk\u00e4p\u00e4\u00e4. Luennot ja ty\u00f6pajat toteutettiin et\u00e4toteutuksena. Tiimijakson teemana on tulevaisuus! Klassikan &hellip; Jatka lukemista Kuopion lukiot &rarr;\" \/>\n<meta property=\"og:url\" content=\"https:\/\/blogit.gradia.fi\/lukiolaisettyoelamaan\/kuopion-lukiot\/\" \/>\n<meta property=\"og:site_name\" content=\"Lukiolaiset ty\u00f6el\u00e4m\u00e4\u00e4n\" \/>\n<meta property=\"article:modified_time\" content=\"2021-06-01T05:47:27+00:00\" \/>\n<meta property=\"og:image\" content=\"https:\/\/blogit.gradia.fi\/lukiolaisettyoelamaan\/wp-content\/uploads\/sites\/169\/2021\/05\/20210203_150509-1024x768.jpg\" \/>\n<meta name=\"twitter:card\" content=\"summary_large_image\" \/>\n<meta name=\"twitter:label1\" content=\"Arvioitu lukuaika\" \/>\n\t<meta name=\"twitter:data1\" content=\"2 minuuttia\" \/>\n<script type=\"application\/ld+json\" class=\"yoast-schema-graph\">{\"@context\":\"https:\/\/schema.org\",\"@graph\":[{\"@type\":\"WebPage\",\"@id\":\"https:\/\/blogit.gradia.fi\/lukiolaisettyoelamaan\/kuopion-lukiot\/\",\"url\":\"https:\/\/blogit.gradia.fi\/lukiolaisettyoelamaan\/kuopion-lukiot\/\",\"name\":\"Kuopion lukiot - Lukiolaiset ty\u00f6el\u00e4m\u00e4\u00e4n\",\"isPartOf\":{\"@id\":\"https:\/\/blogit.gradia.fi\/lukiolaisettyoelamaan\/#website\"},\"primaryImageOfPage\":{\"@id\":\"https:\/\/blogit.gradia.fi\/lukiolaisettyoelamaan\/kuopion-lukiot\/#primaryimage\"},\"image\":{\"@id\":\"https:\/\/blogit.gradia.fi\/lukiolaisettyoelamaan\/kuopion-lukiot\/#primaryimage\"},\"thumbnailUrl\":\"https:\/\/blogit.gradia.fi\/lukiolaisettyoelamaan\/wp-content\/uploads\/sites\/169\/2021\/05\/20210203_150509-1024x768.jpg\",\"datePublished\":\"2020-11-11T13:32:10+00:00\",\"dateModified\":\"2021-06-01T05:47:27+00:00\",\"breadcrumb\":{\"@id\":\"https:\/\/blogit.gradia.fi\/lukiolaisettyoelamaan\/kuopion-lukiot\/#breadcrumb\"},\"inLanguage\":\"fi\",\"potentialAction\":[{\"@type\":\"ReadAction\",\"target\":[\"https:\/\/blogit.gradia.fi\/lukiolaisettyoelamaan\/kuopion-lukiot\/\"]}]},{\"@type\":\"ImageObject\",\"inLanguage\":\"fi\",\"@id\":\"https:\/\/blogit.gradia.fi\/lukiolaisettyoelamaan\/kuopion-lukiot\/#primaryimage\",\"url\":\"https:\/\/blogit.gradia.fi\/lukiolaisettyoelamaan\/wp-content\/uploads\/sites\/169\/2021\/05\/20210203_150509-1024x768.jpg\",\"contentUrl\":\"https:\/\/blogit.gradia.fi\/lukiolaisettyoelamaan\/wp-content\/uploads\/sites\/169\/2021\/05\/20210203_150509-1024x768.jpg\"},{\"@type\":\"BreadcrumbList\",\"@id\":\"https:\/\/blogit.gradia.fi\/lukiolaisettyoelamaan\/kuopion-lukiot\/#breadcrumb\",\"itemListElement\":[{\"@type\":\"ListItem\",\"position\":1,\"name\":\"Home\",\"item\":\"https:\/\/blogit.gradia.fi\/lukiolaisettyoelamaan\/\"},{\"@type\":\"ListItem\",\"position\":2,\"name\":\"Kuopion lukiot\"}]},{\"@type\":\"WebSite\",\"@id\":\"https:\/\/blogit.gradia.fi\/lukiolaisettyoelamaan\/#website\",\"url\":\"https:\/\/blogit.gradia.fi\/lukiolaisettyoelamaan\/\",\"name\":\"Lukiolaiset ty\u00f6el\u00e4m\u00e4\u00e4n\",\"description\":\"Tervetuloa tutustumaan ja poimimaan hyvi\u00e4 k\u00e4yt\u00e4nteit\u00e4!\",\"potentialAction\":[{\"@type\":\"SearchAction\",\"target\":{\"@type\":\"EntryPoint\",\"urlTemplate\":\"https:\/\/blogit.gradia.fi\/lukiolaisettyoelamaan\/?s={search_term_string}\"},\"query-input\":{\"@type\":\"PropertyValueSpecification\",\"valueRequired\":true,\"valueName\":\"search_term_string\"}}],\"inLanguage\":\"fi\"}]}<\/script>\n<!-- \/ Yoast SEO plugin. -->","yoast_head_json":{"title":"Kuopion lukiot - Lukiolaiset ty\u00f6el\u00e4m\u00e4\u00e4n","robots":{"index":"index","follow":"follow","max-snippet":"max-snippet:-1","max-image-preview":"max-image-preview:large","max-video-preview":"max-video-preview:-1"},"canonical":"https:\/\/blogit.gradia.fi\/lukiolaisettyoelamaan\/kuopion-lukiot\/","og_locale":"fi_FI","og_type":"article","og_title":"Kuopion lukiot - Lukiolaiset ty\u00f6el\u00e4m\u00e4\u00e4n","og_description":"RSMP &#8211; lukiolaisen motivaatioprofiili Ohjatusti kohti tulevaisuuden ty\u00f6el\u00e4m\u00e4\u00e4 -hanke mahdollisti&nbsp;RSMP&nbsp;&nbsp;-motiiviprofiilien&nbsp;(Reiss&nbsp;School&nbsp;Motivation&nbsp;Profile)&nbsp;laajamittaisen pilotoinnin nelj\u00e4ss\u00e4 eri Kuopion lukiossa lukuvuonna&nbsp;2019-2020.&nbsp;&nbsp; Miten ty\u00f6 muuttuu tulevaisuudessa? Klassikan, Lyseon ja Kallaveden lukioissa j\u00e4rjestettiin tulevaisuuden ty\u00f6el\u00e4m\u00e4 ja ty\u00f6n murros -teemaisia luentoja ja ty\u00f6pajoja 20.-21.10. 2020. Luennoitsijana ja ty\u00f6pajojen vet\u00e4j\u00e4n\u00e4 toimi tulevaisuudentutkija Otto T\u00e4hk\u00e4p\u00e4\u00e4. Luennot ja ty\u00f6pajat toteutettiin et\u00e4toteutuksena. Tiimijakson teemana on tulevaisuus! Klassikan &hellip; Jatka lukemista Kuopion lukiot &rarr;","og_url":"https:\/\/blogit.gradia.fi\/lukiolaisettyoelamaan\/kuopion-lukiot\/","og_site_name":"Lukiolaiset ty\u00f6el\u00e4m\u00e4\u00e4n","article_modified_time":"2021-06-01T05:47:27+00:00","og_image":[{"url":"https:\/\/blogit.gradia.fi\/lukiolaisettyoelamaan\/wp-content\/uploads\/sites\/169\/2021\/05\/20210203_150509-1024x768.jpg","type":"","width":"","height":""}],"twitter_card":"summary_large_image","twitter_misc":{"Arvioitu lukuaika":"2 minuuttia"},"schema":{"@context":"https:\/\/schema.org","@graph":[{"@type":"WebPage","@id":"https:\/\/blogit.gradia.fi\/lukiolaisettyoelamaan\/kuopion-lukiot\/","url":"https:\/\/blogit.gradia.fi\/lukiolaisettyoelamaan\/kuopion-lukiot\/","name":"Kuopion lukiot - Lukiolaiset ty\u00f6el\u00e4m\u00e4\u00e4n","isPartOf":{"@id":"https:\/\/blogit.gradia.fi\/lukiolaisettyoelamaan\/#website"},"primaryImageOfPage":{"@id":"https:\/\/blogit.gradia.fi\/lukiolaisettyoelamaan\/kuopion-lukiot\/#primaryimage"},"image":{"@id":"https:\/\/blogit.gradia.fi\/lukiolaisettyoelamaan\/kuopion-lukiot\/#primaryimage"},"thumbnailUrl":"https:\/\/blogit.gradia.fi\/lukiolaisettyoelamaan\/wp-content\/uploads\/sites\/169\/2021\/05\/20210203_150509-1024x768.jpg","datePublished":"2020-11-11T13:32:10+00:00","dateModified":"2021-06-01T05:47:27+00:00","breadcrumb":{"@id":"https:\/\/blogit.gradia.fi\/lukiolaisettyoelamaan\/kuopion-lukiot\/#breadcrumb"},"inLanguage":"fi","potentialAction":[{"@type":"ReadAction","target":["https:\/\/blogit.gradia.fi\/lukiolaisettyoelamaan\/kuopion-lukiot\/"]}]},{"@type":"ImageObject","inLanguage":"fi","@id":"https:\/\/blogit.gradia.fi\/lukiolaisettyoelamaan\/kuopion-lukiot\/#primaryimage","url":"https:\/\/blogit.gradia.fi\/lukiolaisettyoelamaan\/wp-content\/uploads\/sites\/169\/2021\/05\/20210203_150509-1024x768.jpg","contentUrl":"https:\/\/blogit.gradia.fi\/lukiolaisettyoelamaan\/wp-content\/uploads\/sites\/169\/2021\/05\/20210203_150509-1024x768.jpg"},{"@type":"BreadcrumbList","@id":"https:\/\/blogit.gradia.fi\/lukiolaisettyoelamaan\/kuopion-lukiot\/#breadcrumb","itemListElement":[{"@type":"ListItem","position":1,"name":"Home","item":"https:\/\/blogit.gradia.fi\/lukiolaisettyoelamaan\/"},{"@type":"ListItem","position":2,"name":"Kuopion lukiot"}]},{"@type":"WebSite","@id":"https:\/\/blogit.gradia.fi\/lukiolaisettyoelamaan\/#website","url":"https:\/\/blogit.gradia.fi\/lukiolaisettyoelamaan\/","name":"Lukiolaiset ty\u00f6el\u00e4m\u00e4\u00e4n","description":"Tervetuloa tutustumaan ja poimimaan hyvi\u00e4 k\u00e4yt\u00e4nteit\u00e4!","potentialAction":[{"@type":"SearchAction","target":{"@type":"EntryPoint","urlTemplate":"https:\/\/blogit.gradia.fi\/lukiolaisettyoelamaan\/?s={search_term_string}"},"query-input":{"@type":"PropertyValueSpecification","valueRequired":true,"valueName":"search_term_string"}}],"inLanguage":"fi"}]}},"uagb_featured_image_src":{"full":false,"thumbnail":false,"medium":false,"medium_large":false,"large":false,"1536x1536":false,"2048x2048":false,"post-thumbnail":false},"uagb_author_info":{"display_name":"Anna Saari","author_link":"https:\/\/blogit.gradia.fi\/lukiolaisettyoelamaan\/author\/palviann\/"},"uagb_comment_info":0,"uagb_excerpt":"RSMP &#8211; lukiolaisen motivaatioprofiili Ohjatusti kohti tulevaisuuden ty\u00f6el\u00e4m\u00e4\u00e4 -hanke mahdollisti&nbsp;RSMP&nbsp;&nbsp;-motiiviprofiilien&nbsp;(Reiss&nbsp;School&nbsp;Motivation&nbsp;Profile)&nbsp;laajamittaisen pilotoinnin nelj\u00e4ss\u00e4 eri Kuopion lukiossa lukuvuonna&nbsp;2019-2020.&nbsp;&nbsp; Miten ty\u00f6 muuttuu tulevaisuudessa? Klassikan, Lyseon ja Kallaveden lukioissa j\u00e4rjestettiin tulevaisuuden ty\u00f6el\u00e4m\u00e4 ja ty\u00f6n murros -teemaisia luentoja ja ty\u00f6pajoja 20.-21.10. 2020. Luennoitsijana ja ty\u00f6pajojen vet\u00e4j\u00e4n\u00e4 toimi tulevaisuudentutkija Otto T\u00e4hk\u00e4p\u00e4\u00e4. Luennot ja ty\u00f6pajat toteutettiin et\u00e4toteutuksena. Tiimijakson teemana on tulevaisuus! Klassikan&hellip;","_links":{"self":[{"href":"https:\/\/blogit.gradia.fi\/lukiolaisettyoelamaan\/wp-json\/wp\/v2\/pages\/564","targetHints":{"allow":["GET"]}}],"collection":[{"href":"https:\/\/blogit.gradia.fi\/lukiolaisettyoelamaan\/wp-json\/wp\/v2\/pages"}],"about":[{"href":"https:\/\/blogit.gradia.fi\/lukiolaisettyoelamaan\/wp-json\/wp\/v2\/types\/page"}],"author":[{"embeddable":true,"href":"https:\/\/blogit.gradia.fi\/lukiolaisettyoelamaan\/wp-json\/wp\/v2\/users\/152"}],"replies":[{"embeddable":true,"href":"https:\/\/blogit.gradia.fi\/lukiolaisettyoelamaan\/wp-json\/wp\/v2\/comments?post=564"}],"version-history":[{"count":12,"href":"https:\/\/blogit.gradia.fi\/lukiolaisettyoelamaan\/wp-json\/wp\/v2\/pages\/564\/revisions"}],"predecessor-version":[{"id":1187,"href":"https:\/\/blogit.gradia.fi\/lukiolaisettyoelamaan\/wp-json\/wp\/v2\/pages\/564\/revisions\/1187"}],"wp:attachment":[{"href":"https:\/\/blogit.gradia.fi\/lukiolaisettyoelamaan\/wp-json\/wp\/v2\/media?parent=564"}],"curies":[{"name":"wp","href":"https:\/\/api.w.org\/{rel}","templated":true}]}}