{"id":563,"date":"2020-11-11T15:32:10","date_gmt":"2020-11-11T13:32:10","guid":{"rendered":"https:\/\/blogit.gradia.fi\/lukiolaisettyoelamaan\/?page_id=563"},"modified":"2021-01-12T17:05:35","modified_gmt":"2021-01-12T15:05:35","slug":"kangasalan-lukio","status":"publish","type":"page","link":"https:\/\/blogit.gradia.fi\/lukiolaisettyoelamaan\/kangasalan-lukio\/","title":{"rendered":"Kangasalan lukio"},"content":{"rendered":"\n<p><a href=\"https:\/\/www.kangasalanlukio.fi\/\" target=\"_blank\" rel=\"noreferrer noopener\">Kangasalan lukiossa<\/a> opiskelee noin 430 lukiolaista ja noin\u00a050\u00a0kaksoistutkinto-opiskelijaa nykyaikaisissa, uusissa tiloissa Roine-kampuksella. Samalla kampuksella ty\u00f6skentelev\u00e4t my\u00f6s Tredun Kangasalan yksik\u00f6n sek\u00e4 Pikkolan yl\u00e4koulun oppilaat. Kangasalan lukiossa toimii\u00a0maineikas<a href=\"https:\/\/www.kangasalanlukio.fi\/esittely\/musalinjan-sivut\/\" target=\"_blank\" rel=\"noreferrer noopener\">\u00a0musiikkilinja<\/a>. Lukio juhlii 100-vuotista taivaltaan vuonna 2021.<\/p>\n\n\n\n<p>Kangasalan lukion laaja kurssitarjonta mahdollistaa keskittymisen kieliin, matemaattis-luonnontieteellisiin aineisiin, taito- ja\u00a0taideaineisiin tai urheiluun.<\/p>\n","protected":false},"excerpt":{"rendered":"<p>Kangasalan lukiossa opiskelee noin 430 lukiolaista ja noin\u00a050\u00a0kaksoistutkinto-opiskelijaa nykyaikaisissa, uusissa tiloissa Roine-kampuksella. Samalla kampuksella ty\u00f6skentelev\u00e4t my\u00f6s Tredun Kangasalan yksik\u00f6n sek\u00e4 Pikkolan yl\u00e4koulun oppilaat. Kangasalan lukiossa toimii\u00a0maineikas\u00a0musiikkilinja. Lukio juhlii 100-vuotista taivaltaan vuonna 2021. Kangasalan lukion laaja kurssitarjonta mahdollistaa keskittymisen kieliin, matemaattis-luonnontieteellisiin aineisiin, taito- ja\u00a0taideaineisiin tai urheiluun.<\/p>\n","protected":false},"author":152,"featured_media":0,"parent":0,"menu_order":0,"comment_status":"closed","ping_status":"closed","template":"","meta":{"_uag_custom_page_level_css":"","footnotes":""},"class_list":["post-563","page","type-page","status-publish","hentry"],"yoast_head":"<!-- This site is optimized with the Yoast SEO plugin v27.2 - https:\/\/yoast.com\/product\/yoast-seo-wordpress\/ -->\n<title>Kangasalan lukio - Lukiolaiset ty\u00f6el\u00e4m\u00e4\u00e4n<\/title>\n<meta name=\"description\" content=\"Kangasalan lukiossa opiskelee noin 430 lukiolaista ja noin 50 kaksoistutkinto-opiskelijaa nykyaikaisissa, uusissa tiloissa Roine-kampuksella.\" \/>\n<meta name=\"robots\" content=\"index, follow, max-snippet:-1, max-image-preview:large, max-video-preview:-1\" \/>\n<link rel=\"canonical\" href=\"https:\/\/blogit.gradia.fi\/lukiolaisettyoelamaan\/kangasalan-lukio\/\" \/>\n<meta property=\"og:locale\" content=\"fi_FI\" \/>\n<meta property=\"og:type\" content=\"article\" \/>\n<meta property=\"og:title\" content=\"Kangasalan lukio - Lukiolaiset ty\u00f6el\u00e4m\u00e4\u00e4n\" \/>\n<meta property=\"og:description\" content=\"Kangasalan lukiossa opiskelee noin 430 lukiolaista ja noin 50 kaksoistutkinto-opiskelijaa nykyaikaisissa, uusissa tiloissa Roine-kampuksella.\" \/>\n<meta property=\"og:url\" content=\"https:\/\/blogit.gradia.fi\/lukiolaisettyoelamaan\/kangasalan-lukio\/\" \/>\n<meta property=\"og:site_name\" content=\"Lukiolaiset ty\u00f6el\u00e4m\u00e4\u00e4n\" \/>\n<meta property=\"article:modified_time\" content=\"2021-01-12T15:05:35+00:00\" \/>\n<meta name=\"twitter:card\" content=\"summary_large_image\" \/>\n<meta name=\"twitter:label1\" content=\"Arvioitu lukuaika\" \/>\n\t<meta name=\"twitter:data1\" content=\"1 minuutti\" \/>\n<script type=\"application\/ld+json\" class=\"yoast-schema-graph\">{\"@context\":\"https:\/\/schema.org\",\"@graph\":[{\"@type\":\"WebPage\",\"@id\":\"https:\/\/blogit.gradia.fi\/lukiolaisettyoelamaan\/kangasalan-lukio\/\",\"url\":\"https:\/\/blogit.gradia.fi\/lukiolaisettyoelamaan\/kangasalan-lukio\/\",\"name\":\"Kangasalan lukio - Lukiolaiset ty\u00f6el\u00e4m\u00e4\u00e4n\",\"isPartOf\":{\"@id\":\"https:\/\/blogit.gradia.fi\/lukiolaisettyoelamaan\/#website\"},\"datePublished\":\"2020-11-11T13:32:10+00:00\",\"dateModified\":\"2021-01-12T15:05:35+00:00\",\"description\":\"Kangasalan lukiossa opiskelee noin 430 lukiolaista ja noin 50 kaksoistutkinto-opiskelijaa nykyaikaisissa, uusissa tiloissa Roine-kampuksella.\",\"breadcrumb\":{\"@id\":\"https:\/\/blogit.gradia.fi\/lukiolaisettyoelamaan\/kangasalan-lukio\/#breadcrumb\"},\"inLanguage\":\"fi\",\"potentialAction\":[{\"@type\":\"ReadAction\",\"target\":[\"https:\/\/blogit.gradia.fi\/lukiolaisettyoelamaan\/kangasalan-lukio\/\"]}]},{\"@type\":\"BreadcrumbList\",\"@id\":\"https:\/\/blogit.gradia.fi\/lukiolaisettyoelamaan\/kangasalan-lukio\/#breadcrumb\",\"itemListElement\":[{\"@type\":\"ListItem\",\"position\":1,\"name\":\"Home\",\"item\":\"https:\/\/blogit.gradia.fi\/lukiolaisettyoelamaan\/\"},{\"@type\":\"ListItem\",\"position\":2,\"name\":\"Kangasalan lukio\"}]},{\"@type\":\"WebSite\",\"@id\":\"https:\/\/blogit.gradia.fi\/lukiolaisettyoelamaan\/#website\",\"url\":\"https:\/\/blogit.gradia.fi\/lukiolaisettyoelamaan\/\",\"name\":\"Lukiolaiset ty\u00f6el\u00e4m\u00e4\u00e4n\",\"description\":\"Tervetuloa tutustumaan ja poimimaan hyvi\u00e4 k\u00e4yt\u00e4nteit\u00e4!\",\"potentialAction\":[{\"@type\":\"SearchAction\",\"target\":{\"@type\":\"EntryPoint\",\"urlTemplate\":\"https:\/\/blogit.gradia.fi\/lukiolaisettyoelamaan\/?s={search_term_string}\"},\"query-input\":{\"@type\":\"PropertyValueSpecification\",\"valueRequired\":true,\"valueName\":\"search_term_string\"}}],\"inLanguage\":\"fi\"}]}<\/script>\n<!-- \/ Yoast SEO plugin. -->","yoast_head_json":{"title":"Kangasalan lukio - Lukiolaiset ty\u00f6el\u00e4m\u00e4\u00e4n","description":"Kangasalan lukiossa opiskelee noin 430 lukiolaista ja noin 50 kaksoistutkinto-opiskelijaa nykyaikaisissa, uusissa tiloissa Roine-kampuksella.","robots":{"index":"index","follow":"follow","max-snippet":"max-snippet:-1","max-image-preview":"max-image-preview:large","max-video-preview":"max-video-preview:-1"},"canonical":"https:\/\/blogit.gradia.fi\/lukiolaisettyoelamaan\/kangasalan-lukio\/","og_locale":"fi_FI","og_type":"article","og_title":"Kangasalan lukio - Lukiolaiset ty\u00f6el\u00e4m\u00e4\u00e4n","og_description":"Kangasalan lukiossa opiskelee noin 430 lukiolaista ja noin 50 kaksoistutkinto-opiskelijaa nykyaikaisissa, uusissa tiloissa Roine-kampuksella.","og_url":"https:\/\/blogit.gradia.fi\/lukiolaisettyoelamaan\/kangasalan-lukio\/","og_site_name":"Lukiolaiset ty\u00f6el\u00e4m\u00e4\u00e4n","article_modified_time":"2021-01-12T15:05:35+00:00","twitter_card":"summary_large_image","twitter_misc":{"Arvioitu lukuaika":"1 minuutti"},"schema":{"@context":"https:\/\/schema.org","@graph":[{"@type":"WebPage","@id":"https:\/\/blogit.gradia.fi\/lukiolaisettyoelamaan\/kangasalan-lukio\/","url":"https:\/\/blogit.gradia.fi\/lukiolaisettyoelamaan\/kangasalan-lukio\/","name":"Kangasalan lukio - Lukiolaiset ty\u00f6el\u00e4m\u00e4\u00e4n","isPartOf":{"@id":"https:\/\/blogit.gradia.fi\/lukiolaisettyoelamaan\/#website"},"datePublished":"2020-11-11T13:32:10+00:00","dateModified":"2021-01-12T15:05:35+00:00","description":"Kangasalan lukiossa opiskelee noin 430 lukiolaista ja noin 50 kaksoistutkinto-opiskelijaa nykyaikaisissa, uusissa tiloissa Roine-kampuksella.","breadcrumb":{"@id":"https:\/\/blogit.gradia.fi\/lukiolaisettyoelamaan\/kangasalan-lukio\/#breadcrumb"},"inLanguage":"fi","potentialAction":[{"@type":"ReadAction","target":["https:\/\/blogit.gradia.fi\/lukiolaisettyoelamaan\/kangasalan-lukio\/"]}]},{"@type":"BreadcrumbList","@id":"https:\/\/blogit.gradia.fi\/lukiolaisettyoelamaan\/kangasalan-lukio\/#breadcrumb","itemListElement":[{"@type":"ListItem","position":1,"name":"Home","item":"https:\/\/blogit.gradia.fi\/lukiolaisettyoelamaan\/"},{"@type":"ListItem","position":2,"name":"Kangasalan lukio"}]},{"@type":"WebSite","@id":"https:\/\/blogit.gradia.fi\/lukiolaisettyoelamaan\/#website","url":"https:\/\/blogit.gradia.fi\/lukiolaisettyoelamaan\/","name":"Lukiolaiset ty\u00f6el\u00e4m\u00e4\u00e4n","description":"Tervetuloa tutustumaan ja poimimaan hyvi\u00e4 k\u00e4yt\u00e4nteit\u00e4!","potentialAction":[{"@type":"SearchAction","target":{"@type":"EntryPoint","urlTemplate":"https:\/\/blogit.gradia.fi\/lukiolaisettyoelamaan\/?s={search_term_string}"},"query-input":{"@type":"PropertyValueSpecification","valueRequired":true,"valueName":"search_term_string"}}],"inLanguage":"fi"}]}},"uagb_featured_image_src":{"full":false,"thumbnail":false,"medium":false,"medium_large":false,"large":false,"1536x1536":false,"2048x2048":false,"post-thumbnail":false},"uagb_author_info":{"display_name":"Anna Saari","author_link":"https:\/\/blogit.gradia.fi\/lukiolaisettyoelamaan\/author\/palviann\/"},"uagb_comment_info":0,"uagb_excerpt":"Kangasalan lukiossa opiskelee noin 430 lukiolaista ja noin\u00a050\u00a0kaksoistutkinto-opiskelijaa nykyaikaisissa, uusissa tiloissa Roine-kampuksella. Samalla kampuksella ty\u00f6skentelev\u00e4t my\u00f6s Tredun Kangasalan yksik\u00f6n sek\u00e4 Pikkolan yl\u00e4koulun oppilaat. Kangasalan lukiossa toimii\u00a0maineikas\u00a0musiikkilinja. Lukio juhlii 100-vuotista taivaltaan vuonna 2021. Kangasalan lukion laaja kurssitarjonta mahdollistaa keskittymisen kieliin, matemaattis-luonnontieteellisiin aineisiin, taito- ja\u00a0taideaineisiin tai urheiluun.","_links":{"self":[{"href":"https:\/\/blogit.gradia.fi\/lukiolaisettyoelamaan\/wp-json\/wp\/v2\/pages\/563","targetHints":{"allow":["GET"]}}],"collection":[{"href":"https:\/\/blogit.gradia.fi\/lukiolaisettyoelamaan\/wp-json\/wp\/v2\/pages"}],"about":[{"href":"https:\/\/blogit.gradia.fi\/lukiolaisettyoelamaan\/wp-json\/wp\/v2\/types\/page"}],"author":[{"embeddable":true,"href":"https:\/\/blogit.gradia.fi\/lukiolaisettyoelamaan\/wp-json\/wp\/v2\/users\/152"}],"replies":[{"embeddable":true,"href":"https:\/\/blogit.gradia.fi\/lukiolaisettyoelamaan\/wp-json\/wp\/v2\/comments?post=563"}],"version-history":[{"count":4,"href":"https:\/\/blogit.gradia.fi\/lukiolaisettyoelamaan\/wp-json\/wp\/v2\/pages\/563\/revisions"}],"predecessor-version":[{"id":898,"href":"https:\/\/blogit.gradia.fi\/lukiolaisettyoelamaan\/wp-json\/wp\/v2\/pages\/563\/revisions\/898"}],"wp:attachment":[{"href":"https:\/\/blogit.gradia.fi\/lukiolaisettyoelamaan\/wp-json\/wp\/v2\/media?parent=563"}],"curies":[{"name":"wp","href":"https:\/\/api.w.org\/{rel}","templated":true}]}}