{"id":467,"date":"2020-11-11T13:19:04","date_gmt":"2020-11-11T11:19:04","guid":{"rendered":"https:\/\/blogit.gradia.fi\/lukiolaisettyoelamaan\/?page_id=467"},"modified":"2021-01-20T16:16:48","modified_gmt":"2021-01-20T14:16:48","slug":"kangasalan-lukio","status":"publish","type":"page","link":"https:\/\/blogit.gradia.fi\/lukiolaisettyoelamaan\/hankkeen-tiedot\/kangasalan-lukio\/","title":{"rendered":"Kangasalan lukio"},"content":{"rendered":"\n<div class=\"wp-block-media-text alignwide is-stacked-on-mobile\" style=\"grid-template-columns:48% auto\"><figure class=\"wp-block-media-text__media\"><img loading=\"lazy\" decoding=\"async\" width=\"1024\" height=\"683\" src=\"https:\/\/blogit.gradia.fi\/lukiolaisettyoelamaan\/wp-content\/uploads\/sites\/169\/2021\/01\/katonkuviot_Kangasala-1024x683.jpeg\" alt=\"Kangasalan lukion k\u00e4yt\u00e4v\u00e4\" class=\"wp-image-1028 size-full\" srcset=\"https:\/\/blogit.gradia.fi\/lukiolaisettyoelamaan\/wp-content\/uploads\/sites\/169\/2021\/01\/katonkuviot_Kangasala-1024x683.jpeg 1024w, https:\/\/blogit.gradia.fi\/lukiolaisettyoelamaan\/wp-content\/uploads\/sites\/169\/2021\/01\/katonkuviot_Kangasala-300x200.jpeg 300w, https:\/\/blogit.gradia.fi\/lukiolaisettyoelamaan\/wp-content\/uploads\/sites\/169\/2021\/01\/katonkuviot_Kangasala-768x512.jpeg 768w, https:\/\/blogit.gradia.fi\/lukiolaisettyoelamaan\/wp-content\/uploads\/sites\/169\/2021\/01\/katonkuviot_Kangasala.jpeg 1200w\" sizes=\"auto, (max-width: 1024px) 100vw, 1024px\" \/><\/figure><div class=\"wp-block-media-text__content\">\n<p><\/p>\n\n\n\n<h2 class=\"wp-block-heading\">Kangasalan lukio<\/h2>\n\n\n\n<p><a href=\"https:\/\/www.kangasalanlukio.fi\/\" target=\"_blank\" rel=\"noreferrer noopener\">Kangasalan lukiossa<\/a>&nbsp;opiskelee noin 430 lukiolaista ja noin&nbsp;50&nbsp;kaksoistutkinto-opiskelijaa nykyaikaisissa, uusissa tiloissa Roine-kampuksella. Samalla kampuksella ty\u00f6skentelev\u00e4t my\u00f6s Tredun Kangasalan yksik\u00f6n sek\u00e4 Pikkolan yl\u00e4koulun oppilaat. Kangasalan lukiossa toimii&nbsp;maineikas<a href=\"https:\/\/www.kangasalanlukio.fi\/esittely\/musalinjan-sivut\/\" target=\"_blank\" rel=\"noreferrer noopener\">&nbsp;musiikkilinja<\/a>. Lukio juhlii 100-vuotista taivaltaan vuonna 2021.<\/p>\n\n\n\n<p>Kangasalan lukion laaja kurssitarjonta mahdollistaa keskittymisen kieliin, matemaattis-luonnontieteellisiin aineisiin, taito- ja&nbsp;taideaineisiin tai urheiluun.<\/p>\n<\/div><\/div>\n\n\n\n<p><strong>Osatoteuttaja<\/strong><br>Kangasalan kaupunki, <a href=\"https:\/\/www.kangasalanlukio.fi\/\" target=\"_blank\" rel=\"noreferrer noopener\">Kangasalan lukio<\/a><\/p>\n\n\n\n<p>Projektikoordinaattori <strong>Silja Silvennoinen<\/strong><br><a rel=\"noreferrer noopener\" href=\"https:\/\/www.kangasalanlukio.fi\/\" target=\"_blank\">Kangasalan lukio<\/a><br>Finnentie 42, 36200 Kangasala<br>044 486 0422<br>silja.silvennoinen@kangasala.fi<\/p>\n\n\n\n<p><strong>P\u00e4\u00e4toteuttaja<\/strong><br><a rel=\"noreferrer noopener\" href=\"https:\/\/www.gradia.fi\/\" target=\"_blank\">Jyv\u00e4skyl\u00e4n koulutuskuntayhtym\u00e4 Gradia<\/a><\/p>\n","protected":false},"excerpt":{"rendered":"<p>Kangasalan lukio Kangasalan lukiossa&nbsp;opiskelee noin 430 lukiolaista ja noin&nbsp;50&nbsp;kaksoistutkinto-opiskelijaa nykyaikaisissa, uusissa tiloissa Roine-kampuksella. Samalla kampuksella ty\u00f6skentelev\u00e4t my\u00f6s Tredun Kangasalan yksik\u00f6n sek\u00e4 Pikkolan yl\u00e4koulun oppilaat. Kangasalan lukiossa toimii&nbsp;maineikas&nbsp;musiikkilinja. Lukio juhlii 100-vuotista taivaltaan vuonna 2021. Kangasalan lukion laaja kurssitarjonta mahdollistaa keskittymisen kieliin, matemaattis-luonnontieteellisiin aineisiin, taito- ja&nbsp;taideaineisiin tai urheiluun. OsatoteuttajaKangasalan kaupunki, Kangasalan lukio Projektikoordinaattori Silja SilvennoinenKangasalan lukioFinnentie 42, &hellip; <a href=\"https:\/\/blogit.gradia.fi\/lukiolaisettyoelamaan\/hankkeen-tiedot\/kangasalan-lukio\/\" class=\"more-link\">Jatka lukemista <span class=\"screen-reader-text\">Kangasalan lukio<\/span> <span class=\"meta-nav\">&rarr;<\/span><\/a><\/p>\n","protected":false},"author":152,"featured_media":0,"parent":89,"menu_order":2,"comment_status":"closed","ping_status":"closed","template":"","meta":{"_uag_custom_page_level_css":"","footnotes":""},"class_list":["post-467","page","type-page","status-publish","hentry"],"yoast_head":"<!-- This site is optimized with the Yoast SEO plugin v27.2 - https:\/\/yoast.com\/product\/yoast-seo-wordpress\/ -->\n<title>Kangasalan lukio - Lukiolaiset ty\u00f6el\u00e4m\u00e4\u00e4n<\/title>\n<meta name=\"description\" content=\"Kangasalan lukiossa opiskelee noin 430 lukiolaista ja noin 50 kaksoistutkinto-opiskelijaa nykyaikaisissa, uusissa tiloissa Roine-kampuksella.\" \/>\n<meta name=\"robots\" content=\"index, follow, max-snippet:-1, max-image-preview:large, max-video-preview:-1\" \/>\n<link rel=\"canonical\" href=\"https:\/\/blogit.gradia.fi\/lukiolaisettyoelamaan\/hankkeen-tiedot\/kangasalan-lukio\/\" \/>\n<meta property=\"og:locale\" content=\"fi_FI\" \/>\n<meta property=\"og:type\" content=\"article\" \/>\n<meta property=\"og:title\" content=\"Kangasalan lukio - Lukiolaiset ty\u00f6el\u00e4m\u00e4\u00e4n\" \/>\n<meta property=\"og:description\" content=\"Kangasalan lukiossa opiskelee noin 430 lukiolaista ja noin 50 kaksoistutkinto-opiskelijaa nykyaikaisissa, uusissa tiloissa Roine-kampuksella.\" \/>\n<meta property=\"og:url\" content=\"https:\/\/blogit.gradia.fi\/lukiolaisettyoelamaan\/hankkeen-tiedot\/kangasalan-lukio\/\" \/>\n<meta property=\"og:site_name\" content=\"Lukiolaiset ty\u00f6el\u00e4m\u00e4\u00e4n\" \/>\n<meta property=\"article:modified_time\" content=\"2021-01-20T14:16:48+00:00\" \/>\n<meta property=\"og:image\" content=\"https:\/\/blogit.gradia.fi\/lukiolaisettyoelamaan\/wp-content\/uploads\/sites\/169\/2021\/01\/katonkuviot_Kangasala-1024x683.jpeg\" \/>\n<meta name=\"twitter:card\" content=\"summary_large_image\" \/>\n<meta name=\"twitter:label1\" content=\"Arvioitu lukuaika\" \/>\n\t<meta name=\"twitter:data1\" content=\"1 minuutti\" \/>\n<script type=\"application\/ld+json\" class=\"yoast-schema-graph\">{\"@context\":\"https:\/\/schema.org\",\"@graph\":[{\"@type\":\"WebPage\",\"@id\":\"https:\/\/blogit.gradia.fi\/lukiolaisettyoelamaan\/hankkeen-tiedot\/kangasalan-lukio\/\",\"url\":\"https:\/\/blogit.gradia.fi\/lukiolaisettyoelamaan\/hankkeen-tiedot\/kangasalan-lukio\/\",\"name\":\"Kangasalan lukio - Lukiolaiset ty\u00f6el\u00e4m\u00e4\u00e4n\",\"isPartOf\":{\"@id\":\"https:\/\/blogit.gradia.fi\/lukiolaisettyoelamaan\/#website\"},\"primaryImageOfPage\":{\"@id\":\"https:\/\/blogit.gradia.fi\/lukiolaisettyoelamaan\/hankkeen-tiedot\/kangasalan-lukio\/#primaryimage\"},\"image\":{\"@id\":\"https:\/\/blogit.gradia.fi\/lukiolaisettyoelamaan\/hankkeen-tiedot\/kangasalan-lukio\/#primaryimage\"},\"thumbnailUrl\":\"https:\/\/blogit.gradia.fi\/lukiolaisettyoelamaan\/wp-content\/uploads\/sites\/169\/2021\/01\/katonkuviot_Kangasala-1024x683.jpeg\",\"datePublished\":\"2020-11-11T11:19:04+00:00\",\"dateModified\":\"2021-01-20T14:16:48+00:00\",\"description\":\"Kangasalan lukiossa opiskelee noin 430 lukiolaista ja noin 50 kaksoistutkinto-opiskelijaa nykyaikaisissa, uusissa tiloissa Roine-kampuksella.\",\"breadcrumb\":{\"@id\":\"https:\/\/blogit.gradia.fi\/lukiolaisettyoelamaan\/hankkeen-tiedot\/kangasalan-lukio\/#breadcrumb\"},\"inLanguage\":\"fi\",\"potentialAction\":[{\"@type\":\"ReadAction\",\"target\":[\"https:\/\/blogit.gradia.fi\/lukiolaisettyoelamaan\/hankkeen-tiedot\/kangasalan-lukio\/\"]}]},{\"@type\":\"ImageObject\",\"inLanguage\":\"fi\",\"@id\":\"https:\/\/blogit.gradia.fi\/lukiolaisettyoelamaan\/hankkeen-tiedot\/kangasalan-lukio\/#primaryimage\",\"url\":\"https:\/\/blogit.gradia.fi\/lukiolaisettyoelamaan\/wp-content\/uploads\/sites\/169\/2021\/01\/katonkuviot_Kangasala.jpeg\",\"contentUrl\":\"https:\/\/blogit.gradia.fi\/lukiolaisettyoelamaan\/wp-content\/uploads\/sites\/169\/2021\/01\/katonkuviot_Kangasala.jpeg\",\"width\":1200,\"height\":800,\"caption\":\"Kangasalan lukion k\u00e4yt\u00e4v\u00e4\"},{\"@type\":\"BreadcrumbList\",\"@id\":\"https:\/\/blogit.gradia.fi\/lukiolaisettyoelamaan\/hankkeen-tiedot\/kangasalan-lukio\/#breadcrumb\",\"itemListElement\":[{\"@type\":\"ListItem\",\"position\":1,\"name\":\"Home\",\"item\":\"https:\/\/blogit.gradia.fi\/lukiolaisettyoelamaan\/\"},{\"@type\":\"ListItem\",\"position\":2,\"name\":\"Hankkeen tiedot\",\"item\":\"https:\/\/blogit.gradia.fi\/lukiolaisettyoelamaan\/hankkeen-tiedot\/\"},{\"@type\":\"ListItem\",\"position\":3,\"name\":\"Kangasalan lukio\"}]},{\"@type\":\"WebSite\",\"@id\":\"https:\/\/blogit.gradia.fi\/lukiolaisettyoelamaan\/#website\",\"url\":\"https:\/\/blogit.gradia.fi\/lukiolaisettyoelamaan\/\",\"name\":\"Lukiolaiset ty\u00f6el\u00e4m\u00e4\u00e4n\",\"description\":\"Tervetuloa tutustumaan ja poimimaan hyvi\u00e4 k\u00e4yt\u00e4nteit\u00e4!\",\"potentialAction\":[{\"@type\":\"SearchAction\",\"target\":{\"@type\":\"EntryPoint\",\"urlTemplate\":\"https:\/\/blogit.gradia.fi\/lukiolaisettyoelamaan\/?s={search_term_string}\"},\"query-input\":{\"@type\":\"PropertyValueSpecification\",\"valueRequired\":true,\"valueName\":\"search_term_string\"}}],\"inLanguage\":\"fi\"}]}<\/script>\n<!-- \/ Yoast SEO plugin. -->","yoast_head_json":{"title":"Kangasalan lukio - Lukiolaiset ty\u00f6el\u00e4m\u00e4\u00e4n","description":"Kangasalan lukiossa opiskelee noin 430 lukiolaista ja noin 50 kaksoistutkinto-opiskelijaa nykyaikaisissa, uusissa tiloissa Roine-kampuksella.","robots":{"index":"index","follow":"follow","max-snippet":"max-snippet:-1","max-image-preview":"max-image-preview:large","max-video-preview":"max-video-preview:-1"},"canonical":"https:\/\/blogit.gradia.fi\/lukiolaisettyoelamaan\/hankkeen-tiedot\/kangasalan-lukio\/","og_locale":"fi_FI","og_type":"article","og_title":"Kangasalan lukio - Lukiolaiset ty\u00f6el\u00e4m\u00e4\u00e4n","og_description":"Kangasalan lukiossa opiskelee noin 430 lukiolaista ja noin 50 kaksoistutkinto-opiskelijaa nykyaikaisissa, uusissa tiloissa Roine-kampuksella.","og_url":"https:\/\/blogit.gradia.fi\/lukiolaisettyoelamaan\/hankkeen-tiedot\/kangasalan-lukio\/","og_site_name":"Lukiolaiset ty\u00f6el\u00e4m\u00e4\u00e4n","article_modified_time":"2021-01-20T14:16:48+00:00","og_image":[{"url":"https:\/\/blogit.gradia.fi\/lukiolaisettyoelamaan\/wp-content\/uploads\/sites\/169\/2021\/01\/katonkuviot_Kangasala-1024x683.jpeg","type":"","width":"","height":""}],"twitter_card":"summary_large_image","twitter_misc":{"Arvioitu lukuaika":"1 minuutti"},"schema":{"@context":"https:\/\/schema.org","@graph":[{"@type":"WebPage","@id":"https:\/\/blogit.gradia.fi\/lukiolaisettyoelamaan\/hankkeen-tiedot\/kangasalan-lukio\/","url":"https:\/\/blogit.gradia.fi\/lukiolaisettyoelamaan\/hankkeen-tiedot\/kangasalan-lukio\/","name":"Kangasalan lukio - Lukiolaiset ty\u00f6el\u00e4m\u00e4\u00e4n","isPartOf":{"@id":"https:\/\/blogit.gradia.fi\/lukiolaisettyoelamaan\/#website"},"primaryImageOfPage":{"@id":"https:\/\/blogit.gradia.fi\/lukiolaisettyoelamaan\/hankkeen-tiedot\/kangasalan-lukio\/#primaryimage"},"image":{"@id":"https:\/\/blogit.gradia.fi\/lukiolaisettyoelamaan\/hankkeen-tiedot\/kangasalan-lukio\/#primaryimage"},"thumbnailUrl":"https:\/\/blogit.gradia.fi\/lukiolaisettyoelamaan\/wp-content\/uploads\/sites\/169\/2021\/01\/katonkuviot_Kangasala-1024x683.jpeg","datePublished":"2020-11-11T11:19:04+00:00","dateModified":"2021-01-20T14:16:48+00:00","description":"Kangasalan lukiossa opiskelee noin 430 lukiolaista ja noin 50 kaksoistutkinto-opiskelijaa nykyaikaisissa, uusissa tiloissa Roine-kampuksella.","breadcrumb":{"@id":"https:\/\/blogit.gradia.fi\/lukiolaisettyoelamaan\/hankkeen-tiedot\/kangasalan-lukio\/#breadcrumb"},"inLanguage":"fi","potentialAction":[{"@type":"ReadAction","target":["https:\/\/blogit.gradia.fi\/lukiolaisettyoelamaan\/hankkeen-tiedot\/kangasalan-lukio\/"]}]},{"@type":"ImageObject","inLanguage":"fi","@id":"https:\/\/blogit.gradia.fi\/lukiolaisettyoelamaan\/hankkeen-tiedot\/kangasalan-lukio\/#primaryimage","url":"https:\/\/blogit.gradia.fi\/lukiolaisettyoelamaan\/wp-content\/uploads\/sites\/169\/2021\/01\/katonkuviot_Kangasala.jpeg","contentUrl":"https:\/\/blogit.gradia.fi\/lukiolaisettyoelamaan\/wp-content\/uploads\/sites\/169\/2021\/01\/katonkuviot_Kangasala.jpeg","width":1200,"height":800,"caption":"Kangasalan lukion k\u00e4yt\u00e4v\u00e4"},{"@type":"BreadcrumbList","@id":"https:\/\/blogit.gradia.fi\/lukiolaisettyoelamaan\/hankkeen-tiedot\/kangasalan-lukio\/#breadcrumb","itemListElement":[{"@type":"ListItem","position":1,"name":"Home","item":"https:\/\/blogit.gradia.fi\/lukiolaisettyoelamaan\/"},{"@type":"ListItem","position":2,"name":"Hankkeen tiedot","item":"https:\/\/blogit.gradia.fi\/lukiolaisettyoelamaan\/hankkeen-tiedot\/"},{"@type":"ListItem","position":3,"name":"Kangasalan lukio"}]},{"@type":"WebSite","@id":"https:\/\/blogit.gradia.fi\/lukiolaisettyoelamaan\/#website","url":"https:\/\/blogit.gradia.fi\/lukiolaisettyoelamaan\/","name":"Lukiolaiset ty\u00f6el\u00e4m\u00e4\u00e4n","description":"Tervetuloa tutustumaan ja poimimaan hyvi\u00e4 k\u00e4yt\u00e4nteit\u00e4!","potentialAction":[{"@type":"SearchAction","target":{"@type":"EntryPoint","urlTemplate":"https:\/\/blogit.gradia.fi\/lukiolaisettyoelamaan\/?s={search_term_string}"},"query-input":{"@type":"PropertyValueSpecification","valueRequired":true,"valueName":"search_term_string"}}],"inLanguage":"fi"}]}},"uagb_featured_image_src":{"full":false,"thumbnail":false,"medium":false,"medium_large":false,"large":false,"1536x1536":false,"2048x2048":false,"post-thumbnail":false},"uagb_author_info":{"display_name":"Anna Saari","author_link":"https:\/\/blogit.gradia.fi\/lukiolaisettyoelamaan\/author\/palviann\/"},"uagb_comment_info":0,"uagb_excerpt":"Kangasalan lukio Kangasalan lukiossa&nbsp;opiskelee noin 430 lukiolaista ja noin&nbsp;50&nbsp;kaksoistutkinto-opiskelijaa nykyaikaisissa, uusissa tiloissa Roine-kampuksella. Samalla kampuksella ty\u00f6skentelev\u00e4t my\u00f6s Tredun Kangasalan yksik\u00f6n sek\u00e4 Pikkolan yl\u00e4koulun oppilaat. Kangasalan lukiossa toimii&nbsp;maineikas&nbsp;musiikkilinja. Lukio juhlii 100-vuotista taivaltaan vuonna 2021. Kangasalan lukion laaja kurssitarjonta mahdollistaa keskittymisen kieliin, matemaattis-luonnontieteellisiin aineisiin, taito- ja&nbsp;taideaineisiin tai urheiluun. OsatoteuttajaKangasalan kaupunki, Kangasalan lukio Projektikoordinaattori Silja SilvennoinenKangasalan lukioFinnentie 42,&hellip;","_links":{"self":[{"href":"https:\/\/blogit.gradia.fi\/lukiolaisettyoelamaan\/wp-json\/wp\/v2\/pages\/467","targetHints":{"allow":["GET"]}}],"collection":[{"href":"https:\/\/blogit.gradia.fi\/lukiolaisettyoelamaan\/wp-json\/wp\/v2\/pages"}],"about":[{"href":"https:\/\/blogit.gradia.fi\/lukiolaisettyoelamaan\/wp-json\/wp\/v2\/types\/page"}],"author":[{"embeddable":true,"href":"https:\/\/blogit.gradia.fi\/lukiolaisettyoelamaan\/wp-json\/wp\/v2\/users\/152"}],"replies":[{"embeddable":true,"href":"https:\/\/blogit.gradia.fi\/lukiolaisettyoelamaan\/wp-json\/wp\/v2\/comments?post=467"}],"version-history":[{"count":6,"href":"https:\/\/blogit.gradia.fi\/lukiolaisettyoelamaan\/wp-json\/wp\/v2\/pages\/467\/revisions"}],"predecessor-version":[{"id":1030,"href":"https:\/\/blogit.gradia.fi\/lukiolaisettyoelamaan\/wp-json\/wp\/v2\/pages\/467\/revisions\/1030"}],"up":[{"embeddable":true,"href":"https:\/\/blogit.gradia.fi\/lukiolaisettyoelamaan\/wp-json\/wp\/v2\/pages\/89"}],"wp:attachment":[{"href":"https:\/\/blogit.gradia.fi\/lukiolaisettyoelamaan\/wp-json\/wp\/v2\/media?parent=467"}],"curies":[{"name":"wp","href":"https:\/\/api.w.org\/{rel}","templated":true}]}}