{"id":465,"date":"2020-11-11T13:18:48","date_gmt":"2020-11-11T11:18:48","guid":{"rendered":"https:\/\/blogit.gradia.fi\/lukiolaisettyoelamaan\/?page_id=465"},"modified":"2021-01-21T14:40:39","modified_gmt":"2021-01-21T12:40:39","slug":"mikkelin-lukio","status":"publish","type":"page","link":"https:\/\/blogit.gradia.fi\/lukiolaisettyoelamaan\/hankkeen-tiedot\/mikkelin-lukio\/","title":{"rendered":"Mikkelin lukio"},"content":{"rendered":"\n<div class=\"wp-block-media-text alignwide has-media-on-the-right is-stacked-on-mobile\" style=\"grid-template-columns:auto 41%\"><figure class=\"wp-block-media-text__media\"><img loading=\"lazy\" decoding=\"async\" width=\"600\" height=\"350\" src=\"https:\/\/blogit.gradia.fi\/lukiolaisettyoelamaan\/wp-content\/uploads\/sites\/169\/2020\/09\/Miklu2.png\" alt=\"\" class=\"wp-image-244 size-full\" srcset=\"https:\/\/blogit.gradia.fi\/lukiolaisettyoelamaan\/wp-content\/uploads\/sites\/169\/2020\/09\/Miklu2.png 600w, https:\/\/blogit.gradia.fi\/lukiolaisettyoelamaan\/wp-content\/uploads\/sites\/169\/2020\/09\/Miklu2-300x175.png 300w\" sizes=\"auto, (max-width: 600px) 100vw, 600px\" \/><\/figure><div class=\"wp-block-media-text__content\">\n<p>Mikkelin 150-vuotinen lukiokoulutuksen historia luo vahvan pohjan alueen nuorten lukio-opiskelulle ja opetuksen kehitt\u00e4miselle. Mikkelin lukion toiminta perustuu Mikkelin kaupungin arvopohjaan \u2013 luottamukseen, avoimuuteen, yhdenvertaisuuteen, kest\u00e4v\u00e4\u00e4n kehitykseen ja vaikuttavuuteen \u2013 sek\u00e4 lukiossa painotettuihin arvoihin: sivistykseen ja oikeudenmukaisuuteen.&nbsp;<\/p>\n\n\n\n<p>Mikkelin lukion tavoitteena on taata jokaiselle opiskelijalle mielek\u00e4s ja h\u00e4nelle itselleen sopiva jatko-opintopaikka. Lukion laaja opinto-tarjonta ja laadukas opetus tarjoavat opiskelijoille hyv\u00e4t l\u00e4ht\u00f6kohdat onnistua ylioppilastutkinnossa.&nbsp;Lukiossa on noin 750 opiskelijaa ja noin 50 opettajaa.<\/p>\n\n\n\n<h3 class=\"wp-block-heading\"><strong>Mikkelin lukion opiskelijan tuntomerkkej\u00e4&nbsp;<\/strong><\/h3>\n\n\n\n<p>Tuntomerkit kertovat lukio-opintojen tavoitteista ja m\u00e4\u00e4ritt\u00e4v\u00e4t miklulaisen suhdetta oppimiseen, opiskeluun, ymp\u00e4rist\u00f6\u00f6n ja muihin ihmisiin.<\/p>\n\n\n\n<h3 class=\"wp-block-heading\"><strong>Miklulaiset&nbsp;<\/strong><\/h3>\n\n\n\n<ul class=\"wp-block-list\"><li>ovat tietoisia omista tiedoistaan ja taidoistaan ja omaavat keinot niiden vahvistamiseen \u2013 m\u00e4\u00e4rittelev\u00e4t itse tavoitteensa&nbsp;<\/li><li>ty\u00f6skentelev\u00e4t sinnikk\u00e4\u00e4sti saavuttaakseen omat tavoitteensa&nbsp;<\/li><li>huolehtivat omasta ja toisten hyvinvoinnista&nbsp;<\/li><li>innostuvat toimimaan ja innostavat muita mukaan&nbsp;<\/li><li>rajaavat ty\u00f6m\u00e4\u00e4r\u00e4\u00e4ns\u00e4 ja tarvittaessa rentoutuvat&nbsp;<\/li><li>toimivat luontevasti ja toisia kunnioittaen monikulttuurisessa ymp\u00e4rist\u00f6ss\u00e4 \u2013 pit\u00e4v\u00e4t kiinni yhdenvertaisuudesta ja toimivat sen edist\u00e4miseksi ja&nbsp;<\/li><li>kunnioittavat ymp\u00e4rist\u00f6\u00e4.<\/li><\/ul>\n\n\n\n<p><\/p>\n<\/div><\/div>\n\n\n\n<p><strong>Osatoteuttaja<\/strong><br>Mikkelin kaupunki, <a href=\"https:\/\/sites.google.com\/edu.mikkeli.fi\/mikkelinlukio\/etusivu\" target=\"_blank\" rel=\"noreferrer noopener\">Mikkelin lukio<\/a> <\/p>\n\n\n\n<p>Projektikoordinaattori <strong>Anni Pietarinen<\/strong><br><a rel=\"noreferrer noopener\" href=\"https:\/\/sites.google.com\/edu.mikkeli.fi\/mikkelinlukio\/etusivu\" target=\"_blank\">Mikkelin lukio<\/a><br>P\u00e4\u00e4majankuja 4, 50100 Mikkeli<br>040 129 4972<br>anni.pietarinen@sivistys.mikkeli.fi<\/p>\n\n\n\n<p><strong>P\u00e4\u00e4toteuttaja<\/strong><br><a rel=\"noreferrer noopener\" href=\"https:\/\/www.gradia.fi\/\" target=\"_blank\">Jyv\u00e4skyl\u00e4n koulutuskuntayhtym\u00e4 Gradia<\/a><\/p>\n","protected":false},"excerpt":{"rendered":"<p>Mikkelin 150-vuotinen lukiokoulutuksen historia luo vahvan pohjan alueen nuorten lukio-opiskelulle ja opetuksen kehitt\u00e4miselle. Mikkelin lukion toiminta perustuu Mikkelin kaupungin arvopohjaan \u2013 luottamukseen, avoimuuteen, yhdenvertaisuuteen, kest\u00e4v\u00e4\u00e4n kehitykseen ja vaikuttavuuteen \u2013 sek\u00e4 lukiossa painotettuihin arvoihin: sivistykseen ja oikeudenmukaisuuteen.&nbsp; Mikkelin lukion tavoitteena on taata jokaiselle opiskelijalle mielek\u00e4s ja h\u00e4nelle itselleen sopiva jatko-opintopaikka. Lukion laaja opinto-tarjonta ja laadukas opetus &hellip; <a href=\"https:\/\/blogit.gradia.fi\/lukiolaisettyoelamaan\/hankkeen-tiedot\/mikkelin-lukio\/\" class=\"more-link\">Jatka lukemista <span class=\"screen-reader-text\">Mikkelin lukio<\/span> <span class=\"meta-nav\">&rarr;<\/span><\/a><\/p>\n","protected":false},"author":152,"featured_media":0,"parent":89,"menu_order":5,"comment_status":"closed","ping_status":"closed","template":"","meta":{"_uag_custom_page_level_css":"","footnotes":""},"class_list":["post-465","page","type-page","status-publish","hentry"],"yoast_head":"<!-- This site is optimized with the Yoast SEO plugin v27.2 - https:\/\/yoast.com\/product\/yoast-seo-wordpress\/ -->\n<title>Mikkelin lukio - Lukiolaiset ty\u00f6el\u00e4m\u00e4\u00e4n<\/title>\n<meta name=\"description\" content=\"Mikkelin lukio on mukana Ohjatusti kohti tulevaisuuden ty\u00f6el\u00e4m\u00e4\u00e4 -hankkeessa. Mikkelin lukiossa on l\u00e4hes 750 oppilasta ja noin 50 opettajaa.\" \/>\n<meta name=\"robots\" content=\"index, follow, max-snippet:-1, max-image-preview:large, max-video-preview:-1\" \/>\n<link rel=\"canonical\" href=\"https:\/\/blogit.gradia.fi\/lukiolaisettyoelamaan\/hankkeen-tiedot\/mikkelin-lukio\/\" \/>\n<meta property=\"og:locale\" content=\"fi_FI\" \/>\n<meta property=\"og:type\" content=\"article\" \/>\n<meta property=\"og:title\" content=\"Mikkelin lukio - Lukiolaiset ty\u00f6el\u00e4m\u00e4\u00e4n\" \/>\n<meta property=\"og:description\" content=\"Mikkelin lukio on mukana Ohjatusti kohti tulevaisuuden ty\u00f6el\u00e4m\u00e4\u00e4 -hankkeessa. Mikkelin lukiossa on l\u00e4hes 750 oppilasta ja noin 50 opettajaa.\" \/>\n<meta property=\"og:url\" content=\"https:\/\/blogit.gradia.fi\/lukiolaisettyoelamaan\/hankkeen-tiedot\/mikkelin-lukio\/\" \/>\n<meta property=\"og:site_name\" content=\"Lukiolaiset ty\u00f6el\u00e4m\u00e4\u00e4n\" \/>\n<meta property=\"article:modified_time\" content=\"2021-01-21T12:40:39+00:00\" \/>\n<meta property=\"og:image\" content=\"https:\/\/blogit.gradia.fi\/lukiolaisettyoelamaan\/wp-content\/uploads\/sites\/169\/2020\/09\/Miklu2.png\" \/>\n<meta name=\"twitter:card\" content=\"summary_large_image\" \/>\n<meta name=\"twitter:label1\" content=\"Arvioitu lukuaika\" \/>\n\t<meta name=\"twitter:data1\" content=\"1 minuutti\" \/>\n<script type=\"application\/ld+json\" class=\"yoast-schema-graph\">{\"@context\":\"https:\/\/schema.org\",\"@graph\":[{\"@type\":\"WebPage\",\"@id\":\"https:\/\/blogit.gradia.fi\/lukiolaisettyoelamaan\/hankkeen-tiedot\/mikkelin-lukio\/\",\"url\":\"https:\/\/blogit.gradia.fi\/lukiolaisettyoelamaan\/hankkeen-tiedot\/mikkelin-lukio\/\",\"name\":\"Mikkelin lukio - Lukiolaiset ty\u00f6el\u00e4m\u00e4\u00e4n\",\"isPartOf\":{\"@id\":\"https:\/\/blogit.gradia.fi\/lukiolaisettyoelamaan\/#website\"},\"primaryImageOfPage\":{\"@id\":\"https:\/\/blogit.gradia.fi\/lukiolaisettyoelamaan\/hankkeen-tiedot\/mikkelin-lukio\/#primaryimage\"},\"image\":{\"@id\":\"https:\/\/blogit.gradia.fi\/lukiolaisettyoelamaan\/hankkeen-tiedot\/mikkelin-lukio\/#primaryimage\"},\"thumbnailUrl\":\"https:\/\/blogit.gradia.fi\/lukiolaisettyoelamaan\/wp-content\/uploads\/sites\/169\/2020\/09\/Miklu2.png\",\"datePublished\":\"2020-11-11T11:18:48+00:00\",\"dateModified\":\"2021-01-21T12:40:39+00:00\",\"description\":\"Mikkelin lukio on mukana Ohjatusti kohti tulevaisuuden ty\u00f6el\u00e4m\u00e4\u00e4 -hankkeessa. Mikkelin lukiossa on l\u00e4hes 750 oppilasta ja noin 50 opettajaa.\",\"breadcrumb\":{\"@id\":\"https:\/\/blogit.gradia.fi\/lukiolaisettyoelamaan\/hankkeen-tiedot\/mikkelin-lukio\/#breadcrumb\"},\"inLanguage\":\"fi\",\"potentialAction\":[{\"@type\":\"ReadAction\",\"target\":[\"https:\/\/blogit.gradia.fi\/lukiolaisettyoelamaan\/hankkeen-tiedot\/mikkelin-lukio\/\"]}]},{\"@type\":\"ImageObject\",\"inLanguage\":\"fi\",\"@id\":\"https:\/\/blogit.gradia.fi\/lukiolaisettyoelamaan\/hankkeen-tiedot\/mikkelin-lukio\/#primaryimage\",\"url\":\"https:\/\/blogit.gradia.fi\/lukiolaisettyoelamaan\/wp-content\/uploads\/sites\/169\/2020\/09\/Miklu2.png\",\"contentUrl\":\"https:\/\/blogit.gradia.fi\/lukiolaisettyoelamaan\/wp-content\/uploads\/sites\/169\/2020\/09\/Miklu2.png\",\"width\":600,\"height\":350},{\"@type\":\"BreadcrumbList\",\"@id\":\"https:\/\/blogit.gradia.fi\/lukiolaisettyoelamaan\/hankkeen-tiedot\/mikkelin-lukio\/#breadcrumb\",\"itemListElement\":[{\"@type\":\"ListItem\",\"position\":1,\"name\":\"Home\",\"item\":\"https:\/\/blogit.gradia.fi\/lukiolaisettyoelamaan\/\"},{\"@type\":\"ListItem\",\"position\":2,\"name\":\"Hankkeen tiedot\",\"item\":\"https:\/\/blogit.gradia.fi\/lukiolaisettyoelamaan\/hankkeen-tiedot\/\"},{\"@type\":\"ListItem\",\"position\":3,\"name\":\"Mikkelin lukio\"}]},{\"@type\":\"WebSite\",\"@id\":\"https:\/\/blogit.gradia.fi\/lukiolaisettyoelamaan\/#website\",\"url\":\"https:\/\/blogit.gradia.fi\/lukiolaisettyoelamaan\/\",\"name\":\"Lukiolaiset ty\u00f6el\u00e4m\u00e4\u00e4n\",\"description\":\"Tervetuloa tutustumaan ja poimimaan hyvi\u00e4 k\u00e4yt\u00e4nteit\u00e4!\",\"potentialAction\":[{\"@type\":\"SearchAction\",\"target\":{\"@type\":\"EntryPoint\",\"urlTemplate\":\"https:\/\/blogit.gradia.fi\/lukiolaisettyoelamaan\/?s={search_term_string}\"},\"query-input\":{\"@type\":\"PropertyValueSpecification\",\"valueRequired\":true,\"valueName\":\"search_term_string\"}}],\"inLanguage\":\"fi\"}]}<\/script>\n<!-- \/ Yoast SEO plugin. -->","yoast_head_json":{"title":"Mikkelin lukio - Lukiolaiset ty\u00f6el\u00e4m\u00e4\u00e4n","description":"Mikkelin lukio on mukana Ohjatusti kohti tulevaisuuden ty\u00f6el\u00e4m\u00e4\u00e4 -hankkeessa. Mikkelin lukiossa on l\u00e4hes 750 oppilasta ja noin 50 opettajaa.","robots":{"index":"index","follow":"follow","max-snippet":"max-snippet:-1","max-image-preview":"max-image-preview:large","max-video-preview":"max-video-preview:-1"},"canonical":"https:\/\/blogit.gradia.fi\/lukiolaisettyoelamaan\/hankkeen-tiedot\/mikkelin-lukio\/","og_locale":"fi_FI","og_type":"article","og_title":"Mikkelin lukio - Lukiolaiset ty\u00f6el\u00e4m\u00e4\u00e4n","og_description":"Mikkelin lukio on mukana Ohjatusti kohti tulevaisuuden ty\u00f6el\u00e4m\u00e4\u00e4 -hankkeessa. Mikkelin lukiossa on l\u00e4hes 750 oppilasta ja noin 50 opettajaa.","og_url":"https:\/\/blogit.gradia.fi\/lukiolaisettyoelamaan\/hankkeen-tiedot\/mikkelin-lukio\/","og_site_name":"Lukiolaiset ty\u00f6el\u00e4m\u00e4\u00e4n","article_modified_time":"2021-01-21T12:40:39+00:00","og_image":[{"url":"https:\/\/blogit.gradia.fi\/lukiolaisettyoelamaan\/wp-content\/uploads\/sites\/169\/2020\/09\/Miklu2.png","type":"","width":"","height":""}],"twitter_card":"summary_large_image","twitter_misc":{"Arvioitu lukuaika":"1 minuutti"},"schema":{"@context":"https:\/\/schema.org","@graph":[{"@type":"WebPage","@id":"https:\/\/blogit.gradia.fi\/lukiolaisettyoelamaan\/hankkeen-tiedot\/mikkelin-lukio\/","url":"https:\/\/blogit.gradia.fi\/lukiolaisettyoelamaan\/hankkeen-tiedot\/mikkelin-lukio\/","name":"Mikkelin lukio - Lukiolaiset ty\u00f6el\u00e4m\u00e4\u00e4n","isPartOf":{"@id":"https:\/\/blogit.gradia.fi\/lukiolaisettyoelamaan\/#website"},"primaryImageOfPage":{"@id":"https:\/\/blogit.gradia.fi\/lukiolaisettyoelamaan\/hankkeen-tiedot\/mikkelin-lukio\/#primaryimage"},"image":{"@id":"https:\/\/blogit.gradia.fi\/lukiolaisettyoelamaan\/hankkeen-tiedot\/mikkelin-lukio\/#primaryimage"},"thumbnailUrl":"https:\/\/blogit.gradia.fi\/lukiolaisettyoelamaan\/wp-content\/uploads\/sites\/169\/2020\/09\/Miklu2.png","datePublished":"2020-11-11T11:18:48+00:00","dateModified":"2021-01-21T12:40:39+00:00","description":"Mikkelin lukio on mukana Ohjatusti kohti tulevaisuuden ty\u00f6el\u00e4m\u00e4\u00e4 -hankkeessa. Mikkelin lukiossa on l\u00e4hes 750 oppilasta ja noin 50 opettajaa.","breadcrumb":{"@id":"https:\/\/blogit.gradia.fi\/lukiolaisettyoelamaan\/hankkeen-tiedot\/mikkelin-lukio\/#breadcrumb"},"inLanguage":"fi","potentialAction":[{"@type":"ReadAction","target":["https:\/\/blogit.gradia.fi\/lukiolaisettyoelamaan\/hankkeen-tiedot\/mikkelin-lukio\/"]}]},{"@type":"ImageObject","inLanguage":"fi","@id":"https:\/\/blogit.gradia.fi\/lukiolaisettyoelamaan\/hankkeen-tiedot\/mikkelin-lukio\/#primaryimage","url":"https:\/\/blogit.gradia.fi\/lukiolaisettyoelamaan\/wp-content\/uploads\/sites\/169\/2020\/09\/Miklu2.png","contentUrl":"https:\/\/blogit.gradia.fi\/lukiolaisettyoelamaan\/wp-content\/uploads\/sites\/169\/2020\/09\/Miklu2.png","width":600,"height":350},{"@type":"BreadcrumbList","@id":"https:\/\/blogit.gradia.fi\/lukiolaisettyoelamaan\/hankkeen-tiedot\/mikkelin-lukio\/#breadcrumb","itemListElement":[{"@type":"ListItem","position":1,"name":"Home","item":"https:\/\/blogit.gradia.fi\/lukiolaisettyoelamaan\/"},{"@type":"ListItem","position":2,"name":"Hankkeen tiedot","item":"https:\/\/blogit.gradia.fi\/lukiolaisettyoelamaan\/hankkeen-tiedot\/"},{"@type":"ListItem","position":3,"name":"Mikkelin lukio"}]},{"@type":"WebSite","@id":"https:\/\/blogit.gradia.fi\/lukiolaisettyoelamaan\/#website","url":"https:\/\/blogit.gradia.fi\/lukiolaisettyoelamaan\/","name":"Lukiolaiset ty\u00f6el\u00e4m\u00e4\u00e4n","description":"Tervetuloa tutustumaan ja poimimaan hyvi\u00e4 k\u00e4yt\u00e4nteit\u00e4!","potentialAction":[{"@type":"SearchAction","target":{"@type":"EntryPoint","urlTemplate":"https:\/\/blogit.gradia.fi\/lukiolaisettyoelamaan\/?s={search_term_string}"},"query-input":{"@type":"PropertyValueSpecification","valueRequired":true,"valueName":"search_term_string"}}],"inLanguage":"fi"}]}},"uagb_featured_image_src":{"full":false,"thumbnail":false,"medium":false,"medium_large":false,"large":false,"1536x1536":false,"2048x2048":false,"post-thumbnail":false},"uagb_author_info":{"display_name":"Anna Saari","author_link":"https:\/\/blogit.gradia.fi\/lukiolaisettyoelamaan\/author\/palviann\/"},"uagb_comment_info":0,"uagb_excerpt":"Mikkelin 150-vuotinen lukiokoulutuksen historia luo vahvan pohjan alueen nuorten lukio-opiskelulle ja opetuksen kehitt\u00e4miselle. Mikkelin lukion toiminta perustuu Mikkelin kaupungin arvopohjaan \u2013 luottamukseen, avoimuuteen, yhdenvertaisuuteen, kest\u00e4v\u00e4\u00e4n kehitykseen ja vaikuttavuuteen \u2013 sek\u00e4 lukiossa painotettuihin arvoihin: sivistykseen ja oikeudenmukaisuuteen.&nbsp; Mikkelin lukion tavoitteena on taata jokaiselle opiskelijalle mielek\u00e4s ja h\u00e4nelle itselleen sopiva jatko-opintopaikka. Lukion laaja opinto-tarjonta ja laadukas opetus&hellip;","_links":{"self":[{"href":"https:\/\/blogit.gradia.fi\/lukiolaisettyoelamaan\/wp-json\/wp\/v2\/pages\/465","targetHints":{"allow":["GET"]}}],"collection":[{"href":"https:\/\/blogit.gradia.fi\/lukiolaisettyoelamaan\/wp-json\/wp\/v2\/pages"}],"about":[{"href":"https:\/\/blogit.gradia.fi\/lukiolaisettyoelamaan\/wp-json\/wp\/v2\/types\/page"}],"author":[{"embeddable":true,"href":"https:\/\/blogit.gradia.fi\/lukiolaisettyoelamaan\/wp-json\/wp\/v2\/users\/152"}],"replies":[{"embeddable":true,"href":"https:\/\/blogit.gradia.fi\/lukiolaisettyoelamaan\/wp-json\/wp\/v2\/comments?post=465"}],"version-history":[{"count":13,"href":"https:\/\/blogit.gradia.fi\/lukiolaisettyoelamaan\/wp-json\/wp\/v2\/pages\/465\/revisions"}],"predecessor-version":[{"id":1045,"href":"https:\/\/blogit.gradia.fi\/lukiolaisettyoelamaan\/wp-json\/wp\/v2\/pages\/465\/revisions\/1045"}],"up":[{"embeddable":true,"href":"https:\/\/blogit.gradia.fi\/lukiolaisettyoelamaan\/wp-json\/wp\/v2\/pages\/89"}],"wp:attachment":[{"href":"https:\/\/blogit.gradia.fi\/lukiolaisettyoelamaan\/wp-json\/wp\/v2\/media?parent=465"}],"curies":[{"name":"wp","href":"https:\/\/api.w.org\/{rel}","templated":true}]}}