{"id":463,"date":"2020-11-11T13:18:36","date_gmt":"2020-11-11T11:18:36","guid":{"rendered":"https:\/\/blogit.gradia.fi\/lukiolaisettyoelamaan\/?page_id=463"},"modified":"2021-01-12T17:28:35","modified_gmt":"2021-01-12T15:28:35","slug":"lempaalan-lukio","status":"publish","type":"page","link":"https:\/\/blogit.gradia.fi\/lukiolaisettyoelamaan\/hankkeen-tiedot\/lempaalan-lukio\/","title":{"rendered":"Lemp\u00e4\u00e4l\u00e4n lukio"},"content":{"rendered":"\n<div class=\"wp-block-media-text alignwide is-stacked-on-mobile\"><figure class=\"wp-block-media-text__media\"><img loading=\"lazy\" decoding=\"async\" width=\"1024\" height=\"636\" src=\"https:\/\/blogit.gradia.fi\/lukiolaisettyoelamaan\/wp-content\/uploads\/sites\/169\/2020\/10\/Jamo-ja-opiskelijat-1024x636.png\" alt=\"opettaja seisoo ja opiskelijat istuvat ja kuuntelevat\" class=\"wp-image-308 size-full\" srcset=\"https:\/\/blogit.gradia.fi\/lukiolaisettyoelamaan\/wp-content\/uploads\/sites\/169\/2020\/10\/Jamo-ja-opiskelijat-1024x636.png 1024w, https:\/\/blogit.gradia.fi\/lukiolaisettyoelamaan\/wp-content\/uploads\/sites\/169\/2020\/10\/Jamo-ja-opiskelijat-300x186.png 300w, https:\/\/blogit.gradia.fi\/lukiolaisettyoelamaan\/wp-content\/uploads\/sites\/169\/2020\/10\/Jamo-ja-opiskelijat-768x477.png 768w, https:\/\/blogit.gradia.fi\/lukiolaisettyoelamaan\/wp-content\/uploads\/sites\/169\/2020\/10\/Jamo-ja-opiskelijat-1536x955.png 1536w, https:\/\/blogit.gradia.fi\/lukiolaisettyoelamaan\/wp-content\/uploads\/sites\/169\/2020\/10\/Jamo-ja-opiskelijat.png 1572w\" sizes=\"auto, (max-width: 1024px) 100vw, 1024px\" \/><\/figure><div class=\"wp-block-media-text__content\">\n<p>Lemp\u00e4\u00e4l\u00e4n lukio on innovatiivinen ja vire\u00e4\u00a0lukio, jonka uudessa\u00a0upeassa Virta-kampuksessa\u00a0opiskelee yli 400 energist\u00e4, aktiivista ja el\u00e4m\u00e4nmy\u00f6nteist\u00e4 nuorta. <\/p>\n\n\n\n<p>Korkeatasoinen\u00a0opetus, laaja kurssitarjotin\u00a0ja\u00a0monipuoliset opetusmenetelm\u00e4t moderneissa tiloissa Ahtialanj\u00e4rven rannalla\u00a0luovat erinomaiset puitteet opiskelulle. Meille t\u00e4rke\u00e4\u00e4 on\u00a0positiivinen yhteis\u00f6llisyytt\u00e4 korostava ilmapiiri, jossa jokaista arvostetaan yksil\u00f6n\u00e4.\u00a0<\/p>\n<\/div><\/div>\n\n\n\n<p><\/p>\n\n\n\n<p>Lemp\u00e4\u00e4l\u00e4n lukiolla on monen vuoden historia ty\u00f6el\u00e4m\u00e4yhteisty\u00f6n saralla. <\/p>\n\n\n\n<p>Vuosina 2015-2017 toteutettuun #ty\u00f6el\u00e4m\u00e4-hankkeeseen voit tutustua <a href=\"http:\/\/vps.virtuaalikoulu.org\/tyoelama\" target=\"_blank\" rel=\"noreferrer noopener\">t\u00e4ss\u00e4<\/a>.<\/p>\n\n\n\n<p>Vuosina 2017-2019 toteutetun IDEA2020- hankeen isoin saavutus oli Vaihtovirtaa-viikko, jonka aikana lukiolaiset ratkoivat paikaillisten yritysten ongelmia aikuisten oikeasti. Viikosta on laadittu 60-sivuinen opinn\u00e4ytety\u00f6, johon voi tutustua <a href=\"https:\/\/www.theseus.fi\/bitstream\/handle\/10024\/155385\/Jarvensivu%20Hanna.pdf?sequence=1&amp;isAllowed=y\" target=\"_blank\" rel=\"noreferrer noopener\">t\u00e4ss\u00e4<\/a>. <\/p>\n\n\n\n<p><a href=\"https:\/\/blogit.gradia.fi\/lukiolaisettyoelamaan\/\">Ohjatusti kohti tulevaisuuden ty\u00f6el\u00e4m\u00e4\u00e4 -hankkeessa<\/a> keskeisess\u00e4 roolissa ovat<a rel=\"noreferrer noopener\" href=\"https:\/\/lempaalanlukio.yhdistysavain.fi\/saa-ja-ymparisto\/ilmastosoturit\/\" target=\"_blank\"> ilmastosoturit<\/a>. T\u00e4n\u00e4 lukuvuonna tulossa my\u00f6s:<\/p>\n\n\n\n<ul class=\"wp-block-list\"><li>EkoVaihtovirtaa2021- projektissa ratkotaan taas yritysten pulmia. Mukaan halutaan erityisesti vihre\u00e4n teknologian yrityksi\u00e4.<\/li><li>Hyvinvointiviikkolla paikalliset hyvinvointialan yritt\u00e4j\u00e4t tulevat lukiolle pit\u00e4m\u00e4\u00e4n erilaisia rasteja (huhtikuussa 2021).<\/li><li>Lukiolaiset tukevat paikallisten yritysten somemarkkinointia mm. Lemp\u00e4\u00e4l\u00e4n Hankintamessuilla (helmikuu 2021).<\/li><li>Lemp\u00e4\u00e4l\u00e4ss\u00e4 tehd\u00e4\u00e4n my\u00f6s RSMP-motivaatioprofiileihin liittyv\u00e4\u00e4 kehitys- ja tutkimusty\u00f6t\u00e4. Kev\u00e4\u00e4ll\u00e4 2020 valmistuneisiin esitutkimuksiin voit tutustua <a href=\"https:\/\/l.facebook.com\/l.php?u=https%3A%2F%2Fseutuluokka-my.sharepoint.com%2F%3Af%3A%2Fg%2Fpersonal%2Fmika_setala_edu_lempaala_fi%2FEpzFEZ6a2OBLjcsmg28xZGgBr1trB5dJZ-mmwGcJ-dGeng%3Fe%3DgTEXwq%26fbclid%3DIwAR00VnhqllKFj0K3dcSY6rjoTy3SmGqdFkHExcwlWuLQuA-hEJP2d8S73Gs&amp;h=AT2hAJh5CkRMLtZ785IzZXHnQcKRr4Dw6DPbA0CTxW76D9petiRjtUwzqTmUZzeu0L6tBQuaH-aiqPBhCny_BiRQ8CrChlZt02uovxCwrp-K5gAal9JeIU7OGkIsAn2_ig&amp;__tn__=-UK-R&amp;c[0]=AT1nXMQUE3alWBAAITQX3GGI39IZNBabMqSbKCXAhfMRM3wvW_GiyMVT9xredlr6hBIiv2rG66D7phHNx7ll02HFYqmUJMkJ3gtYLqmFIBKs3YoFgeolPD1cO4EY3DTEGdUC85Gm8Z3ni9tRMLrlqttbhNOYEp-WlFFWpblsniS9v8ecfGMgCBQkXg\" target=\"_blank\" rel=\"noreferrer noopener\">t\u00e4ss\u00e4<\/a>.<\/li><\/ul>\n\n\n\n<p><strong>Osatoteuttaja<\/strong><br>Lemp\u00e4\u00e4l\u00e4n kunta, <a rel=\"noreferrer noopener\" href=\"https:\/\/lempaalanlukio.yhdistysavain.fi\/\" target=\"_blank\">Lemp\u00e4\u00e4l\u00e4n lukio<\/a><br><br>Projektikoordinaattori <strong>Mika Set\u00e4l\u00e4<\/strong><br><a rel=\"noreferrer noopener\" href=\"https:\/\/lempaalanlukio.yhdistysavain.fi\/\" target=\"_blank\">Lemp\u00e4\u00e4l\u00e4n lukio<\/a><br>Valkeakoskentie 19, 37500 Lemp\u00e4\u00e4l\u00e4<br>050 359 7297<br>mika.setala@lempaala.fi<\/p>\n\n\n\n<p><strong>P\u00e4\u00e4toteuttaja<\/strong><br><a rel=\"noreferrer noopener\" href=\"https:\/\/www.gradia.fi\/\" target=\"_blank\">Jyv\u00e4skyl\u00e4n koulutuskuntayhtym\u00e4 Gradia<\/a><\/p>\n","protected":false},"excerpt":{"rendered":"<p>Lemp\u00e4\u00e4l\u00e4n lukio on innovatiivinen ja vire\u00e4\u00a0lukio, jonka uudessa\u00a0upeassa Virta-kampuksessa\u00a0opiskelee yli 400 energist\u00e4, aktiivista ja el\u00e4m\u00e4nmy\u00f6nteist\u00e4 nuorta. Korkeatasoinen\u00a0opetus, laaja kurssitarjotin\u00a0ja\u00a0monipuoliset opetusmenetelm\u00e4t moderneissa tiloissa Ahtialanj\u00e4rven rannalla\u00a0luovat erinomaiset puitteet opiskelulle. Meille t\u00e4rke\u00e4\u00e4 on\u00a0positiivinen yhteis\u00f6llisyytt\u00e4 korostava ilmapiiri, jossa jokaista arvostetaan yksil\u00f6n\u00e4.\u00a0 Lemp\u00e4\u00e4l\u00e4n lukiolla on monen vuoden historia ty\u00f6el\u00e4m\u00e4yhteisty\u00f6n saralla. Vuosina 2015-2017 toteutettuun #ty\u00f6el\u00e4m\u00e4-hankkeeseen voit tutustua t\u00e4ss\u00e4. Vuosina 2017-2019 toteutetun &hellip; <a href=\"https:\/\/blogit.gradia.fi\/lukiolaisettyoelamaan\/hankkeen-tiedot\/lempaalan-lukio\/\" class=\"more-link\">Jatka lukemista <span class=\"screen-reader-text\">Lemp\u00e4\u00e4l\u00e4n lukio<\/span> <span class=\"meta-nav\">&rarr;<\/span><\/a><\/p>\n","protected":false},"author":152,"featured_media":0,"parent":89,"menu_order":4,"comment_status":"closed","ping_status":"closed","template":"","meta":{"_uag_custom_page_level_css":"","footnotes":""},"class_list":["post-463","page","type-page","status-publish","hentry"],"yoast_head":"<!-- This site is optimized with the Yoast SEO plugin v27.2 - https:\/\/yoast.com\/product\/yoast-seo-wordpress\/ -->\n<title>Lemp\u00e4\u00e4l\u00e4n lukio - Lukiolaiset ty\u00f6el\u00e4m\u00e4\u00e4n<\/title>\n<meta name=\"description\" content=\"Lemp\u00e4\u00e4l\u00e4n lukio on mukana Ohjatusti kohti tulevaisuuden ty\u00f6el\u00e4m\u00e4\u00e4 -hankkeessa. Lemp\u00e4\u00e4l\u00e4n lukio on innovatiivinen ja vire\u00e4 lukio, jonka uudessa upeassa Virta-kampuksessa opiskelee yli 400 energist\u00e4, aktiivista ja el\u00e4m\u00e4nmy\u00f6nteist\u00e4 nuorta.\" \/>\n<meta name=\"robots\" content=\"index, follow, max-snippet:-1, max-image-preview:large, max-video-preview:-1\" \/>\n<link rel=\"canonical\" href=\"https:\/\/blogit.gradia.fi\/lukiolaisettyoelamaan\/hankkeen-tiedot\/lempaalan-lukio\/\" \/>\n<meta property=\"og:locale\" content=\"fi_FI\" \/>\n<meta property=\"og:type\" content=\"article\" \/>\n<meta property=\"og:title\" content=\"Lemp\u00e4\u00e4l\u00e4n lukio - Lukiolaiset ty\u00f6el\u00e4m\u00e4\u00e4n\" \/>\n<meta property=\"og:description\" content=\"Lemp\u00e4\u00e4l\u00e4n lukio on mukana Ohjatusti kohti tulevaisuuden ty\u00f6el\u00e4m\u00e4\u00e4 -hankkeessa. Lemp\u00e4\u00e4l\u00e4n lukio on innovatiivinen ja vire\u00e4 lukio, jonka uudessa upeassa Virta-kampuksessa opiskelee yli 400 energist\u00e4, aktiivista ja el\u00e4m\u00e4nmy\u00f6nteist\u00e4 nuorta.\" \/>\n<meta property=\"og:url\" content=\"https:\/\/blogit.gradia.fi\/lukiolaisettyoelamaan\/hankkeen-tiedot\/lempaalan-lukio\/\" \/>\n<meta property=\"og:site_name\" content=\"Lukiolaiset ty\u00f6el\u00e4m\u00e4\u00e4n\" \/>\n<meta property=\"article:modified_time\" content=\"2021-01-12T15:28:35+00:00\" \/>\n<meta property=\"og:image\" content=\"https:\/\/blogit.gradia.fi\/lukiolaisettyoelamaan\/wp-content\/uploads\/sites\/169\/2020\/10\/Jamo-ja-opiskelijat-1024x636.png\" \/>\n<meta name=\"twitter:card\" content=\"summary_large_image\" \/>\n<meta name=\"twitter:label1\" content=\"Arvioitu lukuaika\" \/>\n\t<meta name=\"twitter:data1\" content=\"1 minuutti\" \/>\n<script type=\"application\/ld+json\" class=\"yoast-schema-graph\">{\"@context\":\"https:\/\/schema.org\",\"@graph\":[{\"@type\":\"WebPage\",\"@id\":\"https:\/\/blogit.gradia.fi\/lukiolaisettyoelamaan\/hankkeen-tiedot\/lempaalan-lukio\/\",\"url\":\"https:\/\/blogit.gradia.fi\/lukiolaisettyoelamaan\/hankkeen-tiedot\/lempaalan-lukio\/\",\"name\":\"Lemp\u00e4\u00e4l\u00e4n lukio - Lukiolaiset ty\u00f6el\u00e4m\u00e4\u00e4n\",\"isPartOf\":{\"@id\":\"https:\/\/blogit.gradia.fi\/lukiolaisettyoelamaan\/#website\"},\"primaryImageOfPage\":{\"@id\":\"https:\/\/blogit.gradia.fi\/lukiolaisettyoelamaan\/hankkeen-tiedot\/lempaalan-lukio\/#primaryimage\"},\"image\":{\"@id\":\"https:\/\/blogit.gradia.fi\/lukiolaisettyoelamaan\/hankkeen-tiedot\/lempaalan-lukio\/#primaryimage\"},\"thumbnailUrl\":\"https:\/\/blogit.gradia.fi\/lukiolaisettyoelamaan\/wp-content\/uploads\/sites\/169\/2020\/10\/Jamo-ja-opiskelijat-1024x636.png\",\"datePublished\":\"2020-11-11T11:18:36+00:00\",\"dateModified\":\"2021-01-12T15:28:35+00:00\",\"description\":\"Lemp\u00e4\u00e4l\u00e4n lukio on mukana Ohjatusti kohti tulevaisuuden ty\u00f6el\u00e4m\u00e4\u00e4 -hankkeessa. Lemp\u00e4\u00e4l\u00e4n lukio on innovatiivinen ja vire\u00e4 lukio, jonka uudessa upeassa Virta-kampuksessa opiskelee yli 400 energist\u00e4, aktiivista ja el\u00e4m\u00e4nmy\u00f6nteist\u00e4 nuorta.\",\"breadcrumb\":{\"@id\":\"https:\/\/blogit.gradia.fi\/lukiolaisettyoelamaan\/hankkeen-tiedot\/lempaalan-lukio\/#breadcrumb\"},\"inLanguage\":\"fi\",\"potentialAction\":[{\"@type\":\"ReadAction\",\"target\":[\"https:\/\/blogit.gradia.fi\/lukiolaisettyoelamaan\/hankkeen-tiedot\/lempaalan-lukio\/\"]}]},{\"@type\":\"ImageObject\",\"inLanguage\":\"fi\",\"@id\":\"https:\/\/blogit.gradia.fi\/lukiolaisettyoelamaan\/hankkeen-tiedot\/lempaalan-lukio\/#primaryimage\",\"url\":\"https:\/\/blogit.gradia.fi\/lukiolaisettyoelamaan\/wp-content\/uploads\/sites\/169\/2020\/10\/Jamo-ja-opiskelijat.png\",\"contentUrl\":\"https:\/\/blogit.gradia.fi\/lukiolaisettyoelamaan\/wp-content\/uploads\/sites\/169\/2020\/10\/Jamo-ja-opiskelijat.png\",\"width\":1572,\"height\":977,\"caption\":\"opettaja seisoo ja opiskelijat istuvat ja kuuntelevat\"},{\"@type\":\"BreadcrumbList\",\"@id\":\"https:\/\/blogit.gradia.fi\/lukiolaisettyoelamaan\/hankkeen-tiedot\/lempaalan-lukio\/#breadcrumb\",\"itemListElement\":[{\"@type\":\"ListItem\",\"position\":1,\"name\":\"Home\",\"item\":\"https:\/\/blogit.gradia.fi\/lukiolaisettyoelamaan\/\"},{\"@type\":\"ListItem\",\"position\":2,\"name\":\"Hankkeen tiedot\",\"item\":\"https:\/\/blogit.gradia.fi\/lukiolaisettyoelamaan\/hankkeen-tiedot\/\"},{\"@type\":\"ListItem\",\"position\":3,\"name\":\"Lemp\u00e4\u00e4l\u00e4n lukio\"}]},{\"@type\":\"WebSite\",\"@id\":\"https:\/\/blogit.gradia.fi\/lukiolaisettyoelamaan\/#website\",\"url\":\"https:\/\/blogit.gradia.fi\/lukiolaisettyoelamaan\/\",\"name\":\"Lukiolaiset ty\u00f6el\u00e4m\u00e4\u00e4n\",\"description\":\"Tervetuloa tutustumaan ja poimimaan hyvi\u00e4 k\u00e4yt\u00e4nteit\u00e4!\",\"potentialAction\":[{\"@type\":\"SearchAction\",\"target\":{\"@type\":\"EntryPoint\",\"urlTemplate\":\"https:\/\/blogit.gradia.fi\/lukiolaisettyoelamaan\/?s={search_term_string}\"},\"query-input\":{\"@type\":\"PropertyValueSpecification\",\"valueRequired\":true,\"valueName\":\"search_term_string\"}}],\"inLanguage\":\"fi\"}]}<\/script>\n<!-- \/ Yoast SEO plugin. -->","yoast_head_json":{"title":"Lemp\u00e4\u00e4l\u00e4n lukio - Lukiolaiset ty\u00f6el\u00e4m\u00e4\u00e4n","description":"Lemp\u00e4\u00e4l\u00e4n lukio on mukana Ohjatusti kohti tulevaisuuden ty\u00f6el\u00e4m\u00e4\u00e4 -hankkeessa. Lemp\u00e4\u00e4l\u00e4n lukio on innovatiivinen ja vire\u00e4 lukio, jonka uudessa upeassa Virta-kampuksessa opiskelee yli 400 energist\u00e4, aktiivista ja el\u00e4m\u00e4nmy\u00f6nteist\u00e4 nuorta.","robots":{"index":"index","follow":"follow","max-snippet":"max-snippet:-1","max-image-preview":"max-image-preview:large","max-video-preview":"max-video-preview:-1"},"canonical":"https:\/\/blogit.gradia.fi\/lukiolaisettyoelamaan\/hankkeen-tiedot\/lempaalan-lukio\/","og_locale":"fi_FI","og_type":"article","og_title":"Lemp\u00e4\u00e4l\u00e4n lukio - Lukiolaiset ty\u00f6el\u00e4m\u00e4\u00e4n","og_description":"Lemp\u00e4\u00e4l\u00e4n lukio on mukana Ohjatusti kohti tulevaisuuden ty\u00f6el\u00e4m\u00e4\u00e4 -hankkeessa. Lemp\u00e4\u00e4l\u00e4n lukio on innovatiivinen ja vire\u00e4 lukio, jonka uudessa upeassa Virta-kampuksessa opiskelee yli 400 energist\u00e4, aktiivista ja el\u00e4m\u00e4nmy\u00f6nteist\u00e4 nuorta.","og_url":"https:\/\/blogit.gradia.fi\/lukiolaisettyoelamaan\/hankkeen-tiedot\/lempaalan-lukio\/","og_site_name":"Lukiolaiset ty\u00f6el\u00e4m\u00e4\u00e4n","article_modified_time":"2021-01-12T15:28:35+00:00","og_image":[{"url":"https:\/\/blogit.gradia.fi\/lukiolaisettyoelamaan\/wp-content\/uploads\/sites\/169\/2020\/10\/Jamo-ja-opiskelijat-1024x636.png","type":"","width":"","height":""}],"twitter_card":"summary_large_image","twitter_misc":{"Arvioitu lukuaika":"1 minuutti"},"schema":{"@context":"https:\/\/schema.org","@graph":[{"@type":"WebPage","@id":"https:\/\/blogit.gradia.fi\/lukiolaisettyoelamaan\/hankkeen-tiedot\/lempaalan-lukio\/","url":"https:\/\/blogit.gradia.fi\/lukiolaisettyoelamaan\/hankkeen-tiedot\/lempaalan-lukio\/","name":"Lemp\u00e4\u00e4l\u00e4n lukio - Lukiolaiset ty\u00f6el\u00e4m\u00e4\u00e4n","isPartOf":{"@id":"https:\/\/blogit.gradia.fi\/lukiolaisettyoelamaan\/#website"},"primaryImageOfPage":{"@id":"https:\/\/blogit.gradia.fi\/lukiolaisettyoelamaan\/hankkeen-tiedot\/lempaalan-lukio\/#primaryimage"},"image":{"@id":"https:\/\/blogit.gradia.fi\/lukiolaisettyoelamaan\/hankkeen-tiedot\/lempaalan-lukio\/#primaryimage"},"thumbnailUrl":"https:\/\/blogit.gradia.fi\/lukiolaisettyoelamaan\/wp-content\/uploads\/sites\/169\/2020\/10\/Jamo-ja-opiskelijat-1024x636.png","datePublished":"2020-11-11T11:18:36+00:00","dateModified":"2021-01-12T15:28:35+00:00","description":"Lemp\u00e4\u00e4l\u00e4n lukio on mukana Ohjatusti kohti tulevaisuuden ty\u00f6el\u00e4m\u00e4\u00e4 -hankkeessa. Lemp\u00e4\u00e4l\u00e4n lukio on innovatiivinen ja vire\u00e4 lukio, jonka uudessa upeassa Virta-kampuksessa opiskelee yli 400 energist\u00e4, aktiivista ja el\u00e4m\u00e4nmy\u00f6nteist\u00e4 nuorta.","breadcrumb":{"@id":"https:\/\/blogit.gradia.fi\/lukiolaisettyoelamaan\/hankkeen-tiedot\/lempaalan-lukio\/#breadcrumb"},"inLanguage":"fi","potentialAction":[{"@type":"ReadAction","target":["https:\/\/blogit.gradia.fi\/lukiolaisettyoelamaan\/hankkeen-tiedot\/lempaalan-lukio\/"]}]},{"@type":"ImageObject","inLanguage":"fi","@id":"https:\/\/blogit.gradia.fi\/lukiolaisettyoelamaan\/hankkeen-tiedot\/lempaalan-lukio\/#primaryimage","url":"https:\/\/blogit.gradia.fi\/lukiolaisettyoelamaan\/wp-content\/uploads\/sites\/169\/2020\/10\/Jamo-ja-opiskelijat.png","contentUrl":"https:\/\/blogit.gradia.fi\/lukiolaisettyoelamaan\/wp-content\/uploads\/sites\/169\/2020\/10\/Jamo-ja-opiskelijat.png","width":1572,"height":977,"caption":"opettaja seisoo ja opiskelijat istuvat ja kuuntelevat"},{"@type":"BreadcrumbList","@id":"https:\/\/blogit.gradia.fi\/lukiolaisettyoelamaan\/hankkeen-tiedot\/lempaalan-lukio\/#breadcrumb","itemListElement":[{"@type":"ListItem","position":1,"name":"Home","item":"https:\/\/blogit.gradia.fi\/lukiolaisettyoelamaan\/"},{"@type":"ListItem","position":2,"name":"Hankkeen tiedot","item":"https:\/\/blogit.gradia.fi\/lukiolaisettyoelamaan\/hankkeen-tiedot\/"},{"@type":"ListItem","position":3,"name":"Lemp\u00e4\u00e4l\u00e4n lukio"}]},{"@type":"WebSite","@id":"https:\/\/blogit.gradia.fi\/lukiolaisettyoelamaan\/#website","url":"https:\/\/blogit.gradia.fi\/lukiolaisettyoelamaan\/","name":"Lukiolaiset ty\u00f6el\u00e4m\u00e4\u00e4n","description":"Tervetuloa tutustumaan ja poimimaan hyvi\u00e4 k\u00e4yt\u00e4nteit\u00e4!","potentialAction":[{"@type":"SearchAction","target":{"@type":"EntryPoint","urlTemplate":"https:\/\/blogit.gradia.fi\/lukiolaisettyoelamaan\/?s={search_term_string}"},"query-input":{"@type":"PropertyValueSpecification","valueRequired":true,"valueName":"search_term_string"}}],"inLanguage":"fi"}]}},"uagb_featured_image_src":{"full":false,"thumbnail":false,"medium":false,"medium_large":false,"large":false,"1536x1536":false,"2048x2048":false,"post-thumbnail":false},"uagb_author_info":{"display_name":"Anna Saari","author_link":"https:\/\/blogit.gradia.fi\/lukiolaisettyoelamaan\/author\/palviann\/"},"uagb_comment_info":0,"uagb_excerpt":"Lemp\u00e4\u00e4l\u00e4n lukio on innovatiivinen ja vire\u00e4\u00a0lukio, jonka uudessa\u00a0upeassa Virta-kampuksessa\u00a0opiskelee yli 400 energist\u00e4, aktiivista ja el\u00e4m\u00e4nmy\u00f6nteist\u00e4 nuorta. Korkeatasoinen\u00a0opetus, laaja kurssitarjotin\u00a0ja\u00a0monipuoliset opetusmenetelm\u00e4t moderneissa tiloissa Ahtialanj\u00e4rven rannalla\u00a0luovat erinomaiset puitteet opiskelulle. Meille t\u00e4rke\u00e4\u00e4 on\u00a0positiivinen yhteis\u00f6llisyytt\u00e4 korostava ilmapiiri, jossa jokaista arvostetaan yksil\u00f6n\u00e4.\u00a0 Lemp\u00e4\u00e4l\u00e4n lukiolla on monen vuoden historia ty\u00f6el\u00e4m\u00e4yhteisty\u00f6n saralla. Vuosina 2015-2017 toteutettuun #ty\u00f6el\u00e4m\u00e4-hankkeeseen voit tutustua t\u00e4ss\u00e4. Vuosina 2017-2019 toteutetun&hellip;","_links":{"self":[{"href":"https:\/\/blogit.gradia.fi\/lukiolaisettyoelamaan\/wp-json\/wp\/v2\/pages\/463","targetHints":{"allow":["GET"]}}],"collection":[{"href":"https:\/\/blogit.gradia.fi\/lukiolaisettyoelamaan\/wp-json\/wp\/v2\/pages"}],"about":[{"href":"https:\/\/blogit.gradia.fi\/lukiolaisettyoelamaan\/wp-json\/wp\/v2\/types\/page"}],"author":[{"embeddable":true,"href":"https:\/\/blogit.gradia.fi\/lukiolaisettyoelamaan\/wp-json\/wp\/v2\/users\/152"}],"replies":[{"embeddable":true,"href":"https:\/\/blogit.gradia.fi\/lukiolaisettyoelamaan\/wp-json\/wp\/v2\/comments?post=463"}],"version-history":[{"count":6,"href":"https:\/\/blogit.gradia.fi\/lukiolaisettyoelamaan\/wp-json\/wp\/v2\/pages\/463\/revisions"}],"predecessor-version":[{"id":905,"href":"https:\/\/blogit.gradia.fi\/lukiolaisettyoelamaan\/wp-json\/wp\/v2\/pages\/463\/revisions\/905"}],"up":[{"embeddable":true,"href":"https:\/\/blogit.gradia.fi\/lukiolaisettyoelamaan\/wp-json\/wp\/v2\/pages\/89"}],"wp:attachment":[{"href":"https:\/\/blogit.gradia.fi\/lukiolaisettyoelamaan\/wp-json\/wp\/v2\/media?parent=463"}],"curies":[{"name":"wp","href":"https:\/\/api.w.org\/{rel}","templated":true}]}}