{"id":461,"date":"2020-11-11T13:18:22","date_gmt":"2020-11-11T11:18:22","guid":{"rendered":"https:\/\/blogit.gradia.fi\/lukiolaisettyoelamaan\/?page_id=461"},"modified":"2020-11-16T08:06:40","modified_gmt":"2020-11-16T06:06:40","slug":"kuopion-lukiot","status":"publish","type":"page","link":"https:\/\/blogit.gradia.fi\/lukiolaisettyoelamaan\/hankkeen-tiedot\/kuopion-lukiot\/","title":{"rendered":"Kuopion lukiot"},"content":{"rendered":"\n<p>Kuopiossa on kuusi p\u00e4iv\u00e4lukiota: Juankosken lukio, Kallaveden lukio, Kuopion klassillinen lukio, Kuopion Lyseon lukio, Kuopion Taidelukio LUMIT ja Nilsi\u00e4n lukio. Kuopiossa on my\u00f6s aikuislukio.<\/p>\n\n\n\n<p>Kaikissa Kuopion lukioissa voit suorittaa samat lukion oppim\u00e4\u00e4r\u00e4n ja ylioppilastutkintoon liittyv\u00e4t opinnot. Lis\u00e4ksi lukioilla on paljon koulukohtaisia soveltavia kursseja, joita voit valita my\u00f6s yli lukiorajojen. T\u00e4m\u00e4n mahdollistavat lukioiden sopimat yhteiset toimintatavat sek\u00e4 k\u00e4yt\u00f6ss\u00e4si oleva s\u00e4hk\u00f6inen kurssitarjotin. Lukio-opintoihin voi yhdist\u00e4\u00e4 my\u00f6s korkeakouluopintoja ja ammatillisia opintoja.<\/p>\n\n\n\n<p>Lukioista kolmella on lis\u00e4ksi erityinen teht\u00e4v\u00e4: Kuopion Taidelukio LUMIT on musiikin ja tanssin erikoislukio, Kuopion klassillisessa lukiossa toimii urheilulukio ja Kuopion Lyseon lukiossa kansainv\u00e4linen IB-lukio. Lis\u00e4ksi lukioilla on omia painotuksia.<\/p>\n\n\n\n<p id=\"block-f861f22a-224a-44f7-9fd2-055a8f0fc2b0\"><strong>Osatoteuttaja<\/strong><br>Kuopion kaupunki, <a rel=\"noreferrer noopener\" href=\"https:\/\/www.kuopio.fi\/kuopion-kaupungin-lukiot\" target=\"_blank\">Kuopion lukiot<\/a><\/p>\n\n\n\n<p id=\"block-c35a2084-3009-4447-aba2-6b409b49030f\">Projektikoordinaattori<strong> Inka Kokkonen<\/strong><br><a rel=\"noreferrer noopener\" href=\"https:\/\/www.kuopio.fi\/kuopion-kaupungin-lukiot\" target=\"_blank\">Kuopion klassillinen lukio<\/a><br>Opistotie 1, 70200 Kuopio<br>044 718 4541<br>inka.kokkonen@kuopio.fi<\/p>\n\n\n\n<p><strong>P\u00e4\u00e4toteuttaja<\/strong><br><a rel=\"noreferrer noopener\" href=\"https:\/\/www.gradia.fi\/\" target=\"_blank\">Jyv\u00e4skyl\u00e4n koulutuskuntayhtym\u00e4 Gradia<\/a><\/p>\n","protected":false},"excerpt":{"rendered":"<p>Kuopiossa on kuusi p\u00e4iv\u00e4lukiota: Juankosken lukio, Kallaveden lukio, Kuopion klassillinen lukio, Kuopion Lyseon lukio, Kuopion Taidelukio LUMIT ja Nilsi\u00e4n lukio. Kuopiossa on my\u00f6s aikuislukio. Kaikissa Kuopion lukioissa voit suorittaa samat lukion oppim\u00e4\u00e4r\u00e4n ja ylioppilastutkintoon liittyv\u00e4t opinnot. Lis\u00e4ksi lukioilla on paljon koulukohtaisia soveltavia kursseja, joita voit valita my\u00f6s yli lukiorajojen. T\u00e4m\u00e4n mahdollistavat lukioiden sopimat yhteiset toimintatavat &hellip; <a href=\"https:\/\/blogit.gradia.fi\/lukiolaisettyoelamaan\/hankkeen-tiedot\/kuopion-lukiot\/\" class=\"more-link\">Jatka lukemista <span class=\"screen-reader-text\">Kuopion lukiot<\/span> <span class=\"meta-nav\">&rarr;<\/span><\/a><\/p>\n","protected":false},"author":152,"featured_media":0,"parent":89,"menu_order":3,"comment_status":"closed","ping_status":"closed","template":"","meta":{"_uag_custom_page_level_css":"","footnotes":""},"class_list":["post-461","page","type-page","status-publish","hentry"],"yoast_head":"<!-- This site is optimized with the Yoast SEO plugin v27.2 - https:\/\/yoast.com\/product\/yoast-seo-wordpress\/ -->\n<title>Kuopion lukiot - Lukiolaiset ty\u00f6el\u00e4m\u00e4\u00e4n<\/title>\n<meta name=\"robots\" content=\"index, follow, max-snippet:-1, max-image-preview:large, max-video-preview:-1\" \/>\n<link rel=\"canonical\" href=\"https:\/\/blogit.gradia.fi\/lukiolaisettyoelamaan\/hankkeen-tiedot\/kuopion-lukiot\/\" \/>\n<meta property=\"og:locale\" content=\"fi_FI\" \/>\n<meta property=\"og:type\" content=\"article\" \/>\n<meta property=\"og:title\" content=\"Kuopion lukiot - Lukiolaiset ty\u00f6el\u00e4m\u00e4\u00e4n\" \/>\n<meta property=\"og:description\" content=\"Kuopiossa on kuusi p\u00e4iv\u00e4lukiota: Juankosken lukio, Kallaveden lukio, Kuopion klassillinen lukio, Kuopion Lyseon lukio, Kuopion Taidelukio LUMIT ja Nilsi\u00e4n lukio. Kuopiossa on my\u00f6s aikuislukio. Kaikissa Kuopion lukioissa voit suorittaa samat lukion oppim\u00e4\u00e4r\u00e4n ja ylioppilastutkintoon liittyv\u00e4t opinnot. Lis\u00e4ksi lukioilla on paljon koulukohtaisia soveltavia kursseja, joita voit valita my\u00f6s yli lukiorajojen. T\u00e4m\u00e4n mahdollistavat lukioiden sopimat yhteiset toimintatavat &hellip; Jatka lukemista Kuopion lukiot &rarr;\" \/>\n<meta property=\"og:url\" content=\"https:\/\/blogit.gradia.fi\/lukiolaisettyoelamaan\/hankkeen-tiedot\/kuopion-lukiot\/\" \/>\n<meta property=\"og:site_name\" content=\"Lukiolaiset ty\u00f6el\u00e4m\u00e4\u00e4n\" \/>\n<meta property=\"article:modified_time\" content=\"2020-11-16T06:06:40+00:00\" \/>\n<meta name=\"twitter:card\" content=\"summary_large_image\" \/>\n<meta name=\"twitter:label1\" content=\"Arvioitu lukuaika\" \/>\n\t<meta name=\"twitter:data1\" content=\"1 minuutti\" \/>\n<script type=\"application\/ld+json\" class=\"yoast-schema-graph\">{\"@context\":\"https:\/\/schema.org\",\"@graph\":[{\"@type\":\"WebPage\",\"@id\":\"https:\/\/blogit.gradia.fi\/lukiolaisettyoelamaan\/hankkeen-tiedot\/kuopion-lukiot\/\",\"url\":\"https:\/\/blogit.gradia.fi\/lukiolaisettyoelamaan\/hankkeen-tiedot\/kuopion-lukiot\/\",\"name\":\"Kuopion lukiot - Lukiolaiset ty\u00f6el\u00e4m\u00e4\u00e4n\",\"isPartOf\":{\"@id\":\"https:\/\/blogit.gradia.fi\/lukiolaisettyoelamaan\/#website\"},\"datePublished\":\"2020-11-11T11:18:22+00:00\",\"dateModified\":\"2020-11-16T06:06:40+00:00\",\"breadcrumb\":{\"@id\":\"https:\/\/blogit.gradia.fi\/lukiolaisettyoelamaan\/hankkeen-tiedot\/kuopion-lukiot\/#breadcrumb\"},\"inLanguage\":\"fi\",\"potentialAction\":[{\"@type\":\"ReadAction\",\"target\":[\"https:\/\/blogit.gradia.fi\/lukiolaisettyoelamaan\/hankkeen-tiedot\/kuopion-lukiot\/\"]}]},{\"@type\":\"BreadcrumbList\",\"@id\":\"https:\/\/blogit.gradia.fi\/lukiolaisettyoelamaan\/hankkeen-tiedot\/kuopion-lukiot\/#breadcrumb\",\"itemListElement\":[{\"@type\":\"ListItem\",\"position\":1,\"name\":\"Home\",\"item\":\"https:\/\/blogit.gradia.fi\/lukiolaisettyoelamaan\/\"},{\"@type\":\"ListItem\",\"position\":2,\"name\":\"Hankkeen tiedot\",\"item\":\"https:\/\/blogit.gradia.fi\/lukiolaisettyoelamaan\/hankkeen-tiedot\/\"},{\"@type\":\"ListItem\",\"position\":3,\"name\":\"Kuopion lukiot\"}]},{\"@type\":\"WebSite\",\"@id\":\"https:\/\/blogit.gradia.fi\/lukiolaisettyoelamaan\/#website\",\"url\":\"https:\/\/blogit.gradia.fi\/lukiolaisettyoelamaan\/\",\"name\":\"Lukiolaiset ty\u00f6el\u00e4m\u00e4\u00e4n\",\"description\":\"Tervetuloa tutustumaan ja poimimaan hyvi\u00e4 k\u00e4yt\u00e4nteit\u00e4!\",\"potentialAction\":[{\"@type\":\"SearchAction\",\"target\":{\"@type\":\"EntryPoint\",\"urlTemplate\":\"https:\/\/blogit.gradia.fi\/lukiolaisettyoelamaan\/?s={search_term_string}\"},\"query-input\":{\"@type\":\"PropertyValueSpecification\",\"valueRequired\":true,\"valueName\":\"search_term_string\"}}],\"inLanguage\":\"fi\"}]}<\/script>\n<!-- \/ Yoast SEO plugin. -->","yoast_head_json":{"title":"Kuopion lukiot - Lukiolaiset ty\u00f6el\u00e4m\u00e4\u00e4n","robots":{"index":"index","follow":"follow","max-snippet":"max-snippet:-1","max-image-preview":"max-image-preview:large","max-video-preview":"max-video-preview:-1"},"canonical":"https:\/\/blogit.gradia.fi\/lukiolaisettyoelamaan\/hankkeen-tiedot\/kuopion-lukiot\/","og_locale":"fi_FI","og_type":"article","og_title":"Kuopion lukiot - Lukiolaiset ty\u00f6el\u00e4m\u00e4\u00e4n","og_description":"Kuopiossa on kuusi p\u00e4iv\u00e4lukiota: Juankosken lukio, Kallaveden lukio, Kuopion klassillinen lukio, Kuopion Lyseon lukio, Kuopion Taidelukio LUMIT ja Nilsi\u00e4n lukio. Kuopiossa on my\u00f6s aikuislukio. Kaikissa Kuopion lukioissa voit suorittaa samat lukion oppim\u00e4\u00e4r\u00e4n ja ylioppilastutkintoon liittyv\u00e4t opinnot. Lis\u00e4ksi lukioilla on paljon koulukohtaisia soveltavia kursseja, joita voit valita my\u00f6s yli lukiorajojen. T\u00e4m\u00e4n mahdollistavat lukioiden sopimat yhteiset toimintatavat &hellip; Jatka lukemista Kuopion lukiot &rarr;","og_url":"https:\/\/blogit.gradia.fi\/lukiolaisettyoelamaan\/hankkeen-tiedot\/kuopion-lukiot\/","og_site_name":"Lukiolaiset ty\u00f6el\u00e4m\u00e4\u00e4n","article_modified_time":"2020-11-16T06:06:40+00:00","twitter_card":"summary_large_image","twitter_misc":{"Arvioitu lukuaika":"1 minuutti"},"schema":{"@context":"https:\/\/schema.org","@graph":[{"@type":"WebPage","@id":"https:\/\/blogit.gradia.fi\/lukiolaisettyoelamaan\/hankkeen-tiedot\/kuopion-lukiot\/","url":"https:\/\/blogit.gradia.fi\/lukiolaisettyoelamaan\/hankkeen-tiedot\/kuopion-lukiot\/","name":"Kuopion lukiot - Lukiolaiset ty\u00f6el\u00e4m\u00e4\u00e4n","isPartOf":{"@id":"https:\/\/blogit.gradia.fi\/lukiolaisettyoelamaan\/#website"},"datePublished":"2020-11-11T11:18:22+00:00","dateModified":"2020-11-16T06:06:40+00:00","breadcrumb":{"@id":"https:\/\/blogit.gradia.fi\/lukiolaisettyoelamaan\/hankkeen-tiedot\/kuopion-lukiot\/#breadcrumb"},"inLanguage":"fi","potentialAction":[{"@type":"ReadAction","target":["https:\/\/blogit.gradia.fi\/lukiolaisettyoelamaan\/hankkeen-tiedot\/kuopion-lukiot\/"]}]},{"@type":"BreadcrumbList","@id":"https:\/\/blogit.gradia.fi\/lukiolaisettyoelamaan\/hankkeen-tiedot\/kuopion-lukiot\/#breadcrumb","itemListElement":[{"@type":"ListItem","position":1,"name":"Home","item":"https:\/\/blogit.gradia.fi\/lukiolaisettyoelamaan\/"},{"@type":"ListItem","position":2,"name":"Hankkeen tiedot","item":"https:\/\/blogit.gradia.fi\/lukiolaisettyoelamaan\/hankkeen-tiedot\/"},{"@type":"ListItem","position":3,"name":"Kuopion lukiot"}]},{"@type":"WebSite","@id":"https:\/\/blogit.gradia.fi\/lukiolaisettyoelamaan\/#website","url":"https:\/\/blogit.gradia.fi\/lukiolaisettyoelamaan\/","name":"Lukiolaiset ty\u00f6el\u00e4m\u00e4\u00e4n","description":"Tervetuloa tutustumaan ja poimimaan hyvi\u00e4 k\u00e4yt\u00e4nteit\u00e4!","potentialAction":[{"@type":"SearchAction","target":{"@type":"EntryPoint","urlTemplate":"https:\/\/blogit.gradia.fi\/lukiolaisettyoelamaan\/?s={search_term_string}"},"query-input":{"@type":"PropertyValueSpecification","valueRequired":true,"valueName":"search_term_string"}}],"inLanguage":"fi"}]}},"uagb_featured_image_src":{"full":false,"thumbnail":false,"medium":false,"medium_large":false,"large":false,"1536x1536":false,"2048x2048":false,"post-thumbnail":false},"uagb_author_info":{"display_name":"Anna Saari","author_link":"https:\/\/blogit.gradia.fi\/lukiolaisettyoelamaan\/author\/palviann\/"},"uagb_comment_info":0,"uagb_excerpt":"Kuopiossa on kuusi p\u00e4iv\u00e4lukiota: Juankosken lukio, Kallaveden lukio, Kuopion klassillinen lukio, Kuopion Lyseon lukio, Kuopion Taidelukio LUMIT ja Nilsi\u00e4n lukio. Kuopiossa on my\u00f6s aikuislukio. Kaikissa Kuopion lukioissa voit suorittaa samat lukion oppim\u00e4\u00e4r\u00e4n ja ylioppilastutkintoon liittyv\u00e4t opinnot. Lis\u00e4ksi lukioilla on paljon koulukohtaisia soveltavia kursseja, joita voit valita my\u00f6s yli lukiorajojen. T\u00e4m\u00e4n mahdollistavat lukioiden sopimat yhteiset toimintatavat&hellip;","_links":{"self":[{"href":"https:\/\/blogit.gradia.fi\/lukiolaisettyoelamaan\/wp-json\/wp\/v2\/pages\/461","targetHints":{"allow":["GET"]}}],"collection":[{"href":"https:\/\/blogit.gradia.fi\/lukiolaisettyoelamaan\/wp-json\/wp\/v2\/pages"}],"about":[{"href":"https:\/\/blogit.gradia.fi\/lukiolaisettyoelamaan\/wp-json\/wp\/v2\/types\/page"}],"author":[{"embeddable":true,"href":"https:\/\/blogit.gradia.fi\/lukiolaisettyoelamaan\/wp-json\/wp\/v2\/users\/152"}],"replies":[{"embeddable":true,"href":"https:\/\/blogit.gradia.fi\/lukiolaisettyoelamaan\/wp-json\/wp\/v2\/comments?post=461"}],"version-history":[{"count":6,"href":"https:\/\/blogit.gradia.fi\/lukiolaisettyoelamaan\/wp-json\/wp\/v2\/pages\/461\/revisions"}],"predecessor-version":[{"id":598,"href":"https:\/\/blogit.gradia.fi\/lukiolaisettyoelamaan\/wp-json\/wp\/v2\/pages\/461\/revisions\/598"}],"up":[{"embeddable":true,"href":"https:\/\/blogit.gradia.fi\/lukiolaisettyoelamaan\/wp-json\/wp\/v2\/pages\/89"}],"wp:attachment":[{"href":"https:\/\/blogit.gradia.fi\/lukiolaisettyoelamaan\/wp-json\/wp\/v2\/media?parent=461"}],"curies":[{"name":"wp","href":"https:\/\/api.w.org\/{rel}","templated":true}]}}