{"id":159,"date":"2020-08-27T13:25:52","date_gmt":"2020-08-27T10:25:52","guid":{"rendered":"https:\/\/blogit.gradia.fi\/lukiolaisettyoelamaan\/?page_id=159"},"modified":"2021-06-17T10:53:46","modified_gmt":"2021-06-17T07:53:46","slug":"mikkeli","status":"publish","type":"page","link":"https:\/\/blogit.gradia.fi\/lukiolaisettyoelamaan\/tyoelama\/mikkeli\/","title":{"rendered":"Mikkelin lukio"},"content":{"rendered":"\n<div class=\"wp-block-media-text alignwide is-stacked-on-mobile\" style=\"grid-template-columns:18% auto\"><figure class=\"wp-block-media-text__media\"><img loading=\"lazy\" decoding=\"async\" width=\"1024\" height=\"576\" src=\"https:\/\/blogit.gradia.fi\/lukiolaisettyoelamaan\/wp-content\/uploads\/sites\/169\/2021\/06\/Pakopeli-3-1024x576.jpeg\" alt=\"\" class=\"wp-image-1209 size-full\" srcset=\"https:\/\/blogit.gradia.fi\/lukiolaisettyoelamaan\/wp-content\/uploads\/sites\/169\/2021\/06\/Pakopeli-3-1024x576.jpeg 1024w, https:\/\/blogit.gradia.fi\/lukiolaisettyoelamaan\/wp-content\/uploads\/sites\/169\/2021\/06\/Pakopeli-3-300x169.jpeg 300w, https:\/\/blogit.gradia.fi\/lukiolaisettyoelamaan\/wp-content\/uploads\/sites\/169\/2021\/06\/Pakopeli-3-768x432.jpeg 768w, https:\/\/blogit.gradia.fi\/lukiolaisettyoelamaan\/wp-content\/uploads\/sites\/169\/2021\/06\/Pakopeli-3-1536x864.jpeg 1536w, https:\/\/blogit.gradia.fi\/lukiolaisettyoelamaan\/wp-content\/uploads\/sites\/169\/2021\/06\/Pakopeli-3.jpeg 1600w\" sizes=\"auto, (max-width: 1024px) 100vw, 1024px\" \/><\/figure><div class=\"wp-block-media-text__content\">\n<p><\/p>\n\n\n\n<h2 class=\"wp-block-heading\"><a href=\"https:\/\/blogit.gradia.fi\/lukiolaisettyoelamaan\/2021\/06\/17\/tyoelamataitopainotteiset-pakopelit-mikkelin-lukiossa\/\" target=\"_blank\" rel=\"noreferrer noopener\">Ty\u00f6el\u00e4m\u00e4taitopainotteiset pakopelit Mikkelin lukiossa<\/a><\/h2>\n<\/div><\/div>\n\n\n\n<div class=\"wp-block-media-text alignwide is-stacked-on-mobile\" style=\"grid-template-columns:18% auto\"><figure class=\"wp-block-media-text__media\"><img loading=\"lazy\" decoding=\"async\" width=\"768\" height=\"1024\" src=\"https:\/\/blogit.gradia.fi\/lukiolaisettyoelamaan\/wp-content\/uploads\/sites\/169\/2021\/03\/Mikkelin-Kaupunkilehti-768x1024.jpg\" alt=\"\" class=\"wp-image-1152 size-full\" srcset=\"https:\/\/blogit.gradia.fi\/lukiolaisettyoelamaan\/wp-content\/uploads\/sites\/169\/2021\/03\/Mikkelin-Kaupunkilehti-768x1024.jpg 768w, https:\/\/blogit.gradia.fi\/lukiolaisettyoelamaan\/wp-content\/uploads\/sites\/169\/2021\/03\/Mikkelin-Kaupunkilehti-225x300.jpg 225w, https:\/\/blogit.gradia.fi\/lukiolaisettyoelamaan\/wp-content\/uploads\/sites\/169\/2021\/03\/Mikkelin-Kaupunkilehti-1152x1536.jpg 1152w, https:\/\/blogit.gradia.fi\/lukiolaisettyoelamaan\/wp-content\/uploads\/sites\/169\/2021\/03\/Mikkelin-Kaupunkilehti.jpg 1200w\" sizes=\"auto, (max-width: 768px) 100vw, 768px\" \/><\/figure><div class=\"wp-block-media-text__content\">\n<h2 class=\"wp-block-heading\"><a href=\"https:\/\/blogit.gradia.fi\/lukiolaisettyoelamaan\/2021\/03\/17\/motivaatioprofiili-antaa-suuntaa-mikkelin-kaupunkilehti-esittelee-mikkelin-lukion-toteutusta\/\">Motivaatioprofiili antaa suuntaa -Mikkelin Kaupunkilehti esittelee Mikkelin lukion toteutusta<\/a><\/h2>\n<\/div><\/div>\n\n\n\n<div class=\"wp-block-media-text alignwide is-stacked-on-mobile\" style=\"grid-template-columns:18% auto\"><figure class=\"wp-block-media-text__media\"><img loading=\"lazy\" decoding=\"async\" width=\"620\" height=\"934\" src=\"https:\/\/blogit.gradia.fi\/lukiolaisettyoelamaan\/wp-content\/uploads\/sites\/169\/2021\/03\/Korttipakka1.png\" alt=\"\" class=\"wp-image-1127 size-full\" srcset=\"https:\/\/blogit.gradia.fi\/lukiolaisettyoelamaan\/wp-content\/uploads\/sites\/169\/2021\/03\/Korttipakka1.png 620w, https:\/\/blogit.gradia.fi\/lukiolaisettyoelamaan\/wp-content\/uploads\/sites\/169\/2021\/03\/Korttipakka1-199x300.png 199w\" sizes=\"auto, (max-width: 620px) 100vw, 620px\" \/><\/figure><div class=\"wp-block-media-text__content\">\n<h2 class=\"wp-block-heading\"><a href=\"https:\/\/blogit.gradia.fi\/lukiolaisettyoelamaan\/2021\/03\/02\/projektijakso-mikkelin-lukiossa-kaynnistyi-yhteistyossa-kaakkois-suomen-ammattikorkeakoulun-kanssa\/\">Projektijakso k\u00e4ynnistyi Mikkelin lukiossa yhteisty\u00f6ss\u00e4 Kaakkois-Suomen ammattikorkeakoulun kanssa<\/a><\/h2>\n<\/div><\/div>\n\n\n\n<div class=\"wp-block-media-text alignwide is-stacked-on-mobile\" style=\"grid-template-columns:18% auto\"><figure class=\"wp-block-media-text__media\"><img loading=\"lazy\" decoding=\"async\" width=\"1024\" height=\"576\" src=\"https:\/\/blogit.gradia.fi\/lukiolaisettyoelamaan\/wp-content\/uploads\/sites\/169\/2021\/03\/Tyoelamatyopajat1-2-1024x576.jpg\" alt=\"\" class=\"wp-image-1113 size-full\" srcset=\"https:\/\/blogit.gradia.fi\/lukiolaisettyoelamaan\/wp-content\/uploads\/sites\/169\/2021\/03\/Tyoelamatyopajat1-2-1024x576.jpg 1024w, https:\/\/blogit.gradia.fi\/lukiolaisettyoelamaan\/wp-content\/uploads\/sites\/169\/2021\/03\/Tyoelamatyopajat1-2-300x169.jpg 300w, https:\/\/blogit.gradia.fi\/lukiolaisettyoelamaan\/wp-content\/uploads\/sites\/169\/2021\/03\/Tyoelamatyopajat1-2-768x432.jpg 768w, https:\/\/blogit.gradia.fi\/lukiolaisettyoelamaan\/wp-content\/uploads\/sites\/169\/2021\/03\/Tyoelamatyopajat1-2-1536x864.jpg 1536w, https:\/\/blogit.gradia.fi\/lukiolaisettyoelamaan\/wp-content\/uploads\/sites\/169\/2021\/03\/Tyoelamatyopajat1-2-2048x1152.jpg 2048w\" sizes=\"auto, (max-width: 1024px) 100vw, 1024px\" \/><\/figure><div class=\"wp-block-media-text__content\">\n<h2 class=\"wp-block-heading\"><a href=\"https:\/\/blogit.gradia.fi\/lukiolaisettyoelamaan\/2021\/03\/02\/mikkelin-lukion-toiminnalliset-tyoelamatyopajat-abeille\/\">Mikkelin lukion toiminnalliset ty\u00f6el\u00e4m\u00e4ty\u00f6pajat abeille<\/a><\/h2>\n<\/div><\/div>\n\n\n\n<div class=\"wp-block-media-text alignwide is-stacked-on-mobile\" style=\"grid-template-columns:18% auto\"><figure class=\"wp-block-media-text__media\"><img loading=\"lazy\" decoding=\"async\" width=\"600\" height=\"600\" src=\"https:\/\/blogit.gradia.fi\/lukiolaisettyoelamaan\/wp-content\/uploads\/sites\/169\/2020\/11\/jarvisydan3.jpg\" alt=\"\" class=\"wp-image-607 size-full\" srcset=\"https:\/\/blogit.gradia.fi\/lukiolaisettyoelamaan\/wp-content\/uploads\/sites\/169\/2020\/11\/jarvisydan3.jpg 600w, https:\/\/blogit.gradia.fi\/lukiolaisettyoelamaan\/wp-content\/uploads\/sites\/169\/2020\/11\/jarvisydan3-300x300.jpg 300w, https:\/\/blogit.gradia.fi\/lukiolaisettyoelamaan\/wp-content\/uploads\/sites\/169\/2020\/11\/jarvisydan3-150x150.jpg 150w\" sizes=\"auto, (max-width: 600px) 100vw, 600px\" \/><\/figure><div class=\"wp-block-media-text__content\">\n<h2 class=\"wp-block-heading\"><a href=\"https:\/\/blogit.gradia.fi\/lukiolaisettyoelamaan\/2020\/11\/25\/matkailun-uudet-trendit-saimaalla-mikkelin-lukion-tyoelamaagentit-vierailulla-matkailuyritys-jarvisydamessa\/\">Matkailun uudet trendit Saimaalla -ty\u00f6el\u00e4m\u00e4agentit vierailulla matkailuyritys J\u00e4rvisyd\u00e4mess\u00e4<\/a><\/h2>\n<\/div><\/div>\n\n\n\n<div class=\"wp-block-media-text alignwide is-stacked-on-mobile\" style=\"grid-template-columns:18% auto\"><figure class=\"wp-block-media-text__media\"><img loading=\"lazy\" decoding=\"async\" width=\"526\" height=\"526\" src=\"https:\/\/blogit.gradia.fi\/lukiolaisettyoelamaan\/wp-content\/uploads\/sites\/169\/2020\/11\/OKTT-3.png\" alt=\"\" class=\"wp-image-388 size-full\" srcset=\"https:\/\/blogit.gradia.fi\/lukiolaisettyoelamaan\/wp-content\/uploads\/sites\/169\/2020\/11\/OKTT-3.png 526w, https:\/\/blogit.gradia.fi\/lukiolaisettyoelamaan\/wp-content\/uploads\/sites\/169\/2020\/11\/OKTT-3-300x300.png 300w, https:\/\/blogit.gradia.fi\/lukiolaisettyoelamaan\/wp-content\/uploads\/sites\/169\/2020\/11\/OKTT-3-150x150.png 150w\" sizes=\"auto, (max-width: 526px) 100vw, 526px\" \/><\/figure><div class=\"wp-block-media-text__content\">\n<h2 class=\"wp-block-heading\"><a href=\"https:\/\/blogit.gradia.fi\/lukiolaisettyoelamaan\/2020\/11\/25\/yrittajayhteistyota-tyoelamatyopajojen-muodossa-mikkelin-lukiossa\/\">Yritysyhteisty\u00f6t\u00e4 ty\u00f6el\u00e4m\u00e4ty\u00f6pajojen muodossa Mikkelin lukiossa<\/a><\/h2>\n<\/div><\/div>\n","protected":false},"excerpt":{"rendered":"<p>Ty\u00f6el\u00e4m\u00e4taitopainotteiset pakopelit Mikkelin lukiossa Motivaatioprofiili antaa suuntaa -Mikkelin Kaupunkilehti esittelee Mikkelin lukion toteutusta Projektijakso k\u00e4ynnistyi Mikkelin lukiossa yhteisty\u00f6ss\u00e4 Kaakkois-Suomen ammattikorkeakoulun kanssa Mikkelin lukion toiminnalliset ty\u00f6el\u00e4m\u00e4ty\u00f6pajat abeille Matkailun uudet trendit Saimaalla -ty\u00f6el\u00e4m\u00e4agentit vierailulla matkailuyritys J\u00e4rvisyd\u00e4mess\u00e4 Yritysyhteisty\u00f6t\u00e4 ty\u00f6el\u00e4m\u00e4ty\u00f6pajojen muodossa Mikkelin lukiossa<\/p>\n","protected":false},"author":152,"featured_media":0,"parent":26,"menu_order":5,"comment_status":"closed","ping_status":"closed","template":"","meta":{"_uag_custom_page_level_css":"","footnotes":""},"class_list":["post-159","page","type-page","status-publish","hentry"],"yoast_head":"<!-- This site is optimized with the Yoast SEO plugin v27.2 - https:\/\/yoast.com\/product\/yoast-seo-wordpress\/ -->\n<title>Mikkelin lukio - Lukiolaiset ty\u00f6el\u00e4m\u00e4\u00e4n<\/title>\n<meta name=\"robots\" content=\"index, follow, max-snippet:-1, max-image-preview:large, max-video-preview:-1\" \/>\n<link rel=\"canonical\" href=\"https:\/\/blogit.gradia.fi\/lukiolaisettyoelamaan\/tyoelama\/mikkeli\/\" \/>\n<meta property=\"og:locale\" content=\"fi_FI\" \/>\n<meta property=\"og:type\" content=\"article\" \/>\n<meta property=\"og:title\" content=\"Mikkelin lukio - Lukiolaiset ty\u00f6el\u00e4m\u00e4\u00e4n\" \/>\n<meta property=\"og:description\" content=\"Ty\u00f6el\u00e4m\u00e4taitopainotteiset pakopelit Mikkelin lukiossa Motivaatioprofiili antaa suuntaa -Mikkelin Kaupunkilehti esittelee Mikkelin lukion toteutusta Projektijakso k\u00e4ynnistyi Mikkelin lukiossa yhteisty\u00f6ss\u00e4 Kaakkois-Suomen ammattikorkeakoulun kanssa Mikkelin lukion toiminnalliset ty\u00f6el\u00e4m\u00e4ty\u00f6pajat abeille Matkailun uudet trendit Saimaalla -ty\u00f6el\u00e4m\u00e4agentit vierailulla matkailuyritys J\u00e4rvisyd\u00e4mess\u00e4 Yritysyhteisty\u00f6t\u00e4 ty\u00f6el\u00e4m\u00e4ty\u00f6pajojen muodossa Mikkelin lukiossa\" \/>\n<meta property=\"og:url\" content=\"https:\/\/blogit.gradia.fi\/lukiolaisettyoelamaan\/tyoelama\/mikkeli\/\" \/>\n<meta property=\"og:site_name\" content=\"Lukiolaiset ty\u00f6el\u00e4m\u00e4\u00e4n\" \/>\n<meta property=\"article:modified_time\" content=\"2021-06-17T07:53:46+00:00\" \/>\n<meta property=\"og:image\" content=\"https:\/\/blogit.gradia.fi\/lukiolaisettyoelamaan\/wp-content\/uploads\/sites\/169\/2021\/06\/Pakopeli-3-1024x576.jpeg\" \/>\n<meta name=\"twitter:card\" content=\"summary_large_image\" \/>\n<meta name=\"twitter:label1\" content=\"Arvioitu lukuaika\" \/>\n\t<meta name=\"twitter:data1\" content=\"2 minuuttia\" \/>\n<script type=\"application\/ld+json\" class=\"yoast-schema-graph\">{\"@context\":\"https:\/\/schema.org\",\"@graph\":[{\"@type\":\"WebPage\",\"@id\":\"https:\/\/blogit.gradia.fi\/lukiolaisettyoelamaan\/tyoelama\/mikkeli\/\",\"url\":\"https:\/\/blogit.gradia.fi\/lukiolaisettyoelamaan\/tyoelama\/mikkeli\/\",\"name\":\"Mikkelin lukio - Lukiolaiset ty\u00f6el\u00e4m\u00e4\u00e4n\",\"isPartOf\":{\"@id\":\"https:\/\/blogit.gradia.fi\/lukiolaisettyoelamaan\/#website\"},\"primaryImageOfPage\":{\"@id\":\"https:\/\/blogit.gradia.fi\/lukiolaisettyoelamaan\/tyoelama\/mikkeli\/#primaryimage\"},\"image\":{\"@id\":\"https:\/\/blogit.gradia.fi\/lukiolaisettyoelamaan\/tyoelama\/mikkeli\/#primaryimage\"},\"thumbnailUrl\":\"https:\/\/blogit.gradia.fi\/lukiolaisettyoelamaan\/wp-content\/uploads\/sites\/169\/2021\/06\/Pakopeli-3-1024x576.jpeg\",\"datePublished\":\"2020-08-27T10:25:52+00:00\",\"dateModified\":\"2021-06-17T07:53:46+00:00\",\"breadcrumb\":{\"@id\":\"https:\/\/blogit.gradia.fi\/lukiolaisettyoelamaan\/tyoelama\/mikkeli\/#breadcrumb\"},\"inLanguage\":\"fi\",\"potentialAction\":[{\"@type\":\"ReadAction\",\"target\":[\"https:\/\/blogit.gradia.fi\/lukiolaisettyoelamaan\/tyoelama\/mikkeli\/\"]}]},{\"@type\":\"ImageObject\",\"inLanguage\":\"fi\",\"@id\":\"https:\/\/blogit.gradia.fi\/lukiolaisettyoelamaan\/tyoelama\/mikkeli\/#primaryimage\",\"url\":\"https:\/\/blogit.gradia.fi\/lukiolaisettyoelamaan\/wp-content\/uploads\/sites\/169\/2021\/06\/Pakopeli-3.jpeg\",\"contentUrl\":\"https:\/\/blogit.gradia.fi\/lukiolaisettyoelamaan\/wp-content\/uploads\/sites\/169\/2021\/06\/Pakopeli-3.jpeg\",\"width\":1600,\"height\":900},{\"@type\":\"BreadcrumbList\",\"@id\":\"https:\/\/blogit.gradia.fi\/lukiolaisettyoelamaan\/tyoelama\/mikkeli\/#breadcrumb\",\"itemListElement\":[{\"@type\":\"ListItem\",\"position\":1,\"name\":\"Home\",\"item\":\"https:\/\/blogit.gradia.fi\/lukiolaisettyoelamaan\/\"},{\"@type\":\"ListItem\",\"position\":2,\"name\":\"Ty\u00f6el\u00e4m\u00e4lle\",\"item\":\"https:\/\/blogit.gradia.fi\/lukiolaisettyoelamaan\/tyoelama\/\"},{\"@type\":\"ListItem\",\"position\":3,\"name\":\"Mikkelin lukio\"}]},{\"@type\":\"WebSite\",\"@id\":\"https:\/\/blogit.gradia.fi\/lukiolaisettyoelamaan\/#website\",\"url\":\"https:\/\/blogit.gradia.fi\/lukiolaisettyoelamaan\/\",\"name\":\"Lukiolaiset ty\u00f6el\u00e4m\u00e4\u00e4n\",\"description\":\"Tervetuloa tutustumaan ja poimimaan hyvi\u00e4 k\u00e4yt\u00e4nteit\u00e4!\",\"potentialAction\":[{\"@type\":\"SearchAction\",\"target\":{\"@type\":\"EntryPoint\",\"urlTemplate\":\"https:\/\/blogit.gradia.fi\/lukiolaisettyoelamaan\/?s={search_term_string}\"},\"query-input\":{\"@type\":\"PropertyValueSpecification\",\"valueRequired\":true,\"valueName\":\"search_term_string\"}}],\"inLanguage\":\"fi\"}]}<\/script>\n<!-- \/ Yoast SEO plugin. -->","yoast_head_json":{"title":"Mikkelin lukio - Lukiolaiset ty\u00f6el\u00e4m\u00e4\u00e4n","robots":{"index":"index","follow":"follow","max-snippet":"max-snippet:-1","max-image-preview":"max-image-preview:large","max-video-preview":"max-video-preview:-1"},"canonical":"https:\/\/blogit.gradia.fi\/lukiolaisettyoelamaan\/tyoelama\/mikkeli\/","og_locale":"fi_FI","og_type":"article","og_title":"Mikkelin lukio - Lukiolaiset ty\u00f6el\u00e4m\u00e4\u00e4n","og_description":"Ty\u00f6el\u00e4m\u00e4taitopainotteiset pakopelit Mikkelin lukiossa Motivaatioprofiili antaa suuntaa -Mikkelin Kaupunkilehti esittelee Mikkelin lukion toteutusta Projektijakso k\u00e4ynnistyi Mikkelin lukiossa yhteisty\u00f6ss\u00e4 Kaakkois-Suomen ammattikorkeakoulun kanssa Mikkelin lukion toiminnalliset ty\u00f6el\u00e4m\u00e4ty\u00f6pajat abeille Matkailun uudet trendit Saimaalla -ty\u00f6el\u00e4m\u00e4agentit vierailulla matkailuyritys J\u00e4rvisyd\u00e4mess\u00e4 Yritysyhteisty\u00f6t\u00e4 ty\u00f6el\u00e4m\u00e4ty\u00f6pajojen muodossa Mikkelin lukiossa","og_url":"https:\/\/blogit.gradia.fi\/lukiolaisettyoelamaan\/tyoelama\/mikkeli\/","og_site_name":"Lukiolaiset ty\u00f6el\u00e4m\u00e4\u00e4n","article_modified_time":"2021-06-17T07:53:46+00:00","og_image":[{"url":"https:\/\/blogit.gradia.fi\/lukiolaisettyoelamaan\/wp-content\/uploads\/sites\/169\/2021\/06\/Pakopeli-3-1024x576.jpeg","type":"","width":"","height":""}],"twitter_card":"summary_large_image","twitter_misc":{"Arvioitu lukuaika":"2 minuuttia"},"schema":{"@context":"https:\/\/schema.org","@graph":[{"@type":"WebPage","@id":"https:\/\/blogit.gradia.fi\/lukiolaisettyoelamaan\/tyoelama\/mikkeli\/","url":"https:\/\/blogit.gradia.fi\/lukiolaisettyoelamaan\/tyoelama\/mikkeli\/","name":"Mikkelin lukio - Lukiolaiset ty\u00f6el\u00e4m\u00e4\u00e4n","isPartOf":{"@id":"https:\/\/blogit.gradia.fi\/lukiolaisettyoelamaan\/#website"},"primaryImageOfPage":{"@id":"https:\/\/blogit.gradia.fi\/lukiolaisettyoelamaan\/tyoelama\/mikkeli\/#primaryimage"},"image":{"@id":"https:\/\/blogit.gradia.fi\/lukiolaisettyoelamaan\/tyoelama\/mikkeli\/#primaryimage"},"thumbnailUrl":"https:\/\/blogit.gradia.fi\/lukiolaisettyoelamaan\/wp-content\/uploads\/sites\/169\/2021\/06\/Pakopeli-3-1024x576.jpeg","datePublished":"2020-08-27T10:25:52+00:00","dateModified":"2021-06-17T07:53:46+00:00","breadcrumb":{"@id":"https:\/\/blogit.gradia.fi\/lukiolaisettyoelamaan\/tyoelama\/mikkeli\/#breadcrumb"},"inLanguage":"fi","potentialAction":[{"@type":"ReadAction","target":["https:\/\/blogit.gradia.fi\/lukiolaisettyoelamaan\/tyoelama\/mikkeli\/"]}]},{"@type":"ImageObject","inLanguage":"fi","@id":"https:\/\/blogit.gradia.fi\/lukiolaisettyoelamaan\/tyoelama\/mikkeli\/#primaryimage","url":"https:\/\/blogit.gradia.fi\/lukiolaisettyoelamaan\/wp-content\/uploads\/sites\/169\/2021\/06\/Pakopeli-3.jpeg","contentUrl":"https:\/\/blogit.gradia.fi\/lukiolaisettyoelamaan\/wp-content\/uploads\/sites\/169\/2021\/06\/Pakopeli-3.jpeg","width":1600,"height":900},{"@type":"BreadcrumbList","@id":"https:\/\/blogit.gradia.fi\/lukiolaisettyoelamaan\/tyoelama\/mikkeli\/#breadcrumb","itemListElement":[{"@type":"ListItem","position":1,"name":"Home","item":"https:\/\/blogit.gradia.fi\/lukiolaisettyoelamaan\/"},{"@type":"ListItem","position":2,"name":"Ty\u00f6el\u00e4m\u00e4lle","item":"https:\/\/blogit.gradia.fi\/lukiolaisettyoelamaan\/tyoelama\/"},{"@type":"ListItem","position":3,"name":"Mikkelin lukio"}]},{"@type":"WebSite","@id":"https:\/\/blogit.gradia.fi\/lukiolaisettyoelamaan\/#website","url":"https:\/\/blogit.gradia.fi\/lukiolaisettyoelamaan\/","name":"Lukiolaiset ty\u00f6el\u00e4m\u00e4\u00e4n","description":"Tervetuloa tutustumaan ja poimimaan hyvi\u00e4 k\u00e4yt\u00e4nteit\u00e4!","potentialAction":[{"@type":"SearchAction","target":{"@type":"EntryPoint","urlTemplate":"https:\/\/blogit.gradia.fi\/lukiolaisettyoelamaan\/?s={search_term_string}"},"query-input":{"@type":"PropertyValueSpecification","valueRequired":true,"valueName":"search_term_string"}}],"inLanguage":"fi"}]}},"uagb_featured_image_src":{"full":false,"thumbnail":false,"medium":false,"medium_large":false,"large":false,"1536x1536":false,"2048x2048":false,"post-thumbnail":false},"uagb_author_info":{"display_name":"Anna Saari","author_link":"https:\/\/blogit.gradia.fi\/lukiolaisettyoelamaan\/author\/palviann\/"},"uagb_comment_info":0,"uagb_excerpt":"Ty\u00f6el\u00e4m\u00e4taitopainotteiset pakopelit Mikkelin lukiossa Motivaatioprofiili antaa suuntaa -Mikkelin Kaupunkilehti esittelee Mikkelin lukion toteutusta Projektijakso k\u00e4ynnistyi Mikkelin lukiossa yhteisty\u00f6ss\u00e4 Kaakkois-Suomen ammattikorkeakoulun kanssa Mikkelin lukion toiminnalliset ty\u00f6el\u00e4m\u00e4ty\u00f6pajat abeille Matkailun uudet trendit Saimaalla -ty\u00f6el\u00e4m\u00e4agentit vierailulla matkailuyritys J\u00e4rvisyd\u00e4mess\u00e4 Yritysyhteisty\u00f6t\u00e4 ty\u00f6el\u00e4m\u00e4ty\u00f6pajojen muodossa Mikkelin lukiossa","_links":{"self":[{"href":"https:\/\/blogit.gradia.fi\/lukiolaisettyoelamaan\/wp-json\/wp\/v2\/pages\/159","targetHints":{"allow":["GET"]}}],"collection":[{"href":"https:\/\/blogit.gradia.fi\/lukiolaisettyoelamaan\/wp-json\/wp\/v2\/pages"}],"about":[{"href":"https:\/\/blogit.gradia.fi\/lukiolaisettyoelamaan\/wp-json\/wp\/v2\/types\/page"}],"author":[{"embeddable":true,"href":"https:\/\/blogit.gradia.fi\/lukiolaisettyoelamaan\/wp-json\/wp\/v2\/users\/152"}],"replies":[{"embeddable":true,"href":"https:\/\/blogit.gradia.fi\/lukiolaisettyoelamaan\/wp-json\/wp\/v2\/comments?post=159"}],"version-history":[{"count":39,"href":"https:\/\/blogit.gradia.fi\/lukiolaisettyoelamaan\/wp-json\/wp\/v2\/pages\/159\/revisions"}],"predecessor-version":[{"id":1220,"href":"https:\/\/blogit.gradia.fi\/lukiolaisettyoelamaan\/wp-json\/wp\/v2\/pages\/159\/revisions\/1220"}],"up":[{"embeddable":true,"href":"https:\/\/blogit.gradia.fi\/lukiolaisettyoelamaan\/wp-json\/wp\/v2\/pages\/26"}],"wp:attachment":[{"href":"https:\/\/blogit.gradia.fi\/lukiolaisettyoelamaan\/wp-json\/wp\/v2\/media?parent=159"}],"curies":[{"name":"wp","href":"https:\/\/api.w.org\/{rel}","templated":true}]}}