{"id":157,"date":"2020-08-27T13:25:40","date_gmt":"2020-08-27T10:25:40","guid":{"rendered":"https:\/\/blogit.gradia.fi\/lukiolaisettyoelamaan\/?page_id=157"},"modified":"2021-01-21T09:42:23","modified_gmt":"2021-01-21T07:42:23","slug":"lempaala","status":"publish","type":"page","link":"https:\/\/blogit.gradia.fi\/lukiolaisettyoelamaan\/lempaala\/","title":{"rendered":"Lemp\u00e4\u00e4l\u00e4n lukio"},"content":{"rendered":"\n<div class=\"wp-block-media-text alignwide is-stacked-on-mobile\"><figure class=\"wp-block-media-text__media\"><img loading=\"lazy\" decoding=\"async\" width=\"940\" height=\"627\" src=\"https:\/\/blogit.gradia.fi\/lukiolaisettyoelamaan\/wp-content\/uploads\/sites\/169\/2020\/10\/Get-a-job-1.png\" alt=\"\" class=\"wp-image-322 size-full\" srcset=\"https:\/\/blogit.gradia.fi\/lukiolaisettyoelamaan\/wp-content\/uploads\/sites\/169\/2020\/10\/Get-a-job-1.png 940w, https:\/\/blogit.gradia.fi\/lukiolaisettyoelamaan\/wp-content\/uploads\/sites\/169\/2020\/10\/Get-a-job-1-300x200.png 300w, https:\/\/blogit.gradia.fi\/lukiolaisettyoelamaan\/wp-content\/uploads\/sites\/169\/2020\/10\/Get-a-job-1-768x512.png 768w\" sizes=\"auto, (max-width: 940px) 100vw, 940px\" \/><\/figure><div class=\"wp-block-media-text__content\">\n<p>Jos haluat mukaan yhteisty\u00f6h\u00f6n vaikkapa alla olevissa projekteissa, ota yhteytt\u00e4 Jarmo.Lehtinen@lempaala.fi tai tartu Jarmoa hihasta yritt\u00e4jien aamukahveilla!<\/p>\n\n\n\n<ul class=\"wp-block-list\" id=\"block-35e5cf1b-24fb-427e-8325-6c475488f28f\"><li>EkoVaihtovirtaa2021-projektissa ratkotaan taas yritysten pulmia. Mukaan halutaan erityisesti vihre\u00e4n teknologian yrityksi\u00e4!<\/li><li>Hyvinvointiviikolla paikalliset hyvinvointialan yritt\u00e4j\u00e4t tulevat lukiolle pit\u00e4m\u00e4\u00e4n erilaisia rasteja (huhtikuussa 2021)<\/li><li>Lukiolaiset tukevat paikallisten yritysten somemarkkinointia mm. Lemp\u00e4\u00e4l\u00e4n Hankintamessuilla (helmikuu 2021)<\/li><\/ul>\n<\/div><\/div>\n\n\n\n<div class=\"wp-block-media-text alignwide is-stacked-on-mobile\" style=\"grid-template-columns:32% auto\"><figure class=\"wp-block-media-text__media\"><img loading=\"lazy\" decoding=\"async\" width=\"559\" height=\"807\" src=\"https:\/\/blogit.gradia.fi\/lukiolaisettyoelamaan\/wp-content\/uploads\/sites\/169\/2021\/01\/Kettu.png\" alt=\"\" class=\"wp-image-967 size-full\" srcset=\"https:\/\/blogit.gradia.fi\/lukiolaisettyoelamaan\/wp-content\/uploads\/sites\/169\/2021\/01\/Kettu.png 559w, https:\/\/blogit.gradia.fi\/lukiolaisettyoelamaan\/wp-content\/uploads\/sites\/169\/2021\/01\/Kettu-208x300.png 208w\" sizes=\"auto, (max-width: 559px) 100vw, 559px\" \/><\/figure><div class=\"wp-block-media-text__content\">\n<h4 class=\"wp-block-heading\"><a href=\"https:\/\/blogit.gradia.fi\/lukiolaisettyoelamaan\/2021\/01\/18\/kokemuksia-ilmastosoturitoiminnasta-mita-tyoelamataitoja-on-opittu\/\" target=\"_blank\" rel=\"noreferrer noopener\">Kokemuksia ilmastosoturitoiminnasta- mit\u00e4 ty\u00f6el\u00e4m\u00e4taitoja on opittu?<\/a><\/h4>\n\n\n\n<p>&#8221;Ilhmastosotureiden my\u00f6t\u00e4 olen l\u00f6yt\u00e4nyt itsest\u00e4ni salaisen verkostoitujan jonka olemassaolosta en tiennyt itse. Kaikkien tapahtumakokousten ja s\u00e4hk\u00f6postittelujen my\u00f6t\u00e4 olen l\u00f6yt\u00e4nyt tahdon olla suunnittelemassa ja toteuttamassa projekteja. Olla ylip\u00e4\u00e4ns\u00e4 yhteydess\u00e4 erilaisiin ihmisiin.Oli sitten toisille ihmisille puhumista, isompien kokonaisuuksien suunnittelua, johtamista tai viestittely\u00e4 oikeiden yritysten ty\u00f6ntekij\u00f6ille.&#8221;<\/p>\n<\/div><\/div>\n\n\n\n<div class=\"wp-block-media-text alignwide is-stacked-on-mobile\" style=\"grid-template-columns:32% auto\"><figure class=\"wp-block-media-text__media\"><img loading=\"lazy\" decoding=\"async\" width=\"1024\" height=\"574\" src=\"https:\/\/blogit.gradia.fi\/lukiolaisettyoelamaan\/wp-content\/uploads\/sites\/169\/2020\/10\/tietokone-1-1024x574.png\" alt=\"\" class=\"wp-image-325 size-full\" srcset=\"https:\/\/blogit.gradia.fi\/lukiolaisettyoelamaan\/wp-content\/uploads\/sites\/169\/2020\/10\/tietokone-1-1024x574.png 1024w, https:\/\/blogit.gradia.fi\/lukiolaisettyoelamaan\/wp-content\/uploads\/sites\/169\/2020\/10\/tietokone-1-300x168.png 300w, https:\/\/blogit.gradia.fi\/lukiolaisettyoelamaan\/wp-content\/uploads\/sites\/169\/2020\/10\/tietokone-1-768x431.png 768w, https:\/\/blogit.gradia.fi\/lukiolaisettyoelamaan\/wp-content\/uploads\/sites\/169\/2020\/10\/tietokone-1.png 1302w\" sizes=\"auto, (max-width: 1024px) 100vw, 1024px\" \/><\/figure><div class=\"wp-block-media-text__content\">\n<p><\/p>\n\n\n\n<h3 class=\"wp-block-heading\">Tule mukaan <a href=\"https:\/\/lempaalanlukio.yhdistysavain.fi\/saa-ja-ymparisto\/ilmastosoturit\/\">ilmastosotureiden<\/a> toimintaan tai tekem\u00e4\u00e4n erilaisia teknologiaprojekteja! Lis\u00e4tietoja Jamolta ja Sed\u00e4lt\u00e4.<\/h3>\n<\/div><\/div>\n\n\n\n<div class=\"wp-block-media-text alignwide is-stacked-on-mobile\" style=\"grid-template-columns:32% auto\"><figure class=\"wp-block-media-text__media\"><img loading=\"lazy\" decoding=\"async\" width=\"820\" height=\"332\" src=\"https:\/\/blogit.gradia.fi\/lukiolaisettyoelamaan\/wp-content\/uploads\/sites\/169\/2020\/10\/Ilmastosoturit.png\" alt=\"\" class=\"wp-image-332 size-full\" srcset=\"https:\/\/blogit.gradia.fi\/lukiolaisettyoelamaan\/wp-content\/uploads\/sites\/169\/2020\/10\/Ilmastosoturit.png 820w, https:\/\/blogit.gradia.fi\/lukiolaisettyoelamaan\/wp-content\/uploads\/sites\/169\/2020\/10\/Ilmastosoturit-300x121.png 300w, https:\/\/blogit.gradia.fi\/lukiolaisettyoelamaan\/wp-content\/uploads\/sites\/169\/2020\/10\/Ilmastosoturit-768x311.png 768w\" sizes=\"auto, (max-width: 820px) 100vw, 820px\" \/><\/figure><div class=\"wp-block-media-text__content\">\n<p><\/p>\n\n\n\n<h3 class=\"wp-block-heading\"><a href=\"https:\/\/blogit.gradia.fi\/lukiolaisettyoelamaan\/2020\/11\/09\/ilmastosoturin-kynasta\/\">Ilmastosoturin kyn\u00e4st\u00e4<\/a><\/h3>\n\n\n\n<p><strong>9.11.2020<\/strong><\/p>\n<\/div><\/div>\n\n\n\n<div class=\"wp-block-media-text alignwide is-stacked-on-mobile\" style=\"grid-template-columns:32% auto\"><figure class=\"wp-block-media-text__media\"><img loading=\"lazy\" decoding=\"async\" width=\"820\" height=\"332\" src=\"https:\/\/blogit.gradia.fi\/lukiolaisettyoelamaan\/wp-content\/uploads\/sites\/169\/2020\/10\/Ilmastosoturit.png\" alt=\"\" class=\"wp-image-332 size-full\" srcset=\"https:\/\/blogit.gradia.fi\/lukiolaisettyoelamaan\/wp-content\/uploads\/sites\/169\/2020\/10\/Ilmastosoturit.png 820w, https:\/\/blogit.gradia.fi\/lukiolaisettyoelamaan\/wp-content\/uploads\/sites\/169\/2020\/10\/Ilmastosoturit-300x121.png 300w, https:\/\/blogit.gradia.fi\/lukiolaisettyoelamaan\/wp-content\/uploads\/sites\/169\/2020\/10\/Ilmastosoturit-768x311.png 768w\" sizes=\"auto, (max-width: 820px) 100vw, 820px\" \/><\/figure><div class=\"wp-block-media-text__content\">\n<p><\/p>\n\n\n\n<h3 class=\"wp-block-heading\"><a href=\"https:\/\/blogit.gradia.fi\/lukiolaisettyoelamaan\/2020\/10\/12\/ilmastosoturit-tyoelamataitoja-oppimassa\/\">Ilmastosoturit ty\u00f6el\u00e4m\u00e4taitoja oppimassa<\/a><\/h3>\n\n\n\n<p><strong>12.10.2020<\/strong><\/p>\n<\/div><\/div>\n\n\n\n<div class=\"wp-block-media-text alignwide is-stacked-on-mobile\" style=\"grid-template-columns:32% auto\"><figure class=\"wp-block-media-text__media\"><img loading=\"lazy\" decoding=\"async\" width=\"940\" height=\"627\" src=\"https:\/\/blogit.gradia.fi\/lukiolaisettyoelamaan\/wp-content\/uploads\/sites\/169\/2020\/10\/Auditorioportaat-1.jpeg\" alt=\"\" class=\"wp-image-342 size-full\" srcset=\"https:\/\/blogit.gradia.fi\/lukiolaisettyoelamaan\/wp-content\/uploads\/sites\/169\/2020\/10\/Auditorioportaat-1.jpeg 940w, https:\/\/blogit.gradia.fi\/lukiolaisettyoelamaan\/wp-content\/uploads\/sites\/169\/2020\/10\/Auditorioportaat-1-300x200.jpeg 300w, https:\/\/blogit.gradia.fi\/lukiolaisettyoelamaan\/wp-content\/uploads\/sites\/169\/2020\/10\/Auditorioportaat-1-768x512.jpeg 768w\" sizes=\"auto, (max-width: 940px) 100vw, 940px\" \/><\/figure><div class=\"wp-block-media-text__content\">\n<p><\/p>\n\n\n\n<h3 class=\"wp-block-heading\"><a href=\"https:\/\/blogit.gradia.fi\/lukiolaisettyoelamaan\/2020\/10\/12\/rsmp-motivaatioprofiilit-ja-matematiikan-oppiminen\/\">RSMP-motivaatioprofiilit ja matematiikan oppiminen<\/a><\/h3>\n\n\n\n<p><strong>12.10.2020<\/strong><\/p>\n<\/div><\/div>\n\n\n\n<p><\/p>\n","protected":false},"excerpt":{"rendered":"<p>Jos haluat mukaan yhteisty\u00f6h\u00f6n vaikkapa alla olevissa projekteissa, ota yhteytt\u00e4 Jarmo.Lehtinen@lempaala.fi tai tartu Jarmoa hihasta yritt\u00e4jien aamukahveilla! EkoVaihtovirtaa2021-projektissa ratkotaan taas yritysten pulmia. Mukaan halutaan erityisesti vihre\u00e4n teknologian yrityksi\u00e4! Hyvinvointiviikolla paikalliset hyvinvointialan yritt\u00e4j\u00e4t tulevat lukiolle pit\u00e4m\u00e4\u00e4n erilaisia rasteja (huhtikuussa 2021) Lukiolaiset tukevat paikallisten yritysten somemarkkinointia mm. Lemp\u00e4\u00e4l\u00e4n Hankintamessuilla (helmikuu 2021) Kokemuksia ilmastosoturitoiminnasta- mit\u00e4 ty\u00f6el\u00e4m\u00e4taitoja on opittu? &hellip; <a href=\"https:\/\/blogit.gradia.fi\/lukiolaisettyoelamaan\/lempaala\/\" class=\"more-link\">Jatka lukemista <span class=\"screen-reader-text\">Lemp\u00e4\u00e4l\u00e4n lukio<\/span> <span class=\"meta-nav\">&rarr;<\/span><\/a><\/p>\n","protected":false},"author":152,"featured_media":0,"parent":0,"menu_order":0,"comment_status":"closed","ping_status":"closed","template":"","meta":{"_uag_custom_page_level_css":"","footnotes":""},"class_list":["post-157","page","type-page","status-publish","hentry"],"yoast_head":"<!-- This site is optimized with the Yoast SEO plugin v27.2 - https:\/\/yoast.com\/product\/yoast-seo-wordpress\/ -->\n<title>Lemp\u00e4\u00e4l\u00e4n lukio - Lukiolaiset ty\u00f6el\u00e4m\u00e4\u00e4n<\/title>\n<meta name=\"description\" content=\"Jos haluat mukaan yhteisty\u00f6h\u00f6n vaikkapa alla olevissa projekteissa, ota yhteytt\u00e4 Jarmo.Lehtinen@lempaala.fi tai tartu Jarmoa hihasta yritt\u00e4jien aamukahveilla!\" \/>\n<meta name=\"robots\" content=\"index, follow, max-snippet:-1, max-image-preview:large, max-video-preview:-1\" \/>\n<link rel=\"canonical\" href=\"https:\/\/blogit.gradia.fi\/lukiolaisettyoelamaan\/lempaala\/\" \/>\n<meta property=\"og:locale\" content=\"fi_FI\" \/>\n<meta property=\"og:type\" content=\"article\" \/>\n<meta property=\"og:title\" content=\"Lemp\u00e4\u00e4l\u00e4n lukio - Lukiolaiset ty\u00f6el\u00e4m\u00e4\u00e4n\" \/>\n<meta property=\"og:description\" content=\"Jos haluat mukaan yhteisty\u00f6h\u00f6n vaikkapa alla olevissa projekteissa, ota yhteytt\u00e4 Jarmo.Lehtinen@lempaala.fi tai tartu Jarmoa hihasta yritt\u00e4jien aamukahveilla!\" \/>\n<meta property=\"og:url\" content=\"https:\/\/blogit.gradia.fi\/lukiolaisettyoelamaan\/lempaala\/\" \/>\n<meta property=\"og:site_name\" content=\"Lukiolaiset ty\u00f6el\u00e4m\u00e4\u00e4n\" \/>\n<meta property=\"article:modified_time\" content=\"2021-01-21T07:42:23+00:00\" \/>\n<meta property=\"og:image\" content=\"https:\/\/blogit.gradia.fi\/lukiolaisettyoelamaan\/wp-content\/uploads\/sites\/169\/2020\/10\/Get-a-job-1.png\" \/>\n<meta name=\"twitter:card\" content=\"summary_large_image\" \/>\n<meta name=\"twitter:label1\" content=\"Arvioitu lukuaika\" \/>\n\t<meta name=\"twitter:data1\" content=\"2 minuuttia\" \/>\n<script type=\"application\/ld+json\" class=\"yoast-schema-graph\">{\"@context\":\"https:\/\/schema.org\",\"@graph\":[{\"@type\":\"WebPage\",\"@id\":\"https:\/\/blogit.gradia.fi\/lukiolaisettyoelamaan\/lempaala\/\",\"url\":\"https:\/\/blogit.gradia.fi\/lukiolaisettyoelamaan\/lempaala\/\",\"name\":\"Lemp\u00e4\u00e4l\u00e4n lukio - Lukiolaiset ty\u00f6el\u00e4m\u00e4\u00e4n\",\"isPartOf\":{\"@id\":\"https:\/\/blogit.gradia.fi\/lukiolaisettyoelamaan\/#website\"},\"primaryImageOfPage\":{\"@id\":\"https:\/\/blogit.gradia.fi\/lukiolaisettyoelamaan\/lempaala\/#primaryimage\"},\"image\":{\"@id\":\"https:\/\/blogit.gradia.fi\/lukiolaisettyoelamaan\/lempaala\/#primaryimage\"},\"thumbnailUrl\":\"https:\/\/blogit.gradia.fi\/lukiolaisettyoelamaan\/wp-content\/uploads\/sites\/169\/2020\/10\/Get-a-job-1.png\",\"datePublished\":\"2020-08-27T10:25:40+00:00\",\"dateModified\":\"2021-01-21T07:42:23+00:00\",\"description\":\"Jos haluat mukaan yhteisty\u00f6h\u00f6n vaikkapa alla olevissa projekteissa, ota yhteytt\u00e4 Jarmo.Lehtinen@lempaala.fi tai tartu Jarmoa hihasta yritt\u00e4jien aamukahveilla!\",\"breadcrumb\":{\"@id\":\"https:\/\/blogit.gradia.fi\/lukiolaisettyoelamaan\/lempaala\/#breadcrumb\"},\"inLanguage\":\"fi\",\"potentialAction\":[{\"@type\":\"ReadAction\",\"target\":[\"https:\/\/blogit.gradia.fi\/lukiolaisettyoelamaan\/lempaala\/\"]}]},{\"@type\":\"ImageObject\",\"inLanguage\":\"fi\",\"@id\":\"https:\/\/blogit.gradia.fi\/lukiolaisettyoelamaan\/lempaala\/#primaryimage\",\"url\":\"https:\/\/blogit.gradia.fi\/lukiolaisettyoelamaan\/wp-content\/uploads\/sites\/169\/2020\/10\/Get-a-job-1.png\",\"contentUrl\":\"https:\/\/blogit.gradia.fi\/lukiolaisettyoelamaan\/wp-content\/uploads\/sites\/169\/2020\/10\/Get-a-job-1.png\",\"width\":940,\"height\":627},{\"@type\":\"BreadcrumbList\",\"@id\":\"https:\/\/blogit.gradia.fi\/lukiolaisettyoelamaan\/lempaala\/#breadcrumb\",\"itemListElement\":[{\"@type\":\"ListItem\",\"position\":1,\"name\":\"Home\",\"item\":\"https:\/\/blogit.gradia.fi\/lukiolaisettyoelamaan\/\"},{\"@type\":\"ListItem\",\"position\":2,\"name\":\"Lemp\u00e4\u00e4l\u00e4n lukio\"}]},{\"@type\":\"WebSite\",\"@id\":\"https:\/\/blogit.gradia.fi\/lukiolaisettyoelamaan\/#website\",\"url\":\"https:\/\/blogit.gradia.fi\/lukiolaisettyoelamaan\/\",\"name\":\"Lukiolaiset ty\u00f6el\u00e4m\u00e4\u00e4n\",\"description\":\"Tervetuloa tutustumaan ja poimimaan hyvi\u00e4 k\u00e4yt\u00e4nteit\u00e4!\",\"potentialAction\":[{\"@type\":\"SearchAction\",\"target\":{\"@type\":\"EntryPoint\",\"urlTemplate\":\"https:\/\/blogit.gradia.fi\/lukiolaisettyoelamaan\/?s={search_term_string}\"},\"query-input\":{\"@type\":\"PropertyValueSpecification\",\"valueRequired\":true,\"valueName\":\"search_term_string\"}}],\"inLanguage\":\"fi\"}]}<\/script>\n<!-- \/ Yoast SEO plugin. -->","yoast_head_json":{"title":"Lemp\u00e4\u00e4l\u00e4n lukio - Lukiolaiset ty\u00f6el\u00e4m\u00e4\u00e4n","description":"Jos haluat mukaan yhteisty\u00f6h\u00f6n vaikkapa alla olevissa projekteissa, ota yhteytt\u00e4 Jarmo.Lehtinen@lempaala.fi tai tartu Jarmoa hihasta yritt\u00e4jien aamukahveilla!","robots":{"index":"index","follow":"follow","max-snippet":"max-snippet:-1","max-image-preview":"max-image-preview:large","max-video-preview":"max-video-preview:-1"},"canonical":"https:\/\/blogit.gradia.fi\/lukiolaisettyoelamaan\/lempaala\/","og_locale":"fi_FI","og_type":"article","og_title":"Lemp\u00e4\u00e4l\u00e4n lukio - Lukiolaiset ty\u00f6el\u00e4m\u00e4\u00e4n","og_description":"Jos haluat mukaan yhteisty\u00f6h\u00f6n vaikkapa alla olevissa projekteissa, ota yhteytt\u00e4 Jarmo.Lehtinen@lempaala.fi tai tartu Jarmoa hihasta yritt\u00e4jien aamukahveilla!","og_url":"https:\/\/blogit.gradia.fi\/lukiolaisettyoelamaan\/lempaala\/","og_site_name":"Lukiolaiset ty\u00f6el\u00e4m\u00e4\u00e4n","article_modified_time":"2021-01-21T07:42:23+00:00","og_image":[{"url":"https:\/\/blogit.gradia.fi\/lukiolaisettyoelamaan\/wp-content\/uploads\/sites\/169\/2020\/10\/Get-a-job-1.png","type":"","width":"","height":""}],"twitter_card":"summary_large_image","twitter_misc":{"Arvioitu lukuaika":"2 minuuttia"},"schema":{"@context":"https:\/\/schema.org","@graph":[{"@type":"WebPage","@id":"https:\/\/blogit.gradia.fi\/lukiolaisettyoelamaan\/lempaala\/","url":"https:\/\/blogit.gradia.fi\/lukiolaisettyoelamaan\/lempaala\/","name":"Lemp\u00e4\u00e4l\u00e4n lukio - Lukiolaiset ty\u00f6el\u00e4m\u00e4\u00e4n","isPartOf":{"@id":"https:\/\/blogit.gradia.fi\/lukiolaisettyoelamaan\/#website"},"primaryImageOfPage":{"@id":"https:\/\/blogit.gradia.fi\/lukiolaisettyoelamaan\/lempaala\/#primaryimage"},"image":{"@id":"https:\/\/blogit.gradia.fi\/lukiolaisettyoelamaan\/lempaala\/#primaryimage"},"thumbnailUrl":"https:\/\/blogit.gradia.fi\/lukiolaisettyoelamaan\/wp-content\/uploads\/sites\/169\/2020\/10\/Get-a-job-1.png","datePublished":"2020-08-27T10:25:40+00:00","dateModified":"2021-01-21T07:42:23+00:00","description":"Jos haluat mukaan yhteisty\u00f6h\u00f6n vaikkapa alla olevissa projekteissa, ota yhteytt\u00e4 Jarmo.Lehtinen@lempaala.fi tai tartu Jarmoa hihasta yritt\u00e4jien aamukahveilla!","breadcrumb":{"@id":"https:\/\/blogit.gradia.fi\/lukiolaisettyoelamaan\/lempaala\/#breadcrumb"},"inLanguage":"fi","potentialAction":[{"@type":"ReadAction","target":["https:\/\/blogit.gradia.fi\/lukiolaisettyoelamaan\/lempaala\/"]}]},{"@type":"ImageObject","inLanguage":"fi","@id":"https:\/\/blogit.gradia.fi\/lukiolaisettyoelamaan\/lempaala\/#primaryimage","url":"https:\/\/blogit.gradia.fi\/lukiolaisettyoelamaan\/wp-content\/uploads\/sites\/169\/2020\/10\/Get-a-job-1.png","contentUrl":"https:\/\/blogit.gradia.fi\/lukiolaisettyoelamaan\/wp-content\/uploads\/sites\/169\/2020\/10\/Get-a-job-1.png","width":940,"height":627},{"@type":"BreadcrumbList","@id":"https:\/\/blogit.gradia.fi\/lukiolaisettyoelamaan\/lempaala\/#breadcrumb","itemListElement":[{"@type":"ListItem","position":1,"name":"Home","item":"https:\/\/blogit.gradia.fi\/lukiolaisettyoelamaan\/"},{"@type":"ListItem","position":2,"name":"Lemp\u00e4\u00e4l\u00e4n lukio"}]},{"@type":"WebSite","@id":"https:\/\/blogit.gradia.fi\/lukiolaisettyoelamaan\/#website","url":"https:\/\/blogit.gradia.fi\/lukiolaisettyoelamaan\/","name":"Lukiolaiset ty\u00f6el\u00e4m\u00e4\u00e4n","description":"Tervetuloa tutustumaan ja poimimaan hyvi\u00e4 k\u00e4yt\u00e4nteit\u00e4!","potentialAction":[{"@type":"SearchAction","target":{"@type":"EntryPoint","urlTemplate":"https:\/\/blogit.gradia.fi\/lukiolaisettyoelamaan\/?s={search_term_string}"},"query-input":{"@type":"PropertyValueSpecification","valueRequired":true,"valueName":"search_term_string"}}],"inLanguage":"fi"}]}},"uagb_featured_image_src":{"full":false,"thumbnail":false,"medium":false,"medium_large":false,"large":false,"1536x1536":false,"2048x2048":false,"post-thumbnail":false},"uagb_author_info":{"display_name":"Anna Saari","author_link":"https:\/\/blogit.gradia.fi\/lukiolaisettyoelamaan\/author\/palviann\/"},"uagb_comment_info":0,"uagb_excerpt":"Jos haluat mukaan yhteisty\u00f6h\u00f6n vaikkapa alla olevissa projekteissa, ota yhteytt\u00e4 Jarmo.Lehtinen@lempaala.fi tai tartu Jarmoa hihasta yritt\u00e4jien aamukahveilla! EkoVaihtovirtaa2021-projektissa ratkotaan taas yritysten pulmia. Mukaan halutaan erityisesti vihre\u00e4n teknologian yrityksi\u00e4! Hyvinvointiviikolla paikalliset hyvinvointialan yritt\u00e4j\u00e4t tulevat lukiolle pit\u00e4m\u00e4\u00e4n erilaisia rasteja (huhtikuussa 2021) Lukiolaiset tukevat paikallisten yritysten somemarkkinointia mm. Lemp\u00e4\u00e4l\u00e4n Hankintamessuilla (helmikuu 2021) Kokemuksia ilmastosoturitoiminnasta- mit\u00e4 ty\u00f6el\u00e4m\u00e4taitoja on opittu?&hellip;","_links":{"self":[{"href":"https:\/\/blogit.gradia.fi\/lukiolaisettyoelamaan\/wp-json\/wp\/v2\/pages\/157","targetHints":{"allow":["GET"]}}],"collection":[{"href":"https:\/\/blogit.gradia.fi\/lukiolaisettyoelamaan\/wp-json\/wp\/v2\/pages"}],"about":[{"href":"https:\/\/blogit.gradia.fi\/lukiolaisettyoelamaan\/wp-json\/wp\/v2\/types\/page"}],"author":[{"embeddable":true,"href":"https:\/\/blogit.gradia.fi\/lukiolaisettyoelamaan\/wp-json\/wp\/v2\/users\/152"}],"replies":[{"embeddable":true,"href":"https:\/\/blogit.gradia.fi\/lukiolaisettyoelamaan\/wp-json\/wp\/v2\/comments?post=157"}],"version-history":[{"count":13,"href":"https:\/\/blogit.gradia.fi\/lukiolaisettyoelamaan\/wp-json\/wp\/v2\/pages\/157\/revisions"}],"predecessor-version":[{"id":1034,"href":"https:\/\/blogit.gradia.fi\/lukiolaisettyoelamaan\/wp-json\/wp\/v2\/pages\/157\/revisions\/1034"}],"wp:attachment":[{"href":"https:\/\/blogit.gradia.fi\/lukiolaisettyoelamaan\/wp-json\/wp\/v2\/media?parent=157"}],"curies":[{"name":"wp","href":"https:\/\/api.w.org\/{rel}","templated":true}]}}