{"id":108,"date":"2020-08-16T21:59:23","date_gmt":"2020-08-16T18:59:23","guid":{"rendered":"https:\/\/blogit.gradia.fi\/lukiolaisettyoelamaan\/?page_id=108"},"modified":"2020-09-25T09:29:28","modified_gmt":"2020-09-25T06:29:28","slug":"mikkelin-lukio","status":"publish","type":"page","link":"https:\/\/blogit.gradia.fi\/lukiolaisettyoelamaan\/opettajat\/mikkelin-lukio\/","title":{"rendered":"Mikkelin lukio"},"content":{"rendered":"\n<p><strong>Hy\u00f6dynn\u00e4 Mikkelin lukion asiantuntijapankkia opetuksessasi<\/strong><\/p>\n\n\n\n<p>Olemme ker\u00e4nneet ty\u00f6- ja elinkeinoel\u00e4m\u00e4n eri alojen edustajien yhteystietoja yhteiseen asiantuntijapankkiin. N\u00e4m\u00e4 yhteisty\u00f6kumppanit tekev\u00e4t mielell\u00e4\u00e4n yhteisty\u00f6t\u00e4 lukion kanssa ja tulevat esimerkiksi kurssillesi kertomaan itsest\u00e4\u00e4n, omasta ty\u00f6st\u00e4\u00e4n tai yrityksest\u00e4\u00e4n. Asiantuntijapankki l\u00f6ytyy Mikkelin lukion yhteisest\u00e4 drive-kansiosta.<\/p>\n\n\n\n<p><strong>Ryhdy ty\u00f6el\u00e4m\u00e4agentiksi<\/strong><\/p>\n\n\n\n<p>My\u00f6s Mikkelin lukion opettajilla on mahdollisuus ryhty\u00e4 ty\u00f6el\u00e4m\u00e4agentiksi ja tutustua valitsemaansa ty\u00f6paikkaan yhden p\u00e4iv\u00e4n ajan. Ty\u00f6el\u00e4m\u00e4agenttina pystyt tarjoamaan opiskelijoille kokemuksia mahdollisuuksista, joita ty\u00f6el\u00e4m\u00e4 tarjoaa. Saat n\u00e4k\u00f6kulmaa niist\u00e4 valmiuksista, mit\u00e4 t\u00e4m\u00e4n p\u00e4iv\u00e4n ty\u00f6el\u00e4m\u00e4ss\u00e4 tarvitaan. Ty\u00f6el\u00e4m\u00e4agenttina toimiminen voi lis\u00e4t\u00e4 yritteli\u00e4st\u00e4 asennetta ja tuoda uusia oivalluksia opetukseen!<\/p>\n\n\n\n<p><strong>Tee oma RMP-motivaatioprofiili<\/strong><\/p>\n\n\n\n<p>Sinulla on mahdollisuus tutustua RSMP-motivaatioprofiilin ideaan ja k\u00e4ytt\u00f6tarkoitukseen tekem\u00e4ll\u00e4 oma henkil\u00e4\u00f6kohtainen RMP-motivaatioprofiili, joka on aikuisille tarkoitettu versio. Motivaatioprofiili menetelm\u00e4n\u00e4 pohjautuu\u00a0laajaan tieteelliseen tutkimusty\u00f6h\u00f6n. Motivaatioprofiilia on aiemmin hy\u00f6dynnetty\u00a0mm.\u00a0aikuisten ty\u00f6el\u00e4m\u00e4-\u00a0ja\u00a0uraohjauksessa.\u00a0Profiilin avulla sinun itsetuntemuksesi lis\u00e4\u00e4ntyy, opit tunnistamaan omia vahvuuksiasi ja kehitt\u00e4misen kohteitasi realistisesti ja tekem\u00e4\u00e4n oman el\u00e4m\u00e4n valintoja niiden pohjalta. Voit hy\u00f6dynt\u00e4\u00e4 motivaatiotietoutta my\u00f6s opetuksessasi. Mik\u00e4li kiinnostuit, ota yhteytt\u00e4 Anni Pietariseen!<\/p>\n","protected":false},"excerpt":{"rendered":"<p>Hy\u00f6dynn\u00e4 Mikkelin lukion asiantuntijapankkia opetuksessasi Olemme ker\u00e4nneet ty\u00f6- ja elinkeinoel\u00e4m\u00e4n eri alojen edustajien yhteystietoja yhteiseen asiantuntijapankkiin. N\u00e4m\u00e4 yhteisty\u00f6kumppanit tekev\u00e4t mielell\u00e4\u00e4n yhteisty\u00f6t\u00e4 lukion kanssa ja tulevat esimerkiksi kurssillesi kertomaan itsest\u00e4\u00e4n, omasta ty\u00f6st\u00e4\u00e4n tai yrityksest\u00e4\u00e4n. Asiantuntijapankki l\u00f6ytyy Mikkelin lukion yhteisest\u00e4 drive-kansiosta. Ryhdy ty\u00f6el\u00e4m\u00e4agentiksi My\u00f6s Mikkelin lukion opettajilla on mahdollisuus ryhty\u00e4 ty\u00f6el\u00e4m\u00e4agentiksi ja tutustua valitsemaansa ty\u00f6paikkaan yhden p\u00e4iv\u00e4n &hellip; <a href=\"https:\/\/blogit.gradia.fi\/lukiolaisettyoelamaan\/opettajat\/mikkelin-lukio\/\" class=\"more-link\">Jatka lukemista <span class=\"screen-reader-text\">Mikkelin lukio<\/span> <span class=\"meta-nav\">&rarr;<\/span><\/a><\/p>\n","protected":false},"author":152,"featured_media":0,"parent":8,"menu_order":5,"comment_status":"closed","ping_status":"closed","template":"","meta":{"_uag_custom_page_level_css":"","footnotes":""},"class_list":["post-108","page","type-page","status-publish","hentry"],"yoast_head":"<!-- This site is optimized with the Yoast SEO plugin v27.2 - https:\/\/yoast.com\/product\/yoast-seo-wordpress\/ -->\n<title>Mikkelin lukio - Lukiolaiset ty\u00f6el\u00e4m\u00e4\u00e4n<\/title>\n<meta name=\"robots\" content=\"index, follow, max-snippet:-1, max-image-preview:large, max-video-preview:-1\" \/>\n<link rel=\"canonical\" href=\"https:\/\/blogit.gradia.fi\/lukiolaisettyoelamaan\/opettajat\/mikkelin-lukio\/\" \/>\n<meta property=\"og:locale\" content=\"fi_FI\" \/>\n<meta property=\"og:type\" content=\"article\" \/>\n<meta property=\"og:title\" content=\"Mikkelin lukio - Lukiolaiset ty\u00f6el\u00e4m\u00e4\u00e4n\" \/>\n<meta property=\"og:description\" content=\"Hy\u00f6dynn\u00e4 Mikkelin lukion asiantuntijapankkia opetuksessasi Olemme ker\u00e4nneet ty\u00f6- ja elinkeinoel\u00e4m\u00e4n eri alojen edustajien yhteystietoja yhteiseen asiantuntijapankkiin. N\u00e4m\u00e4 yhteisty\u00f6kumppanit tekev\u00e4t mielell\u00e4\u00e4n yhteisty\u00f6t\u00e4 lukion kanssa ja tulevat esimerkiksi kurssillesi kertomaan itsest\u00e4\u00e4n, omasta ty\u00f6st\u00e4\u00e4n tai yrityksest\u00e4\u00e4n. Asiantuntijapankki l\u00f6ytyy Mikkelin lukion yhteisest\u00e4 drive-kansiosta. Ryhdy ty\u00f6el\u00e4m\u00e4agentiksi My\u00f6s Mikkelin lukion opettajilla on mahdollisuus ryhty\u00e4 ty\u00f6el\u00e4m\u00e4agentiksi ja tutustua valitsemaansa ty\u00f6paikkaan yhden p\u00e4iv\u00e4n &hellip; Jatka lukemista Mikkelin lukio &rarr;\" \/>\n<meta property=\"og:url\" content=\"https:\/\/blogit.gradia.fi\/lukiolaisettyoelamaan\/opettajat\/mikkelin-lukio\/\" \/>\n<meta property=\"og:site_name\" content=\"Lukiolaiset ty\u00f6el\u00e4m\u00e4\u00e4n\" \/>\n<meta property=\"article:modified_time\" content=\"2020-09-25T06:29:28+00:00\" \/>\n<meta name=\"twitter:card\" content=\"summary_large_image\" \/>\n<meta name=\"twitter:label1\" content=\"Arvioitu lukuaika\" \/>\n\t<meta name=\"twitter:data1\" content=\"1 minuutti\" \/>\n<script type=\"application\/ld+json\" class=\"yoast-schema-graph\">{\"@context\":\"https:\/\/schema.org\",\"@graph\":[{\"@type\":\"WebPage\",\"@id\":\"https:\/\/blogit.gradia.fi\/lukiolaisettyoelamaan\/opettajat\/mikkelin-lukio\/\",\"url\":\"https:\/\/blogit.gradia.fi\/lukiolaisettyoelamaan\/opettajat\/mikkelin-lukio\/\",\"name\":\"Mikkelin lukio - Lukiolaiset ty\u00f6el\u00e4m\u00e4\u00e4n\",\"isPartOf\":{\"@id\":\"https:\/\/blogit.gradia.fi\/lukiolaisettyoelamaan\/#website\"},\"datePublished\":\"2020-08-16T18:59:23+00:00\",\"dateModified\":\"2020-09-25T06:29:28+00:00\",\"breadcrumb\":{\"@id\":\"https:\/\/blogit.gradia.fi\/lukiolaisettyoelamaan\/opettajat\/mikkelin-lukio\/#breadcrumb\"},\"inLanguage\":\"fi\",\"potentialAction\":[{\"@type\":\"ReadAction\",\"target\":[\"https:\/\/blogit.gradia.fi\/lukiolaisettyoelamaan\/opettajat\/mikkelin-lukio\/\"]}]},{\"@type\":\"BreadcrumbList\",\"@id\":\"https:\/\/blogit.gradia.fi\/lukiolaisettyoelamaan\/opettajat\/mikkelin-lukio\/#breadcrumb\",\"itemListElement\":[{\"@type\":\"ListItem\",\"position\":1,\"name\":\"Home\",\"item\":\"https:\/\/blogit.gradia.fi\/lukiolaisettyoelamaan\/\"},{\"@type\":\"ListItem\",\"position\":2,\"name\":\"Opettajille\",\"item\":\"https:\/\/blogit.gradia.fi\/lukiolaisettyoelamaan\/opettajat\/\"},{\"@type\":\"ListItem\",\"position\":3,\"name\":\"Mikkelin lukio\"}]},{\"@type\":\"WebSite\",\"@id\":\"https:\/\/blogit.gradia.fi\/lukiolaisettyoelamaan\/#website\",\"url\":\"https:\/\/blogit.gradia.fi\/lukiolaisettyoelamaan\/\",\"name\":\"Lukiolaiset ty\u00f6el\u00e4m\u00e4\u00e4n\",\"description\":\"Tervetuloa tutustumaan ja poimimaan hyvi\u00e4 k\u00e4yt\u00e4nteit\u00e4!\",\"potentialAction\":[{\"@type\":\"SearchAction\",\"target\":{\"@type\":\"EntryPoint\",\"urlTemplate\":\"https:\/\/blogit.gradia.fi\/lukiolaisettyoelamaan\/?s={search_term_string}\"},\"query-input\":{\"@type\":\"PropertyValueSpecification\",\"valueRequired\":true,\"valueName\":\"search_term_string\"}}],\"inLanguage\":\"fi\"}]}<\/script>\n<!-- \/ Yoast SEO plugin. -->","yoast_head_json":{"title":"Mikkelin lukio - Lukiolaiset ty\u00f6el\u00e4m\u00e4\u00e4n","robots":{"index":"index","follow":"follow","max-snippet":"max-snippet:-1","max-image-preview":"max-image-preview:large","max-video-preview":"max-video-preview:-1"},"canonical":"https:\/\/blogit.gradia.fi\/lukiolaisettyoelamaan\/opettajat\/mikkelin-lukio\/","og_locale":"fi_FI","og_type":"article","og_title":"Mikkelin lukio - Lukiolaiset ty\u00f6el\u00e4m\u00e4\u00e4n","og_description":"Hy\u00f6dynn\u00e4 Mikkelin lukion asiantuntijapankkia opetuksessasi Olemme ker\u00e4nneet ty\u00f6- ja elinkeinoel\u00e4m\u00e4n eri alojen edustajien yhteystietoja yhteiseen asiantuntijapankkiin. N\u00e4m\u00e4 yhteisty\u00f6kumppanit tekev\u00e4t mielell\u00e4\u00e4n yhteisty\u00f6t\u00e4 lukion kanssa ja tulevat esimerkiksi kurssillesi kertomaan itsest\u00e4\u00e4n, omasta ty\u00f6st\u00e4\u00e4n tai yrityksest\u00e4\u00e4n. Asiantuntijapankki l\u00f6ytyy Mikkelin lukion yhteisest\u00e4 drive-kansiosta. Ryhdy ty\u00f6el\u00e4m\u00e4agentiksi My\u00f6s Mikkelin lukion opettajilla on mahdollisuus ryhty\u00e4 ty\u00f6el\u00e4m\u00e4agentiksi ja tutustua valitsemaansa ty\u00f6paikkaan yhden p\u00e4iv\u00e4n &hellip; Jatka lukemista Mikkelin lukio &rarr;","og_url":"https:\/\/blogit.gradia.fi\/lukiolaisettyoelamaan\/opettajat\/mikkelin-lukio\/","og_site_name":"Lukiolaiset ty\u00f6el\u00e4m\u00e4\u00e4n","article_modified_time":"2020-09-25T06:29:28+00:00","twitter_card":"summary_large_image","twitter_misc":{"Arvioitu lukuaika":"1 minuutti"},"schema":{"@context":"https:\/\/schema.org","@graph":[{"@type":"WebPage","@id":"https:\/\/blogit.gradia.fi\/lukiolaisettyoelamaan\/opettajat\/mikkelin-lukio\/","url":"https:\/\/blogit.gradia.fi\/lukiolaisettyoelamaan\/opettajat\/mikkelin-lukio\/","name":"Mikkelin lukio - Lukiolaiset ty\u00f6el\u00e4m\u00e4\u00e4n","isPartOf":{"@id":"https:\/\/blogit.gradia.fi\/lukiolaisettyoelamaan\/#website"},"datePublished":"2020-08-16T18:59:23+00:00","dateModified":"2020-09-25T06:29:28+00:00","breadcrumb":{"@id":"https:\/\/blogit.gradia.fi\/lukiolaisettyoelamaan\/opettajat\/mikkelin-lukio\/#breadcrumb"},"inLanguage":"fi","potentialAction":[{"@type":"ReadAction","target":["https:\/\/blogit.gradia.fi\/lukiolaisettyoelamaan\/opettajat\/mikkelin-lukio\/"]}]},{"@type":"BreadcrumbList","@id":"https:\/\/blogit.gradia.fi\/lukiolaisettyoelamaan\/opettajat\/mikkelin-lukio\/#breadcrumb","itemListElement":[{"@type":"ListItem","position":1,"name":"Home","item":"https:\/\/blogit.gradia.fi\/lukiolaisettyoelamaan\/"},{"@type":"ListItem","position":2,"name":"Opettajille","item":"https:\/\/blogit.gradia.fi\/lukiolaisettyoelamaan\/opettajat\/"},{"@type":"ListItem","position":3,"name":"Mikkelin lukio"}]},{"@type":"WebSite","@id":"https:\/\/blogit.gradia.fi\/lukiolaisettyoelamaan\/#website","url":"https:\/\/blogit.gradia.fi\/lukiolaisettyoelamaan\/","name":"Lukiolaiset ty\u00f6el\u00e4m\u00e4\u00e4n","description":"Tervetuloa tutustumaan ja poimimaan hyvi\u00e4 k\u00e4yt\u00e4nteit\u00e4!","potentialAction":[{"@type":"SearchAction","target":{"@type":"EntryPoint","urlTemplate":"https:\/\/blogit.gradia.fi\/lukiolaisettyoelamaan\/?s={search_term_string}"},"query-input":{"@type":"PropertyValueSpecification","valueRequired":true,"valueName":"search_term_string"}}],"inLanguage":"fi"}]}},"uagb_featured_image_src":{"full":false,"thumbnail":false,"medium":false,"medium_large":false,"large":false,"1536x1536":false,"2048x2048":false,"post-thumbnail":false},"uagb_author_info":{"display_name":"Anna Saari","author_link":"https:\/\/blogit.gradia.fi\/lukiolaisettyoelamaan\/author\/palviann\/"},"uagb_comment_info":0,"uagb_excerpt":"Hy\u00f6dynn\u00e4 Mikkelin lukion asiantuntijapankkia opetuksessasi Olemme ker\u00e4nneet ty\u00f6- ja elinkeinoel\u00e4m\u00e4n eri alojen edustajien yhteystietoja yhteiseen asiantuntijapankkiin. N\u00e4m\u00e4 yhteisty\u00f6kumppanit tekev\u00e4t mielell\u00e4\u00e4n yhteisty\u00f6t\u00e4 lukion kanssa ja tulevat esimerkiksi kurssillesi kertomaan itsest\u00e4\u00e4n, omasta ty\u00f6st\u00e4\u00e4n tai yrityksest\u00e4\u00e4n. Asiantuntijapankki l\u00f6ytyy Mikkelin lukion yhteisest\u00e4 drive-kansiosta. Ryhdy ty\u00f6el\u00e4m\u00e4agentiksi My\u00f6s Mikkelin lukion opettajilla on mahdollisuus ryhty\u00e4 ty\u00f6el\u00e4m\u00e4agentiksi ja tutustua valitsemaansa ty\u00f6paikkaan yhden p\u00e4iv\u00e4n&hellip;","_links":{"self":[{"href":"https:\/\/blogit.gradia.fi\/lukiolaisettyoelamaan\/wp-json\/wp\/v2\/pages\/108","targetHints":{"allow":["GET"]}}],"collection":[{"href":"https:\/\/blogit.gradia.fi\/lukiolaisettyoelamaan\/wp-json\/wp\/v2\/pages"}],"about":[{"href":"https:\/\/blogit.gradia.fi\/lukiolaisettyoelamaan\/wp-json\/wp\/v2\/types\/page"}],"author":[{"embeddable":true,"href":"https:\/\/blogit.gradia.fi\/lukiolaisettyoelamaan\/wp-json\/wp\/v2\/users\/152"}],"replies":[{"embeddable":true,"href":"https:\/\/blogit.gradia.fi\/lukiolaisettyoelamaan\/wp-json\/wp\/v2\/comments?post=108"}],"version-history":[{"count":4,"href":"https:\/\/blogit.gradia.fi\/lukiolaisettyoelamaan\/wp-json\/wp\/v2\/pages\/108\/revisions"}],"predecessor-version":[{"id":285,"href":"https:\/\/blogit.gradia.fi\/lukiolaisettyoelamaan\/wp-json\/wp\/v2\/pages\/108\/revisions\/285"}],"up":[{"embeddable":true,"href":"https:\/\/blogit.gradia.fi\/lukiolaisettyoelamaan\/wp-json\/wp\/v2\/pages\/8"}],"wp:attachment":[{"href":"https:\/\/blogit.gradia.fi\/lukiolaisettyoelamaan\/wp-json\/wp\/v2\/media?parent=108"}],"curies":[{"name":"wp","href":"https:\/\/api.w.org\/{rel}","templated":true}]}}