{"id":1070,"date":"2021-02-02T10:06:34","date_gmt":"2021-02-02T08:06:34","guid":{"rendered":"https:\/\/blogit.gradia.fi\/lukiolaisettyoelamaan\/?page_id=1070"},"modified":"2021-02-02T10:09:29","modified_gmt":"2021-02-02T08:09:29","slug":"jyvaskylan-kangaskauppa-innostunut-asenne-palkitaan","status":"publish","type":"page","link":"https:\/\/blogit.gradia.fi\/lukiolaisettyoelamaan\/jyvaskylan-kangaskauppa-innostunut-asenne-palkitaan\/","title":{"rendered":"Jyv\u00e4skyl\u00e4n Kangaskauppa: Innostunut asenne palkitaan!"},"content":{"rendered":"\n<figure class=\"wp-block-image size-large\"><img loading=\"lazy\" decoding=\"async\" width=\"1024\" height=\"675\" src=\"https:\/\/blogit.gradia.fi\/lukiolaisettyoelamaan\/wp-content\/uploads\/sites\/169\/2021\/02\/Jyvaskylan-kangaskauppa-1024x675.png\" alt=\"\" class=\"wp-image-1071\" srcset=\"https:\/\/blogit.gradia.fi\/lukiolaisettyoelamaan\/wp-content\/uploads\/sites\/169\/2021\/02\/Jyvaskylan-kangaskauppa-1024x675.png 1024w, https:\/\/blogit.gradia.fi\/lukiolaisettyoelamaan\/wp-content\/uploads\/sites\/169\/2021\/02\/Jyvaskylan-kangaskauppa-300x198.png 300w, https:\/\/blogit.gradia.fi\/lukiolaisettyoelamaan\/wp-content\/uploads\/sites\/169\/2021\/02\/Jyvaskylan-kangaskauppa-768x506.png 768w, https:\/\/blogit.gradia.fi\/lukiolaisettyoelamaan\/wp-content\/uploads\/sites\/169\/2021\/02\/Jyvaskylan-kangaskauppa.png 1279w\" sizes=\"auto, (max-width: 1024px) 100vw, 1024px\" \/><\/figure>\n\n\n\n<h3 class=\"wp-block-heading\">Jyv\u00e4skyl\u00e4n Kangaskauppa Oy<\/h3>\n\n\n\n<p>Jyv\u00e4skyl\u00e4n Kangaskauppa on kankaiden, ompelutarvikkeiden sek\u00e4 erilaisten lasten sek\u00e4 \u00e4itiystarvikkeiden erikoiskauppa. Yrityksen erikoisalaa&nbsp;ovat <strong>joustavat kankaat, joita he tuovat&nbsp;maahan&nbsp; ja&nbsp;itsekin valmistuttavat. Yrityksell\u00e4 on my\u00f6s verkkokauppa, jossa myyd\u00e4\u00e4n kest\u00e4v\u00e4n kehityksen arvojen mukaisia tuotteita.<\/strong>&nbsp;<\/p>\n\n\n\n<p>Suurin osa yrityksen myyt\u00e4v\u00e4n\u00e4 olevista kankaista valmistetaan Euroopassa ja kaikissa on v\u00e4hint\u00e4\u00e4n&nbsp;\u00d6ko-Tex Standard 100 -sertifikaatti.&nbsp;T\u00e4m\u00e4 riippumattomien tutkimuslaitosten my\u00f6nt\u00e4m\u00e4\u202f<strong>sertifikaatti<\/strong>\u202ftakaa sen, ett\u00e4 tuotteessa&nbsp;<strong>ei ole haitallisia torjunta-aine-, raskasmetalli- tai formaldehydij\u00e4\u00e4mi\u00e4.<\/strong>&nbsp;<\/p>\n\n\n\n<p>Yritys tarjoaa my\u00f6s kankaiden painatusta omalle kuosilla my\u00f6s yrityksille, yhdistyksille ja yksityisillekin.&nbsp;&nbsp;<\/p>\n\n\n\n<p>Yritystoiminnan ohjaavina keskeisin\u00e4 periaatteina ja arvoina ovat&nbsp;<strong>ty\u00f6yhteis\u00f6n hyvinvointi, asiakasl\u00e4ht\u00f6isyys ja vastuullisuus.<\/strong>&nbsp;<\/p>\n\n\n\n<p>Rekrytointien yhteydess\u00e4 korostamme erityisesti  <strong>avointa ja iloista luonnetta, joka tulee hyvin toimeen kaikkien henkil\u00f6iden kanssa<\/strong>. <\/p>\n\n\n\n<p>Viestini nuorille, jotka ovat kiinnostuneita yrityksemme toimialasta: <strong>innostunut asenne palkitaan!<\/strong><\/p>\n\n\n\n<p><a href=\"http:\/\/www.jyvaskylankangaskauppa.fi\" target=\"_blank\" rel=\"noreferrer noopener\">www.jyvaskylankangaskauppa.fi<\/a> <\/p>\n","protected":false},"excerpt":{"rendered":"<p>Jyv\u00e4skyl\u00e4n Kangaskauppa Oy Jyv\u00e4skyl\u00e4n Kangaskauppa on kankaiden, ompelutarvikkeiden sek\u00e4 erilaisten lasten sek\u00e4 \u00e4itiystarvikkeiden erikoiskauppa. Yrityksen erikoisalaa&nbsp;ovat joustavat kankaat, joita he tuovat&nbsp;maahan&nbsp; ja&nbsp;itsekin valmistuttavat. Yrityksell\u00e4 on my\u00f6s verkkokauppa, jossa myyd\u00e4\u00e4n kest\u00e4v\u00e4n kehityksen arvojen mukaisia tuotteita.&nbsp; Suurin osa yrityksen myyt\u00e4v\u00e4n\u00e4 olevista kankaista valmistetaan Euroopassa ja kaikissa on v\u00e4hint\u00e4\u00e4n&nbsp;\u00d6ko-Tex Standard 100 -sertifikaatti.&nbsp;T\u00e4m\u00e4 riippumattomien tutkimuslaitosten my\u00f6nt\u00e4m\u00e4\u202fsertifikaatti\u202ftakaa sen, ett\u00e4 tuotteessa&nbsp;ei &hellip; <a href=\"https:\/\/blogit.gradia.fi\/lukiolaisettyoelamaan\/jyvaskylan-kangaskauppa-innostunut-asenne-palkitaan\/\" class=\"more-link\">Jatka lukemista <span class=\"screen-reader-text\">Jyv\u00e4skyl\u00e4n Kangaskauppa: Innostunut asenne palkitaan!<\/span> <span class=\"meta-nav\">&rarr;<\/span><\/a><\/p>\n","protected":false},"author":705,"featured_media":0,"parent":0,"menu_order":0,"comment_status":"closed","ping_status":"closed","template":"","meta":{"_uag_custom_page_level_css":"","footnotes":""},"class_list":["post-1070","page","type-page","status-publish","hentry"],"yoast_head":"<!-- This site is optimized with the Yoast SEO plugin v27.2 - https:\/\/yoast.com\/product\/yoast-seo-wordpress\/ -->\n<title>Jyv\u00e4skyl\u00e4n Kangaskauppa: Innostunut asenne palkitaan! - Lukiolaiset ty\u00f6el\u00e4m\u00e4\u00e4n<\/title>\n<meta name=\"robots\" content=\"index, follow, max-snippet:-1, max-image-preview:large, max-video-preview:-1\" \/>\n<link rel=\"canonical\" href=\"https:\/\/blogit.gradia.fi\/lukiolaisettyoelamaan\/jyvaskylan-kangaskauppa-innostunut-asenne-palkitaan\/\" \/>\n<meta property=\"og:locale\" content=\"fi_FI\" \/>\n<meta property=\"og:type\" content=\"article\" \/>\n<meta property=\"og:title\" content=\"Jyv\u00e4skyl\u00e4n Kangaskauppa: Innostunut asenne palkitaan! - Lukiolaiset ty\u00f6el\u00e4m\u00e4\u00e4n\" \/>\n<meta property=\"og:description\" content=\"Jyv\u00e4skyl\u00e4n Kangaskauppa Oy Jyv\u00e4skyl\u00e4n Kangaskauppa on kankaiden, ompelutarvikkeiden sek\u00e4 erilaisten lasten sek\u00e4 \u00e4itiystarvikkeiden erikoiskauppa. Yrityksen erikoisalaa&nbsp;ovat joustavat kankaat, joita he tuovat&nbsp;maahan&nbsp; ja&nbsp;itsekin valmistuttavat. Yrityksell\u00e4 on my\u00f6s verkkokauppa, jossa myyd\u00e4\u00e4n kest\u00e4v\u00e4n kehityksen arvojen mukaisia tuotteita.&nbsp; Suurin osa yrityksen myyt\u00e4v\u00e4n\u00e4 olevista kankaista valmistetaan Euroopassa ja kaikissa on v\u00e4hint\u00e4\u00e4n&nbsp;\u00d6ko-Tex Standard 100 -sertifikaatti.&nbsp;T\u00e4m\u00e4 riippumattomien tutkimuslaitosten my\u00f6nt\u00e4m\u00e4\u202fsertifikaatti\u202ftakaa sen, ett\u00e4 tuotteessa&nbsp;ei &hellip; Jatka lukemista Jyv\u00e4skyl\u00e4n Kangaskauppa: Innostunut asenne palkitaan! &rarr;\" \/>\n<meta property=\"og:url\" content=\"https:\/\/blogit.gradia.fi\/lukiolaisettyoelamaan\/jyvaskylan-kangaskauppa-innostunut-asenne-palkitaan\/\" \/>\n<meta property=\"og:site_name\" content=\"Lukiolaiset ty\u00f6el\u00e4m\u00e4\u00e4n\" \/>\n<meta property=\"article:modified_time\" content=\"2021-02-02T08:09:29+00:00\" \/>\n<meta property=\"og:image\" content=\"https:\/\/blogit.gradia.fi\/lukiolaisettyoelamaan\/wp-content\/uploads\/sites\/169\/2021\/02\/Jyvaskylan-kangaskauppa-1024x675.png\" \/>\n<meta name=\"twitter:card\" content=\"summary_large_image\" \/>\n<meta name=\"twitter:label1\" content=\"Arvioitu lukuaika\" \/>\n\t<meta name=\"twitter:data1\" content=\"1 minuutti\" \/>\n<script type=\"application\/ld+json\" class=\"yoast-schema-graph\">{\"@context\":\"https:\/\/schema.org\",\"@graph\":[{\"@type\":\"WebPage\",\"@id\":\"https:\/\/blogit.gradia.fi\/lukiolaisettyoelamaan\/jyvaskylan-kangaskauppa-innostunut-asenne-palkitaan\/\",\"url\":\"https:\/\/blogit.gradia.fi\/lukiolaisettyoelamaan\/jyvaskylan-kangaskauppa-innostunut-asenne-palkitaan\/\",\"name\":\"Jyv\u00e4skyl\u00e4n Kangaskauppa: Innostunut asenne palkitaan! - Lukiolaiset ty\u00f6el\u00e4m\u00e4\u00e4n\",\"isPartOf\":{\"@id\":\"https:\/\/blogit.gradia.fi\/lukiolaisettyoelamaan\/#website\"},\"primaryImageOfPage\":{\"@id\":\"https:\/\/blogit.gradia.fi\/lukiolaisettyoelamaan\/jyvaskylan-kangaskauppa-innostunut-asenne-palkitaan\/#primaryimage\"},\"image\":{\"@id\":\"https:\/\/blogit.gradia.fi\/lukiolaisettyoelamaan\/jyvaskylan-kangaskauppa-innostunut-asenne-palkitaan\/#primaryimage\"},\"thumbnailUrl\":\"https:\/\/blogit.gradia.fi\/lukiolaisettyoelamaan\/wp-content\/uploads\/sites\/169\/2021\/02\/Jyvaskylan-kangaskauppa-1024x675.png\",\"datePublished\":\"2021-02-02T08:06:34+00:00\",\"dateModified\":\"2021-02-02T08:09:29+00:00\",\"breadcrumb\":{\"@id\":\"https:\/\/blogit.gradia.fi\/lukiolaisettyoelamaan\/jyvaskylan-kangaskauppa-innostunut-asenne-palkitaan\/#breadcrumb\"},\"inLanguage\":\"fi\",\"potentialAction\":[{\"@type\":\"ReadAction\",\"target\":[\"https:\/\/blogit.gradia.fi\/lukiolaisettyoelamaan\/jyvaskylan-kangaskauppa-innostunut-asenne-palkitaan\/\"]}]},{\"@type\":\"ImageObject\",\"inLanguage\":\"fi\",\"@id\":\"https:\/\/blogit.gradia.fi\/lukiolaisettyoelamaan\/jyvaskylan-kangaskauppa-innostunut-asenne-palkitaan\/#primaryimage\",\"url\":\"https:\/\/blogit.gradia.fi\/lukiolaisettyoelamaan\/wp-content\/uploads\/sites\/169\/2021\/02\/Jyvaskylan-kangaskauppa.png\",\"contentUrl\":\"https:\/\/blogit.gradia.fi\/lukiolaisettyoelamaan\/wp-content\/uploads\/sites\/169\/2021\/02\/Jyvaskylan-kangaskauppa.png\",\"width\":1279,\"height\":843},{\"@type\":\"BreadcrumbList\",\"@id\":\"https:\/\/blogit.gradia.fi\/lukiolaisettyoelamaan\/jyvaskylan-kangaskauppa-innostunut-asenne-palkitaan\/#breadcrumb\",\"itemListElement\":[{\"@type\":\"ListItem\",\"position\":1,\"name\":\"Home\",\"item\":\"https:\/\/blogit.gradia.fi\/lukiolaisettyoelamaan\/\"},{\"@type\":\"ListItem\",\"position\":2,\"name\":\"Jyv\u00e4skyl\u00e4n Kangaskauppa: Innostunut asenne palkitaan!\"}]},{\"@type\":\"WebSite\",\"@id\":\"https:\/\/blogit.gradia.fi\/lukiolaisettyoelamaan\/#website\",\"url\":\"https:\/\/blogit.gradia.fi\/lukiolaisettyoelamaan\/\",\"name\":\"Lukiolaiset ty\u00f6el\u00e4m\u00e4\u00e4n\",\"description\":\"Tervetuloa tutustumaan ja poimimaan hyvi\u00e4 k\u00e4yt\u00e4nteit\u00e4!\",\"potentialAction\":[{\"@type\":\"SearchAction\",\"target\":{\"@type\":\"EntryPoint\",\"urlTemplate\":\"https:\/\/blogit.gradia.fi\/lukiolaisettyoelamaan\/?s={search_term_string}\"},\"query-input\":{\"@type\":\"PropertyValueSpecification\",\"valueRequired\":true,\"valueName\":\"search_term_string\"}}],\"inLanguage\":\"fi\"}]}<\/script>\n<!-- \/ Yoast SEO plugin. -->","yoast_head_json":{"title":"Jyv\u00e4skyl\u00e4n Kangaskauppa: Innostunut asenne palkitaan! - Lukiolaiset ty\u00f6el\u00e4m\u00e4\u00e4n","robots":{"index":"index","follow":"follow","max-snippet":"max-snippet:-1","max-image-preview":"max-image-preview:large","max-video-preview":"max-video-preview:-1"},"canonical":"https:\/\/blogit.gradia.fi\/lukiolaisettyoelamaan\/jyvaskylan-kangaskauppa-innostunut-asenne-palkitaan\/","og_locale":"fi_FI","og_type":"article","og_title":"Jyv\u00e4skyl\u00e4n Kangaskauppa: Innostunut asenne palkitaan! - Lukiolaiset ty\u00f6el\u00e4m\u00e4\u00e4n","og_description":"Jyv\u00e4skyl\u00e4n Kangaskauppa Oy Jyv\u00e4skyl\u00e4n Kangaskauppa on kankaiden, ompelutarvikkeiden sek\u00e4 erilaisten lasten sek\u00e4 \u00e4itiystarvikkeiden erikoiskauppa. Yrityksen erikoisalaa&nbsp;ovat joustavat kankaat, joita he tuovat&nbsp;maahan&nbsp; ja&nbsp;itsekin valmistuttavat. Yrityksell\u00e4 on my\u00f6s verkkokauppa, jossa myyd\u00e4\u00e4n kest\u00e4v\u00e4n kehityksen arvojen mukaisia tuotteita.&nbsp; Suurin osa yrityksen myyt\u00e4v\u00e4n\u00e4 olevista kankaista valmistetaan Euroopassa ja kaikissa on v\u00e4hint\u00e4\u00e4n&nbsp;\u00d6ko-Tex Standard 100 -sertifikaatti.&nbsp;T\u00e4m\u00e4 riippumattomien tutkimuslaitosten my\u00f6nt\u00e4m\u00e4\u202fsertifikaatti\u202ftakaa sen, ett\u00e4 tuotteessa&nbsp;ei &hellip; Jatka lukemista Jyv\u00e4skyl\u00e4n Kangaskauppa: Innostunut asenne palkitaan! &rarr;","og_url":"https:\/\/blogit.gradia.fi\/lukiolaisettyoelamaan\/jyvaskylan-kangaskauppa-innostunut-asenne-palkitaan\/","og_site_name":"Lukiolaiset ty\u00f6el\u00e4m\u00e4\u00e4n","article_modified_time":"2021-02-02T08:09:29+00:00","og_image":[{"url":"https:\/\/blogit.gradia.fi\/lukiolaisettyoelamaan\/wp-content\/uploads\/sites\/169\/2021\/02\/Jyvaskylan-kangaskauppa-1024x675.png","type":"","width":"","height":""}],"twitter_card":"summary_large_image","twitter_misc":{"Arvioitu lukuaika":"1 minuutti"},"schema":{"@context":"https:\/\/schema.org","@graph":[{"@type":"WebPage","@id":"https:\/\/blogit.gradia.fi\/lukiolaisettyoelamaan\/jyvaskylan-kangaskauppa-innostunut-asenne-palkitaan\/","url":"https:\/\/blogit.gradia.fi\/lukiolaisettyoelamaan\/jyvaskylan-kangaskauppa-innostunut-asenne-palkitaan\/","name":"Jyv\u00e4skyl\u00e4n Kangaskauppa: Innostunut asenne palkitaan! - Lukiolaiset ty\u00f6el\u00e4m\u00e4\u00e4n","isPartOf":{"@id":"https:\/\/blogit.gradia.fi\/lukiolaisettyoelamaan\/#website"},"primaryImageOfPage":{"@id":"https:\/\/blogit.gradia.fi\/lukiolaisettyoelamaan\/jyvaskylan-kangaskauppa-innostunut-asenne-palkitaan\/#primaryimage"},"image":{"@id":"https:\/\/blogit.gradia.fi\/lukiolaisettyoelamaan\/jyvaskylan-kangaskauppa-innostunut-asenne-palkitaan\/#primaryimage"},"thumbnailUrl":"https:\/\/blogit.gradia.fi\/lukiolaisettyoelamaan\/wp-content\/uploads\/sites\/169\/2021\/02\/Jyvaskylan-kangaskauppa-1024x675.png","datePublished":"2021-02-02T08:06:34+00:00","dateModified":"2021-02-02T08:09:29+00:00","breadcrumb":{"@id":"https:\/\/blogit.gradia.fi\/lukiolaisettyoelamaan\/jyvaskylan-kangaskauppa-innostunut-asenne-palkitaan\/#breadcrumb"},"inLanguage":"fi","potentialAction":[{"@type":"ReadAction","target":["https:\/\/blogit.gradia.fi\/lukiolaisettyoelamaan\/jyvaskylan-kangaskauppa-innostunut-asenne-palkitaan\/"]}]},{"@type":"ImageObject","inLanguage":"fi","@id":"https:\/\/blogit.gradia.fi\/lukiolaisettyoelamaan\/jyvaskylan-kangaskauppa-innostunut-asenne-palkitaan\/#primaryimage","url":"https:\/\/blogit.gradia.fi\/lukiolaisettyoelamaan\/wp-content\/uploads\/sites\/169\/2021\/02\/Jyvaskylan-kangaskauppa.png","contentUrl":"https:\/\/blogit.gradia.fi\/lukiolaisettyoelamaan\/wp-content\/uploads\/sites\/169\/2021\/02\/Jyvaskylan-kangaskauppa.png","width":1279,"height":843},{"@type":"BreadcrumbList","@id":"https:\/\/blogit.gradia.fi\/lukiolaisettyoelamaan\/jyvaskylan-kangaskauppa-innostunut-asenne-palkitaan\/#breadcrumb","itemListElement":[{"@type":"ListItem","position":1,"name":"Home","item":"https:\/\/blogit.gradia.fi\/lukiolaisettyoelamaan\/"},{"@type":"ListItem","position":2,"name":"Jyv\u00e4skyl\u00e4n Kangaskauppa: Innostunut asenne palkitaan!"}]},{"@type":"WebSite","@id":"https:\/\/blogit.gradia.fi\/lukiolaisettyoelamaan\/#website","url":"https:\/\/blogit.gradia.fi\/lukiolaisettyoelamaan\/","name":"Lukiolaiset ty\u00f6el\u00e4m\u00e4\u00e4n","description":"Tervetuloa tutustumaan ja poimimaan hyvi\u00e4 k\u00e4yt\u00e4nteit\u00e4!","potentialAction":[{"@type":"SearchAction","target":{"@type":"EntryPoint","urlTemplate":"https:\/\/blogit.gradia.fi\/lukiolaisettyoelamaan\/?s={search_term_string}"},"query-input":{"@type":"PropertyValueSpecification","valueRequired":true,"valueName":"search_term_string"}}],"inLanguage":"fi"}]}},"uagb_featured_image_src":{"full":false,"thumbnail":false,"medium":false,"medium_large":false,"large":false,"1536x1536":false,"2048x2048":false,"post-thumbnail":false},"uagb_author_info":{"display_name":"Birgitta Mannila","author_link":"https:\/\/blogit.gradia.fi\/lukiolaisettyoelamaan\/author\/mannibir\/"},"uagb_comment_info":0,"uagb_excerpt":"Jyv\u00e4skyl\u00e4n Kangaskauppa Oy Jyv\u00e4skyl\u00e4n Kangaskauppa on kankaiden, ompelutarvikkeiden sek\u00e4 erilaisten lasten sek\u00e4 \u00e4itiystarvikkeiden erikoiskauppa. Yrityksen erikoisalaa&nbsp;ovat joustavat kankaat, joita he tuovat&nbsp;maahan&nbsp; ja&nbsp;itsekin valmistuttavat. Yrityksell\u00e4 on my\u00f6s verkkokauppa, jossa myyd\u00e4\u00e4n kest\u00e4v\u00e4n kehityksen arvojen mukaisia tuotteita.&nbsp; Suurin osa yrityksen myyt\u00e4v\u00e4n\u00e4 olevista kankaista valmistetaan Euroopassa ja kaikissa on v\u00e4hint\u00e4\u00e4n&nbsp;\u00d6ko-Tex Standard 100 -sertifikaatti.&nbsp;T\u00e4m\u00e4 riippumattomien tutkimuslaitosten my\u00f6nt\u00e4m\u00e4\u202fsertifikaatti\u202ftakaa sen, ett\u00e4 tuotteessa&nbsp;ei&hellip;","_links":{"self":[{"href":"https:\/\/blogit.gradia.fi\/lukiolaisettyoelamaan\/wp-json\/wp\/v2\/pages\/1070","targetHints":{"allow":["GET"]}}],"collection":[{"href":"https:\/\/blogit.gradia.fi\/lukiolaisettyoelamaan\/wp-json\/wp\/v2\/pages"}],"about":[{"href":"https:\/\/blogit.gradia.fi\/lukiolaisettyoelamaan\/wp-json\/wp\/v2\/types\/page"}],"author":[{"embeddable":true,"href":"https:\/\/blogit.gradia.fi\/lukiolaisettyoelamaan\/wp-json\/wp\/v2\/users\/705"}],"replies":[{"embeddable":true,"href":"https:\/\/blogit.gradia.fi\/lukiolaisettyoelamaan\/wp-json\/wp\/v2\/comments?post=1070"}],"version-history":[{"count":3,"href":"https:\/\/blogit.gradia.fi\/lukiolaisettyoelamaan\/wp-json\/wp\/v2\/pages\/1070\/revisions"}],"predecessor-version":[{"id":1078,"href":"https:\/\/blogit.gradia.fi\/lukiolaisettyoelamaan\/wp-json\/wp\/v2\/pages\/1070\/revisions\/1078"}],"wp:attachment":[{"href":"https:\/\/blogit.gradia.fi\/lukiolaisettyoelamaan\/wp-json\/wp\/v2\/media?parent=1070"}],"curies":[{"name":"wp","href":"https:\/\/api.w.org\/{rel}","templated":true}]}}