{"id":58,"date":"2016-09-07T13:59:38","date_gmt":"2016-09-07T10:59:38","guid":{"rendered":"https:\/\/blogit.gradia.fi\/yhteiskuntataidot\/?page_id=58"},"modified":"2019-05-07T09:52:22","modified_gmt":"2019-05-07T06:52:22","slug":"aktiivinen-ja-tasa-arvoinen-toiminta-yhteiskunnassa","status":"publish","type":"page","link":"https:\/\/blogit.gradia.fi\/kestavakehitys\/aktiivinen-ja-tasa-arvoinen-toiminta-yhteiskunnassa\/","title":{"rendered":"Ihmisen toiminnan ymp\u00e4rist\u00f6vaikutukset"},"content":{"rendered":"<p><img loading=\"lazy\" decoding=\"async\" class=\"alignnone size-medium wp-image-274\" src=\"https:\/\/blogit.gradia.fi\/kestavakehitys\/wp-content\/uploads\/sites\/34\/2018\/11\/shutterstock_132829664-300x281.jpg\" alt=\"\" width=\"300\" height=\"281\" srcset=\"https:\/\/blogit.gradia.fi\/kestavakehitys\/wp-content\/uploads\/sites\/34\/2018\/11\/shutterstock_132829664-300x281.jpg 300w, https:\/\/blogit.gradia.fi\/kestavakehitys\/wp-content\/uploads\/sites\/34\/2018\/11\/shutterstock_132829664-768x718.jpg 768w, https:\/\/blogit.gradia.fi\/kestavakehitys\/wp-content\/uploads\/sites\/34\/2018\/11\/shutterstock_132829664-624x583.jpg 624w, https:\/\/blogit.gradia.fi\/kestavakehitys\/wp-content\/uploads\/sites\/34\/2018\/11\/shutterstock_132829664.jpg 1000w\" sizes=\"auto, (max-width: 300px) 100vw, 300px\" \/><\/p>\n<p>1. Mit\u00e4 haitallisia ymp\u00e4rist\u00f6vaikutuksia ihmisen toiminta aiheuttaa? Perehdy aiheeseen ja esittele 1-2 ymp\u00e4rist\u00f6ongelmaa.<\/p>\n<p>Kerro jokaisesta valitusta ymp\u00e4rist\u00f6vaikutuksesta v\u00e4hint\u00e4\u00e4n seuraavat tiedot:<\/p>\n<ul>\n<li>Mik\u00e4 ymp\u00e4rist\u00f6vaikutus?<\/li>\n<li>Mik\u00e4 aiheuttaa?<\/li>\n<li>Mit\u00e4 seurauksia?<\/li>\n<li>Mieti liittyyk\u00f6 ymp\u00e4rist\u00f6ongelma omaan ammattialaasi suoraan tai ep\u00e4suorasti.<\/li>\n<\/ul>\n<p>Mieti ensin itse, etsi sen j\u00e4lkeen tietoa esimerkiksi seuraavien linkkien avulla:<\/p>\n<ul>\n<li><a href=\"http:\/\/www.ymparistoosaava.fi\/kone-ja-metalliala\/index.php?k=22564\" target=\"_blank\" rel=\"noopener noreferrer\">Ymp\u00e4rist\u00f6osaava ammattilainen: ymp\u00e4rist\u00f6vaikutukset<\/a><\/li>\n<li><a href=\"http:\/\/www.ymparisto.fi\/fi-FI\/Ilmasto_ja_ilma\/Ilmansuojelu\" target=\"_blank\" rel=\"noopener noreferrer\">Ymp\u00e4rist\u00f6hallinto: ilmansuojelu<\/a><\/li>\n<li><a href=\"http:\/\/www.ymparisto.fi\/fi-FI\/Ilmasto_ja_ilma\/Otsonikerroksen_suojelu\" target=\"_blank\" rel=\"noopener noreferrer\">Ymp\u00e4rist\u00f6hallinto: otsonikerroksen suojelu<\/a><\/li>\n<li><a href=\"http:\/\/ilmasto-opas.fi\/fi\/ilmastonmuutos\/ilmio\" target=\"_blank\" rel=\"noopener noreferrer\">Ilmasto-opas.fi: ilmastonmuutos<\/a><\/li>\n<li><a href=\"http:\/\/www.ym.fi\/fi-FI\/Luonto\/Luonnon_monimuotoisuus\" target=\"_blank\" rel=\"noopener noreferrer\">Ymp\u00e4rist\u00f6ministeri\u00f6: luonnon monimuotoisuus<\/a><\/li>\n<li><a href=\"http:\/\/www.ymparisto.fi\/fi-FI\/Luonto\/Lajit\/Lajiensuojelutyo\" target=\"_blank\" rel=\"noopener noreferrer\">Ymp\u00e4rist\u00f6hallinto: lajiensuojeluty\u00f6<\/a><\/li>\n<li><a href=\"http:\/\/www.metsa.fi\/luonnonsuojelu-ja-hoito\" target=\"_blank\" rel=\"noopener noreferrer\">Mets\u00e4hallitus: luonnonsuojelu ja -hoito<\/a><\/li>\n<li><a href=\"http:\/\/wwf.fi\/uhat\/lajien-katoaminen\/\" target=\"_blank\" rel=\"noopener noreferrer\">WWF: lajien katoaminen<\/a><\/li>\n<li><a href=\"http:\/\/www.ymparisto.fi\/fi-FI\/Kulutus_ja_tuotanto\/Kemikaalien_ymparistoriskit\" target=\"_blank\" rel=\"noopener noreferrer\">Ymp\u00e4rist\u00f6hallinto: kemikaalit<\/a><\/li>\n<li><a href=\"https:\/\/www.thl.fi\/fi\/web\/ymparistoterveys\/ymparistomyrkyt\" target=\"_blank\" rel=\"noopener noreferrer\">Terveyden ja hyvinvoinnin laitos (THL): ymp\u00e4rist\u00f6myrkyt<\/a><\/li>\n<li><a href=\"http:\/\/wwf.fi\/alueet\/itameri\/rehevoityminen\/\" target=\"_blank\" rel=\"noopener noreferrer\">WWF: It\u00e4meren rehev\u00f6ityminen<\/a><\/li>\n<li><a href=\"http:\/\/www.ymparisto.fi\/fi-FI\/Vesi\/Vesistojen_kunnostus\/Jarvien_kunnostus\/Kunnostustarvetta_aiheuttavia_tekijoita\/Rehevoityminen\" target=\"_blank\" rel=\"noopener noreferrer\">Ymp\u00e4rist\u00f6hallinto: j\u00e4rven rehev\u00f6ityminen<\/a><\/li>\n<li><a href=\"http:\/\/www.ymparisto.fi\/fi-FI\/Vesi\/Vesistojen_kunnostus\/Virtavesien_kunnostus\/Kunnostustarvetta_aiheuttavia_tekijoita\/Happamoituminen\" target=\"_blank\" rel=\"noopener noreferrer\">Ymp\u00e4rist\u00f6hallinto: happamoituminen<\/a><\/li>\n<li><a href=\"http:\/\/ilmasto-opas.fi\/fi\/ilmastonmuutos\/videot-ja-visualisoinnit\/-\/artikkeli\/ee5cea58-58f6-477d-8670-18aff21a1bb2\/video-merien-happamoituminen.html\" target=\"_blank\" rel=\"noopener noreferrer\">Ilmasto-opas.fi: Video: happamoituminen<\/a><\/li>\n<li><a href=\"http:\/\/www.ym.fi\/fi-FI\/Kansainvalinen_yhteistyo\/Arktisen_ja_Barentsin_alueen_yhteistyo\/Arktiset_meret_happamoituvat(10091)\" target=\"_blank\" rel=\"noopener noreferrer\">Ymp\u00e4rist\u00f6ministeri\u00f6: arktiset meret happamoituvat<\/a><\/li>\n<li><a href=\"http:\/\/www.ymparisto.fi\/fi-fi\/Elinymparisto_ja_kaavoitus\/Elinymparisto\/Melu\">Ymp\u00e4rist\u00f6hallinto: melu<\/a><\/li>\n<\/ul>\n<p>Esitys voi olla kirjoitus, taulukko, k\u00e4sitekartta tms. Palauttakaa se sovitulle oppimisalustalle m\u00e4\u00e4r\u00e4aikaan menness\u00e4.<\/p>\n","protected":false},"excerpt":{"rendered":"<p>1. Mit\u00e4 haitallisia ymp\u00e4rist\u00f6vaikutuksia ihmisen toiminta aiheuttaa? Perehdy aiheeseen ja esittele 1-2 ymp\u00e4rist\u00f6ongelmaa. Kerro jokaisesta valitusta ymp\u00e4rist\u00f6vaikutuksesta v\u00e4hint\u00e4\u00e4n seuraavat tiedot: Mik\u00e4 ymp\u00e4rist\u00f6vaikutus? Mik\u00e4 aiheuttaa? Mit\u00e4 seurauksia? Mieti liittyyk\u00f6 ymp\u00e4rist\u00f6ongelma omaan ammattialaasi suoraan tai ep\u00e4suorasti. Mieti ensin itse, etsi sen j\u00e4lkeen tietoa esimerkiksi seuraavien linkkien avulla: Ymp\u00e4rist\u00f6osaava ammattilainen: ymp\u00e4rist\u00f6vaikutukset Ymp\u00e4rist\u00f6hallinto: ilmansuojelu Ymp\u00e4rist\u00f6hallinto: otsonikerroksen suojelu Ilmasto-opas.fi: ilmastonmuutos [&hellip;]<\/p>\n","protected":false},"author":262,"featured_media":0,"parent":0,"menu_order":0,"comment_status":"closed","ping_status":"closed","template":"","meta":{"_uag_custom_page_level_css":"","footnotes":""},"class_list":["post-58","page","type-page","status-publish","hentry"],"yoast_head":"<!-- This site is optimized with the Yoast SEO plugin v27.4 - https:\/\/yoast.com\/product\/yoast-seo-wordpress\/ -->\n<title>Ihmisen toiminnan ymp\u00e4rist\u00f6vaikutukset - Kest\u00e4v\u00e4n kehityksen - verkkokurssi<\/title>\n<meta name=\"robots\" content=\"index, follow, max-snippet:-1, max-image-preview:large, max-video-preview:-1\" \/>\n<link rel=\"canonical\" href=\"https:\/\/blogit.gradia.fi\/kestavakehitys\/aktiivinen-ja-tasa-arvoinen-toiminta-yhteiskunnassa\/\" \/>\n<meta property=\"og:locale\" content=\"fi_FI\" \/>\n<meta property=\"og:type\" content=\"article\" \/>\n<meta property=\"og:title\" content=\"Ihmisen toiminnan ymp\u00e4rist\u00f6vaikutukset - Kest\u00e4v\u00e4n kehityksen - verkkokurssi\" \/>\n<meta property=\"og:description\" content=\"1. Mit\u00e4 haitallisia ymp\u00e4rist\u00f6vaikutuksia ihmisen toiminta aiheuttaa? Perehdy aiheeseen ja esittele 1-2 ymp\u00e4rist\u00f6ongelmaa. Kerro jokaisesta valitusta ymp\u00e4rist\u00f6vaikutuksesta v\u00e4hint\u00e4\u00e4n seuraavat tiedot: Mik\u00e4 ymp\u00e4rist\u00f6vaikutus? Mik\u00e4 aiheuttaa? Mit\u00e4 seurauksia? Mieti liittyyk\u00f6 ymp\u00e4rist\u00f6ongelma omaan ammattialaasi suoraan tai ep\u00e4suorasti. Mieti ensin itse, etsi sen j\u00e4lkeen tietoa esimerkiksi seuraavien linkkien avulla: Ymp\u00e4rist\u00f6osaava ammattilainen: ymp\u00e4rist\u00f6vaikutukset Ymp\u00e4rist\u00f6hallinto: ilmansuojelu Ymp\u00e4rist\u00f6hallinto: otsonikerroksen suojelu Ilmasto-opas.fi: ilmastonmuutos [&hellip;]\" \/>\n<meta property=\"og:url\" content=\"https:\/\/blogit.gradia.fi\/kestavakehitys\/aktiivinen-ja-tasa-arvoinen-toiminta-yhteiskunnassa\/\" \/>\n<meta property=\"og:site_name\" content=\"Kest\u00e4v\u00e4n kehityksen - verkkokurssi\" \/>\n<meta property=\"article:modified_time\" content=\"2019-05-07T06:52:22+00:00\" \/>\n<meta property=\"og:image\" content=\"https:\/\/blogit.gradia.fi\/kestavakehitys\/wp-content\/uploads\/sites\/34\/2018\/11\/shutterstock_132829664-300x281.jpg\" \/>\n<meta name=\"twitter:card\" content=\"summary_large_image\" \/>\n<meta name=\"twitter:label1\" content=\"Arvioitu lukuaika\" \/>\n\t<meta name=\"twitter:data1\" content=\"1 minuutti\" \/>\n<script type=\"application\/ld+json\" class=\"yoast-schema-graph\">{\"@context\":\"https:\\\/\\\/schema.org\",\"@graph\":[{\"@type\":\"WebPage\",\"@id\":\"https:\\\/\\\/blogit.gradia.fi\\\/kestavakehitys\\\/aktiivinen-ja-tasa-arvoinen-toiminta-yhteiskunnassa\\\/\",\"url\":\"https:\\\/\\\/blogit.gradia.fi\\\/kestavakehitys\\\/aktiivinen-ja-tasa-arvoinen-toiminta-yhteiskunnassa\\\/\",\"name\":\"Ihmisen toiminnan ymp\u00e4rist\u00f6vaikutukset - Kest\u00e4v\u00e4n kehityksen - verkkokurssi\",\"isPartOf\":{\"@id\":\"https:\\\/\\\/blogit.gradia.fi\\\/kestavakehitys\\\/#website\"},\"primaryImageOfPage\":{\"@id\":\"https:\\\/\\\/blogit.gradia.fi\\\/kestavakehitys\\\/aktiivinen-ja-tasa-arvoinen-toiminta-yhteiskunnassa\\\/#primaryimage\"},\"image\":{\"@id\":\"https:\\\/\\\/blogit.gradia.fi\\\/kestavakehitys\\\/aktiivinen-ja-tasa-arvoinen-toiminta-yhteiskunnassa\\\/#primaryimage\"},\"thumbnailUrl\":\"https:\\\/\\\/blogit.gradia.fi\\\/kestavakehitys\\\/wp-content\\\/uploads\\\/sites\\\/34\\\/2018\\\/11\\\/shutterstock_132829664-300x281.jpg\",\"datePublished\":\"2016-09-07T10:59:38+00:00\",\"dateModified\":\"2019-05-07T06:52:22+00:00\",\"inLanguage\":\"fi\",\"potentialAction\":[{\"@type\":\"ReadAction\",\"target\":[\"https:\\\/\\\/blogit.gradia.fi\\\/kestavakehitys\\\/aktiivinen-ja-tasa-arvoinen-toiminta-yhteiskunnassa\\\/\"]}]},{\"@type\":\"ImageObject\",\"inLanguage\":\"fi\",\"@id\":\"https:\\\/\\\/blogit.gradia.fi\\\/kestavakehitys\\\/aktiivinen-ja-tasa-arvoinen-toiminta-yhteiskunnassa\\\/#primaryimage\",\"url\":\"https:\\\/\\\/blogit.gradia.fi\\\/kestavakehitys\\\/wp-content\\\/uploads\\\/sites\\\/34\\\/2018\\\/11\\\/shutterstock_132829664.jpg\",\"contentUrl\":\"https:\\\/\\\/blogit.gradia.fi\\\/kestavakehitys\\\/wp-content\\\/uploads\\\/sites\\\/34\\\/2018\\\/11\\\/shutterstock_132829664.jpg\",\"width\":1000,\"height\":935},{\"@type\":\"WebSite\",\"@id\":\"https:\\\/\\\/blogit.gradia.fi\\\/kestavakehitys\\\/#website\",\"url\":\"https:\\\/\\\/blogit.gradia.fi\\\/kestavakehitys\\\/\",\"name\":\"Kest\u00e4v\u00e4n kehityksen - verkkokurssi\",\"description\":\"Uusi ao-blogit -sivusto\",\"potentialAction\":[{\"@type\":\"SearchAction\",\"target\":{\"@type\":\"EntryPoint\",\"urlTemplate\":\"https:\\\/\\\/blogit.gradia.fi\\\/kestavakehitys\\\/?s={search_term_string}\"},\"query-input\":{\"@type\":\"PropertyValueSpecification\",\"valueRequired\":true,\"valueName\":\"search_term_string\"}}],\"inLanguage\":\"fi\"}]}<\/script>\n<!-- \/ Yoast SEO plugin. -->","yoast_head_json":{"title":"Ihmisen toiminnan ymp\u00e4rist\u00f6vaikutukset - Kest\u00e4v\u00e4n kehityksen - verkkokurssi","robots":{"index":"index","follow":"follow","max-snippet":"max-snippet:-1","max-image-preview":"max-image-preview:large","max-video-preview":"max-video-preview:-1"},"canonical":"https:\/\/blogit.gradia.fi\/kestavakehitys\/aktiivinen-ja-tasa-arvoinen-toiminta-yhteiskunnassa\/","og_locale":"fi_FI","og_type":"article","og_title":"Ihmisen toiminnan ymp\u00e4rist\u00f6vaikutukset - Kest\u00e4v\u00e4n kehityksen - verkkokurssi","og_description":"1. Mit\u00e4 haitallisia ymp\u00e4rist\u00f6vaikutuksia ihmisen toiminta aiheuttaa? Perehdy aiheeseen ja esittele 1-2 ymp\u00e4rist\u00f6ongelmaa. Kerro jokaisesta valitusta ymp\u00e4rist\u00f6vaikutuksesta v\u00e4hint\u00e4\u00e4n seuraavat tiedot: Mik\u00e4 ymp\u00e4rist\u00f6vaikutus? Mik\u00e4 aiheuttaa? Mit\u00e4 seurauksia? Mieti liittyyk\u00f6 ymp\u00e4rist\u00f6ongelma omaan ammattialaasi suoraan tai ep\u00e4suorasti. Mieti ensin itse, etsi sen j\u00e4lkeen tietoa esimerkiksi seuraavien linkkien avulla: Ymp\u00e4rist\u00f6osaava ammattilainen: ymp\u00e4rist\u00f6vaikutukset Ymp\u00e4rist\u00f6hallinto: ilmansuojelu Ymp\u00e4rist\u00f6hallinto: otsonikerroksen suojelu Ilmasto-opas.fi: ilmastonmuutos [&hellip;]","og_url":"https:\/\/blogit.gradia.fi\/kestavakehitys\/aktiivinen-ja-tasa-arvoinen-toiminta-yhteiskunnassa\/","og_site_name":"Kest\u00e4v\u00e4n kehityksen - verkkokurssi","article_modified_time":"2019-05-07T06:52:22+00:00","og_image":[{"url":"https:\/\/blogit.gradia.fi\/kestavakehitys\/wp-content\/uploads\/sites\/34\/2018\/11\/shutterstock_132829664-300x281.jpg","type":"","width":"","height":""}],"twitter_card":"summary_large_image","twitter_misc":{"Arvioitu lukuaika":"1 minuutti"},"schema":{"@context":"https:\/\/schema.org","@graph":[{"@type":"WebPage","@id":"https:\/\/blogit.gradia.fi\/kestavakehitys\/aktiivinen-ja-tasa-arvoinen-toiminta-yhteiskunnassa\/","url":"https:\/\/blogit.gradia.fi\/kestavakehitys\/aktiivinen-ja-tasa-arvoinen-toiminta-yhteiskunnassa\/","name":"Ihmisen toiminnan ymp\u00e4rist\u00f6vaikutukset - Kest\u00e4v\u00e4n kehityksen - verkkokurssi","isPartOf":{"@id":"https:\/\/blogit.gradia.fi\/kestavakehitys\/#website"},"primaryImageOfPage":{"@id":"https:\/\/blogit.gradia.fi\/kestavakehitys\/aktiivinen-ja-tasa-arvoinen-toiminta-yhteiskunnassa\/#primaryimage"},"image":{"@id":"https:\/\/blogit.gradia.fi\/kestavakehitys\/aktiivinen-ja-tasa-arvoinen-toiminta-yhteiskunnassa\/#primaryimage"},"thumbnailUrl":"https:\/\/blogit.gradia.fi\/kestavakehitys\/wp-content\/uploads\/sites\/34\/2018\/11\/shutterstock_132829664-300x281.jpg","datePublished":"2016-09-07T10:59:38+00:00","dateModified":"2019-05-07T06:52:22+00:00","inLanguage":"fi","potentialAction":[{"@type":"ReadAction","target":["https:\/\/blogit.gradia.fi\/kestavakehitys\/aktiivinen-ja-tasa-arvoinen-toiminta-yhteiskunnassa\/"]}]},{"@type":"ImageObject","inLanguage":"fi","@id":"https:\/\/blogit.gradia.fi\/kestavakehitys\/aktiivinen-ja-tasa-arvoinen-toiminta-yhteiskunnassa\/#primaryimage","url":"https:\/\/blogit.gradia.fi\/kestavakehitys\/wp-content\/uploads\/sites\/34\/2018\/11\/shutterstock_132829664.jpg","contentUrl":"https:\/\/blogit.gradia.fi\/kestavakehitys\/wp-content\/uploads\/sites\/34\/2018\/11\/shutterstock_132829664.jpg","width":1000,"height":935},{"@type":"WebSite","@id":"https:\/\/blogit.gradia.fi\/kestavakehitys\/#website","url":"https:\/\/blogit.gradia.fi\/kestavakehitys\/","name":"Kest\u00e4v\u00e4n kehityksen - verkkokurssi","description":"Uusi ao-blogit -sivusto","potentialAction":[{"@type":"SearchAction","target":{"@type":"EntryPoint","urlTemplate":"https:\/\/blogit.gradia.fi\/kestavakehitys\/?s={search_term_string}"},"query-input":{"@type":"PropertyValueSpecification","valueRequired":true,"valueName":"search_term_string"}}],"inLanguage":"fi"}]}},"uagb_featured_image_src":{"full":false,"thumbnail":false,"medium":false,"medium_large":false,"large":false,"1536x1536":false,"2048x2048":false,"post-thumbnail":false},"uagb_author_info":{"display_name":"Ari Porki","author_link":"https:\/\/blogit.gradia.fi\/kestavakehitys\/author\/porkiari\/"},"uagb_comment_info":0,"uagb_excerpt":"1. Mit\u00e4 haitallisia ymp\u00e4rist\u00f6vaikutuksia ihmisen toiminta aiheuttaa? Perehdy aiheeseen ja esittele 1-2 ymp\u00e4rist\u00f6ongelmaa. Kerro jokaisesta valitusta ymp\u00e4rist\u00f6vaikutuksesta v\u00e4hint\u00e4\u00e4n seuraavat tiedot: Mik\u00e4 ymp\u00e4rist\u00f6vaikutus? Mik\u00e4 aiheuttaa? Mit\u00e4 seurauksia? Mieti liittyyk\u00f6 ymp\u00e4rist\u00f6ongelma omaan ammattialaasi suoraan tai ep\u00e4suorasti. Mieti ensin itse, etsi sen j\u00e4lkeen tietoa esimerkiksi seuraavien linkkien avulla: Ymp\u00e4rist\u00f6osaava ammattilainen: ymp\u00e4rist\u00f6vaikutukset Ymp\u00e4rist\u00f6hallinto: ilmansuojelu Ymp\u00e4rist\u00f6hallinto: otsonikerroksen suojelu Ilmasto-opas.fi: ilmastonmuutos&hellip;","_links":{"self":[{"href":"https:\/\/blogit.gradia.fi\/kestavakehitys\/wp-json\/wp\/v2\/pages\/58","targetHints":{"allow":["GET"]}}],"collection":[{"href":"https:\/\/blogit.gradia.fi\/kestavakehitys\/wp-json\/wp\/v2\/pages"}],"about":[{"href":"https:\/\/blogit.gradia.fi\/kestavakehitys\/wp-json\/wp\/v2\/types\/page"}],"author":[{"embeddable":true,"href":"https:\/\/blogit.gradia.fi\/kestavakehitys\/wp-json\/wp\/v2\/users\/262"}],"replies":[{"embeddable":true,"href":"https:\/\/blogit.gradia.fi\/kestavakehitys\/wp-json\/wp\/v2\/comments?post=58"}],"version-history":[{"count":2,"href":"https:\/\/blogit.gradia.fi\/kestavakehitys\/wp-json\/wp\/v2\/pages\/58\/revisions"}],"predecessor-version":[{"id":320,"href":"https:\/\/blogit.gradia.fi\/kestavakehitys\/wp-json\/wp\/v2\/pages\/58\/revisions\/320"}],"wp:attachment":[{"href":"https:\/\/blogit.gradia.fi\/kestavakehitys\/wp-json\/wp\/v2\/media?parent=58"}],"curies":[{"name":"wp","href":"https:\/\/api.w.org\/{rel}","templated":true}]}}