{"id":30,"date":"2016-09-07T12:45:34","date_gmt":"2016-09-07T09:45:34","guid":{"rendered":"https:\/\/blogit.gradia.fi\/yhteiskuntataidot\/?page_id=30"},"modified":"2018-11-12T13:53:28","modified_gmt":"2018-11-12T11:53:28","slug":"omien-raha-asioiden-hoitaminen","status":"publish","type":"page","link":"https:\/\/blogit.gradia.fi\/kestavakehitys\/omien-raha-asioiden-hoitaminen\/","title":{"rendered":"Energia ja materiaalitehokkuus"},"content":{"rendered":"<p><img loading=\"lazy\" decoding=\"async\" class=\"alignnone size-medium wp-image-83\" src=\"https:\/\/blogit.gradia.fi\/yhteiskuntataidot\/wp-content\/uploads\/sites\/34\/2016\/09\/shutterstock_61004233-246x300.jpg\" alt=\"shutterstock_61004233\" width=\"246\" height=\"300\" srcset=\"https:\/\/blogit.gradia.fi\/kestavakehitys\/wp-content\/uploads\/sites\/34\/2016\/09\/shutterstock_61004233-246x300.jpg 246w, https:\/\/blogit.gradia.fi\/kestavakehitys\/wp-content\/uploads\/sites\/34\/2016\/09\/shutterstock_61004233.jpg 483w\" sizes=\"auto, (max-width: 246px) 100vw, 246px\" \/><\/p>\n<p>1. Tarkastele tekem\u00e4\u00e4si oman ammattialasi tuotteiden elinkaariarvioita. Miten materiaali- ja energiatehokkuutta voitaisiin parantaa n\u00e4iden tuotteiden kohdalla<\/p>\n<ul>\n<li>tuotteen suunnittelussa?<\/li>\n<li>raaka-aineiden hankinnassa?<\/li>\n<li>tuotteen valmistusvaiheessa?<\/li>\n<li>kuljetuksissa?<\/li>\n<li>tuotteen k\u00e4yt\u00f6n aikana?<\/li>\n<li>tuotteen j\u00e4tehuoltovaiheessa?<\/li>\n<\/ul>\n<p>Pohdi my\u00f6s<\/p>\n<ul>\n<li>Miten ja miss\u00e4 vaiheessa tuotteen elinkaarta voi pident\u00e4\u00e4?<\/li>\n<li>Miten ja miss\u00e4 vaiheessa voit ty\u00f6ntekij\u00e4n\u00e4 eniten vaikuttaa?<\/li>\n<\/ul>\n<p>J\u00e4t\u00e4 vastauksesi kysymykseen kommenttina oman ammattialasi tuotteiden elinkaariarvion yhteyteen.<\/p>\n<p>&nbsp;<\/p>\n","protected":false},"excerpt":{"rendered":"<p>1. Tarkastele tekem\u00e4\u00e4si oman ammattialasi tuotteiden elinkaariarvioita. Miten materiaali- ja energiatehokkuutta voitaisiin parantaa n\u00e4iden tuotteiden kohdalla tuotteen suunnittelussa? raaka-aineiden hankinnassa? tuotteen valmistusvaiheessa? kuljetuksissa? tuotteen k\u00e4yt\u00f6n aikana? tuotteen j\u00e4tehuoltovaiheessa? Pohdi my\u00f6s Miten ja miss\u00e4 vaiheessa tuotteen elinkaarta voi pident\u00e4\u00e4? Miten ja miss\u00e4 vaiheessa voit ty\u00f6ntekij\u00e4n\u00e4 eniten vaikuttaa? J\u00e4t\u00e4 vastauksesi kysymykseen kommenttina oman ammattialasi tuotteiden elinkaariarvion yhteyteen. [&hellip;]<\/p>\n","protected":false},"author":262,"featured_media":0,"parent":0,"menu_order":0,"comment_status":"closed","ping_status":"closed","template":"","meta":{"_uag_custom_page_level_css":"","footnotes":""},"class_list":["post-30","page","type-page","status-publish","hentry"],"yoast_head":"<!-- This site is optimized with the Yoast SEO plugin v27.4 - https:\/\/yoast.com\/product\/yoast-seo-wordpress\/ -->\n<title>Energia ja materiaalitehokkuus - Kest\u00e4v\u00e4n kehityksen - verkkokurssi<\/title>\n<meta name=\"robots\" content=\"index, follow, max-snippet:-1, max-image-preview:large, max-video-preview:-1\" \/>\n<link rel=\"canonical\" href=\"https:\/\/blogit.gradia.fi\/kestavakehitys\/omien-raha-asioiden-hoitaminen\/\" \/>\n<meta property=\"og:locale\" content=\"fi_FI\" \/>\n<meta property=\"og:type\" content=\"article\" \/>\n<meta property=\"og:title\" content=\"Energia ja materiaalitehokkuus - Kest\u00e4v\u00e4n kehityksen - verkkokurssi\" \/>\n<meta property=\"og:description\" content=\"1. Tarkastele tekem\u00e4\u00e4si oman ammattialasi tuotteiden elinkaariarvioita. Miten materiaali- ja energiatehokkuutta voitaisiin parantaa n\u00e4iden tuotteiden kohdalla tuotteen suunnittelussa? raaka-aineiden hankinnassa? tuotteen valmistusvaiheessa? kuljetuksissa? tuotteen k\u00e4yt\u00f6n aikana? tuotteen j\u00e4tehuoltovaiheessa? Pohdi my\u00f6s Miten ja miss\u00e4 vaiheessa tuotteen elinkaarta voi pident\u00e4\u00e4? Miten ja miss\u00e4 vaiheessa voit ty\u00f6ntekij\u00e4n\u00e4 eniten vaikuttaa? J\u00e4t\u00e4 vastauksesi kysymykseen kommenttina oman ammattialasi tuotteiden elinkaariarvion yhteyteen. [&hellip;]\" \/>\n<meta property=\"og:url\" content=\"https:\/\/blogit.gradia.fi\/kestavakehitys\/omien-raha-asioiden-hoitaminen\/\" \/>\n<meta property=\"og:site_name\" content=\"Kest\u00e4v\u00e4n kehityksen - verkkokurssi\" \/>\n<meta property=\"article:modified_time\" content=\"2018-11-12T11:53:28+00:00\" \/>\n<meta property=\"og:image\" content=\"https:\/\/blogit.gradia.fi\/yhteiskuntataidot\/wp-content\/uploads\/sites\/34\/2016\/09\/shutterstock_61004233-246x300.jpg\" \/>\n<meta name=\"twitter:card\" content=\"summary_large_image\" \/>\n<script type=\"application\/ld+json\" class=\"yoast-schema-graph\">{\"@context\":\"https:\\\/\\\/schema.org\",\"@graph\":[{\"@type\":\"WebPage\",\"@id\":\"https:\\\/\\\/blogit.gradia.fi\\\/kestavakehitys\\\/omien-raha-asioiden-hoitaminen\\\/\",\"url\":\"https:\\\/\\\/blogit.gradia.fi\\\/kestavakehitys\\\/omien-raha-asioiden-hoitaminen\\\/\",\"name\":\"Energia ja materiaalitehokkuus - Kest\u00e4v\u00e4n kehityksen - verkkokurssi\",\"isPartOf\":{\"@id\":\"https:\\\/\\\/blogit.gradia.fi\\\/kestavakehitys\\\/#website\"},\"primaryImageOfPage\":{\"@id\":\"https:\\\/\\\/blogit.gradia.fi\\\/kestavakehitys\\\/omien-raha-asioiden-hoitaminen\\\/#primaryimage\"},\"image\":{\"@id\":\"https:\\\/\\\/blogit.gradia.fi\\\/kestavakehitys\\\/omien-raha-asioiden-hoitaminen\\\/#primaryimage\"},\"thumbnailUrl\":\"https:\\\/\\\/blogit.gradia.fi\\\/yhteiskuntataidot\\\/wp-content\\\/uploads\\\/sites\\\/34\\\/2016\\\/09\\\/shutterstock_61004233-246x300.jpg\",\"datePublished\":\"2016-09-07T09:45:34+00:00\",\"dateModified\":\"2018-11-12T11:53:28+00:00\",\"inLanguage\":\"fi\",\"potentialAction\":[{\"@type\":\"ReadAction\",\"target\":[\"https:\\\/\\\/blogit.gradia.fi\\\/kestavakehitys\\\/omien-raha-asioiden-hoitaminen\\\/\"]}]},{\"@type\":\"ImageObject\",\"inLanguage\":\"fi\",\"@id\":\"https:\\\/\\\/blogit.gradia.fi\\\/kestavakehitys\\\/omien-raha-asioiden-hoitaminen\\\/#primaryimage\",\"url\":\"https:\\\/\\\/blogit.gradia.fi\\\/yhteiskuntataidot\\\/wp-content\\\/uploads\\\/sites\\\/34\\\/2016\\\/09\\\/shutterstock_61004233-246x300.jpg\",\"contentUrl\":\"https:\\\/\\\/blogit.gradia.fi\\\/yhteiskuntataidot\\\/wp-content\\\/uploads\\\/sites\\\/34\\\/2016\\\/09\\\/shutterstock_61004233-246x300.jpg\"},{\"@type\":\"WebSite\",\"@id\":\"https:\\\/\\\/blogit.gradia.fi\\\/kestavakehitys\\\/#website\",\"url\":\"https:\\\/\\\/blogit.gradia.fi\\\/kestavakehitys\\\/\",\"name\":\"Kest\u00e4v\u00e4n kehityksen - verkkokurssi\",\"description\":\"Uusi ao-blogit -sivusto\",\"potentialAction\":[{\"@type\":\"SearchAction\",\"target\":{\"@type\":\"EntryPoint\",\"urlTemplate\":\"https:\\\/\\\/blogit.gradia.fi\\\/kestavakehitys\\\/?s={search_term_string}\"},\"query-input\":{\"@type\":\"PropertyValueSpecification\",\"valueRequired\":true,\"valueName\":\"search_term_string\"}}],\"inLanguage\":\"fi\"}]}<\/script>\n<!-- \/ Yoast SEO plugin. -->","yoast_head_json":{"title":"Energia ja materiaalitehokkuus - Kest\u00e4v\u00e4n kehityksen - verkkokurssi","robots":{"index":"index","follow":"follow","max-snippet":"max-snippet:-1","max-image-preview":"max-image-preview:large","max-video-preview":"max-video-preview:-1"},"canonical":"https:\/\/blogit.gradia.fi\/kestavakehitys\/omien-raha-asioiden-hoitaminen\/","og_locale":"fi_FI","og_type":"article","og_title":"Energia ja materiaalitehokkuus - Kest\u00e4v\u00e4n kehityksen - verkkokurssi","og_description":"1. Tarkastele tekem\u00e4\u00e4si oman ammattialasi tuotteiden elinkaariarvioita. Miten materiaali- ja energiatehokkuutta voitaisiin parantaa n\u00e4iden tuotteiden kohdalla tuotteen suunnittelussa? raaka-aineiden hankinnassa? tuotteen valmistusvaiheessa? kuljetuksissa? tuotteen k\u00e4yt\u00f6n aikana? tuotteen j\u00e4tehuoltovaiheessa? Pohdi my\u00f6s Miten ja miss\u00e4 vaiheessa tuotteen elinkaarta voi pident\u00e4\u00e4? Miten ja miss\u00e4 vaiheessa voit ty\u00f6ntekij\u00e4n\u00e4 eniten vaikuttaa? J\u00e4t\u00e4 vastauksesi kysymykseen kommenttina oman ammattialasi tuotteiden elinkaariarvion yhteyteen. [&hellip;]","og_url":"https:\/\/blogit.gradia.fi\/kestavakehitys\/omien-raha-asioiden-hoitaminen\/","og_site_name":"Kest\u00e4v\u00e4n kehityksen - verkkokurssi","article_modified_time":"2018-11-12T11:53:28+00:00","og_image":[{"url":"https:\/\/blogit.gradia.fi\/yhteiskuntataidot\/wp-content\/uploads\/sites\/34\/2016\/09\/shutterstock_61004233-246x300.jpg","type":"","width":"","height":""}],"twitter_card":"summary_large_image","schema":{"@context":"https:\/\/schema.org","@graph":[{"@type":"WebPage","@id":"https:\/\/blogit.gradia.fi\/kestavakehitys\/omien-raha-asioiden-hoitaminen\/","url":"https:\/\/blogit.gradia.fi\/kestavakehitys\/omien-raha-asioiden-hoitaminen\/","name":"Energia ja materiaalitehokkuus - Kest\u00e4v\u00e4n kehityksen - verkkokurssi","isPartOf":{"@id":"https:\/\/blogit.gradia.fi\/kestavakehitys\/#website"},"primaryImageOfPage":{"@id":"https:\/\/blogit.gradia.fi\/kestavakehitys\/omien-raha-asioiden-hoitaminen\/#primaryimage"},"image":{"@id":"https:\/\/blogit.gradia.fi\/kestavakehitys\/omien-raha-asioiden-hoitaminen\/#primaryimage"},"thumbnailUrl":"https:\/\/blogit.gradia.fi\/yhteiskuntataidot\/wp-content\/uploads\/sites\/34\/2016\/09\/shutterstock_61004233-246x300.jpg","datePublished":"2016-09-07T09:45:34+00:00","dateModified":"2018-11-12T11:53:28+00:00","inLanguage":"fi","potentialAction":[{"@type":"ReadAction","target":["https:\/\/blogit.gradia.fi\/kestavakehitys\/omien-raha-asioiden-hoitaminen\/"]}]},{"@type":"ImageObject","inLanguage":"fi","@id":"https:\/\/blogit.gradia.fi\/kestavakehitys\/omien-raha-asioiden-hoitaminen\/#primaryimage","url":"https:\/\/blogit.gradia.fi\/yhteiskuntataidot\/wp-content\/uploads\/sites\/34\/2016\/09\/shutterstock_61004233-246x300.jpg","contentUrl":"https:\/\/blogit.gradia.fi\/yhteiskuntataidot\/wp-content\/uploads\/sites\/34\/2016\/09\/shutterstock_61004233-246x300.jpg"},{"@type":"WebSite","@id":"https:\/\/blogit.gradia.fi\/kestavakehitys\/#website","url":"https:\/\/blogit.gradia.fi\/kestavakehitys\/","name":"Kest\u00e4v\u00e4n kehityksen - verkkokurssi","description":"Uusi ao-blogit -sivusto","potentialAction":[{"@type":"SearchAction","target":{"@type":"EntryPoint","urlTemplate":"https:\/\/blogit.gradia.fi\/kestavakehitys\/?s={search_term_string}"},"query-input":{"@type":"PropertyValueSpecification","valueRequired":true,"valueName":"search_term_string"}}],"inLanguage":"fi"}]}},"uagb_featured_image_src":{"full":false,"thumbnail":false,"medium":false,"medium_large":false,"large":false,"1536x1536":false,"2048x2048":false,"post-thumbnail":false},"uagb_author_info":{"display_name":"Ari Porki","author_link":"https:\/\/blogit.gradia.fi\/kestavakehitys\/author\/porkiari\/"},"uagb_comment_info":0,"uagb_excerpt":"1. Tarkastele tekem\u00e4\u00e4si oman ammattialasi tuotteiden elinkaariarvioita. Miten materiaali- ja energiatehokkuutta voitaisiin parantaa n\u00e4iden tuotteiden kohdalla tuotteen suunnittelussa? raaka-aineiden hankinnassa? tuotteen valmistusvaiheessa? kuljetuksissa? tuotteen k\u00e4yt\u00f6n aikana? tuotteen j\u00e4tehuoltovaiheessa? Pohdi my\u00f6s Miten ja miss\u00e4 vaiheessa tuotteen elinkaarta voi pident\u00e4\u00e4? Miten ja miss\u00e4 vaiheessa voit ty\u00f6ntekij\u00e4n\u00e4 eniten vaikuttaa? J\u00e4t\u00e4 vastauksesi kysymykseen kommenttina oman ammattialasi tuotteiden elinkaariarvion yhteyteen.&hellip;","_links":{"self":[{"href":"https:\/\/blogit.gradia.fi\/kestavakehitys\/wp-json\/wp\/v2\/pages\/30","targetHints":{"allow":["GET"]}}],"collection":[{"href":"https:\/\/blogit.gradia.fi\/kestavakehitys\/wp-json\/wp\/v2\/pages"}],"about":[{"href":"https:\/\/blogit.gradia.fi\/kestavakehitys\/wp-json\/wp\/v2\/types\/page"}],"author":[{"embeddable":true,"href":"https:\/\/blogit.gradia.fi\/kestavakehitys\/wp-json\/wp\/v2\/users\/262"}],"replies":[{"embeddable":true,"href":"https:\/\/blogit.gradia.fi\/kestavakehitys\/wp-json\/wp\/v2\/comments?post=30"}],"version-history":[{"count":0,"href":"https:\/\/blogit.gradia.fi\/kestavakehitys\/wp-json\/wp\/v2\/pages\/30\/revisions"}],"wp:attachment":[{"href":"https:\/\/blogit.gradia.fi\/kestavakehitys\/wp-json\/wp\/v2\/media?parent=30"}],"curies":[{"name":"wp","href":"https:\/\/api.w.org\/{rel}","templated":true}]}}