{"id":28,"date":"2016-09-07T12:45:16","date_gmt":"2016-09-07T09:45:16","guid":{"rendered":"https:\/\/blogit.gradia.fi\/yhteiskuntataidot\/?page_id=28"},"modified":"2018-11-14T12:20:09","modified_gmt":"2018-11-14T10:20:09","slug":"yhteiskunnan-tarjoamat-palvelut","status":"publish","type":"page","link":"https:\/\/blogit.gradia.fi\/kestavakehitys\/yhteiskunnan-tarjoamat-palvelut\/","title":{"rendered":"Laatu, ymp\u00e4rist\u00f6 ja turvallisuus"},"content":{"rendered":"<p>&nbsp;<\/p>\n<p>Selvit\u00e4 haastattelemalla ty\u00f6ss\u00e4oppimispaikassasi \/ oppilaitoksen ty\u00f6salissa tai jossakin muussa oman alasi yrityksess\u00e4 millaisia ymp\u00e4rist\u00f6j\u00e4rjestelmi\u00e4 omalla ammattialallasi on k\u00e4yt\u00f6ss\u00e4.<\/p>\n<p>Esittele ymp\u00e4rist\u00f6j\u00e4rjestelmi\u00e4 ja niiden k\u00e4ytt\u00f6\u00e4 yrityksiss\u00e4.<\/p>\n<p>Jos henkil\u00f6kohtainen tapaaminen tai keskustelu\u00a0puhelimen, s\u00e4hk\u00f6postin tai netin v\u00e4lityksell\u00e4 ei onnistu, voit hakea tietoja yritysten internet-sivuilta.<\/p>\n<p>Voit vastata tekstill\u00e4, kaaviolla, miellekartalla, sarjakuvalla, videolla (maks. 4 min.) tai muulla valitsemallasi tavalla. Palauta vastauksesi sovitulle oppimisalustalle.<\/p>\n<p>Linkkej\u00e4:<\/p>\n<ul>\n<li><a href=\"http:\/\/www.ymparisto.fi\/fi-FI\/Kulutus_ja_tuotanto\/Ymparistojarjestelmat_ja_johtaminen\" target=\"_blank\" rel=\"noopener\">Ymp\u00e4rist\u00f6hallinto: ymp\u00e4rist\u00f6j\u00e4rjestelm\u00e4t<\/a><\/li>\n<li><a href=\"http:\/\/www.sfs.fi\/julkaisut_ja_palvelut\/tuotteet_valokeilassa\/iso_14000_ymparistojohtaminen\/ymparistojarjestelma\" target=\"_blank\" rel=\"noopener\">Suomen standardisoimisliitto: ymp\u00e4rist\u00f6j\u00e4rjestelm\u00e4<\/a><\/li>\n<li><a href=\"http:\/\/www.ym.fi\/fi-FI\/Ymparisto\/Lainsaadanto_ja_ohjeet\" target=\"_blank\" rel=\"noopener\">Ymp\u00e4rist\u00f6ministeri\u00f6: lains\u00e4\u00e4d\u00e4nt\u00f6 ymp\u00e4rist\u00f6nsuojelussa<\/a><\/li>\n<\/ul>\n","protected":false},"excerpt":{"rendered":"<p>&nbsp; Selvit\u00e4 haastattelemalla ty\u00f6ss\u00e4oppimispaikassasi \/ oppilaitoksen ty\u00f6salissa tai jossakin muussa oman alasi yrityksess\u00e4 millaisia ymp\u00e4rist\u00f6j\u00e4rjestelmi\u00e4 omalla ammattialallasi on k\u00e4yt\u00f6ss\u00e4. Esittele ymp\u00e4rist\u00f6j\u00e4rjestelmi\u00e4 ja niiden k\u00e4ytt\u00f6\u00e4 yrityksiss\u00e4. Jos henkil\u00f6kohtainen tapaaminen tai keskustelu\u00a0puhelimen, s\u00e4hk\u00f6postin tai netin v\u00e4lityksell\u00e4 ei onnistu, voit hakea tietoja yritysten internet-sivuilta. Voit vastata tekstill\u00e4, kaaviolla, miellekartalla, sarjakuvalla, videolla (maks. 4 min.) tai muulla valitsemallasi tavalla. [&hellip;]<\/p>\n","protected":false},"author":262,"featured_media":0,"parent":0,"menu_order":0,"comment_status":"closed","ping_status":"closed","template":"","meta":{"_uag_custom_page_level_css":"","footnotes":""},"class_list":["post-28","page","type-page","status-publish","hentry"],"yoast_head":"<!-- This site is optimized with the Yoast SEO plugin v27.4 - https:\/\/yoast.com\/product\/yoast-seo-wordpress\/ -->\n<title>Laatu, ymp\u00e4rist\u00f6 ja turvallisuus - Kest\u00e4v\u00e4n kehityksen - verkkokurssi<\/title>\n<meta name=\"robots\" content=\"index, follow, max-snippet:-1, max-image-preview:large, max-video-preview:-1\" \/>\n<link rel=\"canonical\" href=\"https:\/\/blogit.gradia.fi\/kestavakehitys\/yhteiskunnan-tarjoamat-palvelut\/\" \/>\n<meta property=\"og:locale\" content=\"fi_FI\" \/>\n<meta property=\"og:type\" content=\"article\" \/>\n<meta property=\"og:title\" content=\"Laatu, ymp\u00e4rist\u00f6 ja turvallisuus - Kest\u00e4v\u00e4n kehityksen - verkkokurssi\" \/>\n<meta property=\"og:description\" content=\"&nbsp; Selvit\u00e4 haastattelemalla ty\u00f6ss\u00e4oppimispaikassasi \/ oppilaitoksen ty\u00f6salissa tai jossakin muussa oman alasi yrityksess\u00e4 millaisia ymp\u00e4rist\u00f6j\u00e4rjestelmi\u00e4 omalla ammattialallasi on k\u00e4yt\u00f6ss\u00e4. Esittele ymp\u00e4rist\u00f6j\u00e4rjestelmi\u00e4 ja niiden k\u00e4ytt\u00f6\u00e4 yrityksiss\u00e4. Jos henkil\u00f6kohtainen tapaaminen tai keskustelu\u00a0puhelimen, s\u00e4hk\u00f6postin tai netin v\u00e4lityksell\u00e4 ei onnistu, voit hakea tietoja yritysten internet-sivuilta. Voit vastata tekstill\u00e4, kaaviolla, miellekartalla, sarjakuvalla, videolla (maks. 4 min.) tai muulla valitsemallasi tavalla. [&hellip;]\" \/>\n<meta property=\"og:url\" content=\"https:\/\/blogit.gradia.fi\/kestavakehitys\/yhteiskunnan-tarjoamat-palvelut\/\" \/>\n<meta property=\"og:site_name\" content=\"Kest\u00e4v\u00e4n kehityksen - verkkokurssi\" \/>\n<meta property=\"article:modified_time\" content=\"2018-11-14T10:20:09+00:00\" \/>\n<meta name=\"twitter:card\" content=\"summary_large_image\" \/>\n<script type=\"application\/ld+json\" class=\"yoast-schema-graph\">{\"@context\":\"https:\\\/\\\/schema.org\",\"@graph\":[{\"@type\":\"WebPage\",\"@id\":\"https:\\\/\\\/blogit.gradia.fi\\\/kestavakehitys\\\/yhteiskunnan-tarjoamat-palvelut\\\/\",\"url\":\"https:\\\/\\\/blogit.gradia.fi\\\/kestavakehitys\\\/yhteiskunnan-tarjoamat-palvelut\\\/\",\"name\":\"Laatu, ymp\u00e4rist\u00f6 ja turvallisuus - Kest\u00e4v\u00e4n kehityksen - verkkokurssi\",\"isPartOf\":{\"@id\":\"https:\\\/\\\/blogit.gradia.fi\\\/kestavakehitys\\\/#website\"},\"datePublished\":\"2016-09-07T09:45:16+00:00\",\"dateModified\":\"2018-11-14T10:20:09+00:00\",\"inLanguage\":\"fi\",\"potentialAction\":[{\"@type\":\"ReadAction\",\"target\":[\"https:\\\/\\\/blogit.gradia.fi\\\/kestavakehitys\\\/yhteiskunnan-tarjoamat-palvelut\\\/\"]}]},{\"@type\":\"WebSite\",\"@id\":\"https:\\\/\\\/blogit.gradia.fi\\\/kestavakehitys\\\/#website\",\"url\":\"https:\\\/\\\/blogit.gradia.fi\\\/kestavakehitys\\\/\",\"name\":\"Kest\u00e4v\u00e4n kehityksen - verkkokurssi\",\"description\":\"Uusi ao-blogit -sivusto\",\"potentialAction\":[{\"@type\":\"SearchAction\",\"target\":{\"@type\":\"EntryPoint\",\"urlTemplate\":\"https:\\\/\\\/blogit.gradia.fi\\\/kestavakehitys\\\/?s={search_term_string}\"},\"query-input\":{\"@type\":\"PropertyValueSpecification\",\"valueRequired\":true,\"valueName\":\"search_term_string\"}}],\"inLanguage\":\"fi\"}]}<\/script>\n<!-- \/ Yoast SEO plugin. -->","yoast_head_json":{"title":"Laatu, ymp\u00e4rist\u00f6 ja turvallisuus - Kest\u00e4v\u00e4n kehityksen - verkkokurssi","robots":{"index":"index","follow":"follow","max-snippet":"max-snippet:-1","max-image-preview":"max-image-preview:large","max-video-preview":"max-video-preview:-1"},"canonical":"https:\/\/blogit.gradia.fi\/kestavakehitys\/yhteiskunnan-tarjoamat-palvelut\/","og_locale":"fi_FI","og_type":"article","og_title":"Laatu, ymp\u00e4rist\u00f6 ja turvallisuus - Kest\u00e4v\u00e4n kehityksen - verkkokurssi","og_description":"&nbsp; Selvit\u00e4 haastattelemalla ty\u00f6ss\u00e4oppimispaikassasi \/ oppilaitoksen ty\u00f6salissa tai jossakin muussa oman alasi yrityksess\u00e4 millaisia ymp\u00e4rist\u00f6j\u00e4rjestelmi\u00e4 omalla ammattialallasi on k\u00e4yt\u00f6ss\u00e4. Esittele ymp\u00e4rist\u00f6j\u00e4rjestelmi\u00e4 ja niiden k\u00e4ytt\u00f6\u00e4 yrityksiss\u00e4. Jos henkil\u00f6kohtainen tapaaminen tai keskustelu\u00a0puhelimen, s\u00e4hk\u00f6postin tai netin v\u00e4lityksell\u00e4 ei onnistu, voit hakea tietoja yritysten internet-sivuilta. Voit vastata tekstill\u00e4, kaaviolla, miellekartalla, sarjakuvalla, videolla (maks. 4 min.) tai muulla valitsemallasi tavalla. [&hellip;]","og_url":"https:\/\/blogit.gradia.fi\/kestavakehitys\/yhteiskunnan-tarjoamat-palvelut\/","og_site_name":"Kest\u00e4v\u00e4n kehityksen - verkkokurssi","article_modified_time":"2018-11-14T10:20:09+00:00","twitter_card":"summary_large_image","schema":{"@context":"https:\/\/schema.org","@graph":[{"@type":"WebPage","@id":"https:\/\/blogit.gradia.fi\/kestavakehitys\/yhteiskunnan-tarjoamat-palvelut\/","url":"https:\/\/blogit.gradia.fi\/kestavakehitys\/yhteiskunnan-tarjoamat-palvelut\/","name":"Laatu, ymp\u00e4rist\u00f6 ja turvallisuus - Kest\u00e4v\u00e4n kehityksen - verkkokurssi","isPartOf":{"@id":"https:\/\/blogit.gradia.fi\/kestavakehitys\/#website"},"datePublished":"2016-09-07T09:45:16+00:00","dateModified":"2018-11-14T10:20:09+00:00","inLanguage":"fi","potentialAction":[{"@type":"ReadAction","target":["https:\/\/blogit.gradia.fi\/kestavakehitys\/yhteiskunnan-tarjoamat-palvelut\/"]}]},{"@type":"WebSite","@id":"https:\/\/blogit.gradia.fi\/kestavakehitys\/#website","url":"https:\/\/blogit.gradia.fi\/kestavakehitys\/","name":"Kest\u00e4v\u00e4n kehityksen - verkkokurssi","description":"Uusi ao-blogit -sivusto","potentialAction":[{"@type":"SearchAction","target":{"@type":"EntryPoint","urlTemplate":"https:\/\/blogit.gradia.fi\/kestavakehitys\/?s={search_term_string}"},"query-input":{"@type":"PropertyValueSpecification","valueRequired":true,"valueName":"search_term_string"}}],"inLanguage":"fi"}]}},"uagb_featured_image_src":{"full":false,"thumbnail":false,"medium":false,"medium_large":false,"large":false,"1536x1536":false,"2048x2048":false,"post-thumbnail":false},"uagb_author_info":{"display_name":"Ari Porki","author_link":"https:\/\/blogit.gradia.fi\/kestavakehitys\/author\/porkiari\/"},"uagb_comment_info":0,"uagb_excerpt":"&nbsp; Selvit\u00e4 haastattelemalla ty\u00f6ss\u00e4oppimispaikassasi \/ oppilaitoksen ty\u00f6salissa tai jossakin muussa oman alasi yrityksess\u00e4 millaisia ymp\u00e4rist\u00f6j\u00e4rjestelmi\u00e4 omalla ammattialallasi on k\u00e4yt\u00f6ss\u00e4. Esittele ymp\u00e4rist\u00f6j\u00e4rjestelmi\u00e4 ja niiden k\u00e4ytt\u00f6\u00e4 yrityksiss\u00e4. Jos henkil\u00f6kohtainen tapaaminen tai keskustelu\u00a0puhelimen, s\u00e4hk\u00f6postin tai netin v\u00e4lityksell\u00e4 ei onnistu, voit hakea tietoja yritysten internet-sivuilta. Voit vastata tekstill\u00e4, kaaviolla, miellekartalla, sarjakuvalla, videolla (maks. 4 min.) tai muulla valitsemallasi tavalla.&hellip;","_links":{"self":[{"href":"https:\/\/blogit.gradia.fi\/kestavakehitys\/wp-json\/wp\/v2\/pages\/28","targetHints":{"allow":["GET"]}}],"collection":[{"href":"https:\/\/blogit.gradia.fi\/kestavakehitys\/wp-json\/wp\/v2\/pages"}],"about":[{"href":"https:\/\/blogit.gradia.fi\/kestavakehitys\/wp-json\/wp\/v2\/types\/page"}],"author":[{"embeddable":true,"href":"https:\/\/blogit.gradia.fi\/kestavakehitys\/wp-json\/wp\/v2\/users\/262"}],"replies":[{"embeddable":true,"href":"https:\/\/blogit.gradia.fi\/kestavakehitys\/wp-json\/wp\/v2\/comments?post=28"}],"version-history":[{"count":0,"href":"https:\/\/blogit.gradia.fi\/kestavakehitys\/wp-json\/wp\/v2\/pages\/28\/revisions"}],"wp:attachment":[{"href":"https:\/\/blogit.gradia.fi\/kestavakehitys\/wp-json\/wp\/v2\/media?parent=28"}],"curies":[{"name":"wp","href":"https:\/\/api.w.org\/{rel}","templated":true}]}}