{"id":25,"date":"2016-09-07T12:44:50","date_gmt":"2016-09-07T09:44:50","guid":{"rendered":"https:\/\/blogit.gradia.fi\/yhteiskuntataidot\/?page_id=25"},"modified":"2018-11-14T12:19:50","modified_gmt":"2018-11-14T10:19:50","slug":"yhteiskunnallisen-paatoksenteon-osallistumistavat-ja-rakenteet","status":"publish","type":"page","link":"https:\/\/blogit.gradia.fi\/kestavakehitys\/yhteiskunnallisen-paatoksenteon-osallistumistavat-ja-rakenteet\/","title":{"rendered":"J\u00e4tteen synnyn ehk\u00e4isy, lajittelu ja kierr\u00e4tys"},"content":{"rendered":"<p>Nime\u00e4 omalta alaltasi <strong>v\u00e4hint\u00e4\u00e4n viisi<\/strong>\u00a0erityyppist\u00e4 j\u00e4tett\u00e4 ja tee niist\u00e4 taulukko. Taulukossa tulee n\u00e4ky\u00e4:<\/p>\n<ul>\n<li>Mik\u00e4 j\u00e4te?<\/li>\n<li>Miten j\u00e4te lajitellaan ty\u00f6paikalla\/ty\u00f6salissa?<\/li>\n<li>Kierr\u00e4tet\u00e4\u00e4nk\u00f6 j\u00e4te ts. mit\u00e4 siit\u00e4 voidaan valmistaa ja miten?<\/li>\n<li>Jos j\u00e4tett\u00e4 ei voida kierr\u00e4tt\u00e4\u00e4, mit\u00e4 sille tapahtuu?<\/li>\n<\/ul>\n<p>Voit keskustella lajittelusta ja kierr\u00e4tyksest\u00e4 ty\u00f6ss\u00e4oppimispaikallasi tai oppilaitoksen ty\u00f6salissa. Voit my\u00f6s etsi\u00e4 lajittelu- ja kierr\u00e4tyskysymyksiin vastauksia mm. Helsingin seudun ymp\u00e4rist\u00f6palvelut -kuntayhtym\u00e4n Internetsivuilta:\u00a0<a href=\"https:\/\/www.hsy.fi\/fi\/asukkaalle\/lajittelujakierratys\/Sivut\/default.aspx\" target=\"_blank\" rel=\"noopener\">HSY: Lajittelu ja kierr\u00e4tys<\/a>\u00a0tai\u00a0<a href=\"https:\/\/www.hsy.fi\/fi\/yhteisollejayritykselle\/jatehuolto\/jatteiden-lajittelu\/Sivut\/default.aspx\" target=\"_blank\" rel=\"noopener\">HSY: Yritysten ja yhteis\u00f6jen j\u00e4tteiden lajittelu<\/a><\/p>\n<p>Palauta taulukko sovitulle oppimisalustalle m\u00e4\u00e4r\u00e4aikaan menness\u00e4.<\/p>\n","protected":false},"excerpt":{"rendered":"<p>Nime\u00e4 omalta alaltasi v\u00e4hint\u00e4\u00e4n viisi\u00a0erityyppist\u00e4 j\u00e4tett\u00e4 ja tee niist\u00e4 taulukko. Taulukossa tulee n\u00e4ky\u00e4: Mik\u00e4 j\u00e4te? Miten j\u00e4te lajitellaan ty\u00f6paikalla\/ty\u00f6salissa? Kierr\u00e4tet\u00e4\u00e4nk\u00f6 j\u00e4te ts. mit\u00e4 siit\u00e4 voidaan valmistaa ja miten? Jos j\u00e4tett\u00e4 ei voida kierr\u00e4tt\u00e4\u00e4, mit\u00e4 sille tapahtuu? Voit keskustella lajittelusta ja kierr\u00e4tyksest\u00e4 ty\u00f6ss\u00e4oppimispaikallasi tai oppilaitoksen ty\u00f6salissa. Voit my\u00f6s etsi\u00e4 lajittelu- ja kierr\u00e4tyskysymyksiin vastauksia mm. Helsingin seudun [&hellip;]<\/p>\n","protected":false},"author":262,"featured_media":0,"parent":0,"menu_order":0,"comment_status":"closed","ping_status":"closed","template":"","meta":{"_uag_custom_page_level_css":"","footnotes":""},"class_list":["post-25","page","type-page","status-publish","hentry"],"yoast_head":"<!-- This site is optimized with the Yoast SEO plugin v27.4 - https:\/\/yoast.com\/product\/yoast-seo-wordpress\/ -->\n<title>J\u00e4tteen synnyn ehk\u00e4isy, lajittelu ja kierr\u00e4tys - Kest\u00e4v\u00e4n kehityksen - verkkokurssi<\/title>\n<meta name=\"robots\" content=\"index, follow, max-snippet:-1, max-image-preview:large, max-video-preview:-1\" \/>\n<link rel=\"canonical\" href=\"https:\/\/blogit.gradia.fi\/kestavakehitys\/yhteiskunnallisen-paatoksenteon-osallistumistavat-ja-rakenteet\/\" \/>\n<meta property=\"og:locale\" content=\"fi_FI\" \/>\n<meta property=\"og:type\" content=\"article\" \/>\n<meta property=\"og:title\" content=\"J\u00e4tteen synnyn ehk\u00e4isy, lajittelu ja kierr\u00e4tys - Kest\u00e4v\u00e4n kehityksen - verkkokurssi\" \/>\n<meta property=\"og:description\" content=\"Nime\u00e4 omalta alaltasi v\u00e4hint\u00e4\u00e4n viisi\u00a0erityyppist\u00e4 j\u00e4tett\u00e4 ja tee niist\u00e4 taulukko. Taulukossa tulee n\u00e4ky\u00e4: Mik\u00e4 j\u00e4te? Miten j\u00e4te lajitellaan ty\u00f6paikalla\/ty\u00f6salissa? Kierr\u00e4tet\u00e4\u00e4nk\u00f6 j\u00e4te ts. mit\u00e4 siit\u00e4 voidaan valmistaa ja miten? Jos j\u00e4tett\u00e4 ei voida kierr\u00e4tt\u00e4\u00e4, mit\u00e4 sille tapahtuu? Voit keskustella lajittelusta ja kierr\u00e4tyksest\u00e4 ty\u00f6ss\u00e4oppimispaikallasi tai oppilaitoksen ty\u00f6salissa. Voit my\u00f6s etsi\u00e4 lajittelu- ja kierr\u00e4tyskysymyksiin vastauksia mm. Helsingin seudun [&hellip;]\" \/>\n<meta property=\"og:url\" content=\"https:\/\/blogit.gradia.fi\/kestavakehitys\/yhteiskunnallisen-paatoksenteon-osallistumistavat-ja-rakenteet\/\" \/>\n<meta property=\"og:site_name\" content=\"Kest\u00e4v\u00e4n kehityksen - verkkokurssi\" \/>\n<meta property=\"article:modified_time\" content=\"2018-11-14T10:19:50+00:00\" \/>\n<meta name=\"twitter:card\" content=\"summary_large_image\" \/>\n<meta name=\"twitter:label1\" content=\"Arvioitu lukuaika\" \/>\n\t<meta name=\"twitter:data1\" content=\"1 minuutti\" \/>\n<script type=\"application\/ld+json\" class=\"yoast-schema-graph\">{\"@context\":\"https:\\\/\\\/schema.org\",\"@graph\":[{\"@type\":\"WebPage\",\"@id\":\"https:\\\/\\\/blogit.gradia.fi\\\/kestavakehitys\\\/yhteiskunnallisen-paatoksenteon-osallistumistavat-ja-rakenteet\\\/\",\"url\":\"https:\\\/\\\/blogit.gradia.fi\\\/kestavakehitys\\\/yhteiskunnallisen-paatoksenteon-osallistumistavat-ja-rakenteet\\\/\",\"name\":\"J\u00e4tteen synnyn ehk\u00e4isy, lajittelu ja kierr\u00e4tys - Kest\u00e4v\u00e4n kehityksen - verkkokurssi\",\"isPartOf\":{\"@id\":\"https:\\\/\\\/blogit.gradia.fi\\\/kestavakehitys\\\/#website\"},\"datePublished\":\"2016-09-07T09:44:50+00:00\",\"dateModified\":\"2018-11-14T10:19:50+00:00\",\"inLanguage\":\"fi\",\"potentialAction\":[{\"@type\":\"ReadAction\",\"target\":[\"https:\\\/\\\/blogit.gradia.fi\\\/kestavakehitys\\\/yhteiskunnallisen-paatoksenteon-osallistumistavat-ja-rakenteet\\\/\"]}]},{\"@type\":\"WebSite\",\"@id\":\"https:\\\/\\\/blogit.gradia.fi\\\/kestavakehitys\\\/#website\",\"url\":\"https:\\\/\\\/blogit.gradia.fi\\\/kestavakehitys\\\/\",\"name\":\"Kest\u00e4v\u00e4n kehityksen - verkkokurssi\",\"description\":\"Uusi ao-blogit -sivusto\",\"potentialAction\":[{\"@type\":\"SearchAction\",\"target\":{\"@type\":\"EntryPoint\",\"urlTemplate\":\"https:\\\/\\\/blogit.gradia.fi\\\/kestavakehitys\\\/?s={search_term_string}\"},\"query-input\":{\"@type\":\"PropertyValueSpecification\",\"valueRequired\":true,\"valueName\":\"search_term_string\"}}],\"inLanguage\":\"fi\"}]}<\/script>\n<!-- \/ Yoast SEO plugin. -->","yoast_head_json":{"title":"J\u00e4tteen synnyn ehk\u00e4isy, lajittelu ja kierr\u00e4tys - Kest\u00e4v\u00e4n kehityksen - verkkokurssi","robots":{"index":"index","follow":"follow","max-snippet":"max-snippet:-1","max-image-preview":"max-image-preview:large","max-video-preview":"max-video-preview:-1"},"canonical":"https:\/\/blogit.gradia.fi\/kestavakehitys\/yhteiskunnallisen-paatoksenteon-osallistumistavat-ja-rakenteet\/","og_locale":"fi_FI","og_type":"article","og_title":"J\u00e4tteen synnyn ehk\u00e4isy, lajittelu ja kierr\u00e4tys - Kest\u00e4v\u00e4n kehityksen - verkkokurssi","og_description":"Nime\u00e4 omalta alaltasi v\u00e4hint\u00e4\u00e4n viisi\u00a0erityyppist\u00e4 j\u00e4tett\u00e4 ja tee niist\u00e4 taulukko. Taulukossa tulee n\u00e4ky\u00e4: Mik\u00e4 j\u00e4te? Miten j\u00e4te lajitellaan ty\u00f6paikalla\/ty\u00f6salissa? Kierr\u00e4tet\u00e4\u00e4nk\u00f6 j\u00e4te ts. mit\u00e4 siit\u00e4 voidaan valmistaa ja miten? Jos j\u00e4tett\u00e4 ei voida kierr\u00e4tt\u00e4\u00e4, mit\u00e4 sille tapahtuu? Voit keskustella lajittelusta ja kierr\u00e4tyksest\u00e4 ty\u00f6ss\u00e4oppimispaikallasi tai oppilaitoksen ty\u00f6salissa. Voit my\u00f6s etsi\u00e4 lajittelu- ja kierr\u00e4tyskysymyksiin vastauksia mm. Helsingin seudun [&hellip;]","og_url":"https:\/\/blogit.gradia.fi\/kestavakehitys\/yhteiskunnallisen-paatoksenteon-osallistumistavat-ja-rakenteet\/","og_site_name":"Kest\u00e4v\u00e4n kehityksen - verkkokurssi","article_modified_time":"2018-11-14T10:19:50+00:00","twitter_card":"summary_large_image","twitter_misc":{"Arvioitu lukuaika":"1 minuutti"},"schema":{"@context":"https:\/\/schema.org","@graph":[{"@type":"WebPage","@id":"https:\/\/blogit.gradia.fi\/kestavakehitys\/yhteiskunnallisen-paatoksenteon-osallistumistavat-ja-rakenteet\/","url":"https:\/\/blogit.gradia.fi\/kestavakehitys\/yhteiskunnallisen-paatoksenteon-osallistumistavat-ja-rakenteet\/","name":"J\u00e4tteen synnyn ehk\u00e4isy, lajittelu ja kierr\u00e4tys - Kest\u00e4v\u00e4n kehityksen - verkkokurssi","isPartOf":{"@id":"https:\/\/blogit.gradia.fi\/kestavakehitys\/#website"},"datePublished":"2016-09-07T09:44:50+00:00","dateModified":"2018-11-14T10:19:50+00:00","inLanguage":"fi","potentialAction":[{"@type":"ReadAction","target":["https:\/\/blogit.gradia.fi\/kestavakehitys\/yhteiskunnallisen-paatoksenteon-osallistumistavat-ja-rakenteet\/"]}]},{"@type":"WebSite","@id":"https:\/\/blogit.gradia.fi\/kestavakehitys\/#website","url":"https:\/\/blogit.gradia.fi\/kestavakehitys\/","name":"Kest\u00e4v\u00e4n kehityksen - verkkokurssi","description":"Uusi ao-blogit -sivusto","potentialAction":[{"@type":"SearchAction","target":{"@type":"EntryPoint","urlTemplate":"https:\/\/blogit.gradia.fi\/kestavakehitys\/?s={search_term_string}"},"query-input":{"@type":"PropertyValueSpecification","valueRequired":true,"valueName":"search_term_string"}}],"inLanguage":"fi"}]}},"uagb_featured_image_src":{"full":false,"thumbnail":false,"medium":false,"medium_large":false,"large":false,"1536x1536":false,"2048x2048":false,"post-thumbnail":false},"uagb_author_info":{"display_name":"Ari Porki","author_link":"https:\/\/blogit.gradia.fi\/kestavakehitys\/author\/porkiari\/"},"uagb_comment_info":0,"uagb_excerpt":"Nime\u00e4 omalta alaltasi v\u00e4hint\u00e4\u00e4n viisi\u00a0erityyppist\u00e4 j\u00e4tett\u00e4 ja tee niist\u00e4 taulukko. Taulukossa tulee n\u00e4ky\u00e4: Mik\u00e4 j\u00e4te? Miten j\u00e4te lajitellaan ty\u00f6paikalla\/ty\u00f6salissa? Kierr\u00e4tet\u00e4\u00e4nk\u00f6 j\u00e4te ts. mit\u00e4 siit\u00e4 voidaan valmistaa ja miten? Jos j\u00e4tett\u00e4 ei voida kierr\u00e4tt\u00e4\u00e4, mit\u00e4 sille tapahtuu? Voit keskustella lajittelusta ja kierr\u00e4tyksest\u00e4 ty\u00f6ss\u00e4oppimispaikallasi tai oppilaitoksen ty\u00f6salissa. Voit my\u00f6s etsi\u00e4 lajittelu- ja kierr\u00e4tyskysymyksiin vastauksia mm. Helsingin seudun&hellip;","_links":{"self":[{"href":"https:\/\/blogit.gradia.fi\/kestavakehitys\/wp-json\/wp\/v2\/pages\/25","targetHints":{"allow":["GET"]}}],"collection":[{"href":"https:\/\/blogit.gradia.fi\/kestavakehitys\/wp-json\/wp\/v2\/pages"}],"about":[{"href":"https:\/\/blogit.gradia.fi\/kestavakehitys\/wp-json\/wp\/v2\/types\/page"}],"author":[{"embeddable":true,"href":"https:\/\/blogit.gradia.fi\/kestavakehitys\/wp-json\/wp\/v2\/users\/262"}],"replies":[{"embeddable":true,"href":"https:\/\/blogit.gradia.fi\/kestavakehitys\/wp-json\/wp\/v2\/comments?post=25"}],"version-history":[{"count":0,"href":"https:\/\/blogit.gradia.fi\/kestavakehitys\/wp-json\/wp\/v2\/pages\/25\/revisions"}],"wp:attachment":[{"href":"https:\/\/blogit.gradia.fi\/kestavakehitys\/wp-json\/wp\/v2\/media?parent=25"}],"curies":[{"name":"wp","href":"https:\/\/api.w.org\/{rel}","templated":true}]}}