{"id":23,"date":"2016-09-07T12:43:55","date_gmt":"2016-09-07T09:43:55","guid":{"rendered":"https:\/\/blogit.gradia.fi\/yhteiskuntataidot\/?page_id=23"},"modified":"2020-01-13T12:22:49","modified_gmt":"2020-01-13T10:22:49","slug":"kansalaisen-perusoikeudet-ja-velvollisuudet","status":"publish","type":"page","link":"https:\/\/blogit.gradia.fi\/kestavakehitys\/kansalaisen-perusoikeudet-ja-velvollisuudet\/","title":{"rendered":"Tuotteen elinkaari ja ymp\u00e4rist\u00f6vaikutusten mittarit"},"content":{"rendered":"<p>Tutustu elinkaariajatteluun ja selvit\u00e4 millaisia vaiheita oman ammattialasi keskeisten tuotteiden valmistukseen kuuluu. Tee elinkaariarvio yhdelle tuotteelle. Liit\u00e4 mukaan tietosi\/arviosi siit\u00e4<\/p>\n<ul>\n<li>mit\u00e4 luonnonvaroja ja miss\u00e4 vaiheessa tuotteen elinkaaren aikana tarvitaan<\/li>\n<li>miss\u00e4 vaiheessa tuotteen elinkaaren aikana kuluu paljon energiaa<\/li>\n<li>millaisia ymp\u00e4rist\u00f6vaikutuksia tuotteen elinkaaren eri vaiheissa syntyy<\/li>\n<li>miten omalla ammattialallanne voidaan pienent\u00e4\u00e4 luonnonvarojen kulutusta t\u00e4m\u00e4n tuotteen osalta<\/li>\n<\/ul>\n<p>Esit\u00e4 elinkaariarvio esimerkiksi kaaviona, sarjakuvana, taulukkona tai animaationa sovitulla oppimisalustalla m\u00e4\u00e4r\u00e4aikaan menness\u00e4.<\/p>\n<p>Esimerkkej\u00e4 tuotteiden elinkaarista:<\/p>\n<ul>\n<li><a href=\"http:\/\/www.vtt.fi\/files\/sites\/leader\/sanomalehden_ymparistovaikutukset_2010.pdf\" target=\"_blank\" rel=\"noopener noreferrer\">Valtion teknillinen tutkimuskeskus (VTT): sanomalehden elinkaari<\/a><\/li>\n<li>Renkom\u00e4en koulun leiv\u00e4n elinkaari -Youtubevideo<\/li>\n<\/ul>\n<p>Ymp\u00e4rist\u00f6vaikutusten mittarit<\/p>\n<p>Elinkaariarviointi (LCA) on menetelm\u00e4, jonka avulla lasketaan tuotteen koko elinkaaren aikaista ymp\u00e4rist\u00f6kuormitusta. T\u00e4h\u00e4n voidaan k\u00e4ytt\u00e4\u00e4 ISO14040-standardin mukaista menetelm\u00e4\u00e4 tai muita v\u00e4hemm\u00e4n ty\u00f6l\u00e4it\u00e4 arviointimenetelmi\u00e4.<\/p>\n<p>Materiaalitehokkuutta voidaan mitata MIPS-mittarilla (material input per service unit = materiaalipanos\/palvelusuorite), joka kuvaa tietyn hy\u00f6dyn tuottamiseen tarvittavaa materiaalipanosta. T\u00e4m\u00e4 toimii, kun verrataan tietyn hy\u00f6dyn saamista eri tavoilla.<\/p>\n<p>Ekologinen selk\u00e4reppu kertoo, montako kilogrammaa (kg) materiaalia tuotteen koko elinkaaren aikana kuluu jossain p\u00e4in maailmaa kyseisen tuotteen valmistukseen, k\u00e4ytt\u00f6\u00f6n ja j\u00e4tehuoltoon yhteens\u00e4.<\/p>\n<p>Jalanj\u00e4lkilaskelmat keskittyv\u00e4t yksitt\u00e4isiin ymp\u00e4rist\u00f6vaikutuksiin ja p\u00e4\u00e4st\u00f6luokkiin. Esimerkiksi hiilijalanj\u00e4lki kuvaa tuotteen elinkaarensa aikana tuottamaa hiilipitoisten kasvihuonekaasujen m\u00e4\u00e4r\u00e4\u00e4.<\/p>\n<p>Muitakin mittareita on.<\/p>\n<p>Ymp\u00e4rist\u00f6merkit (ainakin Pohjoismainen ymp\u00e4rist\u00f6merkki eli Joutsenmerkki ja Eurooppalainen ymp\u00e4rist\u00f6merkki eli kukkamerkki) perustuvat elinkaariarviointiin.<\/p>\n<table width=\"90%\">\n<tbody>\n<tr>\n<td><\/td>\n<\/tr>\n<\/tbody>\n<\/table>\n<p><a href=\"http:\/\/www.ilmastolaskuri.fi\/fi\">http:\/\/www.ilmastolaskuri.fi\/fi<\/a><\/p>\n<p><a href=\"https:\/\/fi.wikipedia.org\/wiki\/MIPS-luku\">https:\/\/fi.wikipedia.org\/wiki\/MIPS-luku<\/a><\/p>\n<table width=\"90%\">\n<tbody>\n<tr>\n<td><\/td>\n<\/tr>\n<\/tbody>\n<\/table>\n<table width=\"90%\">\n<tbody>\n<tr>\n<td width=\"250\"><\/td>\n<td><\/td>\n<\/tr>\n<\/tbody>\n<\/table>\n","protected":false},"excerpt":{"rendered":"<p>Tutustu elinkaariajatteluun ja selvit\u00e4 millaisia vaiheita oman ammattialasi keskeisten tuotteiden valmistukseen kuuluu. Tee elinkaariarvio yhdelle tuotteelle. Liit\u00e4 mukaan tietosi\/arviosi siit\u00e4 mit\u00e4 luonnonvaroja ja miss\u00e4 vaiheessa tuotteen elinkaaren aikana tarvitaan miss\u00e4 vaiheessa tuotteen elinkaaren aikana kuluu paljon energiaa millaisia ymp\u00e4rist\u00f6vaikutuksia tuotteen elinkaaren eri vaiheissa syntyy miten omalla ammattialallanne voidaan pienent\u00e4\u00e4 luonnonvarojen kulutusta t\u00e4m\u00e4n tuotteen osalta Esit\u00e4 [&hellip;]<\/p>\n","protected":false},"author":262,"featured_media":0,"parent":0,"menu_order":0,"comment_status":"closed","ping_status":"closed","template":"","meta":{"_uag_custom_page_level_css":"","footnotes":""},"class_list":["post-23","page","type-page","status-publish","hentry"],"yoast_head":"<!-- This site is optimized with the Yoast SEO plugin v27.4 - https:\/\/yoast.com\/product\/yoast-seo-wordpress\/ -->\n<title>Tuotteen elinkaari ja ymp\u00e4rist\u00f6vaikutusten mittarit - Kest\u00e4v\u00e4n kehityksen - verkkokurssi<\/title>\n<meta name=\"robots\" content=\"index, follow, max-snippet:-1, max-image-preview:large, max-video-preview:-1\" \/>\n<link rel=\"canonical\" href=\"https:\/\/blogit.gradia.fi\/kestavakehitys\/kansalaisen-perusoikeudet-ja-velvollisuudet\/\" \/>\n<meta property=\"og:locale\" content=\"fi_FI\" \/>\n<meta property=\"og:type\" content=\"article\" \/>\n<meta property=\"og:title\" content=\"Tuotteen elinkaari ja ymp\u00e4rist\u00f6vaikutusten mittarit - Kest\u00e4v\u00e4n kehityksen - verkkokurssi\" \/>\n<meta property=\"og:description\" content=\"Tutustu elinkaariajatteluun ja selvit\u00e4 millaisia vaiheita oman ammattialasi keskeisten tuotteiden valmistukseen kuuluu. Tee elinkaariarvio yhdelle tuotteelle. Liit\u00e4 mukaan tietosi\/arviosi siit\u00e4 mit\u00e4 luonnonvaroja ja miss\u00e4 vaiheessa tuotteen elinkaaren aikana tarvitaan miss\u00e4 vaiheessa tuotteen elinkaaren aikana kuluu paljon energiaa millaisia ymp\u00e4rist\u00f6vaikutuksia tuotteen elinkaaren eri vaiheissa syntyy miten omalla ammattialallanne voidaan pienent\u00e4\u00e4 luonnonvarojen kulutusta t\u00e4m\u00e4n tuotteen osalta Esit\u00e4 [&hellip;]\" \/>\n<meta property=\"og:url\" content=\"https:\/\/blogit.gradia.fi\/kestavakehitys\/kansalaisen-perusoikeudet-ja-velvollisuudet\/\" \/>\n<meta property=\"og:site_name\" content=\"Kest\u00e4v\u00e4n kehityksen - verkkokurssi\" \/>\n<meta property=\"article:modified_time\" content=\"2020-01-13T10:22:49+00:00\" \/>\n<meta name=\"twitter:card\" content=\"summary_large_image\" \/>\n<meta name=\"twitter:label1\" content=\"Arvioitu lukuaika\" \/>\n\t<meta name=\"twitter:data1\" content=\"1 minuutti\" \/>\n<script type=\"application\/ld+json\" class=\"yoast-schema-graph\">{\"@context\":\"https:\\\/\\\/schema.org\",\"@graph\":[{\"@type\":\"WebPage\",\"@id\":\"https:\\\/\\\/blogit.gradia.fi\\\/kestavakehitys\\\/kansalaisen-perusoikeudet-ja-velvollisuudet\\\/\",\"url\":\"https:\\\/\\\/blogit.gradia.fi\\\/kestavakehitys\\\/kansalaisen-perusoikeudet-ja-velvollisuudet\\\/\",\"name\":\"Tuotteen elinkaari ja ymp\u00e4rist\u00f6vaikutusten mittarit - Kest\u00e4v\u00e4n kehityksen - verkkokurssi\",\"isPartOf\":{\"@id\":\"https:\\\/\\\/blogit.gradia.fi\\\/kestavakehitys\\\/#website\"},\"datePublished\":\"2016-09-07T09:43:55+00:00\",\"dateModified\":\"2020-01-13T10:22:49+00:00\",\"inLanguage\":\"fi\",\"potentialAction\":[{\"@type\":\"ReadAction\",\"target\":[\"https:\\\/\\\/blogit.gradia.fi\\\/kestavakehitys\\\/kansalaisen-perusoikeudet-ja-velvollisuudet\\\/\"]}]},{\"@type\":\"WebSite\",\"@id\":\"https:\\\/\\\/blogit.gradia.fi\\\/kestavakehitys\\\/#website\",\"url\":\"https:\\\/\\\/blogit.gradia.fi\\\/kestavakehitys\\\/\",\"name\":\"Kest\u00e4v\u00e4n kehityksen - verkkokurssi\",\"description\":\"Uusi ao-blogit -sivusto\",\"potentialAction\":[{\"@type\":\"SearchAction\",\"target\":{\"@type\":\"EntryPoint\",\"urlTemplate\":\"https:\\\/\\\/blogit.gradia.fi\\\/kestavakehitys\\\/?s={search_term_string}\"},\"query-input\":{\"@type\":\"PropertyValueSpecification\",\"valueRequired\":true,\"valueName\":\"search_term_string\"}}],\"inLanguage\":\"fi\"}]}<\/script>\n<!-- \/ Yoast SEO plugin. -->","yoast_head_json":{"title":"Tuotteen elinkaari ja ymp\u00e4rist\u00f6vaikutusten mittarit - Kest\u00e4v\u00e4n kehityksen - verkkokurssi","robots":{"index":"index","follow":"follow","max-snippet":"max-snippet:-1","max-image-preview":"max-image-preview:large","max-video-preview":"max-video-preview:-1"},"canonical":"https:\/\/blogit.gradia.fi\/kestavakehitys\/kansalaisen-perusoikeudet-ja-velvollisuudet\/","og_locale":"fi_FI","og_type":"article","og_title":"Tuotteen elinkaari ja ymp\u00e4rist\u00f6vaikutusten mittarit - Kest\u00e4v\u00e4n kehityksen - verkkokurssi","og_description":"Tutustu elinkaariajatteluun ja selvit\u00e4 millaisia vaiheita oman ammattialasi keskeisten tuotteiden valmistukseen kuuluu. Tee elinkaariarvio yhdelle tuotteelle. Liit\u00e4 mukaan tietosi\/arviosi siit\u00e4 mit\u00e4 luonnonvaroja ja miss\u00e4 vaiheessa tuotteen elinkaaren aikana tarvitaan miss\u00e4 vaiheessa tuotteen elinkaaren aikana kuluu paljon energiaa millaisia ymp\u00e4rist\u00f6vaikutuksia tuotteen elinkaaren eri vaiheissa syntyy miten omalla ammattialallanne voidaan pienent\u00e4\u00e4 luonnonvarojen kulutusta t\u00e4m\u00e4n tuotteen osalta Esit\u00e4 [&hellip;]","og_url":"https:\/\/blogit.gradia.fi\/kestavakehitys\/kansalaisen-perusoikeudet-ja-velvollisuudet\/","og_site_name":"Kest\u00e4v\u00e4n kehityksen - verkkokurssi","article_modified_time":"2020-01-13T10:22:49+00:00","twitter_card":"summary_large_image","twitter_misc":{"Arvioitu lukuaika":"1 minuutti"},"schema":{"@context":"https:\/\/schema.org","@graph":[{"@type":"WebPage","@id":"https:\/\/blogit.gradia.fi\/kestavakehitys\/kansalaisen-perusoikeudet-ja-velvollisuudet\/","url":"https:\/\/blogit.gradia.fi\/kestavakehitys\/kansalaisen-perusoikeudet-ja-velvollisuudet\/","name":"Tuotteen elinkaari ja ymp\u00e4rist\u00f6vaikutusten mittarit - Kest\u00e4v\u00e4n kehityksen - verkkokurssi","isPartOf":{"@id":"https:\/\/blogit.gradia.fi\/kestavakehitys\/#website"},"datePublished":"2016-09-07T09:43:55+00:00","dateModified":"2020-01-13T10:22:49+00:00","inLanguage":"fi","potentialAction":[{"@type":"ReadAction","target":["https:\/\/blogit.gradia.fi\/kestavakehitys\/kansalaisen-perusoikeudet-ja-velvollisuudet\/"]}]},{"@type":"WebSite","@id":"https:\/\/blogit.gradia.fi\/kestavakehitys\/#website","url":"https:\/\/blogit.gradia.fi\/kestavakehitys\/","name":"Kest\u00e4v\u00e4n kehityksen - verkkokurssi","description":"Uusi ao-blogit -sivusto","potentialAction":[{"@type":"SearchAction","target":{"@type":"EntryPoint","urlTemplate":"https:\/\/blogit.gradia.fi\/kestavakehitys\/?s={search_term_string}"},"query-input":{"@type":"PropertyValueSpecification","valueRequired":true,"valueName":"search_term_string"}}],"inLanguage":"fi"}]}},"uagb_featured_image_src":{"full":false,"thumbnail":false,"medium":false,"medium_large":false,"large":false,"1536x1536":false,"2048x2048":false,"post-thumbnail":false},"uagb_author_info":{"display_name":"Ari Porki","author_link":"https:\/\/blogit.gradia.fi\/kestavakehitys\/author\/porkiari\/"},"uagb_comment_info":0,"uagb_excerpt":"Tutustu elinkaariajatteluun ja selvit\u00e4 millaisia vaiheita oman ammattialasi keskeisten tuotteiden valmistukseen kuuluu. Tee elinkaariarvio yhdelle tuotteelle. Liit\u00e4 mukaan tietosi\/arviosi siit\u00e4 mit\u00e4 luonnonvaroja ja miss\u00e4 vaiheessa tuotteen elinkaaren aikana tarvitaan miss\u00e4 vaiheessa tuotteen elinkaaren aikana kuluu paljon energiaa millaisia ymp\u00e4rist\u00f6vaikutuksia tuotteen elinkaaren eri vaiheissa syntyy miten omalla ammattialallanne voidaan pienent\u00e4\u00e4 luonnonvarojen kulutusta t\u00e4m\u00e4n tuotteen osalta Esit\u00e4&hellip;","_links":{"self":[{"href":"https:\/\/blogit.gradia.fi\/kestavakehitys\/wp-json\/wp\/v2\/pages\/23","targetHints":{"allow":["GET"]}}],"collection":[{"href":"https:\/\/blogit.gradia.fi\/kestavakehitys\/wp-json\/wp\/v2\/pages"}],"about":[{"href":"https:\/\/blogit.gradia.fi\/kestavakehitys\/wp-json\/wp\/v2\/types\/page"}],"author":[{"embeddable":true,"href":"https:\/\/blogit.gradia.fi\/kestavakehitys\/wp-json\/wp\/v2\/users\/262"}],"replies":[{"embeddable":true,"href":"https:\/\/blogit.gradia.fi\/kestavakehitys\/wp-json\/wp\/v2\/comments?post=23"}],"version-history":[{"count":3,"href":"https:\/\/blogit.gradia.fi\/kestavakehitys\/wp-json\/wp\/v2\/pages\/23\/revisions"}],"predecessor-version":[{"id":323,"href":"https:\/\/blogit.gradia.fi\/kestavakehitys\/wp-json\/wp\/v2\/pages\/23\/revisions\/323"}],"wp:attachment":[{"href":"https:\/\/blogit.gradia.fi\/kestavakehitys\/wp-json\/wp\/v2\/media?parent=23"}],"curies":[{"name":"wp","href":"https:\/\/api.w.org\/{rel}","templated":true}]}}