{"id":48,"date":"2019-10-26T13:49:05","date_gmt":"2019-10-26T10:49:05","guid":{"rendered":"https:\/\/blogit.gradia.fi\/keke\/?page_id=48"},"modified":"2019-10-26T13:50:32","modified_gmt":"2019-10-26T10:50:32","slug":"tietoja","status":"publish","type":"page","link":"https:\/\/blogit.gradia.fi\/keke\/tietoja\/","title":{"rendered":"Tietoja"},"content":{"rendered":"\n<p>Otathan yhteytt\u00e4, jos huomaat sivustolla esimerkiksi jonkin toimimattoman linkin.<\/p>\n\n\n\n<p><strong>Opettaja<\/strong><br>Hannu Tabell<br>Lehtori<br>040 341 5937<br>hannu.tabell(at)gradia.fi<\/p>\n","protected":false},"excerpt":{"rendered":"<p>Otathan yhteytt\u00e4, jos huomaat sivustolla esimerkiksi jonkin toimimattoman linkin. OpettajaHannu TabellLehtori040 341 5937hannu.tabell(at)gradia.fi<\/p>\n","protected":false},"author":111,"featured_media":0,"parent":0,"menu_order":0,"comment_status":"closed","ping_status":"closed","template":"","meta":{"_uag_custom_page_level_css":"","footnotes":""},"class_list":["post-48","page","type-page","status-publish","hentry"],"yoast_head":"<!-- This site is optimized with the Yoast SEO plugin v27.2 - https:\/\/yoast.com\/product\/yoast-seo-wordpress\/ -->\n<title>Tietoja - Keke<\/title>\n<meta name=\"robots\" content=\"index, follow, max-snippet:-1, max-image-preview:large, max-video-preview:-1\" \/>\n<link rel=\"canonical\" href=\"https:\/\/blogit.gradia.fi\/keke\/tietoja\/\" \/>\n<meta property=\"og:locale\" content=\"fi_FI\" \/>\n<meta property=\"og:type\" content=\"article\" \/>\n<meta property=\"og:title\" content=\"Tietoja - Keke\" \/>\n<meta property=\"og:description\" content=\"Otathan yhteytt\u00e4, jos huomaat sivustolla esimerkiksi jonkin toimimattoman linkin. OpettajaHannu TabellLehtori040 341 5937hannu.tabell(at)gradia.fi\" \/>\n<meta property=\"og:url\" content=\"https:\/\/blogit.gradia.fi\/keke\/tietoja\/\" \/>\n<meta property=\"og:site_name\" content=\"Keke\" \/>\n<meta property=\"article:modified_time\" content=\"2019-10-26T10:50:32+00:00\" \/>\n<meta name=\"twitter:card\" content=\"summary_large_image\" \/>\n<script type=\"application\/ld+json\" class=\"yoast-schema-graph\">{\"@context\":\"https:\/\/schema.org\",\"@graph\":[{\"@type\":\"WebPage\",\"@id\":\"https:\/\/blogit.gradia.fi\/keke\/tietoja\/\",\"url\":\"https:\/\/blogit.gradia.fi\/keke\/tietoja\/\",\"name\":\"Tietoja - Keke\",\"isPartOf\":{\"@id\":\"https:\/\/blogit.gradia.fi\/keke\/#website\"},\"datePublished\":\"2019-10-26T10:49:05+00:00\",\"dateModified\":\"2019-10-26T10:50:32+00:00\",\"breadcrumb\":{\"@id\":\"https:\/\/blogit.gradia.fi\/keke\/tietoja\/#breadcrumb\"},\"inLanguage\":\"fi\",\"potentialAction\":[{\"@type\":\"ReadAction\",\"target\":[\"https:\/\/blogit.gradia.fi\/keke\/tietoja\/\"]}]},{\"@type\":\"BreadcrumbList\",\"@id\":\"https:\/\/blogit.gradia.fi\/keke\/tietoja\/#breadcrumb\",\"itemListElement\":[{\"@type\":\"ListItem\",\"position\":1,\"name\":\"Home\",\"item\":\"https:\/\/blogit.gradia.fi\/keke\/\"},{\"@type\":\"ListItem\",\"position\":2,\"name\":\"Tietoja\"}]},{\"@type\":\"WebSite\",\"@id\":\"https:\/\/blogit.gradia.fi\/keke\/#website\",\"url\":\"https:\/\/blogit.gradia.fi\/keke\/\",\"name\":\"Keke\",\"description\":\"Kest\u00e4v\u00e4n kehityksen edist\u00e4minen\",\"potentialAction\":[{\"@type\":\"SearchAction\",\"target\":{\"@type\":\"EntryPoint\",\"urlTemplate\":\"https:\/\/blogit.gradia.fi\/keke\/?s={search_term_string}\"},\"query-input\":{\"@type\":\"PropertyValueSpecification\",\"valueRequired\":true,\"valueName\":\"search_term_string\"}}],\"inLanguage\":\"fi\"}]}<\/script>\n<!-- \/ Yoast SEO plugin. -->","yoast_head_json":{"title":"Tietoja - Keke","robots":{"index":"index","follow":"follow","max-snippet":"max-snippet:-1","max-image-preview":"max-image-preview:large","max-video-preview":"max-video-preview:-1"},"canonical":"https:\/\/blogit.gradia.fi\/keke\/tietoja\/","og_locale":"fi_FI","og_type":"article","og_title":"Tietoja - Keke","og_description":"Otathan yhteytt\u00e4, jos huomaat sivustolla esimerkiksi jonkin toimimattoman linkin. OpettajaHannu TabellLehtori040 341 5937hannu.tabell(at)gradia.fi","og_url":"https:\/\/blogit.gradia.fi\/keke\/tietoja\/","og_site_name":"Keke","article_modified_time":"2019-10-26T10:50:32+00:00","twitter_card":"summary_large_image","schema":{"@context":"https:\/\/schema.org","@graph":[{"@type":"WebPage","@id":"https:\/\/blogit.gradia.fi\/keke\/tietoja\/","url":"https:\/\/blogit.gradia.fi\/keke\/tietoja\/","name":"Tietoja - Keke","isPartOf":{"@id":"https:\/\/blogit.gradia.fi\/keke\/#website"},"datePublished":"2019-10-26T10:49:05+00:00","dateModified":"2019-10-26T10:50:32+00:00","breadcrumb":{"@id":"https:\/\/blogit.gradia.fi\/keke\/tietoja\/#breadcrumb"},"inLanguage":"fi","potentialAction":[{"@type":"ReadAction","target":["https:\/\/blogit.gradia.fi\/keke\/tietoja\/"]}]},{"@type":"BreadcrumbList","@id":"https:\/\/blogit.gradia.fi\/keke\/tietoja\/#breadcrumb","itemListElement":[{"@type":"ListItem","position":1,"name":"Home","item":"https:\/\/blogit.gradia.fi\/keke\/"},{"@type":"ListItem","position":2,"name":"Tietoja"}]},{"@type":"WebSite","@id":"https:\/\/blogit.gradia.fi\/keke\/#website","url":"https:\/\/blogit.gradia.fi\/keke\/","name":"Keke","description":"Kest\u00e4v\u00e4n kehityksen edist\u00e4minen","potentialAction":[{"@type":"SearchAction","target":{"@type":"EntryPoint","urlTemplate":"https:\/\/blogit.gradia.fi\/keke\/?s={search_term_string}"},"query-input":{"@type":"PropertyValueSpecification","valueRequired":true,"valueName":"search_term_string"}}],"inLanguage":"fi"}]}},"uagb_featured_image_src":{"full":false,"thumbnail":false,"medium":false,"medium_large":false,"large":false,"1536x1536":false,"2048x2048":false,"post-thumbnail":false},"uagb_author_info":{"display_name":"Hannu Tabell","author_link":"https:\/\/blogit.gradia.fi\/keke\/author\/htabell\/"},"uagb_comment_info":0,"uagb_excerpt":"Otathan yhteytt\u00e4, jos huomaat sivustolla esimerkiksi jonkin toimimattoman linkin. OpettajaHannu TabellLehtori040 341 5937hannu.tabell(at)gradia.fi","_links":{"self":[{"href":"https:\/\/blogit.gradia.fi\/keke\/wp-json\/wp\/v2\/pages\/48","targetHints":{"allow":["GET"]}}],"collection":[{"href":"https:\/\/blogit.gradia.fi\/keke\/wp-json\/wp\/v2\/pages"}],"about":[{"href":"https:\/\/blogit.gradia.fi\/keke\/wp-json\/wp\/v2\/types\/page"}],"author":[{"embeddable":true,"href":"https:\/\/blogit.gradia.fi\/keke\/wp-json\/wp\/v2\/users\/111"}],"replies":[{"embeddable":true,"href":"https:\/\/blogit.gradia.fi\/keke\/wp-json\/wp\/v2\/comments?post=48"}],"version-history":[{"count":2,"href":"https:\/\/blogit.gradia.fi\/keke\/wp-json\/wp\/v2\/pages\/48\/revisions"}],"predecessor-version":[{"id":51,"href":"https:\/\/blogit.gradia.fi\/keke\/wp-json\/wp\/v2\/pages\/48\/revisions\/51"}],"wp:attachment":[{"href":"https:\/\/blogit.gradia.fi\/keke\/wp-json\/wp\/v2\/media?parent=48"}],"curies":[{"name":"wp","href":"https:\/\/api.w.org\/{rel}","templated":true}]}}