{"id":45,"date":"2019-10-26T13:45:30","date_gmt":"2019-10-26T10:45:30","guid":{"rendered":"https:\/\/blogit.gradia.fi\/keke\/?page_id=45"},"modified":"2019-10-26T13:45:31","modified_gmt":"2019-10-26T10:45:31","slug":"2-1-elinkaariajattelu","status":"publish","type":"page","link":"https:\/\/blogit.gradia.fi\/keke\/2-1-elinkaariajattelu\/","title":{"rendered":"2.1 Elinkaariajattelu"},"content":{"rendered":"\n<p>T\u00e4ss\u00e4 osassa tutustut joidenkin tuotteiden elinkaareen ja teet itse elinkaarianalyysin.&nbsp;<\/p>\n\n\n\n<h4 class=\"wp-block-heading\">Esimerkkej\u00e4 elinkaaresta&nbsp;<\/h4>\n\n\n\n<p><strong>Teht\u00e4v\u00e4 1<\/strong>. Katso video kohdassa A ja lue esimerkki kohdassa B. Vastaa omin sanoin, miten hyvin n\u00e4ist\u00e4 esimerkeist\u00e4 selvi\u00e4\u00e4 tuotteen elinkaari.&nbsp;<\/p>\n\n\n\n<p><strong>A)<\/strong>&nbsp;<a href=\"https:\/\/youtu.be\/D8ms2ZzVsZA\" target=\"_blank\" rel=\"noreferrer noopener\">Maitopurkin elinkaari<\/a>&nbsp;<\/p>\n\n\n\n<p><strong>B)<\/strong>&nbsp;<a href=\"https:\/\/www.coca-cola.fi\/stories\/coca-cola--pullo-on-50--kierraetettyae-muovia\" target=\"_blank\" rel=\"noreferrer noopener\">Coca-Cola<\/a>&nbsp;<\/p>\n\n\n\n<h4 class=\"wp-block-heading\">K\u00e4sitteit\u00e4&nbsp;<\/h4>\n\n\n\n<p>Tuotteen tai palvelun elinkaaren selvitt\u00e4misess\u00e4 apuna ovat tietyt k\u00e4sitteet, esimerkiksi nyky\u00e4\u00e4n paljon esill\u00e4 oleva&nbsp;<strong>hiilijalanj\u00e4lki<\/strong>.&nbsp;<\/p>\n\n\n\n<p><strong>Teht\u00e4v\u00e4 2<\/strong>. Selvit\u00e4 omin sanoin lyhyesti viisi seuraavista k\u00e4sitteist\u00e4.&nbsp;&nbsp;<\/p>\n\n\n\n<p><strong>A)<\/strong>&nbsp;Ekologinen selk\u00e4reppu&nbsp;&nbsp;<\/p>\n\n\n\n<p><strong>B)<\/strong>&nbsp;Ekotehokkuus ja sen mittaamisen v\u00e4line MIPS&nbsp;<\/p>\n\n\n\n<p><strong>C)<\/strong>&nbsp;Ekologinen k\u00e4denj\u00e4lki&nbsp;<\/p>\n\n\n\n<p><strong>D)<\/strong>&nbsp;Ekologinen jalanj\u00e4lki&nbsp;<\/p>\n\n\n\n<p><strong>E)<\/strong>&nbsp;Hiilijalanj\u00e4lki&nbsp;<\/p>\n\n\n\n<p><strong>F)<\/strong>&nbsp;Vesijalanj\u00e4lki&nbsp;<\/p>\n\n\n\n<p><strong>G)<\/strong>&nbsp;Ymp\u00e4rist\u00f6riskianalyysi&nbsp;<\/p>\n\n\n\n<p><strong>H)<\/strong>&nbsp;Ymp\u00e4rist\u00f6j\u00e4rjestelm\u00e4t&nbsp;<\/p>\n\n\n\n<p><strong>Teht\u00e4v\u00e4 3<\/strong>. Tee omaan alaasi liittyv\u00e4st\u00e4 tuotteesta tai palvelusta&nbsp;<strong>elinkaarianalyysi<\/strong>. Jos valitset tuotteen, t\u00e4rke\u00e4\u00e4 olisi saada tietoa, mist\u00e4 tuote on valmistettu (tuoteseloste auttaa t\u00e4ss\u00e4). Jos valitset palvelun, siit\u00e4 ei tietenk\u00e4\u00e4n l\u00f6ydy vastaavanlaista tuoteselostetta.&nbsp;<\/p>\n\n\n\n<p><strong>Teht\u00e4v\u00e4n tekninen toteutus<\/strong>&nbsp;<\/p>\n\n\n\n<ul class=\"wp-block-list\"><li>Tee teht\u00e4v\u00e4 PowerPointilla. Jos teet sen Online PowerPointilla, niin se tallentuu automaattisesti OneDriveesi.&nbsp;<\/li><li>Nime\u00e4 esityksesi&nbsp;<em>esimerkiksi<\/em>&nbsp;<strong>Tietokoneen elinkaari<\/strong>. Kirjoita otsikkodiaan nimesi ja ryhm\u00e4si sek\u00e4 p\u00e4iv\u00e4m\u00e4\u00e4r\u00e4.&nbsp;<\/li><li>K\u00e4yt\u00e4 PowerPointissa monipuolisia asetteluita.&nbsp;&nbsp;<\/li><li>Valitse teht\u00e4v\u00e4\u00e4si sopiva rakenne.&nbsp;&nbsp;<\/li><li>K\u00e4yt\u00e4 diojen v\u00e4lisi\u00e4 siirtym\u00e4efektej\u00e4. Jos haluat, animoi esityksesi kuvat ja tekstit.&nbsp;<\/li><li>Kopio OneDrivess\u00e4 tiedoston linkki. T\u00e4h\u00e4n l\u00f6yd\u00e4t ohjeet&nbsp;<em>Sis\u00e4lt\u00f6kirjastossa<\/em>&nbsp;olevasta&nbsp;<strong>Ohjeita<\/strong>-osasta.&nbsp;<\/li><li>Liit\u00e4 linkki tekem\u00e4\u00e4si PowerPoint-tiedostoon.&nbsp;<\/li><li><strong>Huom<\/strong>! \u00c4l\u00e4&nbsp;<strong>jaa<\/strong>&nbsp;teht\u00e4v\u00e4si linkki\u00e4 opettajallesi.&nbsp;<\/li><\/ul>\n\n\n\n<p>Tee t\u00e4h\u00e4n kohtaan linkki teht\u00e4v\u00e4\u00e4si.&nbsp;<\/p>\n\n\n\n<p><strong>Teht\u00e4v\u00e4n sis\u00e4lt\u00f6<\/strong>&nbsp;<\/p>\n\n\n\n<ul class=\"wp-block-list\"><li>Selvit\u00e4 valitsemasi tuotteen tai palvelun koko elinkaari.&nbsp;&nbsp;<\/li><li>Pohdi, etsi tietoa, yhdist\u00e4 l\u00f6yt\u00e4mi\u00e4si tietoja kokonaisuuksiksi.&nbsp;<\/li><li>Kirjoita asiat omin sanoin.&nbsp;<\/li><li>Muista lis\u00e4t\u00e4 k\u00e4ytt\u00e4m\u00e4si l\u00e4hteiden internetosoitteet tai kirjan l\u00e4hdetiedot esitykseesi.&nbsp;<\/li><li>Tarkastele elinkaaren jokaista vaihetta esimerkiksi seuraavien kysymysten avulla:&nbsp;<\/li><\/ul>\n\n\n\n<p><strong>1 Raaka-aineet<\/strong>&nbsp;<\/p>\n\n\n\n<ul class=\"wp-block-list\"><li>Mitk\u00e4 ovat tuotteen valmistuksessa k\u00e4ytetyt p\u00e4\u00e4raaka-aineet?&nbsp;<\/li><li>Miten ja mist\u00e4 raaka-aineita hankitaan?&nbsp;<\/li><li>Ovatko raaka-aineet uusitumattomia vai uusiutuvia?&nbsp;<\/li><li>Mitk\u00e4 ovat raaka-aineiden ymp\u00e4rist\u00f6vaikutukset?&nbsp;&nbsp;<\/li><li>Voisiko raaka-aineiden hankinnan tehd\u00e4 kest\u00e4v\u00e4mmin?&nbsp;&nbsp;<\/li><li>Onko jokin raaka-aine ymp\u00e4rist\u00f6lle jollakin tavalla vaarallinen.&nbsp;&nbsp;<\/li><li>Olisiko mahdollista korvata t\u00e4llainen raaka-aine jollakin v\u00e4hemm\u00e4n ymp\u00e4rist\u00f6\u00e4 kuluttavalla aineella?&nbsp;<\/li><\/ul>\n\n\n\n<p>&nbsp;<br><strong>2 Valmistus<\/strong>&nbsp;<\/p>\n\n\n\n<ul class=\"wp-block-list\"><li>Miten ja miss\u00e4 tuotetta valmistetaan?&nbsp;<\/li><li>Mit\u00e4 ymp\u00e4rist\u00f6vaikutuksia tuotteen valmistuksella on? Tuleeko p\u00e4\u00e4st\u00f6j\u00e4 maahan, ilmaan tai veteen?&nbsp;<\/li><li>Tuotteen valmistuksessa tarvitaan energiaa. T\u00e4m\u00e4 on vaikea kohta, mutta jos saat selville, millaisella energialla valmistaminen on tehty, niin olet p\u00e4\u00e4ssyt selvityksess\u00e4si pitk\u00e4lle.&nbsp;<\/li><\/ul>\n\n\n\n<p>&nbsp;<br><strong>3 Kuljetus<\/strong>&nbsp;<\/p>\n\n\n\n<ul class=\"wp-block-list\"><li>Kuljetetaanko tuote autolla, junalla, laivalla, lentokoneella tai niill\u00e4 kaikilla?&nbsp;<\/li><li>Kuljetetaanko tuote kaukaa?&nbsp;<\/li><li>Millaisia ymp\u00e4rist\u00f6vaikutuksia kuljetuksella on?&nbsp;Tuleeko p\u00e4\u00e4st\u00f6j\u00e4 maahan, ilmaan tai veteen?&nbsp;<\/li><li>Kuljetukseen liittyvi\u00e4 hiilidioksidip\u00e4\u00e4st\u00f6j\u00e4 voit selvitt\u00e4\u00e4 muun muassa&nbsp;<a href=\"http:\/\/www.ilmastolaskuri.fi\/fi\/road-traffic\" target=\"_blank\" rel=\"noreferrer noopener\">WWF:n ilmastolaskurilla<\/a>.&nbsp;<\/li><\/ul>\n\n\n\n<p><strong>4 K\u00e4ytt\u00f6<\/strong>&nbsp;<\/p>\n\n\n\n<ul class=\"wp-block-list\"><li>Miten pitk\u00e4 k\u00e4ytt\u00f6ik\u00e4 tuotteella on?&nbsp;<\/li><li>Voisiko sit\u00e4 pident\u00e4\u00e4?&nbsp;<\/li><li>Millaisia ymp\u00e4rist\u00f6vaikutuksia k\u00e4yt\u00f6ll\u00e4 on?&nbsp;Tuleeko p\u00e4\u00e4st\u00f6j\u00e4 maahan, ilmaan tai veteen?&nbsp;<\/li><\/ul>\n\n\n\n<p><em>Jos omassa esimerkiss\u00e4si ei ole selv\u00e4sti jaottelua kierr\u00e4tykseen sek\u00e4 j\u00e4tteen k\u00e4sittelyyn, voit j\u00e4tt\u00e4\u00e4 toisen kohdista 5 tai 6 pois.<\/em>&nbsp;<\/p>\n\n\n\n<p>&nbsp;<br><strong>5 Kierr\u00e4tys<\/strong>&nbsp;<\/p>\n\n\n\n<ul class=\"wp-block-list\"><li>Mit\u00e4 tuotteelle tapahtuu k\u00e4yt\u00f6n j\u00e4lkeen?&nbsp;<\/li><li>Voidaanko sit\u00e4 kierr\u00e4tt\u00e4\u00e4?&nbsp;<\/li><li>Millaisia ymp\u00e4rist\u00f6vaikutuksia kierr\u00e4tyksell\u00e4 on?&nbsp;Tuleeko p\u00e4\u00e4st\u00f6j\u00e4 maahan, ilmaan tai veteen?&nbsp;<\/li><\/ul>\n\n\n\n<p><strong>6 J\u00e4tteen k\u00e4sittely ja h\u00e4vitt\u00e4minen<\/strong>&nbsp;<\/p>\n\n\n\n<ul class=\"wp-block-list\"><li>Miten tuote h\u00e4vitet\u00e4\u00e4n?&nbsp;<\/li><li>Millaisia ymp\u00e4rist\u00f6vaikutuksia h\u00e4vitysprosessilla on?&nbsp;Tuleeko p\u00e4\u00e4st\u00f6j\u00e4 maahan, ilmaan tai veteen?&nbsp;<\/li><\/ul>\n\n\n<p><!--EndFragment--><br \/><br \/><\/p>","protected":false},"excerpt":{"rendered":"<p>T\u00e4ss\u00e4 osassa tutustut joidenkin tuotteiden elinkaareen ja teet itse elinkaarianalyysin.&nbsp; Esimerkkej\u00e4 elinkaaresta&nbsp; Teht\u00e4v\u00e4 1. Katso video kohdassa A ja lue esimerkki kohdassa B. Vastaa omin sanoin, miten hyvin n\u00e4ist\u00e4 esimerkeist\u00e4 selvi\u00e4\u00e4 tuotteen elinkaari.&nbsp; A)&nbsp;Maitopurkin elinkaari&nbsp; B)&nbsp;Coca-Cola&nbsp; K\u00e4sitteit\u00e4&nbsp; Tuotteen tai palvelun elinkaaren selvitt\u00e4misess\u00e4 apuna ovat tietyt k\u00e4sitteet, esimerkiksi nyky\u00e4\u00e4n paljon esill\u00e4 oleva&nbsp;hiilijalanj\u00e4lki.&nbsp; Teht\u00e4v\u00e4 2. Selvit\u00e4 omin &hellip; <a href=\"https:\/\/blogit.gradia.fi\/keke\/2-1-elinkaariajattelu\/\" class=\"more-link\">Jatka lukemista <span class=\"screen-reader-text\">2.1 Elinkaariajattelu<\/span> <span class=\"meta-nav\">&rarr;<\/span><\/a><\/p>\n","protected":false},"author":111,"featured_media":0,"parent":0,"menu_order":0,"comment_status":"closed","ping_status":"closed","template":"","meta":{"_uag_custom_page_level_css":"","footnotes":""},"class_list":["post-45","page","type-page","status-publish","hentry"],"yoast_head":"<!-- This site is optimized with the Yoast SEO plugin v27.2 - https:\/\/yoast.com\/product\/yoast-seo-wordpress\/ -->\n<title>2.1 Elinkaariajattelu - Keke<\/title>\n<meta name=\"robots\" content=\"index, follow, max-snippet:-1, max-image-preview:large, max-video-preview:-1\" \/>\n<link rel=\"canonical\" href=\"https:\/\/blogit.gradia.fi\/keke\/2-1-elinkaariajattelu\/\" \/>\n<meta property=\"og:locale\" content=\"fi_FI\" \/>\n<meta property=\"og:type\" content=\"article\" \/>\n<meta property=\"og:title\" content=\"2.1 Elinkaariajattelu - Keke\" \/>\n<meta property=\"og:description\" content=\"T\u00e4ss\u00e4 osassa tutustut joidenkin tuotteiden elinkaareen ja teet itse elinkaarianalyysin.&nbsp; Esimerkkej\u00e4 elinkaaresta&nbsp; Teht\u00e4v\u00e4 1. Katso video kohdassa A ja lue esimerkki kohdassa B. Vastaa omin sanoin, miten hyvin n\u00e4ist\u00e4 esimerkeist\u00e4 selvi\u00e4\u00e4 tuotteen elinkaari.&nbsp; A)&nbsp;Maitopurkin elinkaari&nbsp; B)&nbsp;Coca-Cola&nbsp; K\u00e4sitteit\u00e4&nbsp; Tuotteen tai palvelun elinkaaren selvitt\u00e4misess\u00e4 apuna ovat tietyt k\u00e4sitteet, esimerkiksi nyky\u00e4\u00e4n paljon esill\u00e4 oleva&nbsp;hiilijalanj\u00e4lki.&nbsp; Teht\u00e4v\u00e4 2. Selvit\u00e4 omin &hellip; Jatka lukemista 2.1 Elinkaariajattelu &rarr;\" \/>\n<meta property=\"og:url\" content=\"https:\/\/blogit.gradia.fi\/keke\/2-1-elinkaariajattelu\/\" \/>\n<meta property=\"og:site_name\" content=\"Keke\" \/>\n<meta property=\"article:modified_time\" content=\"2019-10-26T10:45:31+00:00\" \/>\n<meta name=\"twitter:card\" content=\"summary_large_image\" \/>\n<meta name=\"twitter:label1\" content=\"Arvioitu lukuaika\" \/>\n\t<meta name=\"twitter:data1\" content=\"3 minuuttia\" \/>\n<script type=\"application\/ld+json\" class=\"yoast-schema-graph\">{\"@context\":\"https:\/\/schema.org\",\"@graph\":[{\"@type\":\"WebPage\",\"@id\":\"https:\/\/blogit.gradia.fi\/keke\/2-1-elinkaariajattelu\/\",\"url\":\"https:\/\/blogit.gradia.fi\/keke\/2-1-elinkaariajattelu\/\",\"name\":\"2.1 Elinkaariajattelu - Keke\",\"isPartOf\":{\"@id\":\"https:\/\/blogit.gradia.fi\/keke\/#website\"},\"datePublished\":\"2019-10-26T10:45:30+00:00\",\"dateModified\":\"2019-10-26T10:45:31+00:00\",\"breadcrumb\":{\"@id\":\"https:\/\/blogit.gradia.fi\/keke\/2-1-elinkaariajattelu\/#breadcrumb\"},\"inLanguage\":\"fi\",\"potentialAction\":[{\"@type\":\"ReadAction\",\"target\":[\"https:\/\/blogit.gradia.fi\/keke\/2-1-elinkaariajattelu\/\"]}]},{\"@type\":\"BreadcrumbList\",\"@id\":\"https:\/\/blogit.gradia.fi\/keke\/2-1-elinkaariajattelu\/#breadcrumb\",\"itemListElement\":[{\"@type\":\"ListItem\",\"position\":1,\"name\":\"Home\",\"item\":\"https:\/\/blogit.gradia.fi\/keke\/\"},{\"@type\":\"ListItem\",\"position\":2,\"name\":\"2.1 Elinkaariajattelu\"}]},{\"@type\":\"WebSite\",\"@id\":\"https:\/\/blogit.gradia.fi\/keke\/#website\",\"url\":\"https:\/\/blogit.gradia.fi\/keke\/\",\"name\":\"Keke\",\"description\":\"Kest\u00e4v\u00e4n kehityksen edist\u00e4minen\",\"potentialAction\":[{\"@type\":\"SearchAction\",\"target\":{\"@type\":\"EntryPoint\",\"urlTemplate\":\"https:\/\/blogit.gradia.fi\/keke\/?s={search_term_string}\"},\"query-input\":{\"@type\":\"PropertyValueSpecification\",\"valueRequired\":true,\"valueName\":\"search_term_string\"}}],\"inLanguage\":\"fi\"}]}<\/script>\n<!-- \/ Yoast SEO plugin. -->","yoast_head_json":{"title":"2.1 Elinkaariajattelu - Keke","robots":{"index":"index","follow":"follow","max-snippet":"max-snippet:-1","max-image-preview":"max-image-preview:large","max-video-preview":"max-video-preview:-1"},"canonical":"https:\/\/blogit.gradia.fi\/keke\/2-1-elinkaariajattelu\/","og_locale":"fi_FI","og_type":"article","og_title":"2.1 Elinkaariajattelu - Keke","og_description":"T\u00e4ss\u00e4 osassa tutustut joidenkin tuotteiden elinkaareen ja teet itse elinkaarianalyysin.&nbsp; Esimerkkej\u00e4 elinkaaresta&nbsp; Teht\u00e4v\u00e4 1. Katso video kohdassa A ja lue esimerkki kohdassa B. Vastaa omin sanoin, miten hyvin n\u00e4ist\u00e4 esimerkeist\u00e4 selvi\u00e4\u00e4 tuotteen elinkaari.&nbsp; A)&nbsp;Maitopurkin elinkaari&nbsp; B)&nbsp;Coca-Cola&nbsp; K\u00e4sitteit\u00e4&nbsp; Tuotteen tai palvelun elinkaaren selvitt\u00e4misess\u00e4 apuna ovat tietyt k\u00e4sitteet, esimerkiksi nyky\u00e4\u00e4n paljon esill\u00e4 oleva&nbsp;hiilijalanj\u00e4lki.&nbsp; Teht\u00e4v\u00e4 2. Selvit\u00e4 omin &hellip; Jatka lukemista 2.1 Elinkaariajattelu &rarr;","og_url":"https:\/\/blogit.gradia.fi\/keke\/2-1-elinkaariajattelu\/","og_site_name":"Keke","article_modified_time":"2019-10-26T10:45:31+00:00","twitter_card":"summary_large_image","twitter_misc":{"Arvioitu lukuaika":"3 minuuttia"},"schema":{"@context":"https:\/\/schema.org","@graph":[{"@type":"WebPage","@id":"https:\/\/blogit.gradia.fi\/keke\/2-1-elinkaariajattelu\/","url":"https:\/\/blogit.gradia.fi\/keke\/2-1-elinkaariajattelu\/","name":"2.1 Elinkaariajattelu - Keke","isPartOf":{"@id":"https:\/\/blogit.gradia.fi\/keke\/#website"},"datePublished":"2019-10-26T10:45:30+00:00","dateModified":"2019-10-26T10:45:31+00:00","breadcrumb":{"@id":"https:\/\/blogit.gradia.fi\/keke\/2-1-elinkaariajattelu\/#breadcrumb"},"inLanguage":"fi","potentialAction":[{"@type":"ReadAction","target":["https:\/\/blogit.gradia.fi\/keke\/2-1-elinkaariajattelu\/"]}]},{"@type":"BreadcrumbList","@id":"https:\/\/blogit.gradia.fi\/keke\/2-1-elinkaariajattelu\/#breadcrumb","itemListElement":[{"@type":"ListItem","position":1,"name":"Home","item":"https:\/\/blogit.gradia.fi\/keke\/"},{"@type":"ListItem","position":2,"name":"2.1 Elinkaariajattelu"}]},{"@type":"WebSite","@id":"https:\/\/blogit.gradia.fi\/keke\/#website","url":"https:\/\/blogit.gradia.fi\/keke\/","name":"Keke","description":"Kest\u00e4v\u00e4n kehityksen edist\u00e4minen","potentialAction":[{"@type":"SearchAction","target":{"@type":"EntryPoint","urlTemplate":"https:\/\/blogit.gradia.fi\/keke\/?s={search_term_string}"},"query-input":{"@type":"PropertyValueSpecification","valueRequired":true,"valueName":"search_term_string"}}],"inLanguage":"fi"}]}},"uagb_featured_image_src":{"full":false,"thumbnail":false,"medium":false,"medium_large":false,"large":false,"1536x1536":false,"2048x2048":false,"post-thumbnail":false},"uagb_author_info":{"display_name":"Hannu Tabell","author_link":"https:\/\/blogit.gradia.fi\/keke\/author\/htabell\/"},"uagb_comment_info":0,"uagb_excerpt":"T\u00e4ss\u00e4 osassa tutustut joidenkin tuotteiden elinkaareen ja teet itse elinkaarianalyysin.&nbsp; Esimerkkej\u00e4 elinkaaresta&nbsp; Teht\u00e4v\u00e4 1. Katso video kohdassa A ja lue esimerkki kohdassa B. Vastaa omin sanoin, miten hyvin n\u00e4ist\u00e4 esimerkeist\u00e4 selvi\u00e4\u00e4 tuotteen elinkaari.&nbsp; A)&nbsp;Maitopurkin elinkaari&nbsp; B)&nbsp;Coca-Cola&nbsp; K\u00e4sitteit\u00e4&nbsp; Tuotteen tai palvelun elinkaaren selvitt\u00e4misess\u00e4 apuna ovat tietyt k\u00e4sitteet, esimerkiksi nyky\u00e4\u00e4n paljon esill\u00e4 oleva&nbsp;hiilijalanj\u00e4lki.&nbsp; Teht\u00e4v\u00e4 2. Selvit\u00e4 omin&hellip;","_links":{"self":[{"href":"https:\/\/blogit.gradia.fi\/keke\/wp-json\/wp\/v2\/pages\/45","targetHints":{"allow":["GET"]}}],"collection":[{"href":"https:\/\/blogit.gradia.fi\/keke\/wp-json\/wp\/v2\/pages"}],"about":[{"href":"https:\/\/blogit.gradia.fi\/keke\/wp-json\/wp\/v2\/types\/page"}],"author":[{"embeddable":true,"href":"https:\/\/blogit.gradia.fi\/keke\/wp-json\/wp\/v2\/users\/111"}],"replies":[{"embeddable":true,"href":"https:\/\/blogit.gradia.fi\/keke\/wp-json\/wp\/v2\/comments?post=45"}],"version-history":[{"count":1,"href":"https:\/\/blogit.gradia.fi\/keke\/wp-json\/wp\/v2\/pages\/45\/revisions"}],"predecessor-version":[{"id":46,"href":"https:\/\/blogit.gradia.fi\/keke\/wp-json\/wp\/v2\/pages\/45\/revisions\/46"}],"wp:attachment":[{"href":"https:\/\/blogit.gradia.fi\/keke\/wp-json\/wp\/v2\/media?parent=45"}],"curies":[{"name":"wp","href":"https:\/\/api.w.org\/{rel}","templated":true}]}}