{"id":36,"date":"2019-10-26T13:31:10","date_gmt":"2019-10-26T10:31:10","guid":{"rendered":"https:\/\/blogit.gradia.fi\/keke\/?page_id=36"},"modified":"2020-10-06T11:56:42","modified_gmt":"2020-10-06T08:56:42","slug":"keke-2","status":"publish","type":"page","link":"https:\/\/blogit.gradia.fi\/keke\/keke-2\/","title":{"rendered":"Keke 2"},"content":{"rendered":"","protected":true},"excerpt":{"rendered":"","protected":true},"author":111,"featured_media":0,"parent":0,"menu_order":0,"comment_status":"closed","ping_status":"closed","template":"","meta":{"_uag_custom_page_level_css":"","footnotes":""},"class_list":["post-36","page","type-page","status-publish","post-password-required","hentry"],"yoast_head":"<!-- This site is optimized with the Yoast SEO plugin v27.2 - https:\/\/yoast.com\/product\/yoast-seo-wordpress\/ -->\n<title>Keke 2 - Keke<\/title>\n<meta name=\"robots\" content=\"index, follow, max-snippet:-1, max-image-preview:large, max-video-preview:-1\" \/>\n<link rel=\"canonical\" href=\"https:\/\/blogit.gradia.fi\/keke\/keke-2\/\" \/>\n<meta property=\"og:locale\" content=\"fi_FI\" \/>\n<meta property=\"og:type\" content=\"article\" \/>\n<meta property=\"og:title\" content=\"Keke 2 - Keke\" \/>\n<meta property=\"og:description\" content=\"Otetta ei n\u00e4ytet\u00e4, koska artikkeli on suojattu.\" \/>\n<meta property=\"og:url\" content=\"https:\/\/blogit.gradia.fi\/keke\/keke-2\/\" \/>\n<meta property=\"og:site_name\" content=\"Keke\" \/>\n<meta property=\"article:modified_time\" content=\"2020-10-06T08:56:42+00:00\" \/>\n<meta name=\"twitter:card\" content=\"summary_large_image\" \/>\n<meta name=\"twitter:label1\" content=\"Arvioitu lukuaika\" \/>\n\t<meta name=\"twitter:data1\" content=\"2 minuuttia\" \/>\n<script type=\"application\/ld+json\" class=\"yoast-schema-graph\">{\"@context\":\"https:\/\/schema.org\",\"@graph\":[{\"@type\":\"WebPage\",\"@id\":\"https:\/\/blogit.gradia.fi\/keke\/keke-2\/\",\"url\":\"https:\/\/blogit.gradia.fi\/keke\/keke-2\/\",\"name\":\"Keke 2 - Keke\",\"isPartOf\":{\"@id\":\"https:\/\/blogit.gradia.fi\/keke\/#website\"},\"datePublished\":\"2019-10-26T10:31:10+00:00\",\"dateModified\":\"2020-10-06T08:56:42+00:00\",\"breadcrumb\":{\"@id\":\"https:\/\/blogit.gradia.fi\/keke\/keke-2\/#breadcrumb\"},\"inLanguage\":\"fi\"},{\"@type\":\"WebSite\",\"@id\":\"https:\/\/blogit.gradia.fi\/keke\/#website\",\"url\":\"https:\/\/blogit.gradia.fi\/keke\/\",\"name\":\"Keke\",\"description\":\"Kest\u00e4v\u00e4n kehityksen edist\u00e4minen\",\"potentialAction\":[{\"@type\":\"SearchAction\",\"target\":{\"@type\":\"EntryPoint\",\"urlTemplate\":\"https:\/\/blogit.gradia.fi\/keke\/?s={search_term_string}\"},\"query-input\":{\"@type\":\"PropertyValueSpecification\",\"valueRequired\":true,\"valueName\":\"search_term_string\"}}],\"inLanguage\":\"fi\"}]}<\/script>\n<!-- \/ Yoast SEO plugin. -->","yoast_head_json":{"title":"Keke 2 - Keke","robots":{"index":"index","follow":"follow","max-snippet":"max-snippet:-1","max-image-preview":"max-image-preview:large","max-video-preview":"max-video-preview:-1"},"canonical":"https:\/\/blogit.gradia.fi\/keke\/keke-2\/","og_locale":"fi_FI","og_type":"article","og_title":"Keke 2 - Keke","og_description":"Otetta ei n\u00e4ytet\u00e4, koska artikkeli on suojattu.","og_url":"https:\/\/blogit.gradia.fi\/keke\/keke-2\/","og_site_name":"Keke","article_modified_time":"2020-10-06T08:56:42+00:00","twitter_card":"summary_large_image","twitter_misc":{"Arvioitu lukuaika":"2 minuuttia"},"schema":{"@context":"https:\/\/schema.org","@graph":[{"@type":"WebPage","@id":"https:\/\/blogit.gradia.fi\/keke\/keke-2\/","url":"https:\/\/blogit.gradia.fi\/keke\/keke-2\/","name":"Keke 2 - Keke","isPartOf":{"@id":"https:\/\/blogit.gradia.fi\/keke\/#website"},"datePublished":"2019-10-26T10:31:10+00:00","dateModified":"2020-10-06T08:56:42+00:00","breadcrumb":{"@id":"https:\/\/blogit.gradia.fi\/keke\/keke-2\/#breadcrumb"},"inLanguage":"fi"},{"@type":"WebSite","@id":"https:\/\/blogit.gradia.fi\/keke\/#website","url":"https:\/\/blogit.gradia.fi\/keke\/","name":"Keke","description":"Kest\u00e4v\u00e4n kehityksen edist\u00e4minen","potentialAction":[{"@type":"SearchAction","target":{"@type":"EntryPoint","urlTemplate":"https:\/\/blogit.gradia.fi\/keke\/?s={search_term_string}"},"query-input":{"@type":"PropertyValueSpecification","valueRequired":true,"valueName":"search_term_string"}}],"inLanguage":"fi"}]}},"uagb_featured_image_src":{"full":false,"thumbnail":false,"medium":false,"medium_large":false,"large":false,"1536x1536":false,"2048x2048":false,"post-thumbnail":false},"uagb_author_info":{"display_name":"Hannu Tabell","author_link":"https:\/\/blogit.gradia.fi\/keke\/author\/htabell\/"},"uagb_comment_info":0,"uagb_excerpt":"Otetta ei n\u00e4ytet\u00e4, koska artikkeli on suojattu.","_links":{"self":[{"href":"https:\/\/blogit.gradia.fi\/keke\/wp-json\/wp\/v2\/pages\/36","targetHints":{"allow":["GET"]}}],"collection":[{"href":"https:\/\/blogit.gradia.fi\/keke\/wp-json\/wp\/v2\/pages"}],"about":[{"href":"https:\/\/blogit.gradia.fi\/keke\/wp-json\/wp\/v2\/types\/page"}],"author":[{"embeddable":true,"href":"https:\/\/blogit.gradia.fi\/keke\/wp-json\/wp\/v2\/users\/111"}],"replies":[{"embeddable":true,"href":"https:\/\/blogit.gradia.fi\/keke\/wp-json\/wp\/v2\/comments?post=36"}],"version-history":[{"count":4,"href":"https:\/\/blogit.gradia.fi\/keke\/wp-json\/wp\/v2\/pages\/36\/revisions"}],"predecessor-version":[{"id":44,"href":"https:\/\/blogit.gradia.fi\/keke\/wp-json\/wp\/v2\/pages\/36\/revisions\/44"}],"wp:attachment":[{"href":"https:\/\/blogit.gradia.fi\/keke\/wp-json\/wp\/v2\/media?parent=36"}],"curies":[{"name":"wp","href":"https:\/\/api.w.org\/{rel}","templated":true}]}}