{"id":25,"date":"2019-08-11T23:29:52","date_gmt":"2019-08-11T20:29:52","guid":{"rendered":"https:\/\/blogit.gradia.fi\/keke\/?page_id=25"},"modified":"2019-08-11T23:32:22","modified_gmt":"2019-08-11T20:32:22","slug":"1-kestava-kehitys-teoriassa-ja-kaytannossa","status":"publish","type":"page","link":"https:\/\/blogit.gradia.fi\/keke\/1-kestava-kehitys-teoriassa-ja-kaytannossa\/","title":{"rendered":"1.1 Miksi kest\u00e4v\u00e4\u00e4 kehityst\u00e4 tarvitaan?"},"content":{"rendered":"\n<h4 class=\"wp-block-heading\">Orientaatio&nbsp;<\/h4>\n\n\n\n<p><strong>Teht\u00e4v\u00e4 1<\/strong>. Katso maailman v\u00e4est\u00f6m\u00e4\u00e4r\u00e4 (<a href=\"http:\/\/www.worldometers.info\/world-population\/\" target=\"_blank\" rel=\"noreferrer noopener\">englanninkielinen sivusto<\/a>&nbsp;|&nbsp;<a href=\"http:\/\/www.worldometers.info\/fi\/\" target=\"_blank\" rel=\"noreferrer noopener\">suomenkielinen sivusto<\/a>) juuri t\u00e4ll\u00e4 hetkell\u00e4.&nbsp;&nbsp;<\/p>\n\n\n\n<p><strong>A<\/strong>) Kuinka paljon maailmassa on ihmisi\u00e4 juuri nyt? <\/p>\n\n\n\n<p><strong>B<\/strong>) Min\u00e4 vuonna maailman v\u00e4kiluku ylitt\u00e4\u00e4 10 miljardin rajan? L\u00f6yd\u00e4t vastauksen englanninkielisen sivuston kuvaajasta&nbsp;<strong>World&nbsp;Population:&nbsp;Past,&nbsp;Present, and&nbsp;Future<\/strong>.&nbsp;<\/p>\n\n\n\n<p><strong>C<\/strong>) Kuinka monta aliravittua ihmist\u00e4 on maailmassa t\u00e4ll\u00e4 hetkell\u00e4?&nbsp;<\/p>\n\n\n\n<p><strong>D<\/strong>) Valitse&nbsp;<strong>Worldometers<\/strong>in&nbsp;suomenkielisilt\u00e4 sivuilta kaksi &#8221;vastakohtaa&#8221; (esimerkiksi&nbsp;<strong>Veden kulutus t\u00e4n\u00e4 vuonna<\/strong>&nbsp;&lt;&#8211;&gt;<strong>&nbsp;Ihmisi\u00e4, joilla ei ole puhdasta juomavett\u00e4<\/strong>), jotka ovat sinun mielest\u00e4si t\u00e4rkeit\u00e4.&nbsp;&nbsp;<\/p>\n\n\n\n<p>Kerro perustellen, mit\u00e4 ajatuksia ne sinussa her\u00e4tt\u00e4v\u00e4t.&nbsp;<\/p>\n\n\n\n<p><strong>Teht\u00e4v\u00e4 2<\/strong>. Lue&nbsp;<a href=\"https:\/\/yle.fi\/uutiset\/3-10489803\" target=\"_blank\" rel=\"noreferrer noopener\">juttu<\/a>&nbsp;Yle.fi-sivustolta.&nbsp;&nbsp;<\/p>\n\n\n\n<p><strong>A<\/strong>) Mik\u00e4 on jutussa haastatellun Rolf-Dieter&nbsp;Heuerin&nbsp;p\u00e4\u00e4huoli?&nbsp;&nbsp;<\/p>\n\n\n\n<p><strong>B<\/strong>) Mit\u00e4 itse ajattelet t\u00e4st\u00e4 huolesta?&nbsp;<\/p>\n\n\n\n<p><strong>Teht\u00e4v\u00e4 3<\/strong>. Teht\u00e4v\u00e4n 2 jutussa mainittu&nbsp;<strong>ilmastonmuutos<\/strong>&nbsp;on paljon uutisoitu asia. Se ei ole yksinkertainen, eiv\u00e4tk\u00e4 v\u00e4ltt\u00e4m\u00e4tt\u00e4 kaikki tutkijatkaan ole yksimielisi\u00e4 ilmastonmuutoksesta.&nbsp;&nbsp;<\/p>\n\n\n\n<p><strong>Ota selv\u00e4\u00e4<\/strong>&nbsp;ja&nbsp;<strong>kerro<\/strong>&nbsp;<strong>omin<\/strong>&nbsp;<strong>sanoin<\/strong>, mit\u00e4&nbsp;ilmastonmuutoksella&nbsp;tarkoitetaan.&nbsp;<\/p>\n\n\n\n<p>Apuna voit k\u00e4ytt\u00e4\u00e4 muun muassa seuraavia sivustoja:&nbsp;<\/p>\n\n\n\n<p><a href=\"http:\/\/ilmasto.org\/\" target=\"_blank\" rel=\"noreferrer noopener\">ilmasto.org<\/a>&nbsp;&nbsp;<\/p>\n\n\n\n<p><a href=\"https:\/\/ilmasto-opas.fi\/fi\/ilmastonmuutos\" target=\"_blank\" rel=\"noreferrer noopener\">Ilmasto-opas.fi<\/a>&nbsp;<\/p>\n\n\n\n<p>Teht\u00e4v\u00e4ss\u00e4 1 &#8211; 3 oli muutamia esimerkkej\u00e4 siit\u00e4, miksi kest\u00e4v\u00e4\u00e4 kehityst\u00e4 tarvitaan. Jatkossa tutustut muun muassa seuraaviin asioihin:&nbsp;<\/p>\n\n\n\n<ul class=\"wp-block-list\"><li>Miten ymp\u00e4rist\u00f6n tila ja kest\u00e4v\u00e4 kehitys huomioidaan yhdess\u00e4?&nbsp;<\/li><li>Kuinka tulevien sukupolvien koulutus ja terveydenhuolto turvataan?&nbsp;<\/li><li>Miten taataan kaikille ihmisarvo ja oikeudenmukaisuus?&nbsp;<\/li><\/ul>\n\n\n<p><!--EndFragment--><\/p>","protected":false},"excerpt":{"rendered":"<p>Orientaatio&nbsp; Teht\u00e4v\u00e4 1. Katso maailman v\u00e4est\u00f6m\u00e4\u00e4r\u00e4 (englanninkielinen sivusto&nbsp;|&nbsp;suomenkielinen sivusto) juuri t\u00e4ll\u00e4 hetkell\u00e4.&nbsp;&nbsp; A) Kuinka paljon maailmassa on ihmisi\u00e4 juuri nyt? B) Min\u00e4 vuonna maailman v\u00e4kiluku ylitt\u00e4\u00e4 10 miljardin rajan? L\u00f6yd\u00e4t vastauksen englanninkielisen sivuston kuvaajasta&nbsp;World&nbsp;Population:&nbsp;Past,&nbsp;Present, and&nbsp;Future.&nbsp; C) Kuinka monta aliravittua ihmist\u00e4 on maailmassa t\u00e4ll\u00e4 hetkell\u00e4?&nbsp; D) Valitse&nbsp;Worldometersin&nbsp;suomenkielisilt\u00e4 sivuilta kaksi &#8221;vastakohtaa&#8221; (esimerkiksi&nbsp;Veden kulutus t\u00e4n\u00e4 vuonna&nbsp;&lt;&#8211;&gt;&nbsp;Ihmisi\u00e4, joilla ei &hellip; <a href=\"https:\/\/blogit.gradia.fi\/keke\/1-kestava-kehitys-teoriassa-ja-kaytannossa\/\" class=\"more-link\">Jatka lukemista <span class=\"screen-reader-text\">1.1 Miksi kest\u00e4v\u00e4\u00e4 kehityst\u00e4 tarvitaan?<\/span> <span class=\"meta-nav\">&rarr;<\/span><\/a><\/p>\n","protected":false},"author":111,"featured_media":0,"parent":0,"menu_order":0,"comment_status":"closed","ping_status":"closed","template":"","meta":{"_uag_custom_page_level_css":"","footnotes":""},"class_list":["post-25","page","type-page","status-publish","hentry"],"yoast_head":"<!-- This site is optimized with the Yoast SEO plugin v27.2 - https:\/\/yoast.com\/product\/yoast-seo-wordpress\/ -->\n<title>1.1 Miksi kest\u00e4v\u00e4\u00e4 kehityst\u00e4 tarvitaan? - Keke<\/title>\n<meta name=\"robots\" content=\"index, follow, max-snippet:-1, max-image-preview:large, max-video-preview:-1\" \/>\n<link rel=\"canonical\" href=\"https:\/\/blogit.gradia.fi\/keke\/1-kestava-kehitys-teoriassa-ja-kaytannossa\/\" \/>\n<meta property=\"og:locale\" content=\"fi_FI\" \/>\n<meta property=\"og:type\" content=\"article\" \/>\n<meta property=\"og:title\" content=\"1.1 Miksi kest\u00e4v\u00e4\u00e4 kehityst\u00e4 tarvitaan? - Keke\" \/>\n<meta property=\"og:description\" content=\"Orientaatio&nbsp; Teht\u00e4v\u00e4 1. Katso maailman v\u00e4est\u00f6m\u00e4\u00e4r\u00e4 (englanninkielinen sivusto&nbsp;|&nbsp;suomenkielinen sivusto) juuri t\u00e4ll\u00e4 hetkell\u00e4.&nbsp;&nbsp; A) Kuinka paljon maailmassa on ihmisi\u00e4 juuri nyt? B) Min\u00e4 vuonna maailman v\u00e4kiluku ylitt\u00e4\u00e4 10 miljardin rajan? L\u00f6yd\u00e4t vastauksen englanninkielisen sivuston kuvaajasta&nbsp;World&nbsp;Population:&nbsp;Past,&nbsp;Present, and&nbsp;Future.&nbsp; C) Kuinka monta aliravittua ihmist\u00e4 on maailmassa t\u00e4ll\u00e4 hetkell\u00e4?&nbsp; D) Valitse&nbsp;Worldometersin&nbsp;suomenkielisilt\u00e4 sivuilta kaksi &#8221;vastakohtaa&#8221; (esimerkiksi&nbsp;Veden kulutus t\u00e4n\u00e4 vuonna&nbsp;&lt;&#8211;&gt;&nbsp;Ihmisi\u00e4, joilla ei &hellip; Jatka lukemista 1.1 Miksi kest\u00e4v\u00e4\u00e4 kehityst\u00e4 tarvitaan? &rarr;\" \/>\n<meta property=\"og:url\" content=\"https:\/\/blogit.gradia.fi\/keke\/1-kestava-kehitys-teoriassa-ja-kaytannossa\/\" \/>\n<meta property=\"og:site_name\" content=\"Keke\" \/>\n<meta property=\"article:modified_time\" content=\"2019-08-11T20:32:22+00:00\" \/>\n<meta name=\"twitter:card\" content=\"summary_large_image\" \/>\n<meta name=\"twitter:label1\" content=\"Arvioitu lukuaika\" \/>\n\t<meta name=\"twitter:data1\" content=\"1 minuutti\" \/>\n<script type=\"application\/ld+json\" class=\"yoast-schema-graph\">{\"@context\":\"https:\/\/schema.org\",\"@graph\":[{\"@type\":\"WebPage\",\"@id\":\"https:\/\/blogit.gradia.fi\/keke\/1-kestava-kehitys-teoriassa-ja-kaytannossa\/\",\"url\":\"https:\/\/blogit.gradia.fi\/keke\/1-kestava-kehitys-teoriassa-ja-kaytannossa\/\",\"name\":\"1.1 Miksi kest\u00e4v\u00e4\u00e4 kehityst\u00e4 tarvitaan? - Keke\",\"isPartOf\":{\"@id\":\"https:\/\/blogit.gradia.fi\/keke\/#website\"},\"datePublished\":\"2019-08-11T20:29:52+00:00\",\"dateModified\":\"2019-08-11T20:32:22+00:00\",\"breadcrumb\":{\"@id\":\"https:\/\/blogit.gradia.fi\/keke\/1-kestava-kehitys-teoriassa-ja-kaytannossa\/#breadcrumb\"},\"inLanguage\":\"fi\",\"potentialAction\":[{\"@type\":\"ReadAction\",\"target\":[\"https:\/\/blogit.gradia.fi\/keke\/1-kestava-kehitys-teoriassa-ja-kaytannossa\/\"]}]},{\"@type\":\"BreadcrumbList\",\"@id\":\"https:\/\/blogit.gradia.fi\/keke\/1-kestava-kehitys-teoriassa-ja-kaytannossa\/#breadcrumb\",\"itemListElement\":[{\"@type\":\"ListItem\",\"position\":1,\"name\":\"Home\",\"item\":\"https:\/\/blogit.gradia.fi\/keke\/\"},{\"@type\":\"ListItem\",\"position\":2,\"name\":\"1.1 Miksi kest\u00e4v\u00e4\u00e4 kehityst\u00e4 tarvitaan?\"}]},{\"@type\":\"WebSite\",\"@id\":\"https:\/\/blogit.gradia.fi\/keke\/#website\",\"url\":\"https:\/\/blogit.gradia.fi\/keke\/\",\"name\":\"Keke\",\"description\":\"Kest\u00e4v\u00e4n kehityksen edist\u00e4minen\",\"potentialAction\":[{\"@type\":\"SearchAction\",\"target\":{\"@type\":\"EntryPoint\",\"urlTemplate\":\"https:\/\/blogit.gradia.fi\/keke\/?s={search_term_string}\"},\"query-input\":{\"@type\":\"PropertyValueSpecification\",\"valueRequired\":true,\"valueName\":\"search_term_string\"}}],\"inLanguage\":\"fi\"}]}<\/script>\n<!-- \/ Yoast SEO plugin. -->","yoast_head_json":{"title":"1.1 Miksi kest\u00e4v\u00e4\u00e4 kehityst\u00e4 tarvitaan? - Keke","robots":{"index":"index","follow":"follow","max-snippet":"max-snippet:-1","max-image-preview":"max-image-preview:large","max-video-preview":"max-video-preview:-1"},"canonical":"https:\/\/blogit.gradia.fi\/keke\/1-kestava-kehitys-teoriassa-ja-kaytannossa\/","og_locale":"fi_FI","og_type":"article","og_title":"1.1 Miksi kest\u00e4v\u00e4\u00e4 kehityst\u00e4 tarvitaan? - Keke","og_description":"Orientaatio&nbsp; Teht\u00e4v\u00e4 1. Katso maailman v\u00e4est\u00f6m\u00e4\u00e4r\u00e4 (englanninkielinen sivusto&nbsp;|&nbsp;suomenkielinen sivusto) juuri t\u00e4ll\u00e4 hetkell\u00e4.&nbsp;&nbsp; A) Kuinka paljon maailmassa on ihmisi\u00e4 juuri nyt? B) Min\u00e4 vuonna maailman v\u00e4kiluku ylitt\u00e4\u00e4 10 miljardin rajan? L\u00f6yd\u00e4t vastauksen englanninkielisen sivuston kuvaajasta&nbsp;World&nbsp;Population:&nbsp;Past,&nbsp;Present, and&nbsp;Future.&nbsp; C) Kuinka monta aliravittua ihmist\u00e4 on maailmassa t\u00e4ll\u00e4 hetkell\u00e4?&nbsp; D) Valitse&nbsp;Worldometersin&nbsp;suomenkielisilt\u00e4 sivuilta kaksi &#8221;vastakohtaa&#8221; (esimerkiksi&nbsp;Veden kulutus t\u00e4n\u00e4 vuonna&nbsp;&lt;&#8211;&gt;&nbsp;Ihmisi\u00e4, joilla ei &hellip; Jatka lukemista 1.1 Miksi kest\u00e4v\u00e4\u00e4 kehityst\u00e4 tarvitaan? &rarr;","og_url":"https:\/\/blogit.gradia.fi\/keke\/1-kestava-kehitys-teoriassa-ja-kaytannossa\/","og_site_name":"Keke","article_modified_time":"2019-08-11T20:32:22+00:00","twitter_card":"summary_large_image","twitter_misc":{"Arvioitu lukuaika":"1 minuutti"},"schema":{"@context":"https:\/\/schema.org","@graph":[{"@type":"WebPage","@id":"https:\/\/blogit.gradia.fi\/keke\/1-kestava-kehitys-teoriassa-ja-kaytannossa\/","url":"https:\/\/blogit.gradia.fi\/keke\/1-kestava-kehitys-teoriassa-ja-kaytannossa\/","name":"1.1 Miksi kest\u00e4v\u00e4\u00e4 kehityst\u00e4 tarvitaan? - Keke","isPartOf":{"@id":"https:\/\/blogit.gradia.fi\/keke\/#website"},"datePublished":"2019-08-11T20:29:52+00:00","dateModified":"2019-08-11T20:32:22+00:00","breadcrumb":{"@id":"https:\/\/blogit.gradia.fi\/keke\/1-kestava-kehitys-teoriassa-ja-kaytannossa\/#breadcrumb"},"inLanguage":"fi","potentialAction":[{"@type":"ReadAction","target":["https:\/\/blogit.gradia.fi\/keke\/1-kestava-kehitys-teoriassa-ja-kaytannossa\/"]}]},{"@type":"BreadcrumbList","@id":"https:\/\/blogit.gradia.fi\/keke\/1-kestava-kehitys-teoriassa-ja-kaytannossa\/#breadcrumb","itemListElement":[{"@type":"ListItem","position":1,"name":"Home","item":"https:\/\/blogit.gradia.fi\/keke\/"},{"@type":"ListItem","position":2,"name":"1.1 Miksi kest\u00e4v\u00e4\u00e4 kehityst\u00e4 tarvitaan?"}]},{"@type":"WebSite","@id":"https:\/\/blogit.gradia.fi\/keke\/#website","url":"https:\/\/blogit.gradia.fi\/keke\/","name":"Keke","description":"Kest\u00e4v\u00e4n kehityksen edist\u00e4minen","potentialAction":[{"@type":"SearchAction","target":{"@type":"EntryPoint","urlTemplate":"https:\/\/blogit.gradia.fi\/keke\/?s={search_term_string}"},"query-input":{"@type":"PropertyValueSpecification","valueRequired":true,"valueName":"search_term_string"}}],"inLanguage":"fi"}]}},"uagb_featured_image_src":{"full":false,"thumbnail":false,"medium":false,"medium_large":false,"large":false,"1536x1536":false,"2048x2048":false,"post-thumbnail":false},"uagb_author_info":{"display_name":"Hannu Tabell","author_link":"https:\/\/blogit.gradia.fi\/keke\/author\/htabell\/"},"uagb_comment_info":0,"uagb_excerpt":"Orientaatio&nbsp; Teht\u00e4v\u00e4 1. Katso maailman v\u00e4est\u00f6m\u00e4\u00e4r\u00e4 (englanninkielinen sivusto&nbsp;|&nbsp;suomenkielinen sivusto) juuri t\u00e4ll\u00e4 hetkell\u00e4.&nbsp;&nbsp; A) Kuinka paljon maailmassa on ihmisi\u00e4 juuri nyt? B) Min\u00e4 vuonna maailman v\u00e4kiluku ylitt\u00e4\u00e4 10 miljardin rajan? L\u00f6yd\u00e4t vastauksen englanninkielisen sivuston kuvaajasta&nbsp;World&nbsp;Population:&nbsp;Past,&nbsp;Present, and&nbsp;Future.&nbsp; C) Kuinka monta aliravittua ihmist\u00e4 on maailmassa t\u00e4ll\u00e4 hetkell\u00e4?&nbsp; D) Valitse&nbsp;Worldometersin&nbsp;suomenkielisilt\u00e4 sivuilta kaksi &#8221;vastakohtaa&#8221; (esimerkiksi&nbsp;Veden kulutus t\u00e4n\u00e4 vuonna&nbsp;&lt;&#8211;&gt;&nbsp;Ihmisi\u00e4, joilla ei&hellip;","_links":{"self":[{"href":"https:\/\/blogit.gradia.fi\/keke\/wp-json\/wp\/v2\/pages\/25","targetHints":{"allow":["GET"]}}],"collection":[{"href":"https:\/\/blogit.gradia.fi\/keke\/wp-json\/wp\/v2\/pages"}],"about":[{"href":"https:\/\/blogit.gradia.fi\/keke\/wp-json\/wp\/v2\/types\/page"}],"author":[{"embeddable":true,"href":"https:\/\/blogit.gradia.fi\/keke\/wp-json\/wp\/v2\/users\/111"}],"replies":[{"embeddable":true,"href":"https:\/\/blogit.gradia.fi\/keke\/wp-json\/wp\/v2\/comments?post=25"}],"version-history":[{"count":3,"href":"https:\/\/blogit.gradia.fi\/keke\/wp-json\/wp\/v2\/pages\/25\/revisions"}],"predecessor-version":[{"id":29,"href":"https:\/\/blogit.gradia.fi\/keke\/wp-json\/wp\/v2\/pages\/25\/revisions\/29"}],"wp:attachment":[{"href":"https:\/\/blogit.gradia.fi\/keke\/wp-json\/wp\/v2\/media?parent=25"}],"curies":[{"name":"wp","href":"https:\/\/api.w.org\/{rel}","templated":true}]}}