{"id":2,"date":"2019-08-08T10:01:35","date_gmt":"2019-08-08T07:01:35","guid":{"rendered":"https:\/\/blogit.gradia.fi\/keke\/?page_id=2"},"modified":"2019-08-11T16:07:14","modified_gmt":"2019-08-11T13:07:14","slug":"esimerkkisivu","status":"publish","type":"page","link":"https:\/\/blogit.gradia.fi\/keke\/esimerkkisivu\/","title":{"rendered":"OPS"},"content":{"rendered":"\n<h4 class=\"wp-block-heading\">Kurssin osaamistavoitteet&nbsp;<\/h4>\n\n\n\n<p>Kurssin suoritettuasi sinun tulisi osata&nbsp;<\/p>\n\n\n\n<ul class=\"wp-block-list\"><li>toimia kest\u00e4v\u00e4n kehityksen periaatteiden mukaisesti,&nbsp;<\/li><li>ottaa huomioon elinkaariajattelun ja kiertotalouden periaatteet,&nbsp;<\/li><li>pohtia ammattiin ja ty\u00f6h\u00f6n liittyvi\u00e4 ratkaisuja eettisist\u00e4 n\u00e4k\u00f6kulmista,&nbsp;<\/li><\/ul>\n\n\n\n<p>Kurssi on jaettu&nbsp;<strong>kolmeen<\/strong>&nbsp;<strong>osaan<\/strong>&nbsp;osaamistavoitteiden mukaisesti.&nbsp;&nbsp;<\/p>\n\n\n\n<p><strong>1 Kest\u00e4v\u00e4 kehitys teoriassa ja k\u00e4yt\u00e4nn\u00f6ss\u00e4\u00a0<\/strong><\/p>\n\n\n\n<p><strong>2 Elinkaariajattelu ja kiertotalous<\/strong>\u00a0<\/p>\n\n\n\n<p><strong>3 Kest\u00e4v\u00e4 kehitys, ammatti ja etiikka<\/strong>\u00a0\u00a0<\/p>\n\n\n\n<p>Jokaisessa osassa on omat teht\u00e4v\u00e4ns\u00e4. Kunkin osan teht\u00e4vien tekemisen j\u00e4lkeen voit siirty\u00e4 eteenp\u00e4in. Kun kaikki teht\u00e4v\u00e4t on suoritettu, kurssi voidaan arvioida. Opettaja voi my\u00f6s tarpeen vaatiessa pit\u00e4\u00e4 kirjallisen kokeen kurssilla tarvittavan osaamisen osoittamiseksi.&nbsp;<\/p>\n\n\n\n<p>Kurssin oppimisymp\u00e4rist\u00f6 ja teht\u00e4vien tekeminen&nbsp;<\/p>\n\n\n\n<p><\/p>\n\n\n\n<p>Tee tiedonhakua itsekin. Aktiivisuudesta ja asian syvent\u00e4v\u00e4st\u00e4 k\u00e4sittelyst\u00e4 palkitaan. Lis\u00e4\u00e4 vastauksiesi yhteyteen k\u00e4ytt\u00e4m\u00e4si ulkopuoliset linkit siten, ett\u00e4 p\u00e4\u00e4sen tarkastelemaan niit\u00e4.&nbsp;<\/p>\n\n\n\n<h4 class=\"wp-block-heading\">Arviointi&nbsp;<\/h4>\n\n\n\n<p>Kaikki teht\u00e4v\u00e4t kuuluvat arvioitaviin teht\u00e4viin. Tekem\u00e4tt\u00e4 j\u00e4\u00e4neet teht\u00e4v\u00e4t laskevat arvosanaa ja voivat est\u00e4\u00e4 kurssin arvioimisen.&nbsp;<\/p>\n\n\n\n<p>Kurssi arvioidaan asteikolla T1 \u2013 K5. Kiitett\u00e4v\u00e4\u00e4n arvosanaan vaadittava suoritus on monipuolinen, kokonaisvaltainen, ja voi sis\u00e4lt\u00e4\u00e4 erilaisia n\u00e4k\u00f6kulmia ja kehitysehdotuksia. Kiitett\u00e4v\u00e4n vastauksen tulee osoittaa opiskelijan t\u00e4ytt\u00e4v\u00e4n kurssin osaamistavoitteet kiitett\u00e4v\u00e4sti. Opettaja antaa kurssin alussa tarkempaa tietoa arvioinnista ja arviointiperusteista. Voit my\u00f6s itse kysy\u00e4 opettajalta arvioinnista milloin vain kurssin aikana.&nbsp;<\/p>\n\n\n\n<p>Kun saat kurssiteht\u00e4v\u00e4t tehty\u00e4, ilmoita opettajalle Wilma-viestill\u00e4.&nbsp;&nbsp;<\/p>\n","protected":false},"excerpt":{"rendered":"<p>Kurssin osaamistavoitteet&nbsp; Kurssin suoritettuasi sinun tulisi osata&nbsp; toimia kest\u00e4v\u00e4n kehityksen periaatteiden mukaisesti,&nbsp; ottaa huomioon elinkaariajattelun ja kiertotalouden periaatteet,&nbsp; pohtia ammattiin ja ty\u00f6h\u00f6n liittyvi\u00e4 ratkaisuja eettisist\u00e4 n\u00e4k\u00f6kulmista,&nbsp; Kurssi on jaettu&nbsp;kolmeen&nbsp;osaan&nbsp;osaamistavoitteiden mukaisesti.&nbsp;&nbsp; 1 Kest\u00e4v\u00e4 kehitys teoriassa ja k\u00e4yt\u00e4nn\u00f6ss\u00e4\u00a0 2 Elinkaariajattelu ja kiertotalous\u00a0 3 Kest\u00e4v\u00e4 kehitys, ammatti ja etiikka\u00a0\u00a0 Jokaisessa osassa on omat teht\u00e4v\u00e4ns\u00e4. Kunkin osan teht\u00e4vien tekemisen &hellip; <a href=\"https:\/\/blogit.gradia.fi\/keke\/esimerkkisivu\/\" class=\"more-link\">Jatka lukemista <span class=\"screen-reader-text\">OPS<\/span> <span class=\"meta-nav\">&rarr;<\/span><\/a><\/p>\n","protected":false},"author":111,"featured_media":0,"parent":0,"menu_order":0,"comment_status":"closed","ping_status":"open","template":"","meta":{"_uag_custom_page_level_css":"","footnotes":""},"class_list":["post-2","page","type-page","status-publish","hentry"],"yoast_head":"<!-- This site is optimized with the Yoast SEO plugin v27.2 - https:\/\/yoast.com\/product\/yoast-seo-wordpress\/ -->\n<title>OPS - Keke<\/title>\n<meta name=\"robots\" content=\"index, follow, max-snippet:-1, max-image-preview:large, max-video-preview:-1\" \/>\n<link rel=\"canonical\" href=\"https:\/\/blogit.gradia.fi\/keke\/esimerkkisivu\/\" \/>\n<meta property=\"og:locale\" content=\"fi_FI\" \/>\n<meta property=\"og:type\" content=\"article\" \/>\n<meta property=\"og:title\" content=\"OPS - Keke\" \/>\n<meta property=\"og:description\" content=\"Kurssin osaamistavoitteet&nbsp; Kurssin suoritettuasi sinun tulisi osata&nbsp; toimia kest\u00e4v\u00e4n kehityksen periaatteiden mukaisesti,&nbsp; ottaa huomioon elinkaariajattelun ja kiertotalouden periaatteet,&nbsp; pohtia ammattiin ja ty\u00f6h\u00f6n liittyvi\u00e4 ratkaisuja eettisist\u00e4 n\u00e4k\u00f6kulmista,&nbsp; Kurssi on jaettu&nbsp;kolmeen&nbsp;osaan&nbsp;osaamistavoitteiden mukaisesti.&nbsp;&nbsp; 1 Kest\u00e4v\u00e4 kehitys teoriassa ja k\u00e4yt\u00e4nn\u00f6ss\u00e4\u00a0 2 Elinkaariajattelu ja kiertotalous\u00a0 3 Kest\u00e4v\u00e4 kehitys, ammatti ja etiikka\u00a0\u00a0 Jokaisessa osassa on omat teht\u00e4v\u00e4ns\u00e4. Kunkin osan teht\u00e4vien tekemisen &hellip; Jatka lukemista OPS &rarr;\" \/>\n<meta property=\"og:url\" content=\"https:\/\/blogit.gradia.fi\/keke\/esimerkkisivu\/\" \/>\n<meta property=\"og:site_name\" content=\"Keke\" \/>\n<meta property=\"article:modified_time\" content=\"2019-08-11T13:07:14+00:00\" \/>\n<meta name=\"twitter:card\" content=\"summary_large_image\" \/>\n<meta name=\"twitter:label1\" content=\"Arvioitu lukuaika\" \/>\n\t<meta name=\"twitter:data1\" content=\"1 minuutti\" \/>\n<script type=\"application\/ld+json\" class=\"yoast-schema-graph\">{\"@context\":\"https:\/\/schema.org\",\"@graph\":[{\"@type\":\"WebPage\",\"@id\":\"https:\/\/blogit.gradia.fi\/keke\/esimerkkisivu\/\",\"url\":\"https:\/\/blogit.gradia.fi\/keke\/esimerkkisivu\/\",\"name\":\"OPS - Keke\",\"isPartOf\":{\"@id\":\"https:\/\/blogit.gradia.fi\/keke\/#website\"},\"datePublished\":\"2019-08-08T07:01:35+00:00\",\"dateModified\":\"2019-08-11T13:07:14+00:00\",\"breadcrumb\":{\"@id\":\"https:\/\/blogit.gradia.fi\/keke\/esimerkkisivu\/#breadcrumb\"},\"inLanguage\":\"fi\",\"potentialAction\":[{\"@type\":\"ReadAction\",\"target\":[\"https:\/\/blogit.gradia.fi\/keke\/esimerkkisivu\/\"]}]},{\"@type\":\"BreadcrumbList\",\"@id\":\"https:\/\/blogit.gradia.fi\/keke\/esimerkkisivu\/#breadcrumb\",\"itemListElement\":[{\"@type\":\"ListItem\",\"position\":1,\"name\":\"Home\",\"item\":\"https:\/\/blogit.gradia.fi\/keke\/\"},{\"@type\":\"ListItem\",\"position\":2,\"name\":\"OPS\"}]},{\"@type\":\"WebSite\",\"@id\":\"https:\/\/blogit.gradia.fi\/keke\/#website\",\"url\":\"https:\/\/blogit.gradia.fi\/keke\/\",\"name\":\"Keke\",\"description\":\"Kest\u00e4v\u00e4n kehityksen edist\u00e4minen\",\"potentialAction\":[{\"@type\":\"SearchAction\",\"target\":{\"@type\":\"EntryPoint\",\"urlTemplate\":\"https:\/\/blogit.gradia.fi\/keke\/?s={search_term_string}\"},\"query-input\":{\"@type\":\"PropertyValueSpecification\",\"valueRequired\":true,\"valueName\":\"search_term_string\"}}],\"inLanguage\":\"fi\"}]}<\/script>\n<!-- \/ Yoast SEO plugin. -->","yoast_head_json":{"title":"OPS - Keke","robots":{"index":"index","follow":"follow","max-snippet":"max-snippet:-1","max-image-preview":"max-image-preview:large","max-video-preview":"max-video-preview:-1"},"canonical":"https:\/\/blogit.gradia.fi\/keke\/esimerkkisivu\/","og_locale":"fi_FI","og_type":"article","og_title":"OPS - Keke","og_description":"Kurssin osaamistavoitteet&nbsp; Kurssin suoritettuasi sinun tulisi osata&nbsp; toimia kest\u00e4v\u00e4n kehityksen periaatteiden mukaisesti,&nbsp; ottaa huomioon elinkaariajattelun ja kiertotalouden periaatteet,&nbsp; pohtia ammattiin ja ty\u00f6h\u00f6n liittyvi\u00e4 ratkaisuja eettisist\u00e4 n\u00e4k\u00f6kulmista,&nbsp; Kurssi on jaettu&nbsp;kolmeen&nbsp;osaan&nbsp;osaamistavoitteiden mukaisesti.&nbsp;&nbsp; 1 Kest\u00e4v\u00e4 kehitys teoriassa ja k\u00e4yt\u00e4nn\u00f6ss\u00e4\u00a0 2 Elinkaariajattelu ja kiertotalous\u00a0 3 Kest\u00e4v\u00e4 kehitys, ammatti ja etiikka\u00a0\u00a0 Jokaisessa osassa on omat teht\u00e4v\u00e4ns\u00e4. Kunkin osan teht\u00e4vien tekemisen &hellip; Jatka lukemista OPS &rarr;","og_url":"https:\/\/blogit.gradia.fi\/keke\/esimerkkisivu\/","og_site_name":"Keke","article_modified_time":"2019-08-11T13:07:14+00:00","twitter_card":"summary_large_image","twitter_misc":{"Arvioitu lukuaika":"1 minuutti"},"schema":{"@context":"https:\/\/schema.org","@graph":[{"@type":"WebPage","@id":"https:\/\/blogit.gradia.fi\/keke\/esimerkkisivu\/","url":"https:\/\/blogit.gradia.fi\/keke\/esimerkkisivu\/","name":"OPS - Keke","isPartOf":{"@id":"https:\/\/blogit.gradia.fi\/keke\/#website"},"datePublished":"2019-08-08T07:01:35+00:00","dateModified":"2019-08-11T13:07:14+00:00","breadcrumb":{"@id":"https:\/\/blogit.gradia.fi\/keke\/esimerkkisivu\/#breadcrumb"},"inLanguage":"fi","potentialAction":[{"@type":"ReadAction","target":["https:\/\/blogit.gradia.fi\/keke\/esimerkkisivu\/"]}]},{"@type":"BreadcrumbList","@id":"https:\/\/blogit.gradia.fi\/keke\/esimerkkisivu\/#breadcrumb","itemListElement":[{"@type":"ListItem","position":1,"name":"Home","item":"https:\/\/blogit.gradia.fi\/keke\/"},{"@type":"ListItem","position":2,"name":"OPS"}]},{"@type":"WebSite","@id":"https:\/\/blogit.gradia.fi\/keke\/#website","url":"https:\/\/blogit.gradia.fi\/keke\/","name":"Keke","description":"Kest\u00e4v\u00e4n kehityksen edist\u00e4minen","potentialAction":[{"@type":"SearchAction","target":{"@type":"EntryPoint","urlTemplate":"https:\/\/blogit.gradia.fi\/keke\/?s={search_term_string}"},"query-input":{"@type":"PropertyValueSpecification","valueRequired":true,"valueName":"search_term_string"}}],"inLanguage":"fi"}]}},"uagb_featured_image_src":{"full":false,"thumbnail":false,"medium":false,"medium_large":false,"large":false,"1536x1536":false,"2048x2048":false,"post-thumbnail":false},"uagb_author_info":{"display_name":"Hannu Tabell","author_link":"https:\/\/blogit.gradia.fi\/keke\/author\/htabell\/"},"uagb_comment_info":0,"uagb_excerpt":"Kurssin osaamistavoitteet&nbsp; Kurssin suoritettuasi sinun tulisi osata&nbsp; toimia kest\u00e4v\u00e4n kehityksen periaatteiden mukaisesti,&nbsp; ottaa huomioon elinkaariajattelun ja kiertotalouden periaatteet,&nbsp; pohtia ammattiin ja ty\u00f6h\u00f6n liittyvi\u00e4 ratkaisuja eettisist\u00e4 n\u00e4k\u00f6kulmista,&nbsp; Kurssi on jaettu&nbsp;kolmeen&nbsp;osaan&nbsp;osaamistavoitteiden mukaisesti.&nbsp;&nbsp; 1 Kest\u00e4v\u00e4 kehitys teoriassa ja k\u00e4yt\u00e4nn\u00f6ss\u00e4\u00a0 2 Elinkaariajattelu ja kiertotalous\u00a0 3 Kest\u00e4v\u00e4 kehitys, ammatti ja etiikka\u00a0\u00a0 Jokaisessa osassa on omat teht\u00e4v\u00e4ns\u00e4. Kunkin osan teht\u00e4vien tekemisen&hellip;","_links":{"self":[{"href":"https:\/\/blogit.gradia.fi\/keke\/wp-json\/wp\/v2\/pages\/2","targetHints":{"allow":["GET"]}}],"collection":[{"href":"https:\/\/blogit.gradia.fi\/keke\/wp-json\/wp\/v2\/pages"}],"about":[{"href":"https:\/\/blogit.gradia.fi\/keke\/wp-json\/wp\/v2\/types\/page"}],"author":[{"embeddable":true,"href":"https:\/\/blogit.gradia.fi\/keke\/wp-json\/wp\/v2\/users\/111"}],"replies":[{"embeddable":true,"href":"https:\/\/blogit.gradia.fi\/keke\/wp-json\/wp\/v2\/comments?post=2"}],"version-history":[{"count":1,"href":"https:\/\/blogit.gradia.fi\/keke\/wp-json\/wp\/v2\/pages\/2\/revisions"}],"predecessor-version":[{"id":9,"href":"https:\/\/blogit.gradia.fi\/keke\/wp-json\/wp\/v2\/pages\/2\/revisions\/9"}],"wp:attachment":[{"href":"https:\/\/blogit.gradia.fi\/keke\/wp-json\/wp\/v2\/media?parent=2"}],"curies":[{"name":"wp","href":"https:\/\/api.w.org\/{rel}","templated":true}]}}