{"id":15,"date":"2019-08-11T23:15:59","date_gmt":"2019-08-11T20:15:59","guid":{"rendered":"https:\/\/blogit.gradia.fi\/keke\/?page_id=15"},"modified":"2019-08-11T23:16:00","modified_gmt":"2019-08-11T20:16:00","slug":"1-2-mita-kestavalla-kehityksella-tarkoitetaan","status":"publish","type":"page","link":"https:\/\/blogit.gradia.fi\/keke\/1-2-mita-kestavalla-kehityksella-tarkoitetaan\/","title":{"rendered":"1.2 Mit\u00e4 kest\u00e4v\u00e4ll\u00e4 kehityksell\u00e4 tarkoitetaan?\u00a0"},"content":{"rendered":"\n<p>L\u00e4hdemateriaalia&nbsp;<\/p>\n\n\n\n<p>Koko teht\u00e4v\u00e4ss\u00e4 hyvi\u00e4 l\u00e4hteit\u00e4 ovat&nbsp;&nbsp;<\/p>\n\n\n\n<ul class=\"wp-block-list\"><li><a href=\"https:\/\/www.fi.undp.org\/content\/finland\/fi_fi\/home.html\" target=\"_blank\" rel=\"noreferrer noopener\">YK:n kehitysohjelma UNDP<\/a>&nbsp;<\/li><li><a href=\"https:\/\/maailma2030.fi\/\" target=\"_blank\" rel=\"noreferrer noopener\">Maailma2030<\/a>&nbsp;<\/li><\/ul>\n\n\n\n<p>Kest\u00e4v\u00e4n kehityksen m\u00e4\u00e4ritelm\u00e4&nbsp;<\/p>\n\n\n\n<p>Kest\u00e4v\u00e4n kehityksen yksi m\u00e4\u00e4ritelm\u00e4 on Norjan entisen p\u00e4\u00e4ministerin&nbsp;<a href=\"https:\/\/kestavakehitys.fi\/kestava-kehitys\/lahestymistapoja\" target=\"_blank\" rel=\"noreferrer noopener\">Gro Harlem Brundtlandin<\/a>&nbsp;sanoin seuraava:&nbsp;<\/p>\n\n\n\n<p><em>&#8221;Kest\u00e4v\u00e4 kehitys on kehityst\u00e4, joka tyydytt\u00e4\u00e4 nykyhetken tarpeet viem\u00e4tt\u00e4 tulevilta sukupolvilta mahdollisuutta tyydytt\u00e4\u00e4 omat tarpeensa.&#8221;<\/em>&nbsp;<\/p>\n\n\n\n<p>Gro Harlem Brundtland, 1987&nbsp;<\/p>\n\n\n\n<p>T\u00e4m\u00e4&nbsp;<a href=\"https:\/\/kestavakehitys.fi\/kestava-kehitys\" target=\"_blank\" rel=\"noreferrer noopener\">n\u00e4kemys<\/a>&nbsp;jakautuu kolmeen alueeseen:&nbsp;<\/p>\n\n\n\n<p>1)&nbsp;<strong><em>E<\/em><\/strong><strong><em>kologinen kest\u00e4vyys:&nbsp;<\/em><\/strong>Luonnonvarojen, luonnon ekosysteemien ja sen monimuotoisuuden pit\u00e4isi kest\u00e4\u00e4 sukupolvelta toiselle.&nbsp;&nbsp;&nbsp;<\/p>\n\n\n\n<p>2)&nbsp;<strong><em>T<\/em><\/strong><strong><em>aloudellinen&nbsp;<\/em><\/strong><strong><em>kest\u00e4vyys<\/em><\/strong>:&nbsp;Yhteiskunnan&nbsp;pit\u00e4isi pysty\u00e4 huolehtimaan taloudellisesti tulevista sukupolvista samoin kuin menneist\u00e4kin. Koulutukseen, terveydenhuoltoon ja toimeentuloon pit\u00e4isi lapsillamme ja heid\u00e4n lapsillaan olla samat mahdollisuudet kuin mit\u00e4 oli isill\u00e4mme ja \u00e4ideill\u00e4mme. Yhteiskunta ei saisi ottaa velkaa, joka j\u00e4\u00e4 tulevien sukupolvien maksettavaksi.&nbsp;&nbsp;<\/p>\n\n\n\n<p>3)&nbsp;<strong><em>Sosiaalinen ja kulttuurinen kest\u00e4vyys<\/em><\/strong>.&nbsp;Ihmisarvosta kiinni pit\u00e4mist\u00e4, tasa-arvoa ja oikeidenmukaisuutta pit\u00e4isi l\u00f6yty\u00e4 tulevaisuudessa v\u00e4hint\u00e4\u00e4n yht\u00e4 paljon kuin nytkin. Syrj\u00e4ytyneiden ihmisten m\u00e4\u00e4r\u00e4 ei saa kasvaa.&nbsp;&nbsp;<\/p>\n\n\n\n<p>Agenda 2030&nbsp;<\/p>\n\n\n\n<p>Kaikki maat YK:ssa ovat sopineet kest\u00e4v\u00e4n kehityksen&nbsp;<strong>uusista tavoitteista<\/strong>, joiden p\u00e4\u00e4m\u00e4\u00e4r\u00e4n\u00e4 on tehd\u00e4 maailmasta parempi paikka vuonna 2030.&nbsp;<\/p>\n\n\n\n<p><strong>Teht\u00e4v\u00e4 1<\/strong>. Katso&nbsp;<a href=\"https:\/\/youtu.be\/OVZcYqJ8nJ4\" target=\"_blank\" rel=\"noreferrer noopener\">Supersankarihommia<\/a>-video.&nbsp;Mitk\u00e4 kolme merkitt\u00e4v\u00e4\u00e4 asiaa saavutettiin aiempien kest\u00e4v\u00e4n kehityksen tavoitteiden avulla (toki paljon muutakin on saavutettu)?&nbsp;<\/p>\n\n\n\n<ul class=\"wp-block-list\"><li>&nbsp;<\/li><li>&nbsp;<\/li><li>&nbsp;<\/li><\/ul>\n\n\n\n<p><strong>Teht\u00e4v\u00e4 2.<\/strong>&nbsp;Tutustu kest\u00e4v\u00e4n kehityksen tavoiteohjelmaan&nbsp;<a href=\"https:\/\/maailma2030.fi\/\" target=\"_blank\" rel=\"noreferrer noopener\">Maailma vuonna 2030<\/a>. Vastaa lyhyesti omin sanoin seuraaviin kysymyksiin.&nbsp;<\/p>\n\n\n\n<p><strong>A<\/strong>) Miksi maailma muuttuu paremmaksi?&nbsp;<\/p>\n\n\n\n<p><strong>B<\/strong>) Miksi kehitysyhteisty\u00f6 luo mahdollisuuksia hyv\u00e4\u00e4n el\u00e4m\u00e4\u00e4n?&nbsp;<\/p>\n\n\n\n<p><strong>C<\/strong>) Miten &#8221;Tasa-arvoa kaikille&#8221; toteutuu?&nbsp;<\/p>\n\n\n\n<p><strong>D<\/strong>) Millainen on toimiva yhteiskunta?&nbsp;<\/p>\n\n\n\n<p><strong>E<\/strong>) Miksi ilmastonmuutos on kehityskysymys?&nbsp;<\/p>\n\n\n\n<p><strong>Teht\u00e4v\u00e4 3<\/strong>. Kest\u00e4v\u00e4n kehityksen uusia tavoitteita on siis 17 kappaletta.&nbsp;&nbsp;<\/p>\n\n\n\n<ul class=\"wp-block-list\"><li>Lue&nbsp;<a href=\"https:\/\/maailma2030.fi\/agenda-2030\/\" target=\"_blank\" rel=\"noreferrer noopener\">tavoitteet<\/a>&nbsp;ja tutustu niiden sis\u00e4lt\u00f6\u00f6n.&nbsp;&nbsp;<\/li><li>Valitse tavoitteista&nbsp;<strong>itsellesi<\/strong>&nbsp;<strong>viisi<\/strong>&nbsp;t\u00e4rkeint\u00e4 ja listaa ne&nbsp;<strong>numeroj\u00e4rjestykseen<\/strong>.&nbsp;&nbsp;<\/li><li>Lis\u00e4\u00e4 valitsemiesi tavoitteiden&nbsp;<a href=\"http:\/\/www.fi.undp.org\/content\/finland\/fi_fi\/home\/presscenter\/articles\/2016\/05\/18\/materiaalipankki\/\" target=\"_blank\" rel=\"noreferrer noopener\">logot<\/a>. Jos edell\u00e4 oleva linkki ei toimi, k\u00e4yt\u00e4 esimerkiksi&nbsp;<a href=\"https:\/\/maailma2030.fi\/agenda-2030\/\" target=\"_blank\" rel=\"noreferrer noopener\">t\u00e4t\u00e4<\/a>.&nbsp;<\/li><li>Muista&nbsp;<strong>p<\/strong><strong>erustella valintasi<\/strong>.&nbsp;<\/li><\/ul>\n\n\n\n<p>1. Tavoite &#8230;&nbsp;<\/p>\n\n\n\n<p>2. Tavoite &#8230;&nbsp;<\/p>\n\n\n\n<p>3. Tavoite &#8230;&nbsp;<\/p>\n\n\n\n<p>4. Tavoite &#8230;&nbsp;<\/p>\n\n\n\n<p>5. Tavoite \u2026&nbsp;<\/p>\n","protected":false},"excerpt":{"rendered":"<p>L\u00e4hdemateriaalia&nbsp; Koko teht\u00e4v\u00e4ss\u00e4 hyvi\u00e4 l\u00e4hteit\u00e4 ovat&nbsp;&nbsp; YK:n kehitysohjelma UNDP&nbsp; Maailma2030&nbsp; Kest\u00e4v\u00e4n kehityksen m\u00e4\u00e4ritelm\u00e4&nbsp; Kest\u00e4v\u00e4n kehityksen yksi m\u00e4\u00e4ritelm\u00e4 on Norjan entisen p\u00e4\u00e4ministerin&nbsp;Gro Harlem Brundtlandin&nbsp;sanoin seuraava:&nbsp; &#8221;Kest\u00e4v\u00e4 kehitys on kehityst\u00e4, joka tyydytt\u00e4\u00e4 nykyhetken tarpeet viem\u00e4tt\u00e4 tulevilta sukupolvilta mahdollisuutta tyydytt\u00e4\u00e4 omat tarpeensa.&#8221;&nbsp; Gro Harlem Brundtland, 1987&nbsp; T\u00e4m\u00e4&nbsp;n\u00e4kemys&nbsp;jakautuu kolmeen alueeseen:&nbsp; 1)&nbsp;Ekologinen kest\u00e4vyys:&nbsp;Luonnonvarojen, luonnon ekosysteemien ja sen monimuotoisuuden pit\u00e4isi kest\u00e4\u00e4 &hellip; <a href=\"https:\/\/blogit.gradia.fi\/keke\/1-2-mita-kestavalla-kehityksella-tarkoitetaan\/\" class=\"more-link\">Jatka lukemista <span class=\"screen-reader-text\">1.2 Mit\u00e4 kest\u00e4v\u00e4ll\u00e4 kehityksell\u00e4 tarkoitetaan?\u00a0<\/span> <span class=\"meta-nav\">&rarr;<\/span><\/a><\/p>\n","protected":false},"author":111,"featured_media":0,"parent":0,"menu_order":0,"comment_status":"closed","ping_status":"closed","template":"","meta":{"_uag_custom_page_level_css":"","footnotes":""},"class_list":["post-15","page","type-page","status-publish","hentry"],"yoast_head":"<!-- This site is optimized with the Yoast SEO plugin v27.2 - https:\/\/yoast.com\/product\/yoast-seo-wordpress\/ -->\n<title>1.2 Mit\u00e4 kest\u00e4v\u00e4ll\u00e4 kehityksell\u00e4 tarkoitetaan?\u00a0 - Keke<\/title>\n<meta name=\"robots\" content=\"index, follow, max-snippet:-1, max-image-preview:large, max-video-preview:-1\" \/>\n<link rel=\"canonical\" href=\"https:\/\/blogit.gradia.fi\/keke\/1-2-mita-kestavalla-kehityksella-tarkoitetaan\/\" \/>\n<meta property=\"og:locale\" content=\"fi_FI\" \/>\n<meta property=\"og:type\" content=\"article\" \/>\n<meta property=\"og:title\" content=\"1.2 Mit\u00e4 kest\u00e4v\u00e4ll\u00e4 kehityksell\u00e4 tarkoitetaan?\u00a0 - Keke\" \/>\n<meta property=\"og:description\" content=\"L\u00e4hdemateriaalia&nbsp; Koko teht\u00e4v\u00e4ss\u00e4 hyvi\u00e4 l\u00e4hteit\u00e4 ovat&nbsp;&nbsp; YK:n kehitysohjelma UNDP&nbsp; Maailma2030&nbsp; Kest\u00e4v\u00e4n kehityksen m\u00e4\u00e4ritelm\u00e4&nbsp; Kest\u00e4v\u00e4n kehityksen yksi m\u00e4\u00e4ritelm\u00e4 on Norjan entisen p\u00e4\u00e4ministerin&nbsp;Gro Harlem Brundtlandin&nbsp;sanoin seuraava:&nbsp; &#8221;Kest\u00e4v\u00e4 kehitys on kehityst\u00e4, joka tyydytt\u00e4\u00e4 nykyhetken tarpeet viem\u00e4tt\u00e4 tulevilta sukupolvilta mahdollisuutta tyydytt\u00e4\u00e4 omat tarpeensa.&#8221;&nbsp; Gro Harlem Brundtland, 1987&nbsp; T\u00e4m\u00e4&nbsp;n\u00e4kemys&nbsp;jakautuu kolmeen alueeseen:&nbsp; 1)&nbsp;Ekologinen kest\u00e4vyys:&nbsp;Luonnonvarojen, luonnon ekosysteemien ja sen monimuotoisuuden pit\u00e4isi kest\u00e4\u00e4 &hellip; Jatka lukemista 1.2 Mit\u00e4 kest\u00e4v\u00e4ll\u00e4 kehityksell\u00e4 tarkoitetaan?\u00a0 &rarr;\" \/>\n<meta property=\"og:url\" content=\"https:\/\/blogit.gradia.fi\/keke\/1-2-mita-kestavalla-kehityksella-tarkoitetaan\/\" \/>\n<meta property=\"og:site_name\" content=\"Keke\" \/>\n<meta property=\"article:modified_time\" content=\"2019-08-11T20:16:00+00:00\" \/>\n<meta name=\"twitter:card\" content=\"summary_large_image\" \/>\n<meta name=\"twitter:label1\" content=\"Arvioitu lukuaika\" \/>\n\t<meta name=\"twitter:data1\" content=\"2 minuuttia\" \/>\n<script type=\"application\/ld+json\" class=\"yoast-schema-graph\">{\"@context\":\"https:\/\/schema.org\",\"@graph\":[{\"@type\":\"WebPage\",\"@id\":\"https:\/\/blogit.gradia.fi\/keke\/1-2-mita-kestavalla-kehityksella-tarkoitetaan\/\",\"url\":\"https:\/\/blogit.gradia.fi\/keke\/1-2-mita-kestavalla-kehityksella-tarkoitetaan\/\",\"name\":\"1.2 Mit\u00e4 kest\u00e4v\u00e4ll\u00e4 kehityksell\u00e4 tarkoitetaan?\u00a0 - Keke\",\"isPartOf\":{\"@id\":\"https:\/\/blogit.gradia.fi\/keke\/#website\"},\"datePublished\":\"2019-08-11T20:15:59+00:00\",\"dateModified\":\"2019-08-11T20:16:00+00:00\",\"breadcrumb\":{\"@id\":\"https:\/\/blogit.gradia.fi\/keke\/1-2-mita-kestavalla-kehityksella-tarkoitetaan\/#breadcrumb\"},\"inLanguage\":\"fi\",\"potentialAction\":[{\"@type\":\"ReadAction\",\"target\":[\"https:\/\/blogit.gradia.fi\/keke\/1-2-mita-kestavalla-kehityksella-tarkoitetaan\/\"]}]},{\"@type\":\"BreadcrumbList\",\"@id\":\"https:\/\/blogit.gradia.fi\/keke\/1-2-mita-kestavalla-kehityksella-tarkoitetaan\/#breadcrumb\",\"itemListElement\":[{\"@type\":\"ListItem\",\"position\":1,\"name\":\"Home\",\"item\":\"https:\/\/blogit.gradia.fi\/keke\/\"},{\"@type\":\"ListItem\",\"position\":2,\"name\":\"1.2 Mit\u00e4 kest\u00e4v\u00e4ll\u00e4 kehityksell\u00e4 tarkoitetaan?\u00a0\"}]},{\"@type\":\"WebSite\",\"@id\":\"https:\/\/blogit.gradia.fi\/keke\/#website\",\"url\":\"https:\/\/blogit.gradia.fi\/keke\/\",\"name\":\"Keke\",\"description\":\"Kest\u00e4v\u00e4n kehityksen edist\u00e4minen\",\"potentialAction\":[{\"@type\":\"SearchAction\",\"target\":{\"@type\":\"EntryPoint\",\"urlTemplate\":\"https:\/\/blogit.gradia.fi\/keke\/?s={search_term_string}\"},\"query-input\":{\"@type\":\"PropertyValueSpecification\",\"valueRequired\":true,\"valueName\":\"search_term_string\"}}],\"inLanguage\":\"fi\"}]}<\/script>\n<!-- \/ Yoast SEO plugin. -->","yoast_head_json":{"title":"1.2 Mit\u00e4 kest\u00e4v\u00e4ll\u00e4 kehityksell\u00e4 tarkoitetaan?\u00a0 - Keke","robots":{"index":"index","follow":"follow","max-snippet":"max-snippet:-1","max-image-preview":"max-image-preview:large","max-video-preview":"max-video-preview:-1"},"canonical":"https:\/\/blogit.gradia.fi\/keke\/1-2-mita-kestavalla-kehityksella-tarkoitetaan\/","og_locale":"fi_FI","og_type":"article","og_title":"1.2 Mit\u00e4 kest\u00e4v\u00e4ll\u00e4 kehityksell\u00e4 tarkoitetaan?\u00a0 - Keke","og_description":"L\u00e4hdemateriaalia&nbsp; Koko teht\u00e4v\u00e4ss\u00e4 hyvi\u00e4 l\u00e4hteit\u00e4 ovat&nbsp;&nbsp; YK:n kehitysohjelma UNDP&nbsp; Maailma2030&nbsp; Kest\u00e4v\u00e4n kehityksen m\u00e4\u00e4ritelm\u00e4&nbsp; Kest\u00e4v\u00e4n kehityksen yksi m\u00e4\u00e4ritelm\u00e4 on Norjan entisen p\u00e4\u00e4ministerin&nbsp;Gro Harlem Brundtlandin&nbsp;sanoin seuraava:&nbsp; &#8221;Kest\u00e4v\u00e4 kehitys on kehityst\u00e4, joka tyydytt\u00e4\u00e4 nykyhetken tarpeet viem\u00e4tt\u00e4 tulevilta sukupolvilta mahdollisuutta tyydytt\u00e4\u00e4 omat tarpeensa.&#8221;&nbsp; Gro Harlem Brundtland, 1987&nbsp; T\u00e4m\u00e4&nbsp;n\u00e4kemys&nbsp;jakautuu kolmeen alueeseen:&nbsp; 1)&nbsp;Ekologinen kest\u00e4vyys:&nbsp;Luonnonvarojen, luonnon ekosysteemien ja sen monimuotoisuuden pit\u00e4isi kest\u00e4\u00e4 &hellip; Jatka lukemista 1.2 Mit\u00e4 kest\u00e4v\u00e4ll\u00e4 kehityksell\u00e4 tarkoitetaan?\u00a0 &rarr;","og_url":"https:\/\/blogit.gradia.fi\/keke\/1-2-mita-kestavalla-kehityksella-tarkoitetaan\/","og_site_name":"Keke","article_modified_time":"2019-08-11T20:16:00+00:00","twitter_card":"summary_large_image","twitter_misc":{"Arvioitu lukuaika":"2 minuuttia"},"schema":{"@context":"https:\/\/schema.org","@graph":[{"@type":"WebPage","@id":"https:\/\/blogit.gradia.fi\/keke\/1-2-mita-kestavalla-kehityksella-tarkoitetaan\/","url":"https:\/\/blogit.gradia.fi\/keke\/1-2-mita-kestavalla-kehityksella-tarkoitetaan\/","name":"1.2 Mit\u00e4 kest\u00e4v\u00e4ll\u00e4 kehityksell\u00e4 tarkoitetaan?\u00a0 - Keke","isPartOf":{"@id":"https:\/\/blogit.gradia.fi\/keke\/#website"},"datePublished":"2019-08-11T20:15:59+00:00","dateModified":"2019-08-11T20:16:00+00:00","breadcrumb":{"@id":"https:\/\/blogit.gradia.fi\/keke\/1-2-mita-kestavalla-kehityksella-tarkoitetaan\/#breadcrumb"},"inLanguage":"fi","potentialAction":[{"@type":"ReadAction","target":["https:\/\/blogit.gradia.fi\/keke\/1-2-mita-kestavalla-kehityksella-tarkoitetaan\/"]}]},{"@type":"BreadcrumbList","@id":"https:\/\/blogit.gradia.fi\/keke\/1-2-mita-kestavalla-kehityksella-tarkoitetaan\/#breadcrumb","itemListElement":[{"@type":"ListItem","position":1,"name":"Home","item":"https:\/\/blogit.gradia.fi\/keke\/"},{"@type":"ListItem","position":2,"name":"1.2 Mit\u00e4 kest\u00e4v\u00e4ll\u00e4 kehityksell\u00e4 tarkoitetaan?\u00a0"}]},{"@type":"WebSite","@id":"https:\/\/blogit.gradia.fi\/keke\/#website","url":"https:\/\/blogit.gradia.fi\/keke\/","name":"Keke","description":"Kest\u00e4v\u00e4n kehityksen edist\u00e4minen","potentialAction":[{"@type":"SearchAction","target":{"@type":"EntryPoint","urlTemplate":"https:\/\/blogit.gradia.fi\/keke\/?s={search_term_string}"},"query-input":{"@type":"PropertyValueSpecification","valueRequired":true,"valueName":"search_term_string"}}],"inLanguage":"fi"}]}},"uagb_featured_image_src":{"full":false,"thumbnail":false,"medium":false,"medium_large":false,"large":false,"1536x1536":false,"2048x2048":false,"post-thumbnail":false},"uagb_author_info":{"display_name":"Hannu Tabell","author_link":"https:\/\/blogit.gradia.fi\/keke\/author\/htabell\/"},"uagb_comment_info":0,"uagb_excerpt":"L\u00e4hdemateriaalia&nbsp; Koko teht\u00e4v\u00e4ss\u00e4 hyvi\u00e4 l\u00e4hteit\u00e4 ovat&nbsp;&nbsp; YK:n kehitysohjelma UNDP&nbsp; Maailma2030&nbsp; Kest\u00e4v\u00e4n kehityksen m\u00e4\u00e4ritelm\u00e4&nbsp; Kest\u00e4v\u00e4n kehityksen yksi m\u00e4\u00e4ritelm\u00e4 on Norjan entisen p\u00e4\u00e4ministerin&nbsp;Gro Harlem Brundtlandin&nbsp;sanoin seuraava:&nbsp; &#8221;Kest\u00e4v\u00e4 kehitys on kehityst\u00e4, joka tyydytt\u00e4\u00e4 nykyhetken tarpeet viem\u00e4tt\u00e4 tulevilta sukupolvilta mahdollisuutta tyydytt\u00e4\u00e4 omat tarpeensa.&#8221;&nbsp; Gro Harlem Brundtland, 1987&nbsp; T\u00e4m\u00e4&nbsp;n\u00e4kemys&nbsp;jakautuu kolmeen alueeseen:&nbsp; 1)&nbsp;Ekologinen kest\u00e4vyys:&nbsp;Luonnonvarojen, luonnon ekosysteemien ja sen monimuotoisuuden pit\u00e4isi kest\u00e4\u00e4&hellip;","_links":{"self":[{"href":"https:\/\/blogit.gradia.fi\/keke\/wp-json\/wp\/v2\/pages\/15","targetHints":{"allow":["GET"]}}],"collection":[{"href":"https:\/\/blogit.gradia.fi\/keke\/wp-json\/wp\/v2\/pages"}],"about":[{"href":"https:\/\/blogit.gradia.fi\/keke\/wp-json\/wp\/v2\/types\/page"}],"author":[{"embeddable":true,"href":"https:\/\/blogit.gradia.fi\/keke\/wp-json\/wp\/v2\/users\/111"}],"replies":[{"embeddable":true,"href":"https:\/\/blogit.gradia.fi\/keke\/wp-json\/wp\/v2\/comments?post=15"}],"version-history":[{"count":1,"href":"https:\/\/blogit.gradia.fi\/keke\/wp-json\/wp\/v2\/pages\/15\/revisions"}],"predecessor-version":[{"id":16,"href":"https:\/\/blogit.gradia.fi\/keke\/wp-json\/wp\/v2\/pages\/15\/revisions\/16"}],"wp:attachment":[{"href":"https:\/\/blogit.gradia.fi\/keke\/wp-json\/wp\/v2\/media?parent=15"}],"curies":[{"name":"wp","href":"https:\/\/api.w.org\/{rel}","templated":true}]}}